{"id":409089,"date":"2020-04-18T19:43:12","date_gmt":"2020-11-08T16:19:23","guid":{"rendered":"https:\/\/buymodafinilonline.com\/smart-drugs\/modatec-200-mg\/"},"modified":"2025-04-29T13:57:50","modified_gmt":"2025-04-29T12:57:50","slug":"modatec-200-mg","status":"publish","type":"product","link":"https:\/\/buymodafinilonline.com\/es\/farmacos-inteligentes\/modatec-200-mg\/","title":{"rendered":"Modatec 200 MG"},"content":{"rendered":"[vc_column width=&#8221;1\/2&#8243;]\n<div class=\"su-divider su-divider-style-default\" style=\"margin:10px 0;border-width:3px;border-color:#ffffff00\"><a href=\"#\" style=\"color:#ffffff009\">.<\/a><\/div>\n<h2>\u00bfQu\u00e9 es Modatec 200 mg?<\/h2>\n<div class=\"su-divider su-divider-style-default\" style=\"margin:10px 0;border-width:3px;border-color:#ffffff00\"><a href=\"#\" style=\"color:#ffffff009\">.<\/a><\/div>\nModafinil, un ingrediente activo de Modatec, fue aprobado por la FDA de los EE. UU. (Administraci\u00f3n de Alimentos y Medicamentos) como tratamiento de la somnolencia incontrolable debido a la narcolepsia, el trastorno del sue\u00f1o por turnos de trabajo (SWSD) y la apnea obstructiva del sue\u00f1o (OSA). Tambi\u00e9n se prescribe para pacientes con trastorno por d\u00e9ficit de atenci\u00f3n con hiperactividad (TDAH), fatiga relacionada con la esclerosis m\u00faltiple, desfase horario, enfermedad de Parkinson, depresi\u00f3n y otras afecciones de salud. Las personas sanas tambi\u00e9n pueden usar Modatec 200 mg como estimulante de la productividad y potenciador cognitivo durante tareas complejas que requieren mayor capacidad mental y vigilia.<\/p>\n<p>Este medicamento act\u00faa eficazmente estimulando varias sustancias qu\u00edmicas del cerebro, que controlan el ciclo de sue\u00f1o-vigilia, incluido un neurotransmisor muy importante: la dopamina (un mensajero qu\u00edmico que las neuronas utilizan para comunicarse). Modatec mejora el efecto de la dopamina aumentando sus concentraciones en el cuerpo. Tambi\u00e9n aumenta la disponibilidad sin\u00e1ptica de neurotransmisores como serotonina, histamina, orexina, adenosina. Al inhibir la recaptaci\u00f3n de dopamina, brinda recompensas en los efectos cognitivos, como una memoria mejorada, estados de \u00e1nimo mejorados, estado de alerta, agudeza mental y otros.<\/p>\n<div class=\"su-divider su-divider-style-default\" style=\"margin:10px 0;border-width:3px;border-color:#ffffff00\"><a href=\"#\" style=\"color:#ffffff009\">.<\/a><\/div>\n<h2><strong>Dosificaci\u00f3n segura y uso adecuado<\/strong><\/h2>\n<div class=\"su-divider su-divider-style-default\" style=\"margin:10px 0;border-width:3px;border-color:#ffffff00\"><a href=\"#\" style=\"color:#ffffff009\">.<\/a><\/div>\nEl modafinilo es seguro y bien tolerado en personas sanas: es la &#8220;primera droga inteligente segura del mundo&#8221;. Sin embargo, antes de tomar cualquier nootr\u00f3pico que contenga este ingrediente activo y mientras est\u00e9 bajo medicaci\u00f3n, la seguridad debe ser \u00fatil. La concentraci\u00f3n recomendada de la dosis de Modatec es de 200 mg. Deje que su m\u00e9dico eval\u00fae su salud para determinar si este medicamento es mejor para usted, seg\u00fan el resultado de su condici\u00f3n de salud.<\/p>\n<p>La dosis debe tomarse de acuerdo con la prescripci\u00f3n. Si el prop\u00f3sito de la administraci\u00f3n es tratar la narcolepsia o la AOS, se debe tomar una tableta una vez al d\u00eda por la ma\u00f1ana. Para SWSD, consuma una dosis aproximadamente una hora antes del turno de trabajo. Si planea tomar este medicamento fuera de la etiqueta, consulte con un especialista m\u00e9dico para que le d\u00e9 la receta correcta. Es posible que sea necesario ajustar la dosis dependiendo de su salud, es decir, si le diagnostican insuficiencia hep\u00e1tica grave, Modatec 200 mg debe reducirse a la mitad. No tome m\u00e1s de 1 tableta por d\u00eda (una sobredosis) ya que esto puede contribuir a problemas de salud graves.<\/p>\n<div class=\"su-divider su-divider-style-default\" style=\"margin:10px 0;border-width:3px;border-color:#ffffff00\"><a href=\"#\" style=\"color:#ffffff009\">.<\/a><\/div>\n<h2><strong>Posibles efectos secundarios<\/strong><\/h2>\n<div class=\"su-divider su-divider-style-default\" style=\"margin:10px 0;border-width:3px;border-color:#ffffff00\"><a href=\"#\" style=\"color:#ffffff009\">.<\/a><\/div>\nTomar este medicamento de manera adecuada con un cuerpo sano no causa efectos secundarios; sin embargo, no se pueden excluir por completo. Se recomienda consultar con un m\u00e9dico para evaluar su salud en busca de una posible afecci\u00f3n m\u00e9dica que pueda desencadenar algunos efectos secundarios graves.<\/p>\n<p>Los posibles efectos negativos comunes relacionados con el uso de Modatec 200 mg pueden incluir:<\/p>\n<div class=\"su-divider su-divider-style-default\" style=\"margin:10px 0;border-width:3px;border-color:#ffffff00\"><a href=\"#\" style=\"color:#ffffff009\">.<\/a><\/div>\n<ul>\n<li>dolor de cabeza, mareos;<\/li>\n<li>insomnio;<\/li>\n<li>sentirse nervioso o ansioso;<\/li>\n<li>n\u00e1useas, malestar estomacal, diarrea;<\/li>\n<li>congesti\u00f3n nasal.<\/li>\n<\/ul>\n<div class=\"su-divider su-divider-style-default\" style=\"margin:10px 0;border-width:3px;border-color:#ffffff00\"><a href=\"#\" style=\"color:#ffffff009\">.<\/a><\/div>\n[\/vc_column][vc_column width=&#8221;1\/2&#8243;]\n<div class=\"su-divider su-divider-style-default\" style=\"margin:10px 0;border-width:3px;border-color:#ffffff00\"><a href=\"#\" style=\"color:#ffffff009\">.<\/a><\/div>\n<p>Los efectos negativos raros pero m\u00e1s graves incluyen:<br \/>\n<div class=\"su-divider su-divider-style-default\" style=\"margin:10px 0;border-width:3px;border-color:#ffffff00\"><a href=\"#\" style=\"color:#ffffff009\">.<\/a><\/div>\n<ul>\n<li>hipersensibilidad;<\/li>\n<li>fiebre y escalofr\u00edos;<\/li>\n<li>dolor en el pecho;<\/li>\n<li>confusi\u00f3n;<\/li>\n<li>cansancio y debilidad inusuales;<\/li>\n<li>S\u00edndrome de Stevens-Johnson y otros.<\/li>\n<\/ul>\n<div class=\"su-divider su-divider-style-default\" style=\"margin:10px 0;border-width:3px;border-color:#ffffff00\"><a href=\"#\" style=\"color:#ffffff009\">.<\/a><\/div>\nEsta no es una lista completa de posibles efectos negativos. Tambi\u00e9n se recomienda no conducir ni hacer nada que requiera concentraci\u00f3n y atenci\u00f3n mental hasta que sepa c\u00f3mo este medicamento afecta su sistema. Si alguno de los efectos negativos ocurre y persiste, consulte a un m\u00e9dico para obtener ayuda.<\/p>\n<div class=\"su-divider su-divider-style-default\" style=\"margin:10px 0;border-width:3px;border-color:#ffffff00\"><a href=\"#\" style=\"color:#ffffff009\">.<\/a><\/div>\n<h2><strong>Contraindicaciones y precauciones<\/strong><\/h2>\n<div class=\"su-divider su-divider-style-default\" style=\"margin:10px 0;border-width:3px;border-color:#ffffff00\"><a href=\"#\" style=\"color:#ffffff009\">.<\/a><\/div>\nModatec es seguro si se toma sin mezclarlo con otros medicamentos. Se recomienda proporcionar una lista completa de medicamentos (recetados \/ sin receta) o remedios herbales que est\u00e1 usando a un especialista m\u00e9dico para que los eval\u00fae. Adem\u00e1s, informe a un m\u00e9dico sobre sus condiciones de salud, incluida la insuficiencia renal o hep\u00e1tica, enfermedades card\u00edacas o antecedentes de convulsiones antes de tomar Modatec o cualquier otro nootr\u00f3pico.<\/p>\n<p>No se recomienda el uso de este medicamento en pacientes con alergia conocida a los medicamentos nootr\u00f3picos. Las mujeres embarazadas o las madres que amamantan no deben usar ning\u00fan &#8220;medicamento inteligente&#8221;. Si es necesario, un especialista m\u00e9dico debe analizar los posibles riesgos y beneficios antes de tomar este medicamento a base de modafinilo.<\/p>\n<div class=\"su-divider su-divider-style-default\" style=\"margin:10px 0;border-width:3px;border-color:#ffffff00\"><a href=\"#\" style=\"color:#ffffff009\">.<\/a><\/div>\n<p>Modatec interact\u00faa con otros medicamentos que incluyen:<\/p>\n<ul>\n<li>Inhibidores de MAO;<\/li>\n<li>Sustratos CYP3A4 \/ 5 y CYP2C19;<\/li>\n<li>anticoagulantes como warfarina;<\/li>\n<li>medicamentos anticonceptivos;<\/li>\n<li>Estimulantes del SNC y otros.<\/li>\n<\/ul>\n<div class=\"su-divider su-divider-style-default\" style=\"margin:10px 0;border-width:3px;border-color:#ffffff00\"><a href=\"#\" style=\"color:#ffffff009\">.<\/a><\/div>\nEste nootr\u00f3pico funciona bien con la mayor\u00eda de los alimentos, pero las comidas grasas pueden retrasar su inicio de acci\u00f3n. No se recomienda mezclarlo con alcohol. Puede aumentar el riesgo de somnolencia, mareos y deterioro del juicio, entre otros efectos negativos sin precedentes.<\/p>\n<div class=\"su-divider su-divider-style-default\" style=\"margin:10px 0;border-width:3px;border-color:#ffffff00\"><a href=\"#\" style=\"color:#ffffff009\">.<\/a><\/div>\n<h2><strong>Compre Modatec Gen\u00e9rico 200 mg (Modafinil) en l\u00ednea<\/strong><\/h2>\n<div class=\"su-divider su-divider-style-default\" style=\"margin:10px 0;border-width:3px;border-color:#ffffff00\"><a href=\"#\" style=\"color:#ffffff009\">.<\/a><\/div>\nBuyModafinilOnline es el mejor proveedor de nootr\u00f3picos en l\u00ednea que pone la salud del paciente como una prioridad al obtener medicamentos de calidad de compa\u00f1\u00edas farmac\u00e9uticas aprobadas. En el mejor de los casos, ofrecemos productos de venta libre &#8220;<a href=\"https:\/\/buymodafinilonline.com\/smart-drugs-brands\/\"> drogas inteligentes<\/a> &#8220;(<a href=\"https:\/\/buymodafinilonline.com\/es\/farmacos-inteligentes\/modatec-200-mg\/\"> Modatec<\/a> ,<a href=\"https:\/\/buymodafinilonline.com\/es\/farmacos-inteligentes\/modapro-200mg\/\"> Modapro<\/a> ,<a href=\"https:\/\/buymodafinilonline.com\/es\/farmacos-inteligentes\/provake-200-mg\/\"> Provake<\/a> ,<a href=\"https:\/\/buymodafinilonline.com\/es\/farmacos-inteligentes\/modfil-200-mg\/\"> Modfil<\/a> , etc.) al costo de fabricaci\u00f3n. Tambi\u00e9n tenemos<a href=\"https:\/\/buymodafinilonline.com\/free-trial\/\"> muestras de prueba gratis<\/a> de nuestros bestsellers de modafinilo y armodafinilo.<\/p>\n<p>Ahorre m\u00e1s dinero en nuestra farmacia electr\u00f3nica utilizando cupones, ofertas y descuentos. Aceptamos diversos m\u00e9todos de pago seguros, como las principales tarjetas de cr\u00e9dito, AmEx, Zelle, PayPal, cheque electr\u00f3nico, <a href=\"https:\/\/buymodafinilonline.com\/es\/paga-con-bitcoin\/\">Bitcoin<\/a> (con un descuento del 23%) y otras criptomonedas.<\/p>\n<p>Nuestro env\u00edo de paquetes es ultrarr\u00e1pido y ofrecemos<a href=\"https:\/\/buymodafinilonline.com\/refund-reshipment\/\"> reenv\u00edo gratuito o reembolso del 100%<\/a> en caso de entrega fallida. El env\u00edo gratuito existe en pedidos superiores a $ 80 enviados a trav\u00e9s de correo a\u00e9reo registrado (una opci\u00f3n de env\u00edo est\u00e1ndar) y en pedidos superiores a $ 150 a trav\u00e9s del servicio de correo urgente (EMS). \u00a1Cuantas m\u00e1s tabletas pida, menor ser\u00e1 el costo!<\/p>\n<div class=\"su-divider su-divider-style-default\" style=\"margin:10px 0;border-width:3px;border-color:#ffffff00\"><a href=\"#\" style=\"color:#ffffff009\">.<\/a><\/div>\n[\/vc_column]\n<div class=\"su-divider su-divider-style-default\" style=\"margin:10px 0;border-width:3px;border-color:#ffffff00\"><a href=\"#\" style=\"color:#ffffff009\">.<\/a><\/div>\n","protected":false},"excerpt":{"rendered":"<p>Modatec 200 mg es fabricado por Cipla Ltd. Contiene modafinilo como ingrediente activo. Es un agente promotor de la vigilia recetado a pacientes con somnolencia extrema durante el d\u00eda debido a ciertos trastornos del sue\u00f1o. Modatec ayuda a mantenerse despierto durante las horas de trabajo cuando no hay un horario para dormir programado. Tambi\u00e9n funciona como potenciador cognitivo y de productividad. Obtenga este medicamento en nuestra farmacia electr\u00f3nica al costo de fabricaci\u00f3n o solicite muestras de prueba gratuitas de los m\u00e1s vendidos de modafinilo y armodafinilo.<\/p>\n[sc name=\"s1\"]\n","protected":false},"featured_media":398185,"comment_status":"open","ping_status":"closed","template":"","meta":{"_acf_changed":false},"product_brand":[],"product_cat":[3788],"product_tag":[4001],"class_list":{"0":"post-409089","1":"product","2":"type-product","3":"status-publish","4":"has-post-thumbnail","6":"product_cat-marcas-de-drogas-inteligentes","7":"product_tag-modafinilo","9":"first","10":"instock","11":"sale","12":"shipping-taxable","13":"purchasable","14":"product-type-variable","15":"has-default-attributes"},"acf":[],"yoast_head":"<!-- This site is optimized with the Yoast SEO Premium plugin v23.6 (Yoast SEO v27.3) - https:\/\/yoast.com\/product\/yoast-seo-premium-wordpress\/ -->\n<title>Compre Modatec 200 mg (Modafinil) tabletas de venta libre - BuyModafinilOnline<\/title>\n<meta name=\"description\" content=\"Modatec 200 mg medicamentos baratos en l\u00ednea del fabricante Cipla. Compre Modatec 200 mg (modafinil) OTC en la farmacia BuyModafinilOnline. \u00a1Pague con tarjeta de cr\u00e9dito, PayPal o Bitcoin y obtenga grandes descuentos!\" \/>\n<meta name=\"robots\" content=\"index, follow, max-snippet:-1, max-image-preview:large, max-video-preview:-1\" \/>\n<link rel=\"canonical\" href=\"https:\/\/buymodafinilonline.com\/es\/farmacos-inteligentes\/modatec-200-mg\/\" \/>\n<meta property=\"og:locale\" content=\"es_ES\" \/>\n<meta property=\"og:type\" content=\"article\" \/>\n<meta property=\"og:title\" content=\"Modatec 200 MG\" \/>\n<meta property=\"og:description\" content=\"Modatec 200 mg medicamentos baratos en l\u00ednea del fabricante Cipla. Compre Modatec 200 mg (modafinil) OTC en la farmacia BuyModafinilOnline. \u00a1Pague con tarjeta de cr\u00e9dito, PayPal o Bitcoin y obtenga grandes descuentos!\" \/>\n<meta property=\"og:url\" content=\"https:\/\/buymodafinilonline.com\/es\/farmacos-inteligentes\/modatec-200-mg\/\" \/>\n<meta property=\"og:site_name\" content=\"BuyModafinilOnline.com\" \/>\n<meta property=\"article:modified_time\" content=\"2025-04-29T12:57:50+00:00\" \/>\n<meta property=\"og:image\" content=\"https:\/\/buymodafinilonline.com\/wp-content\/uploads\/2020\/04\/bmo-product-modatec-200-mg.png\" \/>\n\t<meta property=\"og:image:width\" content=\"1280\" \/>\n\t<meta property=\"og:image:height\" content=\"1500\" \/>\n\t<meta property=\"og:image:type\" content=\"image\/png\" \/>\n<meta name=\"twitter:label1\" content=\"Tiempo de lectura\" \/>\n\t<meta name=\"twitter:data1\" content=\"5 minutos\" \/>\n<script type=\"application\/ld+json\" class=\"yoast-schema-graph\">{\"@context\":\"https:\\\/\\\/schema.org\",\"@graph\":[{\"@type\":\"WebPage\",\"@id\":\"https:\\\/\\\/buymodafinilonline.com\\\/es\\\/farmacos-inteligentes\\\/modatec-200-mg\\\/\",\"url\":\"https:\\\/\\\/buymodafinilonline.com\\\/es\\\/farmacos-inteligentes\\\/modatec-200-mg\\\/\",\"name\":\"Compre Modatec 200 mg (Modafinil) tabletas de venta libre - BuyModafinilOnline\",\"isPartOf\":{\"@id\":\"https:\\\/\\\/buymodafinilonline.com\\\/es\\\/#website\"},\"primaryImageOfPage\":{\"@id\":\"https:\\\/\\\/buymodafinilonline.com\\\/es\\\/farmacos-inteligentes\\\/modatec-200-mg\\\/#primaryimage\"},\"image\":{\"@id\":\"https:\\\/\\\/buymodafinilonline.com\\\/es\\\/farmacos-inteligentes\\\/modatec-200-mg\\\/#primaryimage\"},\"thumbnailUrl\":\"https:\\\/\\\/buymodafinilonline.com\\\/wp-content\\\/uploads\\\/2020\\\/04\\\/bmo-product-modatec-200-mg.png\",\"datePublished\":\"2020-11-08T16:19:23+00:00\",\"dateModified\":\"2025-04-29T12:57:50+00:00\",\"description\":\"Modatec 200 mg medicamentos baratos en l\u00ednea del fabricante Cipla. Compre Modatec 200 mg (modafinil) OTC en la farmacia BuyModafinilOnline. \u00a1Pague con tarjeta de cr\u00e9dito, PayPal o Bitcoin y obtenga grandes descuentos!\",\"breadcrumb\":{\"@id\":\"https:\\\/\\\/buymodafinilonline.com\\\/es\\\/farmacos-inteligentes\\\/modatec-200-mg\\\/#breadcrumb\"},\"inLanguage\":\"es\",\"potentialAction\":[{\"@type\":\"ReadAction\",\"target\":[\"https:\\\/\\\/buymodafinilonline.com\\\/es\\\/farmacos-inteligentes\\\/modatec-200-mg\\\/\"]}]},{\"@type\":\"ImageObject\",\"inLanguage\":\"es\",\"@id\":\"https:\\\/\\\/buymodafinilonline.com\\\/es\\\/farmacos-inteligentes\\\/modatec-200-mg\\\/#primaryimage\",\"url\":\"https:\\\/\\\/buymodafinilonline.com\\\/wp-content\\\/uploads\\\/2020\\\/04\\\/bmo-product-modatec-200-mg.png\",\"contentUrl\":\"https:\\\/\\\/buymodafinilonline.com\\\/wp-content\\\/uploads\\\/2020\\\/04\\\/bmo-product-modatec-200-mg.png\",\"width\":1280,\"height\":1500,\"caption\":\"Modatec 200 mg\"},{\"@type\":\"BreadcrumbList\",\"@id\":\"https:\\\/\\\/buymodafinilonline.com\\\/es\\\/farmacos-inteligentes\\\/modatec-200-mg\\\/#breadcrumb\",\"itemListElement\":[{\"@type\":\"ListItem\",\"position\":1,\"name\":\"Buy Modafinil Online\",\"item\":\"https:\\\/\\\/buymodafinilonline.com\\\/es\\\/\"},{\"@type\":\"ListItem\",\"position\":2,\"name\":\"Tienda\",\"item\":\"https:\\\/\\\/buymodafinilonline.com\\\/es\\\/tienda\\\/\"},{\"@type\":\"ListItem\",\"position\":3,\"name\":\"Marcas de drogas inteligentes\",\"item\":\"https:\\\/\\\/buymodafinilonline.com\\\/es\\\/categoria-de-productos\\\/marcas-de-drogas-inteligentes\\\/\"},{\"@type\":\"ListItem\",\"position\":4,\"name\":\"Modatec 200 MG\"}]},{\"@type\":\"WebSite\",\"@id\":\"https:\\\/\\\/buymodafinilonline.com\\\/es\\\/#website\",\"url\":\"https:\\\/\\\/buymodafinilonline.com\\\/es\\\/\",\"name\":\"BuyModafinilOnline.com\",\"description\":\"Modafinil Online Pharmacy\",\"publisher\":{\"@id\":\"https:\\\/\\\/buymodafinilonline.com\\\/es\\\/#organization\"},\"potentialAction\":[{\"@type\":\"SearchAction\",\"target\":{\"@type\":\"EntryPoint\",\"urlTemplate\":\"https:\\\/\\\/buymodafinilonline.com\\\/es\\\/?s={search_term_string}\"},\"query-input\":{\"@type\":\"PropertyValueSpecification\",\"valueRequired\":true,\"valueName\":\"search_term_string\"}}],\"inLanguage\":\"es\"},{\"@type\":\"Organization\",\"@id\":\"https:\\\/\\\/buymodafinilonline.com\\\/es\\\/#organization\",\"name\":\"BuyModafinilOnline\",\"url\":\"https:\\\/\\\/buymodafinilonline.com\\\/es\\\/\",\"logo\":{\"@type\":\"ImageObject\",\"inLanguage\":\"es\",\"@id\":\"https:\\\/\\\/buymodafinilonline.com\\\/es\\\/#\\\/schema\\\/logo\\\/image\\\/\",\"url\":\"https:\\\/\\\/buymodafinilonline.com\\\/wp-content\\\/uploads\\\/2020\\\/04\\\/logo-buy-modafinil-online-yellow.png\",\"contentUrl\":\"https:\\\/\\\/buymodafinilonline.com\\\/wp-content\\\/uploads\\\/2020\\\/04\\\/logo-buy-modafinil-online-yellow.png\",\"width\":200,\"height\":200,\"caption\":\"BuyModafinilOnline\"},\"image\":{\"@id\":\"https:\\\/\\\/buymodafinilonline.com\\\/es\\\/#\\\/schema\\\/logo\\\/image\\\/\"}}]}<\/script>\n<!-- \/ Yoast SEO Premium plugin. -->","yoast_head_json":{"title":"Compre Modatec 200 mg (Modafinil) tabletas de venta libre - BuyModafinilOnline","description":"Modatec 200 mg medicamentos baratos en l\u00ednea del fabricante Cipla. Compre Modatec 200 mg (modafinil) OTC en la farmacia BuyModafinilOnline. \u00a1Pague con tarjeta de cr\u00e9dito, PayPal o Bitcoin y obtenga grandes descuentos!","robots":{"index":"index","follow":"follow","max-snippet":"max-snippet:-1","max-image-preview":"max-image-preview:large","max-video-preview":"max-video-preview:-1"},"canonical":"https:\/\/buymodafinilonline.com\/es\/farmacos-inteligentes\/modatec-200-mg\/","og_locale":"es_ES","og_type":"article","og_title":"Modatec 200 MG","og_description":"Modatec 200 mg medicamentos baratos en l\u00ednea del fabricante Cipla. Compre Modatec 200 mg (modafinil) OTC en la farmacia BuyModafinilOnline. \u00a1Pague con tarjeta de cr\u00e9dito, PayPal o Bitcoin y obtenga grandes descuentos!","og_url":"https:\/\/buymodafinilonline.com\/es\/farmacos-inteligentes\/modatec-200-mg\/","og_site_name":"BuyModafinilOnline.com","article_modified_time":"2025-04-29T12:57:50+00:00","og_image":[{"width":1280,"height":1500,"url":"https:\/\/buymodafinilonline.com\/wp-content\/uploads\/2020\/04\/bmo-product-modatec-200-mg.png","type":"image\/png"}],"twitter_misc":{"Tiempo de lectura":"5 minutos"},"schema":{"@context":"https:\/\/schema.org","@graph":[{"@type":"WebPage","@id":"https:\/\/buymodafinilonline.com\/es\/farmacos-inteligentes\/modatec-200-mg\/","url":"https:\/\/buymodafinilonline.com\/es\/farmacos-inteligentes\/modatec-200-mg\/","name":"Compre Modatec 200 mg (Modafinil) tabletas de venta libre - BuyModafinilOnline","isPartOf":{"@id":"https:\/\/buymodafinilonline.com\/es\/#website"},"primaryImageOfPage":{"@id":"https:\/\/buymodafinilonline.com\/es\/farmacos-inteligentes\/modatec-200-mg\/#primaryimage"},"image":{"@id":"https:\/\/buymodafinilonline.com\/es\/farmacos-inteligentes\/modatec-200-mg\/#primaryimage"},"thumbnailUrl":"https:\/\/buymodafinilonline.com\/wp-content\/uploads\/2020\/04\/bmo-product-modatec-200-mg.png","datePublished":"2020-11-08T16:19:23+00:00","dateModified":"2025-04-29T12:57:50+00:00","description":"Modatec 200 mg medicamentos baratos en l\u00ednea del fabricante Cipla. Compre Modatec 200 mg (modafinil) OTC en la farmacia BuyModafinilOnline. \u00a1Pague con tarjeta de cr\u00e9dito, PayPal o Bitcoin y obtenga grandes descuentos!","breadcrumb":{"@id":"https:\/\/buymodafinilonline.com\/es\/farmacos-inteligentes\/modatec-200-mg\/#breadcrumb"},"inLanguage":"es","potentialAction":[{"@type":"ReadAction","target":["https:\/\/buymodafinilonline.com\/es\/farmacos-inteligentes\/modatec-200-mg\/"]}]},{"@type":"ImageObject","inLanguage":"es","@id":"https:\/\/buymodafinilonline.com\/es\/farmacos-inteligentes\/modatec-200-mg\/#primaryimage","url":"https:\/\/buymodafinilonline.com\/wp-content\/uploads\/2020\/04\/bmo-product-modatec-200-mg.png","contentUrl":"https:\/\/buymodafinilonline.com\/wp-content\/uploads\/2020\/04\/bmo-product-modatec-200-mg.png","width":1280,"height":1500,"caption":"Modatec 200 mg"},{"@type":"BreadcrumbList","@id":"https:\/\/buymodafinilonline.com\/es\/farmacos-inteligentes\/modatec-200-mg\/#breadcrumb","itemListElement":[{"@type":"ListItem","position":1,"name":"Buy Modafinil Online","item":"https:\/\/buymodafinilonline.com\/es\/"},{"@type":"ListItem","position":2,"name":"Tienda","item":"https:\/\/buymodafinilonline.com\/es\/tienda\/"},{"@type":"ListItem","position":3,"name":"Marcas de drogas inteligentes","item":"https:\/\/buymodafinilonline.com\/es\/categoria-de-productos\/marcas-de-drogas-inteligentes\/"},{"@type":"ListItem","position":4,"name":"Modatec 200 MG"}]},{"@type":"WebSite","@id":"https:\/\/buymodafinilonline.com\/es\/#website","url":"https:\/\/buymodafinilonline.com\/es\/","name":"BuyModafinilOnline.com","description":"Modafinil Online Pharmacy","publisher":{"@id":"https:\/\/buymodafinilonline.com\/es\/#organization"},"potentialAction":[{"@type":"SearchAction","target":{"@type":"EntryPoint","urlTemplate":"https:\/\/buymodafinilonline.com\/es\/?s={search_term_string}"},"query-input":{"@type":"PropertyValueSpecification","valueRequired":true,"valueName":"search_term_string"}}],"inLanguage":"es"},{"@type":"Organization","@id":"https:\/\/buymodafinilonline.com\/es\/#organization","name":"BuyModafinilOnline","url":"https:\/\/buymodafinilonline.com\/es\/","logo":{"@type":"ImageObject","inLanguage":"es","@id":"https:\/\/buymodafinilonline.com\/es\/#\/schema\/logo\/image\/","url":"https:\/\/buymodafinilonline.com\/wp-content\/uploads\/2020\/04\/logo-buy-modafinil-online-yellow.png","contentUrl":"https:\/\/buymodafinilonline.com\/wp-content\/uploads\/2020\/04\/logo-buy-modafinil-online-yellow.png","width":200,"height":200,"caption":"BuyModafinilOnline"},"image":{"@id":"https:\/\/buymodafinilonline.com\/es\/#\/schema\/logo\/image\/"}}]}},"_links":{"self":[{"href":"https:\/\/buymodafinilonline.com\/es\/wp-json\/wp\/v2\/product\/409089","targetHints":{"allow":["GET"]}}],"collection":[{"href":"https:\/\/buymodafinilonline.com\/es\/wp-json\/wp\/v2\/product"}],"about":[{"href":"https:\/\/buymodafinilonline.com\/es\/wp-json\/wp\/v2\/types\/product"}],"replies":[{"embeddable":true,"href":"https:\/\/buymodafinilonline.com\/es\/wp-json\/wp\/v2\/comments?post=409089"}],"wp:featuredmedia":[{"embeddable":true,"href":"https:\/\/buymodafinilonline.com\/es\/wp-json\/wp\/v2\/media\/398185"}],"wp:attachment":[{"href":"https:\/\/buymodafinilonline.com\/es\/wp-json\/wp\/v2\/media?parent=409089"}],"wp:term":[{"taxonomy":"product_brand","embeddable":true,"href":"https:\/\/buymodafinilonline.com\/es\/wp-json\/wp\/v2\/product_brand?post=409089"},{"taxonomy":"product_cat","embeddable":true,"href":"https:\/\/buymodafinilonline.com\/es\/wp-json\/wp\/v2\/product_cat?post=409089"},{"taxonomy":"product_tag","embeddable":true,"href":"https:\/\/buymodafinilonline.com\/es\/wp-json\/wp\/v2\/product_tag?post=409089"}],"curies":[{"name":"wp","href":"https:\/\/api.w.org\/{rel}","templated":true}]}}