{"id":409188,"date":"2020-04-18T19:44:43","date_gmt":"2020-11-08T16:20:09","guid":{"rendered":"https:\/\/buymodafinilonline.com\/smart-drugs\/provake-200-mg\/"},"modified":"2025-04-29T14:00:26","modified_gmt":"2025-04-29T13:00:26","slug":"provake-200-mg","status":"publish","type":"product","link":"https:\/\/buymodafinilonline.com\/es\/farmacos-inteligentes\/provake-200-mg\/","title":{"rendered":"Provake 200 mg"},"content":{"rendered":"[vc_column width=&#8221;1\/2&#8243;]\n<div class=\"su-divider su-divider-style-default\" style=\"margin:10px 0;border-width:3px;border-color:#ffffff00\"><a href=\"#\" style=\"color:#ffffff009\">.<\/a><\/div>\n<h2>\u00bfQu\u00e9 es Provake 200 mg?<\/h2>\n<div class=\"su-divider su-divider-style-default\" style=\"margin:10px 0;border-width:3px;border-color:#ffffff00\"><a href=\"#\" style=\"color:#ffffff009\">.<\/a><\/div>\nEste medicamento es un remedio potente para diversas afecciones de salud. Principalmente, est\u00e1 aprobado para tratar los problemas del trastorno del sue\u00f1o debido al s\u00edndrome de apnea \/ hipopnea obstructiva del sue\u00f1o (SAHOS), narcolepsia y trastorno del sue\u00f1o por turnos de trabajo (SWSD).<\/p>\n<p>La prescripci\u00f3n no autorizada incluye tratamiento para el trastorno por d\u00e9ficit de atenci\u00f3n con hiperactividad (TDAH \/ TDA), deterioro cognitivo, deterioro de la memoria relacionado con la edad, enfermedad de Parkinson, esclerosis m\u00faltiple, depresi\u00f3n y s\u00edndrome de fatiga cr\u00f3nica y otras afecciones de salud.<\/p>\n<p>Las personas sanas utilizan este tipo de medicamentos como potenciador cognitivo y para aumentar la productividad. Esta posibilidad se debe a c\u00f3mo Provake afecta la funci\u00f3n cerebral. Su mecanismo restaura el ciclo normal del sue\u00f1o, ya que modula los niveles de mensajeros qu\u00edmicos en el cerebro inhibiendo la recaptaci\u00f3n de dopamina y aumentando su nivel en el cerebro.<\/p>\n<p>Tambi\u00e9n aumenta los niveles de histamina y neurotransmisores de orexina y ejerce un efecto estimulante para reducir la somnolencia extrema. Al aumentar los niveles de dopamina, se recompensa con otros efectos que resultan en una funci\u00f3n cognitiva mejorada, energ\u00eda, memoria y otros beneficios.<\/p>\n<div class=\"su-divider su-divider-style-default\" style=\"margin:10px 0;border-width:3px;border-color:#ffffff00\"><a href=\"#\" style=\"color:#ffffff009\">.<\/a><\/div>\n<h2><strong>Dosificaci\u00f3n segura y uso adecuado<\/strong><\/h2>\n<div class=\"su-divider su-divider-style-default\" style=\"margin:10px 0;border-width:3px;border-color:#ffffff00\"><a href=\"#\" style=\"color:#ffffff009\">.<\/a><\/div>\nLa tableta de Provake 200 mg es la dosis recomendada de los medicamentos de modafinilo. Antes de tomarlo, consulte con un m\u00e9dico especialista para evaluar su salud en busca de posibles condiciones de salud que puedan afectar el uso de este medicamento.<\/p>\n<p>Dependiendo del prop\u00f3sito de uso, t\u00f3melo seg\u00fan prescripci\u00f3n m\u00e9dica y no sobredosis. Si lo toma fuera de la etiqueta, considere los beneficios y riesgos. Un m\u00e9dico debe determinar si es lo mejor para usted, y es necesario llevar un estilo de vida de calidad para que Provake funcione de manera efectiva sin afectar su salud.<\/p>\n<div class=\"su-divider su-divider-style-default\" style=\"margin:10px 0;border-width:3px;border-color:#ffffff00\"><a href=\"#\" style=\"color:#ffffff009\">.<\/a><\/div>\n<h2><strong>Posibles efectos secundarios<\/strong><\/h2>\n<div class=\"su-divider su-divider-style-default\" style=\"margin:10px 0;border-width:3px;border-color:#ffffff00\"><a href=\"#\" style=\"color:#ffffff009\">.<\/a><\/div>\nPueden existir efectos negativos cuando se usa Provake 200 mg. Las personas sanas no experimentan efectos adversos graves. Si alguno de ellos existe, puede ser de corta duraci\u00f3n.<\/p>\n<p>El efecto negativo com\u00fan incluye:<\/p>\n<div class=\"su-divider su-divider-style-default\" style=\"margin:10px 0;border-width:3px;border-color:#ffffff00\"><a href=\"#\" style=\"color:#ffffff009\">.<\/a><\/div>\n<ul>\n<li>dolor de cabeza, mareos;<\/li>\n<li>dolor de espalda;<\/li>\n<li>n\u00e1useas, malestar estomacal, diarrea;<\/li>\n<li>problemas para dormir;<\/li>\n<li>sentirse nervioso o ansioso;<\/li>\n<li>congesti\u00f3n nasal.<\/li>\n<\/ul>\n<div class=\"su-divider su-divider-style-default\" style=\"margin:10px 0;border-width:3px;border-color:#ffffff00\"><a href=\"#\" style=\"color:#ffffff009\">.<\/a><\/div>\nLos efectos secundarios raros pero m\u00e1s graves incluyen:<\/p>\n<div class=\"su-divider su-divider-style-default\" style=\"margin:10px 0;border-width:3px;border-color:#ffffff00\"><a href=\"#\" style=\"color:#ffffff009\">.<\/a><\/div>\n<ul>\n<li>hipersensibilidad;<\/li>\n<li>fiebre y escalofr\u00edos;<\/li>\n<li>dolor en el pecho;<\/li>\n<li>confusi\u00f3n;<\/li>\n<li>cambios inusuales de humor o comportamiento;<\/li>\n<li>cansancio y debilidad inusuales;<\/li>\n<li>S\u00edndrome de Stevens-Johnson y otros.<\/li>\n<\/ul>\n<div class=\"su-divider su-divider-style-default\" style=\"margin:10px 0;border-width:3px;border-color:#ffffff00\"><a href=\"#\" style=\"color:#ffffff009\">.<\/a><\/div>\nEsta no es una lista completa de posibles efectos negativos.<br \/>\n[\/vc_column][vc_column width=&#8221;1\/2&#8243;]\n<div class=\"su-divider su-divider-style-default\" style=\"margin:10px 0;border-width:3px;border-color:#ffffff00\"><a href=\"#\" style=\"color:#ffffff009\">.<\/a><\/div>\nTambi\u00e9n puede causar somnolencia y mareos, as\u00ed que no conduzca ni haga nada que requiera concentraci\u00f3n y atenci\u00f3n mental hasta que los efectos de Provake 200 mg en el cuerpo hayan desaparecido. Si experimenta pensamientos suicidas, depresi\u00f3n nueva o que empeora, y si estos efectos adversos ocurren y le molestan o no disminuyen o desaparecen incluso despu\u00e9s de suspender el medicamento, consulte a su m\u00e9dico especialista para obtener ayuda.<\/p>\n<div class=\"su-divider su-divider-style-default\" style=\"margin:10px 0;border-width:3px;border-color:#ffffff00\"><a href=\"#\" style=\"color:#ffffff009\">.<\/a><\/div>\n<h2><strong>Contraindicaciones y precauciones<\/strong><\/h2>\n<div class=\"su-divider su-divider-style-default\" style=\"margin:10px 0;border-width:3px;border-color:#ffffff00\"><a href=\"#\" style=\"color:#ffffff009\">.<\/a><\/div>\nEs muy importante evaluar su salud e informar a un m\u00e9dico sobre los medicamentos que est\u00e1 usando. Este medicamento es muy seguro si se toma sin mezclarlo con otros medicamentos. Se recomienda brindarle a un m\u00e9dico para que los eval\u00fae una lista completa de los medicamentos (con receta o sin receta) o productos a base de hierbas que est\u00e1 usando.<\/p>\n<p>No se recomienda el uso del medicamento Provake 200 mg en personas con alergia conocida a<a href=\"https:\/\/buymodafinilonline.com\/es\/la-verdad-sobre-el-modafinilo\/\"> modafinilo<\/a> o cualquier producto eugeroico. No se recomienda que las mujeres embarazadas o madres lactantes utilicen un producto nootr\u00f3pico. Si es necesario, discutir los posibles riesgos y beneficios con un m\u00e9dico antes de tomar Provake &#8220;medicamento inteligente&#8221;.<\/p>\n<p>No se recomienda mezclarlo con alcohol. Puede aumentar el riesgo de somnolencia, mareos y deterioro del juicio, entre otros efectos negativos sin precedentes.<\/p>\n<p>Las posibles interacciones con otros medicamentos incluyen sustratos de CYP3A4 \/ 5 y CYP2C19, warfarina, medicamentos anticonceptivos, inhibidores de la MAO, estimulantes del SNC y otros.<\/p>\n<p>Lo m\u00e1s importante es que informe a su especialista m\u00e9dico sobre sus afecciones de salud, incluidos los ri\u00f1ones, el h\u00edgado, las afecciones card\u00edacas o un historial de convulsiones, entre otros problemas de salud antes de tomar Provake nootropic. Provake funciona bien con los alimentos, pero ciertos alimentos pueden retrasar su inicio de acci\u00f3n.<\/p>\n<div class=\"su-divider su-divider-style-default\" style=\"margin:10px 0;border-width:3px;border-color:#ffffff00\"><a href=\"#\" style=\"color:#ffffff009\">.<\/a><\/div>\n<h2><strong>Compre Provake gen\u00e9rico 200 mg (modafinilo) en l\u00ednea<\/strong><\/h2>\n<div class=\"su-divider su-divider-style-default\" style=\"margin:10px 0;border-width:3px;border-color:#ffffff00\"><a href=\"#\" style=\"color:#ffffff009\">.<\/a><\/div>\nEst\u00e9 atento y solo use una farmacia electr\u00f3nica leg\u00edtima y confiable que obtenga sus medicamentos SOLAMENTE de fabricantes aprobados. La confianza y la calidad de los medicamentos que ofrece una farmacia electr\u00f3nica se reflejan en las revisiones en l\u00ednea, especialmente en Trustpilot y Yotpo. BuyModafinilOnline es la mejor farmacia en l\u00ednea de modafinilo, que ayuda a los compradores a<a href=\"https:\/\/buymodafinilonline.com\/smart-drugs-brands\/\"> obtener eugeroics de calidad<\/a> procedente de fabricantes aprobados. Tambi\u00e9n ofrecemos armodafinilo y modafinilo gratis<a href=\"https:\/\/buymodafinilonline.com\/free-trial\/\"> muestras de prueba<\/a> y otras &#8220;drogas inteligentes&#8221;, como<a href=\"https:\/\/buymodafinilonline.com\/es\/farmacos-inteligentes\/modvigil-200-mg\/\"> Modvigil<\/a> ,<a href=\"https:\/\/buymodafinilonline.com\/es\/farmacos-inteligentes\/artvigil-150-mg-compromidos\/\"> Artvigil<\/a> ,<a href=\"https:\/\/buymodafinilonline.com\/es\/farmacos-inteligentes\/waklert-150-mg-tabletas\/\"> Waklert<\/a> etc.<\/p>\n<p>Ofrecemos<a href=\"https:\/\/buymodafinilonline.com\/es\/mejor-proveedor-espana\/\"> env\u00edo gratis<\/a> en todos los pedidos superiores a $ 80 para env\u00edo por correo a\u00e9reo registrado o superiores a $ 150 para servicio de correo urgente. En el caso de una entrega fallida, ofrecemos un<a href=\"https:\/\/buymodafinilonline.com\/refund-reshipment\/\"> Reembolso del 100% o reenv\u00edo gratuito<\/a> .<\/p>\n<p>Consigue <a href=\"https:\/\/buymodafinilonline.com\/es\/paga-con-bitcoin\/\">un 23% de descuento pagando con Bitcoin<\/a>, y aceptamos PayPal, Visa, MasterCard. Adem\u00e1s, puede usar diferentes cupones para ahorrar m\u00e1s dinero: BMO-WHATEVERYOUWANT10 por $ 10 de descuento para cualquier pedido, m\u00e1s cupones que puede ver &#8220;<a href=\"https:\/\/buymodafinilonline.com\/coupons-deals-promo-codes\/\"> Nuestros cupones de farmacia directa nunca caducan<\/a> &#8221; p\u00e1gina.<\/p>\n<p>Nuestro servicio de atenci\u00f3n al cliente de calidad, precios econ\u00f3micos de \u201cmedicamentos inteligentes\u201d, excelentes opciones de pago, cupones y ventas, y env\u00edo ultrarr\u00e1pido nos han convertido en la farmacia electr\u00f3nica de mayor reputaci\u00f3n.<\/p>\n<div class=\"su-divider su-divider-style-default\" style=\"margin:10px 0;border-width:3px;border-color:#ffffff00\"><a href=\"#\" style=\"color:#ffffff009\">.<\/a><\/div>\n[\/vc_column]\n<div class=\"su-divider su-divider-style-default\" style=\"margin:10px 0;border-width:3px;border-color:#ffffff00\"><a href=\"#\" style=\"color:#ffffff009\">.<\/a><\/div>\n","protected":false},"excerpt":{"rendered":"<p>Provake 200 mg de Ranbaxy Laboratories Ltd (de la India) es un medicamento recetado que contiene modafinilo como ingrediente activo. Se utiliza para promover la vigilia en personas que experimentan trastornos del sue\u00f1o durante el d\u00eda o en el trabajo para mantenerse despiertas. Tambi\u00e9n se utiliza fuera de etiqueta como potenciador cognitivo y potenciador de la productividad. Obtenga este medicamento en nuestra farmacia electr\u00f3nica y experimente el precio m\u00e1s bajo y el env\u00edo gratuito en pedidos superiores a $ 80 y $ 150.<\/p>\n[sc name=\"s1\"]\n","protected":false},"featured_media":398213,"comment_status":"open","ping_status":"closed","template":"","meta":{"_acf_changed":false},"product_brand":[],"product_cat":[3788],"product_tag":[4001],"class_list":{"0":"post-409188","1":"product","2":"type-product","3":"status-publish","4":"has-post-thumbnail","6":"product_cat-marcas-de-drogas-inteligentes","7":"product_tag-modafinilo","9":"first","10":"instock","11":"sale","12":"shipping-taxable","13":"purchasable","14":"product-type-variable","15":"has-default-attributes"},"acf":[],"yoast_head":"<!-- This site is optimized with the Yoast SEO Premium plugin v23.6 (Yoast SEO v27.3) - https:\/\/yoast.com\/product\/yoast-seo-premium-wordpress\/ -->\n<title>Compre Provake 200 mg (modafinil) tabletas a bajo precio - BuyModafinilOnline<\/title>\n<meta name=\"description\" content=\"Obtenga medicamentos Provake 200 mg en l\u00ednea del fabricante de Ranbaxy Laboratories Ltd. Compre Provake 200 mg (modafinilo) barato de la India en la farmacia BuyModafinilOnline. Garant\u00eda de entrega 100% y embalaje discreto.\" \/>\n<meta name=\"robots\" content=\"index, follow, max-snippet:-1, max-image-preview:large, max-video-preview:-1\" \/>\n<link rel=\"canonical\" href=\"https:\/\/buymodafinilonline.com\/es\/farmacos-inteligentes\/provake-200-mg\/\" \/>\n<meta property=\"og:locale\" content=\"es_ES\" \/>\n<meta property=\"og:type\" content=\"article\" \/>\n<meta property=\"og:title\" content=\"Provake 200 mg\" \/>\n<meta property=\"og:description\" content=\"Obtenga medicamentos Provake 200 mg en l\u00ednea del fabricante de Ranbaxy Laboratories Ltd. Compre Provake 200 mg (modafinilo) barato de la India en la farmacia BuyModafinilOnline. Garant\u00eda de entrega 100% y embalaje discreto.\" \/>\n<meta property=\"og:url\" content=\"https:\/\/buymodafinilonline.com\/es\/farmacos-inteligentes\/provake-200-mg\/\" \/>\n<meta property=\"og:site_name\" content=\"BuyModafinilOnline.com\" \/>\n<meta property=\"article:modified_time\" content=\"2025-04-29T13:00:26+00:00\" \/>\n<meta property=\"og:image\" content=\"https:\/\/buymodafinilonline.com\/wp-content\/uploads\/2020\/04\/bmo-product-provake-200-mg.png\" \/>\n\t<meta property=\"og:image:width\" content=\"1280\" \/>\n\t<meta property=\"og:image:height\" content=\"1500\" \/>\n\t<meta property=\"og:image:type\" content=\"image\/png\" \/>\n<meta name=\"twitter:label1\" content=\"Tiempo de lectura\" \/>\n\t<meta name=\"twitter:data1\" content=\"5 minutos\" \/>\n<script type=\"application\/ld+json\" class=\"yoast-schema-graph\">{\"@context\":\"https:\\\/\\\/schema.org\",\"@graph\":[{\"@type\":\"WebPage\",\"@id\":\"https:\\\/\\\/buymodafinilonline.com\\\/es\\\/farmacos-inteligentes\\\/provake-200-mg\\\/\",\"url\":\"https:\\\/\\\/buymodafinilonline.com\\\/es\\\/farmacos-inteligentes\\\/provake-200-mg\\\/\",\"name\":\"Compre Provake 200 mg (modafinil) tabletas a bajo precio - BuyModafinilOnline\",\"isPartOf\":{\"@id\":\"https:\\\/\\\/buymodafinilonline.com\\\/es\\\/#website\"},\"primaryImageOfPage\":{\"@id\":\"https:\\\/\\\/buymodafinilonline.com\\\/es\\\/farmacos-inteligentes\\\/provake-200-mg\\\/#primaryimage\"},\"image\":{\"@id\":\"https:\\\/\\\/buymodafinilonline.com\\\/es\\\/farmacos-inteligentes\\\/provake-200-mg\\\/#primaryimage\"},\"thumbnailUrl\":\"https:\\\/\\\/buymodafinilonline.com\\\/wp-content\\\/uploads\\\/2020\\\/04\\\/bmo-product-provake-200-mg.png\",\"datePublished\":\"2020-11-08T16:20:09+00:00\",\"dateModified\":\"2025-04-29T13:00:26+00:00\",\"description\":\"Obtenga medicamentos Provake 200 mg en l\u00ednea del fabricante de Ranbaxy Laboratories Ltd. Compre Provake 200 mg (modafinilo) barato de la India en la farmacia BuyModafinilOnline. Garant\u00eda de entrega 100% y embalaje discreto.\",\"breadcrumb\":{\"@id\":\"https:\\\/\\\/buymodafinilonline.com\\\/es\\\/farmacos-inteligentes\\\/provake-200-mg\\\/#breadcrumb\"},\"inLanguage\":\"es\",\"potentialAction\":[{\"@type\":\"ReadAction\",\"target\":[\"https:\\\/\\\/buymodafinilonline.com\\\/es\\\/farmacos-inteligentes\\\/provake-200-mg\\\/\"]}]},{\"@type\":\"ImageObject\",\"inLanguage\":\"es\",\"@id\":\"https:\\\/\\\/buymodafinilonline.com\\\/es\\\/farmacos-inteligentes\\\/provake-200-mg\\\/#primaryimage\",\"url\":\"https:\\\/\\\/buymodafinilonline.com\\\/wp-content\\\/uploads\\\/2020\\\/04\\\/bmo-product-provake-200-mg.png\",\"contentUrl\":\"https:\\\/\\\/buymodafinilonline.com\\\/wp-content\\\/uploads\\\/2020\\\/04\\\/bmo-product-provake-200-mg.png\",\"width\":1280,\"height\":1500,\"caption\":\"Provake 200 mg\"},{\"@type\":\"BreadcrumbList\",\"@id\":\"https:\\\/\\\/buymodafinilonline.com\\\/es\\\/farmacos-inteligentes\\\/provake-200-mg\\\/#breadcrumb\",\"itemListElement\":[{\"@type\":\"ListItem\",\"position\":1,\"name\":\"Buy Modafinil Online\",\"item\":\"https:\\\/\\\/buymodafinilonline.com\\\/es\\\/\"},{\"@type\":\"ListItem\",\"position\":2,\"name\":\"Tienda\",\"item\":\"https:\\\/\\\/buymodafinilonline.com\\\/es\\\/tienda\\\/\"},{\"@type\":\"ListItem\",\"position\":3,\"name\":\"Marcas de drogas inteligentes\",\"item\":\"https:\\\/\\\/buymodafinilonline.com\\\/es\\\/categoria-de-productos\\\/marcas-de-drogas-inteligentes\\\/\"},{\"@type\":\"ListItem\",\"position\":4,\"name\":\"Provake 200 mg\"}]},{\"@type\":\"WebSite\",\"@id\":\"https:\\\/\\\/buymodafinilonline.com\\\/es\\\/#website\",\"url\":\"https:\\\/\\\/buymodafinilonline.com\\\/es\\\/\",\"name\":\"BuyModafinilOnline.com\",\"description\":\"Modafinil Online Pharmacy\",\"publisher\":{\"@id\":\"https:\\\/\\\/buymodafinilonline.com\\\/es\\\/#organization\"},\"potentialAction\":[{\"@type\":\"SearchAction\",\"target\":{\"@type\":\"EntryPoint\",\"urlTemplate\":\"https:\\\/\\\/buymodafinilonline.com\\\/es\\\/?s={search_term_string}\"},\"query-input\":{\"@type\":\"PropertyValueSpecification\",\"valueRequired\":true,\"valueName\":\"search_term_string\"}}],\"inLanguage\":\"es\"},{\"@type\":\"Organization\",\"@id\":\"https:\\\/\\\/buymodafinilonline.com\\\/es\\\/#organization\",\"name\":\"BuyModafinilOnline\",\"url\":\"https:\\\/\\\/buymodafinilonline.com\\\/es\\\/\",\"logo\":{\"@type\":\"ImageObject\",\"inLanguage\":\"es\",\"@id\":\"https:\\\/\\\/buymodafinilonline.com\\\/es\\\/#\\\/schema\\\/logo\\\/image\\\/\",\"url\":\"https:\\\/\\\/buymodafinilonline.com\\\/wp-content\\\/uploads\\\/2020\\\/04\\\/logo-buy-modafinil-online-yellow.png\",\"contentUrl\":\"https:\\\/\\\/buymodafinilonline.com\\\/wp-content\\\/uploads\\\/2020\\\/04\\\/logo-buy-modafinil-online-yellow.png\",\"width\":200,\"height\":200,\"caption\":\"BuyModafinilOnline\"},\"image\":{\"@id\":\"https:\\\/\\\/buymodafinilonline.com\\\/es\\\/#\\\/schema\\\/logo\\\/image\\\/\"}}]}<\/script>\n<!-- \/ Yoast SEO Premium plugin. -->","yoast_head_json":{"title":"Compre Provake 200 mg (modafinil) tabletas a bajo precio - BuyModafinilOnline","description":"Obtenga medicamentos Provake 200 mg en l\u00ednea del fabricante de Ranbaxy Laboratories Ltd. Compre Provake 200 mg (modafinilo) barato de la India en la farmacia BuyModafinilOnline. Garant\u00eda de entrega 100% y embalaje discreto.","robots":{"index":"index","follow":"follow","max-snippet":"max-snippet:-1","max-image-preview":"max-image-preview:large","max-video-preview":"max-video-preview:-1"},"canonical":"https:\/\/buymodafinilonline.com\/es\/farmacos-inteligentes\/provake-200-mg\/","og_locale":"es_ES","og_type":"article","og_title":"Provake 200 mg","og_description":"Obtenga medicamentos Provake 200 mg en l\u00ednea del fabricante de Ranbaxy Laboratories Ltd. Compre Provake 200 mg (modafinilo) barato de la India en la farmacia BuyModafinilOnline. Garant\u00eda de entrega 100% y embalaje discreto.","og_url":"https:\/\/buymodafinilonline.com\/es\/farmacos-inteligentes\/provake-200-mg\/","og_site_name":"BuyModafinilOnline.com","article_modified_time":"2025-04-29T13:00:26+00:00","og_image":[{"width":1280,"height":1500,"url":"https:\/\/buymodafinilonline.com\/wp-content\/uploads\/2020\/04\/bmo-product-provake-200-mg.png","type":"image\/png"}],"twitter_misc":{"Tiempo de lectura":"5 minutos"},"schema":{"@context":"https:\/\/schema.org","@graph":[{"@type":"WebPage","@id":"https:\/\/buymodafinilonline.com\/es\/farmacos-inteligentes\/provake-200-mg\/","url":"https:\/\/buymodafinilonline.com\/es\/farmacos-inteligentes\/provake-200-mg\/","name":"Compre Provake 200 mg (modafinil) tabletas a bajo precio - BuyModafinilOnline","isPartOf":{"@id":"https:\/\/buymodafinilonline.com\/es\/#website"},"primaryImageOfPage":{"@id":"https:\/\/buymodafinilonline.com\/es\/farmacos-inteligentes\/provake-200-mg\/#primaryimage"},"image":{"@id":"https:\/\/buymodafinilonline.com\/es\/farmacos-inteligentes\/provake-200-mg\/#primaryimage"},"thumbnailUrl":"https:\/\/buymodafinilonline.com\/wp-content\/uploads\/2020\/04\/bmo-product-provake-200-mg.png","datePublished":"2020-11-08T16:20:09+00:00","dateModified":"2025-04-29T13:00:26+00:00","description":"Obtenga medicamentos Provake 200 mg en l\u00ednea del fabricante de Ranbaxy Laboratories Ltd. Compre Provake 200 mg (modafinilo) barato de la India en la farmacia BuyModafinilOnline. Garant\u00eda de entrega 100% y embalaje discreto.","breadcrumb":{"@id":"https:\/\/buymodafinilonline.com\/es\/farmacos-inteligentes\/provake-200-mg\/#breadcrumb"},"inLanguage":"es","potentialAction":[{"@type":"ReadAction","target":["https:\/\/buymodafinilonline.com\/es\/farmacos-inteligentes\/provake-200-mg\/"]}]},{"@type":"ImageObject","inLanguage":"es","@id":"https:\/\/buymodafinilonline.com\/es\/farmacos-inteligentes\/provake-200-mg\/#primaryimage","url":"https:\/\/buymodafinilonline.com\/wp-content\/uploads\/2020\/04\/bmo-product-provake-200-mg.png","contentUrl":"https:\/\/buymodafinilonline.com\/wp-content\/uploads\/2020\/04\/bmo-product-provake-200-mg.png","width":1280,"height":1500,"caption":"Provake 200 mg"},{"@type":"BreadcrumbList","@id":"https:\/\/buymodafinilonline.com\/es\/farmacos-inteligentes\/provake-200-mg\/#breadcrumb","itemListElement":[{"@type":"ListItem","position":1,"name":"Buy Modafinil Online","item":"https:\/\/buymodafinilonline.com\/es\/"},{"@type":"ListItem","position":2,"name":"Tienda","item":"https:\/\/buymodafinilonline.com\/es\/tienda\/"},{"@type":"ListItem","position":3,"name":"Marcas de drogas inteligentes","item":"https:\/\/buymodafinilonline.com\/es\/categoria-de-productos\/marcas-de-drogas-inteligentes\/"},{"@type":"ListItem","position":4,"name":"Provake 200 mg"}]},{"@type":"WebSite","@id":"https:\/\/buymodafinilonline.com\/es\/#website","url":"https:\/\/buymodafinilonline.com\/es\/","name":"BuyModafinilOnline.com","description":"Modafinil Online Pharmacy","publisher":{"@id":"https:\/\/buymodafinilonline.com\/es\/#organization"},"potentialAction":[{"@type":"SearchAction","target":{"@type":"EntryPoint","urlTemplate":"https:\/\/buymodafinilonline.com\/es\/?s={search_term_string}"},"query-input":{"@type":"PropertyValueSpecification","valueRequired":true,"valueName":"search_term_string"}}],"inLanguage":"es"},{"@type":"Organization","@id":"https:\/\/buymodafinilonline.com\/es\/#organization","name":"BuyModafinilOnline","url":"https:\/\/buymodafinilonline.com\/es\/","logo":{"@type":"ImageObject","inLanguage":"es","@id":"https:\/\/buymodafinilonline.com\/es\/#\/schema\/logo\/image\/","url":"https:\/\/buymodafinilonline.com\/wp-content\/uploads\/2020\/04\/logo-buy-modafinil-online-yellow.png","contentUrl":"https:\/\/buymodafinilonline.com\/wp-content\/uploads\/2020\/04\/logo-buy-modafinil-online-yellow.png","width":200,"height":200,"caption":"BuyModafinilOnline"},"image":{"@id":"https:\/\/buymodafinilonline.com\/es\/#\/schema\/logo\/image\/"}}]}},"_links":{"self":[{"href":"https:\/\/buymodafinilonline.com\/es\/wp-json\/wp\/v2\/product\/409188","targetHints":{"allow":["GET"]}}],"collection":[{"href":"https:\/\/buymodafinilonline.com\/es\/wp-json\/wp\/v2\/product"}],"about":[{"href":"https:\/\/buymodafinilonline.com\/es\/wp-json\/wp\/v2\/types\/product"}],"replies":[{"embeddable":true,"href":"https:\/\/buymodafinilonline.com\/es\/wp-json\/wp\/v2\/comments?post=409188"}],"wp:featuredmedia":[{"embeddable":true,"href":"https:\/\/buymodafinilonline.com\/es\/wp-json\/wp\/v2\/media\/398213"}],"wp:attachment":[{"href":"https:\/\/buymodafinilonline.com\/es\/wp-json\/wp\/v2\/media?parent=409188"}],"wp:term":[{"taxonomy":"product_brand","embeddable":true,"href":"https:\/\/buymodafinilonline.com\/es\/wp-json\/wp\/v2\/product_brand?post=409188"},{"taxonomy":"product_cat","embeddable":true,"href":"https:\/\/buymodafinilonline.com\/es\/wp-json\/wp\/v2\/product_cat?post=409188"},{"taxonomy":"product_tag","embeddable":true,"href":"https:\/\/buymodafinilonline.com\/es\/wp-json\/wp\/v2\/product_tag?post=409188"}],"curies":[{"name":"wp","href":"https:\/\/api.w.org\/{rel}","templated":true}]}}