{"id":409284,"date":"2020-04-18T19:37:19","date_gmt":"2020-11-08T16:20:49","guid":{"rendered":"https:\/\/buymodafinilonline.com\/smart-drugs\/modafil-200-mg\/"},"modified":"2025-04-29T13:54:14","modified_gmt":"2025-04-29T12:54:14","slug":"modafil-200-mg","status":"publish","type":"product","link":"https:\/\/buymodafinilonline.com\/es\/farmacos-inteligentes\/modafil-200-mg\/","title":{"rendered":"Modafil 200 mg"},"content":{"rendered":"[vc_column width=&#8221;1\/2&#8243;]\n<div class=\"su-divider su-divider-style-default\" style=\"margin:10px 0;border-width:3px;border-color:#ffffff00\"><a href=\"#\" style=\"color:#ffffff009\">.<\/a><\/div>\n<h2>\u00bfQu\u00e9 es Modafil 200 mg?<\/h2>\n<div class=\"su-divider su-divider-style-default\" style=\"margin:10px 0;border-width:3px;border-color:#ffffff00\"><a href=\"#\" style=\"color:#ffffff009\">.<\/a><\/div>\nSiendo un ingrediente activo de la medicina Modafil,<a href=\"https:\/\/buymodafinilonline.com\/es\/la-verdad-sobre-el-modafinilo\/\"> modafinilo<\/a> es conocido por los investigadores como el &#8220;primer f\u00e1rmaco inteligente seguro del mundo&#8221;. La Administraci\u00f3n de Alimentos y Medicamentos lo aprob\u00f3 como un agente que promueve la vigilia para reducir la somnolencia diurna excesiva debido a la apnea obstructiva del sue\u00f1o (AOS), el trastorno del sue\u00f1o por turnos de trabajo (SWSD) y la narcolepsia. Sin embargo, este medicamento tambi\u00e9n se usa fuera de la etiqueta para tratar varios problemas de salud como el trastorno por d\u00e9ficit de atenci\u00f3n con hiperactividad (TDAH), fatiga relacionada con la esclerosis m\u00faltiple, enfermedad de Parkinson, depresi\u00f3n, s\u00edndrome de fatiga cr\u00f3nica, sedaci\u00f3n relacionada con opioides y otras afecciones.<\/p>\n<p>Las personas sanas usan Modafil 200 mg como un f\u00e1rmaco seguro y potente para mejorar la funci\u00f3n cerebral y aumentar la productividad. Aunque no se comprende bien el mecanismo de acci\u00f3n exacto de este medicamento, se cree que act\u00faa aumentando los niveles de ciertos neurotransmisores como la dopamina, la histamina y la orexina en las \u00e1reas del cerebro que controlan el ciclo sue\u00f1o-vigilia.<\/p>\n<div class=\"su-divider su-divider-style-default\" style=\"margin:10px 0;border-width:3px;border-color:#ffffff00\"><a href=\"#\" style=\"color:#ffffff009\">.<\/a><\/div>\n<h2>Dosificaci\u00f3n segura y uso adecuado<\/h2>\n<div class=\"su-divider su-divider-style-default\" style=\"margin:10px 0;border-width:3px;border-color:#ffffff00\"><a href=\"#\" style=\"color:#ffffff009\">.<\/a><\/div>\nLa dosis recomendada de Modafil es de 200 mg una vez al d\u00eda. Se debe administrar una tableta por la ma\u00f1ana para tratar la narcolepsia y la AOS o una hora antes de un turno de trabajo si se combate el SWSD. Aunque no se recomienda su uso en pacientes al\u00e9rgicos al modafinilo u otros nootr\u00f3picos.<\/p>\n<p>En aquellos diagnosticados con insuficiencia hep\u00e1tica grave, la dosis de Modafil 200 mg debe reducirse a la mitad. Si lo toma fuera de la etiqueta, primero debe consultar con un especialista m\u00e9dico para determinar si se encuentra en buen estado de salud para usar el nootr\u00f3pico.<\/p>\n<div class=\"su-divider su-divider-style-default\" style=\"margin:10px 0;border-width:3px;border-color:#ffffff00\"><a href=\"#\" style=\"color:#ffffff009\">.<\/a><\/div>\n<h2>Posibles efectos secundarios<\/h2>\n<div class=\"su-divider su-divider-style-default\" style=\"margin:10px 0;border-width:3px;border-color:#ffffff00\"><a href=\"#\" style=\"color:#ffffff009\">.<\/a><\/div>\nEste medicamento funciona bien en personas sanas, aunque no se pueden descartar por completo las reacciones negativas. Pueden ocurrir los siguientes efectos secundarios comunes, que son de corta duraci\u00f3n:<\/p>\n<div class=\"su-divider su-divider-style-default\" style=\"margin:10px 0;border-width:3px;border-color:#ffffff00\"><a href=\"#\" style=\"color:#ffffff009\">.<\/a><\/div>\n<ul>\n<li>dolor de cabeza, mareos;<\/li>\n<li>dolor de espalda;<\/li>\n<li>n\u00e1useas, malestar estomacal, diarrea;<\/li>\n<li>problemas para dormir;<\/li>\n<li>sentirse ansioso o nervioso;<\/li>\n<li>congesti\u00f3n nasal.<\/li>\n<\/ul>\n<div class=\"su-divider su-divider-style-default\" style=\"margin:10px 0;border-width:3px;border-color:#ffffff00\"><a href=\"#\" style=\"color:#ffffff009\">.<\/a><\/div>\nLos efectos negativos raros pero m\u00e1s graves incluyen:<\/p>\n<div class=\"su-divider su-divider-style-default\" style=\"margin:10px 0;border-width:3px;border-color:#ffffff00\"><a href=\"#\" style=\"color:#ffffff009\">.<\/a><\/div>\n<ul>\n<li>hipersensibilidad;<\/li>\n<li>fiebre y escalofr\u00edos;<\/li>\n<li>dolor en el pecho;<\/li>\n<li>confusi\u00f3n;<\/li>\n<li>cansancio y debilidad inusuales;<\/li>\n<li>S\u00edndrome de Stevens-Johnson y otros.<\/li>\n<\/ul>\n<div class=\"su-divider su-divider-style-default\" style=\"margin:10px 0;border-width:3px;border-color:#ffffff00\"><a href=\"#\" style=\"color:#ffffff009\">.<\/a><\/div>\nEsta no es una lista completa de posibles efectos secundarios. Modafil 200 mg tambi\u00e9n puede alterar sus reacciones, as\u00ed que no conduzca ni maneje maquinaria pesada hasta que sepa c\u00f3mo afecta a su cuerpo.<\/p>\n[\/vc_column][vc_column width=&#8221;1\/2&#8243;]\n<div class=\"su-divider su-divider-style-default\" style=\"margin:10px 0;border-width:3px;border-color:#ffffff00\"><a href=\"#\" style=\"color:#ffffff009\">.<\/a><\/div>\n<p>Informe a un m\u00e9dico especialista si presenta alg\u00fan cambio inusual en el estado de \u00e1nimo o el comportamiento o si tiene pensamientos suicidas, depresi\u00f3n nueva o que empeora. Si estos efectos negativos ocurren y le molestan incluso despu\u00e9s de suspender la medicaci\u00f3n con modafinilo o no desaparecen, consulte a su m\u00e9dico especialista para obtener ayuda.<\/p>\n<div class=\"su-divider su-divider-style-default\" style=\"margin:10px 0;border-width:3px;border-color:#ffffff00\"><a href=\"#\" style=\"color:#ffffff009\">.<\/a><\/div>\n<h2>Contraindicaciones y precauciones<\/h2>\n<div class=\"su-divider su-divider-style-default\" style=\"margin:10px 0;border-width:3px;border-color:#ffffff00\"><a href=\"#\" style=\"color:#ffffff009\">.<\/a><\/div>\nModafil 200 mg es seguro si se toma de forma independiente sin mezclarlo con otros medicamentos. Aseg\u00farese de darle una lista completa de los medicamentos (recetados \/ sin receta) o remedios herbales que est\u00e1 usando a un m\u00e9dico para que los eval\u00fae antes de tomar el medicamento Modafil. Aunque se desconocen los posibles riesgos, no se recomienda que las mujeres embarazadas y las madres lactantes utilicen ning\u00fan nootr\u00f3pico. Si es necesario, un m\u00e9dico debe analizar los riesgos y beneficios antes de tomar Modafil 200 mg.<\/p>\n<p>Las posibles interacciones con otros medicamentos incluyen:<\/p>\n<div class=\"su-divider su-divider-style-default\" style=\"margin:10px 0;border-width:3px;border-color:#ffffff00\"><a href=\"#\" style=\"color:#ffffff009\">.<\/a><\/div>\n<ul>\n<li>Sustratos CYP3A4 \/ 5 y CYP2C19;<\/li>\n<li>anticoagulantes como warfarina;<\/li>\n<li>medicamentos anticonceptivos;<\/li>\n<li>Inhibidores de MAO;<\/li>\n<li>Estimulantes del SNC y otros.<\/li>\n<\/ul>\n<div class=\"su-divider su-divider-style-default\" style=\"margin:10px 0;border-width:3px;border-color:#ffffff00\"><a href=\"#\" style=\"color:#ffffff009\">.<\/a><\/div>\nTambi\u00e9n puede ocurrir interacci\u00f3n de enfermedades. Informe a su m\u00e9dico especialista sobre su estado de salud, incluida la insuficiencia renal o hep\u00e1tica, enfermedad card\u00edaca o antecedentes de convulsiones, entre otros problemas de salud, antes de tomar este medicamento nootr\u00f3pico. Modafil 200 mg funciona bien con la mayor\u00eda de los alimentos, pero las comidas grasas pueden retrasar el inicio de su acci\u00f3n.<\/p>\n<p>No se recomienda mezclarlo con alcohol ya que esto puede aumentar el riesgo de somnolencia, deterioro del juicio y mareos, entre otros efectos negativos sin precedentes.<\/p>\n<div class=\"su-divider su-divider-style-default\" style=\"margin:10px 0;border-width:3px;border-color:#ffffff00\"><a href=\"#\" style=\"color:#ffffff009\">.<\/a><\/div>\n<h2>Comprar modafil gen\u00e9rico 200 mg (modafinil) en l\u00ednea<\/h2>\n<div class=\"su-divider su-divider-style-default\" style=\"margin:10px 0;border-width:3px;border-color:#ffffff00\"><a href=\"#\" style=\"color:#ffffff009\">.<\/a><\/div>\nEn cuanto a c\u00f3mo obtener Modafil 200 mg en l\u00ednea sin receta, la farmacia electr\u00f3nica BuyModafinilOnline existe para ofrecer &#8220;<a href=\"https:\/\/buymodafinilonline.com\/smart-drugs-brands\/\"> drogas inteligentes<\/a> \u201dProvienen \u00fanicamente de fabricantes aprobados. Aunque Modafil se puede comprar en muchas farmacias electr\u00f3nicas, es una pr\u00e1ctica muy arriesgada. No es ilegal comprar nootr\u00f3picos en l\u00ednea, pero debe ser plenamente consciente de los riesgos de realizar pedidos en sitios fraudulentos que prometen ofrecer productos de calidad.<\/p>\n<p>Al elegirnos, puede estar seguro de que solo obtendr\u00e1 p\u00edldoras genuinas. Somos el mejor lugar para comprar modafinilo barato (Modalert, Modvigil, etc.), ya que ponemos tu salud como una prioridad.<\/p>\n<p>Aceptamos MasterCard, Visa, AmEx, PayPal, Zelle, e-Check, Bitcoin (un 23% de descuento) y otras criptomonedas como m\u00e9todos de pago. En BuyModafinilOnline, ofrecemos<a href=\"https:\/\/buymodafinilonline.com\/free-trial\/\"> 20 muestras de prueba gratuitas<\/a> de modafinilo y armodafinilo, para que nuestros clientes puedan probar la eficacia y seguridad de nuestros &#8220;medicamentos inteligentes&#8221;.<\/p>\n<p>Ahorre m\u00e1s dinero usando disponible<a href=\"https:\/\/buymodafinilonline.com\/coupons-deals-promo-codes\/\"> descuentos y cupones<\/a> . Nuestro env\u00edo es ultrarr\u00e1pido y ofrecemos un<a href=\"https:\/\/buymodafinilonline.com\/refund-reshipment\/\"> reembolso completo o reenv\u00edo<\/a> si su paquete se atasca o se pierde en la aduana.<\/p>\n<div class=\"su-divider su-divider-style-default\" style=\"margin:10px 0;border-width:3px;border-color:#ffffff00\"><a href=\"#\" style=\"color:#ffffff009\">.<\/a><\/div>\n[\/vc_column]\n<div class=\"su-divider su-divider-style-default\" style=\"margin:10px 0;border-width:3px;border-color:#ffffff00\"><a href=\"#\" style=\"color:#ffffff009\">.<\/a><\/div>\n","protected":false},"excerpt":{"rendered":"<p>Modafil 200 mg contiene modafinilo como ingrediente activo. Fabricado por INTAS Pharma Ltd, una compa\u00f1\u00eda farmac\u00e9utica india, se utiliza para promover la vigilia en pacientes con somnolencia extrema durante el d\u00eda o en el trabajo debido a trastornos del sue\u00f1o. Tambi\u00e9n trata otras condiciones de salud y es ampliamente utilizado por personas sanas fuera de etiqueta como potenciador de la productividad y cognitivo.<\/p>\n<p>Compre este medicamento en nuestra farmacia electr\u00f3nica al costo m\u00e1s bajo u obtenga muestras de prueba gratuitas de nuestros productos m\u00e1s vendidos de nootr\u00f3picos para probar su efectividad.<\/p>\n[sc name=\"s1\"]\n","protected":false},"featured_media":398164,"comment_status":"open","ping_status":"closed","template":"","meta":{"_acf_changed":false},"product_brand":[],"product_cat":[3788],"product_tag":[4001],"class_list":{"0":"post-409284","1":"product","2":"type-product","3":"status-publish","4":"has-post-thumbnail","6":"product_cat-marcas-de-drogas-inteligentes","7":"product_tag-modafinilo","9":"first","10":"instock","11":"sale","12":"shipping-taxable","13":"purchasable","14":"product-type-variable","15":"has-default-attributes"},"acf":[],"yoast_head":"<!-- This site is optimized with the Yoast SEO Premium plugin v23.6 (Yoast SEO v27.4) - https:\/\/yoast.com\/product\/yoast-seo-premium-wordpress\/ -->\n<title>Compre medicamentos de Modafil 200 mg (Modafinil) con un gran descuento - BuyModafinilOnline<\/title>\n<meta name=\"description\" content=\"Compre Modafil 200 mg comprimidos en l\u00ednea del fabricante INTAS Pharma. Compre Modafil 200 mg (modafinil) al mejor precio en la farmacia BuyModafinilOnline. Cupones favorables y excelente servicio.\" \/>\n<meta name=\"robots\" content=\"index, follow, max-snippet:-1, max-image-preview:large, max-video-preview:-1\" \/>\n<link rel=\"canonical\" href=\"https:\/\/buymodafinilonline.com\/es\/farmacos-inteligentes\/modafil-200-mg\/\" \/>\n<meta property=\"og:locale\" content=\"es_ES\" \/>\n<meta property=\"og:type\" content=\"article\" \/>\n<meta property=\"og:title\" content=\"Modafil 200 mg\" \/>\n<meta property=\"og:description\" content=\"Compre Modafil 200 mg comprimidos en l\u00ednea del fabricante INTAS Pharma. Compre Modafil 200 mg (modafinil) al mejor precio en la farmacia BuyModafinilOnline. Cupones favorables y excelente servicio.\" \/>\n<meta property=\"og:url\" content=\"https:\/\/buymodafinilonline.com\/es\/farmacos-inteligentes\/modafil-200-mg\/\" \/>\n<meta property=\"og:site_name\" content=\"BuyModafinilOnline.com\" \/>\n<meta property=\"article:modified_time\" content=\"2025-04-29T12:54:14+00:00\" \/>\n<meta property=\"og:image\" content=\"https:\/\/buymodafinilonline.com\/wp-content\/uploads\/2020\/04\/bmo-product-modafil-200-mg.png\" \/>\n\t<meta property=\"og:image:width\" content=\"1280\" \/>\n\t<meta property=\"og:image:height\" content=\"1500\" \/>\n\t<meta property=\"og:image:type\" content=\"image\/png\" \/>\n<meta name=\"twitter:label1\" content=\"Tiempo de lectura\" \/>\n\t<meta name=\"twitter:data1\" content=\"5 minutos\" \/>\n<script type=\"application\/ld+json\" class=\"yoast-schema-graph\">{\"@context\":\"https:\\\/\\\/schema.org\",\"@graph\":[{\"@type\":\"WebPage\",\"@id\":\"https:\\\/\\\/buymodafinilonline.com\\\/es\\\/farmacos-inteligentes\\\/modafil-200-mg\\\/\",\"url\":\"https:\\\/\\\/buymodafinilonline.com\\\/es\\\/farmacos-inteligentes\\\/modafil-200-mg\\\/\",\"name\":\"Compre medicamentos de Modafil 200 mg (Modafinil) con un gran descuento - BuyModafinilOnline\",\"isPartOf\":{\"@id\":\"https:\\\/\\\/buymodafinilonline.com\\\/es\\\/#website\"},\"primaryImageOfPage\":{\"@id\":\"https:\\\/\\\/buymodafinilonline.com\\\/es\\\/farmacos-inteligentes\\\/modafil-200-mg\\\/#primaryimage\"},\"image\":{\"@id\":\"https:\\\/\\\/buymodafinilonline.com\\\/es\\\/farmacos-inteligentes\\\/modafil-200-mg\\\/#primaryimage\"},\"thumbnailUrl\":\"https:\\\/\\\/buymodafinilonline.com\\\/wp-content\\\/uploads\\\/2020\\\/04\\\/bmo-product-modafil-200-mg.png\",\"datePublished\":\"2020-11-08T16:20:49+00:00\",\"dateModified\":\"2025-04-29T12:54:14+00:00\",\"description\":\"Compre Modafil 200 mg comprimidos en l\u00ednea del fabricante INTAS Pharma. Compre Modafil 200 mg (modafinil) al mejor precio en la farmacia BuyModafinilOnline. Cupones favorables y excelente servicio.\",\"breadcrumb\":{\"@id\":\"https:\\\/\\\/buymodafinilonline.com\\\/es\\\/farmacos-inteligentes\\\/modafil-200-mg\\\/#breadcrumb\"},\"inLanguage\":\"es\",\"potentialAction\":[{\"@type\":\"ReadAction\",\"target\":[\"https:\\\/\\\/buymodafinilonline.com\\\/es\\\/farmacos-inteligentes\\\/modafil-200-mg\\\/\"]}]},{\"@type\":\"ImageObject\",\"inLanguage\":\"es\",\"@id\":\"https:\\\/\\\/buymodafinilonline.com\\\/es\\\/farmacos-inteligentes\\\/modafil-200-mg\\\/#primaryimage\",\"url\":\"https:\\\/\\\/buymodafinilonline.com\\\/wp-content\\\/uploads\\\/2020\\\/04\\\/bmo-product-modafil-200-mg.png\",\"contentUrl\":\"https:\\\/\\\/buymodafinilonline.com\\\/wp-content\\\/uploads\\\/2020\\\/04\\\/bmo-product-modafil-200-mg.png\",\"width\":1280,\"height\":1500,\"caption\":\"Modafil 200 mg\"},{\"@type\":\"BreadcrumbList\",\"@id\":\"https:\\\/\\\/buymodafinilonline.com\\\/es\\\/farmacos-inteligentes\\\/modafil-200-mg\\\/#breadcrumb\",\"itemListElement\":[{\"@type\":\"ListItem\",\"position\":1,\"name\":\"Buy Modafinil Online\",\"item\":\"https:\\\/\\\/buymodafinilonline.com\\\/es\\\/\"},{\"@type\":\"ListItem\",\"position\":2,\"name\":\"Tienda\",\"item\":\"https:\\\/\\\/buymodafinilonline.com\\\/es\\\/tienda\\\/\"},{\"@type\":\"ListItem\",\"position\":3,\"name\":\"Marcas de drogas inteligentes\",\"item\":\"https:\\\/\\\/buymodafinilonline.com\\\/es\\\/categoria-de-productos\\\/marcas-de-drogas-inteligentes\\\/\"},{\"@type\":\"ListItem\",\"position\":4,\"name\":\"Modafil 200 mg\"}]},{\"@type\":\"WebSite\",\"@id\":\"https:\\\/\\\/buymodafinilonline.com\\\/es\\\/#website\",\"url\":\"https:\\\/\\\/buymodafinilonline.com\\\/es\\\/\",\"name\":\"BuyModafinilOnline.com\",\"description\":\"Modafinil Online Pharmacy\",\"publisher\":{\"@id\":\"https:\\\/\\\/buymodafinilonline.com\\\/es\\\/#organization\"},\"potentialAction\":[{\"@type\":\"SearchAction\",\"target\":{\"@type\":\"EntryPoint\",\"urlTemplate\":\"https:\\\/\\\/buymodafinilonline.com\\\/es\\\/?s={search_term_string}\"},\"query-input\":{\"@type\":\"PropertyValueSpecification\",\"valueRequired\":true,\"valueName\":\"search_term_string\"}}],\"inLanguage\":\"es\"},{\"@type\":\"Organization\",\"@id\":\"https:\\\/\\\/buymodafinilonline.com\\\/es\\\/#organization\",\"name\":\"BuyModafinilOnline\",\"url\":\"https:\\\/\\\/buymodafinilonline.com\\\/es\\\/\",\"logo\":{\"@type\":\"ImageObject\",\"inLanguage\":\"es\",\"@id\":\"https:\\\/\\\/buymodafinilonline.com\\\/es\\\/#\\\/schema\\\/logo\\\/image\\\/\",\"url\":\"https:\\\/\\\/buymodafinilonline.com\\\/wp-content\\\/uploads\\\/2020\\\/04\\\/logo-buy-modafinil-online-yellow.png\",\"contentUrl\":\"https:\\\/\\\/buymodafinilonline.com\\\/wp-content\\\/uploads\\\/2020\\\/04\\\/logo-buy-modafinil-online-yellow.png\",\"width\":200,\"height\":200,\"caption\":\"BuyModafinilOnline\"},\"image\":{\"@id\":\"https:\\\/\\\/buymodafinilonline.com\\\/es\\\/#\\\/schema\\\/logo\\\/image\\\/\"}}]}<\/script>\n<!-- \/ Yoast SEO Premium plugin. -->","yoast_head_json":{"title":"Compre medicamentos de Modafil 200 mg (Modafinil) con un gran descuento - BuyModafinilOnline","description":"Compre Modafil 200 mg comprimidos en l\u00ednea del fabricante INTAS Pharma. Compre Modafil 200 mg (modafinil) al mejor precio en la farmacia BuyModafinilOnline. Cupones favorables y excelente servicio.","robots":{"index":"index","follow":"follow","max-snippet":"max-snippet:-1","max-image-preview":"max-image-preview:large","max-video-preview":"max-video-preview:-1"},"canonical":"https:\/\/buymodafinilonline.com\/es\/farmacos-inteligentes\/modafil-200-mg\/","og_locale":"es_ES","og_type":"article","og_title":"Modafil 200 mg","og_description":"Compre Modafil 200 mg comprimidos en l\u00ednea del fabricante INTAS Pharma. Compre Modafil 200 mg (modafinil) al mejor precio en la farmacia BuyModafinilOnline. Cupones favorables y excelente servicio.","og_url":"https:\/\/buymodafinilonline.com\/es\/farmacos-inteligentes\/modafil-200-mg\/","og_site_name":"BuyModafinilOnline.com","article_modified_time":"2025-04-29T12:54:14+00:00","og_image":[{"width":1280,"height":1500,"url":"https:\/\/buymodafinilonline.com\/wp-content\/uploads\/2020\/04\/bmo-product-modafil-200-mg.png","type":"image\/png"}],"twitter_misc":{"Tiempo de lectura":"5 minutos"},"schema":{"@context":"https:\/\/schema.org","@graph":[{"@type":"WebPage","@id":"https:\/\/buymodafinilonline.com\/es\/farmacos-inteligentes\/modafil-200-mg\/","url":"https:\/\/buymodafinilonline.com\/es\/farmacos-inteligentes\/modafil-200-mg\/","name":"Compre medicamentos de Modafil 200 mg (Modafinil) con un gran descuento - BuyModafinilOnline","isPartOf":{"@id":"https:\/\/buymodafinilonline.com\/es\/#website"},"primaryImageOfPage":{"@id":"https:\/\/buymodafinilonline.com\/es\/farmacos-inteligentes\/modafil-200-mg\/#primaryimage"},"image":{"@id":"https:\/\/buymodafinilonline.com\/es\/farmacos-inteligentes\/modafil-200-mg\/#primaryimage"},"thumbnailUrl":"https:\/\/buymodafinilonline.com\/wp-content\/uploads\/2020\/04\/bmo-product-modafil-200-mg.png","datePublished":"2020-11-08T16:20:49+00:00","dateModified":"2025-04-29T12:54:14+00:00","description":"Compre Modafil 200 mg comprimidos en l\u00ednea del fabricante INTAS Pharma. Compre Modafil 200 mg (modafinil) al mejor precio en la farmacia BuyModafinilOnline. Cupones favorables y excelente servicio.","breadcrumb":{"@id":"https:\/\/buymodafinilonline.com\/es\/farmacos-inteligentes\/modafil-200-mg\/#breadcrumb"},"inLanguage":"es","potentialAction":[{"@type":"ReadAction","target":["https:\/\/buymodafinilonline.com\/es\/farmacos-inteligentes\/modafil-200-mg\/"]}]},{"@type":"ImageObject","inLanguage":"es","@id":"https:\/\/buymodafinilonline.com\/es\/farmacos-inteligentes\/modafil-200-mg\/#primaryimage","url":"https:\/\/buymodafinilonline.com\/wp-content\/uploads\/2020\/04\/bmo-product-modafil-200-mg.png","contentUrl":"https:\/\/buymodafinilonline.com\/wp-content\/uploads\/2020\/04\/bmo-product-modafil-200-mg.png","width":1280,"height":1500,"caption":"Modafil 200 mg"},{"@type":"BreadcrumbList","@id":"https:\/\/buymodafinilonline.com\/es\/farmacos-inteligentes\/modafil-200-mg\/#breadcrumb","itemListElement":[{"@type":"ListItem","position":1,"name":"Buy Modafinil Online","item":"https:\/\/buymodafinilonline.com\/es\/"},{"@type":"ListItem","position":2,"name":"Tienda","item":"https:\/\/buymodafinilonline.com\/es\/tienda\/"},{"@type":"ListItem","position":3,"name":"Marcas de drogas inteligentes","item":"https:\/\/buymodafinilonline.com\/es\/categoria-de-productos\/marcas-de-drogas-inteligentes\/"},{"@type":"ListItem","position":4,"name":"Modafil 200 mg"}]},{"@type":"WebSite","@id":"https:\/\/buymodafinilonline.com\/es\/#website","url":"https:\/\/buymodafinilonline.com\/es\/","name":"BuyModafinilOnline.com","description":"Modafinil Online Pharmacy","publisher":{"@id":"https:\/\/buymodafinilonline.com\/es\/#organization"},"potentialAction":[{"@type":"SearchAction","target":{"@type":"EntryPoint","urlTemplate":"https:\/\/buymodafinilonline.com\/es\/?s={search_term_string}"},"query-input":{"@type":"PropertyValueSpecification","valueRequired":true,"valueName":"search_term_string"}}],"inLanguage":"es"},{"@type":"Organization","@id":"https:\/\/buymodafinilonline.com\/es\/#organization","name":"BuyModafinilOnline","url":"https:\/\/buymodafinilonline.com\/es\/","logo":{"@type":"ImageObject","inLanguage":"es","@id":"https:\/\/buymodafinilonline.com\/es\/#\/schema\/logo\/image\/","url":"https:\/\/buymodafinilonline.com\/wp-content\/uploads\/2020\/04\/logo-buy-modafinil-online-yellow.png","contentUrl":"https:\/\/buymodafinilonline.com\/wp-content\/uploads\/2020\/04\/logo-buy-modafinil-online-yellow.png","width":200,"height":200,"caption":"BuyModafinilOnline"},"image":{"@id":"https:\/\/buymodafinilonline.com\/es\/#\/schema\/logo\/image\/"}}]}},"_links":{"self":[{"href":"https:\/\/buymodafinilonline.com\/es\/wp-json\/wp\/v2\/product\/409284","targetHints":{"allow":["GET"]}}],"collection":[{"href":"https:\/\/buymodafinilonline.com\/es\/wp-json\/wp\/v2\/product"}],"about":[{"href":"https:\/\/buymodafinilonline.com\/es\/wp-json\/wp\/v2\/types\/product"}],"replies":[{"embeddable":true,"href":"https:\/\/buymodafinilonline.com\/es\/wp-json\/wp\/v2\/comments?post=409284"}],"wp:featuredmedia":[{"embeddable":true,"href":"https:\/\/buymodafinilonline.com\/es\/wp-json\/wp\/v2\/media\/398164"}],"wp:attachment":[{"href":"https:\/\/buymodafinilonline.com\/es\/wp-json\/wp\/v2\/media?parent=409284"}],"wp:term":[{"taxonomy":"product_brand","embeddable":true,"href":"https:\/\/buymodafinilonline.com\/es\/wp-json\/wp\/v2\/product_brand?post=409284"},{"taxonomy":"product_cat","embeddable":true,"href":"https:\/\/buymodafinilonline.com\/es\/wp-json\/wp\/v2\/product_cat?post=409284"},{"taxonomy":"product_tag","embeddable":true,"href":"https:\/\/buymodafinilonline.com\/es\/wp-json\/wp\/v2\/product_tag?post=409284"}],"curies":[{"name":"wp","href":"https:\/\/api.w.org\/{rel}","templated":true}]}}