{"id":409293,"date":"2020-04-18T19:42:15","date_gmt":"2020-11-08T16:20:57","guid":{"rendered":"https:\/\/buymodafinilonline.com\/smart-drugs\/mofy-200-mg\/"},"modified":"2025-04-29T13:55:35","modified_gmt":"2025-04-29T12:55:35","slug":"mofy-200-mg","status":"publish","type":"product","link":"https:\/\/buymodafinilonline.com\/es\/farmacos-inteligentes\/mofy-200-mg\/","title":{"rendered":"Mofy 200 mg"},"content":{"rendered":"[vc_column width=&#8221;1\/2&#8243;]\n<div class=\"su-divider su-divider-style-default\" style=\"margin:10px 0;border-width:3px;border-color:#ffffff00\"><a href=\"#\" style=\"color:#ffffff009\">.<\/a><\/div>\n<h2>\u00bfQu\u00e9 es Mofy 200 mg?<\/h2>\n<div class=\"su-divider su-divider-style-default\" style=\"margin:10px 0;border-width:3px;border-color:#ffffff00\"><a href=\"#\" style=\"color:#ffffff009\">.<\/a><\/div>\nMofy 200 mg contiene<a href=\"https:\/\/buymodafinilonline.com\/es\/la-verdad-sobre-el-modafinilo\/\"> modafinilo<\/a> , es un medicamento seguro aprobado como remedio para varios problemas de trastornos del sue\u00f1o debidos al trastorno del sue\u00f1o por turnos de trabajo (SWSD), s\u00edndrome de apnea \/ hipopnea obstructiva del sue\u00f1o (SAHOS) y narcolepsia.<\/p>\n<p>Este medicamento es muy potente para ayudar al paciente a permanecer despierto durante el d\u00eda y reduce la tendencia a quedarse dormido durante el turno de noche. Adem\u00e1s de esta aprobaci\u00f3n de la Administraci\u00f3n de Alimentos y Medicamentos (FDA), este medicamento tambi\u00e9n se usa ampliamente fuera de la etiqueta para tratar varios otros problemas de salud, como el trastorno por d\u00e9ficit de atenci\u00f3n con hiperactividad (TDAH), la depresi\u00f3n, el desfase horario, la p\u00e9rdida de memoria en pacientes con Alzheimer y deterioro, etc.<\/p>\n<p>Una vez ingerido, el mecanismo de Mofy restaura eficazmente el ciclo normal del sue\u00f1o, ya que modula la concentraci\u00f3n de mensajeros qu\u00edmicos en el cerebro, como el aumento de la recaptaci\u00f3n de dopamina, histamina y orexina. Al hacer esto, el modafinilo ejerce un efecto estimulante para reducir la somnolencia extrema y al aumentar los niveles de dopamina, recompensa con otros efectos que resultan en una funci\u00f3n cognitiva mejorada.<\/p>\n<p>Como medicamento de modafinilo, Mofy se usa en secreto entre ejecutivos de negocios, personal deportivo, estudiantes, astronautas, empleados y trabajadores de centros de llamadas que trabajan duro. Mejora la capacidad de planificar y tomar decisiones y tiene un efecto positivo en el aprendizaje, la memoria y la creatividad.<\/p>\n<div class=\"su-divider su-divider-style-default\" style=\"margin:10px 0;border-width:3px;border-color:#ffffff00\"><a href=\"#\" style=\"color:#ffffff009\">.<\/a><\/div>\n<h2><strong>Dosificaci\u00f3n segura y uso adecuado<\/strong><\/h2>\n<div class=\"su-divider su-divider-style-default\" style=\"margin:10px 0;border-width:3px;border-color:#ffffff00\"><a href=\"#\" style=\"color:#ffffff009\">.<\/a><\/div>\nDependiendo del prop\u00f3sito del tratamiento, la p\u00edldora de 200 mg de Mofy es la dosis diaria recomendada. Solo debe tomarse de acuerdo con la prescripci\u00f3n del m\u00e9dico y es primordial que su m\u00e9dico eval\u00fae su salud para detectar posibles problemas de salud.<\/p>\n<p>Mofy es seguro si lo toman personas sanas sin ning\u00fan problema de salud subyacente. Es seguro tomarlo con o sin alimentos, pero ciertos productos pueden ralentizar su tasa de absorci\u00f3n.<\/p>\n<p>No omita ninguna dosis de Mofy y finalice el ciclo completo de tratamiento incluso si se siente mejor.<\/p>\n<p>No suspenda el modafinilo de forma repentina, ya que puede empeorar sus s\u00edntomas. Si lo toma fuera de la etiqueta, siga los consejos del m\u00e9dico y lea la informaci\u00f3n completa que se proporciona en el prospecto del medicamento.<\/p>\n<div class=\"su-divider su-divider-style-default\" style=\"margin:10px 0;border-width:3px;border-color:#ffffff00\"><a href=\"#\" style=\"color:#ffffff009\">.<\/a><\/div>\n<h2><strong>Posibles efectos secundarios<\/strong><\/h2>\n<div class=\"su-divider su-divider-style-default\" style=\"margin:10px 0;border-width:3px;border-color:#ffffff00\"><a href=\"#\" style=\"color:#ffffff009\">.<\/a><\/div>\nMofy 200 mg es seguro y bien tolerado. Sin embargo, algunas personas pueden sufrir efectos adversos. Algunos efectos negativos son de corta duraci\u00f3n y desaparecen con el uso continuo o la interrupci\u00f3n (si persiste) de Mofy.<\/p>\n<p>Los efectos secundarios comunes incluyen dolor de cabeza, insomnio, mareos, dolor de espalda, n\u00e1useas, malestar estomacal, diarrea, sensaci\u00f3n de ansiedad o nerviosismo, congesti\u00f3n nasal.<\/p>\n<p>Incluso provoca somnolencia y mareos, por lo que no conduzca ni haga nada que requiera concentraci\u00f3n mental hasta que el efecto de la droga haya desaparecido.<\/p>\n<p>Los efectos negativos raros pero m\u00e1s graves pueden incluir hipersensibilidad, fiebre y escalofr\u00edos, confusi\u00f3n, pensamientos suicidas, cansancio y debilidad inusuales, dolor en el pecho.<\/p>\n<p>Esta no es una lista completa de posibles efectos adversos. Consulte a su m\u00e9dico especialista si estos efectos negativos le molestan o no desaparecen.<\/p>\n[\/vc_column][vc_column width=&#8221;1\/2&#8243;]\n<div class=\"su-divider su-divider-style-default\" style=\"margin:10px 0;border-width:3px;border-color:#ffffff00\"><a href=\"#\" style=\"color:#ffffff009\">.<\/a><\/div>\n<h2><strong>Contraindicaciones y precauciones<\/strong><\/h2>\n<div class=\"su-divider su-divider-style-default\" style=\"margin:10px 0;border-width:3px;border-color:#ffffff00\"><a href=\"#\" style=\"color:#ffffff009\">.<\/a><\/div>\nLos eugeroicos son seguros si se toman de acuerdo con la prescripci\u00f3n y sin mezclarlos con otros medicamentos que pueden causar interacciones graves. Se recomienda seguir las instrucciones descritas en el prospecto del medicamento y brindar una lista completa de otros medicamentos que est\u00e1 usando a su m\u00e9dico especialista para que los eval\u00fae.<\/p>\n<p>Las posibles interacciones de Mofy con otros medicamentos incluyen:<\/p>\n<div class=\"su-divider su-divider-style-default\" style=\"margin:10px 0;border-width:3px;border-color:#ffffff00\"><a href=\"#\" style=\"color:#ffffff009\">.<\/a><\/div>\n<ul>\n<li>medicamentos anticonceptivos;<\/li>\n<li>Inhibidores de MAO;<\/li>\n<li>Estimulantes del SNC;<\/li>\n<li>Sustratos CYP3A4 \/ 5 y CYP2C19;<\/li>\n<li>warfarina y otros.<\/li>\n<\/ul>\n<div class=\"su-divider su-divider-style-default\" style=\"margin:10px 0;border-width:3px;border-color:#ffffff00\"><a href=\"#\" style=\"color:#ffffff009\">.<\/a><\/div>\nNo se recomienda el uso de Mofy 200 mg en pacientes y personas sanas al\u00e9rgicas al modafinilo o cualquier medicamento nootr\u00f3pico. Si es al\u00e9rgico a ciertos medicamentos, tomar modafinilo puede manifestar signos de una reacci\u00f3n al\u00e9rgica grave. Se recomienda a las mujeres embarazadas o en per\u00edodo de lactancia que no utilicen el medicamento Mofy a menos que sea necesario. Los riesgos y beneficios deben discutirse con un especialista m\u00e9dico antes de tomar este medicamento.<\/p>\n<p>Como precauci\u00f3n, no se recomienda tomar el medicamento Mofy bajo la influencia del alcohol. Puede aumentar el riesgo de efectos negativos como deterioro del juicio, mareos y somnolencia, entre otros efectos negativos sin precedentes.<\/p>\n<p>Informe a un m\u00e9dico especialista si experimenta pensamientos suicidas, depresi\u00f3n nueva o que empeora, o si desarrolla cambios inusuales en el estado de \u00e1nimo o el comportamiento, entre otros, mientras est\u00e1 bajo este medicamento.<\/p>\n<div class=\"su-divider su-divider-style-default\" style=\"margin:10px 0;border-width:3px;border-color:#ffffff00\"><a href=\"#\" style=\"color:#ffffff009\">.<\/a><\/div>\n<h2><strong>Mofy gen\u00e9rico 200 mg (modafinilo) en l\u00ednea<\/strong><\/h2>\n<div class=\"su-divider su-divider-style-default\" style=\"margin:10px 0;border-width:3px;border-color:#ffffff00\"><a href=\"#\" style=\"color:#ffffff009\">.<\/a><\/div>\nLos gen\u00e9ricos de modafinilo son genuinos y extremadamente baratos en la farmacia electr\u00f3nica BuyModafinilOnline. Obtenemos \u201cmedicamentos inteligentes\u201d de fabricantes aprobados y los ofrecemos al costo de fabricaci\u00f3n.<a href=\"https:\/\/buymodafinilonline.com\/smart-drugs-bestsellers\/\"> Top nootr\u00f3picos<\/a> est\u00e1n disponibles para la venta en nuestra farmacia electr\u00f3nica.<\/p>\n<p>En el mejor de los casos, tambi\u00e9n ofrecemos<a href=\"https:\/\/buymodafinilonline.com\/free-trial\/\"> muestras de prueba gratis<\/a> de modafinilo y armodafinilo para probar la seguridad y eficacia de los medicamentos que ofrecemos. Solo tratamos con productos farmac\u00e9uticos de m\u00e1xima confianza.<\/p>\n<p>Consigue f\u00e1cil y legalmente Mofy 200 mg o cualquier otro nootr\u00f3pico<a href=\"https:\/\/buymodafinilonline.com\/es\/farmacos-inteligentes\/modalert-200-mg\/\">(Modalert<\/a>, <a href=\"https:\/\/buymodafinilonline.com\/es\/farmacos-inteligentes\/modafil-md-200-mg-sublingual\/\">Modafil MD<\/a>, <a href=\"https:\/\/buymodafinilonline.com\/es\/farmacos-inteligentes\/modvigil-200-mg\/\">Modvigil<\/a>, <a href=\"https:\/\/buymodafinilonline.com\/es\/farmacos-inteligentes\/artvigil-150-mg-compromidos\/\">Artvigil<\/a>, <a href=\"https:\/\/buymodafinilonline.com\/es\/farmacos-inteligentes\/waklert-150-mg-tabletas\/\">Waklert<\/a>, etc.) en nuestra farmacia electr\u00f3nica sin receta m\u00e9dica. Las <a href=\"https:\/\/buymodafinilonline.com\/smart-drugs-brands\/\">pastillas de modafinilo y armodafinilo de alta calidad<\/a> que ofrecemos son la mejor forma de ahorrar m\u00e1s dinero utilizando <a href=\"https:\/\/buymodafinilonline.com\/coupons-deals-promo-codes\/\">cupones, ofertas y c\u00f3digos promocionales<\/a>, y descuentos.<\/p>\n<p>Realizamos env\u00edos a todo el mundo y le permitimos experimentar nuestro<a href=\"https:\/\/buymodafinilonline.com\/es\/mejor-proveedor-espana\/\"> env\u00edo ultrarr\u00e1pido exclusivo<\/a> con entrega gratuita en pedidos superiores a $ 80 si utiliza el env\u00edo por correo a\u00e9reo registrado u obtenga env\u00edo expr\u00e9s gratuito en todos los pedidos superiores a $ 150.<\/p>\n<p>En caso de una entrega fallida, \u00a1no se preocupe! Ofrecemos un<a href=\"https:\/\/buymodafinilonline.com\/refund-reshipment\/\"> Reembolso del 100%<\/a> o darle otro reenv\u00edo gratuito. No tiene nada que perder con nuestra farmacia electr\u00f3nica de modafinilo en l\u00ednea.<\/p>\n<p>Nuestra farmacia est\u00e1 altamente protegida con un certificado SSL. Ofrecemos excelentes opciones de pago, que incluyen<a href=\"https:\/\/buymodafinilonline.com\/es\/paga-con-bitcoin\/\"> Bitcoin<\/a> (BTC), PayPal y las principales tarjetas de cr\u00e9dito. \u00a1Ahorra un 23% del coste total si pagas con BTC! \u00a1Cuantas m\u00e1s tabletas compre, menor ser\u00e1 el precio!<\/p>\n<div class=\"su-divider su-divider-style-default\" style=\"margin:10px 0;border-width:3px;border-color:#ffffff00\"><a href=\"#\" style=\"color:#ffffff009\">.<\/a><\/div>\n[\/vc_column]\n<div class=\"su-divider su-divider-style-default\" style=\"margin:10px 0;border-width:3px;border-color:#ffffff00\"><a href=\"#\" style=\"color:#ffffff009\">.<\/a><\/div>\n","protected":false},"excerpt":{"rendered":"<p>Compre tabletas Mofy de 200 mg en nuestra farmacia, ya que las obtenemos del fabricante Bondane Pharma, de la India. Por lo general, este medicamento se usa para tratar la somnolencia diurna excesiva. Las personas sanas lo popularizan ampliamente como potenciador de la productividad y cognitivo. Mofy contiene modafinilo como ingrediente activo. En nuestra farmacia electr\u00f3nica, puede obtener este nootr\u00f3pico al mejor precio al costo de fabricaci\u00f3n.<\/p>\n[sc name=\"s1\"]\n","protected":false},"featured_media":398206,"comment_status":"open","ping_status":"closed","template":"","meta":{"_acf_changed":false},"product_brand":[],"product_cat":[3788],"product_tag":[4001],"class_list":{"0":"post-409293","1":"product","2":"type-product","3":"status-publish","4":"has-post-thumbnail","6":"product_cat-marcas-de-drogas-inteligentes","7":"product_tag-modafinilo","9":"first","10":"instock","11":"sale","12":"shipping-taxable","13":"purchasable","14":"product-type-variable","15":"has-default-attributes"},"acf":[],"yoast_head":"<!-- This site is optimized with the Yoast SEO Premium plugin v23.6 (Yoast SEO v27.3) - https:\/\/yoast.com\/product\/yoast-seo-premium-wordpress\/ -->\n<title>Compre medicamentos baratos de venta libre Mofy 200 mg (modafinilo) - BuyModafinilOnline<\/title>\n<meta name=\"description\" content=\"Compre tabletas de 200 mg de Mofy en l\u00ednea del fabricante de Bondane Pharma. Compre Mofy 200 mg (modafinil) sin receta en la farmacia BuyModafinilOnline. Paga con Bitcoin - \u00a1ahorra un 23%!\" \/>\n<meta name=\"robots\" content=\"index, follow, max-snippet:-1, max-image-preview:large, max-video-preview:-1\" \/>\n<link rel=\"canonical\" href=\"https:\/\/buymodafinilonline.com\/es\/farmacos-inteligentes\/mofy-200-mg\/\" \/>\n<meta property=\"og:locale\" content=\"es_ES\" \/>\n<meta property=\"og:type\" content=\"article\" \/>\n<meta property=\"og:title\" content=\"Mofy 200 mg\" \/>\n<meta property=\"og:description\" content=\"Compre tabletas de 200 mg de Mofy en l\u00ednea del fabricante de Bondane Pharma. Compre Mofy 200 mg (modafinil) sin receta en la farmacia BuyModafinilOnline. Paga con Bitcoin - \u00a1ahorra un 23%!\" \/>\n<meta property=\"og:url\" content=\"https:\/\/buymodafinilonline.com\/es\/farmacos-inteligentes\/mofy-200-mg\/\" \/>\n<meta property=\"og:site_name\" content=\"BuyModafinilOnline.com\" \/>\n<meta property=\"article:modified_time\" content=\"2025-04-29T12:55:35+00:00\" \/>\n<meta property=\"og:image\" content=\"https:\/\/buymodafinilonline.com\/wp-content\/uploads\/2020\/04\/bmo-product-mofy-200-mg.png\" \/>\n\t<meta property=\"og:image:width\" content=\"1280\" \/>\n\t<meta property=\"og:image:height\" content=\"1500\" \/>\n\t<meta property=\"og:image:type\" content=\"image\/png\" \/>\n<meta name=\"twitter:label1\" content=\"Tiempo de lectura\" \/>\n\t<meta name=\"twitter:data1\" content=\"6 minutos\" \/>\n<script type=\"application\/ld+json\" class=\"yoast-schema-graph\">{\"@context\":\"https:\\\/\\\/schema.org\",\"@graph\":[{\"@type\":\"WebPage\",\"@id\":\"https:\\\/\\\/buymodafinilonline.com\\\/es\\\/farmacos-inteligentes\\\/mofy-200-mg\\\/\",\"url\":\"https:\\\/\\\/buymodafinilonline.com\\\/es\\\/farmacos-inteligentes\\\/mofy-200-mg\\\/\",\"name\":\"Compre medicamentos baratos de venta libre Mofy 200 mg (modafinilo) - BuyModafinilOnline\",\"isPartOf\":{\"@id\":\"https:\\\/\\\/buymodafinilonline.com\\\/es\\\/#website\"},\"primaryImageOfPage\":{\"@id\":\"https:\\\/\\\/buymodafinilonline.com\\\/es\\\/farmacos-inteligentes\\\/mofy-200-mg\\\/#primaryimage\"},\"image\":{\"@id\":\"https:\\\/\\\/buymodafinilonline.com\\\/es\\\/farmacos-inteligentes\\\/mofy-200-mg\\\/#primaryimage\"},\"thumbnailUrl\":\"https:\\\/\\\/buymodafinilonline.com\\\/wp-content\\\/uploads\\\/2020\\\/04\\\/bmo-product-mofy-200-mg.png\",\"datePublished\":\"2020-11-08T16:20:57+00:00\",\"dateModified\":\"2025-04-29T12:55:35+00:00\",\"description\":\"Compre tabletas de 200 mg de Mofy en l\u00ednea del fabricante de Bondane Pharma. Compre Mofy 200 mg (modafinil) sin receta en la farmacia BuyModafinilOnline. Paga con Bitcoin - \u00a1ahorra un 23%!\",\"breadcrumb\":{\"@id\":\"https:\\\/\\\/buymodafinilonline.com\\\/es\\\/farmacos-inteligentes\\\/mofy-200-mg\\\/#breadcrumb\"},\"inLanguage\":\"es\",\"potentialAction\":[{\"@type\":\"ReadAction\",\"target\":[\"https:\\\/\\\/buymodafinilonline.com\\\/es\\\/farmacos-inteligentes\\\/mofy-200-mg\\\/\"]}]},{\"@type\":\"ImageObject\",\"inLanguage\":\"es\",\"@id\":\"https:\\\/\\\/buymodafinilonline.com\\\/es\\\/farmacos-inteligentes\\\/mofy-200-mg\\\/#primaryimage\",\"url\":\"https:\\\/\\\/buymodafinilonline.com\\\/wp-content\\\/uploads\\\/2020\\\/04\\\/bmo-product-mofy-200-mg.png\",\"contentUrl\":\"https:\\\/\\\/buymodafinilonline.com\\\/wp-content\\\/uploads\\\/2020\\\/04\\\/bmo-product-mofy-200-mg.png\",\"width\":1280,\"height\":1500,\"caption\":\"Mofy 200 mg\"},{\"@type\":\"BreadcrumbList\",\"@id\":\"https:\\\/\\\/buymodafinilonline.com\\\/es\\\/farmacos-inteligentes\\\/mofy-200-mg\\\/#breadcrumb\",\"itemListElement\":[{\"@type\":\"ListItem\",\"position\":1,\"name\":\"Buy Modafinil Online\",\"item\":\"https:\\\/\\\/buymodafinilonline.com\\\/es\\\/\"},{\"@type\":\"ListItem\",\"position\":2,\"name\":\"Tienda\",\"item\":\"https:\\\/\\\/buymodafinilonline.com\\\/es\\\/tienda\\\/\"},{\"@type\":\"ListItem\",\"position\":3,\"name\":\"Marcas de drogas inteligentes\",\"item\":\"https:\\\/\\\/buymodafinilonline.com\\\/es\\\/categoria-de-productos\\\/marcas-de-drogas-inteligentes\\\/\"},{\"@type\":\"ListItem\",\"position\":4,\"name\":\"Mofy 200 mg\"}]},{\"@type\":\"WebSite\",\"@id\":\"https:\\\/\\\/buymodafinilonline.com\\\/es\\\/#website\",\"url\":\"https:\\\/\\\/buymodafinilonline.com\\\/es\\\/\",\"name\":\"BuyModafinilOnline.com\",\"description\":\"Modafinil Online Pharmacy\",\"publisher\":{\"@id\":\"https:\\\/\\\/buymodafinilonline.com\\\/es\\\/#organization\"},\"potentialAction\":[{\"@type\":\"SearchAction\",\"target\":{\"@type\":\"EntryPoint\",\"urlTemplate\":\"https:\\\/\\\/buymodafinilonline.com\\\/es\\\/?s={search_term_string}\"},\"query-input\":{\"@type\":\"PropertyValueSpecification\",\"valueRequired\":true,\"valueName\":\"search_term_string\"}}],\"inLanguage\":\"es\"},{\"@type\":\"Organization\",\"@id\":\"https:\\\/\\\/buymodafinilonline.com\\\/es\\\/#organization\",\"name\":\"BuyModafinilOnline\",\"url\":\"https:\\\/\\\/buymodafinilonline.com\\\/es\\\/\",\"logo\":{\"@type\":\"ImageObject\",\"inLanguage\":\"es\",\"@id\":\"https:\\\/\\\/buymodafinilonline.com\\\/es\\\/#\\\/schema\\\/logo\\\/image\\\/\",\"url\":\"https:\\\/\\\/buymodafinilonline.com\\\/wp-content\\\/uploads\\\/2020\\\/04\\\/logo-buy-modafinil-online-yellow.png\",\"contentUrl\":\"https:\\\/\\\/buymodafinilonline.com\\\/wp-content\\\/uploads\\\/2020\\\/04\\\/logo-buy-modafinil-online-yellow.png\",\"width\":200,\"height\":200,\"caption\":\"BuyModafinilOnline\"},\"image\":{\"@id\":\"https:\\\/\\\/buymodafinilonline.com\\\/es\\\/#\\\/schema\\\/logo\\\/image\\\/\"}}]}<\/script>\n<!-- \/ Yoast SEO Premium plugin. -->","yoast_head_json":{"title":"Compre medicamentos baratos de venta libre Mofy 200 mg (modafinilo) - BuyModafinilOnline","description":"Compre tabletas de 200 mg de Mofy en l\u00ednea del fabricante de Bondane Pharma. Compre Mofy 200 mg (modafinil) sin receta en la farmacia BuyModafinilOnline. Paga con Bitcoin - \u00a1ahorra un 23%!","robots":{"index":"index","follow":"follow","max-snippet":"max-snippet:-1","max-image-preview":"max-image-preview:large","max-video-preview":"max-video-preview:-1"},"canonical":"https:\/\/buymodafinilonline.com\/es\/farmacos-inteligentes\/mofy-200-mg\/","og_locale":"es_ES","og_type":"article","og_title":"Mofy 200 mg","og_description":"Compre tabletas de 200 mg de Mofy en l\u00ednea del fabricante de Bondane Pharma. Compre Mofy 200 mg (modafinil) sin receta en la farmacia BuyModafinilOnline. Paga con Bitcoin - \u00a1ahorra un 23%!","og_url":"https:\/\/buymodafinilonline.com\/es\/farmacos-inteligentes\/mofy-200-mg\/","og_site_name":"BuyModafinilOnline.com","article_modified_time":"2025-04-29T12:55:35+00:00","og_image":[{"width":1280,"height":1500,"url":"https:\/\/buymodafinilonline.com\/wp-content\/uploads\/2020\/04\/bmo-product-mofy-200-mg.png","type":"image\/png"}],"twitter_misc":{"Tiempo de lectura":"6 minutos"},"schema":{"@context":"https:\/\/schema.org","@graph":[{"@type":"WebPage","@id":"https:\/\/buymodafinilonline.com\/es\/farmacos-inteligentes\/mofy-200-mg\/","url":"https:\/\/buymodafinilonline.com\/es\/farmacos-inteligentes\/mofy-200-mg\/","name":"Compre medicamentos baratos de venta libre Mofy 200 mg (modafinilo) - BuyModafinilOnline","isPartOf":{"@id":"https:\/\/buymodafinilonline.com\/es\/#website"},"primaryImageOfPage":{"@id":"https:\/\/buymodafinilonline.com\/es\/farmacos-inteligentes\/mofy-200-mg\/#primaryimage"},"image":{"@id":"https:\/\/buymodafinilonline.com\/es\/farmacos-inteligentes\/mofy-200-mg\/#primaryimage"},"thumbnailUrl":"https:\/\/buymodafinilonline.com\/wp-content\/uploads\/2020\/04\/bmo-product-mofy-200-mg.png","datePublished":"2020-11-08T16:20:57+00:00","dateModified":"2025-04-29T12:55:35+00:00","description":"Compre tabletas de 200 mg de Mofy en l\u00ednea del fabricante de Bondane Pharma. Compre Mofy 200 mg (modafinil) sin receta en la farmacia BuyModafinilOnline. Paga con Bitcoin - \u00a1ahorra un 23%!","breadcrumb":{"@id":"https:\/\/buymodafinilonline.com\/es\/farmacos-inteligentes\/mofy-200-mg\/#breadcrumb"},"inLanguage":"es","potentialAction":[{"@type":"ReadAction","target":["https:\/\/buymodafinilonline.com\/es\/farmacos-inteligentes\/mofy-200-mg\/"]}]},{"@type":"ImageObject","inLanguage":"es","@id":"https:\/\/buymodafinilonline.com\/es\/farmacos-inteligentes\/mofy-200-mg\/#primaryimage","url":"https:\/\/buymodafinilonline.com\/wp-content\/uploads\/2020\/04\/bmo-product-mofy-200-mg.png","contentUrl":"https:\/\/buymodafinilonline.com\/wp-content\/uploads\/2020\/04\/bmo-product-mofy-200-mg.png","width":1280,"height":1500,"caption":"Mofy 200 mg"},{"@type":"BreadcrumbList","@id":"https:\/\/buymodafinilonline.com\/es\/farmacos-inteligentes\/mofy-200-mg\/#breadcrumb","itemListElement":[{"@type":"ListItem","position":1,"name":"Buy Modafinil Online","item":"https:\/\/buymodafinilonline.com\/es\/"},{"@type":"ListItem","position":2,"name":"Tienda","item":"https:\/\/buymodafinilonline.com\/es\/tienda\/"},{"@type":"ListItem","position":3,"name":"Marcas de drogas inteligentes","item":"https:\/\/buymodafinilonline.com\/es\/categoria-de-productos\/marcas-de-drogas-inteligentes\/"},{"@type":"ListItem","position":4,"name":"Mofy 200 mg"}]},{"@type":"WebSite","@id":"https:\/\/buymodafinilonline.com\/es\/#website","url":"https:\/\/buymodafinilonline.com\/es\/","name":"BuyModafinilOnline.com","description":"Modafinil Online Pharmacy","publisher":{"@id":"https:\/\/buymodafinilonline.com\/es\/#organization"},"potentialAction":[{"@type":"SearchAction","target":{"@type":"EntryPoint","urlTemplate":"https:\/\/buymodafinilonline.com\/es\/?s={search_term_string}"},"query-input":{"@type":"PropertyValueSpecification","valueRequired":true,"valueName":"search_term_string"}}],"inLanguage":"es"},{"@type":"Organization","@id":"https:\/\/buymodafinilonline.com\/es\/#organization","name":"BuyModafinilOnline","url":"https:\/\/buymodafinilonline.com\/es\/","logo":{"@type":"ImageObject","inLanguage":"es","@id":"https:\/\/buymodafinilonline.com\/es\/#\/schema\/logo\/image\/","url":"https:\/\/buymodafinilonline.com\/wp-content\/uploads\/2020\/04\/logo-buy-modafinil-online-yellow.png","contentUrl":"https:\/\/buymodafinilonline.com\/wp-content\/uploads\/2020\/04\/logo-buy-modafinil-online-yellow.png","width":200,"height":200,"caption":"BuyModafinilOnline"},"image":{"@id":"https:\/\/buymodafinilonline.com\/es\/#\/schema\/logo\/image\/"}}]}},"_links":{"self":[{"href":"https:\/\/buymodafinilonline.com\/es\/wp-json\/wp\/v2\/product\/409293","targetHints":{"allow":["GET"]}}],"collection":[{"href":"https:\/\/buymodafinilonline.com\/es\/wp-json\/wp\/v2\/product"}],"about":[{"href":"https:\/\/buymodafinilonline.com\/es\/wp-json\/wp\/v2\/types\/product"}],"replies":[{"embeddable":true,"href":"https:\/\/buymodafinilonline.com\/es\/wp-json\/wp\/v2\/comments?post=409293"}],"wp:featuredmedia":[{"embeddable":true,"href":"https:\/\/buymodafinilonline.com\/es\/wp-json\/wp\/v2\/media\/398206"}],"wp:attachment":[{"href":"https:\/\/buymodafinilonline.com\/es\/wp-json\/wp\/v2\/media?parent=409293"}],"wp:term":[{"taxonomy":"product_brand","embeddable":true,"href":"https:\/\/buymodafinilonline.com\/es\/wp-json\/wp\/v2\/product_brand?post=409293"},{"taxonomy":"product_cat","embeddable":true,"href":"https:\/\/buymodafinilonline.com\/es\/wp-json\/wp\/v2\/product_cat?post=409293"},{"taxonomy":"product_tag","embeddable":true,"href":"https:\/\/buymodafinilonline.com\/es\/wp-json\/wp\/v2\/product_tag?post=409293"}],"curies":[{"name":"wp","href":"https:\/\/api.w.org\/{rel}","templated":true}]}}