{"id":410268,"date":"2020-04-06T20:31:51","date_gmt":"2020-04-06T19:31:51","guid":{"rendered":"https:\/\/buymodafinilonline.com\/smart-drugs\/super-pack-combinado-de-modalert-y-waklert\/"},"modified":"2024-11-15T16:54:44","modified_gmt":"2024-11-15T15:54:44","slug":"super-pack-combinado-de-modalert-y-waklert","status":"publish","type":"product","link":"https:\/\/buymodafinilonline.com\/es\/farmacos-inteligentes\/super-pack-combinado-de-modalert-y-waklert\/","title":{"rendered":"Pack combinado de Modalert y Waklert"},"content":{"rendered":"[vc_column width=&#8221;1\/2&#8243;]\n<h2>\u00bfQu\u00e9 es el pack combinado Modalert y Waklert?<\/h2>\n<p>El s\u00faper pack combinado Modalert y Waklert es exactamente lo que necesitas si tomas habitualmente \u201cf\u00e1rmacos inteligentes\u201d. Te permite ahorrar dinero gracias a las opciones econ\u00f3micas con la introducci\u00f3n de los packs combinados. Y podr\u00e1s probar marcas con principios activos diferentes. El precio de un comprimido de estos nootr\u00f3picos depende de la cantidad del pack. Te lo ponemos f\u00e1cil: cuantos m\u00e1s compres, m\u00e1s baratos ser\u00e1n.<\/p>\n<div class=\"su-divider su-divider-style-default\" style=\"margin:10px 0;border-width:3px;border-color:#ffffff00\"><a href=\"#\" style=\"color:#ffffff009\">.<\/a><\/div>\n<p><strong>Este s\u00faper pack combinado contiene los siguientes f\u00e1rmacos:<\/strong><\/p>\n<div class=\"su-divider su-divider-style-default\" style=\"margin:10px 0;border-width:3px;border-color:#ffffff00\"><a href=\"#\" style=\"color:#ffffff009\">.<\/a><\/div>\n<ul>\n<li><a href=\"https:\/\/buymodafinilonline.com\/es\/farmacos-inteligentes\/modalert-200-mg\/\">Modalert 200 mg<\/a>: la marca de modafinilo gen\u00e9rico m\u00e1s popular;<\/li>\n<li><a href=\"https:\/\/buymodafinilonline.com\/es\/farmacos-inteligentes\/waklert-150-mg\/\">Waklert 150 mg<\/a>: la marca de armodafinilo gen\u00e9rico m\u00e1s popular;<\/li>\n<li><a href=\"https:\/\/buymodafinilonline.com\/es\/farmacos-inteligentes\/modafil-md-200-mg-sublingual\/\">Modafil MD 200 mg sublingual<\/a>: la mejor opci\u00f3n para una absorci\u00f3n e inicio de acci\u00f3n m\u00e1s r\u00e1pido; marca de modafinilo gen\u00e9rico de INTAS;<\/li>\n<li>En este sitio web tambi\u00e9n ofrecemos otras <a href=\"https:\/\/buymodafinilonline.com\/smart-drugs-brands\/\">marcas gen\u00e9ricas de armodafinilo y modafinilo<\/a>.<\/li>\n<\/ul>\n<p><strong>Nota<\/strong>: aseg\u00farate de especificar tus preferencias de s\u00faper pack combinado Modalert y Waklert en el campo de notas especiales de la <a href=\"https:\/\/buymodafinilonline.com\/es\/confirmar\/\">p\u00e1gina de pago<\/a> (debajo de la direcci\u00f3n de env\u00edo).<\/p>\n<p>Si se te olvida especificar tus preferencias de combinaci\u00f3n, incluiremos un 50 % de comprimidos de Waklert y un 50 % de comprimidos de Modalert por defecto (los dos nootr\u00f3picos los fabrica Sun Pharma en la India).<\/p>\n<div class=\"su-divider su-divider-style-default\" style=\"margin:10px 0;border-width:3px;border-color:#ffffff00\"><a href=\"#\" style=\"color:#ffffff009\">.<\/a><\/div>\n<p><strong>Modalert gen\u00e9rico 200 mg<\/strong><\/p>\n<p>Este medicamento se receta para tratar la somnolencia diurna excesiva derivada de varios trastornos del sue\u00f1o como la narcolepsia, la apnea obstructiva del sue\u00f1o (AOS) y el trastorno del sue\u00f1o a causa del trabajo por turnos (TSTT).<\/p>\n<p>Los m\u00e9dicos tambi\u00e9n pueden recetar Modalert 200 mg para usos no indicados en el prospecto a personas que padecen trastorno por d\u00e9ficit de atenci\u00f3n e hiperactividad, depresi\u00f3n, p\u00e9rdida de peso y otras enfermedades relacionadas gracias a su capacidad para mejorar la concentraci\u00f3n, la atenci\u00f3n y restablecer el estado de vigilia. Adem\u00e1s, muchas personas sanas recurren a dichos comprimidos para mejorar su capacidad intelectual y aumentar la productividad.<\/p>\n<div class=\"su-divider su-divider-style-default\" style=\"margin:10px 0;border-width:3px;border-color:#ffffff00\"><a href=\"#\" style=\"color:#ffffff009\">.<\/a><\/div>\n<h3>Waklert gen\u00e9rico 150 mg<\/h3>\n<p>Como agente para fomentar el estado de vigilia, Waklert se utiliza para estimular algunas sustancias qu\u00edmicas del cerebro que provocan trastornos del sue\u00f1o. Al igual que Modalert, se receta para mejorar el estado de vigila en pacientes con somnolencia diurna excesiva relacionada con la narcolepsia, la AOS y el TSTT.<\/p>\n<p>El uso de Waklert est\u00e1 bastante extendido con fines no indicados en el prospecto para el tratamiento del s\u00edndrome de fatiga cr\u00f3nica, trastorno depresivo grave, trastorno por d\u00e9ficit de atenci\u00f3n e hiperactividad, entre otros.<\/p>\n<p>Algunas personas sanas prefieren tomar este f\u00e1rmaco gracias a sus efectos de mejora cognitiva. Principalmente, aumenta la productividad y facilita eficazemente el razonamiento, la resoluci\u00f3n de problemas y el rendimiento intelectual.<\/p>\n<div class=\"su-divider su-divider-style-default\" style=\"margin:10px 0;border-width:3px;border-color:#ffffff00\"><a href=\"#\" style=\"color:#ffffff009\">.<\/a><\/div>\n<h2>C\u00f3mo funcionan los comprimidos<\/h2>\n<p>El principio activo de Modalert es el modafinilo, mientras que el principio activo de Waklert es el armodafinilo. Los dos principios activos tienen la misma funci\u00f3n. Aumentan la concentraci\u00f3n de dopamina en el cerebro enlazando el transportador de dopamina e inhibiendo la recaptaci\u00f3n de dopamina.<\/p>\n<p>La dopamina es un neurotransmisor esencial que utilizan las c\u00e9lulas nervisosas para comunicarse efectivamente entre s\u00ed. Al bloquear su recaptaci\u00f3n por otras sustancias qu\u00edmicas del organismo, Modalert y Waklert aumentan los niveles de dopamina extracelular en algunas zonas del cerebro, por lo que mejora la circulaci\u00f3n sangu\u00ednea, la funci\u00f3n ejecutiva, la memoria, la atenci\u00f3n, el control motor. Adem\u00e1s, aumenta la energ\u00eda, mejora el estado de \u00e1nimo y las emociones y provoca una sensaci\u00f3n de \u201cbienestar\u201d, entre otros efectos.<\/p>\n<div class=\"su-divider su-divider-style-default\" style=\"margin:10px 0;border-width:3px;border-color:#ffffff00\"><a href=\"#\" style=\"color:#ffffff009\">.<\/a><\/div>\n<h2>Dosis segura y uso adecuado<\/h2>\n<p>Las dosis de estos f\u00e1rmacos son diferentes. Modalert est\u00e1 disponible en comprimidos de 100 mg y 200 mg. Waklert est\u00e1 disponible en dosis de 50 mg y 150 mg. La dosis recomendada es de 200 mg de modafinilo (Modalert) o 150 mg de armodafinilo (Waklert).<\/p>\n<p>En funci\u00f3n de la finalidad de uso, estos nootr\u00f3picos se toman de la siguiente manera:<\/p>\n<div class=\"su-divider su-divider-style-default\" style=\"margin:10px 0;border-width:3px;border-color:#ffffff00\"><a href=\"#\" style=\"color:#ffffff009\">.<\/a><\/div>\n<ul>\n<li>para la narcolepsia y AOS: una vez al d\u00eda por la ma\u00f1ana;<\/li>\n<li>para el TSTT aproximadamente 1 hora antes de empezar el turno de trabajo;<\/li>\n<li>para otras enfermedades, mejora cognitiva o tareas de productividad: en el momento indicado seg\u00fan las instrucciones del m\u00e9dico.<\/li>\n<\/ul>\n[\/vc_column][vc_column width=&#8221;1\/2&#8243;]\n<p>Sobre todo, no te automediques o mezcles estos f\u00e1rmacos. Consulta con tu m\u00e9dico la dosis segura, incluida la dosis segura seg\u00fan tu estado de salud.<\/p>\n<div class=\"su-divider su-divider-style-default\" style=\"margin:10px 0;border-width:3px;border-color:#ffffff00\"><a href=\"#\" style=\"color:#ffffff009\">.<\/a><\/div>\n<h2>Posibles efectos secundarios<\/h2>\n<p>Estos f\u00e1rmacos son seguros y se toleran bien. Los efectos secundarios son raros, sobre todo en personas sanas. Los s\u00edntomas negativos relacionados con el consumo de nootr\u00f3picos est\u00e1n clasificados como habituales\/menos peligrosos y raros\/m\u00e1s peligrosos.<\/p>\n<p>Los efectos secundarios m\u00e1s habituales son los siguientes:<\/p>\n<div class=\"su-divider su-divider-style-default\" style=\"margin:10px 0;border-width:3px;border-color:#ffffff00\"><a href=\"#\" style=\"color:#ffffff009\">.<\/a><\/div>\n<ul>\n<li>congesti\u00f3n y secreci\u00f3n nasal;<\/li>\n<li>sensaci\u00f3n de ansiedad;<\/li>\n<li>indigesti\u00f3n;<\/li>\n<li>diarrea;<\/li>\n<li>mareos;<\/li>\n<li>dificultad para dormir;<\/li>\n<li>n\u00e1useas;<\/li>\n<li>dolor de cabeza;<\/li>\n<li>dolor de espalda;<\/li>\n<li>nerviosismo.<\/li>\n<\/ul>\n<p>Los efectos negativos raros que suelen ser graves son los siguientes:<\/p>\n<div class=\"su-divider su-divider-style-default\" style=\"margin:10px 0;border-width:3px;border-color:#ffffff00\"><a href=\"#\" style=\"color:#ffffff009\">.<\/a><\/div>\n<ul>\n<li>erupci\u00f3n cut\u00e1nea;<\/li>\n<li>latidos card\u00edacos anormales;<\/li>\n<li>sangre en la orina;<\/li>\n<li>urticaria;<\/li>\n<li>comportamiento hiperactivo;<\/li>\n<li>problemas mentales;<\/li>\n<li>ideas suicidas;<\/li>\n<li>dificultad para respirar y otros.<\/li>\n<\/ul>\n<p>Esta lista no es exhaustiva. Algunos efectos negativos pueden ser graves seg\u00fan tu estado de salud y adherencia a la dosis. Antes de tomar estos medicamentos, deja que un m\u00e9dico eval\u00fae tu estado de salud, sobre todo problemas de coraz\u00f3n\/h\u00edgado. Si tienes alg\u00fan s\u00edntoma extra\u00f1o habla con tu m\u00e9dico.<\/p>\n<div class=\"su-divider su-divider-style-default\" style=\"margin:10px 0;border-width:3px;border-color:#ffffff00\"><a href=\"#\" style=\"color:#ffffff009\">.<\/a><\/div>\n<h2>Contraindicaciones y precauciones<\/h2>\n<p>Contraindicaciones, informaci\u00f3n importante y precauciones a seguir al tomar nootr\u00f3picos. Debes seguir las instrucciones de tu m\u00e9dico y la informaci\u00f3n que figura en el prospecto del f\u00e1rmaco.<\/p>\n<p>Estos dos f\u00e1rmacos pueden interactuar con algunos medicamentos como los siguientes:<\/p>\n<div class=\"su-divider su-divider-style-default\" style=\"margin:10px 0;border-width:3px;border-color:#ffffff00\"><a href=\"#\" style=\"color:#ffffff009\">.<\/a><\/div>\n<ul>\n<li>sustratos de CYP2C19 y CYP3A4\/5;<\/li>\n<li>inhibidores de la monoamino oxidasa;<\/li>\n<li>warfarina y otros.<\/li>\n<\/ul>\n<p>Esta lista no est\u00e1 completa. Tambi\u00e9n se puede producir interacci\u00f3n con enfermedades. Tu m\u00e9dico debe comprobar todos los medicamentos que est\u00e1s tomando y revisar tu estado de salud. No mezcles los f\u00e1rmacos con otros medicamentos sin antes consultar a tu m\u00e9dico. La mayor\u00eda de comidas son compatibles con los nootr\u00f3picos. Sin embargo, no los mezcles con alcohol ya que pueden provocar efectos secundarios in\u00e9ditos.<\/p>\n<div class=\"su-divider su-divider-style-default\" style=\"margin:10px 0;border-width:3px;border-color:#ffffff00\"><a href=\"#\" style=\"color:#ffffff009\">.<\/a><\/div>\n<h2>Experiencia del consumidor<\/h2>\n<p>El pack combinado es la mejor forma de conocer la efectividad de cada marca de nootr\u00f3pico. Algunas personas dicen que las pastillas de armodafinilo (Waklert) son m\u00e1s efectivas, mientras que otras aseguran que las de modafinilo, sobre todo Modalert, son las mejores.<\/p>\n<p>Seg\u00fan las rese\u00f1as de usuarios, los eugeroicos son efectivos para fomentar el estado de vigilia, mejorar la funci\u00f3n cognitiva, la creatividad y aumentar la productividad en el trabajo. Si bien los efectos negativos no se pueden descartar, los consumidores de nootr\u00f3picos deben consultar al m\u00e9dico antes de tomarlos.<\/p>\n<div class=\"su-divider su-divider-style-default\" style=\"margin:10px 0;border-width:3px;border-color:#ffffff00\"><a href=\"#\" style=\"color:#ffffff009\">.<\/a><\/div>\n<h2>C\u00f3mo obtener el s\u00faper pack combinado de Modalert\/Waklert online<\/h2>\n<p><a href=\"https:\/\/buymodafinilonline.com\/es\/\">BuyModafinilOnline<\/a> es una farmacia online segura que ofrece medicamentos de modafinilo y armodafinilo aut\u00e9nticos, incluidas muestras gratis, procedentes de fabricantes autorizados. Es el mejor sitio para comprar \u201c<a href=\"https:\/\/buymodafinilonline.com\/es\/tienda\/\">f\u00e1rmacos inteligentes<\/a>\u201d baratos y de calidad sin receta m\u00e9dica. Todos nuestros eugeroicos, incluidos el super pack combinado de Modalert y Waklert, tienen el precio de f\u00e1brica. \u00a1Cuantas m\u00e1s pastillas encargues, m\u00e1s baratas seran!<\/p>\n<p>Dispones de varias opciones de pago como, por ejemplo, <a href=\"https:\/\/buymodafinilonline.com\/es\/paga-con-bitcoin\/\">Bitcoin<\/a> (con un descuento del 23 %), PayPal y tarjeta de cr\u00e9dito. El <a href=\"https:\/\/buymodafinilonline.com\/es\/mejor-proveedor-espana\/\">env\u00edo<\/a> de los paquetes es ultra r\u00e1pido a todo el mundo, excepto a una breve lista de pa\u00edses. Si el paquete no llega a su destino, reenviamos el pedido o reembolsamos el importe.<\/p>\n<div class=\"su-divider su-divider-style-default\" style=\"margin:10px 0;border-width:3px;border-color:#ffffff00\"><a href=\"#\" style=\"color:#ffffff009\">.<\/a><\/div>\n[\/vc_column]\n","protected":false},"excerpt":{"rendered":"<p>Nota: <strong>aseg\u00farate de especificar tus preferencias para el s\u00faper pack combinado Modalert y Waklert <\/strong>en el campo notas especiales de la p\u00e1gina de pago (debajo de la direcci\u00f3n de env\u00edo).<\/p>\n<p>Si se te olvida especificar tus preferencias de combinaci\u00f3n, incluiremos un 50 % de comprimidos de Modalert y un 50 % de comprimidos de Waklert por defecto (los dos de Sun Pharma).<\/p>\n<p>\u00a1NOVEDAD! Consulta nuestra oferta especial <a href=\"https:\/\/buymodafinilonline.com\/smart-drugs\/male-force-ed-pack\/\">pack combinado Male Force<\/a>.[sc name=\"s1\"]<\/p>\n<p>&nbsp;<\/p>\n","protected":false},"featured_media":410271,"comment_status":"closed","ping_status":"closed","template":"","meta":{"_acf_changed":false},"product_brand":[],"product_cat":[3788,4239],"product_tag":[4023,4001],"class_list":{"0":"post-410268","1":"product","2":"type-product","3":"status-publish","4":"has-post-thumbnail","6":"product_cat-marcas-de-drogas-inteligentes","7":"product_cat-paquetes-combinados","8":"product_tag-armodafinil-es","9":"product_tag-modafinilo","11":"first","12":"instock","13":"sale","14":"shipping-taxable","15":"purchasable","16":"product-type-variable","17":"has-default-attributes"},"acf":[],"yoast_head":"<!-- This site is optimized with the Yoast SEO Premium plugin v23.6 (Yoast SEO v27.3) - https:\/\/yoast.com\/product\/yoast-seo-premium-wordpress\/ -->\n<title>Pack combinado de Modalert y Waklert | BuyModafinilOnline.com<\/title>\n<meta name=\"description\" content=\"El s\u00faper pack combinado Modalert y Waklert es una soluci\u00f3n ideal para aquellos que toman habitualmente f\u00e1rmacos inteligentes. El s\u00faper pack te permite ahorrar m\u00e1s. El precio de un comprimido depende de la cantidad del pack, es decir, que cuantos m\u00e1s compres, m\u00e1s baratos ser\u00e1n.\" \/>\n<meta name=\"robots\" content=\"index, follow, max-snippet:-1, max-image-preview:large, max-video-preview:-1\" \/>\n<link rel=\"canonical\" href=\"https:\/\/buymodafinilonline.com\/es\/farmacos-inteligentes\/super-pack-combinado-de-modalert-y-waklert\/\" \/>\n<meta property=\"og:locale\" content=\"es_ES\" \/>\n<meta property=\"og:type\" content=\"article\" \/>\n<meta property=\"og:title\" content=\"Pack combinado de Modalert y Waklert\" \/>\n<meta property=\"og:description\" content=\"El s\u00faper pack combinado Modalert y Waklert es una soluci\u00f3n ideal para aquellos que toman habitualmente f\u00e1rmacos inteligentes. El s\u00faper pack te permite ahorrar m\u00e1s. El precio de un comprimido depende de la cantidad del pack, es decir, que cuantos m\u00e1s compres, m\u00e1s baratos ser\u00e1n.\" \/>\n<meta property=\"og:url\" content=\"https:\/\/buymodafinilonline.com\/es\/farmacos-inteligentes\/super-pack-combinado-de-modalert-y-waklert\/\" \/>\n<meta property=\"og:site_name\" content=\"BuyModafinilOnline.com\" \/>\n<meta property=\"article:modified_time\" content=\"2024-11-15T15:54:44+00:00\" \/>\n<meta property=\"og:image\" content=\"https:\/\/buymodafinilonline.com\/wp-content\/uploads\/2020\/04\/product-bmo-modalert-waklert-4.png\" \/>\n\t<meta property=\"og:image:width\" content=\"1280\" \/>\n\t<meta property=\"og:image:height\" content=\"1500\" \/>\n\t<meta property=\"og:image:type\" content=\"image\/png\" \/>\n<meta name=\"twitter:label1\" content=\"Tiempo de lectura\" \/>\n\t<meta name=\"twitter:data1\" content=\"7 minutos\" \/>\n<script type=\"application\/ld+json\" class=\"yoast-schema-graph\">{\"@context\":\"https:\\\/\\\/schema.org\",\"@graph\":[{\"@type\":\"WebPage\",\"@id\":\"https:\\\/\\\/buymodafinilonline.com\\\/es\\\/farmacos-inteligentes\\\/super-pack-combinado-de-modalert-y-waklert\\\/\",\"url\":\"https:\\\/\\\/buymodafinilonline.com\\\/es\\\/farmacos-inteligentes\\\/super-pack-combinado-de-modalert-y-waklert\\\/\",\"name\":\"Pack combinado de Modalert y Waklert | BuyModafinilOnline.com\",\"isPartOf\":{\"@id\":\"https:\\\/\\\/buymodafinilonline.com\\\/es\\\/#website\"},\"primaryImageOfPage\":{\"@id\":\"https:\\\/\\\/buymodafinilonline.com\\\/es\\\/farmacos-inteligentes\\\/super-pack-combinado-de-modalert-y-waklert\\\/#primaryimage\"},\"image\":{\"@id\":\"https:\\\/\\\/buymodafinilonline.com\\\/es\\\/farmacos-inteligentes\\\/super-pack-combinado-de-modalert-y-waklert\\\/#primaryimage\"},\"thumbnailUrl\":\"https:\\\/\\\/buymodafinilonline.com\\\/wp-content\\\/uploads\\\/2020\\\/04\\\/product-bmo-modalert-waklert-4.png\",\"datePublished\":\"2020-04-06T19:31:51+00:00\",\"dateModified\":\"2024-11-15T15:54:44+00:00\",\"description\":\"El s\u00faper pack combinado Modalert y Waklert es una soluci\u00f3n ideal para aquellos que toman habitualmente f\u00e1rmacos inteligentes. El s\u00faper pack te permite ahorrar m\u00e1s. El precio de un comprimido depende de la cantidad del pack, es decir, que cuantos m\u00e1s compres, m\u00e1s baratos ser\u00e1n.\",\"breadcrumb\":{\"@id\":\"https:\\\/\\\/buymodafinilonline.com\\\/es\\\/farmacos-inteligentes\\\/super-pack-combinado-de-modalert-y-waklert\\\/#breadcrumb\"},\"inLanguage\":\"es\",\"potentialAction\":[{\"@type\":\"ReadAction\",\"target\":[\"https:\\\/\\\/buymodafinilonline.com\\\/es\\\/farmacos-inteligentes\\\/super-pack-combinado-de-modalert-y-waklert\\\/\"]}]},{\"@type\":\"ImageObject\",\"inLanguage\":\"es\",\"@id\":\"https:\\\/\\\/buymodafinilonline.com\\\/es\\\/farmacos-inteligentes\\\/super-pack-combinado-de-modalert-y-waklert\\\/#primaryimage\",\"url\":\"https:\\\/\\\/buymodafinilonline.com\\\/wp-content\\\/uploads\\\/2020\\\/04\\\/product-bmo-modalert-waklert-4.png\",\"contentUrl\":\"https:\\\/\\\/buymodafinilonline.com\\\/wp-content\\\/uploads\\\/2020\\\/04\\\/product-bmo-modalert-waklert-4.png\",\"width\":1280,\"height\":1500,\"caption\":\"S\u00faper pack combinado de Modalert y Waklert\"},{\"@type\":\"BreadcrumbList\",\"@id\":\"https:\\\/\\\/buymodafinilonline.com\\\/es\\\/farmacos-inteligentes\\\/super-pack-combinado-de-modalert-y-waklert\\\/#breadcrumb\",\"itemListElement\":[{\"@type\":\"ListItem\",\"position\":1,\"name\":\"Buy Modafinil Online\",\"item\":\"https:\\\/\\\/buymodafinilonline.com\\\/es\\\/\"},{\"@type\":\"ListItem\",\"position\":2,\"name\":\"Tienda\",\"item\":\"https:\\\/\\\/buymodafinilonline.com\\\/es\\\/tienda\\\/\"},{\"@type\":\"ListItem\",\"position\":3,\"name\":\"Marcas de drogas inteligentes\",\"item\":\"https:\\\/\\\/buymodafinilonline.com\\\/es\\\/categoria-de-productos\\\/marcas-de-drogas-inteligentes\\\/\"},{\"@type\":\"ListItem\",\"position\":4,\"name\":\"Pack combinado de Modalert y Waklert\"}]},{\"@type\":\"WebSite\",\"@id\":\"https:\\\/\\\/buymodafinilonline.com\\\/es\\\/#website\",\"url\":\"https:\\\/\\\/buymodafinilonline.com\\\/es\\\/\",\"name\":\"BuyModafinilOnline.com\",\"description\":\"Modafinil Online Pharmacy\",\"publisher\":{\"@id\":\"https:\\\/\\\/buymodafinilonline.com\\\/es\\\/#organization\"},\"potentialAction\":[{\"@type\":\"SearchAction\",\"target\":{\"@type\":\"EntryPoint\",\"urlTemplate\":\"https:\\\/\\\/buymodafinilonline.com\\\/es\\\/?s={search_term_string}\"},\"query-input\":{\"@type\":\"PropertyValueSpecification\",\"valueRequired\":true,\"valueName\":\"search_term_string\"}}],\"inLanguage\":\"es\"},{\"@type\":\"Organization\",\"@id\":\"https:\\\/\\\/buymodafinilonline.com\\\/es\\\/#organization\",\"name\":\"BuyModafinilOnline\",\"url\":\"https:\\\/\\\/buymodafinilonline.com\\\/es\\\/\",\"logo\":{\"@type\":\"ImageObject\",\"inLanguage\":\"es\",\"@id\":\"https:\\\/\\\/buymodafinilonline.com\\\/es\\\/#\\\/schema\\\/logo\\\/image\\\/\",\"url\":\"https:\\\/\\\/buymodafinilonline.com\\\/wp-content\\\/uploads\\\/2020\\\/04\\\/logo-buy-modafinil-online-yellow.png\",\"contentUrl\":\"https:\\\/\\\/buymodafinilonline.com\\\/wp-content\\\/uploads\\\/2020\\\/04\\\/logo-buy-modafinil-online-yellow.png\",\"width\":200,\"height\":200,\"caption\":\"BuyModafinilOnline\"},\"image\":{\"@id\":\"https:\\\/\\\/buymodafinilonline.com\\\/es\\\/#\\\/schema\\\/logo\\\/image\\\/\"}}]}<\/script>\n<!-- \/ Yoast SEO Premium plugin. -->","yoast_head_json":{"title":"Pack combinado de Modalert y Waklert | BuyModafinilOnline.com","description":"El s\u00faper pack combinado Modalert y Waklert es una soluci\u00f3n ideal para aquellos que toman habitualmente f\u00e1rmacos inteligentes. El s\u00faper pack te permite ahorrar m\u00e1s. El precio de un comprimido depende de la cantidad del pack, es decir, que cuantos m\u00e1s compres, m\u00e1s baratos ser\u00e1n.","robots":{"index":"index","follow":"follow","max-snippet":"max-snippet:-1","max-image-preview":"max-image-preview:large","max-video-preview":"max-video-preview:-1"},"canonical":"https:\/\/buymodafinilonline.com\/es\/farmacos-inteligentes\/super-pack-combinado-de-modalert-y-waklert\/","og_locale":"es_ES","og_type":"article","og_title":"Pack combinado de Modalert y Waklert","og_description":"El s\u00faper pack combinado Modalert y Waklert es una soluci\u00f3n ideal para aquellos que toman habitualmente f\u00e1rmacos inteligentes. El s\u00faper pack te permite ahorrar m\u00e1s. El precio de un comprimido depende de la cantidad del pack, es decir, que cuantos m\u00e1s compres, m\u00e1s baratos ser\u00e1n.","og_url":"https:\/\/buymodafinilonline.com\/es\/farmacos-inteligentes\/super-pack-combinado-de-modalert-y-waklert\/","og_site_name":"BuyModafinilOnline.com","article_modified_time":"2024-11-15T15:54:44+00:00","og_image":[{"width":1280,"height":1500,"url":"https:\/\/buymodafinilonline.com\/wp-content\/uploads\/2020\/04\/product-bmo-modalert-waklert-4.png","type":"image\/png"}],"twitter_misc":{"Tiempo de lectura":"7 minutos"},"schema":{"@context":"https:\/\/schema.org","@graph":[{"@type":"WebPage","@id":"https:\/\/buymodafinilonline.com\/es\/farmacos-inteligentes\/super-pack-combinado-de-modalert-y-waklert\/","url":"https:\/\/buymodafinilonline.com\/es\/farmacos-inteligentes\/super-pack-combinado-de-modalert-y-waklert\/","name":"Pack combinado de Modalert y Waklert | BuyModafinilOnline.com","isPartOf":{"@id":"https:\/\/buymodafinilonline.com\/es\/#website"},"primaryImageOfPage":{"@id":"https:\/\/buymodafinilonline.com\/es\/farmacos-inteligentes\/super-pack-combinado-de-modalert-y-waklert\/#primaryimage"},"image":{"@id":"https:\/\/buymodafinilonline.com\/es\/farmacos-inteligentes\/super-pack-combinado-de-modalert-y-waklert\/#primaryimage"},"thumbnailUrl":"https:\/\/buymodafinilonline.com\/wp-content\/uploads\/2020\/04\/product-bmo-modalert-waklert-4.png","datePublished":"2020-04-06T19:31:51+00:00","dateModified":"2024-11-15T15:54:44+00:00","description":"El s\u00faper pack combinado Modalert y Waklert es una soluci\u00f3n ideal para aquellos que toman habitualmente f\u00e1rmacos inteligentes. El s\u00faper pack te permite ahorrar m\u00e1s. El precio de un comprimido depende de la cantidad del pack, es decir, que cuantos m\u00e1s compres, m\u00e1s baratos ser\u00e1n.","breadcrumb":{"@id":"https:\/\/buymodafinilonline.com\/es\/farmacos-inteligentes\/super-pack-combinado-de-modalert-y-waklert\/#breadcrumb"},"inLanguage":"es","potentialAction":[{"@type":"ReadAction","target":["https:\/\/buymodafinilonline.com\/es\/farmacos-inteligentes\/super-pack-combinado-de-modalert-y-waklert\/"]}]},{"@type":"ImageObject","inLanguage":"es","@id":"https:\/\/buymodafinilonline.com\/es\/farmacos-inteligentes\/super-pack-combinado-de-modalert-y-waklert\/#primaryimage","url":"https:\/\/buymodafinilonline.com\/wp-content\/uploads\/2020\/04\/product-bmo-modalert-waklert-4.png","contentUrl":"https:\/\/buymodafinilonline.com\/wp-content\/uploads\/2020\/04\/product-bmo-modalert-waklert-4.png","width":1280,"height":1500,"caption":"S\u00faper pack combinado de Modalert y Waklert"},{"@type":"BreadcrumbList","@id":"https:\/\/buymodafinilonline.com\/es\/farmacos-inteligentes\/super-pack-combinado-de-modalert-y-waklert\/#breadcrumb","itemListElement":[{"@type":"ListItem","position":1,"name":"Buy Modafinil Online","item":"https:\/\/buymodafinilonline.com\/es\/"},{"@type":"ListItem","position":2,"name":"Tienda","item":"https:\/\/buymodafinilonline.com\/es\/tienda\/"},{"@type":"ListItem","position":3,"name":"Marcas de drogas inteligentes","item":"https:\/\/buymodafinilonline.com\/es\/categoria-de-productos\/marcas-de-drogas-inteligentes\/"},{"@type":"ListItem","position":4,"name":"Pack combinado de Modalert y Waklert"}]},{"@type":"WebSite","@id":"https:\/\/buymodafinilonline.com\/es\/#website","url":"https:\/\/buymodafinilonline.com\/es\/","name":"BuyModafinilOnline.com","description":"Modafinil Online Pharmacy","publisher":{"@id":"https:\/\/buymodafinilonline.com\/es\/#organization"},"potentialAction":[{"@type":"SearchAction","target":{"@type":"EntryPoint","urlTemplate":"https:\/\/buymodafinilonline.com\/es\/?s={search_term_string}"},"query-input":{"@type":"PropertyValueSpecification","valueRequired":true,"valueName":"search_term_string"}}],"inLanguage":"es"},{"@type":"Organization","@id":"https:\/\/buymodafinilonline.com\/es\/#organization","name":"BuyModafinilOnline","url":"https:\/\/buymodafinilonline.com\/es\/","logo":{"@type":"ImageObject","inLanguage":"es","@id":"https:\/\/buymodafinilonline.com\/es\/#\/schema\/logo\/image\/","url":"https:\/\/buymodafinilonline.com\/wp-content\/uploads\/2020\/04\/logo-buy-modafinil-online-yellow.png","contentUrl":"https:\/\/buymodafinilonline.com\/wp-content\/uploads\/2020\/04\/logo-buy-modafinil-online-yellow.png","width":200,"height":200,"caption":"BuyModafinilOnline"},"image":{"@id":"https:\/\/buymodafinilonline.com\/es\/#\/schema\/logo\/image\/"}}]}},"_links":{"self":[{"href":"https:\/\/buymodafinilonline.com\/es\/wp-json\/wp\/v2\/product\/410268","targetHints":{"allow":["GET"]}}],"collection":[{"href":"https:\/\/buymodafinilonline.com\/es\/wp-json\/wp\/v2\/product"}],"about":[{"href":"https:\/\/buymodafinilonline.com\/es\/wp-json\/wp\/v2\/types\/product"}],"replies":[{"embeddable":true,"href":"https:\/\/buymodafinilonline.com\/es\/wp-json\/wp\/v2\/comments?post=410268"}],"wp:featuredmedia":[{"embeddable":true,"href":"https:\/\/buymodafinilonline.com\/es\/wp-json\/wp\/v2\/media\/410271"}],"wp:attachment":[{"href":"https:\/\/buymodafinilonline.com\/es\/wp-json\/wp\/v2\/media?parent=410268"}],"wp:term":[{"taxonomy":"product_brand","embeddable":true,"href":"https:\/\/buymodafinilonline.com\/es\/wp-json\/wp\/v2\/product_brand?post=410268"},{"taxonomy":"product_cat","embeddable":true,"href":"https:\/\/buymodafinilonline.com\/es\/wp-json\/wp\/v2\/product_cat?post=410268"},{"taxonomy":"product_tag","embeddable":true,"href":"https:\/\/buymodafinilonline.com\/es\/wp-json\/wp\/v2\/product_tag?post=410268"}],"curies":[{"name":"wp","href":"https:\/\/api.w.org\/{rel}","templated":true}]}}