{"id":410298,"date":"2020-04-06T21:30:34","date_gmt":"2020-04-06T20:30:34","guid":{"rendered":"https:\/\/buymodafinilonline.com\/smart-drugs\/pack-male-force-ed-viagra-cialis-levitra\/"},"modified":"2025-11-20T23:32:54","modified_gmt":"2025-11-20T22:32:54","slug":"pack-male-force-ed-viagra-cialis-levitra","status":"publish","type":"product","link":"https:\/\/buymodafinilonline.com\/es\/farmacos-inteligentes\/pack-male-force-ed-viagra-cialis-levitra\/","title":{"rendered":"Pack combinado Male Force ED (Viagra, Cialis &amp; Levitra)"},"content":{"rendered":"[vc_column width=&#8221;1\/2&#8243;]\n<h2>\u00bfQu\u00e9 es el pack Male Force ED?<\/h2>\n<p>El pack Male Force ED es exactamente lo que necesitas si tomas habitualmente medicamentos para la disfunci\u00f3n er\u00e9ctil (DE). Te permite ahorrar m\u00e1s dinero si dispones de opciones econ\u00f3micas como el pack combinado. Y podr\u00e1s probar varias marcas con principios activos diferentes. \u00a1T\u00fa decides lo que tomas! Este lote es la mejor opci\u00f3n para saber qu\u00e9 medicamento para la DE te funciona mejor para recuperar la potencia sexual.<\/p>\n<p>El pack Male Force ED incluye los siguientes productos:<\/p>\n<div class=\"su-divider su-divider-style-default\" style=\"margin:10px 0;border-width:3px;border-color:#ffffff00\"><a href=\"#\" style=\"color:#ffffff009\">.<\/a><\/div>\n<ul>\n<li>Viagra (marca gen\u00e9rica Malegra o Cenforce): comprimidos de todas las dosis 25 mg, 50 mg, 100 mg (dosis est\u00e1ndar), 200 mg;<\/li>\n<li>Cialis (marca gen\u00e9rica Tadarise o Vidalista): comprimidos de todas las dosis 2,5 mg, 5 mg, 10 mg, 20 mg (dosis est\u00e1ndar), 40 mg, 60 mg;<\/li>\n<li>Levitra Vardenafil 20 mg (marca gen\u00e9rica Vardegra o Snovitra);<\/li>\n<li>Viagra femenino 100 mg;<\/li>\n<li>Dapoxetina 60 mg (eyaculaci\u00f3n precoz, 20 comprimidos por caja como m\u00e1ximo);<\/li>\n<li>Viagra y Cialis masticables.<\/li>\n<\/ul>\n<p>Aseg\u00farate de especificar tus preferencias para el pack Male Force ED en el campo notas especiales de la <a href=\"https:\/\/buymodafinilonline.com\/es\/confirmar\/\">p\u00e1gina de pago<\/a> (debajo de la direcci\u00f3n de env\u00edo).<\/p>\n<p>Nota: si se te olvida especificar tus preferencias de combinaci\u00f3n, incluiremos un 50 % de comprimidos de Malegra 100 mg (Viagra gen\u00e9rico) y un 50 % de comprimidos de Tadarise 20 mg (Cialis gen\u00e9rico) por defecto.<\/p>\n<div class=\"su-divider su-divider-style-default\" style=\"margin:10px 0;border-width:3px;border-color:#ffffff00\"><a href=\"#\" style=\"color:#ffffff009\">.<\/a><\/div>\n<h3>Malegra gen\u00e9rico 100 mg<\/h3>\n<p>Malegra es un medicamento para la DE cuyo principio activo es el sildenafilo. Al ser una versi\u00f3n gen\u00e9rica de la Viagra\u00ae, el sildenafilo fue el primer f\u00e1rmaco para la DE aprobado por la FDA. Su uso est\u00e1 bastante extendido en varios medicamentos clasificados como inhibidores de la PDE5. Seg\u00fan las investigaciones, el sildenafilo es seguro y tiene buena tolerancia, sobre todo en personas sanas que \u00fanicamente padecen DE.<\/p>\n<p>Sunrise Remedies es el fabricante del medicamento. Se trata de un laboratorio farmac\u00e9utico legal y de confianza por la calidad de los productos que fabrica. Utiliza \u00fanicamente materias primas de calidad superior para fabricar medicamentos de primera categor\u00eda que ofrecen resultados espl\u00e9ndidos.<\/p>\n<div class=\"su-divider su-divider-style-default\" style=\"margin:10px 0;border-width:3px;border-color:#ffffff00\"><a href=\"#\" style=\"color:#ffffff009\">.<\/a><\/div>\n<h3>Tadarise gen\u00e9rico 20 mg<\/h3>\n<p>Tadarise 20 mg es una versi\u00f3n gen\u00e9rica de Cialis cuyo principio activo es el tadalafilo. Este f\u00e1rmaco es muy efectivo para tratar la impotencia al favorecer una erecci\u00f3n dura que le permite al hombre mantener una relaci\u00f3n sexual completa y satisfactoria.<\/p>\n<p>Este medicamento tambi\u00e9n lo fabrica Sunrise Remedies, una empresa de la India. Tadarise tiene buena tolerancia y el efecto dura unas 36 horas despu\u00e9s de la administraci\u00f3n. Es muy efectivo independientemente de la gravedad y las causas de la DE.<\/p>\n<div class=\"su-divider su-divider-style-default\" style=\"margin:10px 0;border-width:3px;border-color:#ffffff00\"><a href=\"#\" style=\"color:#ffffff009\">.<\/a><\/div>\n<h2>C\u00f3mo funcionan los comprimidos<\/h2>\n<p>Los dos principios activos, es decir, el tadalafilo (Tadarise) y el sildenafilo (Malegra) son inhibidores de la PDE5. La enzima PDE5 elimina la producci\u00f3n de \u00f3xido n\u00edtrico (NO) necesario para activar la producci\u00f3n de cGMP que se encarga de reblandecer y suavizar las arterias del pene. El cGMP ayuda a dilatar los vasos sangu\u00edneos, lo que provoca un adecuado riego sangu\u00edneo del pene. Al inhibir la PDE5 y mejorar la producci\u00f3n de NO, los principios activos de estos f\u00e1rmacos mejoran el flujo sangu\u00edneo y endurecen la erecci\u00f3n.<\/p>\n<div class=\"su-divider su-divider-style-default\" style=\"margin:10px 0;border-width:3px;border-color:#ffffff00\"><a href=\"#\" style=\"color:#ffffff009\">.<\/a><\/div>\n<h2>Dosis segura y uso adecuado<\/h2>\n<p>Estos f\u00e1rmacos ayudan al hombre a tener y mantener r\u00e1pidamente una erecci\u00f3n al ser excitados sexualmente. Tomar este tipo de medicamentos sin estimulaci\u00f3n sexual no provoca ning\u00fan resultado. Los dos remedios para la DE comparten una hora de administraci\u00f3n similar pero tienen una duraci\u00f3n de la acci\u00f3n diferente. Se toman seg\u00fan sea necesario entre 30 y 60 minutos antes de mantener una relaci\u00f3n sexual. El efecto del sildenafilo dura entre 4 y 5 horas, mientras que el tadalafilo sigue siendo efectivo hasta 36 horas.<\/p>\n<p>La dosis de Tadarise suele ser de 5 a 20 mg antes de la relaci\u00f3n sexual. Adem\u00e1s, para uso diario la dosis segura es de 2,5\u20135 mg.<\/p>\n<p>Para empezar el tratamiento con Malegra se recomienda tomar 50 mg. Si te sientes bien, puedes aumentar la dosis hasta 100 mg y si tienes alg\u00fan efecto secundario es mejor reducir la dosis a 25 mg. Se puede tomar un comprimido al d\u00eda.<\/p>\n<p>Antes de tomar este medicamento consulta a tu m\u00e9dico. Por motivos de seguridad y para garantizar el mejor tratamiento, sigue las instrucciones de tu m\u00e9dico y del prospecto del medicamento.<\/p>\n[\/vc_column][vc_column width=&#8221;1\/2&#8243;]\n<h2>Posibles efectos secundarios<\/h2>\n<p>Los inhibidores de la PDE5 pueden provocar efectos negativos. Estos efectos pueden ser diferentes en funci\u00f3n de la reacci\u00f3n del f\u00e1rmaco, la adherencia a la medicaci\u00f3n y el estado de salud general del paciente. Est\u00e1n clasificados como normales\/menos peligrosos y raros\/m\u00e1s peligrosos.<\/p>\n<p>En resumen, los efectos negativos habituales de estos medicamentos son los siguientes:<\/p>\n<div class=\"su-divider su-divider-style-default\" style=\"margin:10px 0;border-width:3px;border-color:#ffffff00\"><a href=\"#\" style=\"color:#ffffff009\">.<\/a><\/div>\n<ul>\n<li>enrojecimiento (calor, sensaci\u00f3n de hormigueo o rojez);<\/li>\n<li>mareo, dolor de cabeza;<\/li>\n<li>hemorragia nasal;<\/li>\n<li>insomnio;<\/li>\n<li>dolor muscular, dolor de espalda;<\/li>\n<li>malestar estomacal.<\/li>\n<\/ul>\n<p>Los efectos secundarios raros pero graves son priapismo, cambios de visi\u00f3n, p\u00e9rdida auditiva y tensi\u00f3n baja.<\/p>\n<p>Consulta siempre a tu m\u00e9dico antes de tomar este medicamento y en caso de sentir s\u00edntomas extra\u00f1os acude inmediatamente al m\u00e9dico.<\/p>\n<div class=\"su-divider su-divider-style-default\" style=\"margin:10px 0;border-width:3px;border-color:#ffffff00\"><a href=\"#\" style=\"color:#ffffff009\">.<\/a><\/div>\n<h2>Contraindicaciones y precauciones<\/h2>\n<p>Los medicamentos para la impotencia se pueden tomar con comida. Pero es mejor tomarlos con el est\u00f3mago vac\u00edo, porque las comidas grasas pueden retrasar los efectos del medicamento. Sin embargo, mezclarlo con alcohol puede reducir considerablemente la tensi\u00f3n sangu\u00ednea y causar efectos negativos in\u00e9ditos, pero puede ser seguro si se toma en cantidades muy peque\u00f1as. Al tomar inhibidores de la PDE5 se pueden producir interacciones f\u00e1rmaco-f\u00e1rmaco o f\u00e1rmaco-enfermedad.<\/p>\n<p>Estas son las interacciones con enfermedades:<\/p>\n<div class=\"su-divider su-divider-style-default\" style=\"margin:10px 0;border-width:3px;border-color:#ffffff00\"><a href=\"#\" style=\"color:#ffffff009\">.<\/a><\/div>\n<ul>\n<li>enfermedad cardiovascular;<\/li>\n<li>p\u00e9rdida auditiva;<\/li>\n<li>enfermedad hep\u00e1tica;<\/li>\n<li>disfunci\u00f3n renal;<\/li>\n<li>enfermedad pulmonar;<\/li>\n<li>priapismo;<\/li>\n<li>alcoholismo;<\/li>\n<li>trastorno convulsivo;<\/li>\n<li>retinitis pigmentaria.<\/li>\n<\/ul>\n<p>Las interacciones con f\u00e1rmacos son las siguientes:<\/p>\n<div class=\"su-divider su-divider-style-default\" style=\"margin:10px 0;border-width:3px;border-color:#ffffff00\"><a href=\"#\" style=\"color:#ffffff009\">.<\/a><\/div>\n<ul>\n<li>medicamentos para la angina (nitratos);<\/li>\n<li>bloqueadores alfa;<\/li>\n<li>f\u00e1rmacos antiepil\u00e9pticos;<\/li>\n<li>medicamentos para el VIH;<\/li>\n<li>medicamentos para la acidez estomacal;<\/li>\n<li>antif\u00fangicos orales;<\/li>\n<li>antibi\u00f3ticos;<\/li>\n<li>otros comprimidos para la DE y la HAP.<\/li>\n<\/ul>\n<p>Los medicamentos o enfermedades interact\u00faan de forma diferente en cada persona. Esta lista no est\u00e1 completa. Es importante consultar al m\u00e9dico para que valore tu estado de salud y los medicamentos que est\u00e1s tomando. Lo mejor es no mezclar medicamentos para evitar efectos adversos.<\/p>\n<div class=\"su-divider su-divider-style-default\" style=\"margin:10px 0;border-width:3px;border-color:#ffffff00\"><a href=\"#\" style=\"color:#ffffff009\">.<\/a><\/div>\n<h2>Experiencia del consumidor<\/h2>\n<p>Los packs combinados son rentables y permiten ahorrar un mont\u00f3n de dinero. Para la mayor\u00eda de hombres con DE, los dos medicamentos son los remedios m\u00e1s exitosos. Sin embargo, Tadarise funciona m\u00e1s r\u00e1pido que Malegra y muchos usuarios lo ven como una gran ventaja. A pesar de ello, los dos f\u00e1rmacos son muy efectivos para conseguir una erecci\u00f3n firme y duradera.<\/p>\n<p>Si se administra correctamente, resultan verdaderamente eficaces para tratar a la perfecci\u00f3n la DE, uno de los mayores problemas sexuales masculinos. La mayor\u00eda de las personas tiene efectos negativos habituales, pero desaparecen con el paso del tiempo. Es indispensable consultar siempre al m\u00e9dico antes de tomar este medicamento para tener efectos positivos.<\/p>\n<div class=\"su-divider su-divider-style-default\" style=\"margin:10px 0;border-width:3px;border-color:#ffffff00\"><a href=\"#\" style=\"color:#ffffff009\">.<\/a><\/div>\n<h2>C\u00f3mo obtener el pack Male Force ED online<\/h2>\n<p><a href=\"https:\/\/buymodafinilonline.com\/es\/\">BuyModafinilOnline<\/a> es la mejor farmacia online para comprar medicamentos sin receta, incluido el pack Male Force ED. BMO adquiere comprimidos para la ED de calidad de <a href=\"https:\/\/buymodafinilonline.com\/es\/debemos-confiar-en-sun-pharma-y-hab-pharma\/\">fabricantes autorizados<\/a>. Nuestros medicamentos se venden a precio de f\u00e1brica. Esto es una ventaja para cualquier consumidor que busca opciones econ\u00f3micas. Puedes comprar confidencialmente y ahorrar dinero usando nuestros <a href=\"https:\/\/buymodafinilonline.com\/coupons-deals-promo-codes\/\">cupones y descuentos<\/a> (en particular, un descuento del 23 % al pagar con <a href=\"https:\/\/buymodafinilonline.com\/es\/paga-con-bitcoin\/\">Bitcoin<\/a>). \u00a1No te pierdas la oportunidad de usar los cupones disponibles!<\/p>\n<p>Nuestro servicio de <a href=\"https:\/\/buymodafinilonline.com\/es\/mejor-proveedor-espana\/\">env\u00edo<\/a> es excelente a casi todo el mundo. En caso de problemas con la entrega, te garantizamos un <a href=\"https:\/\/buymodafinilonline.com\/refund-reshipment\/\">reembolso total o reenv\u00edo<\/a>. BMO tiene un sitio web pr\u00e1ctico que ofrece informaci\u00f3n \u00fatil a todos los compradores, desde la llegada hasta el pago.<\/p>\n<div class=\"su-divider su-divider-style-default\" style=\"margin:10px 0;border-width:3px;border-color:#ffffff00\"><a href=\"#\" style=\"color:#ffffff009\">.<\/a><\/div>\n[\/vc_column]\n","protected":false},"excerpt":{"rendered":"<p>Nota: aseg\u00farate <strong>de especificar tus preferencias para el pack Male Force ED<\/strong> en el campo notas especiales de la p\u00e1gina de pago (debajo de la direcci\u00f3n de env\u00edo).<\/p>\n<p>Si se te olvida especificar tus preferencias de combinaci\u00f3n, incluiremos un 50 % de comprimidos de Malegra 100 mg (Viagra gen\u00e9rico) y un 50 % de comprimidos de Tadarise 20 mg (Cialis gen\u00e9rico) por defecto.<\/p>\n<p>Este pack de ahorro NO incluye Modalert, Waklert ni Modafil MD sublingual. En lugar de ello, prueba nuestro <a href=\"https:\/\/buymodafinilonline.com\/smart-drugs\/superb-combo-pack\/\">s\u00faper pack combinado<\/a>.<\/p>\n[sc name=\"s1\"]\n","protected":false},"featured_media":398092,"comment_status":"open","ping_status":"closed","template":"","meta":{"_acf_changed":false},"product_brand":[],"product_cat":[4232,3788,4239],"product_tag":[8783,8791,8796,8803],"class_list":{"0":"post-410298","1":"product","2":"type-product","3":"status-publish","4":"has-post-thumbnail","6":"product_cat-smart-drugs-mas-vendidos","7":"product_cat-marcas-de-drogas-inteligentes","8":"product_cat-paquetes-combinados","9":"product_tag-cialis-es","10":"product_tag-dapoxetine-es","11":"product_tag-levitra-es","12":"product_tag-viagra-es","14":"first","15":"instock","16":"sale","17":"shipping-taxable","18":"purchasable","19":"product-type-variable","20":"has-default-attributes"},"acf":[],"yoast_head":"<!-- This site is optimized with the Yoast SEO Premium plugin v23.6 (Yoast SEO v27.4) - https:\/\/yoast.com\/product\/yoast-seo-premium-wordpress\/ -->\n<title>Pack combinado Male Force ED (Viagra, Cialis &amp; Levitra) | BuyModafinilOnline.com<\/title>\n<meta name=\"description\" content=\"El pack Male Force ED contiene versiones gen\u00e9ricas de los medicamentos para la disfunci\u00f3n er\u00e9ctil m\u00e1s populares: Cialis (tadalafilo gen\u00e9rico), Viagra (la pastilla azul, sildenafilo gen\u00e9rico) y Levitra (vardenafilo gen\u00e9rico).\" \/>\n<meta name=\"robots\" content=\"index, follow, max-snippet:-1, max-image-preview:large, max-video-preview:-1\" \/>\n<link rel=\"canonical\" href=\"https:\/\/buymodafinilonline.com\/es\/farmacos-inteligentes\/pack-male-force-ed-viagra-cialis-levitra\/\" \/>\n<meta property=\"og:locale\" content=\"es_ES\" \/>\n<meta property=\"og:type\" content=\"article\" \/>\n<meta property=\"og:title\" content=\"Pack combinado Male Force ED (Viagra, Cialis &amp; Levitra)\" \/>\n<meta property=\"og:description\" content=\"El pack Male Force ED contiene versiones gen\u00e9ricas de los medicamentos para la disfunci\u00f3n er\u00e9ctil m\u00e1s populares: Cialis (tadalafilo gen\u00e9rico), Viagra (la pastilla azul, sildenafilo gen\u00e9rico) y Levitra (vardenafilo gen\u00e9rico).\" \/>\n<meta property=\"og:url\" content=\"https:\/\/buymodafinilonline.com\/es\/farmacos-inteligentes\/pack-male-force-ed-viagra-cialis-levitra\/\" \/>\n<meta property=\"og:site_name\" content=\"BuyModafinilOnline.com\" \/>\n<meta property=\"article:modified_time\" content=\"2025-11-20T22:32:54+00:00\" \/>\n<meta property=\"og:image\" content=\"https:\/\/buymodafinilonline.com\/wp-content\/uploads\/2020\/04\/product-bmo-male-force-4.png\" \/>\n\t<meta property=\"og:image:width\" content=\"1280\" \/>\n\t<meta property=\"og:image:height\" content=\"1500\" \/>\n\t<meta property=\"og:image:type\" content=\"image\/png\" \/>\n<meta name=\"twitter:label1\" content=\"Tiempo de lectura\" \/>\n\t<meta name=\"twitter:data1\" content=\"7 minutos\" \/>\n<script type=\"application\/ld+json\" class=\"yoast-schema-graph\">{\"@context\":\"https:\\\/\\\/schema.org\",\"@graph\":[{\"@type\":\"WebPage\",\"@id\":\"https:\\\/\\\/buymodafinilonline.com\\\/es\\\/farmacos-inteligentes\\\/pack-male-force-ed-viagra-cialis-levitra\\\/\",\"url\":\"https:\\\/\\\/buymodafinilonline.com\\\/es\\\/farmacos-inteligentes\\\/pack-male-force-ed-viagra-cialis-levitra\\\/\",\"name\":\"Pack combinado Male Force ED (Viagra, Cialis &amp; Levitra) | BuyModafinilOnline.com\",\"isPartOf\":{\"@id\":\"https:\\\/\\\/buymodafinilonline.com\\\/es\\\/#website\"},\"primaryImageOfPage\":{\"@id\":\"https:\\\/\\\/buymodafinilonline.com\\\/es\\\/farmacos-inteligentes\\\/pack-male-force-ed-viagra-cialis-levitra\\\/#primaryimage\"},\"image\":{\"@id\":\"https:\\\/\\\/buymodafinilonline.com\\\/es\\\/farmacos-inteligentes\\\/pack-male-force-ed-viagra-cialis-levitra\\\/#primaryimage\"},\"thumbnailUrl\":\"https:\\\/\\\/buymodafinilonline.com\\\/wp-content\\\/uploads\\\/2020\\\/04\\\/product-bmo-male-force-4.png\",\"datePublished\":\"2020-04-06T20:30:34+00:00\",\"dateModified\":\"2025-11-20T22:32:54+00:00\",\"description\":\"El pack Male Force ED contiene versiones gen\u00e9ricas de los medicamentos para la disfunci\u00f3n er\u00e9ctil m\u00e1s populares: Cialis (tadalafilo gen\u00e9rico), Viagra (la pastilla azul, sildenafilo gen\u00e9rico) y Levitra (vardenafilo gen\u00e9rico).\",\"breadcrumb\":{\"@id\":\"https:\\\/\\\/buymodafinilonline.com\\\/es\\\/farmacos-inteligentes\\\/pack-male-force-ed-viagra-cialis-levitra\\\/#breadcrumb\"},\"inLanguage\":\"es\",\"potentialAction\":[{\"@type\":\"ReadAction\",\"target\":[\"https:\\\/\\\/buymodafinilonline.com\\\/es\\\/farmacos-inteligentes\\\/pack-male-force-ed-viagra-cialis-levitra\\\/\"]}]},{\"@type\":\"ImageObject\",\"inLanguage\":\"es\",\"@id\":\"https:\\\/\\\/buymodafinilonline.com\\\/es\\\/farmacos-inteligentes\\\/pack-male-force-ed-viagra-cialis-levitra\\\/#primaryimage\",\"url\":\"https:\\\/\\\/buymodafinilonline.com\\\/wp-content\\\/uploads\\\/2020\\\/04\\\/product-bmo-male-force-4.png\",\"contentUrl\":\"https:\\\/\\\/buymodafinilonline.com\\\/wp-content\\\/uploads\\\/2020\\\/04\\\/product-bmo-male-force-4.png\",\"width\":1280,\"height\":1500,\"caption\":\"Pack Male Force ED (Viagra, Cialis &amp; Levitra)\"},{\"@type\":\"BreadcrumbList\",\"@id\":\"https:\\\/\\\/buymodafinilonline.com\\\/es\\\/farmacos-inteligentes\\\/pack-male-force-ed-viagra-cialis-levitra\\\/#breadcrumb\",\"itemListElement\":[{\"@type\":\"ListItem\",\"position\":1,\"name\":\"Buy Modafinil Online\",\"item\":\"https:\\\/\\\/buymodafinilonline.com\\\/es\\\/\"},{\"@type\":\"ListItem\",\"position\":2,\"name\":\"Tienda\",\"item\":\"https:\\\/\\\/buymodafinilonline.com\\\/es\\\/tienda\\\/\"},{\"@type\":\"ListItem\",\"position\":3,\"name\":\"Los m\u00e1s vendidos\",\"item\":\"https:\\\/\\\/buymodafinilonline.com\\\/es\\\/categoria-de-productos\\\/smart-drugs-mas-vendidos\\\/\"},{\"@type\":\"ListItem\",\"position\":4,\"name\":\"Pack combinado Male Force ED (Viagra, Cialis &amp; Levitra)\"}]},{\"@type\":\"WebSite\",\"@id\":\"https:\\\/\\\/buymodafinilonline.com\\\/es\\\/#website\",\"url\":\"https:\\\/\\\/buymodafinilonline.com\\\/es\\\/\",\"name\":\"BuyModafinilOnline.com\",\"description\":\"Modafinil Online Pharmacy\",\"publisher\":{\"@id\":\"https:\\\/\\\/buymodafinilonline.com\\\/es\\\/#organization\"},\"potentialAction\":[{\"@type\":\"SearchAction\",\"target\":{\"@type\":\"EntryPoint\",\"urlTemplate\":\"https:\\\/\\\/buymodafinilonline.com\\\/es\\\/?s={search_term_string}\"},\"query-input\":{\"@type\":\"PropertyValueSpecification\",\"valueRequired\":true,\"valueName\":\"search_term_string\"}}],\"inLanguage\":\"es\"},{\"@type\":\"Organization\",\"@id\":\"https:\\\/\\\/buymodafinilonline.com\\\/es\\\/#organization\",\"name\":\"BuyModafinilOnline\",\"url\":\"https:\\\/\\\/buymodafinilonline.com\\\/es\\\/\",\"logo\":{\"@type\":\"ImageObject\",\"inLanguage\":\"es\",\"@id\":\"https:\\\/\\\/buymodafinilonline.com\\\/es\\\/#\\\/schema\\\/logo\\\/image\\\/\",\"url\":\"https:\\\/\\\/buymodafinilonline.com\\\/wp-content\\\/uploads\\\/2020\\\/04\\\/logo-buy-modafinil-online-yellow.png\",\"contentUrl\":\"https:\\\/\\\/buymodafinilonline.com\\\/wp-content\\\/uploads\\\/2020\\\/04\\\/logo-buy-modafinil-online-yellow.png\",\"width\":200,\"height\":200,\"caption\":\"BuyModafinilOnline\"},\"image\":{\"@id\":\"https:\\\/\\\/buymodafinilonline.com\\\/es\\\/#\\\/schema\\\/logo\\\/image\\\/\"}}]}<\/script>\n<!-- \/ Yoast SEO Premium plugin. -->","yoast_head_json":{"title":"Pack combinado Male Force ED (Viagra, Cialis &amp; Levitra) | BuyModafinilOnline.com","description":"El pack Male Force ED contiene versiones gen\u00e9ricas de los medicamentos para la disfunci\u00f3n er\u00e9ctil m\u00e1s populares: Cialis (tadalafilo gen\u00e9rico), Viagra (la pastilla azul, sildenafilo gen\u00e9rico) y Levitra (vardenafilo gen\u00e9rico).","robots":{"index":"index","follow":"follow","max-snippet":"max-snippet:-1","max-image-preview":"max-image-preview:large","max-video-preview":"max-video-preview:-1"},"canonical":"https:\/\/buymodafinilonline.com\/es\/farmacos-inteligentes\/pack-male-force-ed-viagra-cialis-levitra\/","og_locale":"es_ES","og_type":"article","og_title":"Pack combinado Male Force ED (Viagra, Cialis &amp; Levitra)","og_description":"El pack Male Force ED contiene versiones gen\u00e9ricas de los medicamentos para la disfunci\u00f3n er\u00e9ctil m\u00e1s populares: Cialis (tadalafilo gen\u00e9rico), Viagra (la pastilla azul, sildenafilo gen\u00e9rico) y Levitra (vardenafilo gen\u00e9rico).","og_url":"https:\/\/buymodafinilonline.com\/es\/farmacos-inteligentes\/pack-male-force-ed-viagra-cialis-levitra\/","og_site_name":"BuyModafinilOnline.com","article_modified_time":"2025-11-20T22:32:54+00:00","og_image":[{"width":1280,"height":1500,"url":"https:\/\/buymodafinilonline.com\/wp-content\/uploads\/2020\/04\/product-bmo-male-force-4.png","type":"image\/png"}],"twitter_misc":{"Tiempo de lectura":"7 minutos"},"schema":{"@context":"https:\/\/schema.org","@graph":[{"@type":"WebPage","@id":"https:\/\/buymodafinilonline.com\/es\/farmacos-inteligentes\/pack-male-force-ed-viagra-cialis-levitra\/","url":"https:\/\/buymodafinilonline.com\/es\/farmacos-inteligentes\/pack-male-force-ed-viagra-cialis-levitra\/","name":"Pack combinado Male Force ED (Viagra, Cialis &amp; Levitra) | BuyModafinilOnline.com","isPartOf":{"@id":"https:\/\/buymodafinilonline.com\/es\/#website"},"primaryImageOfPage":{"@id":"https:\/\/buymodafinilonline.com\/es\/farmacos-inteligentes\/pack-male-force-ed-viagra-cialis-levitra\/#primaryimage"},"image":{"@id":"https:\/\/buymodafinilonline.com\/es\/farmacos-inteligentes\/pack-male-force-ed-viagra-cialis-levitra\/#primaryimage"},"thumbnailUrl":"https:\/\/buymodafinilonline.com\/wp-content\/uploads\/2020\/04\/product-bmo-male-force-4.png","datePublished":"2020-04-06T20:30:34+00:00","dateModified":"2025-11-20T22:32:54+00:00","description":"El pack Male Force ED contiene versiones gen\u00e9ricas de los medicamentos para la disfunci\u00f3n er\u00e9ctil m\u00e1s populares: Cialis (tadalafilo gen\u00e9rico), Viagra (la pastilla azul, sildenafilo gen\u00e9rico) y Levitra (vardenafilo gen\u00e9rico).","breadcrumb":{"@id":"https:\/\/buymodafinilonline.com\/es\/farmacos-inteligentes\/pack-male-force-ed-viagra-cialis-levitra\/#breadcrumb"},"inLanguage":"es","potentialAction":[{"@type":"ReadAction","target":["https:\/\/buymodafinilonline.com\/es\/farmacos-inteligentes\/pack-male-force-ed-viagra-cialis-levitra\/"]}]},{"@type":"ImageObject","inLanguage":"es","@id":"https:\/\/buymodafinilonline.com\/es\/farmacos-inteligentes\/pack-male-force-ed-viagra-cialis-levitra\/#primaryimage","url":"https:\/\/buymodafinilonline.com\/wp-content\/uploads\/2020\/04\/product-bmo-male-force-4.png","contentUrl":"https:\/\/buymodafinilonline.com\/wp-content\/uploads\/2020\/04\/product-bmo-male-force-4.png","width":1280,"height":1500,"caption":"Pack Male Force ED (Viagra, Cialis &amp; Levitra)"},{"@type":"BreadcrumbList","@id":"https:\/\/buymodafinilonline.com\/es\/farmacos-inteligentes\/pack-male-force-ed-viagra-cialis-levitra\/#breadcrumb","itemListElement":[{"@type":"ListItem","position":1,"name":"Buy Modafinil Online","item":"https:\/\/buymodafinilonline.com\/es\/"},{"@type":"ListItem","position":2,"name":"Tienda","item":"https:\/\/buymodafinilonline.com\/es\/tienda\/"},{"@type":"ListItem","position":3,"name":"Los m\u00e1s vendidos","item":"https:\/\/buymodafinilonline.com\/es\/categoria-de-productos\/smart-drugs-mas-vendidos\/"},{"@type":"ListItem","position":4,"name":"Pack combinado Male Force ED (Viagra, Cialis &amp; Levitra)"}]},{"@type":"WebSite","@id":"https:\/\/buymodafinilonline.com\/es\/#website","url":"https:\/\/buymodafinilonline.com\/es\/","name":"BuyModafinilOnline.com","description":"Modafinil Online Pharmacy","publisher":{"@id":"https:\/\/buymodafinilonline.com\/es\/#organization"},"potentialAction":[{"@type":"SearchAction","target":{"@type":"EntryPoint","urlTemplate":"https:\/\/buymodafinilonline.com\/es\/?s={search_term_string}"},"query-input":{"@type":"PropertyValueSpecification","valueRequired":true,"valueName":"search_term_string"}}],"inLanguage":"es"},{"@type":"Organization","@id":"https:\/\/buymodafinilonline.com\/es\/#organization","name":"BuyModafinilOnline","url":"https:\/\/buymodafinilonline.com\/es\/","logo":{"@type":"ImageObject","inLanguage":"es","@id":"https:\/\/buymodafinilonline.com\/es\/#\/schema\/logo\/image\/","url":"https:\/\/buymodafinilonline.com\/wp-content\/uploads\/2020\/04\/logo-buy-modafinil-online-yellow.png","contentUrl":"https:\/\/buymodafinilonline.com\/wp-content\/uploads\/2020\/04\/logo-buy-modafinil-online-yellow.png","width":200,"height":200,"caption":"BuyModafinilOnline"},"image":{"@id":"https:\/\/buymodafinilonline.com\/es\/#\/schema\/logo\/image\/"}}]}},"_links":{"self":[{"href":"https:\/\/buymodafinilonline.com\/es\/wp-json\/wp\/v2\/product\/410298","targetHints":{"allow":["GET"]}}],"collection":[{"href":"https:\/\/buymodafinilonline.com\/es\/wp-json\/wp\/v2\/product"}],"about":[{"href":"https:\/\/buymodafinilonline.com\/es\/wp-json\/wp\/v2\/types\/product"}],"replies":[{"embeddable":true,"href":"https:\/\/buymodafinilonline.com\/es\/wp-json\/wp\/v2\/comments?post=410298"}],"wp:featuredmedia":[{"embeddable":true,"href":"https:\/\/buymodafinilonline.com\/es\/wp-json\/wp\/v2\/media\/398092"}],"wp:attachment":[{"href":"https:\/\/buymodafinilonline.com\/es\/wp-json\/wp\/v2\/media?parent=410298"}],"wp:term":[{"taxonomy":"product_brand","embeddable":true,"href":"https:\/\/buymodafinilonline.com\/es\/wp-json\/wp\/v2\/product_brand?post=410298"},{"taxonomy":"product_cat","embeddable":true,"href":"https:\/\/buymodafinilonline.com\/es\/wp-json\/wp\/v2\/product_cat?post=410298"},{"taxonomy":"product_tag","embeddable":true,"href":"https:\/\/buymodafinilonline.com\/es\/wp-json\/wp\/v2\/product_tag?post=410298"}],"curies":[{"name":"wp","href":"https:\/\/api.w.org\/{rel}","templated":true}]}}