{"id":410530,"date":"2020-04-06T20:59:52","date_gmt":"2020-04-06T19:59:52","guid":{"rendered":"https:\/\/buymodafinilonline.com\/smart-drugs\/pack-combinado-de-ahorro-modvigil-y-artvigil\/"},"modified":"2024-08-16T17:45:58","modified_gmt":"2024-08-16T16:45:58","slug":"saver-combo-pack","status":"publish","type":"product","link":"https:\/\/buymodafinilonline.com\/es\/farmacos-inteligentes\/saver-combo-pack\/","title":{"rendered":"Modvigil &amp; Artvigil Saver Combo Pack"},"content":{"rendered":"[vc_column width=&#8221;1\/2&#8243;]\n<h2>\u00bfQu\u00e9 es Modvigil &amp; Artvigil Saver Combo Pack?<\/h2>\n<p>El pack combinado de Modvigil y Artvigil Saver es una gran soluci\u00f3n para los consumidores de &#8220;drogas inteligentes&#8221;. Es beneficioso para quienes toman nootr\u00f3picos con regularidad y quieren ahorrar a\u00fan m\u00e1s. El precio de un comprimido depende de la cantidad del envase: cuantos m\u00e1s comprimidos compre, m\u00e1s barato le saldr\u00e1.<\/p>\n<p>Este Combo Pack incluye dos nootr\u00f3picos populares:<\/p>\n<div class=\"su-divider su-divider-style-default\" style=\"margin:10px 0;border-width:3px;border-color:#ffffff00\"><a href=\"#\" style=\"color:#ffffff009\">.<\/a><\/div>\n<ul>\n<li><a href=\"https:\/\/buymodafinilonline.com\/es\/farmacos-inteligentes\/modvigil-200-mg\/\">Modvigil 200mg<\/a> &#8211; modafinilo gen\u00e9rico;<\/li>\n<li><a href=\"https:\/\/buymodafinilonline.com\/es\/farmacos-inteligentes\/artvigil-150-mg-compromidos\/\">Artvigil 150 mg<\/a> &#8211; gen\u00e9rico armodafinil.<\/li>\n<\/ul>\n<p>Cuando realice el pago, aseg\u00farese de especificar sus preferencias para el Pack combinado de Modvigil y Artvigil Saver en el campo Notas especiales de la <a href=\"https:\/\/buymodafinilonline.com\/es\/confirmar\/\">p\u00e1gina de pago<\/a> (disponible debajo de la direcci\u00f3n de env\u00edo). En caso de que olvide aclarar sus preferencias de combinaci\u00f3n, incluiremos 50% de pastillas de Artvigil y 50% de Modvigil como conjunto por defecto (ambos medicamentos son fabricados por HAB Pharmaceuticals).<\/p>\n<p>Y a partir de ahora, puede agregar p\u00edldoras ED, como:<\/p>\n<div class=\"su-divider su-divider-style-default\" style=\"margin:10px 0;border-width:3px;border-color:#ffffff00\"><a href=\"#\" style=\"color:#ffffff009\">.<\/a><\/div>\n<ul>\n<li>Malegra 100 mg &#8211; Viagra gen\u00e9rico;<\/li>\n<li>Tadarise 20 mg &#8211; Cialis gen\u00e9rico;<\/li>\n<li>Vardegra 20 mg &#8211; Levitra gen\u00e9rico;<\/li>\n<li>y m\u00e1s&#8230;<\/li>\n<\/ul>\n<p>Lea sobre nuestra oferta especial &#8211; <a href=\"https:\/\/buymodafinilonline.com\/es\/farmacos-inteligentes\/pack-male-force-ed-viagra-cialis-levitra\/\">Male Force ED Pack<\/a>.<\/p>\n<div class=\"su-divider su-divider-style-default\" style=\"margin:10px 0;border-width:3px;border-color:#ffffff00\"><a href=\"#\" style=\"color:#ffffff009\">.<\/a><\/div>\n<h3>Gen\u00e9rico Modvigil 200 mg<\/h3>\n<p>Modvigil es un gen\u00e9rico de modafinilo utilizado como agente promotor de la vigilia. El modafinilo es un medicamento de venta con receta disponible en versi\u00f3n de marca y gen\u00e9ricos. Modvigil trata la somnolencia diurna excesiva causada por problemas del sue\u00f1o como la narcolepsia, la apnea obstructiva del sue\u00f1o (AOS) y el trastorno del sue\u00f1o por turnos de trabajo (TSST).<\/p>\n<p>Los m\u00e9dicos lo prescriben para personas con TDA\/TDAH, depresi\u00f3n, fatiga inducida por la esclerosis m\u00faltiple, deterioro cognitivo, deterioro de la memoria relacionado con la edad y otras afecciones relacionadas, debido a su capacidad para mejorar la concentraci\u00f3n, la atenci\u00f3n y restablecer la vigilia.<\/p>\n<p>Las personas sanas utilizan Modvigil como una &#8220;droga inteligente&#8221; para potenciar sus funciones cognitivas, su productividad, su energ\u00eda, su memoria y su agudeza mental, entre otras ventajas para aprender y realizar su trabajo.<\/p>\n<div class=\"su-divider su-divider-style-default\" style=\"margin:10px 0;border-width:3px;border-color:#ffffff00\"><a href=\"#\" style=\"color:#ffffff009\">.<\/a><\/div>\n<h3>Gen\u00e9rico Artvigil 150 mg<\/h3>\n<p>Artvigil es armodafinil gen\u00e9rico, que funciona de forma similar a Modvigil. Tambi\u00e9n est\u00e1 aprobado para combatir la somnolencia diurna excesiva asociada a la narcolepsia, la AOS y el SWSD.<\/p>\n<p>Este medicamento gen\u00e9rico se utiliza para el tratamiento del s\u00edndrome de fatiga cr\u00f3nica, el trastorno depresivo mayor, el TDAH\/TDAH y otras afecciones.<\/p>\n<p>Varias personas sanas utilizan Artvigil de forma no autorizada para aumentar la productividad y mejorar las funciones cognitivas. Artvigil facilita eficazmente el razonamiento, la resoluci\u00f3n de problemas, el rendimiento mental y favorece la vigilia.<\/p>\n<div class=\"su-divider su-divider-style-default\" style=\"margin:10px 0;border-width:3px;border-color:#ffffff00\"><a href=\"#\" style=\"color:#ffffff009\">.<\/a><\/div>\n<h2>C\u00f3mo funcionan los comprimidos<\/h2>\n<p>Artvigil contiene el principio activo &#8211; armodafinilo &#8211; un hermano del modafinilo, el principal componente existente en Modvigil.<\/p>\n<p>Aunque el mecanismo de acci\u00f3n de estos f\u00e1rmacos no se conoce por completo, se sabe que inhiben la recaptaci\u00f3n de dopamina en el cerebro al unirse al transportador de dopamina. La dopamina es un neurotransmisor fabricado en el cerebro que act\u00faa como mensajero qu\u00edmico entre las neuronas. Artvigil y Modvigil act\u00faan bloqueando otros nervios y sustancias responsables de absorber una mayor cantidad de dopamina en el organismo.<\/p>\n<p>A trav\u00e9s de este mecanismo, estos f\u00e1rmacos elevan los niveles extracelulares de dopamina en algunas regiones del cerebro. Esto se traduce en un aumento del flujo sangu\u00edneo, una mejora del funcionamiento ejecutivo del cerebro, la memoria y la concentraci\u00f3n, y otros efectos similares.<\/p>\n<div class=\"su-divider su-divider-style-default\" style=\"margin:10px 0;border-width:3px;border-color:#ffffff00\"><a href=\"#\" style=\"color:#ffffff009\">.<\/a><\/div>\n<h2>Dosificaci\u00f3n segura y uso adecuado<\/h2>\n<p>Modvigil 200 mg y Artvigil 150 mg comprimidos son las dosis recomendadas, pero se basan en el estado m\u00e9dico del usuario y en su respuesta al tratamiento.<\/p>\n<p>Estos medicamentos se toman una vez al d\u00eda. Si el paciente es narcol\u00e9ptico, el comprimido debe tomarse por la ma\u00f1ana seg\u00fan prescripci\u00f3n facultativa. Sin embargo, cuando se trate de SWSD, debe administrarse una hora antes del comienzo del trabajo.<\/p>\n<p>No se automedique ni utilice estos f\u00e1rmacos de forma no autorizada sin consultar antes a un m\u00e9dico. Dosis inseguras como una sobredosis o mientras se padecen ciertas condiciones de salud pueden causar reacciones perjudiciales para la salud.<\/p>\n[\/vc_column][vc_column width=&#8221;1\/2&#8243;]\n<h2>Posibles efectos secundarios<\/h2>\n<p>Modvigil y Artvigil tienen efectos similares a los de las anfetaminas o el metilfenidato, pero provocan muchas menos reacciones negativas. Funcionan bien en personas sanas.<\/p>\n<p>Los efectos secundarios m\u00e1s comunes de ambos nootr\u00f3picos son los siguientes:<\/p>\n<div class=\"su-divider su-divider-style-default\" style=\"margin:10px 0;border-width:3px;border-color:#ffffff00\"><a href=\"#\" style=\"color:#ffffff009\">.<\/a><\/div>\n<ul>\n<li>congesti\u00f3n y secreci\u00f3n nasal;<\/li>\n<li>dolor de cabeza;<\/li>\n<li>mareo;<\/li>\n<li>dificultad para dormir;<\/li>\n<li>sentimientos de ansiedad;<\/li>\n<li>indigesti\u00f3n;<\/li>\n<li>dolor de espalda;<\/li>\n<li>nerviosismo;<\/li>\n<li>diarrea;<\/li>\n<li>n\u00e1useas.<\/li>\n<\/ul>\n<p>Los efectos negativos graves pero poco frecuentes incluyen:<\/p>\n<div class=\"su-divider su-divider-style-default\" style=\"margin:10px 0;border-width:3px;border-color:#ffffff00\"><a href=\"#\" style=\"color:#ffffff009\">.<\/a><\/div>\n<ul>\n<li>sarpullido en la piel;<\/li>\n<li>latidos card\u00edacos anormales;<\/li>\n<li>colmenas;<\/li>\n<li>orina con sangre;<\/li>\n<li>comportamiento hiperactivo;<\/li>\n<li>dificultad para respirar;<\/li>\n<li>pensamientos suicidas;<\/li>\n<li>problemas mentales, entre otros.<\/li>\n<\/ul>\n<p>Esta no es una lista completa. Algunos efectos negativos pueden ser graves dependiendo de su estado de salud. En caso de cualquier s\u00edntoma extra\u00f1o, informe a su m\u00e9dico para recibir asistencia m\u00e9dica inmediata.<\/p>\n<div class=\"su-divider su-divider-style-default\" style=\"margin:10px 0;border-width:3px;border-color:#ffffff00\"><a href=\"#\" style=\"color:#ffffff009\">.<\/a><\/div>\n<h2>Contraindicaciones y precauciones<\/h2>\n<p>Deje que un m\u00e9dico eval\u00fae su estado de salud (especialmente si tiene problemas card\u00edacos o hep\u00e1ticos) antes de tomar estos medicamentos. No mezcle nootr\u00f3picos con otros medicamentos, ya que esto puede provocar interacciones graves. Informe a su especialista m\u00e9dico de todos los medicamentos que est\u00e9 utilizando, incluidos los remedios a base de plantas. Mezclar nootr\u00f3picos con alcohol puede provocar algunos efectos secundarios sin precedentes. En cuanto a los alimentos, Modvigil y Artvigil funcionan bien con la mayor\u00eda de los productos, excepto con el pomelo y el zumo de pomelo.<\/p>\n<p>Pueden producirse interacciones medicamentosas cuando las &#8220;p\u00edldoras inteligentes&#8221; se utilizan junto con los siguientes medicamentos:<\/p>\n<ul>\n<li>Sustratos de CYP2C19 y CYP3A4\/5;<\/li>\n<li>inhibidores de la monoamino oxidasa;<\/li>\n<li>warfarina;<\/li>\n<li>medicamentos anticonceptivos y otros.<\/li>\n<\/ul>\n<p>Esta no es una lista completa de las posibles interacciones medicamentosas. Siga las instrucciones del prospecto.<\/p>\n<div class=\"su-divider su-divider-style-default\" style=\"margin:10px 0;border-width:3px;border-color:#ffffff00\"><a href=\"#\" style=\"color:#ffffff009\">.<\/a><\/div>\n<h2>Experiencia del consumidor<\/h2>\n<p>Conseguir un paquete combinado te ayuda a hacer experiencias con conocimiento de causa. Estos f\u00e1rmacos son seguros y bien tolerados. Los comentarios y valoraciones de fuentes de confianza en l\u00ednea muestran que Modvigil y Artvigil son medicamentos orientados a los resultados que no son estimulantes ni adictivos y que tienen efectos negativos m\u00ednimos. Varias personas, incluidos profesionales de alto nivel, trabajadores, atletas y estudiantes, revisaron positivamente estas drogas debido a los impresionantes efectos que recompensan.<\/p>\n<p>A pesar de estas cr\u00edticas positivas, es necesario consultar siempre a un m\u00e9dico antes de tomar estos medicamentos, ya que cada persona puede responder de forma diferente a la medicaci\u00f3n. Ambos f\u00e1rmacos pueden causar efectos secundarios leves que desaparecen con el uso continuado. T\u00fa tambi\u00e9n puedes utilizarlos y opinar sobre tu experiencia.<\/p>\n<div class=\"su-divider su-divider-style-default\" style=\"margin:10px 0;border-width:3px;border-color:#ffffff00\"><a href=\"#\" style=\"color:#ffffff009\">.<\/a><\/div>\n<h2>C\u00f3mo obtener Modvigil \/ Artvigil Saver Combo Pack en l\u00ednea<\/h2>\n<p>La seguridad con medicamentos de calidad es una prioridad que necesita de una farmacia electr\u00f3nica de confianza. <a href=\"https:\/\/buymodafinilonline.com\/es\/\">BuyModafinilOnline<\/a> es la farmacia electr\u00f3nica m\u00e1s segura que ofrece euger\u00f3ticos aut\u00e9nticos procedentes de fabricantes autorizados y sin receta.<\/p>\n<p>Al pedir este Combo Pack, ahorrar\u00e1 m\u00e1s y se beneficiar\u00e1 al saber qu\u00e9 medicamento le funciona mejor. Hay otras &#8220;<a href=\"https:\/\/buymodafinilonline.com\/smart-drugs-brands\/\">drogas inteligentes<\/a>&#8221; a la venta, y las ofrecemos a precio de fabricaci\u00f3n. Cuantas m\u00e1s fichas compre, menor ser\u00e1 el coste.<\/p>\n<p>Tambi\u00e9n ofrecemos <a href=\"https:\/\/buymodafinilonline.com\/free-trial\/\">paquetes de muestras gratuitas<\/a> de armodafinilo (Artvigil) y modafinilo (Modalert), la mejor opci\u00f3n para probar la eficacia y tolerabilidad de las &#8220;drogas inteligentes&#8221; de forma gratuita.<\/p>\n<p>Pague con PayPal, tarjeta de cr\u00e9dito o <a href=\"https:\/\/buymodafinilonline.com\/es\/paga-con-bitcoin\/\">Bitcoin<\/a>. Si elige criptomoneda como forma de pago, obtendr\u00e1 un descuento del 23%. El <a href=\"https:\/\/buymodafinilonline.com\/es\/mejor-proveedor-espana\/\">env\u00edo de<\/a> paquetes al comprador <a href=\"https:\/\/buymodafinilonline.com\/es\/mejor-proveedor-espana\/\">es ultrarr\u00e1pido<\/a>: a la mayor parte del mundo, incluidos EE.UU., Singapur, Australia, Reino Unido y Hong Kong, excepto algunos pa\u00edses de la lista. BMO ofrece el reenv\u00edo o el reembolso \u00edntegro en caso de fallo en la entrega del paquete.<\/p>\n<div class=\"su-divider su-divider-style-default\" style=\"margin:10px 0;border-width:3px;border-color:#ffffff00\"><a href=\"#\" style=\"color:#ffffff009\">.<\/a><\/div>\n[\/vc_column]\n","protected":false},"excerpt":{"rendered":"<p>P.D. Aseg\u00farese<strong> de especificar sus preferencias de Modvigil &amp; Artvigil Saver Combo Pack<\/strong> en el campo Notas especiales de la p\u00e1gina de pago (debajo de la direcci\u00f3n de env\u00edo).<\/p>\n<p>En caso de que olvide aclarar sus preferencias de combinaci\u00f3n, incluiremos un 50% de Modvigil y un 50% de Artvigil como conjunto por defecto (ambos de HAB Pharma).<\/p>\n<p>Este Pack Ahorro NO incluye Modalert, Waklert, ni Modafil MD sublingual. En su lugar, pruebe nuestro <a href=\"https:\/\/buymodafinilonline.com\/smart-drugs\/superb-combo-pack\/\">paquete combinado<\/a> especial <a href=\"https:\/\/buymodafinilonline.com\/smart-drugs\/superb-combo-pack\/\">Superb<\/a>.<\/p>\n[sc name=\"s1\"]\n","protected":false},"featured_media":410534,"comment_status":"closed","ping_status":"closed","template":"","meta":{"_acf_changed":false},"product_brand":[],"product_cat":[3788,4239],"product_tag":[4023,4001],"class_list":{"0":"post-410530","1":"product","2":"type-product","3":"status-publish","4":"has-post-thumbnail","6":"product_cat-marcas-de-drogas-inteligentes","7":"product_cat-paquetes-combinados","8":"product_tag-armodafinil-es","9":"product_tag-modafinilo","11":"first","12":"instock","13":"sale","14":"shipping-taxable","15":"purchasable","16":"product-type-variable","17":"has-default-attributes"},"acf":[],"yoast_head":"<!-- This site is optimized with the Yoast SEO Premium plugin v23.6 (Yoast SEO v27.3) - https:\/\/yoast.com\/product\/yoast-seo-premium-wordpress\/ -->\n<title>Modvigil &amp; Artvigil Saver Combo Pack | BuyModafinilOnline.com<\/title>\n<meta name=\"description\" content=\"El Modvigil\/Artvigil Saver Combo Pack es una gran soluci\u00f3n para aquellos que toman regularmente medicamentos inteligentes y quiere ahorrar a\u00fan m\u00e1s. El precio de un comprimido depende de la cantidad del envase: cuantos m\u00e1s comprimidos compre, m\u00e1s barato le saldr\u00e1.\" \/>\n<meta name=\"robots\" content=\"index, follow, max-snippet:-1, max-image-preview:large, max-video-preview:-1\" \/>\n<link rel=\"canonical\" href=\"https:\/\/buymodafinilonline.com\/es\/farmacos-inteligentes\/saver-combo-pack\/\" \/>\n<meta property=\"og:locale\" content=\"es_ES\" \/>\n<meta property=\"og:type\" content=\"article\" \/>\n<meta property=\"og:title\" content=\"Modvigil &amp; Artvigil Saver Combo Pack\" \/>\n<meta property=\"og:description\" content=\"El Modvigil\/Artvigil Saver Combo Pack es una gran soluci\u00f3n para aquellos que toman regularmente medicamentos inteligentes y quiere ahorrar a\u00fan m\u00e1s. El precio de un comprimido depende de la cantidad del envase: cuantos m\u00e1s comprimidos compre, m\u00e1s barato le saldr\u00e1.\" \/>\n<meta property=\"og:url\" content=\"https:\/\/buymodafinilonline.com\/es\/farmacos-inteligentes\/saver-combo-pack\/\" \/>\n<meta property=\"og:site_name\" content=\"BuyModafinilOnline.com\" \/>\n<meta property=\"article:modified_time\" content=\"2024-08-16T16:45:58+00:00\" \/>\n<meta property=\"og:image\" content=\"https:\/\/buymodafinilonline.com\/wp-content\/uploads\/2020\/04\/product-bmo-Artvigill-Modvigil-2.png\" \/>\n\t<meta property=\"og:image:width\" content=\"1280\" \/>\n\t<meta property=\"og:image:height\" content=\"1500\" \/>\n\t<meta property=\"og:image:type\" content=\"image\/png\" \/>\n<meta name=\"twitter:label1\" content=\"Tiempo de lectura\" \/>\n\t<meta name=\"twitter:data1\" content=\"7 minutos\" \/>\n<script type=\"application\/ld+json\" class=\"yoast-schema-graph\">{\"@context\":\"https:\\\/\\\/schema.org\",\"@graph\":[{\"@type\":\"WebPage\",\"@id\":\"https:\\\/\\\/buymodafinilonline.com\\\/es\\\/farmacos-inteligentes\\\/saver-combo-pack\\\/\",\"url\":\"https:\\\/\\\/buymodafinilonline.com\\\/es\\\/farmacos-inteligentes\\\/saver-combo-pack\\\/\",\"name\":\"Modvigil &amp; Artvigil Saver Combo Pack | BuyModafinilOnline.com\",\"isPartOf\":{\"@id\":\"https:\\\/\\\/buymodafinilonline.com\\\/es\\\/#website\"},\"primaryImageOfPage\":{\"@id\":\"https:\\\/\\\/buymodafinilonline.com\\\/es\\\/farmacos-inteligentes\\\/saver-combo-pack\\\/#primaryimage\"},\"image\":{\"@id\":\"https:\\\/\\\/buymodafinilonline.com\\\/es\\\/farmacos-inteligentes\\\/saver-combo-pack\\\/#primaryimage\"},\"thumbnailUrl\":\"https:\\\/\\\/buymodafinilonline.com\\\/wp-content\\\/uploads\\\/2020\\\/04\\\/product-bmo-Artvigill-Modvigil-2.png\",\"datePublished\":\"2020-04-06T19:59:52+00:00\",\"dateModified\":\"2024-08-16T16:45:58+00:00\",\"description\":\"El Modvigil\\\/Artvigil Saver Combo Pack es una gran soluci\u00f3n para aquellos que toman regularmente medicamentos inteligentes y quiere ahorrar a\u00fan m\u00e1s. El precio de un comprimido depende de la cantidad del envase: cuantos m\u00e1s comprimidos compre, m\u00e1s barato le saldr\u00e1.\",\"breadcrumb\":{\"@id\":\"https:\\\/\\\/buymodafinilonline.com\\\/es\\\/farmacos-inteligentes\\\/saver-combo-pack\\\/#breadcrumb\"},\"inLanguage\":\"es\",\"potentialAction\":[{\"@type\":\"ReadAction\",\"target\":[\"https:\\\/\\\/buymodafinilonline.com\\\/es\\\/farmacos-inteligentes\\\/saver-combo-pack\\\/\"]}]},{\"@type\":\"ImageObject\",\"inLanguage\":\"es\",\"@id\":\"https:\\\/\\\/buymodafinilonline.com\\\/es\\\/farmacos-inteligentes\\\/saver-combo-pack\\\/#primaryimage\",\"url\":\"https:\\\/\\\/buymodafinilonline.com\\\/wp-content\\\/uploads\\\/2020\\\/04\\\/product-bmo-Artvigill-Modvigil-2.png\",\"contentUrl\":\"https:\\\/\\\/buymodafinilonline.com\\\/wp-content\\\/uploads\\\/2020\\\/04\\\/product-bmo-Artvigill-Modvigil-2.png\",\"width\":1280,\"height\":1500,\"caption\":\"Pack combinado de ahorro Modvigil\\\/Artvigil\"},{\"@type\":\"BreadcrumbList\",\"@id\":\"https:\\\/\\\/buymodafinilonline.com\\\/es\\\/farmacos-inteligentes\\\/saver-combo-pack\\\/#breadcrumb\",\"itemListElement\":[{\"@type\":\"ListItem\",\"position\":1,\"name\":\"Buy Modafinil Online\",\"item\":\"https:\\\/\\\/buymodafinilonline.com\\\/es\\\/\"},{\"@type\":\"ListItem\",\"position\":2,\"name\":\"Tienda\",\"item\":\"https:\\\/\\\/buymodafinilonline.com\\\/es\\\/tienda\\\/\"},{\"@type\":\"ListItem\",\"position\":3,\"name\":\"Marcas de drogas inteligentes\",\"item\":\"https:\\\/\\\/buymodafinilonline.com\\\/es\\\/categoria-de-productos\\\/marcas-de-drogas-inteligentes\\\/\"},{\"@type\":\"ListItem\",\"position\":4,\"name\":\"Modvigil &amp; Artvigil Saver Combo Pack\"}]},{\"@type\":\"WebSite\",\"@id\":\"https:\\\/\\\/buymodafinilonline.com\\\/es\\\/#website\",\"url\":\"https:\\\/\\\/buymodafinilonline.com\\\/es\\\/\",\"name\":\"BuyModafinilOnline.com\",\"description\":\"Modafinil Online Pharmacy\",\"publisher\":{\"@id\":\"https:\\\/\\\/buymodafinilonline.com\\\/es\\\/#organization\"},\"potentialAction\":[{\"@type\":\"SearchAction\",\"target\":{\"@type\":\"EntryPoint\",\"urlTemplate\":\"https:\\\/\\\/buymodafinilonline.com\\\/es\\\/?s={search_term_string}\"},\"query-input\":{\"@type\":\"PropertyValueSpecification\",\"valueRequired\":true,\"valueName\":\"search_term_string\"}}],\"inLanguage\":\"es\"},{\"@type\":\"Organization\",\"@id\":\"https:\\\/\\\/buymodafinilonline.com\\\/es\\\/#organization\",\"name\":\"BuyModafinilOnline\",\"url\":\"https:\\\/\\\/buymodafinilonline.com\\\/es\\\/\",\"logo\":{\"@type\":\"ImageObject\",\"inLanguage\":\"es\",\"@id\":\"https:\\\/\\\/buymodafinilonline.com\\\/es\\\/#\\\/schema\\\/logo\\\/image\\\/\",\"url\":\"https:\\\/\\\/buymodafinilonline.com\\\/wp-content\\\/uploads\\\/2020\\\/04\\\/logo-buy-modafinil-online-yellow.png\",\"contentUrl\":\"https:\\\/\\\/buymodafinilonline.com\\\/wp-content\\\/uploads\\\/2020\\\/04\\\/logo-buy-modafinil-online-yellow.png\",\"width\":200,\"height\":200,\"caption\":\"BuyModafinilOnline\"},\"image\":{\"@id\":\"https:\\\/\\\/buymodafinilonline.com\\\/es\\\/#\\\/schema\\\/logo\\\/image\\\/\"}}]}<\/script>\n<!-- \/ Yoast SEO Premium plugin. -->","yoast_head_json":{"title":"Modvigil &amp; Artvigil Saver Combo Pack | BuyModafinilOnline.com","description":"El Modvigil\/Artvigil Saver Combo Pack es una gran soluci\u00f3n para aquellos que toman regularmente medicamentos inteligentes y quiere ahorrar a\u00fan m\u00e1s. El precio de un comprimido depende de la cantidad del envase: cuantos m\u00e1s comprimidos compre, m\u00e1s barato le saldr\u00e1.","robots":{"index":"index","follow":"follow","max-snippet":"max-snippet:-1","max-image-preview":"max-image-preview:large","max-video-preview":"max-video-preview:-1"},"canonical":"https:\/\/buymodafinilonline.com\/es\/farmacos-inteligentes\/saver-combo-pack\/","og_locale":"es_ES","og_type":"article","og_title":"Modvigil &amp; Artvigil Saver Combo Pack","og_description":"El Modvigil\/Artvigil Saver Combo Pack es una gran soluci\u00f3n para aquellos que toman regularmente medicamentos inteligentes y quiere ahorrar a\u00fan m\u00e1s. El precio de un comprimido depende de la cantidad del envase: cuantos m\u00e1s comprimidos compre, m\u00e1s barato le saldr\u00e1.","og_url":"https:\/\/buymodafinilonline.com\/es\/farmacos-inteligentes\/saver-combo-pack\/","og_site_name":"BuyModafinilOnline.com","article_modified_time":"2024-08-16T16:45:58+00:00","og_image":[{"width":1280,"height":1500,"url":"https:\/\/buymodafinilonline.com\/wp-content\/uploads\/2020\/04\/product-bmo-Artvigill-Modvigil-2.png","type":"image\/png"}],"twitter_misc":{"Tiempo de lectura":"7 minutos"},"schema":{"@context":"https:\/\/schema.org","@graph":[{"@type":"WebPage","@id":"https:\/\/buymodafinilonline.com\/es\/farmacos-inteligentes\/saver-combo-pack\/","url":"https:\/\/buymodafinilonline.com\/es\/farmacos-inteligentes\/saver-combo-pack\/","name":"Modvigil &amp; Artvigil Saver Combo Pack | BuyModafinilOnline.com","isPartOf":{"@id":"https:\/\/buymodafinilonline.com\/es\/#website"},"primaryImageOfPage":{"@id":"https:\/\/buymodafinilonline.com\/es\/farmacos-inteligentes\/saver-combo-pack\/#primaryimage"},"image":{"@id":"https:\/\/buymodafinilonline.com\/es\/farmacos-inteligentes\/saver-combo-pack\/#primaryimage"},"thumbnailUrl":"https:\/\/buymodafinilonline.com\/wp-content\/uploads\/2020\/04\/product-bmo-Artvigill-Modvigil-2.png","datePublished":"2020-04-06T19:59:52+00:00","dateModified":"2024-08-16T16:45:58+00:00","description":"El Modvigil\/Artvigil Saver Combo Pack es una gran soluci\u00f3n para aquellos que toman regularmente medicamentos inteligentes y quiere ahorrar a\u00fan m\u00e1s. El precio de un comprimido depende de la cantidad del envase: cuantos m\u00e1s comprimidos compre, m\u00e1s barato le saldr\u00e1.","breadcrumb":{"@id":"https:\/\/buymodafinilonline.com\/es\/farmacos-inteligentes\/saver-combo-pack\/#breadcrumb"},"inLanguage":"es","potentialAction":[{"@type":"ReadAction","target":["https:\/\/buymodafinilonline.com\/es\/farmacos-inteligentes\/saver-combo-pack\/"]}]},{"@type":"ImageObject","inLanguage":"es","@id":"https:\/\/buymodafinilonline.com\/es\/farmacos-inteligentes\/saver-combo-pack\/#primaryimage","url":"https:\/\/buymodafinilonline.com\/wp-content\/uploads\/2020\/04\/product-bmo-Artvigill-Modvigil-2.png","contentUrl":"https:\/\/buymodafinilonline.com\/wp-content\/uploads\/2020\/04\/product-bmo-Artvigill-Modvigil-2.png","width":1280,"height":1500,"caption":"Pack combinado de ahorro Modvigil\/Artvigil"},{"@type":"BreadcrumbList","@id":"https:\/\/buymodafinilonline.com\/es\/farmacos-inteligentes\/saver-combo-pack\/#breadcrumb","itemListElement":[{"@type":"ListItem","position":1,"name":"Buy Modafinil Online","item":"https:\/\/buymodafinilonline.com\/es\/"},{"@type":"ListItem","position":2,"name":"Tienda","item":"https:\/\/buymodafinilonline.com\/es\/tienda\/"},{"@type":"ListItem","position":3,"name":"Marcas de drogas inteligentes","item":"https:\/\/buymodafinilonline.com\/es\/categoria-de-productos\/marcas-de-drogas-inteligentes\/"},{"@type":"ListItem","position":4,"name":"Modvigil &amp; Artvigil Saver Combo Pack"}]},{"@type":"WebSite","@id":"https:\/\/buymodafinilonline.com\/es\/#website","url":"https:\/\/buymodafinilonline.com\/es\/","name":"BuyModafinilOnline.com","description":"Modafinil Online Pharmacy","publisher":{"@id":"https:\/\/buymodafinilonline.com\/es\/#organization"},"potentialAction":[{"@type":"SearchAction","target":{"@type":"EntryPoint","urlTemplate":"https:\/\/buymodafinilonline.com\/es\/?s={search_term_string}"},"query-input":{"@type":"PropertyValueSpecification","valueRequired":true,"valueName":"search_term_string"}}],"inLanguage":"es"},{"@type":"Organization","@id":"https:\/\/buymodafinilonline.com\/es\/#organization","name":"BuyModafinilOnline","url":"https:\/\/buymodafinilonline.com\/es\/","logo":{"@type":"ImageObject","inLanguage":"es","@id":"https:\/\/buymodafinilonline.com\/es\/#\/schema\/logo\/image\/","url":"https:\/\/buymodafinilonline.com\/wp-content\/uploads\/2020\/04\/logo-buy-modafinil-online-yellow.png","contentUrl":"https:\/\/buymodafinilonline.com\/wp-content\/uploads\/2020\/04\/logo-buy-modafinil-online-yellow.png","width":200,"height":200,"caption":"BuyModafinilOnline"},"image":{"@id":"https:\/\/buymodafinilonline.com\/es\/#\/schema\/logo\/image\/"}}]}},"_links":{"self":[{"href":"https:\/\/buymodafinilonline.com\/es\/wp-json\/wp\/v2\/product\/410530","targetHints":{"allow":["GET"]}}],"collection":[{"href":"https:\/\/buymodafinilonline.com\/es\/wp-json\/wp\/v2\/product"}],"about":[{"href":"https:\/\/buymodafinilonline.com\/es\/wp-json\/wp\/v2\/types\/product"}],"replies":[{"embeddable":true,"href":"https:\/\/buymodafinilonline.com\/es\/wp-json\/wp\/v2\/comments?post=410530"}],"wp:featuredmedia":[{"embeddable":true,"href":"https:\/\/buymodafinilonline.com\/es\/wp-json\/wp\/v2\/media\/410534"}],"wp:attachment":[{"href":"https:\/\/buymodafinilonline.com\/es\/wp-json\/wp\/v2\/media?parent=410530"}],"wp:term":[{"taxonomy":"product_brand","embeddable":true,"href":"https:\/\/buymodafinilonline.com\/es\/wp-json\/wp\/v2\/product_brand?post=410530"},{"taxonomy":"product_cat","embeddable":true,"href":"https:\/\/buymodafinilonline.com\/es\/wp-json\/wp\/v2\/product_cat?post=410530"},{"taxonomy":"product_tag","embeddable":true,"href":"https:\/\/buymodafinilonline.com\/es\/wp-json\/wp\/v2\/product_tag?post=410530"}],"curies":[{"name":"wp","href":"https:\/\/api.w.org\/{rel}","templated":true}]}}