{"id":446739,"date":"2021-07-12T22:38:41","date_gmt":"2021-07-12T21:38:41","guid":{"rendered":"https:\/\/buymodafinilonline.com\/smart-drugs\/modavinil-200-mg\/"},"modified":"2025-05-23T18:02:36","modified_gmt":"2025-05-23T17:02:36","slug":"modavinil-200-mg","status":"publish","type":"product","link":"https:\/\/buymodafinilonline.com\/es\/farmacos-inteligentes\/modavinil-200-mg\/","title":{"rendered":"Modavinil 200 MG"},"content":{"rendered":"[vc_column width=&#8221;1\/2&#8243;]\n<h2>\u00bfQu\u00e9 es el Modavinil 200 mg?<\/h2>\n<p>Modavinil es una nueva marca de modafinilo gen\u00e9rico creada por Centurion Laboratories, un gigante farmac\u00e9utico de la India de gran reputaci\u00f3n y confianza. El modafinilo, su ingrediente activo, es un popular eugeroide dise\u00f1ado espec\u00edficamente para tratar varios trastornos del sue\u00f1o, como la apnea obstructiva del sue\u00f1o (AOS), el trastorno del sue\u00f1o por turnos (TSS) y la narcolepsia. En general, ayuda a las personas privadas de sue\u00f1o a mantenerse despiertas y alerta.<\/p>\n<p>Sin receta m\u00e9dica, los m\u00e9dicos pueden recetar esta p\u00edldora a pacientes que sufren otras afecciones, como el trastorno por d\u00e9ficit de atenci\u00f3n e hiperactividad (TDAH), el jet lag, la depresi\u00f3n, la enfermedad de Parkinson, la enfermedad de Alzheimer, etc. Adem\u00e1s, personas sanas de todos los \u00e1mbitos de la vida utilizan Modavinil para mejorar su capacidad cerebral y aumentar la productividad. Aunque casi todo el mundo puede tomar este medicamento, siempre es aconsejable consultar a un m\u00e9dico antes de iniciar el tratamiento con \u00e9l.<\/p>\n<h2>C\u00f3mo funcionan los comprimidos<\/h2>\n<p>Hay mucha incertidumbre en torno al modo de acci\u00f3n del modafinilo. Los expertos no saben exactamente c\u00f3mo funciona. Sin embargo, se sabe que se une al transportador de dopamina e inhibe la recaptaci\u00f3n de la misma, aumentando as\u00ed sus concentraciones. Este neurotransmisor, a su vez, provoca una sensaci\u00f3n de &#8220;bienestar&#8221; y hace que los usuarios se mantengan despiertos y alerta. Se cree que la dopamina est\u00e1 relacionada con el ciclo sue\u00f1o-vigilia, la motivaci\u00f3n y la capacidad humana de concentraci\u00f3n. Adem\u00e1s, el f\u00e1rmaco afecta a los niveles de histamina en el cerebro, fomentando as\u00ed la vigilia durante el d\u00eda. Tambi\u00e9n regula los niveles de otras sustancias qu\u00edmicas como la serotonina, la noradrenalina y la orexina.<\/p>\n<h2>Dosificaci\u00f3n segura y uso adecuado<\/h2>\n<p>El Modavinil tiene una variedad de usos y efectos, lo que resulta en una mayor concentraci\u00f3n, patrones de sue\u00f1o mejorados, mejores niveles de energ\u00eda y una mayor productividad. Su dosificaci\u00f3n se basa en la condici\u00f3n m\u00e9dica del usuario y la respuesta al tratamiento. Sin embargo, la dosis general recomendada es de 200 mg una vez al d\u00eda. Los nuevos usuarios pueden empezar con 100 mg, partiendo el comprimido por la mitad. El l\u00edmite m\u00e1ximo de Modavinil es de 400 mg al d\u00eda.<\/p>\n<p>Si el paciente es narcol\u00e9ptico o sufre de AOS, la p\u00edldora debe tomarse por la ma\u00f1ana. Cuando se trata de SWSD, debe ingerirse una hora antes del comienzo del turno de trabajo. Debe tomarse por v\u00eda oral con un vaso de agua y puede consumirse con o sin alimentos. Esto depende de sus preferencias.<\/p>\n<p>Es muy recomendable consultar a un m\u00e9dico antes de tomar Modavinil para comprobar su salud y asegurarse de que es seguro para usted. El inicio de sus efectos se produce generalmente una hora despu\u00e9s de su administraci\u00f3n. Su vida media es de unas 13 horas o m\u00e1s, por lo que es mejor tomar el medicamento a primera hora del d\u00eda.<\/p>\n<p>Dado que el Modavinil puede causar deshidrataci\u00f3n, es primordial beber mucha agua mientras el medicamento est\u00e9 activo para evitar dolores de cabeza. Puede actuar como un diur\u00e9tico haciendo que el agua pase m\u00e1s r\u00e1pido por su sistema corporal. Esto hace que sea imprescindible hidratarse para reponer el agua que se ha perdido.<\/p>\n<h2>Posibles efectos secundarios<\/h2>\n<p>Al utilizar Modavinil 200 mg, puede experimentar efectos negativos que pueden ir de leves a graves. Sin embargo, no le ocurren a todos los usuarios. Si los s\u00edntomas son leves, desaparecen r\u00e1pidamente a medida que el cuerpo se adapta a la medicaci\u00f3n. Los efectos negativos m\u00e1s frecuentes son los siguientes<\/p>\n<ul>\n<li>sequedad de boca;<\/li>\n<li>n\u00e1usea;<\/li>\n<li>dolor de cabeza;<\/li>\n<li>diarrea;<\/li>\n<li>dificultad para dormir;<\/li>\n<li>mareos.<\/li>\n<\/ul>\n<p>En muy raras ocasiones, algunos consumidores de &#8220;drogas inteligentes&#8221; pueden experimentar reacciones adversas graves como las siguientes:<\/p>\n<ul>\n<li>alucinaciones<\/li>\n<li>hiperactividad;<\/li>\n<li>depresi\u00f3n;<\/li>\n<li>temblores;<\/li>\n<li>pensamientos suicidas.<\/li>\n<\/ul>\n[\/vc_column][vc_column width=&#8221;1\/2&#8243;]\nEsta no es una lista exhaustiva. Si se experimentan estos s\u00edntomas, incluyendo reacciones al\u00e9rgicas como erupciones y ampollas graves, busque inmediatamente atenci\u00f3n m\u00e9dica. Es mejor consultar a un m\u00e9dico antes de empezar a tomar este medicamento para realizar un an\u00e1lisis de salud y determinar si Modavinil es bueno para usted. Este medicamento se considera generalmente seguro y bien tolerado, pero cada usuario puede responder de forma diferente a \u00e9l. Algunos efectos negativos pueden ser m\u00e1s frecuentes a dosis m\u00e1s altas.<\/p>\n<h2>Contraindicaciones y precauciones<\/h2>\n<p>Cabe destacar que el Modavinil puede interactuar negativamente con ciertos medicamentos. De hecho, esta &#8220;droga inteligente&#8221; interact\u00faa con hasta 425 medicamentos si se coadministra. Estas interacciones pueden reducir los efectos de uno o m\u00e1s medicamentos combinados o incluso aumentar el riesgo de reacciones negativas.<\/p>\n<p>Como medicamento basado en el modafinilo, el modavinilo puede interactuar con las siguientes clases de medicamentos:<\/p>\n<ul>\n<li>antibi\u00f3ticos como la eritromicina;<\/li>\n<li>antif\u00fangicos como el ketoconazol;<\/li>\n<li>anticonvulsivos como la carbamazepina;<\/li>\n<li>ciertos tipos de antidepresivos como la clomipramina y la desipramina;<\/li>\n<li>p\u00edldoras anticonceptivas;<\/li>\n<li>antivirales como el ritonavir.<\/li>\n<\/ul>\n<p>Aunque el medicamento interact\u00faa con los 425 medicamentos conocidos, s\u00f3lo un peque\u00f1o porcentaje de las interacciones son graves. Informe a un m\u00e9dico sobre cualquier medicamento que est\u00e9 utilizando antes de ingerirlo.<\/p>\n<p>Adem\u00e1s, el Modavinil interact\u00faa con el alcohol de forma que puede aumentar el riesgo de efectos negativos. Aunque no interact\u00faa con la mayor\u00eda de los alimentos, tomarlo justo antes o despu\u00e9s de comer comidas grasas puede retrasar su inicio de acci\u00f3n.<\/p>\n<p>Las mujeres embarazadas y las personas con un historial de ataque al coraz\u00f3n, dolor en el pecho, presi\u00f3n arterial alta, ritmo card\u00edaco irregular, enfermedad renal o hep\u00e1tica, abuso de estimulantes o medicamentos ilegales y enfermedades mentales deben evitar el uso de Modavinil.<\/p>\n<h2>Experiencia del consumidor<\/h2>\n<p>Aunque el Modavinil es relativamente nuevo en la escena de las &#8220;drogas inteligentes&#8221;, se ha ganado el coraz\u00f3n de muchos usuarios gracias a su seguridad, eficacia y el gran n\u00famero de inmensos beneficios que proporciona. Estas son algunas de las ventajas que los consumidores, as\u00ed como los estudios, han atestiguado:<\/p>\n<ul>\n<li>mejora de la vigilia;<\/li>\n<li>la cognici\u00f3n aumentada;<\/li>\n<li>una mayor productividad;<\/li>\n<li>M\u00e1s de 12 horas de concentraci\u00f3n como un l\u00e1ser.<\/li>\n<\/ul>\n<p>Ya no es noticia que Modavinil 200 mg ofrece un nuevo nivel de agudeza mental, alerta, energ\u00eda y productividad si se utiliza correctamente. Porque est\u00e1 a la venta en nuestra e-farmacia, p\u00eddalo para saber m\u00e1s sobre su fiabilidad y los beneficios que aporta. Aseg\u00farese siempre de consultar a un m\u00e9dico para determinar si este medicamento es bueno para usted.<\/p>\n<h2>Comprar Gen\u00e9rico Modavinil 200mg (Modafiniol) Online<\/h2>\n<p>En <a href=\"https:\/\/buymodafinilonline.com\/es\/\">BuyModafinilOnline<\/a>, facilitamos la <a href=\"https:\/\/buymodafinilonline.com\/es\/tienda\/\">compra de &#8220;medicamentos inteligentes&#8221; gen\u00e9ricos en l\u00ednea<\/a> a precios rid\u00edculamente bajos y sin receta. Tenemos una excelente reputaci\u00f3n para la entrega de nootr\u00f3picos genuinos<a href=\"https:\/\/buymodafinilonline.com\/es\/farmacos-inteligentes\/artvigil-150-mg-compromidos\/\">(Artvigil<\/a>, <a href=\"https:\/\/buymodafinilonline.com\/es\/farmacos-inteligentes\/armod-150-mg\/\">Armod<\/a>, <a href=\"https:\/\/buymodafinilonline.com\/es\/farmacos-inteligentes\/armodavinil-150-mg\/\">Armodavinil<\/a>, Modawake, <a href=\"https:\/\/buymodafinilonline.com\/es\/farmacos-inteligentes\/modafil-md-200-mg-sublingual\/\">Modafil MD<\/a>, etc.) r\u00e1pidamente y sin problemas. Esto demuestra por qu\u00e9 tenemos un gran n\u00famero de compradores que regresan y por qu\u00e9 los compradores nos califican como el mejor lugar para <a href=\"https:\/\/buymodafinilonline.com\/smart-drugs-brands\/\">comprar modafinilo y armodafinilo baratos<\/a>. Para confirmar nuestra reputaci\u00f3n y la calidad de los medicamentos que ofrecemos, siempre nos ganamos a nuestros compradores enviando <a href=\"https:\/\/buymodafinilonline.com\/free-trial\/\">muestras gratuitas<\/a> de nootr\u00f3picos populares, para que puedan probar la eficacia de nuestros productos antes de comprarlos. Tambi\u00e9n ofrecemos <a href=\"https:\/\/buymodafinilonline.com\/coupons-deals-promo-codes\/\">incre\u00edbles descuentos<\/a>, c\u00f3digos de cupones y env\u00edos r\u00e1pidos a la mayor parte del mundo, incluidos los Estados Unidos, el Reino Unido y Australia. Adem\u00e1s, tenemos varias <a href=\"https:\/\/buymodafinilonline.com\/billing-credit-card-faq\/\">opciones de pago<\/a>. Puedes pagar con PayPal, tarjeta de cr\u00e9dito o <a href=\"https:\/\/buymodafinilonline.com\/es\/paga-con-bitcoin\/\">Bitcoin<\/a> (23% de descuento). Enviamos a todo el mundo, excepto a unos pocos pa\u00edses de la lista.<\/p>\n<p>Disfrute de su experiencia de compra sin necesidad de receta m\u00e9dica.<\/p>\n[\/vc_column]\n","protected":false},"excerpt":{"rendered":"<p>Modavinil 200 mg fabricado por Centurion Laboratories es un nuevo medicamento gen\u00e9rico de modafinilo de primera calidad. Su ingrediente activo es el modafinilo, que ayuda a tratar la somnolencia diurna excesiva en pacientes con falta de sue\u00f1o y a mejorar las funciones cognitivas en personas sanas. Hoy en d\u00eda, esta poderosa &#8220;droga inteligente&#8221; puede adquirirse en casi cualquier proveedor. Sin embargo, si desea obtener pesta\u00f1as genuinas junto con las <a href=\"https:\/\/buymodafinilonline.com\/coupons-deals-promo-codes\/\">mejores ofertas, descuentos<\/a> y <a href=\"https:\/\/buymodafinilonline.com\/shipping\/\">env\u00edos<\/a> garantizados a todo el mundo, \u00a1puede confiar en nuestra farmacia en l\u00ednea!<\/p>\n<p>Tambi\u00e9n nos complace invitarte a probar nuestras p\u00edldoras de bajo coste <a href=\"https:\/\/buymodafinilonline.com\/smart-drugs\/saver-combo-pack\/\">Modvigil y Artvigil<\/a>, que aumentar\u00e1n tu resistencia a la fatiga, as\u00ed como otras marcas populares de modafinilo<a href=\"https:\/\/buymodafinilonline.com\/smart-drugs\/modafresh-200-mg-tablets\/\">: Modafresh<\/a>, <a href=\"https:\/\/buymodafinilonline.com\/smart-drugs\/modaheal-200-mg-tablets\/\">Modaheal<\/a>, <a href=\"https:\/\/buymodafinilonline.com\/smart-drugs\/modawake-200-mg-tablets\/\">Modawake<\/a>, <a href=\"https:\/\/buymodafinilonline.com\/smart-drugs\/vilafinil-200mg-tablets\/\">Vilafinil<\/a> y un exclusivo <a href=\"https:\/\/buymodafinilonline.com\/smart-drugs\/modafil-md-200-mg-sublingual-tablets\/\">Modafil MD sublingual<\/a>, disponible s\u00f3lo en nuestra farmacia online, que es uno de nuestros superventas con sabor a menta para una absorci\u00f3n m\u00e1s r\u00e1pida y, por tanto, efectos de aparici\u00f3n r\u00e1pida. Adem\u00e1s, nuestros nuevos superventas contienen los mismos ingredientes activos y son tan puros como nuestras marcas superventas anteriores.<\/p>\n<p>Consulte nuestro nuevo <a href=\"https:\/\/buymodafinilonline.com\/smart-drugs\/modavinil-armodavinil-superior-combo-pack\/\">Pack Combo<\/a> Superior que puede incluir cualquiera de las marcas mencionadas anteriormente.<\/p>\n","protected":false},"featured_media":424104,"comment_status":"closed","ping_status":"closed","template":"","meta":{"_acf_changed":false},"product_brand":[],"product_cat":[3788],"product_tag":[4001],"class_list":{"0":"post-446739","1":"product","2":"type-product","3":"status-publish","4":"has-post-thumbnail","6":"product_cat-marcas-de-drogas-inteligentes","7":"product_tag-modafinilo","9":"first","10":"instock","11":"sale","12":"shipping-taxable","13":"purchasable","14":"product-type-variable","15":"has-default-attributes"},"acf":[],"yoast_head":"<!-- This site is optimized with the Yoast SEO Premium plugin v23.6 (Yoast SEO v27.3) - https:\/\/yoast.com\/product\/yoast-seo-premium-wordpress\/ -->\n<title>Comprar barato Modavinil 200 MG (Modafinilo) de la India - BuyModafinilOnline<\/title>\n<meta name=\"description\" content=\"Modavinil gen\u00e9rico 200 mg p\u00edldoras en l\u00ednea sin receta en la farmacia BuyModafinilOnline. Obtenga una garant\u00eda de entrega del 100% desde la India. Compre Modavinil (modafinilo) con Bitcoin y disfrute de un 23% de descuento.\" \/>\n<meta name=\"robots\" content=\"index, follow, max-snippet:-1, max-image-preview:large, max-video-preview:-1\" \/>\n<link rel=\"canonical\" href=\"https:\/\/buymodafinilonline.com\/es\/farmacos-inteligentes\/modavinil-200-mg\/\" \/>\n<meta property=\"og:locale\" content=\"es_ES\" \/>\n<meta property=\"og:type\" content=\"article\" \/>\n<meta property=\"og:title\" content=\"Modavinil 200 MG\" \/>\n<meta property=\"og:description\" content=\"Modavinil gen\u00e9rico 200 mg p\u00edldoras en l\u00ednea sin receta en la farmacia BuyModafinilOnline. Obtenga una garant\u00eda de entrega del 100% desde la India. Compre Modavinil (modafinilo) con Bitcoin y disfrute de un 23% de descuento.\" \/>\n<meta property=\"og:url\" content=\"https:\/\/buymodafinilonline.com\/es\/farmacos-inteligentes\/modavinil-200-mg\/\" \/>\n<meta property=\"og:site_name\" content=\"BuyModafinilOnline.com\" \/>\n<meta property=\"article:modified_time\" content=\"2025-05-23T17:02:36+00:00\" \/>\n<meta property=\"og:image\" content=\"https:\/\/buymodafinilonline.com\/wp-content\/uploads\/2021\/07\/bmo-product-modavinill-new.png\" \/>\n\t<meta property=\"og:image:width\" content=\"1280\" \/>\n\t<meta property=\"og:image:height\" content=\"1500\" \/>\n\t<meta property=\"og:image:type\" content=\"image\/png\" \/>\n<meta name=\"twitter:label1\" content=\"Tiempo de lectura\" \/>\n\t<meta name=\"twitter:data1\" content=\"7 minutos\" \/>\n<script type=\"application\/ld+json\" class=\"yoast-schema-graph\">{\"@context\":\"https:\\\/\\\/schema.org\",\"@graph\":[{\"@type\":\"WebPage\",\"@id\":\"https:\\\/\\\/buymodafinilonline.com\\\/es\\\/farmacos-inteligentes\\\/modavinil-200-mg\\\/\",\"url\":\"https:\\\/\\\/buymodafinilonline.com\\\/es\\\/farmacos-inteligentes\\\/modavinil-200-mg\\\/\",\"name\":\"Comprar barato Modavinil 200 MG (Modafinilo) de la India - BuyModafinilOnline\",\"isPartOf\":{\"@id\":\"https:\\\/\\\/buymodafinilonline.com\\\/es\\\/#website\"},\"primaryImageOfPage\":{\"@id\":\"https:\\\/\\\/buymodafinilonline.com\\\/es\\\/farmacos-inteligentes\\\/modavinil-200-mg\\\/#primaryimage\"},\"image\":{\"@id\":\"https:\\\/\\\/buymodafinilonline.com\\\/es\\\/farmacos-inteligentes\\\/modavinil-200-mg\\\/#primaryimage\"},\"thumbnailUrl\":\"https:\\\/\\\/buymodafinilonline.com\\\/wp-content\\\/uploads\\\/2021\\\/07\\\/bmo-product-modavinill-new.png\",\"datePublished\":\"2021-07-12T21:38:41+00:00\",\"dateModified\":\"2025-05-23T17:02:36+00:00\",\"description\":\"Modavinil gen\u00e9rico 200 mg p\u00edldoras en l\u00ednea sin receta en la farmacia BuyModafinilOnline. Obtenga una garant\u00eda de entrega del 100% desde la India. Compre Modavinil (modafinilo) con Bitcoin y disfrute de un 23% de descuento.\",\"breadcrumb\":{\"@id\":\"https:\\\/\\\/buymodafinilonline.com\\\/es\\\/farmacos-inteligentes\\\/modavinil-200-mg\\\/#breadcrumb\"},\"inLanguage\":\"es\",\"potentialAction\":[{\"@type\":\"ReadAction\",\"target\":[\"https:\\\/\\\/buymodafinilonline.com\\\/es\\\/farmacos-inteligentes\\\/modavinil-200-mg\\\/\"]}]},{\"@type\":\"ImageObject\",\"inLanguage\":\"es\",\"@id\":\"https:\\\/\\\/buymodafinilonline.com\\\/es\\\/farmacos-inteligentes\\\/modavinil-200-mg\\\/#primaryimage\",\"url\":\"https:\\\/\\\/buymodafinilonline.com\\\/wp-content\\\/uploads\\\/2021\\\/07\\\/bmo-product-modavinill-new.png\",\"contentUrl\":\"https:\\\/\\\/buymodafinilonline.com\\\/wp-content\\\/uploads\\\/2021\\\/07\\\/bmo-product-modavinill-new.png\",\"width\":1280,\"height\":1500,\"caption\":\"Modavinil Pills 200 mg\"},{\"@type\":\"BreadcrumbList\",\"@id\":\"https:\\\/\\\/buymodafinilonline.com\\\/es\\\/farmacos-inteligentes\\\/modavinil-200-mg\\\/#breadcrumb\",\"itemListElement\":[{\"@type\":\"ListItem\",\"position\":1,\"name\":\"Buy Modafinil Online\",\"item\":\"https:\\\/\\\/buymodafinilonline.com\\\/es\\\/\"},{\"@type\":\"ListItem\",\"position\":2,\"name\":\"Tienda\",\"item\":\"https:\\\/\\\/buymodafinilonline.com\\\/es\\\/tienda\\\/\"},{\"@type\":\"ListItem\",\"position\":3,\"name\":\"Marcas de drogas inteligentes\",\"item\":\"https:\\\/\\\/buymodafinilonline.com\\\/es\\\/categoria-de-productos\\\/marcas-de-drogas-inteligentes\\\/\"},{\"@type\":\"ListItem\",\"position\":4,\"name\":\"Modavinil 200 MG\"}]},{\"@type\":\"WebSite\",\"@id\":\"https:\\\/\\\/buymodafinilonline.com\\\/es\\\/#website\",\"url\":\"https:\\\/\\\/buymodafinilonline.com\\\/es\\\/\",\"name\":\"BuyModafinilOnline.com\",\"description\":\"Modafinil Online Pharmacy\",\"publisher\":{\"@id\":\"https:\\\/\\\/buymodafinilonline.com\\\/es\\\/#organization\"},\"potentialAction\":[{\"@type\":\"SearchAction\",\"target\":{\"@type\":\"EntryPoint\",\"urlTemplate\":\"https:\\\/\\\/buymodafinilonline.com\\\/es\\\/?s={search_term_string}\"},\"query-input\":{\"@type\":\"PropertyValueSpecification\",\"valueRequired\":true,\"valueName\":\"search_term_string\"}}],\"inLanguage\":\"es\"},{\"@type\":\"Organization\",\"@id\":\"https:\\\/\\\/buymodafinilonline.com\\\/es\\\/#organization\",\"name\":\"BuyModafinilOnline\",\"url\":\"https:\\\/\\\/buymodafinilonline.com\\\/es\\\/\",\"logo\":{\"@type\":\"ImageObject\",\"inLanguage\":\"es\",\"@id\":\"https:\\\/\\\/buymodafinilonline.com\\\/es\\\/#\\\/schema\\\/logo\\\/image\\\/\",\"url\":\"https:\\\/\\\/buymodafinilonline.com\\\/wp-content\\\/uploads\\\/2020\\\/04\\\/logo-buy-modafinil-online-yellow.png\",\"contentUrl\":\"https:\\\/\\\/buymodafinilonline.com\\\/wp-content\\\/uploads\\\/2020\\\/04\\\/logo-buy-modafinil-online-yellow.png\",\"width\":200,\"height\":200,\"caption\":\"BuyModafinilOnline\"},\"image\":{\"@id\":\"https:\\\/\\\/buymodafinilonline.com\\\/es\\\/#\\\/schema\\\/logo\\\/image\\\/\"}}]}<\/script>\n<!-- \/ Yoast SEO Premium plugin. -->","yoast_head_json":{"title":"Comprar barato Modavinil 200 MG (Modafinilo) de la India - BuyModafinilOnline","description":"Modavinil gen\u00e9rico 200 mg p\u00edldoras en l\u00ednea sin receta en la farmacia BuyModafinilOnline. Obtenga una garant\u00eda de entrega del 100% desde la India. Compre Modavinil (modafinilo) con Bitcoin y disfrute de un 23% de descuento.","robots":{"index":"index","follow":"follow","max-snippet":"max-snippet:-1","max-image-preview":"max-image-preview:large","max-video-preview":"max-video-preview:-1"},"canonical":"https:\/\/buymodafinilonline.com\/es\/farmacos-inteligentes\/modavinil-200-mg\/","og_locale":"es_ES","og_type":"article","og_title":"Modavinil 200 MG","og_description":"Modavinil gen\u00e9rico 200 mg p\u00edldoras en l\u00ednea sin receta en la farmacia BuyModafinilOnline. Obtenga una garant\u00eda de entrega del 100% desde la India. Compre Modavinil (modafinilo) con Bitcoin y disfrute de un 23% de descuento.","og_url":"https:\/\/buymodafinilonline.com\/es\/farmacos-inteligentes\/modavinil-200-mg\/","og_site_name":"BuyModafinilOnline.com","article_modified_time":"2025-05-23T17:02:36+00:00","og_image":[{"width":1280,"height":1500,"url":"https:\/\/buymodafinilonline.com\/wp-content\/uploads\/2021\/07\/bmo-product-modavinill-new.png","type":"image\/png"}],"twitter_misc":{"Tiempo de lectura":"7 minutos"},"schema":{"@context":"https:\/\/schema.org","@graph":[{"@type":"WebPage","@id":"https:\/\/buymodafinilonline.com\/es\/farmacos-inteligentes\/modavinil-200-mg\/","url":"https:\/\/buymodafinilonline.com\/es\/farmacos-inteligentes\/modavinil-200-mg\/","name":"Comprar barato Modavinil 200 MG (Modafinilo) de la India - BuyModafinilOnline","isPartOf":{"@id":"https:\/\/buymodafinilonline.com\/es\/#website"},"primaryImageOfPage":{"@id":"https:\/\/buymodafinilonline.com\/es\/farmacos-inteligentes\/modavinil-200-mg\/#primaryimage"},"image":{"@id":"https:\/\/buymodafinilonline.com\/es\/farmacos-inteligentes\/modavinil-200-mg\/#primaryimage"},"thumbnailUrl":"https:\/\/buymodafinilonline.com\/wp-content\/uploads\/2021\/07\/bmo-product-modavinill-new.png","datePublished":"2021-07-12T21:38:41+00:00","dateModified":"2025-05-23T17:02:36+00:00","description":"Modavinil gen\u00e9rico 200 mg p\u00edldoras en l\u00ednea sin receta en la farmacia BuyModafinilOnline. Obtenga una garant\u00eda de entrega del 100% desde la India. Compre Modavinil (modafinilo) con Bitcoin y disfrute de un 23% de descuento.","breadcrumb":{"@id":"https:\/\/buymodafinilonline.com\/es\/farmacos-inteligentes\/modavinil-200-mg\/#breadcrumb"},"inLanguage":"es","potentialAction":[{"@type":"ReadAction","target":["https:\/\/buymodafinilonline.com\/es\/farmacos-inteligentes\/modavinil-200-mg\/"]}]},{"@type":"ImageObject","inLanguage":"es","@id":"https:\/\/buymodafinilonline.com\/es\/farmacos-inteligentes\/modavinil-200-mg\/#primaryimage","url":"https:\/\/buymodafinilonline.com\/wp-content\/uploads\/2021\/07\/bmo-product-modavinill-new.png","contentUrl":"https:\/\/buymodafinilonline.com\/wp-content\/uploads\/2021\/07\/bmo-product-modavinill-new.png","width":1280,"height":1500,"caption":"Modavinil Pills 200 mg"},{"@type":"BreadcrumbList","@id":"https:\/\/buymodafinilonline.com\/es\/farmacos-inteligentes\/modavinil-200-mg\/#breadcrumb","itemListElement":[{"@type":"ListItem","position":1,"name":"Buy Modafinil Online","item":"https:\/\/buymodafinilonline.com\/es\/"},{"@type":"ListItem","position":2,"name":"Tienda","item":"https:\/\/buymodafinilonline.com\/es\/tienda\/"},{"@type":"ListItem","position":3,"name":"Marcas de drogas inteligentes","item":"https:\/\/buymodafinilonline.com\/es\/categoria-de-productos\/marcas-de-drogas-inteligentes\/"},{"@type":"ListItem","position":4,"name":"Modavinil 200 MG"}]},{"@type":"WebSite","@id":"https:\/\/buymodafinilonline.com\/es\/#website","url":"https:\/\/buymodafinilonline.com\/es\/","name":"BuyModafinilOnline.com","description":"Modafinil Online Pharmacy","publisher":{"@id":"https:\/\/buymodafinilonline.com\/es\/#organization"},"potentialAction":[{"@type":"SearchAction","target":{"@type":"EntryPoint","urlTemplate":"https:\/\/buymodafinilonline.com\/es\/?s={search_term_string}"},"query-input":{"@type":"PropertyValueSpecification","valueRequired":true,"valueName":"search_term_string"}}],"inLanguage":"es"},{"@type":"Organization","@id":"https:\/\/buymodafinilonline.com\/es\/#organization","name":"BuyModafinilOnline","url":"https:\/\/buymodafinilonline.com\/es\/","logo":{"@type":"ImageObject","inLanguage":"es","@id":"https:\/\/buymodafinilonline.com\/es\/#\/schema\/logo\/image\/","url":"https:\/\/buymodafinilonline.com\/wp-content\/uploads\/2020\/04\/logo-buy-modafinil-online-yellow.png","contentUrl":"https:\/\/buymodafinilonline.com\/wp-content\/uploads\/2020\/04\/logo-buy-modafinil-online-yellow.png","width":200,"height":200,"caption":"BuyModafinilOnline"},"image":{"@id":"https:\/\/buymodafinilonline.com\/es\/#\/schema\/logo\/image\/"}}]}},"_links":{"self":[{"href":"https:\/\/buymodafinilonline.com\/es\/wp-json\/wp\/v2\/product\/446739","targetHints":{"allow":["GET"]}}],"collection":[{"href":"https:\/\/buymodafinilonline.com\/es\/wp-json\/wp\/v2\/product"}],"about":[{"href":"https:\/\/buymodafinilonline.com\/es\/wp-json\/wp\/v2\/types\/product"}],"replies":[{"embeddable":true,"href":"https:\/\/buymodafinilonline.com\/es\/wp-json\/wp\/v2\/comments?post=446739"}],"wp:featuredmedia":[{"embeddable":true,"href":"https:\/\/buymodafinilonline.com\/es\/wp-json\/wp\/v2\/media\/424104"}],"wp:attachment":[{"href":"https:\/\/buymodafinilonline.com\/es\/wp-json\/wp\/v2\/media?parent=446739"}],"wp:term":[{"taxonomy":"product_brand","embeddable":true,"href":"https:\/\/buymodafinilonline.com\/es\/wp-json\/wp\/v2\/product_brand?post=446739"},{"taxonomy":"product_cat","embeddable":true,"href":"https:\/\/buymodafinilonline.com\/es\/wp-json\/wp\/v2\/product_cat?post=446739"},{"taxonomy":"product_tag","embeddable":true,"href":"https:\/\/buymodafinilonline.com\/es\/wp-json\/wp\/v2\/product_tag?post=446739"}],"curies":[{"name":"wp","href":"https:\/\/api.w.org\/{rel}","templated":true}]}}