{"id":446814,"date":"2022-08-26T08:37:26","date_gmt":"2022-08-26T07:37:26","guid":{"rendered":"https:\/\/buymodafinilonline.com\/smart-drugs\/armodaxl-150-mg\/"},"modified":"2026-04-04T17:15:51","modified_gmt":"2026-04-04T16:15:51","slug":"armodaxl-150-mg","status":"publish","type":"product","link":"https:\/\/buymodafinilonline.com\/es\/farmacos-inteligentes\/armodaxl-150-mg\/","title":{"rendered":"ArmodaXL 150 MG"},"content":{"rendered":"[vc_column width=&#8221;1\/2&#8243;]\n<h2>\u00bfQu\u00e9 es ArmodaXL 150 mg?<\/h2>\n<p>ArmodaXL 150 mg es una versi\u00f3n gen\u00e9rica de Nuvigil, el medicamento de marca utilizado para tratar la somnolencia diurna excesiva causada por ciertos trastornos del sue\u00f1o. Contiene 150 mg de armodafinilo como ingrediente activo y proporciona un efecto ligeramente m\u00e1s fuerte que algunas otras marcas gen\u00e9ricas.<\/p>\n<p>Al igual que su hom\u00f3logo de marca, ArmodaXL est\u00e1 aprobado por la Administraci\u00f3n de Alimentos y Medicamentos (FDA) y suele recetarse para tratar la AOS, el SWSD y la narcolepsia. Sin embargo, muchas personas sanas lo utilizan fuera de la etiqueta para mejorar la funci\u00f3n cognitiva.<\/p>\n<p>ArmodaXL produce efectos ligeramente m\u00e1s fuertes en comparaci\u00f3n con Provigil y sus marcas gen\u00e9ricas como <a href=\"https:\/\/buymodafinilonline.com\/es\/farmacos-inteligentes\/modaxl-200-mg\/\">ModaXL<\/a>, <a href=\"https:\/\/buymodafinilonline.com\/smart-drugs\/modalert-200-mg-tablets\/\">Modalert<\/a> y <a href=\"https:\/\/buymodafinilonline.com\/smart-drugs\/modaheal-200-mg-tablets\/\">Modaheal<\/a>, entre otras. En consecuencia, puede ser \u00fatil para las personas que no encuentran los nootr\u00f3picos basados en el modafinilo lo suficientemente fuertes.<\/p>\n<p>Es seguro y bien tolerado. Sin embargo, s\u00f3lo est\u00e1 indicado para su uso en personas mayores de 18 a\u00f1os. No es seguro para las mujeres embarazadas, las madres lactantes y las personas con algunas condiciones de salud subyacentes. Consulte a su m\u00e9dico antes de iniciar el tratamiento con \u00e9l.<\/p>\n<h2>C\u00f3mo funcionan los comprimidos<\/h2>\n<p>ArmodaXL comparte el mismo mecanismo de acci\u00f3n que su hom\u00f3logo de marca porque contiene armodafinilo como ingrediente activo. Aunque los investigadores a\u00fan no comprenden exactamente c\u00f3mo funciona, saben que est\u00e1 relacionado con los niveles de ciertos neurotransmisores en el cerebro.<\/p>\n<p>Se sabe que los niveles de dopamina, serotonina y \u00e1cido gamma-aminobut\u00edrico, entre otros neurotransmisores del cerebro, influyen en el estado de \u00e1nimo y en el ciclo de vigilia-sue\u00f1o. Los investigadores creen que el ArmodaXL regula el nivel de estas sustancias qu\u00edmicas, fij\u00e1ndolas en los niveles necesarios para el m\u00e1ximo rendimiento.<\/p>\n<h2>Dosificaci\u00f3n segura y uso adecuado<\/h2>\n<p>ArmodaXL debe utilizarse correctamente para obtener los mejores resultados con un riesgo m\u00ednimo de experimentar efectos adversos. La dosis inicial habitual es de 150 mg, pero puede ajustarse en funci\u00f3n de la tolerabilidad o sensibilidad del usuario.<\/p>\n<p>El tiempo de administraci\u00f3n puede variar en funci\u00f3n de la afecci\u00f3n que se quiera tratar. Para empezar, la p\u00edldora debe tomarse a primera hora de la ma\u00f1ana cuando se utiliza para tratar la apnea obstructiva del sue\u00f1o y la narcolepsia. Sin embargo, cuando se utiliza para tratar el trastorno del sue\u00f1o por turnos, la p\u00edldora debe tomarse aproximadamente una hora antes del comienzo del turno.<\/p>\n<p>Adem\u00e1s, s\u00f3lo debe tomarse una dosis al d\u00eda; tomar m\u00e1s puede aumentar el riesgo de experimentar efectos secundarios graves. Los comprimidos deben tragarse enteros con una cantidad considerable de agua. Se desaconseja esnifar o disolver las pastillas en agua para beber, ya que puede alterar la dosis necesaria para que el medicamento sea eficaz.<\/p>\n<p>ArmodaXL es un medicamento recetado; por lo tanto, es importante utilizarlo con precauci\u00f3n. Consulte a un m\u00e9dico o profesional de la salud antes de iniciar el tratamiento con \u00e9l.<\/p>\n<h2>Posibles efectos secundarios<\/h2>\n<p>Anteriormente, afirmamos que ArmodaXL es seguro y bien tolerado; eso es cierto, pero cabe se\u00f1alar que no est\u00e1 exento de efectos secundarios. Es habitual que algunos usuarios noveles experimenten efectos adversos como n\u00e1useas, malestar estomacal, mareos, secreci\u00f3n nasal o dolores de cabeza. Suelen surgir como resultado de la lucha del organismo por aclimatarse a la droga introducida en el torrente sangu\u00edneo. Este tipo de efectos secundarios suelen ser de corta duraci\u00f3n y tienden a desaparecer sin recibir tratamiento.<\/p>\n<p>Existen efectos adversos m\u00e1s graves asociados al f\u00e1rmaco. Suelen estar causados por una sobredosis u otras formas de uso indebido. Algunas de ellas son:<\/p>\n<ul>\n<li>dolor en el pecho;<\/li>\n<li>fiebre;<\/li>\n<li>cambios de humor;<\/li>\n<li>latidos card\u00edacos r\u00e1pidos o irregulares;<\/li>\n<li>alucinaciones<\/li>\n<li>depresi\u00f3n;<\/li>\n<li>la ansiedad.<\/li>\n<\/ul>\n[\/vc_column][vc_column width=&#8221;1\/2&#8243;]\nCabe destacar que estos efectos adversos pueden llegar a ser mortales si no se atienden. Por lo tanto, es aconsejable buscar atenci\u00f3n m\u00e9dica urgente al experimentar cualquiera de ellos. Consulte a su m\u00e9dico antes de iniciar el tratamiento con este medicamento.<\/p>\n<h2>Contraindicaciones y precauciones<\/h2>\n<p>Cuando se utiliza ArmodaXL, es importante evitar o dejar de utilizar algunos medicamentos, bebidas o bebidas que pueden causar interacciones. Las interacciones farmacol\u00f3gicas pueden reducir la eficacia de uno o varios de los medicamentos combinados o incluso aumentar el riesgo de efectos secundarios.<\/p>\n<p>Deben evitarse los siguientes medicamentos:<\/p>\n<ul>\n<li>bosutinib;<\/li>\n<li>rifampicina\/Rifadin;<\/li>\n<li>clopidogrel;<\/li>\n<li>deflazacort;<\/li>\n<li>sedantes como midazolam\/Versed, triazolam\/Halcion, o diazepam\/Valium;<\/li>\n<li>medicamentos antimic\u00f3ticos como itraconazol\/Sporanox o ketoconazol\/Nizoral.<\/li>\n<\/ul>\n<p>Tenga en cuenta que hay varios otros medicamentos que interact\u00faan con ArmodaXL que no est\u00e1n en la lista anterior. Consulte el prospecto del medicamento y a su m\u00e9dico para obtener una lista m\u00e1s completa.<\/p>\n<p>Adem\u00e1s, no tome alcohol durante, antes o despu\u00e9s de tomar este medicamento, ya que puede provocar un desmayo o aumentar el riesgo de reacciones adversas. Se sabe que los alimentos ricos en grasas retrasan la aparici\u00f3n de sus efectos. Hable con su m\u00e9dico antes de comenzar el tratamiento con ArmodaXL.<\/p>\n<p><img fetchpriority=\"high\" decoding=\"async\" class=\"alignnone size-full wp-image-473835\" src=\"https:\/\/buymodafinilonline.com\/wp-content\/uploads\/2024\/05\/ArmodaXL-Certificate-of-Analysis.png\" alt=\"\" width=\"1600\" height=\"2071\" srcset=\"https:\/\/buymodafinilonline.com\/wp-content\/uploads\/2024\/05\/ArmodaXL-Certificate-of-Analysis.png 1600w, https:\/\/buymodafinilonline.com\/wp-content\/uploads\/2024\/05\/ArmodaXL-Certificate-of-Analysis-232x300.png 232w, https:\/\/buymodafinilonline.com\/wp-content\/uploads\/2024\/05\/ArmodaXL-Certificate-of-Analysis-791x1024.png 791w, https:\/\/buymodafinilonline.com\/wp-content\/uploads\/2024\/05\/ArmodaXL-Certificate-of-Analysis-768x994.png 768w, https:\/\/buymodafinilonline.com\/wp-content\/uploads\/2024\/05\/ArmodaXL-Certificate-of-Analysis-1187x1536.png 1187w, https:\/\/buymodafinilonline.com\/wp-content\/uploads\/2024\/05\/ArmodaXL-Certificate-of-Analysis-1582x2048.png 1582w, https:\/\/buymodafinilonline.com\/wp-content\/uploads\/2024\/05\/ArmodaXL-Certificate-of-Analysis-990x1281.png 990w, https:\/\/buymodafinilonline.com\/wp-content\/uploads\/2024\/05\/ArmodaXL-Certificate-of-Analysis-441x571.png 441w, https:\/\/buymodafinilonline.com\/wp-content\/uploads\/2024\/05\/ArmodaXL-Certificate-of-Analysis-300x388.png 300w, https:\/\/buymodafinilonline.com\/wp-content\/uploads\/2024\/05\/ArmodaXL-Certificate-of-Analysis-800x1036.png 800w, https:\/\/buymodafinilonline.com\/wp-content\/uploads\/2024\/05\/ArmodaXL-Certificate-of-Analysis-150x194.png 150w\" sizes=\"(max-width: 1600px) 100vw, 1600px\" \/><\/p>\n<h2>Experiencia del consumidor<\/h2>\n<p>La gran mayor\u00eda de las personas que han probado este f\u00e1rmaco lo han valorado positivamente por su eficacia, tolerabilidad, facilidad de uso y, sobre todo, por la rapidez de sus efectos. Aunque ArmodaXL contiene armodafinilo como otras marcas gen\u00e9ricas de Nuvigil, su mezcla \u00fanica de ingredientes inactivos hace que sus efectos sean m\u00e1s r\u00e1pidos.<\/p>\n<p>Los individuos con trastornos del sue\u00f1o, as\u00ed como las personas sanas que lo toman por motivos de trabajo o estudio, dicen que &#8220;funciona como magia&#8221;. A juzgar por la gran aceptaci\u00f3n y los comentarios positivos que est\u00e1 recibiendo el nuevo f\u00e1rmaco, parece ser eficaz para una gama relativamente amplia de individuos. En consecuencia, hay una alta probabilidad de que le funcione, tanto si busca tratar un trastorno del sue\u00f1o como si quiere mejorar su funci\u00f3n cognitiva. Aseg\u00farese de consultar a su m\u00e9dico antes de iniciar el tratamiento con \u00e9l.<\/p>\n<h2>Comprar Gen\u00e9rico ArmodaXL 150mg (Armodafinil) Online<\/h2>\n<p>ArmodaXL 150 mg es un medicamento muy eficaz, y puede conseguirlo barato en nuestra farmacia online. Puedes conseguir cada p\u00edldora a 1,69 d\u00f3lares + env\u00edo gratuito si compras 100 p\u00edldoras a la vez y a tan s\u00f3lo 0,99 d\u00f3lares si compras 500 p\u00edldoras. Ahorrar\u00e1s mucho dinero si compras 500 pastillas (1 a\u00f1o y 4 meses de pastillas), y no hay raz\u00f3n para preocuparse por la caducidad, ya que cada lote de pastillas dura al menos 3 a\u00f1os.<\/p>\n<p><a href=\"https:\/\/buymodafinilonline.com\/es\/\">BuyModafinilOnline<\/a> es el mejor lugar para comprar este medicamento debido a los incentivos que ofrecemos para ayudarle a obtener el mejor valor por su dinero. Algunos de los beneficios que puede obtener son<\/p>\n<ul>\n<li>una garant\u00eda de devoluci\u00f3n del 100% del dinero;<\/li>\n<li><a href=\"https:\/\/buymodafinilonline.com\/es\/mejor-proveedor-espana\/\">env\u00edo est\u00e1ndar gratuito<\/a> en pedidos superiores a 130 d\u00f3lares;<\/li>\n<li>productos de alta calidad con un 100% de pureza;<\/li>\n<li><a href=\"https:\/\/buymodafinilonline.com\/coupons-deals-promo-codes\/\">descuentos incre\u00edbles<\/a>, incluyendo un <a href=\"https:\/\/buymodafinilonline.com\/bitcoin-payment\/\">23% de descuento especial<\/a> para los pagos de criptomonedas.<\/li>\n<\/ul>\n<p>Realizamos pedidos a todas las partes del mundo a trav\u00e9s de nuestros servicios de env\u00edo relativamente amplios. Tambi\u00e9n est\u00e1n disponibles los env\u00edos nacionales de EE.UU. a EE.UU. a trav\u00e9s de USPS y los env\u00edos de Reino Unido a Reino Unido a trav\u00e9s de Royal Mail. Con estas opciones, las entregas en Estados Unidos y el Reino Unido suelen tener un periodo de espera de 3-4 d\u00edas y 5 d\u00edas, respectivamente.<\/p>\n<p>Aceptamos PayPal, AmEx, Bitcoin y las principales tarjetas de d\u00e9bito. Las transacciones son siempre seguras y fluidas en nuestra plataforma, ya que est\u00e1 protegida por un cortafuegos y un certificado SSL.<\/p>\n<p>\u00bfSin receta? No hay problema. Haga su pedido ahora para obtener las p\u00edldoras de alta calidad ArmodaXL 150 enviadas directamente a su puerta.<\/p>\n[\/vc_column]\n","protected":false},"excerpt":{"rendered":"<p>Conozca nuestro &#8220;medicamento inteligente&#8221; m\u00e1s vendido, ArmodaXL. Es una versi\u00f3n gen\u00e9rica mejorada de <a href=\"https:\/\/buymodafinilonline.com\/smart-drugs\/generic-nuvigil\/\">Nuvigil<\/a> que contiene <em><strong>armodafinilo puro<\/strong><\/em> como ingrediente activo. Su tasa de absorci\u00f3n es <strong><em>5% m\u00e1s alto<\/em><\/strong> que la de <a href=\"https:\/\/buymodafinilonline.com\/smart-drugs\/waklert-150-mg-tablets\/\">Waklert<\/a>, y su efecto m\u00e1ximo es <strong><em>30% m\u00e1s fuerte<\/em><\/strong>por lo que es mejor que \u00e9ste. Sin embargo, marcas como <a href=\"https:\/\/buymodafinilonline.com\/smart-drugs\/artvigil-150-mg-tablets\/\">Artvigil<\/a> y <a href=\"https:\/\/buymodafinilonline.com\/smart-drugs\/armodavinil-150-mg\/\">Armodavinil<\/a> son excelentes alternativas de bajo coste que ofrecen beneficios similares si se toman ocasionalmente. HOF Pharmaceuticals es el fabricante de ArmodaXL. La empresa es conocida por producir medicamentos gen\u00e9ricos de alta calidad en sus plantas de fabricaci\u00f3n aprobadas por la GMP-OMS.<\/p>\n<p>Las pastillas ArmodaXL vienen en un envase de aluminio especialmente fabricado que las mantiene frescas hasta 3 a\u00f1os. Todos nuestros productos son aut\u00e9nticos; se puede saber por la <em><strong>Etiqueta U.S.P.<\/strong><\/em> que llevan.<\/p>\n<p>Ahora tenemos ArmodaXL a la venta a un precio asequible. Obtenemos las p\u00edldoras directamente de la India, por lo que puede estar seguro de que obtendr\u00e1 el mejor precio. Ya puedes comprar hasta 1000 pastillas sin receta. Pague con PayPal, <a href=\"https:\/\/buymodafinilonline.com\/bitcoin-payment\/\">Bitcoin<\/a> o tarjetas de cr\u00e9dito\/d\u00e9bito.<\/p>\n<p>Compre ahora para que le env\u00eden las pastillas a la puerta de su casa.<\/p>\n","protected":false},"featured_media":444293,"comment_status":"closed","ping_status":"closed","template":"","meta":{"_acf_changed":false},"product_brand":[],"product_cat":[4232,3788],"product_tag":[4023],"class_list":{"0":"post-446814","1":"product","2":"type-product","3":"status-publish","4":"has-post-thumbnail","6":"product_cat-smart-drugs-mas-vendidos","7":"product_cat-marcas-de-drogas-inteligentes","8":"product_tag-armodafinil-es","10":"first","11":"instock","12":"sale","13":"shipping-taxable","14":"purchasable","15":"product-type-variable","16":"has-default-attributes"},"acf":[],"yoast_head":"<!-- This site is optimized with the Yoast SEO Premium plugin v23.6 (Yoast SEO v27.3) - https:\/\/yoast.com\/product\/yoast-seo-premium-wordpress\/ -->\n<title>Comprar ArmodaXL 150 MG (Armodafinilo) a un precio bajo - BuyModafinilOnline<\/title>\n<meta name=\"description\" content=\"Ordene barato ArmodaXL 150 mg pastillas en l\u00ednea del fabricante HOF Pharmaceuticals. \u00a1Comprar gen\u00e9rico ArmodaXL (armodafinilo) con gran descuento por pago en Bitcoin en la farmacia BuyModafinilOnline!\" \/>\n<meta name=\"robots\" content=\"index, follow, max-snippet:-1, max-image-preview:large, max-video-preview:-1\" \/>\n<link rel=\"canonical\" href=\"https:\/\/buymodafinilonline.com\/es\/farmacos-inteligentes\/armodaxl-150-mg\/\" \/>\n<meta property=\"og:locale\" content=\"es_ES\" \/>\n<meta property=\"og:type\" content=\"article\" \/>\n<meta property=\"og:title\" content=\"ArmodaXL 150 MG\" \/>\n<meta property=\"og:description\" content=\"Ordene barato ArmodaXL 150 mg pastillas en l\u00ednea del fabricante HOF Pharmaceuticals. \u00a1Comprar gen\u00e9rico ArmodaXL (armodafinilo) con gran descuento por pago en Bitcoin en la farmacia BuyModafinilOnline!\" \/>\n<meta property=\"og:url\" content=\"https:\/\/buymodafinilonline.com\/es\/farmacos-inteligentes\/armodaxl-150-mg\/\" \/>\n<meta property=\"og:site_name\" content=\"BuyModafinilOnline.com\" \/>\n<meta property=\"article:modified_time\" content=\"2026-04-04T16:15:51+00:00\" \/>\n<meta property=\"og:image\" content=\"https:\/\/buymodafinilonline.com\/wp-content\/uploads\/2022\/08\/bmo-product-armodaxl-pack.png\" \/>\n\t<meta property=\"og:image:width\" content=\"1280\" \/>\n\t<meta property=\"og:image:height\" content=\"1500\" \/>\n\t<meta property=\"og:image:type\" content=\"image\/png\" \/>\n<meta name=\"twitter:label1\" content=\"Tiempo de lectura\" \/>\n\t<meta name=\"twitter:data1\" content=\"7 minutos\" \/>\n<script type=\"application\/ld+json\" class=\"yoast-schema-graph\">{\"@context\":\"https:\\\/\\\/schema.org\",\"@graph\":[{\"@type\":\"WebPage\",\"@id\":\"https:\\\/\\\/buymodafinilonline.com\\\/es\\\/farmacos-inteligentes\\\/armodaxl-150-mg\\\/\",\"url\":\"https:\\\/\\\/buymodafinilonline.com\\\/es\\\/farmacos-inteligentes\\\/armodaxl-150-mg\\\/\",\"name\":\"Comprar ArmodaXL 150 MG (Armodafinilo) a un precio bajo - BuyModafinilOnline\",\"isPartOf\":{\"@id\":\"https:\\\/\\\/buymodafinilonline.com\\\/es\\\/#website\"},\"primaryImageOfPage\":{\"@id\":\"https:\\\/\\\/buymodafinilonline.com\\\/es\\\/farmacos-inteligentes\\\/armodaxl-150-mg\\\/#primaryimage\"},\"image\":{\"@id\":\"https:\\\/\\\/buymodafinilonline.com\\\/es\\\/farmacos-inteligentes\\\/armodaxl-150-mg\\\/#primaryimage\"},\"thumbnailUrl\":\"https:\\\/\\\/buymodafinilonline.com\\\/wp-content\\\/uploads\\\/2022\\\/08\\\/bmo-product-armodaxl-pack.png\",\"datePublished\":\"2022-08-26T07:37:26+00:00\",\"dateModified\":\"2026-04-04T16:15:51+00:00\",\"description\":\"Ordene barato ArmodaXL 150 mg pastillas en l\u00ednea del fabricante HOF Pharmaceuticals. \u00a1Comprar gen\u00e9rico ArmodaXL (armodafinilo) con gran descuento por pago en Bitcoin en la farmacia BuyModafinilOnline!\",\"breadcrumb\":{\"@id\":\"https:\\\/\\\/buymodafinilonline.com\\\/es\\\/farmacos-inteligentes\\\/armodaxl-150-mg\\\/#breadcrumb\"},\"inLanguage\":\"es\",\"potentialAction\":[{\"@type\":\"ReadAction\",\"target\":[\"https:\\\/\\\/buymodafinilonline.com\\\/es\\\/farmacos-inteligentes\\\/armodaxl-150-mg\\\/\"]}]},{\"@type\":\"ImageObject\",\"inLanguage\":\"es\",\"@id\":\"https:\\\/\\\/buymodafinilonline.com\\\/es\\\/farmacos-inteligentes\\\/armodaxl-150-mg\\\/#primaryimage\",\"url\":\"https:\\\/\\\/buymodafinilonline.com\\\/wp-content\\\/uploads\\\/2022\\\/08\\\/bmo-product-armodaxl-pack.png\",\"contentUrl\":\"https:\\\/\\\/buymodafinilonline.com\\\/wp-content\\\/uploads\\\/2022\\\/08\\\/bmo-product-armodaxl-pack.png\",\"width\":1280,\"height\":1500,\"caption\":\"Highest Quality MoodaXL Modafinil Pills 200 mg\"},{\"@type\":\"BreadcrumbList\",\"@id\":\"https:\\\/\\\/buymodafinilonline.com\\\/es\\\/farmacos-inteligentes\\\/armodaxl-150-mg\\\/#breadcrumb\",\"itemListElement\":[{\"@type\":\"ListItem\",\"position\":1,\"name\":\"Buy Modafinil Online\",\"item\":\"https:\\\/\\\/buymodafinilonline.com\\\/es\\\/\"},{\"@type\":\"ListItem\",\"position\":2,\"name\":\"Tienda\",\"item\":\"https:\\\/\\\/buymodafinilonline.com\\\/es\\\/tienda\\\/\"},{\"@type\":\"ListItem\",\"position\":3,\"name\":\"Los m\u00e1s vendidos\",\"item\":\"https:\\\/\\\/buymodafinilonline.com\\\/es\\\/categoria-de-productos\\\/smart-drugs-mas-vendidos\\\/\"},{\"@type\":\"ListItem\",\"position\":4,\"name\":\"ArmodaXL 150 MG\"}]},{\"@type\":\"WebSite\",\"@id\":\"https:\\\/\\\/buymodafinilonline.com\\\/es\\\/#website\",\"url\":\"https:\\\/\\\/buymodafinilonline.com\\\/es\\\/\",\"name\":\"BuyModafinilOnline.com\",\"description\":\"Modafinil Online Pharmacy\",\"publisher\":{\"@id\":\"https:\\\/\\\/buymodafinilonline.com\\\/es\\\/#organization\"},\"potentialAction\":[{\"@type\":\"SearchAction\",\"target\":{\"@type\":\"EntryPoint\",\"urlTemplate\":\"https:\\\/\\\/buymodafinilonline.com\\\/es\\\/?s={search_term_string}\"},\"query-input\":{\"@type\":\"PropertyValueSpecification\",\"valueRequired\":true,\"valueName\":\"search_term_string\"}}],\"inLanguage\":\"es\"},{\"@type\":\"Organization\",\"@id\":\"https:\\\/\\\/buymodafinilonline.com\\\/es\\\/#organization\",\"name\":\"BuyModafinilOnline\",\"url\":\"https:\\\/\\\/buymodafinilonline.com\\\/es\\\/\",\"logo\":{\"@type\":\"ImageObject\",\"inLanguage\":\"es\",\"@id\":\"https:\\\/\\\/buymodafinilonline.com\\\/es\\\/#\\\/schema\\\/logo\\\/image\\\/\",\"url\":\"https:\\\/\\\/buymodafinilonline.com\\\/wp-content\\\/uploads\\\/2020\\\/04\\\/logo-buy-modafinil-online-yellow.png\",\"contentUrl\":\"https:\\\/\\\/buymodafinilonline.com\\\/wp-content\\\/uploads\\\/2020\\\/04\\\/logo-buy-modafinil-online-yellow.png\",\"width\":200,\"height\":200,\"caption\":\"BuyModafinilOnline\"},\"image\":{\"@id\":\"https:\\\/\\\/buymodafinilonline.com\\\/es\\\/#\\\/schema\\\/logo\\\/image\\\/\"}}]}<\/script>\n<!-- \/ Yoast SEO Premium plugin. -->","yoast_head_json":{"title":"Comprar ArmodaXL 150 MG (Armodafinilo) a un precio bajo - BuyModafinilOnline","description":"Ordene barato ArmodaXL 150 mg pastillas en l\u00ednea del fabricante HOF Pharmaceuticals. \u00a1Comprar gen\u00e9rico ArmodaXL (armodafinilo) con gran descuento por pago en Bitcoin en la farmacia BuyModafinilOnline!","robots":{"index":"index","follow":"follow","max-snippet":"max-snippet:-1","max-image-preview":"max-image-preview:large","max-video-preview":"max-video-preview:-1"},"canonical":"https:\/\/buymodafinilonline.com\/es\/farmacos-inteligentes\/armodaxl-150-mg\/","og_locale":"es_ES","og_type":"article","og_title":"ArmodaXL 150 MG","og_description":"Ordene barato ArmodaXL 150 mg pastillas en l\u00ednea del fabricante HOF Pharmaceuticals. \u00a1Comprar gen\u00e9rico ArmodaXL (armodafinilo) con gran descuento por pago en Bitcoin en la farmacia BuyModafinilOnline!","og_url":"https:\/\/buymodafinilonline.com\/es\/farmacos-inteligentes\/armodaxl-150-mg\/","og_site_name":"BuyModafinilOnline.com","article_modified_time":"2026-04-04T16:15:51+00:00","og_image":[{"width":1280,"height":1500,"url":"https:\/\/buymodafinilonline.com\/wp-content\/uploads\/2022\/08\/bmo-product-armodaxl-pack.png","type":"image\/png"}],"twitter_misc":{"Tiempo de lectura":"7 minutos"},"schema":{"@context":"https:\/\/schema.org","@graph":[{"@type":"WebPage","@id":"https:\/\/buymodafinilonline.com\/es\/farmacos-inteligentes\/armodaxl-150-mg\/","url":"https:\/\/buymodafinilonline.com\/es\/farmacos-inteligentes\/armodaxl-150-mg\/","name":"Comprar ArmodaXL 150 MG (Armodafinilo) a un precio bajo - BuyModafinilOnline","isPartOf":{"@id":"https:\/\/buymodafinilonline.com\/es\/#website"},"primaryImageOfPage":{"@id":"https:\/\/buymodafinilonline.com\/es\/farmacos-inteligentes\/armodaxl-150-mg\/#primaryimage"},"image":{"@id":"https:\/\/buymodafinilonline.com\/es\/farmacos-inteligentes\/armodaxl-150-mg\/#primaryimage"},"thumbnailUrl":"https:\/\/buymodafinilonline.com\/wp-content\/uploads\/2022\/08\/bmo-product-armodaxl-pack.png","datePublished":"2022-08-26T07:37:26+00:00","dateModified":"2026-04-04T16:15:51+00:00","description":"Ordene barato ArmodaXL 150 mg pastillas en l\u00ednea del fabricante HOF Pharmaceuticals. \u00a1Comprar gen\u00e9rico ArmodaXL (armodafinilo) con gran descuento por pago en Bitcoin en la farmacia BuyModafinilOnline!","breadcrumb":{"@id":"https:\/\/buymodafinilonline.com\/es\/farmacos-inteligentes\/armodaxl-150-mg\/#breadcrumb"},"inLanguage":"es","potentialAction":[{"@type":"ReadAction","target":["https:\/\/buymodafinilonline.com\/es\/farmacos-inteligentes\/armodaxl-150-mg\/"]}]},{"@type":"ImageObject","inLanguage":"es","@id":"https:\/\/buymodafinilonline.com\/es\/farmacos-inteligentes\/armodaxl-150-mg\/#primaryimage","url":"https:\/\/buymodafinilonline.com\/wp-content\/uploads\/2022\/08\/bmo-product-armodaxl-pack.png","contentUrl":"https:\/\/buymodafinilonline.com\/wp-content\/uploads\/2022\/08\/bmo-product-armodaxl-pack.png","width":1280,"height":1500,"caption":"Highest Quality MoodaXL Modafinil Pills 200 mg"},{"@type":"BreadcrumbList","@id":"https:\/\/buymodafinilonline.com\/es\/farmacos-inteligentes\/armodaxl-150-mg\/#breadcrumb","itemListElement":[{"@type":"ListItem","position":1,"name":"Buy Modafinil Online","item":"https:\/\/buymodafinilonline.com\/es\/"},{"@type":"ListItem","position":2,"name":"Tienda","item":"https:\/\/buymodafinilonline.com\/es\/tienda\/"},{"@type":"ListItem","position":3,"name":"Los m\u00e1s vendidos","item":"https:\/\/buymodafinilonline.com\/es\/categoria-de-productos\/smart-drugs-mas-vendidos\/"},{"@type":"ListItem","position":4,"name":"ArmodaXL 150 MG"}]},{"@type":"WebSite","@id":"https:\/\/buymodafinilonline.com\/es\/#website","url":"https:\/\/buymodafinilonline.com\/es\/","name":"BuyModafinilOnline.com","description":"Modafinil Online Pharmacy","publisher":{"@id":"https:\/\/buymodafinilonline.com\/es\/#organization"},"potentialAction":[{"@type":"SearchAction","target":{"@type":"EntryPoint","urlTemplate":"https:\/\/buymodafinilonline.com\/es\/?s={search_term_string}"},"query-input":{"@type":"PropertyValueSpecification","valueRequired":true,"valueName":"search_term_string"}}],"inLanguage":"es"},{"@type":"Organization","@id":"https:\/\/buymodafinilonline.com\/es\/#organization","name":"BuyModafinilOnline","url":"https:\/\/buymodafinilonline.com\/es\/","logo":{"@type":"ImageObject","inLanguage":"es","@id":"https:\/\/buymodafinilonline.com\/es\/#\/schema\/logo\/image\/","url":"https:\/\/buymodafinilonline.com\/wp-content\/uploads\/2020\/04\/logo-buy-modafinil-online-yellow.png","contentUrl":"https:\/\/buymodafinilonline.com\/wp-content\/uploads\/2020\/04\/logo-buy-modafinil-online-yellow.png","width":200,"height":200,"caption":"BuyModafinilOnline"},"image":{"@id":"https:\/\/buymodafinilonline.com\/es\/#\/schema\/logo\/image\/"}}]}},"_links":{"self":[{"href":"https:\/\/buymodafinilonline.com\/es\/wp-json\/wp\/v2\/product\/446814","targetHints":{"allow":["GET"]}}],"collection":[{"href":"https:\/\/buymodafinilonline.com\/es\/wp-json\/wp\/v2\/product"}],"about":[{"href":"https:\/\/buymodafinilonline.com\/es\/wp-json\/wp\/v2\/types\/product"}],"replies":[{"embeddable":true,"href":"https:\/\/buymodafinilonline.com\/es\/wp-json\/wp\/v2\/comments?post=446814"}],"wp:featuredmedia":[{"embeddable":true,"href":"https:\/\/buymodafinilonline.com\/es\/wp-json\/wp\/v2\/media\/444293"}],"wp:attachment":[{"href":"https:\/\/buymodafinilonline.com\/es\/wp-json\/wp\/v2\/media?parent=446814"}],"wp:term":[{"taxonomy":"product_brand","embeddable":true,"href":"https:\/\/buymodafinilonline.com\/es\/wp-json\/wp\/v2\/product_brand?post=446814"},{"taxonomy":"product_cat","embeddable":true,"href":"https:\/\/buymodafinilonline.com\/es\/wp-json\/wp\/v2\/product_cat?post=446814"},{"taxonomy":"product_tag","embeddable":true,"href":"https:\/\/buymodafinilonline.com\/es\/wp-json\/wp\/v2\/product_tag?post=446814"}],"curies":[{"name":"wp","href":"https:\/\/api.w.org\/{rel}","templated":true}]}}