{"id":446932,"date":"2021-07-12T23:14:10","date_gmt":"2021-07-12T22:14:10","guid":{"rendered":"https:\/\/buymodafinilonline.com\/smart-drugs\/armodavinil-150-mg\/"},"modified":"2025-05-12T09:37:51","modified_gmt":"2025-05-12T08:37:51","slug":"armodavinil-150-mg","status":"publish","type":"product","link":"https:\/\/buymodafinilonline.com\/es\/farmacos-inteligentes\/armodavinil-150-mg\/","title":{"rendered":"Armodavinil 150 MG"},"content":{"rendered":"[vc_column width=&#8221;1\/2&#8243;]\n<h2>\u00bfQu\u00e9 es el Armodavinil 150 mg?<\/h2>\n<p>El armodavinilo es un eficaz &#8220;f\u00e1rmaco inteligente&#8221; que contiene el principio activo armodafinilo y que mejora la vigilia en pacientes con somnolencia excesiva debida a la apnea obstructiva del sue\u00f1o (AOS), la narcolepsia o el trastorno del sue\u00f1o por turnos (TSS). Los m\u00e9dicos tambi\u00e9n pueden prescribirlo para el tratamiento de otras enfermedades como el trastorno por d\u00e9ficit de atenci\u00f3n e hiperactividad (TDAH), la depresi\u00f3n, el jet lag, etc. Aunque sus beneficios son muy similares a los del modafinilo, sus efectos son m\u00e1s intensos. El modafinilo contiene dos versiones del principio activo: R-modafinilo y S-modafinilo. Por otro lado, el Armodavinil es R-modafinil puro, y funciona igual que la versi\u00f3n de marca Nuvigil\u00ae.<\/p>\n<p>Aunque el Armodavinil se prescribe generalmente por su capacidad para rectificar el ciclo de sue\u00f1o y vigilia, es m\u00e1s popular por su uso diverso fuera de etiqueta, que incluye la mejora de la funci\u00f3n cognitiva y el fomento de la productividad. Como medicamento seguro, mejora eficazmente el razonamiento y la resoluci\u00f3n de problemas, aumenta el estado de alerta, mejora la agudeza mental y la motivaci\u00f3n, y mejora el enfoque y la concentraci\u00f3n. Es por esta raz\u00f3n que Armodavinil 150 mg se est\u00e1 volviendo m\u00e1s popular entre los entusiastas de las &#8220;drogas inteligentes&#8221; cuyas profesiones o tareas requieren una concentraci\u00f3n extra y una superpotencia cerebral.<\/p>\n<p>La mayor\u00eda de los entusiastas de los nootr\u00f3picos consideran que el producto es seguro y bien tolerado y les encanta el hecho de que las pastillas est\u00e9n disponibles para la venta a un precio extremadamente bajo, lo que lo hace m\u00e1s accesible que otras alternativas.<\/p>\n<h2>C\u00f3mo funcionan los comprimidos<\/h2>\n<p>El modo de acci\u00f3n real del armodafinilo no se conoce del todo. Sin embargo, se cree que act\u00faa aumentando los niveles de norepinefrina, dopamina y orexina, entre otros neurotransmisores, en el cerebro. Estas sustancias qu\u00edmicas influyen en la motivaci\u00f3n, la concentraci\u00f3n, el estado de \u00e1nimo y el ciclo de sue\u00f1o y vigilia.<\/p>\n<h2>Dosificaci\u00f3n segura y uso adecuado<\/h2>\n<p>El armodavinil est\u00e1 disponible en la dosis de 150 mg, y \u00e9sta es la dosis est\u00e1ndar para la mayor\u00eda de los usuarios. La p\u00edldora debe tomarse una vez al d\u00eda; sin embargo, el momento de la administraci\u00f3n depende de la enfermedad que se est\u00e9 tratando:<\/p>\n<ul>\n<li>para la narcolepsia y la AOS, Armodavinil 150 mg tab se toma a primera hora de la ma\u00f1ana;<\/li>\n<li>para el SWSD, se debe tomar una p\u00edldora aprox. 1 hora antes del comienzo del turno de trabajo;<\/li>\n<li>para otros trastornos del sue\u00f1o, el TDAH, la depresi\u00f3n, la mejora cognitiva, etc., el medicamento debe tomarse seg\u00fan la prescripci\u00f3n de un m\u00e9dico.<\/li>\n<\/ul>\n<p>Sobre todo, no se automedique. Es primordial consultar a un m\u00e9dico sobre la dosis segura, incluyendo el ajuste de la dosis en funci\u00f3n de su salud. Pueden ser necesarias dosis m\u00e1s bajas para tratar a los pacientes con deficiencias geri\u00e1tricas y hep\u00e1ticas. Este medicamento debe tomarse con un vaso de agua y puede consumirse con o sin alimentos, seg\u00fan sus preferencias.<\/p>\n<h2>Posibles efectos secundarios<\/h2>\n<p>Como cualquier medicamento, Armodavinil tiene algunos efectos negativos que pueden ser leves o graves. Tenga en cuenta que los efectos secundarios no afectan a ning\u00fan consumidor de &#8220;drogas inteligentes&#8221;. Algunos no los experimentan, pero si lo hacen, estos s\u00edntomas son leves y suelen desaparecer despu\u00e9s de alg\u00fan tiempo. La probabilidad de sufrir reacciones adversas depende en gran medida de la salud general, la edad, el peso y el sexo.<\/p>\n<p>Algunos de los efectos negativos frecuentes de Armodavinil son los siguientes<\/p>\n<ul>\n<li>una nariz congestionada o que gotea;<\/li>\n<li>indigesti\u00f3n;<\/li>\n<li>mareo;<\/li>\n<li>dificultad para dormir;<\/li>\n<li>dolor de cabeza;<\/li>\n<li>dolor de espalda;<\/li>\n<li>nerviosismo;<\/li>\n<li>diarrea;<\/li>\n<li>n\u00e1useas.<\/li>\n<\/ul>\n<p>Los efectos negativos poco frecuentes que pueden ser graves son los siguientes:<\/p>\n<ul>\n<li>sarpullido en la piel;<\/li>\n<li>colmenas;<\/li>\n<li>comportamiento hiperactivo;<\/li>\n<li>latidos card\u00edacos anormales;<\/li>\n<li>orina con sangre;<\/li>\n<li>pensamientos suicidas;<\/li>\n<li>problemas mentales;<\/li>\n<li>problemas para respirar.<\/li>\n<\/ul>\n[\/vc_column][vc_column width=&#8221;1\/2&#8243;]\n<p>Esta no es una lista completa de efectos secundarios. Algunas pueden ser graves dependiendo de su salud. Un m\u00e9dico debe evaluar su estado de salud (especialmente los problemas de h\u00edgado\/coraz\u00f3n) antes de prescribirle Armodavinil.<\/p>\n<p>Controle su salud general cuando tome este medicamento. En caso de cualquier s\u00edntoma extra\u00f1o, avise inmediatamente a un m\u00e9dico.<\/p>\n<h2>Contraindicaciones y precauciones<\/h2>\n<p>Es necesario tomar las precauciones indicadas por el m\u00e9dico y seguir las instrucciones del prospecto cuando se utiliza Armodavinil. Adem\u00e1s, es primordial comprobar si interact\u00faa con otros productos sanitarios que puedas estar utilizando en ese momento. Esto le ayudar\u00e1 a evitar que se produzcan interacciones entre f\u00e1rmacos que puedan dar lugar a reacciones adversas graves.<\/p>\n<p>Armodavinil interact\u00faa con los siguientes tipos de medicamentos:<\/p>\n<ul>\n<li>Sustratos de CYP2C19 y CYP3A4\/5;<\/li>\n<li>inhibidores de la monoamino oxidasa;<\/li>\n<li>anticoagulantes;<\/li>\n<li>ciertos antibi\u00f3ticos;<\/li>\n<li>medicamentos anticonvulsivos;<\/li>\n<li>p\u00edldoras anticonceptivas.<\/li>\n<\/ul>\n<p>Esta no es una lista completa. Su m\u00e9dico debe evaluar TODOS los medicamentos que est\u00e1 utilizando. No mezcle Armodavinil con otros medicamentos sin avisar antes a su m\u00e9dico.<\/p>\n<p>Adem\u00e1s, este medicamento interact\u00faa negativamente con el alcohol, por lo que estas sustancias no deben usarse juntas. El alcohol + Armodavinil puede causar algunos efectos negativos. La mayor\u00eda de los alimentos funcionan bien con la medicaci\u00f3n, pero deben evitarse los alimentos grasos mientras se toma el armodafinilo, ya que pueden disminuir la tasa de absorci\u00f3n del f\u00e1rmaco y, por tanto, el inicio de su acci\u00f3n.<\/p>\n<h2>Experiencia del consumidor<\/h2>\n<p>Aunque el Armodavinil est\u00e1 empezando a ganar popularidad, varios entusiastas de las &#8220;drogas inteligentes&#8221; ya han compartido su experiencia basada en su uso. Las rese\u00f1as y los testimonios son mayoritariamente positivos porque la mayor\u00eda de los usuarios han dado fe de su eficacia para fomentar la productividad, especialmente en el trabajo.<\/p>\n<p>Sin embargo, hay que tener en cuenta que cada usuario puede responder de forma diferente a la droga.<\/p>\n<p>No es de extra\u00f1ar que lo utilicen principalmente los estudiantes y las personas de todos los \u00e1mbitos de la vida que tienen trabajos agitados que exigen una intensa concentraci\u00f3n y una gran capacidad cerebral. Adem\u00e1s, seg\u00fan algunas fuentes de noticias de confianza, la mayor\u00eda de los ejecutivos y profesionales de alto nivel valoran positivamente los medicamentos de armodafinilo. Los estudiantes universitarios tienen el mismo veredicto.<\/p>\n<p>Si has estado tomando modafinilo durante un tiempo, puede ser el momento ideal para cambiar el interruptor. Al fin y al cabo, Armodavinil es muy eficaz, tal y como afirman la mayor\u00eda de sus usuarios. Consulte siempre a un m\u00e9dico antes de tomar este medicamento o cualquier otro.\u043c<\/p>\n<h2>Comprar Gen\u00e9rico Armodavinil 150mg (Armodafinilo) Online<\/h2>\n<p><a href=\"https:\/\/buymodafinilonline.com\/es\/\">BuyModafinilOnline<\/a> (BMO) es una farmacia online segura que ofrece aut\u00e9nticas &#8220;drogas inteligentes&#8221; procedentes de fabricantes certificados sin necesidad de receta m\u00e9dica.<\/p>\n<p>Somos el mejor lugar para comprar <a href=\"https:\/\/buymodafinilonline.com\/smart-drugs-brands\/\">armodafinilo gen\u00e9rico<\/a> extremadamente barato pero de calidad y medicamentos de modafinilo &#8211; incluyendo <a href=\"https:\/\/buymodafinilonline.com\/smart-drugs\/vilafinil-200mg-tablets\/\">Vilafinil<\/a>, <a href=\"https:\/\/buymodafinilonline.com\/smart-drugs\/modafil-md-200-mg-sublingual-tablets\/\">Modafil MD<\/a>, <a href=\"https:\/\/buymodafinilonline.com\/es\/farmacos-inteligentes\/modavinil-200-mg\/\">Modavinil<\/a>, <a href=\"https:\/\/buymodafinilonline.com\/smart-drugs\/artvigil-150-mg-tablets\/\">Artvigil<\/a>, <a href=\"https:\/\/buymodafinilonline.com\/es\/farmacos-inteligentes\/modapro-200mg\/\">Modapro<\/a>, y otros medicamentos. Vendemos todos los euger\u00f3ticos al coste de fabricaci\u00f3n.<\/p>\n<p>Incre\u00edblemente, ofrecemos <a href=\"https:\/\/buymodafinilonline.com\/free-trial\/\">paquetes de muestras gratuitas<\/a> de armodafinilo y modafinilo, para que los clientes puedan probar su eficacia y seguridad antes de comprar. Los paquetes de prueba de medicamentos son ciertamente necesarios si eres nuevo en las &#8220;drogas inteligentes&#8221;.<\/p>\n<p>Experimente varias opciones de pago, como <a href=\"https:\/\/buymodafinilonline.com\/bitcoin-payment\/\">Bitcoin<\/a> (un 23% de descuento), PayPal Zelle, Poli, transferencia bancaria SEPA o tarjeta de cr\u00e9dito. Ofrecemos una <a href=\"https:\/\/buymodafinilonline.com\/order-tracking\/\">herramienta de seguimiento de<\/a> paquetes, y el env\u00edo de paquetes es ultrarr\u00e1pido -en todo el mundo-, excepto en algunos pa\u00edses que figuran en el sitio web. Si un pedido no se entrega, lo volvemos a enviar o le <a href=\"https:\/\/buymodafinilonline.com\/refund-reshipment\/\">devolvemos el importe \u00edntegro<\/a>.<\/p>\n<p>Adem\u00e1s, como cliente recurrente, puede ser recompensado con 10 pastillas sublinguales de Modafil MD gratis. Tambi\u00e9n ofrecemos otras <a href=\"https:\/\/buymodafinilonline.com\/coupons-deals-promo-codes\/\">grandes ofertas<\/a>, c\u00f3digos de cupones y descuentos.<\/p>\n<p>Si est\u00e1 buscando el mejor lugar para pedir p\u00edldoras genuinas de Armodavinil, BMO es la farmacia para usted. Nuestros servicios son c\u00f3modos y fiables.<\/p>\n[\/vc_column]\n<div id=\"gtx-trans\" style=\"position: absolute;left: 486px;top: 2986.57px\">\n<div class=\"gtx-trans-icon\"><\/div>\n<\/div>\n","protected":false},"excerpt":{"rendered":"<p>El armodavinil es una versi\u00f3n gen\u00e9rica del medicamento de marca Nuvigil\u00ae. Es un medicamento utilizado para fomentar la vigilia en personas que sufren ciertos trastornos del sue\u00f1o. Fabricado por los laboratorios Centurion, este comprimido contiene armodafinilo como principio activo. Tambi\u00e9n puede utilizarse como potenciador cognitivo y potenciador de la productividad en poblaciones sanas. Consiga hoy mismo este medicamento tan eficaz en nuestra farmacia electr\u00f3nica a un precio bajo y con una entrega r\u00e1pida. Tambi\u00e9n ofrecemos 10 muestras de prueba gratuitas de cada uno de los medicamentos armodafinilo y modafinilo a\u00f1adidos a su cesta para que pueda probar su eficacia y beneficios.<\/p>\n<p>Tambi\u00e9n nos complace invitarte a probar nuestras p\u00edldoras de bajo coste <a href=\"https:\/\/buymodafinilonline.com\/smart-drugs\/saver-combo-pack\/\">Modvigil y Artvigil<\/a>, que aumentar\u00e1n tu resistencia a la fatiga, as\u00ed como otras marcas populares de modafinilo<a href=\"https:\/\/buymodafinilonline.com\/smart-drugs\/modafresh-200-mg-tablets\/\">: Modafresh<\/a>, <a href=\"https:\/\/buymodafinilonline.com\/smart-drugs\/modaheal-200-mg-tablets\/\">Modaheal<\/a>, <a href=\"https:\/\/buymodafinilonline.com\/smart-drugs\/modawake-200-mg-tablets\/\">Modawake<\/a>, <a href=\"https:\/\/buymodafinilonline.com\/smart-drugs\/vilafinil-200mg-tablets\/\">Vilafinil<\/a> y un exclusivo <a href=\"https:\/\/buymodafinilonline.com\/smart-drugs\/modafil-md-200-mg-sublingual-tablets\/\">Modafil MD sublingual<\/a>, disponible s\u00f3lo en nuestra farmacia online, que es uno de nuestros superventas con sabor a menta para una absorci\u00f3n m\u00e1s r\u00e1pida y, por tanto, efectos de aparici\u00f3n r\u00e1pida. Adem\u00e1s, nuestros nuevos superventas contienen los mismos ingredientes activos y son tan puros como nuestras marcas superventas anteriores.<\/p>\n<p>Consulte nuestro nuevo <a href=\"https:\/\/buymodafinilonline.com\/smart-drugs\/modavinil-armodavinil-superior-combo-pack\/\">Pack Combo<\/a> Superior que puede incluir cualquiera de las marcas mencionadas anteriormente.<\/p>\n","protected":false},"featured_media":424090,"comment_status":"closed","ping_status":"closed","template":"","meta":{"_acf_changed":false},"product_brand":[],"product_cat":[3788],"product_tag":[4023],"class_list":{"0":"post-446932","1":"product","2":"type-product","3":"status-publish","4":"has-post-thumbnail","6":"product_cat-marcas-de-drogas-inteligentes","7":"product_tag-armodafinil-es","9":"first","10":"instock","11":"sale","12":"shipping-taxable","13":"purchasable","14":"product-type-variable","15":"has-default-attributes"},"acf":[],"yoast_head":"<!-- This site is optimized with the Yoast SEO Premium plugin v23.6 (Yoast SEO v27.3) - https:\/\/yoast.com\/product\/yoast-seo-premium-wordpress\/ -->\n<title>Gen\u00e9rico Armodavinil 150 MG (Armodafinilo) Pastillas Sin Receta - BuyModafinilOnline<\/title>\n<meta name=\"description\" content=\"Comprar barato Armodavinil 150 mg comprimidos online del fabricante Centurion Laboratories. Consiga el Armodavinil gen\u00e9rico (armodafinilo) con un 23% de descuento por pago con Bitcoin en la farmacia BuyModafinilOnline.\" \/>\n<meta name=\"robots\" content=\"index, follow, max-snippet:-1, max-image-preview:large, max-video-preview:-1\" \/>\n<link rel=\"canonical\" href=\"https:\/\/buymodafinilonline.com\/es\/farmacos-inteligentes\/armodavinil-150-mg\/\" \/>\n<meta property=\"og:locale\" content=\"es_ES\" \/>\n<meta property=\"og:type\" content=\"article\" \/>\n<meta property=\"og:title\" content=\"Armodavinil 150 MG\" \/>\n<meta property=\"og:description\" content=\"Comprar barato Armodavinil 150 mg comprimidos online del fabricante Centurion Laboratories. Consiga el Armodavinil gen\u00e9rico (armodafinilo) con un 23% de descuento por pago con Bitcoin en la farmacia BuyModafinilOnline.\" \/>\n<meta property=\"og:url\" content=\"https:\/\/buymodafinilonline.com\/es\/farmacos-inteligentes\/armodavinil-150-mg\/\" \/>\n<meta property=\"og:site_name\" content=\"BuyModafinilOnline.com\" \/>\n<meta property=\"article:modified_time\" content=\"2025-05-12T08:37:51+00:00\" \/>\n<meta property=\"og:image\" content=\"https:\/\/buymodafinilonline.com\/wp-content\/uploads\/2021\/07\/bmo-product-armodavinill-new.png\" \/>\n\t<meta property=\"og:image:width\" content=\"1280\" \/>\n\t<meta property=\"og:image:height\" content=\"1500\" \/>\n\t<meta property=\"og:image:type\" content=\"image\/png\" \/>\n<meta name=\"twitter:label1\" content=\"Tiempo de lectura\" \/>\n\t<meta name=\"twitter:data1\" content=\"7 minutos\" \/>\n<script type=\"application\/ld+json\" class=\"yoast-schema-graph\">{\"@context\":\"https:\\\/\\\/schema.org\",\"@graph\":[{\"@type\":\"WebPage\",\"@id\":\"https:\\\/\\\/buymodafinilonline.com\\\/es\\\/farmacos-inteligentes\\\/armodavinil-150-mg\\\/\",\"url\":\"https:\\\/\\\/buymodafinilonline.com\\\/es\\\/farmacos-inteligentes\\\/armodavinil-150-mg\\\/\",\"name\":\"Gen\u00e9rico Armodavinil 150 MG (Armodafinilo) Pastillas Sin Receta - BuyModafinilOnline\",\"isPartOf\":{\"@id\":\"https:\\\/\\\/buymodafinilonline.com\\\/es\\\/#website\"},\"primaryImageOfPage\":{\"@id\":\"https:\\\/\\\/buymodafinilonline.com\\\/es\\\/farmacos-inteligentes\\\/armodavinil-150-mg\\\/#primaryimage\"},\"image\":{\"@id\":\"https:\\\/\\\/buymodafinilonline.com\\\/es\\\/farmacos-inteligentes\\\/armodavinil-150-mg\\\/#primaryimage\"},\"thumbnailUrl\":\"https:\\\/\\\/buymodafinilonline.com\\\/wp-content\\\/uploads\\\/2021\\\/07\\\/bmo-product-armodavinill-new.png\",\"datePublished\":\"2021-07-12T22:14:10+00:00\",\"dateModified\":\"2025-05-12T08:37:51+00:00\",\"description\":\"Comprar barato Armodavinil 150 mg comprimidos online del fabricante Centurion Laboratories. Consiga el Armodavinil gen\u00e9rico (armodafinilo) con un 23% de descuento por pago con Bitcoin en la farmacia BuyModafinilOnline.\",\"breadcrumb\":{\"@id\":\"https:\\\/\\\/buymodafinilonline.com\\\/es\\\/farmacos-inteligentes\\\/armodavinil-150-mg\\\/#breadcrumb\"},\"inLanguage\":\"es\",\"potentialAction\":[{\"@type\":\"ReadAction\",\"target\":[\"https:\\\/\\\/buymodafinilonline.com\\\/es\\\/farmacos-inteligentes\\\/armodavinil-150-mg\\\/\"]}]},{\"@type\":\"ImageObject\",\"inLanguage\":\"es\",\"@id\":\"https:\\\/\\\/buymodafinilonline.com\\\/es\\\/farmacos-inteligentes\\\/armodavinil-150-mg\\\/#primaryimage\",\"url\":\"https:\\\/\\\/buymodafinilonline.com\\\/wp-content\\\/uploads\\\/2021\\\/07\\\/bmo-product-armodavinill-new.png\",\"contentUrl\":\"https:\\\/\\\/buymodafinilonline.com\\\/wp-content\\\/uploads\\\/2021\\\/07\\\/bmo-product-armodavinill-new.png\",\"width\":1280,\"height\":1500,\"caption\":\"Armodavinil Pills 150 mg\"},{\"@type\":\"BreadcrumbList\",\"@id\":\"https:\\\/\\\/buymodafinilonline.com\\\/es\\\/farmacos-inteligentes\\\/armodavinil-150-mg\\\/#breadcrumb\",\"itemListElement\":[{\"@type\":\"ListItem\",\"position\":1,\"name\":\"Buy Modafinil Online\",\"item\":\"https:\\\/\\\/buymodafinilonline.com\\\/es\\\/\"},{\"@type\":\"ListItem\",\"position\":2,\"name\":\"Tienda\",\"item\":\"https:\\\/\\\/buymodafinilonline.com\\\/es\\\/tienda\\\/\"},{\"@type\":\"ListItem\",\"position\":3,\"name\":\"Marcas de drogas inteligentes\",\"item\":\"https:\\\/\\\/buymodafinilonline.com\\\/es\\\/categoria-de-productos\\\/marcas-de-drogas-inteligentes\\\/\"},{\"@type\":\"ListItem\",\"position\":4,\"name\":\"Armodavinil 150 MG\"}]},{\"@type\":\"WebSite\",\"@id\":\"https:\\\/\\\/buymodafinilonline.com\\\/es\\\/#website\",\"url\":\"https:\\\/\\\/buymodafinilonline.com\\\/es\\\/\",\"name\":\"BuyModafinilOnline.com\",\"description\":\"Modafinil Online Pharmacy\",\"publisher\":{\"@id\":\"https:\\\/\\\/buymodafinilonline.com\\\/es\\\/#organization\"},\"potentialAction\":[{\"@type\":\"SearchAction\",\"target\":{\"@type\":\"EntryPoint\",\"urlTemplate\":\"https:\\\/\\\/buymodafinilonline.com\\\/es\\\/?s={search_term_string}\"},\"query-input\":{\"@type\":\"PropertyValueSpecification\",\"valueRequired\":true,\"valueName\":\"search_term_string\"}}],\"inLanguage\":\"es\"},{\"@type\":\"Organization\",\"@id\":\"https:\\\/\\\/buymodafinilonline.com\\\/es\\\/#organization\",\"name\":\"BuyModafinilOnline\",\"url\":\"https:\\\/\\\/buymodafinilonline.com\\\/es\\\/\",\"logo\":{\"@type\":\"ImageObject\",\"inLanguage\":\"es\",\"@id\":\"https:\\\/\\\/buymodafinilonline.com\\\/es\\\/#\\\/schema\\\/logo\\\/image\\\/\",\"url\":\"https:\\\/\\\/buymodafinilonline.com\\\/wp-content\\\/uploads\\\/2020\\\/04\\\/logo-buy-modafinil-online-yellow.png\",\"contentUrl\":\"https:\\\/\\\/buymodafinilonline.com\\\/wp-content\\\/uploads\\\/2020\\\/04\\\/logo-buy-modafinil-online-yellow.png\",\"width\":200,\"height\":200,\"caption\":\"BuyModafinilOnline\"},\"image\":{\"@id\":\"https:\\\/\\\/buymodafinilonline.com\\\/es\\\/#\\\/schema\\\/logo\\\/image\\\/\"}}]}<\/script>\n<!-- \/ Yoast SEO Premium plugin. -->","yoast_head_json":{"title":"Gen\u00e9rico Armodavinil 150 MG (Armodafinilo) Pastillas Sin Receta - BuyModafinilOnline","description":"Comprar barato Armodavinil 150 mg comprimidos online del fabricante Centurion Laboratories. Consiga el Armodavinil gen\u00e9rico (armodafinilo) con un 23% de descuento por pago con Bitcoin en la farmacia BuyModafinilOnline.","robots":{"index":"index","follow":"follow","max-snippet":"max-snippet:-1","max-image-preview":"max-image-preview:large","max-video-preview":"max-video-preview:-1"},"canonical":"https:\/\/buymodafinilonline.com\/es\/farmacos-inteligentes\/armodavinil-150-mg\/","og_locale":"es_ES","og_type":"article","og_title":"Armodavinil 150 MG","og_description":"Comprar barato Armodavinil 150 mg comprimidos online del fabricante Centurion Laboratories. Consiga el Armodavinil gen\u00e9rico (armodafinilo) con un 23% de descuento por pago con Bitcoin en la farmacia BuyModafinilOnline.","og_url":"https:\/\/buymodafinilonline.com\/es\/farmacos-inteligentes\/armodavinil-150-mg\/","og_site_name":"BuyModafinilOnline.com","article_modified_time":"2025-05-12T08:37:51+00:00","og_image":[{"width":1280,"height":1500,"url":"https:\/\/buymodafinilonline.com\/wp-content\/uploads\/2021\/07\/bmo-product-armodavinill-new.png","type":"image\/png"}],"twitter_misc":{"Tiempo de lectura":"7 minutos"},"schema":{"@context":"https:\/\/schema.org","@graph":[{"@type":"WebPage","@id":"https:\/\/buymodafinilonline.com\/es\/farmacos-inteligentes\/armodavinil-150-mg\/","url":"https:\/\/buymodafinilonline.com\/es\/farmacos-inteligentes\/armodavinil-150-mg\/","name":"Gen\u00e9rico Armodavinil 150 MG (Armodafinilo) Pastillas Sin Receta - BuyModafinilOnline","isPartOf":{"@id":"https:\/\/buymodafinilonline.com\/es\/#website"},"primaryImageOfPage":{"@id":"https:\/\/buymodafinilonline.com\/es\/farmacos-inteligentes\/armodavinil-150-mg\/#primaryimage"},"image":{"@id":"https:\/\/buymodafinilonline.com\/es\/farmacos-inteligentes\/armodavinil-150-mg\/#primaryimage"},"thumbnailUrl":"https:\/\/buymodafinilonline.com\/wp-content\/uploads\/2021\/07\/bmo-product-armodavinill-new.png","datePublished":"2021-07-12T22:14:10+00:00","dateModified":"2025-05-12T08:37:51+00:00","description":"Comprar barato Armodavinil 150 mg comprimidos online del fabricante Centurion Laboratories. Consiga el Armodavinil gen\u00e9rico (armodafinilo) con un 23% de descuento por pago con Bitcoin en la farmacia BuyModafinilOnline.","breadcrumb":{"@id":"https:\/\/buymodafinilonline.com\/es\/farmacos-inteligentes\/armodavinil-150-mg\/#breadcrumb"},"inLanguage":"es","potentialAction":[{"@type":"ReadAction","target":["https:\/\/buymodafinilonline.com\/es\/farmacos-inteligentes\/armodavinil-150-mg\/"]}]},{"@type":"ImageObject","inLanguage":"es","@id":"https:\/\/buymodafinilonline.com\/es\/farmacos-inteligentes\/armodavinil-150-mg\/#primaryimage","url":"https:\/\/buymodafinilonline.com\/wp-content\/uploads\/2021\/07\/bmo-product-armodavinill-new.png","contentUrl":"https:\/\/buymodafinilonline.com\/wp-content\/uploads\/2021\/07\/bmo-product-armodavinill-new.png","width":1280,"height":1500,"caption":"Armodavinil Pills 150 mg"},{"@type":"BreadcrumbList","@id":"https:\/\/buymodafinilonline.com\/es\/farmacos-inteligentes\/armodavinil-150-mg\/#breadcrumb","itemListElement":[{"@type":"ListItem","position":1,"name":"Buy Modafinil Online","item":"https:\/\/buymodafinilonline.com\/es\/"},{"@type":"ListItem","position":2,"name":"Tienda","item":"https:\/\/buymodafinilonline.com\/es\/tienda\/"},{"@type":"ListItem","position":3,"name":"Marcas de drogas inteligentes","item":"https:\/\/buymodafinilonline.com\/es\/categoria-de-productos\/marcas-de-drogas-inteligentes\/"},{"@type":"ListItem","position":4,"name":"Armodavinil 150 MG"}]},{"@type":"WebSite","@id":"https:\/\/buymodafinilonline.com\/es\/#website","url":"https:\/\/buymodafinilonline.com\/es\/","name":"BuyModafinilOnline.com","description":"Modafinil Online Pharmacy","publisher":{"@id":"https:\/\/buymodafinilonline.com\/es\/#organization"},"potentialAction":[{"@type":"SearchAction","target":{"@type":"EntryPoint","urlTemplate":"https:\/\/buymodafinilonline.com\/es\/?s={search_term_string}"},"query-input":{"@type":"PropertyValueSpecification","valueRequired":true,"valueName":"search_term_string"}}],"inLanguage":"es"},{"@type":"Organization","@id":"https:\/\/buymodafinilonline.com\/es\/#organization","name":"BuyModafinilOnline","url":"https:\/\/buymodafinilonline.com\/es\/","logo":{"@type":"ImageObject","inLanguage":"es","@id":"https:\/\/buymodafinilonline.com\/es\/#\/schema\/logo\/image\/","url":"https:\/\/buymodafinilonline.com\/wp-content\/uploads\/2020\/04\/logo-buy-modafinil-online-yellow.png","contentUrl":"https:\/\/buymodafinilonline.com\/wp-content\/uploads\/2020\/04\/logo-buy-modafinil-online-yellow.png","width":200,"height":200,"caption":"BuyModafinilOnline"},"image":{"@id":"https:\/\/buymodafinilonline.com\/es\/#\/schema\/logo\/image\/"}}]}},"_links":{"self":[{"href":"https:\/\/buymodafinilonline.com\/es\/wp-json\/wp\/v2\/product\/446932","targetHints":{"allow":["GET"]}}],"collection":[{"href":"https:\/\/buymodafinilonline.com\/es\/wp-json\/wp\/v2\/product"}],"about":[{"href":"https:\/\/buymodafinilonline.com\/es\/wp-json\/wp\/v2\/types\/product"}],"replies":[{"embeddable":true,"href":"https:\/\/buymodafinilonline.com\/es\/wp-json\/wp\/v2\/comments?post=446932"}],"wp:featuredmedia":[{"embeddable":true,"href":"https:\/\/buymodafinilonline.com\/es\/wp-json\/wp\/v2\/media\/424090"}],"wp:attachment":[{"href":"https:\/\/buymodafinilonline.com\/es\/wp-json\/wp\/v2\/media?parent=446932"}],"wp:term":[{"taxonomy":"product_brand","embeddable":true,"href":"https:\/\/buymodafinilonline.com\/es\/wp-json\/wp\/v2\/product_brand?post=446932"},{"taxonomy":"product_cat","embeddable":true,"href":"https:\/\/buymodafinilonline.com\/es\/wp-json\/wp\/v2\/product_cat?post=446932"},{"taxonomy":"product_tag","embeddable":true,"href":"https:\/\/buymodafinilonline.com\/es\/wp-json\/wp\/v2\/product_tag?post=446932"}],"curies":[{"name":"wp","href":"https:\/\/api.w.org\/{rel}","templated":true}]}}