{"id":447031,"date":"2022-08-26T07:25:37","date_gmt":"2022-08-26T06:25:37","guid":{"rendered":"https:\/\/buymodafinilonline.com\/smart-drugs\/modaxl-200-mg\/"},"modified":"2026-03-09T04:36:09","modified_gmt":"2026-03-09T03:36:09","slug":"modaxl-200-mg","status":"publish","type":"product","link":"https:\/\/buymodafinilonline.com\/es\/farmacos-inteligentes\/modaxl-200-mg\/","title":{"rendered":"ModaXL 200 MG"},"content":{"rendered":"[vc_column width=&#8221;1\/2&#8243;]\n<h2>\u00bfQu\u00e9 es ModaXL 200 mg?<\/h2>\n<p>ModaXL es una de las \u00faltimas versiones gen\u00e9ricas de Provigil disponibles en el mercado nootr\u00f3pico. Contiene 200 mg de modafinilo puro como ingrediente activo y funciona muy eficazmente. Al igual que su hom\u00f3logo de marca, el f\u00e1rmaco est\u00e1 aprobado por la Administraci\u00f3n de Alimentos y Medicamentos (FDA) para tratar tres importantes trastornos del sue\u00f1o: la narcolepsia, la apnea obstructiva del sue\u00f1o (AOS) y el trastorno del sue\u00f1o por turnos (TSS).<\/p>\n<p>ModaXL tambi\u00e9n se utiliza com\u00fanmente para mejorar la funci\u00f3n cognitiva. Sus beneficios de mejora cognitiva son similares a los que proporciona Provigil. Entre ellos se encuentran:<\/p>\n<ul>\n<li>M\u00e1s de 12 horas de concentraci\u00f3n;<\/li>\n<li>mayor velocidad de procesamiento mental;<\/li>\n<li>aumento del estado de alerta;<\/li>\n<li>mejora de la memoria a corto plazo;<\/li>\n<li>mayor atenci\u00f3n.<\/li>\n<\/ul>\n<p>Curiosamente, ModaXL tiene 2 beneficios principales que lo diferencian de sus hom\u00f3logos gen\u00e9ricos como <a href=\"https:\/\/buymodafinilonline.com\/smart-drugs\/modvigil-200mg-tablets\/\">Modvigil<\/a>, <a href=\"https:\/\/buymodafinilonline.com\/smart-drugs\/modalert-200-mg-tablets\/\">Modalert<\/a> y <a href=\"https:\/\/buymodafinilonline.com\/smart-drugs\/modaheal-200-mg-tablets\/\">Modaheal<\/a>, entre otros. Para empezar, tiene una tasa de absorci\u00f3n un 5% mejor, lo que se traduce en un inicio de efectos mucho m\u00e1s r\u00e1pido. En segundo lugar, su efecto m\u00e1ximo es hasta un 30% m\u00e1s fuerte que el de las versiones anteriores. Estas ventajas lo convierten en la opci\u00f3n ideal para cualquier persona a la que le guste alcanzar el m\u00e1ximo rendimiento lo antes posible, para poder hacer m\u00e1s trabajo en un tiempo r\u00e9cord.<\/p>\n<p>ModaXL 200 mg conserva las propiedades caracter\u00edsticas de Provigil. Es m\u00e1s seguro, bien tolerado y tiene un bajo riesgo de causar dependencia. El f\u00e1rmaco est\u00e1 aprobado \u00fanicamente para su uso en personas mayores de 18 a\u00f1os.<\/p>\n<p>Es aconsejable consultar y utilizarlo bajo la supervisi\u00f3n de un m\u00e9dico o profesional sanitario.<\/p>\n<h2>C\u00f3mo funcionan los comprimidos<\/h2>\n<p>ModaXL funciona exactamente igual que Provigil y sus otras marcas gen\u00e9ricas porque contiene el mismo ingrediente activo: el modafinilo. Funciona regulando y fijando los niveles de dopamina, serotonina, \u00e1cido gamma-aminobut\u00edrico (GABA) y otras sustancias qu\u00edmicas del cerebro llamadas neurotransmisores.<\/p>\n<p>Los niveles de estas sustancias qu\u00edmicas en un momento dado influyen en el estado de \u00e1nimo, la concentraci\u00f3n, la somnolencia y la vigilia.<\/p>\n<p>En pocas palabras, cuando se toma una p\u00edldora de ModaXL, se establecen los niveles qu\u00edmicos en una cantidad que promueve la vigilia y mejora la cognici\u00f3n.<\/p>\n<h2>Dosificaci\u00f3n segura y uso adecuado<\/h2>\n<p>Algunas personas consideran que Provigil y todas sus marcas gen\u00e9ricas son ineficaces. Aunque podr\u00eda tratarse de un caso en el que el f\u00e1rmaco no es adecuado para ellos, el uso incorrecto suele ser la causa de que muchos experimenten efectos secundarios o no obtengan los resultados esperados.<\/p>\n<p>ModaXL, al igual que otros f\u00e1rmacos basados en el modafinilo, se utiliza para tratar m\u00faltiples problemas de salud. En consecuencia, la dosis y el tiempo de administraci\u00f3n pueden variar en funci\u00f3n de la afecci\u00f3n que se pretenda tratar y, por tanto, afectar al resultado de su uso.<\/p>\n<p>La dosis de 200 mg es la m\u00e1s utilizada. Sin embargo, el m\u00e9dico puede recomendar que se tome una potencia menor o mayor en funci\u00f3n de la sensibilidad y la tolerabilidad.<\/p>\n<p>Para el tratamiento de la narcolepsia y la AOS, se debe tomar 1 comprimido por la ma\u00f1ana, lo m\u00e1s temprano posible. Debe tragarse entero con una cantidad considerable de agua y no esnifarse o disolverse en agua y beberse. Tenga en cuenta que tomar el f\u00e1rmaco m\u00e1s tarde podr\u00eda dificultar el sue\u00f1o nocturno, ya que sus efectos suelen durar m\u00e1s de 12 horas.<\/p>\n<p>Para el tratamiento SWSD, se debe tomar 1 p\u00edldora aproximadamente 1 hora antes del comienzo del turno. Cabe se\u00f1alar que tomar m\u00e1s de una dosis al d\u00eda podr\u00eda aumentar el riesgo de experimentar efectos adversos.<\/p>\n<p>Consulte a un m\u00e9dico antes de iniciar el tratamiento con ModaXL o cualquier otro medicamento a base de modafinilo.<\/p>\n<h2>Posibles efectos secundarios<\/h2>\n<p>ModaXL es seguro, bien tolerado y eficaz. Sin embargo, es com\u00fan que algunos usuarios experimenten efectos adversos leves como dolores de cabeza, n\u00e1useas, malestar estomacal, secreci\u00f3n nasal y mareos.<\/p>\n<p>En los casos en que se producen, suelen ser leves, de corta duraci\u00f3n y desaparecen sin tratamiento.<br \/>\n[\/vc_column][vc_column width=&#8221;1\/2&#8243;]\nCabe se\u00f1alar que tambi\u00e9n pueden producirse efectos secundarios m\u00e1s graves en funci\u00f3n del nivel de consumo. Los posibles s\u00edntomas incluyen:<\/p>\n<ul>\n<li>insomnio;<\/li>\n<li>ansiedad;<\/li>\n<li>depresi\u00f3n;<\/li>\n<li>fiebre;<\/li>\n<li>dolores de espalda;<\/li>\n<li>dificultad para respirar;<\/li>\n<li>alucinaciones.<\/li>\n<\/ul>\n<p>Aunque rara vez se producen, estos efectos secundarios pueden llegar a ser graves e incluso mortales si no se atienden. Es aconsejable buscar atenci\u00f3n m\u00e9dica urgente lo antes posible una vez que surja alguno de ellos.<\/p>\n<h2>Contraindicaciones y precauciones<\/h2>\n<p>Es aconsejable tener cuidado con los medicamentos, suplementos o hierbas que utiliza mientras toma ModaXL. Esto es para ayudar a prevenir las interacciones. Una interacci\u00f3n farmacol\u00f3gica puede aumentar el riesgo de que uno o varios de los medicamentos tomados conjuntamente sean ineficaces o incluso aumentar el riesgo de efectos secundarios.<\/p>\n<p>Los siguientes medicamentos interact\u00faan con ModaXL y otros medicamentos basados en el modafinilo y deben evitarse:<\/p>\n<ul>\n<li>rifampicina\/Rifadin;<\/li>\n<li>clopidogrel;<\/li>\n<li>deflazacort;<\/li>\n<li>bosutinib;<\/li>\n<li>los poppers (drogas callejeras) como la metanfetamina;<\/li>\n<li>medicamentos antimic\u00f3ticos como itraconazol\/Sporanox o ketoconazol\/Nizoral;<\/li>\n<li>sedantes como triazolam\/Halcion, midazolam\/Versed, o diazepam\/Valium.<\/li>\n<\/ul>\n<p>Hay que tener en cuenta que los medicamentos no son la \u00fanica causa de las interacciones; tambi\u00e9n lo son ciertos alimentos, bebidas y refrescos. Para empezar, el alcohol no se mezcla bien con el ModaXl, y beberlo durante, antes o poco despu\u00e9s de tomar la p\u00edldora puede aumentar el riesgo de efectos adversos e incluso provocar un desmayo. Adem\u00e1s, hay que evitar los alimentos ricos en grasas que no se mezclan bien con el f\u00e1rmaco, ya que pueden retrasar la aparici\u00f3n de sus efectos.<\/p>\n<p>Consulta el prospecto del medicamento y habla con tu m\u00e9dico para obtener una lista m\u00e1s completa de las cosas que debes evitar al tomar ModaXL.<\/p>\n<h2>Experiencia del consumidor<\/h2>\n<p>Aunque ModaXL es relativamente nuevo en la escena nootr\u00f3pica, est\u00e1 ganando mucha tracci\u00f3n. Esto se debe probablemente a su alto nivel de seguridad, facilidad de uso y eficacia. Muchas personas que lo probaron como alternativa a Modalert para el tratamiento diurno excesivo consideran que &#8220;vale cada centavo&#8221;.<\/p>\n<p><img fetchpriority=\"high\" decoding=\"async\" class=\"alignnone size-full wp-image-452303\" src=\"https:\/\/buymodafinilonline.com\/wp-content\/uploads\/2023\/01\/ModaXL-Certificate-of-Analysis.png\" alt=\"ModaXL 200mg Control de calidad y certificado de an\u00e1lisis\" width=\"1600\" height=\"2262\" srcset=\"https:\/\/buymodafinilonline.com\/wp-content\/uploads\/2023\/01\/ModaXL-Certificate-of-Analysis.png 1600w, https:\/\/buymodafinilonline.com\/wp-content\/uploads\/2023\/01\/ModaXL-Certificate-of-Analysis-212x300.png 212w, https:\/\/buymodafinilonline.com\/wp-content\/uploads\/2023\/01\/ModaXL-Certificate-of-Analysis-724x1024.png 724w, https:\/\/buymodafinilonline.com\/wp-content\/uploads\/2023\/01\/ModaXL-Certificate-of-Analysis-768x1086.png 768w, https:\/\/buymodafinilonline.com\/wp-content\/uploads\/2023\/01\/ModaXL-Certificate-of-Analysis-1086x1536.png 1086w, https:\/\/buymodafinilonline.com\/wp-content\/uploads\/2023\/01\/ModaXL-Certificate-of-Analysis-1449x2048.png 1449w, https:\/\/buymodafinilonline.com\/wp-content\/uploads\/2023\/01\/ModaXL-Certificate-of-Analysis-990x1400.png 990w, https:\/\/buymodafinilonline.com\/wp-content\/uploads\/2023\/01\/ModaXL-Certificate-of-Analysis-441x623.png 441w, https:\/\/buymodafinilonline.com\/wp-content\/uploads\/2023\/01\/ModaXL-Certificate-of-Analysis-300x424.png 300w, https:\/\/buymodafinilonline.com\/wp-content\/uploads\/2023\/01\/ModaXL-Certificate-of-Analysis-800x1131.png 800w, https:\/\/buymodafinilonline.com\/wp-content\/uploads\/2023\/01\/ModaXL-Certificate-of-Analysis-150x212.png 150w\" sizes=\"(max-width: 1600px) 100vw, 1600px\" \/><\/p>\n<p>Adem\u00e1s, muchos entusiastas de las &#8220;drogas inteligentes&#8221; que la han probado por sus beneficios de mejora cognitiva han declarado que es eficaz y bien tolerada. A juzgar por los comentarios recibidos hasta ahora, parece que ModaXL sustituir\u00e1 a muchas de las otras marcas de modafinilo gen\u00e9rico. Es seguro y es probable que proporcione los resultados previstos para la mayor\u00eda de las personas que lo utilizan. Sin embargo, cabe se\u00f1alar que los efectos de los medicamentos pueden variar de un individuo a otro. Por lo tanto, es aconsejable pedir consejo m\u00e9dico antes de iniciar el tratamiento con el f\u00e1rmaco.<\/p>\n<h2>Comprar Gen\u00e9rico ModaXL 200mg (Modafinilo) Online<\/h2>\n<p>ModaXL ya est\u00e1 a la venta en nuestra farmacia online, y puedes conseguirlo sin receta. Ofrecemos uno de los mejores precios que puede encontrar en l\u00ednea para p\u00edldoras de alta calidad. Y adivina qu\u00e9, puedes disfrutar de un mont\u00f3n de beneficios cuando compras con nosotros.<\/p>\n<p>Para empezar, ofrecemos <a href=\"https:\/\/buymodafinilonline.com\/es\/mejor-proveedor-espana\/\">env\u00edo gratuito<\/a> a la mayor parte del mundo para pedidos de m\u00e1s de 100 p\u00edldoras desde la India y Singapur (aproximadamente un suministro para 3 meses). Ofrecemos una garant\u00eda de devoluci\u00f3n del 100% del dinero. Esto implica que se le <a href=\"https:\/\/buymodafinilonline.com\/refund-reshipment\/\">devolver\u00e1 el importe \u00edntegro<\/a> (sin hacer preguntas) o se le enviar\u00e1 de nuevo el pedido si se pierde o se da\u00f1a durante la entrega.<\/p>\n<p>El env\u00edo es siempre suave y s\u00faper r\u00e1pido con nosotros. Nuestra entrega de EE.UU. a EE.UU. a trav\u00e9s de USPS tarda s\u00f3lo unos 3-4 d\u00edas y el Reino Unido a Reino Unido a trav\u00e9s de Royal Mail &#8211; 5 d\u00edas. Completar las transacciones en nuestra plataforma es siempre una brisa, ya que aceptamos m\u00faltiples <a href=\"https:\/\/buymodafinilonline.com\/billing-credit-card-faq\/\">m\u00e9todos de pago<\/a>: PayPal, criptograf\u00eda y las principales tarjetas de d\u00e9bito.<\/p>\n<p>N.B. En <a href=\"https:\/\/buymodafinilonline.com\/es\/\">BuyModafinilOnline<\/a> todos los pagos realizados a trav\u00e9s de <a href=\"https:\/\/buymodafinilonline.com\/bitcoin-payment\/\">Bitcoin<\/a> tienen un descuento especial del 23%.<\/p>\n[\/vc_column]\n","protected":false},"excerpt":{"rendered":"<p>Presentamos una nueva y mejorada versi\u00f3n gen\u00e9rica de <a href=\"https:\/\/buymodafinilonline.com\/smart-drugs\/generic-provigil\/\">Provigil<\/a> que contiene <strong><em>Modafinilo 100% puro<\/em><\/strong> como ingrediente activo. Es producido por HOF Pharmaceuticals, una reputada compa\u00f1\u00eda farmac\u00e9utica con sede en la India, y comercializado y promovido por BuyModafinilOnline, una de las principales farmacias online de modafinilo. El f\u00e1rmaco tiene una tasa de absorci\u00f3n <strong><em>5% m\u00e1s alto<\/em><\/strong> que la de la mayor\u00eda de los otros gen\u00e9ricos, y proporciona un <strong><em>Un 30% m\u00e1s de efecto m\u00e1ximo<\/em><\/strong>.<\/p>\n<p>Tambi\u00e9n ofrecemos otras alternativas de bajo coste con las mismas ventajas. Esto incluye <a href=\"https:\/\/buymodafinilonline.com\/smart-drugs\/modaheal-200-mg-tablets\/\">Modaheal<\/a>, <a href=\"https:\/\/buymodafinilonline.com\/smart-drugs\/modvigil-200mg-tablets\/\">Modvigil<\/a> y <a href=\"https:\/\/buymodafinilonline.com\/smart-drugs\/modawake-200-mg-tablets\/\">Modawake<\/a>, entre otros. Nuestros productos son aut\u00e9nticos; se puede saber por la <em><strong>Etiqueta U.S.P.<\/strong><\/em> que llevan.<\/p>\n<p>Los pedidos de m\u00e1s de 100 p\u00edldoras se benefician autom\u00e1ticamente de <a href=\"https:\/\/buymodafinilonline.com\/shipping\/\">una entrega ultrarr\u00e1pida gratuita<\/a> en la puerta de su casa. Teniendo en cuenta los interesantes beneficios, ModaXL est\u00e1 destinado a darle el mejor rendimiento por su dinero.<\/p>\n<p>Haga su pedido ahora y consiga nuestro bestseller a bajo precio. No se necesita receta m\u00e9dica.<\/p>\n","protected":false},"featured_media":444286,"comment_status":"open","ping_status":"closed","template":"","meta":{"_acf_changed":false},"product_brand":[],"product_cat":[4232,3788],"product_tag":[4001],"class_list":{"0":"post-447031","1":"product","2":"type-product","3":"status-publish","4":"has-post-thumbnail","6":"product_cat-smart-drugs-mas-vendidos","7":"product_cat-marcas-de-drogas-inteligentes","8":"product_tag-modafinilo","10":"first","11":"instock","12":"sale","13":"featured","14":"shipping-taxable","15":"purchasable","16":"product-type-variable","17":"has-default-attributes"},"acf":[],"yoast_head":"<!-- This site is optimized with the Yoast SEO Premium plugin v23.6 (Yoast SEO v27.3) - https:\/\/yoast.com\/product\/yoast-seo-premium-wordpress\/ -->\n<title>Comprar ModaXL 200 MG (Modafinilo) Comprimidos sin receta - BuyModafinilOnline<\/title>\n<meta name=\"description\" content=\"Comprar ModaXL 200mg pastillas en l\u00ednea por el fabricante HOF Pharmaceuticals Ltd. Comprar ModaXL 200mg (modafinil) OTC en la farmacia BuyModafinilOnline. Pague con tarjeta de cr\u00e9dito, PayPal o Bitcoin y obtenga grandes descuentos.\" \/>\n<meta name=\"robots\" content=\"index, follow, max-snippet:-1, max-image-preview:large, max-video-preview:-1\" \/>\n<link rel=\"canonical\" href=\"https:\/\/buymodafinilonline.com\/es\/farmacos-inteligentes\/modaxl-200-mg\/\" \/>\n<meta property=\"og:locale\" content=\"es_ES\" \/>\n<meta property=\"og:type\" content=\"article\" \/>\n<meta property=\"og:title\" content=\"ModaXL 200 MG\" \/>\n<meta property=\"og:description\" content=\"Comprar ModaXL 200mg pastillas en l\u00ednea por el fabricante HOF Pharmaceuticals Ltd. Comprar ModaXL 200mg (modafinil) OTC en la farmacia BuyModafinilOnline. Pague con tarjeta de cr\u00e9dito, PayPal o Bitcoin y obtenga grandes descuentos.\" \/>\n<meta property=\"og:url\" content=\"https:\/\/buymodafinilonline.com\/es\/farmacos-inteligentes\/modaxl-200-mg\/\" \/>\n<meta property=\"og:site_name\" content=\"BuyModafinilOnline.com\" \/>\n<meta property=\"article:modified_time\" content=\"2026-03-09T03:36:09+00:00\" \/>\n<meta property=\"og:image\" content=\"https:\/\/buymodafinilonline.com\/wp-content\/uploads\/2022\/08\/bmo-product-modaxl-pack.png\" \/>\n\t<meta property=\"og:image:width\" content=\"1280\" \/>\n\t<meta property=\"og:image:height\" content=\"1500\" \/>\n\t<meta property=\"og:image:type\" content=\"image\/png\" \/>\n<meta name=\"twitter:label1\" content=\"Tiempo de lectura\" \/>\n\t<meta name=\"twitter:data1\" content=\"7 minutos\" \/>\n<script type=\"application\/ld+json\" class=\"yoast-schema-graph\">{\"@context\":\"https:\\\/\\\/schema.org\",\"@graph\":[{\"@type\":\"WebPage\",\"@id\":\"https:\\\/\\\/buymodafinilonline.com\\\/es\\\/farmacos-inteligentes\\\/modaxl-200-mg\\\/\",\"url\":\"https:\\\/\\\/buymodafinilonline.com\\\/es\\\/farmacos-inteligentes\\\/modaxl-200-mg\\\/\",\"name\":\"Comprar ModaXL 200 MG (Modafinilo) Comprimidos sin receta - BuyModafinilOnline\",\"isPartOf\":{\"@id\":\"https:\\\/\\\/buymodafinilonline.com\\\/es\\\/#website\"},\"primaryImageOfPage\":{\"@id\":\"https:\\\/\\\/buymodafinilonline.com\\\/es\\\/farmacos-inteligentes\\\/modaxl-200-mg\\\/#primaryimage\"},\"image\":{\"@id\":\"https:\\\/\\\/buymodafinilonline.com\\\/es\\\/farmacos-inteligentes\\\/modaxl-200-mg\\\/#primaryimage\"},\"thumbnailUrl\":\"https:\\\/\\\/buymodafinilonline.com\\\/wp-content\\\/uploads\\\/2022\\\/08\\\/bmo-product-modaxl-pack.png\",\"datePublished\":\"2022-08-26T06:25:37+00:00\",\"dateModified\":\"2026-03-09T03:36:09+00:00\",\"description\":\"Comprar ModaXL 200mg pastillas en l\u00ednea por el fabricante HOF Pharmaceuticals Ltd. Comprar ModaXL 200mg (modafinil) OTC en la farmacia BuyModafinilOnline. Pague con tarjeta de cr\u00e9dito, PayPal o Bitcoin y obtenga grandes descuentos.\",\"breadcrumb\":{\"@id\":\"https:\\\/\\\/buymodafinilonline.com\\\/es\\\/farmacos-inteligentes\\\/modaxl-200-mg\\\/#breadcrumb\"},\"inLanguage\":\"es\",\"potentialAction\":[{\"@type\":\"ReadAction\",\"target\":[\"https:\\\/\\\/buymodafinilonline.com\\\/es\\\/farmacos-inteligentes\\\/modaxl-200-mg\\\/\"]}]},{\"@type\":\"ImageObject\",\"inLanguage\":\"es\",\"@id\":\"https:\\\/\\\/buymodafinilonline.com\\\/es\\\/farmacos-inteligentes\\\/modaxl-200-mg\\\/#primaryimage\",\"url\":\"https:\\\/\\\/buymodafinilonline.com\\\/wp-content\\\/uploads\\\/2022\\\/08\\\/bmo-product-modaxl-pack.png\",\"contentUrl\":\"https:\\\/\\\/buymodafinilonline.com\\\/wp-content\\\/uploads\\\/2022\\\/08\\\/bmo-product-modaxl-pack.png\",\"width\":1280,\"height\":1500,\"caption\":\"Highest Quality MoodaXL Modafinil Pills 200 mg\"},{\"@type\":\"BreadcrumbList\",\"@id\":\"https:\\\/\\\/buymodafinilonline.com\\\/es\\\/farmacos-inteligentes\\\/modaxl-200-mg\\\/#breadcrumb\",\"itemListElement\":[{\"@type\":\"ListItem\",\"position\":1,\"name\":\"Buy Modafinil Online\",\"item\":\"https:\\\/\\\/buymodafinilonline.com\\\/es\\\/\"},{\"@type\":\"ListItem\",\"position\":2,\"name\":\"Tienda\",\"item\":\"https:\\\/\\\/buymodafinilonline.com\\\/es\\\/tienda\\\/\"},{\"@type\":\"ListItem\",\"position\":3,\"name\":\"Los m\u00e1s vendidos\",\"item\":\"https:\\\/\\\/buymodafinilonline.com\\\/es\\\/categoria-de-productos\\\/smart-drugs-mas-vendidos\\\/\"},{\"@type\":\"ListItem\",\"position\":4,\"name\":\"ModaXL 200 MG\"}]},{\"@type\":\"WebSite\",\"@id\":\"https:\\\/\\\/buymodafinilonline.com\\\/es\\\/#website\",\"url\":\"https:\\\/\\\/buymodafinilonline.com\\\/es\\\/\",\"name\":\"BuyModafinilOnline.com\",\"description\":\"Modafinil Online Pharmacy\",\"publisher\":{\"@id\":\"https:\\\/\\\/buymodafinilonline.com\\\/es\\\/#organization\"},\"potentialAction\":[{\"@type\":\"SearchAction\",\"target\":{\"@type\":\"EntryPoint\",\"urlTemplate\":\"https:\\\/\\\/buymodafinilonline.com\\\/es\\\/?s={search_term_string}\"},\"query-input\":{\"@type\":\"PropertyValueSpecification\",\"valueRequired\":true,\"valueName\":\"search_term_string\"}}],\"inLanguage\":\"es\"},{\"@type\":\"Organization\",\"@id\":\"https:\\\/\\\/buymodafinilonline.com\\\/es\\\/#organization\",\"name\":\"BuyModafinilOnline\",\"url\":\"https:\\\/\\\/buymodafinilonline.com\\\/es\\\/\",\"logo\":{\"@type\":\"ImageObject\",\"inLanguage\":\"es\",\"@id\":\"https:\\\/\\\/buymodafinilonline.com\\\/es\\\/#\\\/schema\\\/logo\\\/image\\\/\",\"url\":\"https:\\\/\\\/buymodafinilonline.com\\\/wp-content\\\/uploads\\\/2020\\\/04\\\/logo-buy-modafinil-online-yellow.png\",\"contentUrl\":\"https:\\\/\\\/buymodafinilonline.com\\\/wp-content\\\/uploads\\\/2020\\\/04\\\/logo-buy-modafinil-online-yellow.png\",\"width\":200,\"height\":200,\"caption\":\"BuyModafinilOnline\"},\"image\":{\"@id\":\"https:\\\/\\\/buymodafinilonline.com\\\/es\\\/#\\\/schema\\\/logo\\\/image\\\/\"}}]}<\/script>\n<!-- \/ Yoast SEO Premium plugin. -->","yoast_head_json":{"title":"Comprar ModaXL 200 MG (Modafinilo) Comprimidos sin receta - BuyModafinilOnline","description":"Comprar ModaXL 200mg pastillas en l\u00ednea por el fabricante HOF Pharmaceuticals Ltd. Comprar ModaXL 200mg (modafinil) OTC en la farmacia BuyModafinilOnline. Pague con tarjeta de cr\u00e9dito, PayPal o Bitcoin y obtenga grandes descuentos.","robots":{"index":"index","follow":"follow","max-snippet":"max-snippet:-1","max-image-preview":"max-image-preview:large","max-video-preview":"max-video-preview:-1"},"canonical":"https:\/\/buymodafinilonline.com\/es\/farmacos-inteligentes\/modaxl-200-mg\/","og_locale":"es_ES","og_type":"article","og_title":"ModaXL 200 MG","og_description":"Comprar ModaXL 200mg pastillas en l\u00ednea por el fabricante HOF Pharmaceuticals Ltd. Comprar ModaXL 200mg (modafinil) OTC en la farmacia BuyModafinilOnline. Pague con tarjeta de cr\u00e9dito, PayPal o Bitcoin y obtenga grandes descuentos.","og_url":"https:\/\/buymodafinilonline.com\/es\/farmacos-inteligentes\/modaxl-200-mg\/","og_site_name":"BuyModafinilOnline.com","article_modified_time":"2026-03-09T03:36:09+00:00","og_image":[{"width":1280,"height":1500,"url":"https:\/\/buymodafinilonline.com\/wp-content\/uploads\/2022\/08\/bmo-product-modaxl-pack.png","type":"image\/png"}],"twitter_misc":{"Tiempo de lectura":"7 minutos"},"schema":{"@context":"https:\/\/schema.org","@graph":[{"@type":"WebPage","@id":"https:\/\/buymodafinilonline.com\/es\/farmacos-inteligentes\/modaxl-200-mg\/","url":"https:\/\/buymodafinilonline.com\/es\/farmacos-inteligentes\/modaxl-200-mg\/","name":"Comprar ModaXL 200 MG (Modafinilo) Comprimidos sin receta - BuyModafinilOnline","isPartOf":{"@id":"https:\/\/buymodafinilonline.com\/es\/#website"},"primaryImageOfPage":{"@id":"https:\/\/buymodafinilonline.com\/es\/farmacos-inteligentes\/modaxl-200-mg\/#primaryimage"},"image":{"@id":"https:\/\/buymodafinilonline.com\/es\/farmacos-inteligentes\/modaxl-200-mg\/#primaryimage"},"thumbnailUrl":"https:\/\/buymodafinilonline.com\/wp-content\/uploads\/2022\/08\/bmo-product-modaxl-pack.png","datePublished":"2022-08-26T06:25:37+00:00","dateModified":"2026-03-09T03:36:09+00:00","description":"Comprar ModaXL 200mg pastillas en l\u00ednea por el fabricante HOF Pharmaceuticals Ltd. Comprar ModaXL 200mg (modafinil) OTC en la farmacia BuyModafinilOnline. Pague con tarjeta de cr\u00e9dito, PayPal o Bitcoin y obtenga grandes descuentos.","breadcrumb":{"@id":"https:\/\/buymodafinilonline.com\/es\/farmacos-inteligentes\/modaxl-200-mg\/#breadcrumb"},"inLanguage":"es","potentialAction":[{"@type":"ReadAction","target":["https:\/\/buymodafinilonline.com\/es\/farmacos-inteligentes\/modaxl-200-mg\/"]}]},{"@type":"ImageObject","inLanguage":"es","@id":"https:\/\/buymodafinilonline.com\/es\/farmacos-inteligentes\/modaxl-200-mg\/#primaryimage","url":"https:\/\/buymodafinilonline.com\/wp-content\/uploads\/2022\/08\/bmo-product-modaxl-pack.png","contentUrl":"https:\/\/buymodafinilonline.com\/wp-content\/uploads\/2022\/08\/bmo-product-modaxl-pack.png","width":1280,"height":1500,"caption":"Highest Quality MoodaXL Modafinil Pills 200 mg"},{"@type":"BreadcrumbList","@id":"https:\/\/buymodafinilonline.com\/es\/farmacos-inteligentes\/modaxl-200-mg\/#breadcrumb","itemListElement":[{"@type":"ListItem","position":1,"name":"Buy Modafinil Online","item":"https:\/\/buymodafinilonline.com\/es\/"},{"@type":"ListItem","position":2,"name":"Tienda","item":"https:\/\/buymodafinilonline.com\/es\/tienda\/"},{"@type":"ListItem","position":3,"name":"Los m\u00e1s vendidos","item":"https:\/\/buymodafinilonline.com\/es\/categoria-de-productos\/smart-drugs-mas-vendidos\/"},{"@type":"ListItem","position":4,"name":"ModaXL 200 MG"}]},{"@type":"WebSite","@id":"https:\/\/buymodafinilonline.com\/es\/#website","url":"https:\/\/buymodafinilonline.com\/es\/","name":"BuyModafinilOnline.com","description":"Modafinil Online Pharmacy","publisher":{"@id":"https:\/\/buymodafinilonline.com\/es\/#organization"},"potentialAction":[{"@type":"SearchAction","target":{"@type":"EntryPoint","urlTemplate":"https:\/\/buymodafinilonline.com\/es\/?s={search_term_string}"},"query-input":{"@type":"PropertyValueSpecification","valueRequired":true,"valueName":"search_term_string"}}],"inLanguage":"es"},{"@type":"Organization","@id":"https:\/\/buymodafinilonline.com\/es\/#organization","name":"BuyModafinilOnline","url":"https:\/\/buymodafinilonline.com\/es\/","logo":{"@type":"ImageObject","inLanguage":"es","@id":"https:\/\/buymodafinilonline.com\/es\/#\/schema\/logo\/image\/","url":"https:\/\/buymodafinilonline.com\/wp-content\/uploads\/2020\/04\/logo-buy-modafinil-online-yellow.png","contentUrl":"https:\/\/buymodafinilonline.com\/wp-content\/uploads\/2020\/04\/logo-buy-modafinil-online-yellow.png","width":200,"height":200,"caption":"BuyModafinilOnline"},"image":{"@id":"https:\/\/buymodafinilonline.com\/es\/#\/schema\/logo\/image\/"}}]}},"_links":{"self":[{"href":"https:\/\/buymodafinilonline.com\/es\/wp-json\/wp\/v2\/product\/447031","targetHints":{"allow":["GET"]}}],"collection":[{"href":"https:\/\/buymodafinilonline.com\/es\/wp-json\/wp\/v2\/product"}],"about":[{"href":"https:\/\/buymodafinilonline.com\/es\/wp-json\/wp\/v2\/types\/product"}],"replies":[{"embeddable":true,"href":"https:\/\/buymodafinilonline.com\/es\/wp-json\/wp\/v2\/comments?post=447031"}],"wp:featuredmedia":[{"embeddable":true,"href":"https:\/\/buymodafinilonline.com\/es\/wp-json\/wp\/v2\/media\/444286"}],"wp:attachment":[{"href":"https:\/\/buymodafinilonline.com\/es\/wp-json\/wp\/v2\/media?parent=447031"}],"wp:term":[{"taxonomy":"product_brand","embeddable":true,"href":"https:\/\/buymodafinilonline.com\/es\/wp-json\/wp\/v2\/product_brand?post=447031"},{"taxonomy":"product_cat","embeddable":true,"href":"https:\/\/buymodafinilonline.com\/es\/wp-json\/wp\/v2\/product_cat?post=447031"},{"taxonomy":"product_tag","embeddable":true,"href":"https:\/\/buymodafinilonline.com\/es\/wp-json\/wp\/v2\/product_tag?post=447031"}],"curies":[{"name":"wp","href":"https:\/\/api.w.org\/{rel}","templated":true}]}}