{"id":454283,"date":"2020-03-23T13:58:02","date_gmt":"2020-03-23T12:58:02","guid":{"rendered":"https:\/\/buymodafinilonline.com\/smart-drugs\/waklert-150-mg\/"},"modified":"2026-01-20T02:58:26","modified_gmt":"2026-01-20T01:58:26","slug":"waklert-150-mg-tabletas","status":"publish","type":"product","link":"https:\/\/buymodafinilonline.com\/es\/farmacos-inteligentes\/waklert-150-mg-tabletas\/","title":{"rendered":"Waklert 150 mg"},"content":{"rendered":"[vc_column width=&#8221;1\/2&#8243;]\n<div class=\"su-divider su-divider-style-default\" style=\"margin:10px 0;border-width:3px;border-color:#ffffff00\"><a href=\"#\" style=\"color:#ffffff009\">.<\/a><\/div>\n<h2>\u00bfQu\u00e9 es Waklert 150 mg?<\/h2>\n<div class=\"su-divider su-divider-style-default\" style=\"margin:10px 0;border-width:3px;border-color:#ffffff00\"><a href=\"#\" style=\"color:#ffffff009\">.<\/a><\/div>\nCuando se trata de la comunidad de nootr\u00f3picos, los medicamentos que contienen modafinilo son bastante populares. Sin embargo, s\u00f3lo un peque\u00f1o porcentaje de consumidores de drogas inteligentes sabe lo potente que es el armodafinilo. Es una sustancia muy eficaz que ayuda a potenciar las funciones cognitivas cuando se ingiere. El armodafinilo es el componente activo de Waklert.<\/p>\n<p>Gracias a su ingrediente principal, Waklert ha demostrado ser muy potente a la hora de mejorar la vigilia y el estado de alerta de los usuarios. Este medicamento es m\u00e1s popular entre las personas cuyos trabajos u horarios diarios requieren un alto nivel de concentraci\u00f3n y atenci\u00f3n. Muchas personas que entran en esta categor\u00eda simplemente toman f\u00e1rmacos como Waklert para ayudarles a mantenerse concentrados u orientados en el trabajo.<\/p>\n<p>Aparte del hecho de que aumenta la vigilia, la productividad y la atenci\u00f3n, Waklert es popular por otras razones. Para empezar, tiene una reputaci\u00f3n impresionante entre los miembros de la comunidad nootr\u00f3pica. Tambi\u00e9n es m\u00e1s barato y accesible que otras alternativas.<\/p>\n<p>Waklert se compara a menudo con Nuvigil, pero estos medicamentos tienen sus diferencias.<\/p>\n<div class=\"su-divider su-divider-style-default\" style=\"margin:10px 0;border-width:3px;border-color:#ffffff00\"><a href=\"#\" style=\"color:#ffffff009\">.<\/a><\/div>\n<h2>C\u00f3mo funcionan los comprimidos<\/h2>\n<div class=\"su-divider su-divider-style-default\" style=\"margin:10px 0;border-width:3px;border-color:#ffffff00\"><a href=\"#\" style=\"color:#ffffff009\">.<\/a><\/div>\nEl funcionamiento de Waklert 150 mg comprimidos desde el punto de vista de la mejora cognitiva a\u00fan no se conoce completamente. Sin embargo, se cree que estimulan reacciones qu\u00edmicas en el cerebro, lo que provoca un aumento de los niveles de dopamina.<\/p>\n<p>Tambi\u00e9n parece afectar a otras zonas del cerebro, lo que en \u00faltima instancia se traduce en un aumento de la energ\u00eda, la resistencia mental y, por supuesto, un aura de &#8220;sentirse bien&#8221;. Su mecanismo de acci\u00f3n tambi\u00e9n ayuda a prevenir la somnolencia en el usuario.<\/p>\n<div class=\"su-divider su-divider-style-default\" style=\"margin:10px 0;border-width:3px;border-color:#ffffff00\"><a href=\"#\" style=\"color:#ffffff009\">.<\/a><\/div>\n<h2>Dosificaci\u00f3n segura y uso adecuado<\/h2>\n<div class=\"su-divider su-divider-style-default\" style=\"margin:10px 0;border-width:3px;border-color:#ffffff00\"><a href=\"#\" style=\"color:#ffffff009\">.<\/a><\/div>\nCuando se trata de la dosis, Waklert 150 mg puede ser un poco complicado. La dosis m\u00e1xima es de 150 mg. Sin embargo, esto no significa que todos los usuarios deban alcanzar el m\u00e1ximo. Al utilizar cualquier medicamento, es importante tener en cuenta las diferencias biol\u00f3gicas.<\/p>\n<p>Por ejemplo, mientras que algunos usuarios pueden encontrar los comprimidos diarios de 150 mg muy eficaces y bien tolerados, otros pueden experimentar ciertas molestias y reacciones adversas debido a sistemas corporales sensibles.<\/p>\n<p>Si usted pertenece a esta \u00faltima categor\u00eda, no tiene por qu\u00e9 asustarse. Los comprimidos de 150 mg de Waklert suelen venir con un pliegue en el centro, lo que facilita cortarlos por la mitad.<\/p>\n<p>Este medicamento debe tomarse una sola vez al d\u00eda con un vaso de agua.<\/p>\n<div class=\"su-divider su-divider-style-default\" style=\"margin:10px 0;border-width:3px;border-color:#ffffff00\"><a href=\"#\" style=\"color:#ffffff009\">.<\/a><\/div>\n<h2>Posibles efectos secundarios<\/h2>\n<div class=\"su-divider su-divider-style-default\" style=\"margin:10px 0;border-width:3px;border-color:#ffffff00\"><a href=\"#\" style=\"color:#ffffff009\">.<\/a><\/div>\nPara los usuarios de nootr\u00f3picos o de casi cualquier clase de f\u00e1rmacos, los efectos secundarios son un factor clave a tener en cuenta. \u00bfLas reacciones adversas superan a los beneficios? \u00bfSon manejables?<\/p>\n<p>Waklert conlleva una serie de efectos secundarios que pueden clasificarse en los siguientes grupos: comunes, raros, reacciones a la sobredosis o alergia.<\/p>\n[\/vc_column][vc_column width=&#8221;1\/2&#8243;]\n<div class=\"su-divider su-divider-style-default\" style=\"margin:10px 0;border-width:3px;border-color:#ffffff00\"><a href=\"#\" style=\"color:#ffffff009\">.<\/a><\/div>\nAlgunos de los efectos secundarios habituales de este medicamento son n\u00e1useas, mareos, dolores de cabeza e insomnio. En raras ocasiones, los consumidores pueden experimentar depresi\u00f3n, ansiedad o alucinaciones. Estos efectos secundarios s\u00f3lo aparecen en un peque\u00f1o porcentaje de usuarios de Waklert.<\/p>\n<p>Por \u00faltimo, se pueden experimentar reacciones al\u00e9rgicas como erupciones cut\u00e1neas graves al utilizar este f\u00e1rmaco inteligente. Por lo tanto, antes de tomar este medicamento, es aconsejable consultar a un m\u00e9dico para asegurarse de que es seguro para usted.<\/p>\n<div class=\"su-divider su-divider-style-default\" style=\"margin:10px 0;border-width:3px;border-color:#ffffff00\"><a href=\"#\" style=\"color:#ffffff009\">.<\/a><\/div>\n<h2>Contraindicaciones y precauciones<\/h2>\n<div class=\"su-divider su-divider-style-default\" style=\"margin:10px 0;border-width:3px;border-color:#ffffff00\"><a href=\"#\" style=\"color:#ffffff009\">.<\/a><\/div>\nLas interacciones entre medicamentos suelen tener dos implicaciones. La primera es que puede haber un aumento del riesgo de efectos secundarios. La segunda implicaci\u00f3n es que uno o m\u00e1s de los medicamentos pueden perder su eficacia.<\/p>\n<p>Antes de utilizar Waklert, es importante comprobar sus interacciones con otras pesta\u00f1as que pueda estar utilizando en ese momento. Esto le ayudar\u00e1 a evitar que se produzcan interferencias entre medicamentos o reacciones adversas graves. Waklert interact\u00faa negativamente con el alcohol, por lo que no debe utilizarse en combinaci\u00f3n con esta sustancia. Puede tomarse con o sin alimentos, seg\u00fan sus preferencias.<\/p>\n<p>Es importante evitar la sobredosis de esta droga inteligente para prevenir la aparici\u00f3n de s\u00edntomas de sobredosis como inquietud, confusi\u00f3n o elevaci\u00f3n de la tensi\u00f3n arterial.<\/p>\n<div class=\"su-divider su-divider-style-default\" style=\"margin:10px 0;border-width:3px;border-color:#ffffff00\"><a href=\"#\" style=\"color:#ffffff009\">.<\/a><\/div>\n<h2>Experiencia del consumidor<\/h2>\n<div class=\"su-divider su-divider-style-default\" style=\"margin:10px 0;border-width:3px;border-color:#ffffff00\"><a href=\"#\" style=\"color:#ffffff009\">.<\/a><\/div>\nHasta ahora, los comentarios de los usuarios de Waklert 150 mg han sido positivos, ya que la mayor\u00eda de ellos han dado fe de su eficacia para aumentar la productividad, especialmente en el trabajo. Este f\u00e1rmaco tambi\u00e9n ayuda a combatir la somnolencia diurna y potencia la funci\u00f3n cognitiva.<\/p>\n<p>No es de extra\u00f1ar que lo utilicen sobre todo estudiantes y personas con trabajos ajetreados que requieren una intensa concentraci\u00f3n.<\/p>\n<div class=\"su-divider su-divider-style-default\" style=\"margin:10px 0;border-width:3px;border-color:#ffffff00\"><a href=\"#\" style=\"color:#ffffff009\">.<\/a><\/div>\n<h2>Comprar Gen\u00e9rico Waklert 150mg (Armodafinil) Online<\/h2>\n<div class=\"su-divider su-divider-style-default\" style=\"margin:10px 0;border-width:3px;border-color:#ffffff00\"><a href=\"#\" style=\"color:#ffffff009\">.<\/a><\/div>\nSi usted est\u00e1 buscando el mejor lugar para comprar este medicamento, BuyModafinilOnline es la farmacia para usted. Ahora bien, sabemos que nuestra opini\u00f3n puede parecer sesgada, pero en el mundo actual, las farmacias en l\u00ednea son su mejor opci\u00f3n si est\u00e1 tratando de comprar medicamentos inteligentes sin receta.<\/p>\n<p>Entendemos que encontrar el adecuado puede ser complicado, pero estamos aqu\u00ed para ayudarte. En BuyModafinilOnline, le facilitamos la compra de estas pastillas a precios asequibles y sin complicaciones. Nuestros servicios son baratos, c\u00f3modos y, por supuesto, fiables. Esto es lo que podemos ofrecerle:<\/p>\n<div class=\"su-divider su-divider-style-default\" style=\"margin:10px 0;border-width:3px;border-color:#ffffff00\"><a href=\"#\" style=\"color:#ffffff009\">.<\/a><\/div>\n<ul>\n<li>medicamentos inteligentes seguros como <a href=\"https:\/\/buymodafinilonline.com\/es\/farmacos-inteligentes\/modvigil-200-mg\/\">Modvigil 200 mg<\/a>, <a href=\"https:\/\/buymodafinilonline.com\/es\/farmacos-inteligentes\/artvigil-150-mg-compromidos\/\">Artvigil 150 mg<\/a>, <a href=\"https:\/\/buymodafinilonline.com\/es\/farmacos-inteligentes\/modafresh-200-mg\/\">Modafresh 200 mg<\/a>, <a href=\"https:\/\/buymodafinilonline.com\/es\/farmacos-inteligentes\/modaheal-200-mg\/\">Modaheal 200 mg<\/a>, etc;<\/li>\n<li><a href=\"https:\/\/buymodafinilonline.com\/order-tracking\/\">herramienta de seguimiento de<\/a> paquetes f\u00e1cil;<\/li>\n<li><a href=\"https:\/\/buymodafinilonline.com\/es\/paga-con-bitcoin\/\">23% de descuento<\/a> con pago en Bitcoin;<\/li>\n<li>20 muestras gratuitas de pastillas de modafinilo y armodafinilo;<\/li>\n<li>y mucho m\u00e1s.<\/li>\n<\/ul>\n<div class=\"su-divider su-divider-style-default\" style=\"margin:10px 0;border-width:3px;border-color:#ffffff00\"><a href=\"#\" style=\"color:#ffffff009\">.<\/a><\/div>\nHaga un recorrido por nuestra amplia gama de nootr\u00f3picos y consiga productos gen\u00e9ricos a un precio simb\u00f3lico.<\/p>\n[\/vc_column]\n<div class=\"su-divider su-divider-style-default\" style=\"margin:10px 0;border-width:3px;border-color:#ffffff00\"><a href=\"#\" style=\"color:#ffffff009\">.<\/a><\/div>\n","protected":false},"excerpt":{"rendered":"[sc name=\"sun-suspended-es\"]\n<p>Waklert es un f\u00e1rmaco inteligente utilizado para promover la vigilia en personas que padecen narcolepsia o trastorno del sue\u00f1o por turnos de trabajo. Fabricada por Sun Pharma, esta p\u00edldora contiene armodafinilo y es una de las favoritas entre varios miembros de la comunidad de nootr\u00f3picos. Consiga hoy mismo este medicamento altamente eficaz en nuestra farmacia en l\u00ednea y disfrute de una combinaci\u00f3n de precios bajos y entrega r\u00e1pida.<\/p>\n[sc name=\"s1\"]\n","protected":false},"featured_media":397996,"comment_status":"closed","ping_status":"closed","template":"","meta":{"_acf_changed":false},"product_brand":[],"product_cat":[4232,3788],"product_tag":[4023],"class_list":{"0":"post-454283","1":"product","2":"type-product","3":"status-publish","4":"has-post-thumbnail","6":"product_cat-smart-drugs-mas-vendidos","7":"product_cat-marcas-de-drogas-inteligentes","8":"product_tag-armodafinil-es","10":"first","11":"instock","12":"sale","13":"shipping-taxable","14":"purchasable","15":"product-type-variable","16":"has-default-attributes"},"acf":[],"yoast_head":"<!-- This site is optimized with the Yoast SEO Premium plugin v23.6 (Yoast SEO v27.3) - https:\/\/yoast.com\/product\/yoast-seo-premium-wordpress\/ -->\n<title>Comprar Waklert 150 mg (Armodafinilo) Comprimidos OTC - BuyModafinilOnline<\/title>\n<meta name=\"description\" content=\"Orden barato Waklert 150 mg comprimidos en l\u00ednea del fabricante Sun Pharma. \u00a1Comprar gen\u00e9rico Waklert (armodafinil) con 23% de descuento por pago con Bitcoin en la farmacia BuyModafinilOnline!\" \/>\n<meta name=\"robots\" content=\"index, follow, max-snippet:-1, max-image-preview:large, max-video-preview:-1\" \/>\n<link rel=\"canonical\" href=\"https:\/\/buymodafinilonline.com\/es\/farmacos-inteligentes\/waklert-150-mg-tabletas\/\" \/>\n<meta property=\"og:locale\" content=\"es_ES\" \/>\n<meta property=\"og:type\" content=\"article\" \/>\n<meta property=\"og:title\" content=\"Waklert 150 mg\" \/>\n<meta property=\"og:description\" content=\"Orden barato Waklert 150 mg comprimidos en l\u00ednea del fabricante Sun Pharma. \u00a1Comprar gen\u00e9rico Waklert (armodafinil) con 23% de descuento por pago con Bitcoin en la farmacia BuyModafinilOnline!\" \/>\n<meta property=\"og:url\" content=\"https:\/\/buymodafinilonline.com\/es\/farmacos-inteligentes\/waklert-150-mg-tabletas\/\" \/>\n<meta property=\"og:site_name\" content=\"BuyModafinilOnline.com\" \/>\n<meta property=\"article:modified_time\" content=\"2026-01-20T01:58:26+00:00\" \/>\n<meta property=\"og:image\" content=\"https:\/\/buymodafinilonline.com\/wp-content\/uploads\/2020\/04\/product-bmo-waklert-2.png\" \/>\n\t<meta property=\"og:image:width\" content=\"1280\" \/>\n\t<meta property=\"og:image:height\" content=\"1500\" \/>\n\t<meta property=\"og:image:type\" content=\"image\/png\" \/>\n<meta name=\"twitter:label1\" content=\"Tiempo de lectura\" \/>\n\t<meta name=\"twitter:data1\" content=\"5 minutos\" \/>\n<script type=\"application\/ld+json\" class=\"yoast-schema-graph\">{\"@context\":\"https:\\\/\\\/schema.org\",\"@graph\":[{\"@type\":\"WebPage\",\"@id\":\"https:\\\/\\\/buymodafinilonline.com\\\/es\\\/farmacos-inteligentes\\\/waklert-150-mg-tabletas\\\/\",\"url\":\"https:\\\/\\\/buymodafinilonline.com\\\/es\\\/farmacos-inteligentes\\\/waklert-150-mg-tabletas\\\/\",\"name\":\"Comprar Waklert 150 mg (Armodafinilo) Comprimidos OTC - BuyModafinilOnline\",\"isPartOf\":{\"@id\":\"https:\\\/\\\/buymodafinilonline.com\\\/es\\\/#website\"},\"primaryImageOfPage\":{\"@id\":\"https:\\\/\\\/buymodafinilonline.com\\\/es\\\/farmacos-inteligentes\\\/waklert-150-mg-tabletas\\\/#primaryimage\"},\"image\":{\"@id\":\"https:\\\/\\\/buymodafinilonline.com\\\/es\\\/farmacos-inteligentes\\\/waklert-150-mg-tabletas\\\/#primaryimage\"},\"thumbnailUrl\":\"https:\\\/\\\/buymodafinilonline.com\\\/wp-content\\\/uploads\\\/2020\\\/04\\\/product-bmo-waklert-2.png\",\"datePublished\":\"2020-03-23T12:58:02+00:00\",\"dateModified\":\"2026-01-20T01:58:26+00:00\",\"description\":\"Orden barato Waklert 150 mg comprimidos en l\u00ednea del fabricante Sun Pharma. \u00a1Comprar gen\u00e9rico Waklert (armodafinil) con 23% de descuento por pago con Bitcoin en la farmacia BuyModafinilOnline!\",\"breadcrumb\":{\"@id\":\"https:\\\/\\\/buymodafinilonline.com\\\/es\\\/farmacos-inteligentes\\\/waklert-150-mg-tabletas\\\/#breadcrumb\"},\"inLanguage\":\"es\",\"potentialAction\":[{\"@type\":\"ReadAction\",\"target\":[\"https:\\\/\\\/buymodafinilonline.com\\\/es\\\/farmacos-inteligentes\\\/waklert-150-mg-tabletas\\\/\"]}]},{\"@type\":\"ImageObject\",\"inLanguage\":\"es\",\"@id\":\"https:\\\/\\\/buymodafinilonline.com\\\/es\\\/farmacos-inteligentes\\\/waklert-150-mg-tabletas\\\/#primaryimage\",\"url\":\"https:\\\/\\\/buymodafinilonline.com\\\/wp-content\\\/uploads\\\/2020\\\/04\\\/product-bmo-waklert-2.png\",\"contentUrl\":\"https:\\\/\\\/buymodafinilonline.com\\\/wp-content\\\/uploads\\\/2020\\\/04\\\/product-bmo-waklert-2.png\",\"width\":1280,\"height\":1500,\"caption\":\"Waklert 150 mg\"},{\"@type\":\"BreadcrumbList\",\"@id\":\"https:\\\/\\\/buymodafinilonline.com\\\/es\\\/farmacos-inteligentes\\\/waklert-150-mg-tabletas\\\/#breadcrumb\",\"itemListElement\":[{\"@type\":\"ListItem\",\"position\":1,\"name\":\"Buy Modafinil Online\",\"item\":\"https:\\\/\\\/buymodafinilonline.com\\\/es\\\/\"},{\"@type\":\"ListItem\",\"position\":2,\"name\":\"Tienda\",\"item\":\"https:\\\/\\\/buymodafinilonline.com\\\/es\\\/tienda\\\/\"},{\"@type\":\"ListItem\",\"position\":3,\"name\":\"Los m\u00e1s vendidos\",\"item\":\"https:\\\/\\\/buymodafinilonline.com\\\/es\\\/categoria-de-productos\\\/smart-drugs-mas-vendidos\\\/\"},{\"@type\":\"ListItem\",\"position\":4,\"name\":\"Waklert 150 mg\"}]},{\"@type\":\"WebSite\",\"@id\":\"https:\\\/\\\/buymodafinilonline.com\\\/es\\\/#website\",\"url\":\"https:\\\/\\\/buymodafinilonline.com\\\/es\\\/\",\"name\":\"BuyModafinilOnline.com\",\"description\":\"Modafinil Online Pharmacy\",\"publisher\":{\"@id\":\"https:\\\/\\\/buymodafinilonline.com\\\/es\\\/#organization\"},\"potentialAction\":[{\"@type\":\"SearchAction\",\"target\":{\"@type\":\"EntryPoint\",\"urlTemplate\":\"https:\\\/\\\/buymodafinilonline.com\\\/es\\\/?s={search_term_string}\"},\"query-input\":{\"@type\":\"PropertyValueSpecification\",\"valueRequired\":true,\"valueName\":\"search_term_string\"}}],\"inLanguage\":\"es\"},{\"@type\":\"Organization\",\"@id\":\"https:\\\/\\\/buymodafinilonline.com\\\/es\\\/#organization\",\"name\":\"BuyModafinilOnline\",\"url\":\"https:\\\/\\\/buymodafinilonline.com\\\/es\\\/\",\"logo\":{\"@type\":\"ImageObject\",\"inLanguage\":\"es\",\"@id\":\"https:\\\/\\\/buymodafinilonline.com\\\/es\\\/#\\\/schema\\\/logo\\\/image\\\/\",\"url\":\"https:\\\/\\\/buymodafinilonline.com\\\/wp-content\\\/uploads\\\/2020\\\/04\\\/logo-buy-modafinil-online-yellow.png\",\"contentUrl\":\"https:\\\/\\\/buymodafinilonline.com\\\/wp-content\\\/uploads\\\/2020\\\/04\\\/logo-buy-modafinil-online-yellow.png\",\"width\":200,\"height\":200,\"caption\":\"BuyModafinilOnline\"},\"image\":{\"@id\":\"https:\\\/\\\/buymodafinilonline.com\\\/es\\\/#\\\/schema\\\/logo\\\/image\\\/\"}}]}<\/script>\n<!-- \/ Yoast SEO Premium plugin. -->","yoast_head_json":{"title":"Comprar Waklert 150 mg (Armodafinilo) Comprimidos OTC - BuyModafinilOnline","description":"Orden barato Waklert 150 mg comprimidos en l\u00ednea del fabricante Sun Pharma. \u00a1Comprar gen\u00e9rico Waklert (armodafinil) con 23% de descuento por pago con Bitcoin en la farmacia BuyModafinilOnline!","robots":{"index":"index","follow":"follow","max-snippet":"max-snippet:-1","max-image-preview":"max-image-preview:large","max-video-preview":"max-video-preview:-1"},"canonical":"https:\/\/buymodafinilonline.com\/es\/farmacos-inteligentes\/waklert-150-mg-tabletas\/","og_locale":"es_ES","og_type":"article","og_title":"Waklert 150 mg","og_description":"Orden barato Waklert 150 mg comprimidos en l\u00ednea del fabricante Sun Pharma. \u00a1Comprar gen\u00e9rico Waklert (armodafinil) con 23% de descuento por pago con Bitcoin en la farmacia BuyModafinilOnline!","og_url":"https:\/\/buymodafinilonline.com\/es\/farmacos-inteligentes\/waklert-150-mg-tabletas\/","og_site_name":"BuyModafinilOnline.com","article_modified_time":"2026-01-20T01:58:26+00:00","og_image":[{"width":1280,"height":1500,"url":"https:\/\/buymodafinilonline.com\/wp-content\/uploads\/2020\/04\/product-bmo-waklert-2.png","type":"image\/png"}],"twitter_misc":{"Tiempo de lectura":"5 minutos"},"schema":{"@context":"https:\/\/schema.org","@graph":[{"@type":"WebPage","@id":"https:\/\/buymodafinilonline.com\/es\/farmacos-inteligentes\/waklert-150-mg-tabletas\/","url":"https:\/\/buymodafinilonline.com\/es\/farmacos-inteligentes\/waklert-150-mg-tabletas\/","name":"Comprar Waklert 150 mg (Armodafinilo) Comprimidos OTC - BuyModafinilOnline","isPartOf":{"@id":"https:\/\/buymodafinilonline.com\/es\/#website"},"primaryImageOfPage":{"@id":"https:\/\/buymodafinilonline.com\/es\/farmacos-inteligentes\/waklert-150-mg-tabletas\/#primaryimage"},"image":{"@id":"https:\/\/buymodafinilonline.com\/es\/farmacos-inteligentes\/waklert-150-mg-tabletas\/#primaryimage"},"thumbnailUrl":"https:\/\/buymodafinilonline.com\/wp-content\/uploads\/2020\/04\/product-bmo-waklert-2.png","datePublished":"2020-03-23T12:58:02+00:00","dateModified":"2026-01-20T01:58:26+00:00","description":"Orden barato Waklert 150 mg comprimidos en l\u00ednea del fabricante Sun Pharma. \u00a1Comprar gen\u00e9rico Waklert (armodafinil) con 23% de descuento por pago con Bitcoin en la farmacia BuyModafinilOnline!","breadcrumb":{"@id":"https:\/\/buymodafinilonline.com\/es\/farmacos-inteligentes\/waklert-150-mg-tabletas\/#breadcrumb"},"inLanguage":"es","potentialAction":[{"@type":"ReadAction","target":["https:\/\/buymodafinilonline.com\/es\/farmacos-inteligentes\/waklert-150-mg-tabletas\/"]}]},{"@type":"ImageObject","inLanguage":"es","@id":"https:\/\/buymodafinilonline.com\/es\/farmacos-inteligentes\/waklert-150-mg-tabletas\/#primaryimage","url":"https:\/\/buymodafinilonline.com\/wp-content\/uploads\/2020\/04\/product-bmo-waklert-2.png","contentUrl":"https:\/\/buymodafinilonline.com\/wp-content\/uploads\/2020\/04\/product-bmo-waklert-2.png","width":1280,"height":1500,"caption":"Waklert 150 mg"},{"@type":"BreadcrumbList","@id":"https:\/\/buymodafinilonline.com\/es\/farmacos-inteligentes\/waklert-150-mg-tabletas\/#breadcrumb","itemListElement":[{"@type":"ListItem","position":1,"name":"Buy Modafinil Online","item":"https:\/\/buymodafinilonline.com\/es\/"},{"@type":"ListItem","position":2,"name":"Tienda","item":"https:\/\/buymodafinilonline.com\/es\/tienda\/"},{"@type":"ListItem","position":3,"name":"Los m\u00e1s vendidos","item":"https:\/\/buymodafinilonline.com\/es\/categoria-de-productos\/smart-drugs-mas-vendidos\/"},{"@type":"ListItem","position":4,"name":"Waklert 150 mg"}]},{"@type":"WebSite","@id":"https:\/\/buymodafinilonline.com\/es\/#website","url":"https:\/\/buymodafinilonline.com\/es\/","name":"BuyModafinilOnline.com","description":"Modafinil Online Pharmacy","publisher":{"@id":"https:\/\/buymodafinilonline.com\/es\/#organization"},"potentialAction":[{"@type":"SearchAction","target":{"@type":"EntryPoint","urlTemplate":"https:\/\/buymodafinilonline.com\/es\/?s={search_term_string}"},"query-input":{"@type":"PropertyValueSpecification","valueRequired":true,"valueName":"search_term_string"}}],"inLanguage":"es"},{"@type":"Organization","@id":"https:\/\/buymodafinilonline.com\/es\/#organization","name":"BuyModafinilOnline","url":"https:\/\/buymodafinilonline.com\/es\/","logo":{"@type":"ImageObject","inLanguage":"es","@id":"https:\/\/buymodafinilonline.com\/es\/#\/schema\/logo\/image\/","url":"https:\/\/buymodafinilonline.com\/wp-content\/uploads\/2020\/04\/logo-buy-modafinil-online-yellow.png","contentUrl":"https:\/\/buymodafinilonline.com\/wp-content\/uploads\/2020\/04\/logo-buy-modafinil-online-yellow.png","width":200,"height":200,"caption":"BuyModafinilOnline"},"image":{"@id":"https:\/\/buymodafinilonline.com\/es\/#\/schema\/logo\/image\/"}}]}},"_links":{"self":[{"href":"https:\/\/buymodafinilonline.com\/es\/wp-json\/wp\/v2\/product\/454283","targetHints":{"allow":["GET"]}}],"collection":[{"href":"https:\/\/buymodafinilonline.com\/es\/wp-json\/wp\/v2\/product"}],"about":[{"href":"https:\/\/buymodafinilonline.com\/es\/wp-json\/wp\/v2\/types\/product"}],"replies":[{"embeddable":true,"href":"https:\/\/buymodafinilonline.com\/es\/wp-json\/wp\/v2\/comments?post=454283"}],"wp:featuredmedia":[{"embeddable":true,"href":"https:\/\/buymodafinilonline.com\/es\/wp-json\/wp\/v2\/media\/397996"}],"wp:attachment":[{"href":"https:\/\/buymodafinilonline.com\/es\/wp-json\/wp\/v2\/media?parent=454283"}],"wp:term":[{"taxonomy":"product_brand","embeddable":true,"href":"https:\/\/buymodafinilonline.com\/es\/wp-json\/wp\/v2\/product_brand?post=454283"},{"taxonomy":"product_cat","embeddable":true,"href":"https:\/\/buymodafinilonline.com\/es\/wp-json\/wp\/v2\/product_cat?post=454283"},{"taxonomy":"product_tag","embeddable":true,"href":"https:\/\/buymodafinilonline.com\/es\/wp-json\/wp\/v2\/product_tag?post=454283"}],"curies":[{"name":"wp","href":"https:\/\/api.w.org\/{rel}","templated":true}]}}