{"id":399550,"date":"2020-04-24T15:46:13","date_gmt":"2020-04-24T14:46:13","guid":{"rendered":"https:\/\/buymodafinilonline.com\/nzt-48-modafinil-pilule-sans-limite-dans-la-vie-reelle\/"},"modified":"2020-04-24T15:46:13","modified_gmt":"2020-04-24T14:46:13","slug":"nzt-48-modafinil-pilule-sans-limite-dans-la-vie-reelle","status":"publish","type":"page","link":"https:\/\/buymodafinilonline.com\/fr\/nzt-48-modafinil-pilule-sans-limite-dans-la-vie-reelle\/","title":{"rendered":"NZT-48 (Modafinil) Pilule sans limite dans la vie r\u00e9elle"},"content":{"rendered":"<p><img fetchpriority=\"high\" decoding=\"async\" class=\"aligncenter size-full wp-image-399053\" src=\"https:\/\/buymodafinilonline.com\/wp-content\/uploads\/2020\/04\/bmo-featured-limitless.png\" alt=\"Limitless NZT-48 et son m\u00e9dicament certifi\u00e9 pour la vie r\u00e9elle\" width=\"2048\" height=\"1152\" srcset=\"https:\/\/buymodafinilonline.com\/wp-content\/uploads\/2020\/04\/bmo-featured-limitless.png 2048w, https:\/\/buymodafinilonline.com\/wp-content\/uploads\/2020\/04\/bmo-featured-limitless-300x169.png 300w, https:\/\/buymodafinilonline.com\/wp-content\/uploads\/2020\/04\/bmo-featured-limitless-150x84.png 150w, https:\/\/buymodafinilonline.com\/wp-content\/uploads\/2020\/04\/bmo-featured-limitless-800x450.png 800w, https:\/\/buymodafinilonline.com\/wp-content\/uploads\/2020\/04\/bmo-featured-limitless-1024x576.png 1024w, https:\/\/buymodafinilonline.com\/wp-content\/uploads\/2020\/04\/bmo-featured-limitless-768x432.png 768w, https:\/\/buymodafinilonline.com\/wp-content\/uploads\/2020\/04\/bmo-featured-limitless-1536x864.png 1536w\" sizes=\"(max-width: 2048px) 100vw, 2048px\" \/><\/p>\n<p>Quel pourcentage de notre cerveau utilisons-nous r\u00e9ellement ? Beaucoup d\u2019entre nous pensent que les humains n\u2019utilisent g\u00e9n\u00e9ralement que 10 % de leur cerveau. Mais dans quelle mesure ce fait est-il vrai ? Les experts ont d\u00e9menti ce mythe, en affirmant que le pourcentage de cerveau utilis\u00e9 \u00e0 un moment donn\u00e9 varie d\u2019une personne \u00e0 l\u2019autre <a href=\"https:\/\/www.medicalnewstoday.com\/articles\/321060#improving-brain-function\">[1]<\/a>.<\/p>\n<p>Ind\u00e9pendamment des diff\u00e9rentes th\u00e9ories et mythes concernant l\u2019utilisation du cerveau, un fait demeure certain. Un grand nombre de personnes seront intrigu\u00e9es si une super pilule leur permettant d\u2019utiliser 100% de leur cerveau existe.<\/p>\n<p>Cela nous am\u00e8ne \u00e0 la grande question : Le NZT-48 existe-t-il r\u00e9ellement ? Existe-t-il vraiment une pilule magique qui donne aux utilisateurs des capacit\u00e9s surhumaines ? C\u2019est ce que nous allons d\u00e9couvrir.<\/p>\n<h2>Qu\u2019est-ce que la pilule sans limite NZT-48 ?<\/h2>\n<p>Si vous avez vu le film \u201cLimitless\u201d, vous connaissez certainement l\u2019histoire et l\u2019origine de NZT-48. Le film tourne autour de la vie d\u2019Eddie Morra (Bradley Cooper), un \u00e9crivain en difficult\u00e9, flemmard et sous-performant. Il tombe sur une myst\u00e9rieuse pilule qui a r\u00e9veill\u00e9 son cerveau et a compl\u00e8tement transform\u00e9 sa vie.<\/p>\n<p>Avec une seule dose par jour, il surmonte rapidement le blocage de l\u2019\u00e9crivain qui l\u2019accablait auparavant, et termine son roman du jour au lendemain. Il apprend de nouvelles langues plus vite que n\u2019importe quel \u00eatre humain ne pourrait le faire. La pilule l\u2019aide \u00e9galement \u00e0 analyser des donn\u00e9es plus rapidement que n\u2019importe quel ordinateur, ce qui lui permet de d\u00e9jouer et de battre le march\u00e9 boursier.<\/p>\n<p>En gros, cette pilule ph\u00e9nom\u00e9nale a transform\u00e9 Eddie Morra d\u2019un \u00e9l\u00e8ve en difficult\u00e9 \u00e0 un riche ordinateur humain.<\/p>\n<p>\u00c0 ce stade, vous vous demandez probablement : qu\u2019est-ce que cette myst\u00e9rieuse pilule ? Eh bien, il n\u2019y a pas vraiment de manuel \u00e9crit sur ce m\u00e9dicament. Il s\u2019agit simplement d\u2019une drogue qui donne aux utilisateurs des capacit\u00e9s surhumaines et augmente leur puissance c\u00e9r\u00e9brale d\u2019un pourcentage significatif, comme on peut le voir dans le film \u201cLimitless\u201d.<\/p>\n<p>Avec le NZT-48, vous pouvez acc\u00e9der \u00e0 des souvenirs m\u00eame oubli\u00e9s depuis longtemps et les mettre en corr\u00e9lation avec toute information disponible pour r\u00e9soudre des probl\u00e8mes existants. Avec cette pilule, vous seriez capable d\u2019absorber des informations et des donn\u00e9es ainsi que d\u2019apprendre de nouvelles langues \u00e0 la vitesse de la lumi\u00e8re.<\/p>\n<p>Cependant, cette pilule apparemment \u201csuper\u201d peut avoir de graves effets secondaires, comme des trous de m\u00e9moire de longue dur\u00e9e, etc.<\/p>\n<h2>Ce nootrope existe-t-il vraiment ?<\/h2>\n<p>Apr\u00e8s avoir regard\u00e9 ce film, vous vous \u00eates probablement pr\u00e9cipit\u00e9 sur Internet ou dans les pharmacies locales pour savoir si ce m\u00e9dicament existe vraiment. Malheureusement, le NZT-48 certifi\u00e9 n\u2019existe pas, malgr\u00e9 le fait qu\u2019il existe plusieurs produits d\u2019escroquerie portant ce nom en ligne. Il s\u2019agit simplement d\u2019un m\u00e9dicament fictif qui n\u2019existe que dans le film \u201cLimitless\u201d.<\/p>\n<p><img decoding=\"async\" class=\"aligncenter wp-image-399555 size-full\" title=\"Bradley Cooper dans Limitless Movie - BuyModafinilOnline\" src=\"https:\/\/buymodafinilonline.com\/wp-content\/uploads\/2020\/04\/bradley-cooper-in-limitless-movie.png\" alt=\"Bradley Cooper dans le film Limitless\" width=\"848\" height=\"477\" srcset=\"https:\/\/buymodafinilonline.com\/wp-content\/uploads\/2020\/04\/bradley-cooper-in-limitless-movie.png 848w, https:\/\/buymodafinilonline.com\/wp-content\/uploads\/2020\/04\/bradley-cooper-in-limitless-movie-300x169.png 300w, https:\/\/buymodafinilonline.com\/wp-content\/uploads\/2020\/04\/bradley-cooper-in-limitless-movie-150x84.png 150w, https:\/\/buymodafinilonline.com\/wp-content\/uploads\/2020\/04\/bradley-cooper-in-limitless-movie-800x450.png 800w, https:\/\/buymodafinilonline.com\/wp-content\/uploads\/2020\/04\/bradley-cooper-in-limitless-movie-768x432.png 768w\" sizes=\"(max-width: 848px) 100vw, 848px\" \/><\/p>\n<p>Cela ne signifie pas pour autant que vous ne pouvez pas laisser libre cours \u00e0 votre imagination. Est-il possible que cette pilule existe un jour dans le futur ? Existe-t-il d\u2019autres alternatives \u00e0 cette super pilule ? Dans le monde d\u2019aujourd\u2019hui, plusieurs nootropiques et m\u00e9dicaments intelligents ont fait leur apparition. Ces m\u00e9dicaments am\u00e9liorent les fonctions cognitives des usagers, les rendant plus alertes et plus conscients.<\/p>\n<p>Cependant, aucune n\u2019atteint l\u2019ampleur des effets de la pilule sans limite NZT-48. En fait, il semble que rien de moins qu\u2019un miracle ou un bond en avant dans la biotechnologie ne permettra d\u2019obtenir tous les effets de cette super pilule.<\/p>\n<h2>Le NZT-48 peut-il exister \u00e0 l\u2019avenir ?<\/h2>\n<p>Bien que le NZT-48 n\u2019existe pas encore, beaucoup de gens le r\u00e9clament. Beaucoup de gens se demandent s\u2019il y aura un jour une pilule sans limite dans l\u2019avenir. Dans le monde d\u2019aujourd\u2019hui, nous pouvons facilement constater plusieurs avanc\u00e9es en mati\u00e8re de biologie, de technologie et, bien s\u00fbr, de synergie \u2013 la biotechnologie.<\/p>\n<p>Ainsi, dans les prochaines ann\u00e9es, nous verrons encore plus de progr\u00e8s et d\u2019innovations. En fait, l\u2019initiative Neuralink d\u2019Elon Musk est d\u00e9j\u00e0 tr\u00e8s prometteuse. Ainsi, m\u00eame si la possibilit\u00e9 d\u2019une pilule sans limite est incertaine, elle ne doit pas \u00eatre compl\u00e8tement annul\u00e9e.<\/p>\n<h2>Modafinil : le m\u00e9dicament le plus proche du NZT dans la vie r\u00e9elle<\/h2>\n<p>Maintenant, vous savez d\u00e9j\u00e0 que le NZT-48 n\u2019a pas d\u2019\u00e9quivalent qui corresponde \u00e0 ses pleines capacit\u00e9s, cependant, il existe quelques drogues intelligentes qui lui ressemblent. Parmi les nombreux nootropiques pr\u00e9sents sur le march\u00e9 pharmaceutique actuel, le modafinil est le m\u00e9dicament le plus proche du NZT-48. En fait, la rumeur veut que le NZT-48 soit bas\u00e9 sur le Modafinil.<\/p>\n<p>Plusieurs m\u00e9dicaments intelligents ont des effets cognitifs vraiment subtils, mais pas le modafinil. Cette drogue intelligente apporte une immense am\u00e9lioration cognitive avec une seule dose. Si vous cherchez \u00e0 obtenir une meilleure action intellectuelle, c\u2019est votre meilleure chance.<\/p>\n<p>Le <a href=\"https:\/\/buymodafinilonline.com\/fr\/la-verite-sur-le-modafinil\/\">Modafinil<\/a> aide \u00e0 promouvoir la vigilance, la concentration et l\u2019\u00e9veil chez les utilisateurs. Il augmente \u00e9galement les niveaux de dopamine dans le cerveau en bloquant les transporteurs de dopamine <a href=\"https:\/\/www.ncbi.nlm.nih.gov\/pmc\/articles\/PMC2696807\/\">[2]<\/a>.<\/p>\n<p>Nous ne promettons pas que le Modafinil ait exactement les m\u00eames effets que le NZT-48 ou qu\u2019il donne aux utilisateurs une superintelligence. Cependant, le Modafinil est ce qui s\u2019en rapproche le plus. De plus, il am\u00e9liore la productivit\u00e9 d\u2019un pourcentage significatif et permet aux utilisateurs de travailler plus d\u2019heures sans se sentir fatigu\u00e9s. C\u2019est ce qu\u2019utilisent la plupart des pilotes, analystes, PDG et autres professionnels dont le travail exige une grande vigilance et qui se concentrent pendant des heures \u00e0 la suite.<\/p>\n<h2>Le m\u00e9dicament Modafinil est-il s\u00fbr ?<\/h2>\n<p>Lorsqu\u2019il s\u2019agit de <a href=\"https:\/\/buymodafinilonline.com\/fr\/boutique\/\">m\u00e9dicaments intelligents<\/a> comme le Modafinil, la s\u00e9curit\u00e9 est g\u00e9n\u00e9ralement une pr\u00e9occupation majeure pour les utilisateurs. Les personnes qui d\u00e9couvrent le m\u00e9dicament se demandent souvent : ce m\u00e9dicament est-il s\u00fbr ?<\/p>\n<p><img decoding=\"async\" class=\"aligncenter wp-image-399564 size-full\" title=\"Les m\u00e9dicaments Modafinil s\u00fbrs - AcheterModafinilOnline\" src=\"https:\/\/buymodafinilonline.com\/wp-content\/uploads\/2020\/04\/safe-modafinil-drugs.png\" alt=\"Des m\u00e9dicaments Modafinil s\u00fbrs\" width=\"1000\" height=\"667\" srcset=\"https:\/\/buymodafinilonline.com\/wp-content\/uploads\/2020\/04\/safe-modafinil-drugs.png 1000w, https:\/\/buymodafinilonline.com\/wp-content\/uploads\/2020\/04\/safe-modafinil-drugs-300x200.png 300w, https:\/\/buymodafinilonline.com\/wp-content\/uploads\/2020\/04\/safe-modafinil-drugs-150x100.png 150w, https:\/\/buymodafinilonline.com\/wp-content\/uploads\/2020\/04\/safe-modafinil-drugs-800x534.png 800w, https:\/\/buymodafinilonline.com\/wp-content\/uploads\/2020\/04\/safe-modafinil-drugs-768x512.png 768w\" sizes=\"(max-width: 1000px) 100vw, 1000px\" \/><\/p>\n<p>Lorsqu\u2019il est pris correctement (dans les bonnes doses), le modafinil est totalement s\u00fbr. Cependant, comme tout autre m\u00e9dicament existant actuellement, il peut provoquer un certain nombre d\u2019effets secondaires tels que des maux de t\u00eate, des vertiges, des naus\u00e9es et, dans certains cas, de l\u2019anxi\u00e9t\u00e9 <a href=\"https:\/\/www.alzdiscovery.org\/cognitive-vitality\/ratings\/modafinil\">[3]<\/a>.<\/p>\n<p>De m\u00eame, le Modafinil peut ne pas vous convenir, surtout si vous souffrez d\u2019une maladie sous-jacente ou si vous prenez certains m\u00e9dicaments. Il est donc fortement recommand\u00e9 de consulter un m\u00e9decin avant de l\u2019acheter ou de l\u2019utiliser.<\/p>\n<h2>\u00c0 quoi faut-il s\u2019attendre lorsque vous le prenez ?<\/h2>\n<p>Si vous envisagez de prendre du Modafinil, il faut s\u2019attendre \u00e0 plusieurs choses. Tout d\u2019abord, vous constaterez une am\u00e9lioration de vos fonctions cognitives. Non seulement vous serez plus alerte, mais vous aurez peut-\u00eatre l\u2019impression de pouvoir affronter le monde juste apr\u00e8s avoir pris une pilule. En fait, on peut dire sans risque de se tromper que le Modafinil transforme les utilisateurs en \u201cmachines\u201d efficaces au travail ou \u00e0 l\u2019\u00e9cole. Il augmente la productivit\u00e9 et l\u2019efficacit\u00e9 d\u2019un pourcentage significatif, permettant ainsi aux utilisateurs de faire plus en moins d\u2019heures.<\/p>\n<p>N\u2019oublions pas que cette drogue intelligente am\u00e9liore \u00e9galement l\u2019\u00e9tat de veille. Ainsi, vous n\u2019aurez plus \u00e0 vous soucier de vous endormir pendant les heures de travail.<\/p>\n<p>Cependant, si vous vous r\u00e9jouissez de ces effets positifs du Modafinil, vous devez \u00e9galement vous attendre \u00e0 quelques inconv\u00e9nients. Dans certains cas, le Modafinil pourrait provoquer des effets secondaires chez les utilisateurs, allant de l\u00e9gers \u00e0 graves.<\/p>\n<h2>O\u00f9 acheter le Modafinil test\u00e9 en ligne sans ordonnance ?<\/h2>\n<p>Acheter du Modafinil dans les pharmacies sans rendez-vous peut \u00eatre tr\u00e8s facile, si vous avez une ordonnance m\u00e9dicale. Cependant, de nombreux utilisateurs n\u2019ont g\u00e9n\u00e9ralement pas d\u2019ordonnance pour ce m\u00e9dicament intelligent et se retrouvent bloqu\u00e9s. Mais c\u2019\u00e9tait \u00e0 l\u2019\u00e9poque. Aujourd\u2019hui, vous pouvez facilement acheter le Modafinil dans les pharmacies en ligne, m\u00eame si vous n\u2019avez pas d\u2019ordonnance.<\/p>\n<p>Bien que les pharmacies en ligne facilitent l\u2019achat de Modafinil et d\u2019autres m\u00e9dicaments sur ordonnance sans ordonnance, il peut \u00eatre difficile d\u2019en trouver un en qui vous pouvez avoir confiance. Heureusement, nous sommes exactement ce qu\u2019il vous faut.<\/p>\n<p>Si vous vous \u00eates demand\u00e9 comment obtenir un vrai Modafinil, test\u00e9 en ligne, vous \u00eates au bon endroit. Chez <a href=\"https:\/\/buymodafinilonline.com\/fr\/\">BuyModafinilOnline<\/a>, nous ne proposons que des m\u00e9dicaments authentiques provenant des bonnes sources (<a href=\"https:\/\/buymodafinilonline.com\/smart-drugs\/modalert-200-mg-tablets\/\">Modalert<\/a>, <a href=\"https:\/\/buymodafinilonline.com\/smart-drugs\/modawake-200-mg-tablets\/\">Modawake<\/a>, <a href=\"https:\/\/buymodafinilonline.com\/smart-drugs\/modaheal-200-mg-tablets\/\">Modaheal<\/a>, <a href=\"https:\/\/buymodafinilonline.com\/smart-drugs\/modafil-md-200-mg-tablets\/\">Modafil MD<\/a>, <a href=\"https:\/\/buymodafinilonline.com\/fr\/medicaments-intelligents\/modafresh-200-mg-comprimes\/\">Modafresh<\/a>, etc.). ). De plus, nous vendons ces m\u00e9dicaments \u00e0 des prix vraiment abordables, ce qui permet \u00e0 nos clients de les acheter facilement sans avoir \u00e0 faire faillite.<\/p>\n<p>Lorsque vous achetez ces pilules chez nous, vous b\u00e9n\u00e9ficiez de <a href=\"https:\/\/buymodafinilonline.com\/fr\/payez-avec-des-bitcoins\/\">remises incroyables<\/a> en plus d\u2019une livraison rapide. Il vous suffit de passer une commande et nous serons l\u00e0 pour vous.<\/p>\n","protected":false},"excerpt":{"rendered":"<p>Quel pourcentage de notre cerveau utilisons-nous r\u00e9ellement ? Beaucoup d\u2019entre nous pensent que les humains n\u2019utilisent g\u00e9n\u00e9ralement que 10 % de leur cerveau. Mais dans quelle mesure ce fait est-il vrai ? Les experts ont d\u00e9menti ce mythe, en affirmant que le pourcentage de cerveau utilis\u00e9 \u00e0 un moment donn\u00e9 varie d\u2019une personne \u00e0 l\u2019autre [&hellip;]<\/p>\n","protected":false},"author":1,"featured_media":0,"parent":0,"menu_order":0,"comment_status":"closed","ping_status":"closed","template":"","meta":{"_acf_changed":false,"footnotes":""},"class_list":["post-399550","page","type-page","status-publish","hentry"],"acf":[],"yoast_head":"<!-- This site is optimized with the Yoast SEO Premium plugin v23.6 (Yoast SEO v27.5) - https:\/\/yoast.com\/product\/yoast-seo-premium-wordpress\/ -->\n<title>Limitless NZT-48 et son m\u00e9dicament certifi\u00e9 pour la vie r\u00e9elle - BuyModafinilOnline<\/title>\n<meta name=\"description\" content=\"La pilule sans limite pour l&#039;action intellectuelle existe-t-elle ? Quel est le nootropique le plus proche dans la vie r\u00e9elle ? Pour en savoir plus sur le NZT 48 et les m\u00e9dicaments intelligents \u00e0 base de modafinil, consultez le site BuyModafinilOnline.\" \/>\n<meta name=\"robots\" content=\"index, follow, max-snippet:-1, max-image-preview:large, max-video-preview:-1\" \/>\n<link rel=\"canonical\" href=\"https:\/\/buymodafinilonline.com\/fr\/nzt-48-modafinil-pilule-sans-limite-dans-la-vie-reelle\/\" \/>\n<meta property=\"og:locale\" content=\"fr_FR\" \/>\n<meta property=\"og:type\" content=\"article\" \/>\n<meta property=\"og:title\" content=\"NZT-48 (Modafinil) Pilule sans limite dans la vie r\u00e9elle\" \/>\n<meta property=\"og:description\" content=\"La pilule sans limite pour l&#039;action intellectuelle existe-t-elle ? Quel est le nootropique le plus proche dans la vie r\u00e9elle ? Pour en savoir plus sur le NZT 48 et les m\u00e9dicaments intelligents \u00e0 base de modafinil, consultez le site BuyModafinilOnline.\" \/>\n<meta property=\"og:url\" content=\"https:\/\/buymodafinilonline.com\/fr\/nzt-48-modafinil-pilule-sans-limite-dans-la-vie-reelle\/\" \/>\n<meta property=\"og:site_name\" content=\"BuyModafinilOnline.com\" \/>\n<meta property=\"og:image\" content=\"https:\/\/buymodafinilonline.com\/wp-content\/uploads\/2020\/04\/bmo-featured-limitless.png\" \/>\n<meta name=\"twitter:label1\" content=\"Dur\u00e9e de lecture estim\u00e9e\" \/>\n\t<meta name=\"twitter:data1\" content=\"7 minutes\" \/>\n<script type=\"application\/ld+json\" class=\"yoast-schema-graph\">{\"@context\":\"https:\\\/\\\/schema.org\",\"@graph\":[{\"@type\":\"WebPage\",\"@id\":\"https:\\\/\\\/buymodafinilonline.com\\\/fr\\\/nzt-48-modafinil-pilule-sans-limite-dans-la-vie-reelle\\\/\",\"url\":\"https:\\\/\\\/buymodafinilonline.com\\\/fr\\\/nzt-48-modafinil-pilule-sans-limite-dans-la-vie-reelle\\\/\",\"name\":\"Limitless NZT-48 et son m\u00e9dicament certifi\u00e9 pour la vie r\u00e9elle - BuyModafinilOnline\",\"isPartOf\":{\"@id\":\"https:\\\/\\\/buymodafinilonline.com\\\/fr\\\/#website\"},\"primaryImageOfPage\":{\"@id\":\"https:\\\/\\\/buymodafinilonline.com\\\/fr\\\/nzt-48-modafinil-pilule-sans-limite-dans-la-vie-reelle\\\/#primaryimage\"},\"image\":{\"@id\":\"https:\\\/\\\/buymodafinilonline.com\\\/fr\\\/nzt-48-modafinil-pilule-sans-limite-dans-la-vie-reelle\\\/#primaryimage\"},\"thumbnailUrl\":\"https:\\\/\\\/buymodafinilonline.com\\\/wp-content\\\/uploads\\\/2020\\\/04\\\/bmo-featured-limitless.png\",\"datePublished\":\"2020-04-24T14:46:13+00:00\",\"description\":\"La pilule sans limite pour l'action intellectuelle existe-t-elle ? Quel est le nootropique le plus proche dans la vie r\u00e9elle ? Pour en savoir plus sur le NZT 48 et les m\u00e9dicaments intelligents \u00e0 base de modafinil, consultez le site BuyModafinilOnline.\",\"breadcrumb\":{\"@id\":\"https:\\\/\\\/buymodafinilonline.com\\\/fr\\\/nzt-48-modafinil-pilule-sans-limite-dans-la-vie-reelle\\\/#breadcrumb\"},\"inLanguage\":\"fr-FR\",\"potentialAction\":[{\"@type\":\"ReadAction\",\"target\":[\"https:\\\/\\\/buymodafinilonline.com\\\/fr\\\/nzt-48-modafinil-pilule-sans-limite-dans-la-vie-reelle\\\/\"]}]},{\"@type\":\"ImageObject\",\"inLanguage\":\"fr-FR\",\"@id\":\"https:\\\/\\\/buymodafinilonline.com\\\/fr\\\/nzt-48-modafinil-pilule-sans-limite-dans-la-vie-reelle\\\/#primaryimage\",\"url\":\"https:\\\/\\\/buymodafinilonline.com\\\/wp-content\\\/uploads\\\/2020\\\/04\\\/bmo-featured-limitless.png\",\"contentUrl\":\"https:\\\/\\\/buymodafinilonline.com\\\/wp-content\\\/uploads\\\/2020\\\/04\\\/bmo-featured-limitless.png\"},{\"@type\":\"BreadcrumbList\",\"@id\":\"https:\\\/\\\/buymodafinilonline.com\\\/fr\\\/nzt-48-modafinil-pilule-sans-limite-dans-la-vie-reelle\\\/#breadcrumb\",\"itemListElement\":[{\"@type\":\"ListItem\",\"position\":1,\"name\":\"Buy Modafinil Online\",\"item\":\"https:\\\/\\\/buymodafinilonline.com\\\/fr\\\/\"},{\"@type\":\"ListItem\",\"position\":2,\"name\":\"NZT-48 (Modafinil) Pilule sans limite dans la vie r\u00e9elle\"}]},{\"@type\":\"WebSite\",\"@id\":\"https:\\\/\\\/buymodafinilonline.com\\\/fr\\\/#website\",\"url\":\"https:\\\/\\\/buymodafinilonline.com\\\/fr\\\/\",\"name\":\"BuyModafinilOnline.com\",\"description\":\"Modafinil Online Pharmacy\",\"publisher\":{\"@id\":\"https:\\\/\\\/buymodafinilonline.com\\\/fr\\\/#organization\"},\"potentialAction\":[{\"@type\":\"SearchAction\",\"target\":{\"@type\":\"EntryPoint\",\"urlTemplate\":\"https:\\\/\\\/buymodafinilonline.com\\\/fr\\\/?s={search_term_string}\"},\"query-input\":{\"@type\":\"PropertyValueSpecification\",\"valueRequired\":true,\"valueName\":\"search_term_string\"}}],\"inLanguage\":\"fr-FR\"},{\"@type\":\"Organization\",\"@id\":\"https:\\\/\\\/buymodafinilonline.com\\\/fr\\\/#organization\",\"name\":\"BuyModafinilOnline\",\"url\":\"https:\\\/\\\/buymodafinilonline.com\\\/fr\\\/\",\"logo\":{\"@type\":\"ImageObject\",\"inLanguage\":\"fr-FR\",\"@id\":\"https:\\\/\\\/buymodafinilonline.com\\\/fr\\\/#\\\/schema\\\/logo\\\/image\\\/\",\"url\":\"https:\\\/\\\/buymodafinilonline.com\\\/wp-content\\\/uploads\\\/2020\\\/04\\\/logo-buy-modafinil-online-yellow.png\",\"contentUrl\":\"https:\\\/\\\/buymodafinilonline.com\\\/wp-content\\\/uploads\\\/2020\\\/04\\\/logo-buy-modafinil-online-yellow.png\",\"width\":200,\"height\":200,\"caption\":\"BuyModafinilOnline\"},\"image\":{\"@id\":\"https:\\\/\\\/buymodafinilonline.com\\\/fr\\\/#\\\/schema\\\/logo\\\/image\\\/\"}}]}<\/script>\n<!-- \/ Yoast SEO Premium plugin. -->","yoast_head_json":{"title":"Limitless NZT-48 et son m\u00e9dicament certifi\u00e9 pour la vie r\u00e9elle - BuyModafinilOnline","description":"La pilule sans limite pour l'action intellectuelle existe-t-elle ? Quel est le nootropique le plus proche dans la vie r\u00e9elle ? Pour en savoir plus sur le NZT 48 et les m\u00e9dicaments intelligents \u00e0 base de modafinil, consultez le site BuyModafinilOnline.","robots":{"index":"index","follow":"follow","max-snippet":"max-snippet:-1","max-image-preview":"max-image-preview:large","max-video-preview":"max-video-preview:-1"},"canonical":"https:\/\/buymodafinilonline.com\/fr\/nzt-48-modafinil-pilule-sans-limite-dans-la-vie-reelle\/","og_locale":"fr_FR","og_type":"article","og_title":"NZT-48 (Modafinil) Pilule sans limite dans la vie r\u00e9elle","og_description":"La pilule sans limite pour l'action intellectuelle existe-t-elle ? Quel est le nootropique le plus proche dans la vie r\u00e9elle ? Pour en savoir plus sur le NZT 48 et les m\u00e9dicaments intelligents \u00e0 base de modafinil, consultez le site BuyModafinilOnline.","og_url":"https:\/\/buymodafinilonline.com\/fr\/nzt-48-modafinil-pilule-sans-limite-dans-la-vie-reelle\/","og_site_name":"BuyModafinilOnline.com","og_image":[{"url":"https:\/\/buymodafinilonline.com\/wp-content\/uploads\/2020\/04\/bmo-featured-limitless.png","type":"","width":"","height":""}],"twitter_misc":{"Dur\u00e9e de lecture estim\u00e9e":"7 minutes"},"schema":{"@context":"https:\/\/schema.org","@graph":[{"@type":"WebPage","@id":"https:\/\/buymodafinilonline.com\/fr\/nzt-48-modafinil-pilule-sans-limite-dans-la-vie-reelle\/","url":"https:\/\/buymodafinilonline.com\/fr\/nzt-48-modafinil-pilule-sans-limite-dans-la-vie-reelle\/","name":"Limitless NZT-48 et son m\u00e9dicament certifi\u00e9 pour la vie r\u00e9elle - BuyModafinilOnline","isPartOf":{"@id":"https:\/\/buymodafinilonline.com\/fr\/#website"},"primaryImageOfPage":{"@id":"https:\/\/buymodafinilonline.com\/fr\/nzt-48-modafinil-pilule-sans-limite-dans-la-vie-reelle\/#primaryimage"},"image":{"@id":"https:\/\/buymodafinilonline.com\/fr\/nzt-48-modafinil-pilule-sans-limite-dans-la-vie-reelle\/#primaryimage"},"thumbnailUrl":"https:\/\/buymodafinilonline.com\/wp-content\/uploads\/2020\/04\/bmo-featured-limitless.png","datePublished":"2020-04-24T14:46:13+00:00","description":"La pilule sans limite pour l'action intellectuelle existe-t-elle ? Quel est le nootropique le plus proche dans la vie r\u00e9elle ? Pour en savoir plus sur le NZT 48 et les m\u00e9dicaments intelligents \u00e0 base de modafinil, consultez le site BuyModafinilOnline.","breadcrumb":{"@id":"https:\/\/buymodafinilonline.com\/fr\/nzt-48-modafinil-pilule-sans-limite-dans-la-vie-reelle\/#breadcrumb"},"inLanguage":"fr-FR","potentialAction":[{"@type":"ReadAction","target":["https:\/\/buymodafinilonline.com\/fr\/nzt-48-modafinil-pilule-sans-limite-dans-la-vie-reelle\/"]}]},{"@type":"ImageObject","inLanguage":"fr-FR","@id":"https:\/\/buymodafinilonline.com\/fr\/nzt-48-modafinil-pilule-sans-limite-dans-la-vie-reelle\/#primaryimage","url":"https:\/\/buymodafinilonline.com\/wp-content\/uploads\/2020\/04\/bmo-featured-limitless.png","contentUrl":"https:\/\/buymodafinilonline.com\/wp-content\/uploads\/2020\/04\/bmo-featured-limitless.png"},{"@type":"BreadcrumbList","@id":"https:\/\/buymodafinilonline.com\/fr\/nzt-48-modafinil-pilule-sans-limite-dans-la-vie-reelle\/#breadcrumb","itemListElement":[{"@type":"ListItem","position":1,"name":"Buy Modafinil Online","item":"https:\/\/buymodafinilonline.com\/fr\/"},{"@type":"ListItem","position":2,"name":"NZT-48 (Modafinil) Pilule sans limite dans la vie r\u00e9elle"}]},{"@type":"WebSite","@id":"https:\/\/buymodafinilonline.com\/fr\/#website","url":"https:\/\/buymodafinilonline.com\/fr\/","name":"BuyModafinilOnline.com","description":"Modafinil Online Pharmacy","publisher":{"@id":"https:\/\/buymodafinilonline.com\/fr\/#organization"},"potentialAction":[{"@type":"SearchAction","target":{"@type":"EntryPoint","urlTemplate":"https:\/\/buymodafinilonline.com\/fr\/?s={search_term_string}"},"query-input":{"@type":"PropertyValueSpecification","valueRequired":true,"valueName":"search_term_string"}}],"inLanguage":"fr-FR"},{"@type":"Organization","@id":"https:\/\/buymodafinilonline.com\/fr\/#organization","name":"BuyModafinilOnline","url":"https:\/\/buymodafinilonline.com\/fr\/","logo":{"@type":"ImageObject","inLanguage":"fr-FR","@id":"https:\/\/buymodafinilonline.com\/fr\/#\/schema\/logo\/image\/","url":"https:\/\/buymodafinilonline.com\/wp-content\/uploads\/2020\/04\/logo-buy-modafinil-online-yellow.png","contentUrl":"https:\/\/buymodafinilonline.com\/wp-content\/uploads\/2020\/04\/logo-buy-modafinil-online-yellow.png","width":200,"height":200,"caption":"BuyModafinilOnline"},"image":{"@id":"https:\/\/buymodafinilonline.com\/fr\/#\/schema\/logo\/image\/"}}]}},"_links":{"self":[{"href":"https:\/\/buymodafinilonline.com\/fr\/wp-json\/wp\/v2\/pages\/399550","targetHints":{"allow":["GET"]}}],"collection":[{"href":"https:\/\/buymodafinilonline.com\/fr\/wp-json\/wp\/v2\/pages"}],"about":[{"href":"https:\/\/buymodafinilonline.com\/fr\/wp-json\/wp\/v2\/types\/page"}],"author":[{"embeddable":true,"href":"https:\/\/buymodafinilonline.com\/fr\/wp-json\/wp\/v2\/users\/1"}],"replies":[{"embeddable":true,"href":"https:\/\/buymodafinilonline.com\/fr\/wp-json\/wp\/v2\/comments?post=399550"}],"version-history":[{"count":0,"href":"https:\/\/buymodafinilonline.com\/fr\/wp-json\/wp\/v2\/pages\/399550\/revisions"}],"wp:attachment":[{"href":"https:\/\/buymodafinilonline.com\/fr\/wp-json\/wp\/v2\/media?parent=399550"}],"curies":[{"name":"wp","href":"https:\/\/api.w.org\/{rel}","templated":true}]}}