{"id":400029,"date":"2020-04-27T08:38:39","date_gmt":"2020-04-27T07:38:39","guid":{"rendered":"https:\/\/buymodafinilonline.com\/nous-navons-pas-de-faux-medicament-a-base-de-modafinil\/"},"modified":"2020-04-27T08:38:39","modified_gmt":"2020-04-27T07:38:39","slug":"nous-navons-pas-de-faux-medicament-a-base-de-modafinil","status":"publish","type":"page","link":"https:\/\/buymodafinilonline.com\/fr\/nous-navons-pas-de-faux-medicament-a-base-de-modafinil\/","title":{"rendered":"Nous N&#8217;avons PAS de faux m\u00e9dicament \u00e0 base de Modafinil"},"content":{"rendered":"<p><img fetchpriority=\"high\" decoding=\"async\" class=\"aligncenter size-full wp-image-399074\" src=\"https:\/\/buymodafinilonline.com\/wp-content\/uploads\/2020\/04\/bmo-featured-no-fake-modafinil.png\" alt=\"Une pharmacie fiable SANS faux Modafinil d'Inde\" width=\"2048\" height=\"1152\" srcset=\"https:\/\/buymodafinilonline.com\/wp-content\/uploads\/2020\/04\/bmo-featured-no-fake-modafinil.png 2048w, https:\/\/buymodafinilonline.com\/wp-content\/uploads\/2020\/04\/bmo-featured-no-fake-modafinil-300x169.png 300w, https:\/\/buymodafinilonline.com\/wp-content\/uploads\/2020\/04\/bmo-featured-no-fake-modafinil-150x84.png 150w, https:\/\/buymodafinilonline.com\/wp-content\/uploads\/2020\/04\/bmo-featured-no-fake-modafinil-800x450.png 800w, https:\/\/buymodafinilonline.com\/wp-content\/uploads\/2020\/04\/bmo-featured-no-fake-modafinil-1024x576.png 1024w, https:\/\/buymodafinilonline.com\/wp-content\/uploads\/2020\/04\/bmo-featured-no-fake-modafinil-768x432.png 768w, https:\/\/buymodafinilonline.com\/wp-content\/uploads\/2020\/04\/bmo-featured-no-fake-modafinil-1536x864.png 1536w\" sizes=\"(max-width: 2048px) 100vw, 2048px\" \/><\/p>\n<p>Depuis que l&#8217;on a d\u00e9couvert que le Modafinil \u00e9tait le secret des performances \u00e9poustouflantes des PDG, des pilotes, des analystes ainsi que d&#8217;autres professionnels qui exigent un maximum de concentration et de vigilance, il a gagn\u00e9 en popularit\u00e9. Cela a conduit \u00e0 une augmentation de leur demande, ainsi qu&#8217;\u00e0 une augmentation correspondante du nombre de variantes et de fabricants qui le produisent.<\/p>\n<p>Cela semble \u00eatre une bonne nouvelle, mais cela donne \u00e9galement lieu \u00e0 la circulation de faux. Cependant, il existe un moyen pour les acheteurs de s&#8217;assurer qu&#8217;ils obtiennent le produit authentique. Vous ne devez faire confiance qu&#8217;\u00e0 des magasins fiables, comme notre pharmacie. Nous ne proposons pas de fausses pilules. Lisez la suite et voyez par vous-m\u00eame.<\/p>\n<h2>Pourquoi nos pilules Modafinil sont-elles fiables et s\u00fbres ?<\/h2>\n<p>Vous \u00eates probablement sur cette page parce que vous voulez du vrai modafinil et non du faux. Mais comment pouvez-vous savoir que nos pilules sont fiables et s\u00fbres, et pas toutes fausses ? Nous allons vous montrer comment.<\/p>\n<p>Pour commencer, nous nous procurons nos m\u00e9dicaments dans les meilleures pharmacies en Inde, comme Sun Pharma et HAB Pharma. Ces fabricants sont des industries pharmaceutiques de classe mondiale qui ont fait leurs preuves en respectant, voire en d\u00e9passant, les normes \u00e9tablies.<\/p>\n<p>Sun Pharma, par exemple, est le plus grand fabricant de m\u00e9dicaments g\u00e9n\u00e9riques sp\u00e9cialis\u00e9s en Inde, le plus grand laboratoire pharmaceutique indien aux \u00c9tats-Unis, et le cinqui\u00e8me plus grand au monde <a href=\"https:\/\/en.m.wikipedia.org\/wiki\/Sun_Pharmaceutical\">[1]<\/a>. HAB Pharma, d&#8217;autre part, est \u00e9galement un g\u00e9ant de l&#8217;industrie pharmaceutique <a href=\"https:\/\/habpharma.in\/\">[2]<\/a>. Ils ont tous deux l&#8217;autorisation de fonctionner de la Food and Drug Administration (FDA) ainsi que les certifications de laboratoire de l&#8217;Organisation internationale de normalisation (ISO) 9001, des bonnes pratiques de fabrication (BPF) et les homologations de l&#8217;Organisation mondiale de la sant\u00e9 (OMS). Cela signifie que chaque produit qui quitte leur laboratoire pour nous, r\u00e9pond \u00e0 toutes les normes n\u00e9cessaires et est s\u00fbr.<\/p>\n<p>En outre, nous avons depuis longtemps pour habitude de laisser nos clients enti\u00e8rement satisfaits. Ne vous contentez pas de nous croire sur parole : laissez-vous convaincre par les commentaires de nos clients !<\/p>\n<p>Chez BuyModafinilOnline, nous n&#8217;avons pas de faux m\u00e9dicaments \u00e0 base de modafinil, nous ne proposons que des m\u00e9dicaments intelligents et fiables. Vous pouvez \u00eatre s\u00fbr que vous obtiendrez des pilules de modafinil qui feront exactement ce qu&#8217;elles sont cens\u00e9es faire.<\/p>\n<h2>Comment rep\u00e9rer facilement les faux modafinil<\/h2>\n<p>Aujourd&#8217;hui, il est assez facile de d\u00e9penser une fortune pour tenter d&#8217;obtenir du modafinil authentique et de se procurer de fausses pilules. Heureusement, il existe des moyens faciles de rep\u00e9rer les faux sur place. Voici comment.<\/p>\n<ul>\n<li>Inspection visuelle. C&#8217;est le moyen le plus efficace de diff\u00e9rencier les faux des vrais. Vous pouvez consulter des photos en ligne du Modafinil authentique et le comparer avec la version que vous poss\u00e9dez. Il est souvent assez facile de rep\u00e9rer la diff\u00e9rence. V\u00e9rifiez \u00e9galement si les pilules ont une odeur d\u00e9sagr\u00e9able.<\/li>\n<li>Essayez. Essayer la pilule pour savoir si elle fonctionne ou non est un autre moyen de rep\u00e9rer les fausses pilules de modafinil. La vraie pilule a g\u00e9n\u00e9ralement un effet d&#8217;\u00e9veil sur les utilisateurs. Si vous ne remarquez pas de pouss\u00e9e d&#8217;\u00e9nergie, d&#8217;augmentation de la vigilance et\/ou de la concentration, il y a de fortes chances que ce ne soit pas le cas. Cependant, il convient de noter que le terme &#8220;essai&#8221; n&#8217;est pas exactement un moyen infaillible de rep\u00e9rer le faux modafinil, car les \u00e9tudes montrent que ce m\u00e9dicament peut ne pas \u00eatre efficace pour tout le monde <a href=\"https:\/\/www.drugs.com\/comments\/modafinil\/provigil-for-narcolepsy.html\">[3].<\/a><\/li>\n<\/ul>\n<p>Enfin, l&#8217;un des meilleurs moyens d&#8217;\u00e9viter les faux comprim\u00e9s de modafinil est de s&#8217;assurer que vous ne l&#8217;achetez qu&#8217;aupr\u00e8s de fournisseurs fiables. De cette fa\u00e7on, vous n&#8217;aurez m\u00eame pas besoin de subir le stress d&#8217;essayer de rep\u00e9rer s&#8217;il s&#8217;agit d&#8217;un faux. Vous cherchez \u00e0 vous procurer d&#8217;authentiques comprim\u00e9s de modafinil de la bonne mani\u00e8re ? Passez une commande et recevez vos pilules en une semaine.<\/p>\n<h3>R\u00e9f\u00e9rences<\/h3>\n<ol>\n<li>Sun Pharmaceutical. R\u00e9cup\u00e9r\u00e9 : 11 mars 2020. Wikipedia.org.<\/li>\n<li>Site officiel de HAB Pharma. Habpharma.in.<\/li>\n<li>Avis d&#8217;utilisateurs sur Provigil pour le traitement de la narcolepsie. Consult\u00e9 le 7 mars 2020. Drugs.com.<\/li>\n<\/ol>\n","protected":false},"excerpt":{"rendered":"<p>Depuis que l&#8217;on a d\u00e9couvert que le Modafinil \u00e9tait le secret des performances \u00e9poustouflantes des PDG, des pilotes, des analystes ainsi que d&#8217;autres professionnels qui exigent un maximum de concentration et de vigilance, il a gagn\u00e9 en popularit\u00e9. Cela a conduit \u00e0 une augmentation de leur demande, ainsi qu&#8217;\u00e0 une augmentation correspondante du nombre de [&hellip;]<\/p>\n","protected":false},"author":1,"featured_media":0,"parent":0,"menu_order":0,"comment_status":"closed","ping_status":"closed","template":"","meta":{"_acf_changed":false,"footnotes":""},"class_list":["post-400029","page","type-page","status-publish","hentry"],"acf":[],"yoast_head":"<!-- This site is optimized with the Yoast SEO Premium plugin v23.6 (Yoast SEO v27.3) - https:\/\/yoast.com\/product\/yoast-seo-premium-wordpress\/ -->\n<title>Une pharmacie fiable SANS faux Modafinil d&#039;Inde - BuyModafinilOnline<\/title>\n<meta name=\"description\" content=\"Vous voulez \u00e9viter la fraude et acheter des pilules de modafinil de qualit\u00e9 ? Vous trouverez ici les meilleurs conseils pour rep\u00e9rer les escroqueries et savoir o\u00f9 commander uniquement du modafinil s\u00fbr en ligne au meilleur prix. PAS de faux m\u00e9dicaments !\" \/>\n<meta name=\"robots\" content=\"index, follow, max-snippet:-1, max-image-preview:large, max-video-preview:-1\" \/>\n<link rel=\"canonical\" href=\"https:\/\/buymodafinilonline.com\/fr\/nous-navons-pas-de-faux-medicament-a-base-de-modafinil\/\" \/>\n<meta property=\"og:locale\" content=\"fr_FR\" \/>\n<meta property=\"og:type\" content=\"article\" \/>\n<meta property=\"og:title\" content=\"Nous N&#039;avons PAS de faux m\u00e9dicament \u00e0 base de Modafinil\" \/>\n<meta property=\"og:description\" content=\"Vous voulez \u00e9viter la fraude et acheter des pilules de modafinil de qualit\u00e9 ? Vous trouverez ici les meilleurs conseils pour rep\u00e9rer les escroqueries et savoir o\u00f9 commander uniquement du modafinil s\u00fbr en ligne au meilleur prix. PAS de faux m\u00e9dicaments !\" \/>\n<meta property=\"og:url\" content=\"https:\/\/buymodafinilonline.com\/fr\/nous-navons-pas-de-faux-medicament-a-base-de-modafinil\/\" \/>\n<meta property=\"og:site_name\" content=\"BuyModafinilOnline.com\" \/>\n<meta property=\"og:image\" content=\"https:\/\/buymodafinilonline.com\/wp-content\/uploads\/2020\/04\/bmo-featured-no-fake-modafinil.png\" \/>\n<meta name=\"twitter:label1\" content=\"Dur\u00e9e de lecture estim\u00e9e\" \/>\n\t<meta name=\"twitter:data1\" content=\"4 minutes\" \/>\n<script type=\"application\/ld+json\" class=\"yoast-schema-graph\">{\"@context\":\"https:\\\/\\\/schema.org\",\"@graph\":[{\"@type\":\"WebPage\",\"@id\":\"https:\\\/\\\/buymodafinilonline.com\\\/fr\\\/nous-navons-pas-de-faux-medicament-a-base-de-modafinil\\\/\",\"url\":\"https:\\\/\\\/buymodafinilonline.com\\\/fr\\\/nous-navons-pas-de-faux-medicament-a-base-de-modafinil\\\/\",\"name\":\"Une pharmacie fiable SANS faux Modafinil d'Inde - BuyModafinilOnline\",\"isPartOf\":{\"@id\":\"https:\\\/\\\/buymodafinilonline.com\\\/fr\\\/#website\"},\"primaryImageOfPage\":{\"@id\":\"https:\\\/\\\/buymodafinilonline.com\\\/fr\\\/nous-navons-pas-de-faux-medicament-a-base-de-modafinil\\\/#primaryimage\"},\"image\":{\"@id\":\"https:\\\/\\\/buymodafinilonline.com\\\/fr\\\/nous-navons-pas-de-faux-medicament-a-base-de-modafinil\\\/#primaryimage\"},\"thumbnailUrl\":\"https:\\\/\\\/buymodafinilonline.com\\\/wp-content\\\/uploads\\\/2020\\\/04\\\/bmo-featured-no-fake-modafinil.png\",\"datePublished\":\"2020-04-27T07:38:39+00:00\",\"description\":\"Vous voulez \u00e9viter la fraude et acheter des pilules de modafinil de qualit\u00e9 ? Vous trouverez ici les meilleurs conseils pour rep\u00e9rer les escroqueries et savoir o\u00f9 commander uniquement du modafinil s\u00fbr en ligne au meilleur prix. PAS de faux m\u00e9dicaments !\",\"breadcrumb\":{\"@id\":\"https:\\\/\\\/buymodafinilonline.com\\\/fr\\\/nous-navons-pas-de-faux-medicament-a-base-de-modafinil\\\/#breadcrumb\"},\"inLanguage\":\"fr-FR\",\"potentialAction\":[{\"@type\":\"ReadAction\",\"target\":[\"https:\\\/\\\/buymodafinilonline.com\\\/fr\\\/nous-navons-pas-de-faux-medicament-a-base-de-modafinil\\\/\"]}]},{\"@type\":\"ImageObject\",\"inLanguage\":\"fr-FR\",\"@id\":\"https:\\\/\\\/buymodafinilonline.com\\\/fr\\\/nous-navons-pas-de-faux-medicament-a-base-de-modafinil\\\/#primaryimage\",\"url\":\"https:\\\/\\\/buymodafinilonline.com\\\/wp-content\\\/uploads\\\/2020\\\/04\\\/bmo-featured-no-fake-modafinil.png\",\"contentUrl\":\"https:\\\/\\\/buymodafinilonline.com\\\/wp-content\\\/uploads\\\/2020\\\/04\\\/bmo-featured-no-fake-modafinil.png\"},{\"@type\":\"BreadcrumbList\",\"@id\":\"https:\\\/\\\/buymodafinilonline.com\\\/fr\\\/nous-navons-pas-de-faux-medicament-a-base-de-modafinil\\\/#breadcrumb\",\"itemListElement\":[{\"@type\":\"ListItem\",\"position\":1,\"name\":\"Buy Modafinil Online\",\"item\":\"https:\\\/\\\/buymodafinilonline.com\\\/fr\\\/\"},{\"@type\":\"ListItem\",\"position\":2,\"name\":\"Nous N&#8217;avons PAS de faux m\u00e9dicament \u00e0 base de Modafinil\"}]},{\"@type\":\"WebSite\",\"@id\":\"https:\\\/\\\/buymodafinilonline.com\\\/fr\\\/#website\",\"url\":\"https:\\\/\\\/buymodafinilonline.com\\\/fr\\\/\",\"name\":\"BuyModafinilOnline.com\",\"description\":\"Modafinil Online Pharmacy\",\"publisher\":{\"@id\":\"https:\\\/\\\/buymodafinilonline.com\\\/fr\\\/#organization\"},\"potentialAction\":[{\"@type\":\"SearchAction\",\"target\":{\"@type\":\"EntryPoint\",\"urlTemplate\":\"https:\\\/\\\/buymodafinilonline.com\\\/fr\\\/?s={search_term_string}\"},\"query-input\":{\"@type\":\"PropertyValueSpecification\",\"valueRequired\":true,\"valueName\":\"search_term_string\"}}],\"inLanguage\":\"fr-FR\"},{\"@type\":\"Organization\",\"@id\":\"https:\\\/\\\/buymodafinilonline.com\\\/fr\\\/#organization\",\"name\":\"BuyModafinilOnline\",\"url\":\"https:\\\/\\\/buymodafinilonline.com\\\/fr\\\/\",\"logo\":{\"@type\":\"ImageObject\",\"inLanguage\":\"fr-FR\",\"@id\":\"https:\\\/\\\/buymodafinilonline.com\\\/fr\\\/#\\\/schema\\\/logo\\\/image\\\/\",\"url\":\"https:\\\/\\\/buymodafinilonline.com\\\/wp-content\\\/uploads\\\/2020\\\/04\\\/logo-buy-modafinil-online-yellow.png\",\"contentUrl\":\"https:\\\/\\\/buymodafinilonline.com\\\/wp-content\\\/uploads\\\/2020\\\/04\\\/logo-buy-modafinil-online-yellow.png\",\"width\":200,\"height\":200,\"caption\":\"BuyModafinilOnline\"},\"image\":{\"@id\":\"https:\\\/\\\/buymodafinilonline.com\\\/fr\\\/#\\\/schema\\\/logo\\\/image\\\/\"}}]}<\/script>\n<!-- \/ Yoast SEO Premium plugin. -->","yoast_head_json":{"title":"Une pharmacie fiable SANS faux Modafinil d'Inde - BuyModafinilOnline","description":"Vous voulez \u00e9viter la fraude et acheter des pilules de modafinil de qualit\u00e9 ? Vous trouverez ici les meilleurs conseils pour rep\u00e9rer les escroqueries et savoir o\u00f9 commander uniquement du modafinil s\u00fbr en ligne au meilleur prix. PAS de faux m\u00e9dicaments !","robots":{"index":"index","follow":"follow","max-snippet":"max-snippet:-1","max-image-preview":"max-image-preview:large","max-video-preview":"max-video-preview:-1"},"canonical":"https:\/\/buymodafinilonline.com\/fr\/nous-navons-pas-de-faux-medicament-a-base-de-modafinil\/","og_locale":"fr_FR","og_type":"article","og_title":"Nous N'avons PAS de faux m\u00e9dicament \u00e0 base de Modafinil","og_description":"Vous voulez \u00e9viter la fraude et acheter des pilules de modafinil de qualit\u00e9 ? Vous trouverez ici les meilleurs conseils pour rep\u00e9rer les escroqueries et savoir o\u00f9 commander uniquement du modafinil s\u00fbr en ligne au meilleur prix. PAS de faux m\u00e9dicaments !","og_url":"https:\/\/buymodafinilonline.com\/fr\/nous-navons-pas-de-faux-medicament-a-base-de-modafinil\/","og_site_name":"BuyModafinilOnline.com","og_image":[{"url":"https:\/\/buymodafinilonline.com\/wp-content\/uploads\/2020\/04\/bmo-featured-no-fake-modafinil.png","type":"","width":"","height":""}],"twitter_misc":{"Dur\u00e9e de lecture estim\u00e9e":"4 minutes"},"schema":{"@context":"https:\/\/schema.org","@graph":[{"@type":"WebPage","@id":"https:\/\/buymodafinilonline.com\/fr\/nous-navons-pas-de-faux-medicament-a-base-de-modafinil\/","url":"https:\/\/buymodafinilonline.com\/fr\/nous-navons-pas-de-faux-medicament-a-base-de-modafinil\/","name":"Une pharmacie fiable SANS faux Modafinil d'Inde - BuyModafinilOnline","isPartOf":{"@id":"https:\/\/buymodafinilonline.com\/fr\/#website"},"primaryImageOfPage":{"@id":"https:\/\/buymodafinilonline.com\/fr\/nous-navons-pas-de-faux-medicament-a-base-de-modafinil\/#primaryimage"},"image":{"@id":"https:\/\/buymodafinilonline.com\/fr\/nous-navons-pas-de-faux-medicament-a-base-de-modafinil\/#primaryimage"},"thumbnailUrl":"https:\/\/buymodafinilonline.com\/wp-content\/uploads\/2020\/04\/bmo-featured-no-fake-modafinil.png","datePublished":"2020-04-27T07:38:39+00:00","description":"Vous voulez \u00e9viter la fraude et acheter des pilules de modafinil de qualit\u00e9 ? Vous trouverez ici les meilleurs conseils pour rep\u00e9rer les escroqueries et savoir o\u00f9 commander uniquement du modafinil s\u00fbr en ligne au meilleur prix. PAS de faux m\u00e9dicaments !","breadcrumb":{"@id":"https:\/\/buymodafinilonline.com\/fr\/nous-navons-pas-de-faux-medicament-a-base-de-modafinil\/#breadcrumb"},"inLanguage":"fr-FR","potentialAction":[{"@type":"ReadAction","target":["https:\/\/buymodafinilonline.com\/fr\/nous-navons-pas-de-faux-medicament-a-base-de-modafinil\/"]}]},{"@type":"ImageObject","inLanguage":"fr-FR","@id":"https:\/\/buymodafinilonline.com\/fr\/nous-navons-pas-de-faux-medicament-a-base-de-modafinil\/#primaryimage","url":"https:\/\/buymodafinilonline.com\/wp-content\/uploads\/2020\/04\/bmo-featured-no-fake-modafinil.png","contentUrl":"https:\/\/buymodafinilonline.com\/wp-content\/uploads\/2020\/04\/bmo-featured-no-fake-modafinil.png"},{"@type":"BreadcrumbList","@id":"https:\/\/buymodafinilonline.com\/fr\/nous-navons-pas-de-faux-medicament-a-base-de-modafinil\/#breadcrumb","itemListElement":[{"@type":"ListItem","position":1,"name":"Buy Modafinil Online","item":"https:\/\/buymodafinilonline.com\/fr\/"},{"@type":"ListItem","position":2,"name":"Nous N&#8217;avons PAS de faux m\u00e9dicament \u00e0 base de Modafinil"}]},{"@type":"WebSite","@id":"https:\/\/buymodafinilonline.com\/fr\/#website","url":"https:\/\/buymodafinilonline.com\/fr\/","name":"BuyModafinilOnline.com","description":"Modafinil Online Pharmacy","publisher":{"@id":"https:\/\/buymodafinilonline.com\/fr\/#organization"},"potentialAction":[{"@type":"SearchAction","target":{"@type":"EntryPoint","urlTemplate":"https:\/\/buymodafinilonline.com\/fr\/?s={search_term_string}"},"query-input":{"@type":"PropertyValueSpecification","valueRequired":true,"valueName":"search_term_string"}}],"inLanguage":"fr-FR"},{"@type":"Organization","@id":"https:\/\/buymodafinilonline.com\/fr\/#organization","name":"BuyModafinilOnline","url":"https:\/\/buymodafinilonline.com\/fr\/","logo":{"@type":"ImageObject","inLanguage":"fr-FR","@id":"https:\/\/buymodafinilonline.com\/fr\/#\/schema\/logo\/image\/","url":"https:\/\/buymodafinilonline.com\/wp-content\/uploads\/2020\/04\/logo-buy-modafinil-online-yellow.png","contentUrl":"https:\/\/buymodafinilonline.com\/wp-content\/uploads\/2020\/04\/logo-buy-modafinil-online-yellow.png","width":200,"height":200,"caption":"BuyModafinilOnline"},"image":{"@id":"https:\/\/buymodafinilonline.com\/fr\/#\/schema\/logo\/image\/"}}]}},"_links":{"self":[{"href":"https:\/\/buymodafinilonline.com\/fr\/wp-json\/wp\/v2\/pages\/400029","targetHints":{"allow":["GET"]}}],"collection":[{"href":"https:\/\/buymodafinilonline.com\/fr\/wp-json\/wp\/v2\/pages"}],"about":[{"href":"https:\/\/buymodafinilonline.com\/fr\/wp-json\/wp\/v2\/types\/page"}],"author":[{"embeddable":true,"href":"https:\/\/buymodafinilonline.com\/fr\/wp-json\/wp\/v2\/users\/1"}],"replies":[{"embeddable":true,"href":"https:\/\/buymodafinilonline.com\/fr\/wp-json\/wp\/v2\/comments?post=400029"}],"version-history":[{"count":0,"href":"https:\/\/buymodafinilonline.com\/fr\/wp-json\/wp\/v2\/pages\/400029\/revisions"}],"wp:attachment":[{"href":"https:\/\/buymodafinilonline.com\/fr\/wp-json\/wp\/v2\/media?parent=400029"}],"curies":[{"name":"wp","href":"https:\/\/api.w.org\/{rel}","templated":true}]}}