{"id":400030,"date":"2020-04-27T08:38:40","date_gmt":"2020-04-27T07:38:40","guid":{"rendered":"https:\/\/buymodafinilonline.com\/devrions-nous-faire-confiance-a-sun-pharma-et-hab-pharma\/"},"modified":"2020-04-27T08:38:40","modified_gmt":"2020-04-27T07:38:40","slug":"devrions-nous-faire-confiance-a-sun-pharma-et-hab-pharma","status":"publish","type":"page","link":"https:\/\/buymodafinilonline.com\/fr\/devrions-nous-faire-confiance-a-sun-pharma-et-hab-pharma\/","title":{"rendered":"Devrions-nous faire confiance \u00e0 Sun Pharma et HAB Pharma ?"},"content":{"rendered":"<p><img fetchpriority=\"high\" decoding=\"async\" class=\"aligncenter size-full wp-image-399081\" src=\"https:\/\/buymodafinilonline.com\/wp-content\/uploads\/2020\/04\/bmo-featured-trust-sun-pharma-hab.png\" alt=\"Sun Pharma et HAB Pharma : Pourquoi leur faire confiance ?\" width=\"2048\" height=\"1152\" srcset=\"https:\/\/buymodafinilonline.com\/wp-content\/uploads\/2020\/04\/bmo-featured-trust-sun-pharma-hab.png 2048w, https:\/\/buymodafinilonline.com\/wp-content\/uploads\/2020\/04\/bmo-featured-trust-sun-pharma-hab-300x169.png 300w, https:\/\/buymodafinilonline.com\/wp-content\/uploads\/2020\/04\/bmo-featured-trust-sun-pharma-hab-150x84.png 150w, https:\/\/buymodafinilonline.com\/wp-content\/uploads\/2020\/04\/bmo-featured-trust-sun-pharma-hab-800x450.png 800w, https:\/\/buymodafinilonline.com\/wp-content\/uploads\/2020\/04\/bmo-featured-trust-sun-pharma-hab-1024x576.png 1024w, https:\/\/buymodafinilonline.com\/wp-content\/uploads\/2020\/04\/bmo-featured-trust-sun-pharma-hab-768x432.png 768w, https:\/\/buymodafinilonline.com\/wp-content\/uploads\/2020\/04\/bmo-featured-trust-sun-pharma-hab-1536x864.png 1536w\" sizes=\"(max-width: 2048px) 100vw, 2048px\" \/><\/p>\n<p>On n&#8217;ignore plus que l&#8217;Inde est l&#8217;un des plus grands fournisseurs de m\u00e9dicaments en vente libre et de produits g\u00e9n\u00e9riques aux \u00c9tats-Unis. Ensuite, elle repr\u00e9sente, avec le Canada, jusqu&#8217;\u00e0 40 % de l&#8217;ensemble des fournitures faites \u00e0 cette Terre de Libert\u00e9. Principalement gr\u00e2ce \u00e0 deux soci\u00e9t\u00e9s pharmaceutiques notables. Il s&#8217;agit de Sun Pharma et de HAB Pharma. Si vous \u00eates un adepte actif des nootropes, vous avez peut-\u00eatre entendu parler d&#8217;elles.<\/p>\n<p>Mais bien qu&#8217;ils soient deux des plus grands fabricants de m\u00e9dicaments g\u00e9n\u00e9riques au monde, leurs produits sont-ils \u00e0 la hauteur ? Peut-on leur faire confiance ? Cet article r\u00e9pond \u00e0 ces questions.<\/p>\n<h2>Principaux faits sur le fabricant Sun Pharma<\/h2>\n<p>Sun Pharma a \u00e9t\u00e9 cr\u00e9\u00e9e en 1983. Avec son si\u00e8ge \u00e0 Mumbai, cette multinationale indienne propose des formulations dans un large \u00e9ventail de domaines th\u00e9rapeutiques tels que la neurologie, la cardiologie et la psychiatrie. Au d\u00e9part, Sun Pharma a commenc\u00e9 avec seulement cinq produits pour traiter les maladies psychiatriques. Cependant, au fil des ans, elle s&#8217;est diversifi\u00e9e et elle est aujourd&#8217;hui leader sur le march\u00e9. Mais ce n&#8217;est pas tout. Elle a acquis Ranbaxy Laboratories en 2014, ce qui en a fait la plus grande soci\u00e9t\u00e9 en Inde, la plus grande soci\u00e9t\u00e9 pharmaceutique indienne aux \u00c9tats-Unis, et la cinqui\u00e8me plus grande soci\u00e9t\u00e9 de sp\u00e9cialit\u00e9s g\u00e9n\u00e9riques \u00e0 l&#8217;\u00e9chelle mondiale<a href=\"https:\/\/en.m.wikipedia.org\/wiki\/Sun_Pharmaceutical\">[1].<\/a><\/p>\n<p>Les m\u00e9dicaments les plus populaires de Sun Pharma, que vous pouvez \u00e9galement trouver sur BuyModafinilOnline, sont Modalert et Waklert. Ainsi, on peut voir que Sun Pharma est plus qu&#8217;une simple soci\u00e9t\u00e9 pharmaceutique populaire. C&#8217;est plut\u00f4t l&#8217;une des plus grandes et des plus r\u00e9put\u00e9es dans le secteur<a href=\"https:\/\/www.sunpharma.com\/\">[2].<\/a><\/p>\n<h2>Informations de base sur la soci\u00e9t\u00e9 HAB Pharma<\/h2>\n<p>HAB Pharma est l&#8217;un des principaux fournisseurs de Modafinil dans le monde et est un concurrent proche de Sun Pharma. Elle existe depuis plusieurs ann\u00e9es et est bien \u00e9tablie sur le march\u00e9 pharmaceutique.<\/p>\n<p>HAB Pharma a \u00e9t\u00e9 cr\u00e9\u00e9e en 1980 et a ensuite ouvert sa premi\u00e8re usine en 1989. Au fil des ans, elle s&#8217;est d\u00e9velopp\u00e9e sur le march\u00e9 international et exporte aujourd&#8217;hui un pourcentage important de sa production<a href=\"http:\/\/habpharma.in\/company-overview\">[3]<\/a>.<\/p>\n<p>Comme vous pouvez le voir, HAB Pharma est assez bien connue et peut se maintenir sur le march\u00e9 pharmaceutique. Seul l&#8217;avenir nous dira jusqu&#8217;o\u00f9 elle ira, mais elle semble se porter tr\u00e8s bien et \u00eatre sur la bonne voie. Les m\u00e9dicaments les plus populaires de cette soci\u00e9t\u00e9, que vous pouvez \u00e9galement commander sur BuyModafinilOnline, sont Modvigil et Artvigil.<\/p>\n<h2>Sun Pharma vs HAB Pharma : laquelle est la meilleure ?<\/h2>\n<p>Comparaison de HAB Pharma et Sun Pharma : laquelle est la meilleure ? Si vous \u00eates un membre de la communaut\u00e9 des nootropes, vous avez probablement entendu ce d\u00e9bat plus de mille fois. Les deux soci\u00e9t\u00e9s sont des g\u00e9ants du march\u00e9 qui se d\u00e9brouillent tr\u00e8s bien et, en tant que tels, il y aura forc\u00e9ment de la concurrence.<\/p>\n<p>En gros, ce sont deux entreprises r\u00e9put\u00e9es et dignes de confiance qui sont vraiment bonnes dans ce qu&#8217;elles font. Ainsi, pour d\u00e9terminer laquelle est la meilleure, il faut tenir compte de vos pr\u00e9f\u00e9rences personnelles et de l&#8217;efficacit\u00e9 de leurs m\u00e9dicaments.<\/p>\n<p>Cependant, d&#8217;apr\u00e8s les critiques, beaucoup de gens semblent pr\u00e9f\u00e9rer Sun Pharmaceuticals. Cette pr\u00e9f\u00e9rence peut \u00eatre bas\u00e9e sur le fait que ce fournisseur est plus populaire. D&#8217;autre part, il y a aussi des utilisateurs qui pr\u00e9f\u00e8rent HAB Pharma et d&#8217;autres qui pensent qu&#8217;il n&#8217;y a pas vraiment de diff\u00e9rence entre les deux g\u00e9ants pharmaceutiques.<\/p>\n<h2>Pourquoi faisons-nous confiance \u00e0 ces fournisseurs ?<\/h2>\n<p>Vous vous demandez pourquoi nous faisons confiance \u00e0 la fois \u00e0 HAB Pharma et \u00e0 Sun Pharma ? C&#8217;est tr\u00e8s simple. Non seulement ils sont assez populaires, mais ils sont aussi tr\u00e8s fiables. Tous deux disposent de laboratoires certifi\u00e9s de classe mondiale o\u00f9 ils effectuent la fabrication. Tous leurs m\u00e9dicaments sont approuv\u00e9s par la Food and Drug Administration des \u00c9tats-Unis et l&#8217;\u00e9quivalent dans d&#8217;autres pays.<\/p>\n<p>Mais ce n&#8217;est pas tout. Ces soci\u00e9t\u00e9s pharmaceutiques ont un certain nombre de certifications ajout\u00e9es \u00e0 leur nom. Elles comprennent :<\/p>\n<ul>\n<li>ISO 9001 (pour la gestion et l&#8217;assurance qualit\u00e9) ;<\/li>\n<li>Certificat BPF (Bonnes pratiques de fabrication) de l&#8217;OMS (Organisation mondiale de la sant\u00e9) ;<\/li>\n<li>la Food and Drug Administration (pour la qualit\u00e9 des produits).<\/li>\n<\/ul>\n<p>Une autre raison pour laquelle nous faisons autant confiance \u00e0 ces fournisseurs est que depuis que nous travaillons avec eux, ils ont toujours respect\u00e9 et m\u00eame d\u00e9pass\u00e9 notre accord de niveau de service (SLA) en termes de livraison et de qualit\u00e9 des m\u00e9dicaments.<\/p>\n<p><a href=\"https:\/\/buymodafinilonline.com\/fr\/\">BuyModafinilOnline<\/a> est la pharmacie en ligne qui propose divers coupons, remises (<a href=\"https:\/\/buymodafinilonline.com\/fr\/payez-avec-des-bitcoins\/\">23 % de r\u00e9duction<\/a> pour les paiements par bitcoin) et offres. Ici, vous pouvez acheter uniquement des m\u00e9dicaments de qualit\u00e9 au meilleur prix.<\/p>\n<p>Ainsi, en r\u00e9ponse aux questions pos\u00e9es plus haut : Proposent-ils des produits standard ? Peut-on leur faire confiance ? La r\u00e9ponse est oui, et oui. Nos clients sont un t\u00e9moignage vivant, car ils ont toujours \u00e9t\u00e9 positifs quant \u00e0 l&#8217;efficacit\u00e9 et \u00e0 la tol\u00e9rance de nos produits.<\/p>\n<p>P.S. Nous nous approvisionnons aupr\u00e8s de ces deux g\u00e9ants pharmaceutiques.<\/p>\n<h3>R\u00e9f\u00e9rences<\/h3>\n<ol>\n<li>Sun Pharmaceuticals. Consult\u00e9 le 8 mars 2020. Wikipedia.org.<\/li>\n<li>Sun Pharmaceutical Industries Ltd. Sunpharma.com.<\/li>\n<li>Aper\u00e7u de HAB Pharma. Habpharma.in.<\/li>\n<\/ol>\n","protected":false},"excerpt":{"rendered":"<p>On n&#8217;ignore plus que l&#8217;Inde est l&#8217;un des plus grands fournisseurs de m\u00e9dicaments en vente libre et de produits g\u00e9n\u00e9riques aux \u00c9tats-Unis. Ensuite, elle repr\u00e9sente, avec le Canada, jusqu&#8217;\u00e0 40 % de l&#8217;ensemble des fournitures faites \u00e0 cette Terre de Libert\u00e9. Principalement gr\u00e2ce \u00e0 deux soci\u00e9t\u00e9s pharmaceutiques notables. Il s&#8217;agit de Sun Pharma et de [&hellip;]<\/p>\n","protected":false},"author":1,"featured_media":0,"parent":0,"menu_order":0,"comment_status":"closed","ping_status":"closed","template":"","meta":{"_acf_changed":false,"footnotes":""},"class_list":["post-400030","page","type-page","status-publish","hentry"],"acf":[],"yoast_head":"<!-- This site is optimized with the Yoast SEO Premium plugin v23.6 (Yoast SEO v27.3) - https:\/\/yoast.com\/product\/yoast-seo-premium-wordpress\/ -->\n<title>Sun Pharma et HAB Pharma : pourquoi leur faire confiance - BuyModafinilOnline<\/title>\n<meta name=\"description\" content=\"Informations compl\u00e8tes sur les fournisseurs de modafinil de Sun Pharma et HAB Pharmaceuticals en Inde. Pourquoi devrions-nous leur faire confiance ? Lisez la v\u00e9rit\u00e9 sur les plus grands fabricants de nootropes g\u00e9n\u00e9riques du monde sur BuyModafinilOnline.\" \/>\n<meta name=\"robots\" content=\"index, follow, max-snippet:-1, max-image-preview:large, max-video-preview:-1\" \/>\n<link rel=\"canonical\" href=\"https:\/\/buymodafinilonline.com\/fr\/devrions-nous-faire-confiance-a-sun-pharma-et-hab-pharma\/\" \/>\n<meta property=\"og:locale\" content=\"fr_FR\" \/>\n<meta property=\"og:type\" content=\"article\" \/>\n<meta property=\"og:title\" content=\"Devrions-nous faire confiance \u00e0 Sun Pharma et HAB Pharma ?\" \/>\n<meta property=\"og:description\" content=\"Informations compl\u00e8tes sur les fournisseurs de modafinil de Sun Pharma et HAB Pharmaceuticals en Inde. Pourquoi devrions-nous leur faire confiance ? Lisez la v\u00e9rit\u00e9 sur les plus grands fabricants de nootropes g\u00e9n\u00e9riques du monde sur BuyModafinilOnline.\" \/>\n<meta property=\"og:url\" content=\"https:\/\/buymodafinilonline.com\/fr\/devrions-nous-faire-confiance-a-sun-pharma-et-hab-pharma\/\" \/>\n<meta property=\"og:site_name\" content=\"BuyModafinilOnline.com\" \/>\n<meta property=\"og:image\" content=\"https:\/\/buymodafinilonline.com\/wp-content\/uploads\/2020\/04\/bmo-featured-trust-sun-pharma-hab.png\" \/>\n<meta name=\"twitter:label1\" content=\"Dur\u00e9e de lecture estim\u00e9e\" \/>\n\t<meta name=\"twitter:data1\" content=\"4 minutes\" \/>\n<script type=\"application\/ld+json\" class=\"yoast-schema-graph\">{\"@context\":\"https:\\\/\\\/schema.org\",\"@graph\":[{\"@type\":\"WebPage\",\"@id\":\"https:\\\/\\\/buymodafinilonline.com\\\/fr\\\/devrions-nous-faire-confiance-a-sun-pharma-et-hab-pharma\\\/\",\"url\":\"https:\\\/\\\/buymodafinilonline.com\\\/fr\\\/devrions-nous-faire-confiance-a-sun-pharma-et-hab-pharma\\\/\",\"name\":\"Sun Pharma et HAB Pharma : pourquoi leur faire confiance - BuyModafinilOnline\",\"isPartOf\":{\"@id\":\"https:\\\/\\\/buymodafinilonline.com\\\/fr\\\/#website\"},\"primaryImageOfPage\":{\"@id\":\"https:\\\/\\\/buymodafinilonline.com\\\/fr\\\/devrions-nous-faire-confiance-a-sun-pharma-et-hab-pharma\\\/#primaryimage\"},\"image\":{\"@id\":\"https:\\\/\\\/buymodafinilonline.com\\\/fr\\\/devrions-nous-faire-confiance-a-sun-pharma-et-hab-pharma\\\/#primaryimage\"},\"thumbnailUrl\":\"https:\\\/\\\/buymodafinilonline.com\\\/wp-content\\\/uploads\\\/2020\\\/04\\\/bmo-featured-trust-sun-pharma-hab.png\",\"datePublished\":\"2020-04-27T07:38:40+00:00\",\"description\":\"Informations compl\u00e8tes sur les fournisseurs de modafinil de Sun Pharma et HAB Pharmaceuticals en Inde. Pourquoi devrions-nous leur faire confiance ? Lisez la v\u00e9rit\u00e9 sur les plus grands fabricants de nootropes g\u00e9n\u00e9riques du monde sur BuyModafinilOnline.\",\"breadcrumb\":{\"@id\":\"https:\\\/\\\/buymodafinilonline.com\\\/fr\\\/devrions-nous-faire-confiance-a-sun-pharma-et-hab-pharma\\\/#breadcrumb\"},\"inLanguage\":\"fr-FR\",\"potentialAction\":[{\"@type\":\"ReadAction\",\"target\":[\"https:\\\/\\\/buymodafinilonline.com\\\/fr\\\/devrions-nous-faire-confiance-a-sun-pharma-et-hab-pharma\\\/\"]}]},{\"@type\":\"ImageObject\",\"inLanguage\":\"fr-FR\",\"@id\":\"https:\\\/\\\/buymodafinilonline.com\\\/fr\\\/devrions-nous-faire-confiance-a-sun-pharma-et-hab-pharma\\\/#primaryimage\",\"url\":\"https:\\\/\\\/buymodafinilonline.com\\\/wp-content\\\/uploads\\\/2020\\\/04\\\/bmo-featured-trust-sun-pharma-hab.png\",\"contentUrl\":\"https:\\\/\\\/buymodafinilonline.com\\\/wp-content\\\/uploads\\\/2020\\\/04\\\/bmo-featured-trust-sun-pharma-hab.png\"},{\"@type\":\"BreadcrumbList\",\"@id\":\"https:\\\/\\\/buymodafinilonline.com\\\/fr\\\/devrions-nous-faire-confiance-a-sun-pharma-et-hab-pharma\\\/#breadcrumb\",\"itemListElement\":[{\"@type\":\"ListItem\",\"position\":1,\"name\":\"Buy Modafinil Online\",\"item\":\"https:\\\/\\\/buymodafinilonline.com\\\/fr\\\/\"},{\"@type\":\"ListItem\",\"position\":2,\"name\":\"Devrions-nous faire confiance \u00e0 Sun Pharma et HAB Pharma ?\"}]},{\"@type\":\"WebSite\",\"@id\":\"https:\\\/\\\/buymodafinilonline.com\\\/fr\\\/#website\",\"url\":\"https:\\\/\\\/buymodafinilonline.com\\\/fr\\\/\",\"name\":\"BuyModafinilOnline.com\",\"description\":\"Modafinil Online Pharmacy\",\"publisher\":{\"@id\":\"https:\\\/\\\/buymodafinilonline.com\\\/fr\\\/#organization\"},\"potentialAction\":[{\"@type\":\"SearchAction\",\"target\":{\"@type\":\"EntryPoint\",\"urlTemplate\":\"https:\\\/\\\/buymodafinilonline.com\\\/fr\\\/?s={search_term_string}\"},\"query-input\":{\"@type\":\"PropertyValueSpecification\",\"valueRequired\":true,\"valueName\":\"search_term_string\"}}],\"inLanguage\":\"fr-FR\"},{\"@type\":\"Organization\",\"@id\":\"https:\\\/\\\/buymodafinilonline.com\\\/fr\\\/#organization\",\"name\":\"BuyModafinilOnline\",\"url\":\"https:\\\/\\\/buymodafinilonline.com\\\/fr\\\/\",\"logo\":{\"@type\":\"ImageObject\",\"inLanguage\":\"fr-FR\",\"@id\":\"https:\\\/\\\/buymodafinilonline.com\\\/fr\\\/#\\\/schema\\\/logo\\\/image\\\/\",\"url\":\"https:\\\/\\\/buymodafinilonline.com\\\/wp-content\\\/uploads\\\/2020\\\/04\\\/logo-buy-modafinil-online-yellow.png\",\"contentUrl\":\"https:\\\/\\\/buymodafinilonline.com\\\/wp-content\\\/uploads\\\/2020\\\/04\\\/logo-buy-modafinil-online-yellow.png\",\"width\":200,\"height\":200,\"caption\":\"BuyModafinilOnline\"},\"image\":{\"@id\":\"https:\\\/\\\/buymodafinilonline.com\\\/fr\\\/#\\\/schema\\\/logo\\\/image\\\/\"}}]}<\/script>\n<!-- \/ Yoast SEO Premium plugin. -->","yoast_head_json":{"title":"Sun Pharma et HAB Pharma : pourquoi leur faire confiance - BuyModafinilOnline","description":"Informations compl\u00e8tes sur les fournisseurs de modafinil de Sun Pharma et HAB Pharmaceuticals en Inde. Pourquoi devrions-nous leur faire confiance ? Lisez la v\u00e9rit\u00e9 sur les plus grands fabricants de nootropes g\u00e9n\u00e9riques du monde sur BuyModafinilOnline.","robots":{"index":"index","follow":"follow","max-snippet":"max-snippet:-1","max-image-preview":"max-image-preview:large","max-video-preview":"max-video-preview:-1"},"canonical":"https:\/\/buymodafinilonline.com\/fr\/devrions-nous-faire-confiance-a-sun-pharma-et-hab-pharma\/","og_locale":"fr_FR","og_type":"article","og_title":"Devrions-nous faire confiance \u00e0 Sun Pharma et HAB Pharma ?","og_description":"Informations compl\u00e8tes sur les fournisseurs de modafinil de Sun Pharma et HAB Pharmaceuticals en Inde. Pourquoi devrions-nous leur faire confiance ? Lisez la v\u00e9rit\u00e9 sur les plus grands fabricants de nootropes g\u00e9n\u00e9riques du monde sur BuyModafinilOnline.","og_url":"https:\/\/buymodafinilonline.com\/fr\/devrions-nous-faire-confiance-a-sun-pharma-et-hab-pharma\/","og_site_name":"BuyModafinilOnline.com","og_image":[{"url":"https:\/\/buymodafinilonline.com\/wp-content\/uploads\/2020\/04\/bmo-featured-trust-sun-pharma-hab.png","type":"","width":"","height":""}],"twitter_misc":{"Dur\u00e9e de lecture estim\u00e9e":"4 minutes"},"schema":{"@context":"https:\/\/schema.org","@graph":[{"@type":"WebPage","@id":"https:\/\/buymodafinilonline.com\/fr\/devrions-nous-faire-confiance-a-sun-pharma-et-hab-pharma\/","url":"https:\/\/buymodafinilonline.com\/fr\/devrions-nous-faire-confiance-a-sun-pharma-et-hab-pharma\/","name":"Sun Pharma et HAB Pharma : pourquoi leur faire confiance - BuyModafinilOnline","isPartOf":{"@id":"https:\/\/buymodafinilonline.com\/fr\/#website"},"primaryImageOfPage":{"@id":"https:\/\/buymodafinilonline.com\/fr\/devrions-nous-faire-confiance-a-sun-pharma-et-hab-pharma\/#primaryimage"},"image":{"@id":"https:\/\/buymodafinilonline.com\/fr\/devrions-nous-faire-confiance-a-sun-pharma-et-hab-pharma\/#primaryimage"},"thumbnailUrl":"https:\/\/buymodafinilonline.com\/wp-content\/uploads\/2020\/04\/bmo-featured-trust-sun-pharma-hab.png","datePublished":"2020-04-27T07:38:40+00:00","description":"Informations compl\u00e8tes sur les fournisseurs de modafinil de Sun Pharma et HAB Pharmaceuticals en Inde. Pourquoi devrions-nous leur faire confiance ? Lisez la v\u00e9rit\u00e9 sur les plus grands fabricants de nootropes g\u00e9n\u00e9riques du monde sur BuyModafinilOnline.","breadcrumb":{"@id":"https:\/\/buymodafinilonline.com\/fr\/devrions-nous-faire-confiance-a-sun-pharma-et-hab-pharma\/#breadcrumb"},"inLanguage":"fr-FR","potentialAction":[{"@type":"ReadAction","target":["https:\/\/buymodafinilonline.com\/fr\/devrions-nous-faire-confiance-a-sun-pharma-et-hab-pharma\/"]}]},{"@type":"ImageObject","inLanguage":"fr-FR","@id":"https:\/\/buymodafinilonline.com\/fr\/devrions-nous-faire-confiance-a-sun-pharma-et-hab-pharma\/#primaryimage","url":"https:\/\/buymodafinilonline.com\/wp-content\/uploads\/2020\/04\/bmo-featured-trust-sun-pharma-hab.png","contentUrl":"https:\/\/buymodafinilonline.com\/wp-content\/uploads\/2020\/04\/bmo-featured-trust-sun-pharma-hab.png"},{"@type":"BreadcrumbList","@id":"https:\/\/buymodafinilonline.com\/fr\/devrions-nous-faire-confiance-a-sun-pharma-et-hab-pharma\/#breadcrumb","itemListElement":[{"@type":"ListItem","position":1,"name":"Buy Modafinil Online","item":"https:\/\/buymodafinilonline.com\/fr\/"},{"@type":"ListItem","position":2,"name":"Devrions-nous faire confiance \u00e0 Sun Pharma et HAB Pharma ?"}]},{"@type":"WebSite","@id":"https:\/\/buymodafinilonline.com\/fr\/#website","url":"https:\/\/buymodafinilonline.com\/fr\/","name":"BuyModafinilOnline.com","description":"Modafinil Online Pharmacy","publisher":{"@id":"https:\/\/buymodafinilonline.com\/fr\/#organization"},"potentialAction":[{"@type":"SearchAction","target":{"@type":"EntryPoint","urlTemplate":"https:\/\/buymodafinilonline.com\/fr\/?s={search_term_string}"},"query-input":{"@type":"PropertyValueSpecification","valueRequired":true,"valueName":"search_term_string"}}],"inLanguage":"fr-FR"},{"@type":"Organization","@id":"https:\/\/buymodafinilonline.com\/fr\/#organization","name":"BuyModafinilOnline","url":"https:\/\/buymodafinilonline.com\/fr\/","logo":{"@type":"ImageObject","inLanguage":"fr-FR","@id":"https:\/\/buymodafinilonline.com\/fr\/#\/schema\/logo\/image\/","url":"https:\/\/buymodafinilonline.com\/wp-content\/uploads\/2020\/04\/logo-buy-modafinil-online-yellow.png","contentUrl":"https:\/\/buymodafinilonline.com\/wp-content\/uploads\/2020\/04\/logo-buy-modafinil-online-yellow.png","width":200,"height":200,"caption":"BuyModafinilOnline"},"image":{"@id":"https:\/\/buymodafinilonline.com\/fr\/#\/schema\/logo\/image\/"}}]}},"_links":{"self":[{"href":"https:\/\/buymodafinilonline.com\/fr\/wp-json\/wp\/v2\/pages\/400030","targetHints":{"allow":["GET"]}}],"collection":[{"href":"https:\/\/buymodafinilonline.com\/fr\/wp-json\/wp\/v2\/pages"}],"about":[{"href":"https:\/\/buymodafinilonline.com\/fr\/wp-json\/wp\/v2\/types\/page"}],"author":[{"embeddable":true,"href":"https:\/\/buymodafinilonline.com\/fr\/wp-json\/wp\/v2\/users\/1"}],"replies":[{"embeddable":true,"href":"https:\/\/buymodafinilonline.com\/fr\/wp-json\/wp\/v2\/comments?post=400030"}],"version-history":[{"count":0,"href":"https:\/\/buymodafinilonline.com\/fr\/wp-json\/wp\/v2\/pages\/400030\/revisions"}],"wp:attachment":[{"href":"https:\/\/buymodafinilonline.com\/fr\/wp-json\/wp\/v2\/media?parent=400030"}],"curies":[{"name":"wp","href":"https:\/\/api.w.org\/{rel}","templated":true}]}}