{"id":402437,"date":"2020-05-11T21:49:41","date_gmt":"2020-05-11T20:49:41","guid":{"rendered":"https:\/\/buymodafinilonline.com\/?page_id=402437"},"modified":"2021-03-15T13:34:21","modified_gmt":"2021-03-15T12:34:21","slug":"meilleur-fournisseur-france","status":"publish","type":"page","link":"https:\/\/buymodafinilonline.com\/fr\/meilleur-fournisseur-france\/","title":{"rendered":"Trouvez le meilleur fournisseur de modafinil en France"},"content":{"rendered":"\t\t<div data-elementor-type=\"wp-page\" data-elementor-id=\"402437\" class=\"elementor elementor-402437 elementor-395582\" data-elementor-post-type=\"page\">\n\t\t\t\t\t\t<section class=\"elementor-section elementor-top-section elementor-element elementor-element-55b16352 elementor-section-boxed elementor-section-height-default elementor-section-height-default\" data-id=\"55b16352\" data-element_type=\"section\" data-e-type=\"section\">\n\t\t\t\t\t\t<div class=\"elementor-container elementor-column-gap-default\">\n\t\t\t\t\t<div class=\"elementor-column elementor-col-100 elementor-top-column elementor-element elementor-element-2e8f577c\" data-id=\"2e8f577c\" data-element_type=\"column\" data-e-type=\"column\">\n\t\t\t<div class=\"elementor-widget-wrap elementor-element-populated\">\n\t\t\t\t\t\t<div class=\"elementor-element elementor-element-1b15c47 elementor-widget elementor-widget-spacer\" data-id=\"1b15c47\" data-element_type=\"widget\" data-e-type=\"widget\" data-widget_type=\"spacer.default\">\n\t\t\t\t\t\t\t<div class=\"elementor-spacer\">\n\t\t\t<div class=\"elementor-spacer-inner\"><\/div>\n\t\t<\/div>\n\t\t\t\t\t\t<\/div>\n\t\t\t\t<div class=\"elementor-element elementor-element-6e83962a elementor-headline--style-highlight elementor-widget elementor-widget-animated-headline\" data-id=\"6e83962a\" data-element_type=\"widget\" data-e-type=\"widget\" data-settings=\"{&quot;highlighted_text&quot;:&quot;exp\\u00e9dions le modafinil rapidement&quot;,&quot;headline_style&quot;:&quot;highlight&quot;,&quot;marker&quot;:&quot;circle&quot;,&quot;loop&quot;:&quot;yes&quot;,&quot;highlight_animation_duration&quot;:1200,&quot;highlight_iteration_delay&quot;:8000}\" data-widget_type=\"animated-headline.default\">\n\t\t\t\t\t\t\t<h1 class=\"elementor-headline\">\n\t\t\t\t\t<span class=\"elementor-headline-plain-text elementor-headline-text-wrapper\">Nous <\/span>\n\t\t\t\t<span class=\"elementor-headline-dynamic-wrapper elementor-headline-text-wrapper\">\n\t\t\t\t\t<span class=\"elementor-headline-dynamic-text elementor-headline-text-active\">exp\u00e9dions le modafinil rapidement<\/span>\n\t\t\t\t<\/span>\n\t\t\t\t\t<span class=\"elementor-headline-plain-text elementor-headline-text-wrapper\">en \ud83c\uddeb\ud83c\uddf7 France, dans tous les \ud83c\uddea\ud83c\uddfa pays de l'UE et dans le monde entier<\/span>\n\t\t\t\t\t<\/h1>\n\t\t\t\t\t\t<\/div>\n\t\t\t\t<div class=\"elementor-element elementor-element-5e9de38a elementor-widget elementor-widget-text-editor\" data-id=\"5e9de38a\" data-element_type=\"widget\" data-e-type=\"widget\" data-widget_type=\"text-editor.default\">\n\t\t\t\t\t\t\t\t\t<p style=\"text-align: center;\"><p style=\"text-align: center;\">L&#8217;exp\u00e9dition de modafinil aux clients de \ud83c\uddeb\ud83c\uddf7 France et des pays de \ud83c\uddea\ud83c\uddfa\u00a0l&#8217;UE\u00a0n\u00e9cessite des d\u00e9penses suppl\u00e9mentaires de notre part, telles que des entrep\u00f4ts bas\u00e9s en Pologne et en Hongrie (membres de l&#8217;Union douani\u00e8re de l&#8217;Union europ\u00e9enne) afin d&#8217;\u00e9viter tout contr\u00f4le douanier, des droits de douane lors de l&#8217;importation de m\u00e9dicaments Rx dans la zone UE et davantage de personnel. Pour ces raisons, les prix du modafinil pour l&#8217;Europe sont plus \u00e9lev\u00e9s. Les frais d&#8217;exp\u00e9dition dans l&#8217;UE comprennent tous ces frais et sont calcul\u00e9s comme suit: 49 \u20ac\u00a0plus 50% suppl\u00e9mentaires du co\u00fbt du produit. Malheureusement, nous ne pouvons pas offrir la livraison gratuite vers l&#8217;UE ni aucune r\u00e9duction sur les frais d&#8217;exp\u00e9dition de l&#8217;UE.<\/p>\r\n<p style=\"text-align: center;\">Nos prix pour l&#8217;UE sont plus \u00e9lev\u00e9s car nous proposons des r\u00e9exp\u00e9ditions gratuites si n\u00e9cessaire, nous vous garantissons donc que vous recevrez enfin votre colis ou que vous r\u00e9cup\u00e9rerez votre argent.<\/p>\r\n<p style=\"text-align: center;\">De plus, vous pouvez essayer de vous inscrire sur le service de r\u00e9exp\u00e9dition Skypax qui est un service de r\u00e9exp\u00e9dition de colis qui vous permet de passer une commande \u00e0 votre adresse au Royaume-Uni, puis de r\u00e9exp\u00e9dier le colis dans votre pays de l&#8217;UE \u00e0 vos frais. Plus de 80\u00a0% des colis passent sans probl\u00e8me aux douanes de l&#8217;UE dans ce cas.<\/p>\r\n<p style=\"text-align: center;\">Notre processus d&#8217;exp\u00e9dition est davantage ax\u00e9 sur la facilit\u00e9 de vos colis \u00e0 transiter par les syst\u00e8mes postaux que sur la vitesse globale. Un colis bien envoy\u00e9 qui n&#8217;a pas besoin d&#8217;\u00eatre r\u00e9exp\u00e9di\u00e9 arrivera presque toujours plus t\u00f4t qu&#8217;un autre qui a rapidement transit\u00e9 par le syst\u00e8me postal. Si votre commande est arr\u00eat\u00e9e pendant plus de 15 jours ouvrables, nous vous enverrons une r\u00e9exp\u00e9dition gratuite. Ce n&#8217;est pas automatique, merci de nous contacter.<\/p>\r\n<p style=\"text-align: center;\">Si votre commande ne vous parvient pas pour une raison autre que le fait de nous donner une adresse de livraison incorrecte ou de ne pas \u00eatre \u00e0 la maison pour recevoir votre livraison, nous vous r\u00e9exp\u00e9dierons sans h\u00e9sitation. Tous les colis sont emball\u00e9s dans un emballage quelconque et discret et ils ne peuvent pas \u00eatre retourn\u00e9s \u00e0 l&#8217;exp\u00e9diteur.<\/p><\/p>\n\t\t\t\t\t\t\t\t<\/div>\n\t\t\t\t\t<\/div>\n\t\t<\/div>\n\t\t\t\t\t<\/div>\n\t\t<\/section>\n\t\t\t\t<section class=\"elementor-section elementor-top-section elementor-element elementor-element-0ca9756 elementor-section-boxed elementor-section-height-default elementor-section-height-default\" data-id=\"0ca9756\" data-element_type=\"section\" data-e-type=\"section\">\n\t\t\t\t\t\t<div class=\"elementor-container elementor-column-gap-default\">\n\t\t\t\t\t<div class=\"elementor-column elementor-col-100 elementor-top-column elementor-element elementor-element-511b93d\" data-id=\"511b93d\" data-element_type=\"column\" data-e-type=\"column\">\n\t\t\t<div class=\"elementor-widget-wrap elementor-element-populated\">\n\t\t\t\t\t\t<div class=\"elementor-element elementor-element-762fb83 elementor-widget elementor-widget-text-editor\" data-id=\"762fb83\" data-element_type=\"widget\" data-e-type=\"widget\" data-widget_type=\"text-editor.default\">\n\t\t\t\t\t\t\t\t\t<p>[vc_column width=&#8221;1\/2&#8243;]\r\n<p>Toutes nos marques g\u00e9n\u00e9riques de modafinil sont fabriqu\u00e9es en Inde et exp\u00e9di\u00e9es d&#8217;abord \u00e0 notre entrep\u00f4t dans l&#8217;UE (Pologne et Allemagne), o\u00f9 nous emballons toutes les commandes, puis exp\u00e9dions vers les pays europ\u00e9ens.<\/p>\r\n<p>Nous exp\u00e9dions 95\u00a0% des colis de l&#8217;UE depuis la Pologne et l&#8217;Allemagne car l&#8217;exp\u00e9dition \u00e0 partir de l\u00e0 est beaucoup plus rapide par rapport \u00e0 l&#8217;Inde et il n&#8217;y a pas de contr\u00f4le aux fronti\u00e8res entre les pays de l&#8217;UE, donc votre colis vous parviendra sans aucun probl\u00e8me car il ne passe pas par la douane . Comme nous utilisons nos m\u00e9thodes d&#8217;acheminement et d&#8217;exp\u00e9dition de colis exclusivement con\u00e7ues, l&#8217;exp\u00e9dition dans l&#8217;UE prend en moyenne 7 \u00e0 12 jours.<\/p>\r\n<h4>Nous exp\u00e9dions modafinil rapidement et directement<\/h4>\r\n<p>Nous exp\u00e9dions d\u00e9sormais du modafinil g\u00e9n\u00e9rique en \ud83c\uddeb\ud83c\uddf7 France et dans toute l&#8217;Europe depuis notre entrep\u00f4t dans l&#8217;UE pour \u00e9viter les probl\u00e8mes de douane avec une livraison garantie \u00e0 100\u00a0%, et nous livrons \u00e9galement avec succ\u00e8s des colis aux \ud83c\uddfa\ud83c\uddf8 \u00c9tats-Unis, au Royaume-Uni et \ud83c\udde6\ud83c\uddfa L&#8217;Australie a exp\u00e9di\u00e9 directement de nos fabricants en Inde et des entrep\u00f4ts suppl\u00e9mentaires \u00e0 Singapour et \u00e0 Duba\u00ef.<\/p>\r\n<h4>Frais d&#8217;exp\u00e9dition<\/h4>\r\n<p>Livraison dans l&#8217;UE 49 \u20ac plus 50% du total de votre commande (pas de livraison gratuite disponible)<\/p>\r\n<h4>Trouvez le meilleur vendeur de modafinil pr\u00e8s de chez vous<\/h4>\r\n<p>Si vous vivez dans l&#8217;un des pays suivants, <a href=\"\/go\/modworldwide\/\" target=\"_blank\" rel=\"noopener noreferrer\">utilisez ce lien pour trouver le meilleur<\/a> fournisseur local de modafinil pr\u00e8s de chez vous.<\/p>\r\n<ul>\r\n<li>\ud83c\uddf3\ud83c\uddff Nouvelle Z\u00e9lande;<\/li>\r\n<li>\ud83c\uddf9\ud83c\udded Tha\u00eflande.<\/li>\r\n<\/ul>\r\n<p>Par exemple, il existe en Europe quelques vendeurs de modafinil r\u00e9put\u00e9s qui exp\u00e9dient des colis depuis (dans) les pays de l&#8217;Union europ\u00e9enne (Hongrie, Allemagne et Pologne).<\/p>\r\n<p>Actuellement, les fonctionnaires charg\u00e9s du contr\u00f4le aux fronti\u00e8res de l&#8217;UE retiennent 90 % des colis qui proviennent de l&#8217;\u00e9tranger. Pour cette raison, acheter du modafinil aupr\u00e8s de vendeurs locaux fiables et de confiance est la seule option si vous vivez en France, en Italie, en Allemagne, aux Pays-Bas, en Espagne, au Portugal, en Su\u00e8de, etc.<\/p>\r\n[\/vc_column][vc_column width=&#8221;1\/2&#8243;]\r\n<p>\ud83c\udf0e Il est conseill\u00e9 aux autres pays ayant des lois douani\u00e8res strictes d&#8217;utiliser un service de r\u00e9exp\u00e9dition britannique tel que Skypax. Il accepte votre colis \u00e0 son adresse, le reconditionne et le marque comme \u00abproduits de sant\u00e9\u00bb si n\u00e9cessaire. Quelques jours plus tard, il achemine votre nouveau colis de son entrep\u00f4t britannique vers votre pays. Il faut normalement environ un mois pour que votre colis soit livr\u00e9 \u00e0 votre adresse de livraison.<\/p>\r\n<p>\r\n\r\n<\/p>\r\n<h4 class=\"wp-block-heading\">Emballage discret et garantie de livraison \u00e0 100%<\/h4>\r\n<p>\r\n\r\n<\/p>\r\n<p>BuyModafinilOnline offre un emballage super discret et une exp\u00e9dition rapide de modafinil.<\/p>\r\n<p>\r\n\r\n<\/p>\r\n<p>Une d\u00e9claration en douane sera jointe \u00e0 votre colis pour fournir aux autorit\u00e9s douani\u00e8res des informations sur le produit que vous importez dans le pays. Nous devons l&#8217;attacher au colis, le droit postal international l&#8217;exige.<\/p>\r\n<p>\r\n\r\n<\/p>\r\n<p>Concernant votre vie priv\u00e9e, nous \u00e9tiquetons tous nos produits comme des compl\u00e9ments de sant\u00e9, et cela fonctionne dans 99,9% des cas. Si vous \u00eates le \u00abchanceux\u00bb et que les douanes retarderont votre colis, il sera d\u00e9truit. Mais ne vous inqui\u00e9tez pas &#8211; r\u00e9exp\u00e9diera votre colis gratuitement.<\/p>\r\n<p>\r\n\r\n<\/p>\r\n<p>C&#8217;est pourquoi nous divisons les commandes group\u00e9es de plus de 300 comprim\u00e9s en plusieurs paquets et les exp\u00e9dions s\u00e9par\u00e9ment tous les 5-7 jours.<\/p>\r\n<p>\r\n\r\n<\/p>\r\n<h4 class=\"wp-block-heading\">Remboursements et r\u00e9exp\u00e9ditions gratuites<\/h4>\r\n<p>\r\n\r\n<\/p>\r\n<p>Nous voulons que vous viviez une exp\u00e9rience tr\u00e8s positive avec nous.<\/p>\r\n<p>\r\n\r\n<\/p>\r\n<p>La plupart de nos livraisons sont sans tracas. Dans le cas peu probable, en cas de probl\u00e8me avec un produit, notre politique de remboursement garantit que nos clients sont satisfaits \u00e0 100% du produit qu&#8217;ils ont command\u00e9 ou qu&#8217;ils re\u00e7oivent toujours un remboursement.<\/p>\r\n<p>\r\n\r\n<\/p>\r\n<p>Si votre colis est coinc\u00e9 \u00e0 la douane ou se perd, nous vous offrirons un remboursement complet ou le r\u00e9exp\u00e9dierons gratuitement si vous le souhaitez.<\/p>\r\n<p>\r\n\r\n<\/p>\r\n<h4 class=\"wp-block-heading\">Suivre l&#8217;\u00e9tat de la commande<\/h4>\r\n<p>\r\n\r\n<\/p>\r\n<p>Vous pourrez suivre votre colis une fois qu&#8217;il aura atteint le pays de destination. Consultez notre page FAQ sur le suivi des commandes sp\u00e9ciales pour en savoir plus.<\/p>\r\n<p>\r\n\r\n<\/p>\r\n<p>Entrez votre num\u00e9ro de suivi ci-dessous (par exemple, LT105608935SG), cliquez sur le bouton Suivi et s\u00e9lectionnez Singapore Post pour la derni\u00e8re mise \u00e0 jour de suivi.<\/p>\r\n[\/vc_column]\r\n<p><div class=\"su-divider su-divider-style-default\" style=\"margin:10px 0;border-width:3px;border-color:#ffffff00\"><a href=\"#\" style=\"color:#ffffff009\">.<\/a><\/div><\/p><\/p>\t\t\t\t\t\t\t\t<\/div>\n\t\t\t\t\t<\/div>\n\t\t<\/div>\n\t\t\t\t\t<\/div>\n\t\t<\/section>\n\t\t\t\t<\/div>\n\t\t","protected":false},"excerpt":{"rendered":"<p>Nous exp\u00e9dions le modafinil rapidement en \ud83c\uddeb\ud83c\uddf7 France, dans tous les \ud83c\uddea\ud83c\uddfa pays de l&#8217;UE et dans le monde entier<\/p>\n","protected":false},"author":1,"featured_media":0,"parent":0,"menu_order":0,"comment_status":"closed","ping_status":"closed","template":"elementor_header_footer","meta":{"_acf_changed":false,"footnotes":""},"class_list":["post-402437","page","type-page","status-publish","hentry"],"acf":[],"yoast_head":"<!-- This site is optimized with the Yoast SEO Premium plugin v23.6 (Yoast SEO v27.3) - https:\/\/yoast.com\/product\/yoast-seo-premium-wordpress\/ -->\n<title>Trouvez le meilleur fournisseur de modafinil en France<\/title>\n<meta name=\"description\" content=\"Les fonctionnaires charg\u00e9s du contr\u00f4le aux fronti\u00e8res de l\u2019UE retiennent 90 % des colis qui proviennent de l\u2019\u00e9tranger. Acheter du modafinil aupr\u00e8s de vendeurs locaux fiables et de confiance est la seule option si vous vivez en France, en Italie, en Allemagne, aux Pays-Bas, en Espagne, au Portugal, en Su\u00e8de, etc.\" \/>\n<meta name=\"robots\" content=\"index, follow, max-snippet:-1, max-image-preview:large, max-video-preview:-1\" \/>\n<link rel=\"canonical\" href=\"https:\/\/buymodafinilonline.com\/fr\/meilleur-fournisseur-france\/\" \/>\n<meta property=\"og:locale\" content=\"fr_FR\" \/>\n<meta property=\"og:type\" content=\"article\" \/>\n<meta property=\"og:title\" content=\"Trouvez le meilleur fournisseur de modafinil en France\" \/>\n<meta property=\"og:description\" content=\"Les fonctionnaires charg\u00e9s du contr\u00f4le aux fronti\u00e8res de l\u2019UE retiennent 90 % des colis qui proviennent de l\u2019\u00e9tranger. Acheter du modafinil aupr\u00e8s de vendeurs locaux fiables et de confiance est la seule option si vous vivez en France, en Italie, en Allemagne, aux Pays-Bas, en Espagne, au Portugal, en Su\u00e8de, etc.\" \/>\n<meta property=\"og:url\" content=\"https:\/\/buymodafinilonline.com\/fr\/meilleur-fournisseur-france\/\" \/>\n<meta property=\"og:site_name\" content=\"BuyModafinilOnline.com\" \/>\n<meta property=\"article:modified_time\" content=\"2021-03-15T12:34:21+00:00\" \/>\n<script type=\"application\/ld+json\" class=\"yoast-schema-graph\">{\"@context\":\"https:\\\/\\\/schema.org\",\"@graph\":[{\"@type\":\"WebPage\",\"@id\":\"https:\\\/\\\/buymodafinilonline.com\\\/fr\\\/meilleur-fournisseur-france\\\/\",\"url\":\"https:\\\/\\\/buymodafinilonline.com\\\/fr\\\/meilleur-fournisseur-france\\\/\",\"name\":\"Trouvez le meilleur fournisseur de modafinil en France\",\"isPartOf\":{\"@id\":\"https:\\\/\\\/buymodafinilonline.com\\\/fr\\\/#website\"},\"datePublished\":\"2020-05-11T20:49:41+00:00\",\"dateModified\":\"2021-03-15T12:34:21+00:00\",\"description\":\"Les fonctionnaires charg\u00e9s du contr\u00f4le aux fronti\u00e8res de l\u2019UE retiennent 90 % des colis qui proviennent de l\u2019\u00e9tranger. Acheter du modafinil aupr\u00e8s de vendeurs locaux fiables et de confiance est la seule option si vous vivez en France, en Italie, en Allemagne, aux Pays-Bas, en Espagne, au Portugal, en Su\u00e8de, etc.\",\"breadcrumb\":{\"@id\":\"https:\\\/\\\/buymodafinilonline.com\\\/fr\\\/meilleur-fournisseur-france\\\/#breadcrumb\"},\"inLanguage\":\"fr-FR\",\"potentialAction\":[{\"@type\":\"ReadAction\",\"target\":[\"https:\\\/\\\/buymodafinilonline.com\\\/fr\\\/meilleur-fournisseur-france\\\/\"]}]},{\"@type\":\"BreadcrumbList\",\"@id\":\"https:\\\/\\\/buymodafinilonline.com\\\/fr\\\/meilleur-fournisseur-france\\\/#breadcrumb\",\"itemListElement\":[{\"@type\":\"ListItem\",\"position\":1,\"name\":\"Buy Modafinil Online\",\"item\":\"https:\\\/\\\/buymodafinilonline.com\\\/fr\\\/\"},{\"@type\":\"ListItem\",\"position\":2,\"name\":\"Trouvez le meilleur fournisseur de modafinil en France\"}]},{\"@type\":\"WebSite\",\"@id\":\"https:\\\/\\\/buymodafinilonline.com\\\/fr\\\/#website\",\"url\":\"https:\\\/\\\/buymodafinilonline.com\\\/fr\\\/\",\"name\":\"BuyModafinilOnline.com\",\"description\":\"Modafinil Online Pharmacy\",\"publisher\":{\"@id\":\"https:\\\/\\\/buymodafinilonline.com\\\/fr\\\/#organization\"},\"potentialAction\":[{\"@type\":\"SearchAction\",\"target\":{\"@type\":\"EntryPoint\",\"urlTemplate\":\"https:\\\/\\\/buymodafinilonline.com\\\/fr\\\/?s={search_term_string}\"},\"query-input\":{\"@type\":\"PropertyValueSpecification\",\"valueRequired\":true,\"valueName\":\"search_term_string\"}}],\"inLanguage\":\"fr-FR\"},{\"@type\":\"Organization\",\"@id\":\"https:\\\/\\\/buymodafinilonline.com\\\/fr\\\/#organization\",\"name\":\"BuyModafinilOnline\",\"url\":\"https:\\\/\\\/buymodafinilonline.com\\\/fr\\\/\",\"logo\":{\"@type\":\"ImageObject\",\"inLanguage\":\"fr-FR\",\"@id\":\"https:\\\/\\\/buymodafinilonline.com\\\/fr\\\/#\\\/schema\\\/logo\\\/image\\\/\",\"url\":\"https:\\\/\\\/buymodafinilonline.com\\\/wp-content\\\/uploads\\\/2020\\\/04\\\/logo-buy-modafinil-online-yellow.png\",\"contentUrl\":\"https:\\\/\\\/buymodafinilonline.com\\\/wp-content\\\/uploads\\\/2020\\\/04\\\/logo-buy-modafinil-online-yellow.png\",\"width\":200,\"height\":200,\"caption\":\"BuyModafinilOnline\"},\"image\":{\"@id\":\"https:\\\/\\\/buymodafinilonline.com\\\/fr\\\/#\\\/schema\\\/logo\\\/image\\\/\"}}]}<\/script>\n<!-- \/ Yoast SEO Premium plugin. -->","yoast_head_json":{"title":"Trouvez le meilleur fournisseur de modafinil en France","description":"Les fonctionnaires charg\u00e9s du contr\u00f4le aux fronti\u00e8res de l\u2019UE retiennent 90 % des colis qui proviennent de l\u2019\u00e9tranger. Acheter du modafinil aupr\u00e8s de vendeurs locaux fiables et de confiance est la seule option si vous vivez en France, en Italie, en Allemagne, aux Pays-Bas, en Espagne, au Portugal, en Su\u00e8de, etc.","robots":{"index":"index","follow":"follow","max-snippet":"max-snippet:-1","max-image-preview":"max-image-preview:large","max-video-preview":"max-video-preview:-1"},"canonical":"https:\/\/buymodafinilonline.com\/fr\/meilleur-fournisseur-france\/","og_locale":"fr_FR","og_type":"article","og_title":"Trouvez le meilleur fournisseur de modafinil en France","og_description":"Les fonctionnaires charg\u00e9s du contr\u00f4le aux fronti\u00e8res de l\u2019UE retiennent 90 % des colis qui proviennent de l\u2019\u00e9tranger. Acheter du modafinil aupr\u00e8s de vendeurs locaux fiables et de confiance est la seule option si vous vivez en France, en Italie, en Allemagne, aux Pays-Bas, en Espagne, au Portugal, en Su\u00e8de, etc.","og_url":"https:\/\/buymodafinilonline.com\/fr\/meilleur-fournisseur-france\/","og_site_name":"BuyModafinilOnline.com","article_modified_time":"2021-03-15T12:34:21+00:00","schema":{"@context":"https:\/\/schema.org","@graph":[{"@type":"WebPage","@id":"https:\/\/buymodafinilonline.com\/fr\/meilleur-fournisseur-france\/","url":"https:\/\/buymodafinilonline.com\/fr\/meilleur-fournisseur-france\/","name":"Trouvez le meilleur fournisseur de modafinil en France","isPartOf":{"@id":"https:\/\/buymodafinilonline.com\/fr\/#website"},"datePublished":"2020-05-11T20:49:41+00:00","dateModified":"2021-03-15T12:34:21+00:00","description":"Les fonctionnaires charg\u00e9s du contr\u00f4le aux fronti\u00e8res de l\u2019UE retiennent 90 % des colis qui proviennent de l\u2019\u00e9tranger. Acheter du modafinil aupr\u00e8s de vendeurs locaux fiables et de confiance est la seule option si vous vivez en France, en Italie, en Allemagne, aux Pays-Bas, en Espagne, au Portugal, en Su\u00e8de, etc.","breadcrumb":{"@id":"https:\/\/buymodafinilonline.com\/fr\/meilleur-fournisseur-france\/#breadcrumb"},"inLanguage":"fr-FR","potentialAction":[{"@type":"ReadAction","target":["https:\/\/buymodafinilonline.com\/fr\/meilleur-fournisseur-france\/"]}]},{"@type":"BreadcrumbList","@id":"https:\/\/buymodafinilonline.com\/fr\/meilleur-fournisseur-france\/#breadcrumb","itemListElement":[{"@type":"ListItem","position":1,"name":"Buy Modafinil Online","item":"https:\/\/buymodafinilonline.com\/fr\/"},{"@type":"ListItem","position":2,"name":"Trouvez le meilleur fournisseur de modafinil en France"}]},{"@type":"WebSite","@id":"https:\/\/buymodafinilonline.com\/fr\/#website","url":"https:\/\/buymodafinilonline.com\/fr\/","name":"BuyModafinilOnline.com","description":"Modafinil Online Pharmacy","publisher":{"@id":"https:\/\/buymodafinilonline.com\/fr\/#organization"},"potentialAction":[{"@type":"SearchAction","target":{"@type":"EntryPoint","urlTemplate":"https:\/\/buymodafinilonline.com\/fr\/?s={search_term_string}"},"query-input":{"@type":"PropertyValueSpecification","valueRequired":true,"valueName":"search_term_string"}}],"inLanguage":"fr-FR"},{"@type":"Organization","@id":"https:\/\/buymodafinilonline.com\/fr\/#organization","name":"BuyModafinilOnline","url":"https:\/\/buymodafinilonline.com\/fr\/","logo":{"@type":"ImageObject","inLanguage":"fr-FR","@id":"https:\/\/buymodafinilonline.com\/fr\/#\/schema\/logo\/image\/","url":"https:\/\/buymodafinilonline.com\/wp-content\/uploads\/2020\/04\/logo-buy-modafinil-online-yellow.png","contentUrl":"https:\/\/buymodafinilonline.com\/wp-content\/uploads\/2020\/04\/logo-buy-modafinil-online-yellow.png","width":200,"height":200,"caption":"BuyModafinilOnline"},"image":{"@id":"https:\/\/buymodafinilonline.com\/fr\/#\/schema\/logo\/image\/"}}]}},"_links":{"self":[{"href":"https:\/\/buymodafinilonline.com\/fr\/wp-json\/wp\/v2\/pages\/402437","targetHints":{"allow":["GET"]}}],"collection":[{"href":"https:\/\/buymodafinilonline.com\/fr\/wp-json\/wp\/v2\/pages"}],"about":[{"href":"https:\/\/buymodafinilonline.com\/fr\/wp-json\/wp\/v2\/types\/page"}],"author":[{"embeddable":true,"href":"https:\/\/buymodafinilonline.com\/fr\/wp-json\/wp\/v2\/users\/1"}],"replies":[{"embeddable":true,"href":"https:\/\/buymodafinilonline.com\/fr\/wp-json\/wp\/v2\/comments?post=402437"}],"version-history":[{"count":8,"href":"https:\/\/buymodafinilonline.com\/fr\/wp-json\/wp\/v2\/pages\/402437\/revisions"}],"predecessor-version":[{"id":416842,"href":"https:\/\/buymodafinilonline.com\/fr\/wp-json\/wp\/v2\/pages\/402437\/revisions\/416842"}],"wp:attachment":[{"href":"https:\/\/buymodafinilonline.com\/fr\/wp-json\/wp\/v2\/media?parent=402437"}],"curies":[{"name":"wp","href":"https:\/\/api.w.org\/{rel}","templated":true}]}}