{"id":396396,"date":"2020-03-23T19:42:04","date_gmt":"2020-03-23T18:42:04","guid":{"rendered":"https:\/\/buymodafinilonline.com\/smart-drugs\/modvigil-200-mg\/"},"modified":"2026-01-28T19:08:54","modified_gmt":"2026-01-28T18:08:54","slug":"modvigil-200-mg","status":"publish","type":"product","link":"https:\/\/buymodafinilonline.com\/fr\/medicaments-intelligents\/modvigil-200-mg\/","title":{"rendered":"Modvigil 200 mg"},"content":{"rendered":"[vc_column width=&#8221;1\/2&#8243;]\n<div class=\"su-divider su-divider-style-default\" style=\"margin:10px 0;border-width:3px;border-color:#ffffff00\"><a href=\"#\" style=\"color:#ffffff009\">.<\/a><\/div>\n<h2>Qu&#8217;est-ce que Modvigil 200mg ?<\/h2>\n<div class=\"su-divider su-divider-style-default\" style=\"margin:10px 0;border-width:3px;border-color:#ffffff00\"><a href=\"#\" style=\"color:#ffffff009\">.<\/a><\/div>\nEn termes simples, Modvigil est une forme g\u00e9n\u00e9rique de Modafinil, fabriqu\u00e9e par HAB Pharmaceuticals. Il est principalement utilis\u00e9 pour favoriser l&#8217;\u00e9veil et la vigilance chez les patients qui souffrent de somnolence diurne. <\/p>\n<p>En g\u00e9n\u00e9ral, les patients narcoleptiques ou les personnes souffrant d&#8217;apn\u00e9e obstructive du sommeil et de troubles du travail post\u00e9 peuvent avoir du mal \u00e0 rester alertes. Heureusement, cette pilule peut les aider \u00e0 am\u00e9liorer leur \u00e9tat d&#8217;\u00e9veil et \u00e0 rester alertes physiquement et mentalement. Dans le m\u00eame ordre d&#8217;id\u00e9es, un grand nombre d&#8217;\u00e9tudiants utilisent Modvigil pour am\u00e9liorer leurs habitudes d&#8217;\u00e9tude et leurs performances cognitives.  <\/p>\n<p>Au fil des ans, la popularit\u00e9 du Modvigil a grimp\u00e9 en fl\u00e8che en raison de son efficacit\u00e9 \u00e0 am\u00e9liorer la vigilance. Cependant, il est toujours conseill\u00e9 de consulter votre m\u00e9decin avant d&#8217;utiliser ce m\u00e9dicament. <\/p>\n<div class=\"su-divider su-divider-style-default\" style=\"margin:10px 0;border-width:3px;border-color:#ffffff00\"><a href=\"#\" style=\"color:#ffffff009\">.<\/a><\/div>\n<h2>Comment fonctionnent les tablettes<\/h2>\n<div class=\"su-divider su-divider-style-default\" style=\"margin:10px 0;border-width:3px;border-color:#ffffff00\"><a href=\"#\" style=\"color:#ffffff009\">.<\/a><\/div>\n\u00c0 l&#8217;instar de nombreux autres m\u00e9dicaments intelligents, le m\u00e9canisme d&#8217;action du Modvigil est assez vague et peu clair. Cependant, de nombreux experts pensent que son composant actif &#8211; le modafinil &#8211; augmente les niveaux de dopamine dans le cerveau en r\u00e9duisant sa recapture dans le nerf. On pense que la dopamine est li\u00e9e \u00e0 la motivation, aux cycles veille-sommeil du corps et \u00e0 la capacit\u00e9 de concentration de l&#8217;\u00eatre humain. Ainsi, en substance, Modvigil favorise l&#8217;\u00e9veil et la vigilance en stimulant les zones correspondantes du cerveau.   <\/p>\n<div class=\"su-divider su-divider-style-default\" style=\"margin:10px 0;border-width:3px;border-color:#ffffff00\"><a href=\"#\" style=\"color:#ffffff009\">.<\/a><\/div>\n<h2>Dosage s\u00fbr et utilisation appropri\u00e9e<\/h2>\n<div class=\"su-divider su-divider-style-default\" style=\"margin:10px 0;border-width:3px;border-color:#ffffff00\"><a href=\"#\" style=\"color:#ffffff009\">.<\/a><\/div>\nLa posologie de Modvigil d\u00e9pend de l&#8217;\u00e9tat de sant\u00e9 de l&#8217;utilisateur et de sa r\u00e9action au traitement. Toutefois, la dose g\u00e9n\u00e9rale recommand\u00e9e est de 200 mg \u00e0 prendre une fois par jour. Si le patient est narcoleptique, le m\u00e9dicament doit \u00eatre pris le matin. Cependant, pour traiter les troubles du sommeil li\u00e9s au travail post\u00e9, le m\u00e9dicament doit \u00eatre pris une heure avant le d\u00e9but du travail. Ne prenez pas plusieurs comprim\u00e9s le m\u00eame jour.    <\/p>\n<p>Modvigil 200 mg doit \u00eatre pris par voie orale avec un verre d&#8217;eau. Il peut \u00eatre pris avec ou sans nourriture selon les pr\u00e9f\u00e9rences. <\/p>\n<p>Il est fortement recommand\u00e9 de consulter votre m\u00e9decin avant de prendre Modvigil afin de v\u00e9rifier votre \u00e9tat de sant\u00e9 et de vous assurer qu&#8217;il est sans danger pour vous.<\/p>\n<div class=\"su-divider su-divider-style-default\" style=\"margin:10px 0;border-width:3px;border-color:#ffffff00\"><a href=\"#\" style=\"color:#ffffff009\">.<\/a><\/div>\n<h2>Les effets secondaires possibles<\/h2>\n<div class=\"su-divider su-divider-style-default\" style=\"margin:10px 0;border-width:3px;border-color:#ffffff00\"><a href=\"#\" style=\"color:#ffffff009\">.<\/a><\/div>\nLorsque vous utilisez Modvigil 200mg (ou des nootropiques en g\u00e9n\u00e9ral), il est important de faire attention aux effets secondaires. Modvigil peut provoquer des effets secondaires courants tels que : <\/p>\n<div class=\"su-divider su-divider-style-default\" style=\"margin:10px 0;border-width:3px;border-color:#ffffff00\"><a href=\"#\" style=\"color:#ffffff009\">.<\/a><\/div>\n<ul>\n<li>l&#8217;anxi\u00e9t\u00e9 ;<\/li>\n<li>la nervosit\u00e9 ;<\/li>\n<li>maux de t\u00eate;<\/li>\n<li>la naus\u00e9e.<\/li>\n<\/ul>\n<div class=\"su-divider su-divider-style-default\" style=\"margin:10px 0;border-width:3px;border-color:#ffffff00\"><a href=\"#\" style=\"color:#ffffff009\">.<\/a><\/div>\nCependant, ces effets secondaires sont tout \u00e0 fait normaux et il n&#8217;y a g\u00e9n\u00e9ralement pas lieu de s&#8217;inqui\u00e9ter. Dans de rares cas, vous pouvez ressentir d&#8217;autres effets secondaires tels que : <\/p>\n<div class=\"su-divider su-divider-style-default\" style=\"margin:10px 0;border-width:3px;border-color:#ffffff00\"><a href=\"#\" style=\"color:#ffffff009\">.<\/a><\/div>\n<ul>\n<li>la bouche s\u00e8che ;<\/li>\n<li>la diarrh\u00e9e ;<\/li>\n<li>constipation ;<\/li>\n<li>des vomissements ;<\/li>\n<li>\u00e9ructations, etc.<\/li>\n<\/ul>\n<div class=\"su-divider su-divider-style-default\" style=\"margin:10px 0;border-width:3px;border-color:#ffffff00\"><a href=\"#\" style=\"color:#ffffff009\">.<\/a><\/div>\nSi vous ressentez des effets secondaires graves et durables, n&#8217;h\u00e9sitez pas \u00e0 contacter imm\u00e9diatement un m\u00e9decin. Dans certains cas, Modvigil 200mg peut \u00e9galement provoquer des vertiges. Il est donc d\u00e9conseill\u00e9 aux personnes qui l&#8217;utilisent de conduire ou d&#8217;utiliser des machines jusqu&#8217;\u00e0 ce qu&#8217;elles sachent comment elles r\u00e9agissent au Modvigil.<\/p>\n[\/vc_column][vc_column width=&#8221;1\/2&#8243;]\n<div class=\"su-divider su-divider-style-default\" style=\"margin:10px 0;border-width:3px;border-color:#ffffff00\"><a href=\"#\" style=\"color:#ffffff009\">.<\/a><\/div>\n<h2>Contre-indications et mises en garde<\/h2>\n<div class=\"su-divider su-divider-style-default\" style=\"margin:10px 0;border-width:3px;border-color:#ffffff00\"><a href=\"#\" style=\"color:#ffffff009\">.<\/a><\/div>\nLorsque vous utilisez des nootropiques ou tout autre m\u00e9dicament, il est important d&#8217;\u00e9viter les interactions m\u00e9dicamenteuses. Elles peuvent r\u00e9duire l&#8217;efficacit\u00e9 du m\u00e9dicament ou augmenter le risque d&#8217;effets secondaires. Modvigil 200mg interagit avec plusieurs m\u00e9dicaments, dont :  <\/p>\n<div class=\"su-divider su-divider-style-default\" style=\"margin:10px 0;border-width:3px;border-color:#ffffff00\"><a href=\"#\" style=\"color:#ffffff009\">.<\/a><\/div>\n<ul>\n<li>Erythromycine ou K\u00e9toconazole. La prise de Modvigil avec de l&#8217;\u00e9rythromycine ou du k\u00e9toconazole peut augmenter le risque d&#8217;effets secondaires ; <\/li>\n<li>Rifampicine ou carbamaz\u00e9pine. Ces m\u00e9dicaments peuvent r\u00e9duire l&#8217;efficacit\u00e9 de Modvigil 200 mg en cas d&#8217;administration concomitante ; <\/li>\n<li>Clomipramine. Selon les experts, des m\u00e9dicaments tels que la clomipramine ou la d\u00e9sipramine peuvent avoir des effets secondaires accrus lorsqu&#8217;ils sont pris en association avec le Modvigil ; <\/li>\n<li>Produits hormonaux. L&#8217;efficacit\u00e9 des produits hormonaux tels que les pilules contraceptives peut \u00eatre diminu\u00e9e en cas d&#8217;association avec Modvigil. <\/li>\n<\/ul>\n<div class=\"su-divider su-divider-style-default\" style=\"margin:10px 0;border-width:3px;border-color:#ffffff00\"><a href=\"#\" style=\"color:#ffffff009\">.<\/a><\/div>\nOutre les m\u00e9dicaments susmentionn\u00e9s, il est \u00e9galement conseill\u00e9 aux utilisateurs de Modvigil de s&#8217;abstenir de consommer des substances telles que l&#8217;alcool. De plus, ce m\u00e9dicament peut interagir avec certains types d&#8217;aliments et le moment o\u00f9 vous les consommez. <\/p>\n<p>Par exemple, les aliments gras tels que le fromage et la pizza dans le tube digestif peuvent ralentir le taux d&#8217;absorption du m\u00e9dicament. Ceci peut \u00eatre \u00e9vit\u00e9 en prenant Modvigil une heure avant de prendre de tels repas, ou deux heures apr\u00e8s avoir mang\u00e9.<br \/>\n<div class=\"su-divider su-divider-style-default\" style=\"margin:10px 0;border-width:3px;border-color:#ffffff00\"><a href=\"#\" style=\"color:#ffffff009\">.<\/a><\/div>\n<h2>Exp\u00e9rience consommateur<\/h2>\n<div class=\"su-divider su-divider-style-default\" style=\"margin:10px 0;border-width:3px;border-color:#ffffff00\"><a href=\"#\" style=\"color:#ffffff009\">.<\/a><\/div>\nDepuis son apparition, Modvigil 200mg a conquis le c\u0153ur de nombreux utilisateurs, gr\u00e2ce \u00e0 son efficacit\u00e9 et aux immenses b\u00e9n\u00e9fices qu&#8217;il offre. Voici quelques-uns des avantages attest\u00e9s par les \u00e9tudes et les consommateurs : <\/p>\n<div class=\"su-divider su-divider-style-default\" style=\"margin:10px 0;border-width:3px;border-color:#ffffff00\"><a href=\"#\" style=\"color:#ffffff009\">.<\/a><\/div>\n<ul>\n<li>une augmentation de l&#8217;\u00e9tat d&#8217;\u00e9veil ;<\/li>\n<li>l&#8217;am\u00e9lioration de la cognition ;<\/li>\n<li>l&#8217;augmentation de la productivit\u00e9.<\/li>\n<\/ul>\n<div class=\"su-divider su-divider-style-default\" style=\"margin:10px 0;border-width:3px;border-color:#ffffff00\"><a href=\"#\" style=\"color:#ffffff009\">.<\/a><\/div>\nEn outre, des \u00e9tudes montrent que les personnes qui consomment ce m\u00e9dicament peuvent b\u00e9n\u00e9ficier de plus de douze heures de concentration comme un laser.<\/p>\n<p>En conclusion, ce n&#8217;est plus un secret pour personne que Modvigil 200 mg offre un tout nouveau niveau de vigilance et de productivit\u00e9 s&#8217;il est utilis\u00e9 correctement.<\/p>\n<div class=\"su-divider su-divider-style-default\" style=\"margin:10px 0;border-width:3px;border-color:#ffffff00\"><a href=\"#\" style=\"color:#ffffff009\">.<\/a><\/div>\n<h2>Buy G\u00e9n\u00e9rique Modvigil 200 mg (Modafinil) Online<\/h2>\n<div class=\"su-divider su-divider-style-default\" style=\"margin:10px 0;border-width:3px;border-color:#ffffff00\"><a href=\"#\" style=\"color:#ffffff009\">.<\/a><\/div>\nAcheter Modvigil 200mg aupr\u00e8s d&#8217;une pharmacie en ligne peut s&#8217;av\u00e9rer tr\u00e8s d\u00e9licat, surtout si vous ne pouvez pas vous porter garant de la fiabilit\u00e9 ou de l&#8217;authenticit\u00e9 de la pharmacie. Heureusement, il existe un vendeur qui effacera toutes vos r\u00e9serves \u00e0 l&#8217;\u00e9gard des pharmacies en ligne. <\/p>\n<p>Chez <a href=\"https:\/\/buymodafinilonline.com\/fr\/\">BuyModafinilOnline<\/a>, nous proposons des <a href=\"https:\/\/buymodafinilonline.com\/fr\/boutique\/\">m\u00e9dicaments g\u00e9n\u00e9riques<\/a> authentiques \u00e0 des prix ridiculement bas. Vous n&#8217;avez plus besoin de vous ruiner pour acheter votre stimulant c\u00e9r\u00e9bral pr\u00e9f\u00e9r\u00e9. <\/p>\n<p>Nos modes de paiement accept\u00e9s sont flexibles. Vous pouvez payer avec une carte de cr\u00e9dit, PayPal ou m\u00eame <a href=\"https:\/\/buymodafinilonline.com\/fr\/payez-avec-des-bitcoins\/\">Bitcoin<\/a> (-23%). Nous exp\u00e9dions en peu de temps vers plusieurs pays, y compris les \u00c9tats-Unis.  <\/p>\n<p>Contactez nous et profitez des m\u00e9dicaments authentiques (Artvigil, Modalert, Modafil MD, etc.) avec une livraison rapide !<\/p>\n[\/vc_column]\n<div class=\"su-divider su-divider-style-default\" style=\"margin:10px 0;border-width:3px;border-color:#ffffff00\"><a href=\"#\" style=\"color:#ffffff009\">.<\/a><\/div>\n","protected":false},"excerpt":{"rendered":"<p>Modvigil est un m\u00e9dicament intelligent, sp\u00e9cialement con\u00e7u pour traiter les patients qui souffrent de somnolence extr\u00eame pendant la journ\u00e9e. Il est fabriqu\u00e9 par une entreprise pharmaceutique en Inde connue sous le nom de HAB Pharma et contient du modafinil comme substance active. Les utilisateurs qui souhaitent obtenir ce m\u00e9dicament peuvent maintenant l&#8217;acheter dans notre pharmacie en ligne \u00e0 des prix avantageux et sans aucun probl\u00e8me !  <\/p>\n[sc name=\"s1\"]\n","protected":false},"featured_media":396397,"comment_status":"closed","ping_status":"closed","template":"","meta":{"_acf_changed":false},"product_brand":[],"product_cat":[4234,3785],"product_tag":[3850],"class_list":{"0":"post-396396","1":"product","2":"type-product","3":"status-publish","4":"has-post-thumbnail","6":"product_cat-bestsellers-fr","7":"product_cat-marques-medicaments-intelligents","8":"product_tag-modafinil-fr","10":"first","11":"instock","12":"sale","13":"featured","14":"shipping-taxable","15":"purchasable","16":"product-type-variable","17":"has-default-attributes"},"acf":[],"yoast_head":"<!-- This site is optimized with the Yoast SEO Premium plugin v23.6 (Yoast SEO v27.4) - https:\/\/yoast.com\/product\/yoast-seo-premium-wordpress\/ -->\n<title>Acheter Modvigil 200 mg (Modafinil) Comprim\u00e9s de l&#039;Inde - BuyModafinilOnline<\/title>\n<meta name=\"description\" content=\"Commandez Modvigil en ligne aupr\u00e8s du fabricant HAB Pharmaceuticals \u00e0 un prix bon march\u00e9. Modvigil 200 mg (modafinil) g\u00e9n\u00e9rique en vente dans la pharmacie BuyModafinilOnline. Payez avec BTC, PayPal ou des cartes de cr\u00e9dit et obtenez des r\u00e9ductions importantes !\" \/>\n<meta name=\"robots\" content=\"index, follow, max-snippet:-1, max-image-preview:large, max-video-preview:-1\" \/>\n<link rel=\"canonical\" href=\"https:\/\/buymodafinilonline.com\/fr\/medicaments-intelligents\/modvigil-200-mg\/\" \/>\n<meta property=\"og:locale\" content=\"fr_FR\" \/>\n<meta property=\"og:type\" content=\"article\" \/>\n<meta property=\"og:title\" content=\"Modvigil 200 mg\" \/>\n<meta property=\"og:description\" content=\"Commandez Modvigil en ligne aupr\u00e8s du fabricant HAB Pharmaceuticals \u00e0 un prix bon march\u00e9. Modvigil 200 mg (modafinil) g\u00e9n\u00e9rique en vente dans la pharmacie BuyModafinilOnline. Payez avec BTC, PayPal ou des cartes de cr\u00e9dit et obtenez des r\u00e9ductions importantes !\" \/>\n<meta property=\"og:url\" content=\"https:\/\/buymodafinilonline.com\/fr\/medicaments-intelligents\/modvigil-200-mg\/\" \/>\n<meta property=\"og:site_name\" content=\"BuyModafinilOnline.com\" \/>\n<meta property=\"article:modified_time\" content=\"2026-01-28T18:08:54+00:00\" \/>\n<meta property=\"og:image\" content=\"https:\/\/buymodafinilonline.com\/wp-content\/uploads\/2020\/04\/product-bmo-Modvigil-2.png\" \/>\n\t<meta property=\"og:image:width\" content=\"1280\" \/>\n\t<meta property=\"og:image:height\" content=\"1500\" \/>\n\t<meta property=\"og:image:type\" content=\"image\/png\" \/>\n<meta name=\"twitter:label1\" content=\"Dur\u00e9e de lecture estim\u00e9e\" \/>\n\t<meta name=\"twitter:data1\" content=\"5 minutes\" \/>\n<script type=\"application\/ld+json\" class=\"yoast-schema-graph\">{\"@context\":\"https:\\\/\\\/schema.org\",\"@graph\":[{\"@type\":\"WebPage\",\"@id\":\"https:\\\/\\\/buymodafinilonline.com\\\/fr\\\/medicaments-intelligents\\\/modvigil-200-mg\\\/\",\"url\":\"https:\\\/\\\/buymodafinilonline.com\\\/fr\\\/medicaments-intelligents\\\/modvigil-200-mg\\\/\",\"name\":\"Acheter Modvigil 200 mg (Modafinil) Comprim\u00e9s de l'Inde - BuyModafinilOnline\",\"isPartOf\":{\"@id\":\"https:\\\/\\\/buymodafinilonline.com\\\/fr\\\/#website\"},\"primaryImageOfPage\":{\"@id\":\"https:\\\/\\\/buymodafinilonline.com\\\/fr\\\/medicaments-intelligents\\\/modvigil-200-mg\\\/#primaryimage\"},\"image\":{\"@id\":\"https:\\\/\\\/buymodafinilonline.com\\\/fr\\\/medicaments-intelligents\\\/modvigil-200-mg\\\/#primaryimage\"},\"thumbnailUrl\":\"https:\\\/\\\/buymodafinilonline.com\\\/wp-content\\\/uploads\\\/2020\\\/04\\\/product-bmo-Modvigil-2.png\",\"datePublished\":\"2020-03-23T18:42:04+00:00\",\"dateModified\":\"2026-01-28T18:08:54+00:00\",\"description\":\"Commandez Modvigil en ligne aupr\u00e8s du fabricant HAB Pharmaceuticals \u00e0 un prix bon march\u00e9. Modvigil 200 mg (modafinil) g\u00e9n\u00e9rique en vente dans la pharmacie BuyModafinilOnline. Payez avec BTC, PayPal ou des cartes de cr\u00e9dit et obtenez des r\u00e9ductions importantes !\",\"breadcrumb\":{\"@id\":\"https:\\\/\\\/buymodafinilonline.com\\\/fr\\\/medicaments-intelligents\\\/modvigil-200-mg\\\/#breadcrumb\"},\"inLanguage\":\"fr-FR\",\"potentialAction\":[{\"@type\":\"ReadAction\",\"target\":[\"https:\\\/\\\/buymodafinilonline.com\\\/fr\\\/medicaments-intelligents\\\/modvigil-200-mg\\\/\"]}]},{\"@type\":\"ImageObject\",\"inLanguage\":\"fr-FR\",\"@id\":\"https:\\\/\\\/buymodafinilonline.com\\\/fr\\\/medicaments-intelligents\\\/modvigil-200-mg\\\/#primaryimage\",\"url\":\"https:\\\/\\\/buymodafinilonline.com\\\/wp-content\\\/uploads\\\/2020\\\/04\\\/product-bmo-Modvigil-2.png\",\"contentUrl\":\"https:\\\/\\\/buymodafinilonline.com\\\/wp-content\\\/uploads\\\/2020\\\/04\\\/product-bmo-Modvigil-2.png\",\"width\":1280,\"height\":1500,\"caption\":\"Modvigil 200 mg\"},{\"@type\":\"BreadcrumbList\",\"@id\":\"https:\\\/\\\/buymodafinilonline.com\\\/fr\\\/medicaments-intelligents\\\/modvigil-200-mg\\\/#breadcrumb\",\"itemListElement\":[{\"@type\":\"ListItem\",\"position\":1,\"name\":\"Buy Modafinil Online\",\"item\":\"https:\\\/\\\/buymodafinilonline.com\\\/fr\\\/\"},{\"@type\":\"ListItem\",\"position\":2,\"name\":\"Boutique\",\"item\":\"https:\\\/\\\/buymodafinilonline.com\\\/fr\\\/boutique\\\/\"},{\"@type\":\"ListItem\",\"position\":3,\"name\":\"Best-sellers\",\"item\":\"https:\\\/\\\/buymodafinilonline.com\\\/fr\\\/categorie-de-produit\\\/bestsellers-fr\\\/\"},{\"@type\":\"ListItem\",\"position\":4,\"name\":\"Modvigil 200 mg\"}]},{\"@type\":\"WebSite\",\"@id\":\"https:\\\/\\\/buymodafinilonline.com\\\/fr\\\/#website\",\"url\":\"https:\\\/\\\/buymodafinilonline.com\\\/fr\\\/\",\"name\":\"BuyModafinilOnline.com\",\"description\":\"Modafinil Online Pharmacy\",\"publisher\":{\"@id\":\"https:\\\/\\\/buymodafinilonline.com\\\/fr\\\/#organization\"},\"potentialAction\":[{\"@type\":\"SearchAction\",\"target\":{\"@type\":\"EntryPoint\",\"urlTemplate\":\"https:\\\/\\\/buymodafinilonline.com\\\/fr\\\/?s={search_term_string}\"},\"query-input\":{\"@type\":\"PropertyValueSpecification\",\"valueRequired\":true,\"valueName\":\"search_term_string\"}}],\"inLanguage\":\"fr-FR\"},{\"@type\":\"Organization\",\"@id\":\"https:\\\/\\\/buymodafinilonline.com\\\/fr\\\/#organization\",\"name\":\"BuyModafinilOnline\",\"url\":\"https:\\\/\\\/buymodafinilonline.com\\\/fr\\\/\",\"logo\":{\"@type\":\"ImageObject\",\"inLanguage\":\"fr-FR\",\"@id\":\"https:\\\/\\\/buymodafinilonline.com\\\/fr\\\/#\\\/schema\\\/logo\\\/image\\\/\",\"url\":\"https:\\\/\\\/buymodafinilonline.com\\\/wp-content\\\/uploads\\\/2020\\\/04\\\/logo-buy-modafinil-online-yellow.png\",\"contentUrl\":\"https:\\\/\\\/buymodafinilonline.com\\\/wp-content\\\/uploads\\\/2020\\\/04\\\/logo-buy-modafinil-online-yellow.png\",\"width\":200,\"height\":200,\"caption\":\"BuyModafinilOnline\"},\"image\":{\"@id\":\"https:\\\/\\\/buymodafinilonline.com\\\/fr\\\/#\\\/schema\\\/logo\\\/image\\\/\"}}]}<\/script>\n<!-- \/ Yoast SEO Premium plugin. -->","yoast_head_json":{"title":"Acheter Modvigil 200 mg (Modafinil) Comprim\u00e9s de l'Inde - BuyModafinilOnline","description":"Commandez Modvigil en ligne aupr\u00e8s du fabricant HAB Pharmaceuticals \u00e0 un prix bon march\u00e9. Modvigil 200 mg (modafinil) g\u00e9n\u00e9rique en vente dans la pharmacie BuyModafinilOnline. Payez avec BTC, PayPal ou des cartes de cr\u00e9dit et obtenez des r\u00e9ductions importantes !","robots":{"index":"index","follow":"follow","max-snippet":"max-snippet:-1","max-image-preview":"max-image-preview:large","max-video-preview":"max-video-preview:-1"},"canonical":"https:\/\/buymodafinilonline.com\/fr\/medicaments-intelligents\/modvigil-200-mg\/","og_locale":"fr_FR","og_type":"article","og_title":"Modvigil 200 mg","og_description":"Commandez Modvigil en ligne aupr\u00e8s du fabricant HAB Pharmaceuticals \u00e0 un prix bon march\u00e9. Modvigil 200 mg (modafinil) g\u00e9n\u00e9rique en vente dans la pharmacie BuyModafinilOnline. Payez avec BTC, PayPal ou des cartes de cr\u00e9dit et obtenez des r\u00e9ductions importantes !","og_url":"https:\/\/buymodafinilonline.com\/fr\/medicaments-intelligents\/modvigil-200-mg\/","og_site_name":"BuyModafinilOnline.com","article_modified_time":"2026-01-28T18:08:54+00:00","og_image":[{"width":1280,"height":1500,"url":"https:\/\/buymodafinilonline.com\/wp-content\/uploads\/2020\/04\/product-bmo-Modvigil-2.png","type":"image\/png"}],"twitter_misc":{"Dur\u00e9e de lecture estim\u00e9e":"5 minutes"},"schema":{"@context":"https:\/\/schema.org","@graph":[{"@type":"WebPage","@id":"https:\/\/buymodafinilonline.com\/fr\/medicaments-intelligents\/modvigil-200-mg\/","url":"https:\/\/buymodafinilonline.com\/fr\/medicaments-intelligents\/modvigil-200-mg\/","name":"Acheter Modvigil 200 mg (Modafinil) Comprim\u00e9s de l'Inde - BuyModafinilOnline","isPartOf":{"@id":"https:\/\/buymodafinilonline.com\/fr\/#website"},"primaryImageOfPage":{"@id":"https:\/\/buymodafinilonline.com\/fr\/medicaments-intelligents\/modvigil-200-mg\/#primaryimage"},"image":{"@id":"https:\/\/buymodafinilonline.com\/fr\/medicaments-intelligents\/modvigil-200-mg\/#primaryimage"},"thumbnailUrl":"https:\/\/buymodafinilonline.com\/wp-content\/uploads\/2020\/04\/product-bmo-Modvigil-2.png","datePublished":"2020-03-23T18:42:04+00:00","dateModified":"2026-01-28T18:08:54+00:00","description":"Commandez Modvigil en ligne aupr\u00e8s du fabricant HAB Pharmaceuticals \u00e0 un prix bon march\u00e9. Modvigil 200 mg (modafinil) g\u00e9n\u00e9rique en vente dans la pharmacie BuyModafinilOnline. Payez avec BTC, PayPal ou des cartes de cr\u00e9dit et obtenez des r\u00e9ductions importantes !","breadcrumb":{"@id":"https:\/\/buymodafinilonline.com\/fr\/medicaments-intelligents\/modvigil-200-mg\/#breadcrumb"},"inLanguage":"fr-FR","potentialAction":[{"@type":"ReadAction","target":["https:\/\/buymodafinilonline.com\/fr\/medicaments-intelligents\/modvigil-200-mg\/"]}]},{"@type":"ImageObject","inLanguage":"fr-FR","@id":"https:\/\/buymodafinilonline.com\/fr\/medicaments-intelligents\/modvigil-200-mg\/#primaryimage","url":"https:\/\/buymodafinilonline.com\/wp-content\/uploads\/2020\/04\/product-bmo-Modvigil-2.png","contentUrl":"https:\/\/buymodafinilonline.com\/wp-content\/uploads\/2020\/04\/product-bmo-Modvigil-2.png","width":1280,"height":1500,"caption":"Modvigil 200 mg"},{"@type":"BreadcrumbList","@id":"https:\/\/buymodafinilonline.com\/fr\/medicaments-intelligents\/modvigil-200-mg\/#breadcrumb","itemListElement":[{"@type":"ListItem","position":1,"name":"Buy Modafinil Online","item":"https:\/\/buymodafinilonline.com\/fr\/"},{"@type":"ListItem","position":2,"name":"Boutique","item":"https:\/\/buymodafinilonline.com\/fr\/boutique\/"},{"@type":"ListItem","position":3,"name":"Best-sellers","item":"https:\/\/buymodafinilonline.com\/fr\/categorie-de-produit\/bestsellers-fr\/"},{"@type":"ListItem","position":4,"name":"Modvigil 200 mg"}]},{"@type":"WebSite","@id":"https:\/\/buymodafinilonline.com\/fr\/#website","url":"https:\/\/buymodafinilonline.com\/fr\/","name":"BuyModafinilOnline.com","description":"Modafinil Online Pharmacy","publisher":{"@id":"https:\/\/buymodafinilonline.com\/fr\/#organization"},"potentialAction":[{"@type":"SearchAction","target":{"@type":"EntryPoint","urlTemplate":"https:\/\/buymodafinilonline.com\/fr\/?s={search_term_string}"},"query-input":{"@type":"PropertyValueSpecification","valueRequired":true,"valueName":"search_term_string"}}],"inLanguage":"fr-FR"},{"@type":"Organization","@id":"https:\/\/buymodafinilonline.com\/fr\/#organization","name":"BuyModafinilOnline","url":"https:\/\/buymodafinilonline.com\/fr\/","logo":{"@type":"ImageObject","inLanguage":"fr-FR","@id":"https:\/\/buymodafinilonline.com\/fr\/#\/schema\/logo\/image\/","url":"https:\/\/buymodafinilonline.com\/wp-content\/uploads\/2020\/04\/logo-buy-modafinil-online-yellow.png","contentUrl":"https:\/\/buymodafinilonline.com\/wp-content\/uploads\/2020\/04\/logo-buy-modafinil-online-yellow.png","width":200,"height":200,"caption":"BuyModafinilOnline"},"image":{"@id":"https:\/\/buymodafinilonline.com\/fr\/#\/schema\/logo\/image\/"}}]}},"_links":{"self":[{"href":"https:\/\/buymodafinilonline.com\/fr\/wp-json\/wp\/v2\/product\/396396","targetHints":{"allow":["GET"]}}],"collection":[{"href":"https:\/\/buymodafinilonline.com\/fr\/wp-json\/wp\/v2\/product"}],"about":[{"href":"https:\/\/buymodafinilonline.com\/fr\/wp-json\/wp\/v2\/types\/product"}],"replies":[{"embeddable":true,"href":"https:\/\/buymodafinilonline.com\/fr\/wp-json\/wp\/v2\/comments?post=396396"}],"wp:featuredmedia":[{"embeddable":true,"href":"https:\/\/buymodafinilonline.com\/fr\/wp-json\/wp\/v2\/media\/396397"}],"wp:attachment":[{"href":"https:\/\/buymodafinilonline.com\/fr\/wp-json\/wp\/v2\/media?parent=396396"}],"wp:term":[{"taxonomy":"product_brand","embeddable":true,"href":"https:\/\/buymodafinilonline.com\/fr\/wp-json\/wp\/v2\/product_brand?post=396396"},{"taxonomy":"product_cat","embeddable":true,"href":"https:\/\/buymodafinilonline.com\/fr\/wp-json\/wp\/v2\/product_cat?post=396396"},{"taxonomy":"product_tag","embeddable":true,"href":"https:\/\/buymodafinilonline.com\/fr\/wp-json\/wp\/v2\/product_tag?post=396396"}],"curies":[{"name":"wp","href":"https:\/\/api.w.org\/{rel}","templated":true}]}}