{"id":396653,"date":"2020-03-23T20:47:37","date_gmt":"2020-03-23T19:47:37","guid":{"rendered":"https:\/\/buymodafinilonline.com\/smart-drugs\/modalert-200-mg\/"},"modified":"2026-03-06T13:14:23","modified_gmt":"2026-03-06T12:14:23","slug":"modalert-200-mg","status":"publish","type":"product","link":"https:\/\/buymodafinilonline.com\/fr\/medicaments-intelligents\/modalert-200-mg\/","title":{"rendered":"Modalert 200 mg"},"content":{"rendered":"[vc_column width=&#8221;1\/2&#8243;]\n<h2>Qu&#8217;est-ce que Modalert 200 mg ?<\/h2>\n<p>Modalert 200 mg est un m\u00e9dicament tr\u00e8s puissant prescrit par les m\u00e9decins pour traiter la narcolepsie, l&#8217;apn\u00e9e obstructive du sommeil, l&#8217;hypersomnie idiopathique, la somnolence diurne excessive et les troubles du sommeil li\u00e9s au travail post\u00e9. Son approbation est due au modafinil, l&#8217;ingr\u00e9dient actif approuv\u00e9 pour ces conditions de sant\u00e9. Il s&#8217;agit d&#8217;une version g\u00e9n\u00e9rique du m\u00e9dicament de marque Provigil.  <\/p>\n<p>Cependant, ce m\u00e9dicament \u00e9tant populaire en tant que rem\u00e8de d&#8217;am\u00e9lioration cognitive, plusieurs personnes, y compris des professionnels, des militaires, des astronautes, des travailleurs, ainsi que des \u00e9tudiants universitaires, entre autres, utilisent ce m\u00e9dicament en dehors de l&#8217;\u00e9tiquetage dans le but d&#8217;am\u00e9liorer leur activit\u00e9 &#8211; leur pouvoir cognitif et de les aider \u00e0 rester \u00e9veill\u00e9s.<\/p>\n<h2>Comment fonctionnent les tablettes<\/h2>\n<p>Les m\u00e9dicaments utilis\u00e9s pour am\u00e9liorer certaines conditions de sant\u00e9 sont souvent d\u00e9couverts pour apporter un b\u00e9n\u00e9fice suppl\u00e9mentaire. C&#8217;est le cas des m\u00e9dicaments qui agissent en se liant \u00e0 des r\u00e9cepteurs sp\u00e9cifiques du corps. L&#8217;organisme utilise diff\u00e9rents r\u00e9cepteurs pour communiquer. Cependant, le modafinil agit sur un ensemble particulier de r\u00e9cepteurs appel\u00e9s r\u00e9cepteurs de transport de la dopamine.   <\/p>\n<p>Il s&#8217;agit d&#8217;un r\u00e9cepteur tr\u00e8s important qui envoie des signaux aux neurones pour leur indiquer la quantit\u00e9 de dopamine qu&#8217;ils doivent r\u00e9absorber. Plus les signaux envoy\u00e9s pour absorber plus de dopamine sont nombreux, plus la concentration de dopamine est faible. <\/p>\n<p>Ce n&#8217;est pas le seul m\u00e9canisme de Modalert. Il augmente \u00e9galement les niveaux d&#8217;histamine, d&#8217;orexine et de nor\u00e9pin\u00e9phrine dans le cerveau. Ce sont les substances chimiques les plus importantes utilis\u00e9es pour r\u00e9guler le cycle veille-sommeil individuel et ce comprim\u00e9 le fait tr\u00e8s efficacement.  <\/p>\n<p>Dosage s\u00fbr et utilisation appropri\u00e9e<\/p>\n<p>Modalert 200 mg est la dose recommand\u00e9e pour la plupart des personnes. Certaines personnes peuvent envisager de r\u00e9duire la dose \u00e0 100 mg ou de l&#8217;augmenter \u00e0 400 mg en fonction de l&#8217;efficacit\u00e9 et de la tol\u00e9rabilit\u00e9 du m\u00e9dicament. Le comprim\u00e9 de 400 mg convient mieux aux personnes de grande taille, tandis que celui de 100 mg convient mieux aux personnes sensibles qui r\u00e9agissent fortement au m\u00e9dicament ou pour une utilisation \u00e0 long terme.  <\/p>\n<p>La mani\u00e8re la plus efficace et la plus s\u00fbre de prendre Modalert 200 mg d\u00e9pend des habitudes de consommation, de l&#8217;\u00e2ge et du poids de l&#8217;individu. Il peut \u00eatre pris quotidiennement pour le traitement des troubles du sommeil ou pour am\u00e9liorer les habitudes de sommeil afin d&#8217;augmenter la productivit\u00e9. <\/p>\n<p>Modalert 200 mg est s\u00fbr. Il est recommand\u00e9 de suivre les instructions figurant sur l&#8217;emballage ou les conseils du m\u00e9decin afin d&#8217;\u00e9viter un surdosage ou des probl\u00e8mes de sant\u00e9. <\/p>\n<h2>Les effets secondaires possibles<\/h2>\n<p>Notez que les effets secondaires sont rares et g\u00e9n\u00e9ralement sans gravit\u00e9. Cependant, chez certaines personnes, si les effets secondaires ressentis lors de l&#8217;utilisation de Modalert 200 mg sont n\u00e9fastes, il est recommand\u00e9 de consulter un m\u00e9decin. Les effets secondaires les plus fr\u00e9quents sont les maux d&#8217;estomac, l&#8217;insomnie, les vertiges, les maux de t\u00eate, les naus\u00e9es et l&#8217;anxi\u00e9t\u00e9.  <\/p>\n<p>Ces signes disparaissent avec l&#8217;utilisation continue du modafinil. Cependant, dans de rares cas, des effets n\u00e9gatifs plus graves peuvent survenir. Ces effets peuvent \u00eatre les suivants  <\/p>\n<ul>\n<li>des hallucinations ;<\/li>\n<li>ecchymoses ou saignements faciles;<\/li>\n<li>douleur thoracique;<\/li>\n<li>d\u00e9pression ;<\/li>\n<li>rythme cardiaque rapide ou irr\u00e9gulier ;<\/li>\n<li>le syndrome de Steven Johnson (une affection rare mais plus grave des muqueuses).<\/li>\n<\/ul>\n<p>Bien que cette liste ne soit pas exhaustive, il est n\u00e9cessaire de consulter un m\u00e9decin pour obtenir plus d&#8217;informations \u00e0 ce sujet et sur le dosage s\u00fbr.<\/p>\n[\/vc_column][vc_column width=&#8221;1\/2&#8243;]\n<h2>Contre-indications et mises en garde<\/h2>\n<p>Les m\u00e9dicaments interagissent avec d&#8217;autres m\u00e9dicaments. V\u00e9rifiez avec votre m\u00e9decin les autres m\u00e9dicaments que vous utilisez et ceux que vous ne devez pas prendre avec Modalert 200 mg. Il s&#8217;agit d&#8217;une liste de conditions contre-indiqu\u00e9es avec ce m\u00e9dicament. Un m\u00e9decin peut \u00e9valuer votre \u00e9tat de sant\u00e9 dans les cas suivants :   <\/p>\n<ul>\n<li>un comportement maniaque ;<\/li>\n<li>le syndrome du prolapsus de la valve mitrale ;<\/li>\n<li>pens\u00e9es suicidaires;<\/li>\n<li>l&#8217;hypertension art\u00e9rielle ;<\/li>\n<li>un comportement agressif ;<\/li>\n<li>trouble psychotique ;<\/li>\n<li>une crise cardiaque ;<\/li>\n<li>une maladie h\u00e9patique grave ;<\/li>\n<li>d\u00e9pression, etc.<\/li>\n<\/ul>\n<p>Les m\u00e9dicaments contre-indiqu\u00e9s sont les m\u00e9dicaments contre l&#8217;hypertension, les inhibiteurs de la monoamine oxydase (MAO), les antid\u00e9presseurs, les stimulants du syst\u00e8me nerveux, le propranolol (Inderal), la ph\u00e9nyto\u00efne, la carbamaz\u00e9pine, le ph\u00e9nobarbital, la rifampicine, le k\u00e9toconazole, la ciclosporine, la th\u00e9ophylline, la warfarine, le diaz\u00e9pam et d&#8217;autres encore.<\/p>\n<p>Cette liste n&#8217;est pas exhaustive. Vous pouvez prendre Modalert 200 mg avec ou sans la plupart des aliments. Cependant, le jus de pamplemousse et le pamplemousse peuvent augmenter l&#8217;action ou les effets secondaires de ce m\u00e9dicament puissant. La prise d&#8217;alcool est \u00e9galement d\u00e9conseill\u00e9e car elle peut entra\u00eener diverses r\u00e9actions.   <\/p>\n<h2>Exp\u00e9rience consommateur<\/h2>\n<p>Le modafinil est l&#8217;un des produits les plus importants et les plus demand\u00e9s pour traiter des probl\u00e8mes de sant\u00e9 et, surtout, il est utilis\u00e9 par de nombreuses personnes pour \u00eatre &#8220;intelligentes&#8221; et augmenter leur productivit\u00e9.<\/p>\n<p>Maintenant que ce m\u00e9dicament est tr\u00e8s efficace, les consommateurs l&#8217;ont \u00e9valu\u00e9 de mani\u00e8re extr\u00eamement positive, en particulier ceux qui ont un corps sain.<\/p>\n<p>La plupart des personnes se sentent \u00e9veill\u00e9es, alertes et pr\u00eates \u00e0 am\u00e9liorer leur productivit\u00e9. L&#8217;exp\u00e9rience positive est fr\u00e9quente avec Modalert. Il augmente la concentration, la m\u00e9moire et la cr\u00e9ativit\u00e9. Il est tr\u00e8s populaire dans les domaines de la comp\u00e9tition et de la r\u00e9ussite aux examens. C&#8217;est tr\u00e8s bien.    <\/p>\n<p>Et vous ? Achetez ce m\u00e9dicament et \u00e9valuez votre exp\u00e9rience. <\/p>\n<h2>Buy G\u00e9n\u00e9rique Modalert 200mg (Modafinil) Online<\/h2>\n<p>Vous pouvez acheter Modalert 200mg en ligne par l&#8217;interm\u00e9diaire de revendeurs op\u00e9rant dans des lieux o\u00f9 la vente de modafinil est ouverte au public &#8211; \u00e0 partir de l&#8217;Inde.<\/p>\n<p>Si vous cherchez o\u00f9 acheter Modalert dans une pharmacie en ligne, le meilleur endroit pour acheter une pilule bon march\u00e9 mais de qualit\u00e9 est BuyModafinilOnline.<\/p>\n<p>Nous offrons des <a href=\"https:\/\/buymodafinilonline.com\/fr\/boutique\/\">m\u00e9dicaments modafinil sans ordonnance<\/a>. Contrairement \u00e0 certaines pharmacies en ligne qui n&#8217;offrent pas de m\u00e9dicaments si l&#8217;acheteur n&#8217;a pas d&#8217;ordonnance, nous avons des m\u00e9dicaments authentiques disponibles \u00e0 la vente et vous pouvez les commander \u00e0 un prix inf\u00e9rieur. <\/p>\n<p>Vous pouvez payer en bitcoin et <a href=\"https:\/\/buymodafinilonline.com\/fr\/payez-avec-des-bitcoins\/\">obtenir 23%<\/a> de r\u00e9duction pour tout m\u00e9dicament command\u00e9 sur <a href=\"https:\/\/buymodafinilonline.com\/fr\/\">BuyModafinilOnline<\/a>. Les autres options de paiement incluent PayPal et une carte de cr\u00e9dit.<\/p>\n<p>L&#8217;<a href=\"https:\/\/buymodafinilonline.com\/fr\/meilleur-fournisseur-france\/\">exp\u00e9dition<\/a> est ultra-rapide &#8211; dans le monde entier, \u00e0 l&#8217;exception de quelques rares pays. M\u00eame en cas d&#8217;\u00e9chec de la livraison, une r\u00e9exp\u00e9dition ou un remboursement est possible.<\/p>\n<p>De plus, dans notre pharmacie en ligne, vous pouvez acheter des nootropiques aussi populaires que <a href=\"https:\/\/buymodafinilonline.com\/fr\/medicaments-intelligents\/modvigil-200-mg\/\">Modvigil<\/a>, <a href=\"https:\/\/buymodafinilonline.com\/fr\/medicaments-intelligents\/vilafinil-200-mg-2\/\">Vilafinil<\/a>, <a href=\"https:\/\/buymodafinilonline.com\/fr\/medicaments-intelligents\/modawake-200-mg\/\">Modawake<\/a>, <a href=\"https:\/\/buymodafinilonline.com\/fr\/medicaments-intelligents\/artvigil-150-mg\/\">Artvigil<\/a>. Et un grand bonus pour tout le monde : <a href=\"https:\/\/buymodafinilonline.com\/fr\/medicaments-intelligents\/echantillons-gratuits-de-modalert-200-mg-modafinil\/\">10 \u00e9chantillons gratuits de modafinil<\/a> avec chaque commande !<\/p>\n[\/vc_column]\n<div class=\"su-divider su-divider-style-default\" style=\"margin:10px 0;border-width:3px;border-color:#ffffff00\"><a href=\"#\" style=\"color:#ffffff009\">.<\/a><\/div>\n<h2>Modalert 200 Prix<\/h2>\n<table border=\"1\">\n<thead>\n<tr>\n<td><b>Modalert 200 (Quantit\u00e9) <\/b><\/td>\n<td><b>Co\u00fbt<\/b><\/td>\n<td><b>Prix par pilule<\/b><\/td>\n<\/tr>\n<\/thead>\n<tbody>\n<tr>\n<td>10<\/td>\n<td>$29<\/td>\n<td>$2.99<\/td>\n<\/tr>\n<tr>\n<td>20<\/td>\n<td>$49<\/td>\n<td>$2.49<\/td>\n<\/tr>\n<tr>\n<td>30<\/td>\n<td>$69<\/td>\n<td>$2.29<\/td>\n<\/tr>\n<tr>\n<td>50<\/td>\n<td>$99<\/td>\n<td>$1.99<\/td>\n<\/tr>\n<tr>\n<td>100<\/td>\n<td>$169<\/td>\n<td>$1.69<\/td>\n<\/tr>\n<tr>\n<td>200<\/td>\n<td>$249<\/td>\n<td>$1.24<\/td>\n<\/tr>\n<tr>\n<td>300<\/td>\n<td>$359<\/td>\n<td>$1.29<\/td>\n<\/tr>\n<tr>\n<td>500<\/td>\n<td>$499<\/td>\n<td>$0.99<\/td>\n<\/tr>\n<tr>\n<td>1000<\/td>\n<td>$899<\/td>\n<td>$0.89<\/td>\n<\/tr>\n<\/tbody>\n<\/table>\n","protected":false},"excerpt":{"rendered":"[sc name=\"sun-suspended\"]\n<p>Il s&#8217;agit d&#8217;un m\u00e9dicament con\u00e7u \u00e0 partir du modafinil. Il s&#8217;est impos\u00e9 comme le rem\u00e8de ultime aux traitements li\u00e9s au sommeil, \u00e0 des fins non indiqu\u00e9es sur l&#8217;\u00e9tiquette, et est largement utilis\u00e9 pour stimuler la cognition et d&#8217;autres avantages. Utilisez ce m\u00e9dicament pour rester concentr\u00e9 et actif dans la r\u00e9flexion et le travail. Son prix est nettement inf\u00e9rieur \u00e0 celui de la version de marque, Provigil, sans sacrifier la qualit\u00e9. Il est fabriqu\u00e9 par Sun Pharma et vous pouvez l&#8217;acheter en ligne \u00e0 un tr\u00e8s bon prix.    <\/p>\n[sc name=\"s1\"]\n","protected":false},"featured_media":396654,"comment_status":"closed","ping_status":"closed","template":"","meta":{"_acf_changed":false},"product_brand":[],"product_cat":[4234,3785],"product_tag":[3850],"class_list":{"0":"post-396653","1":"product","2":"type-product","3":"status-publish","4":"has-post-thumbnail","6":"product_cat-bestsellers-fr","7":"product_cat-marques-medicaments-intelligents","8":"product_tag-modafinil-fr","10":"first","11":"instock","12":"sale","13":"featured","14":"shipping-taxable","15":"purchasable","16":"product-type-variable","17":"has-default-attributes"},"acf":[],"yoast_head":"<!-- This site is optimized with the Yoast SEO Premium plugin v23.6 (Yoast SEO v27.3) - https:\/\/yoast.com\/product\/yoast-seo-premium-wordpress\/ -->\n<title>Achetez Modalert 200 mg (Modafinil) en Inde - BuyModafinilOnline<\/title>\n<meta name=\"description\" content=\"Commandez Modalert 200 mg en ligne sans ordonnance \u00e0 la pharmacie BuyModafinilOnline. Livraison garantie \u00e0 100% depuis l&#039;Inde. Achetez Modalert (modafinil) pas cher avec Bitcoin ou PayPal et obtenez de grandes r\u00e9ductions !\" \/>\n<meta name=\"robots\" content=\"index, follow, max-snippet:-1, max-image-preview:large, max-video-preview:-1\" \/>\n<link rel=\"canonical\" href=\"https:\/\/buymodafinilonline.com\/fr\/medicaments-intelligents\/modalert-200-mg\/\" \/>\n<meta property=\"og:locale\" content=\"fr_FR\" \/>\n<meta property=\"og:type\" content=\"article\" \/>\n<meta property=\"og:title\" content=\"Modalert 200 mg\" \/>\n<meta property=\"og:description\" content=\"Commandez Modalert 200 mg en ligne sans ordonnance \u00e0 la pharmacie BuyModafinilOnline. Livraison garantie \u00e0 100% depuis l&#039;Inde. Achetez Modalert (modafinil) pas cher avec Bitcoin ou PayPal et obtenez de grandes r\u00e9ductions !\" \/>\n<meta property=\"og:url\" content=\"https:\/\/buymodafinilonline.com\/fr\/medicaments-intelligents\/modalert-200-mg\/\" \/>\n<meta property=\"og:site_name\" content=\"BuyModafinilOnline.com\" \/>\n<meta property=\"article:modified_time\" content=\"2026-03-06T12:14:23+00:00\" \/>\n<meta property=\"og:image\" content=\"https:\/\/buymodafinilonline.com\/wp-content\/uploads\/2020\/04\/product-bmo-Modalert-1.png\" \/>\n\t<meta property=\"og:image:width\" content=\"1280\" \/>\n\t<meta property=\"og:image:height\" content=\"1500\" \/>\n\t<meta property=\"og:image:type\" content=\"image\/png\" \/>\n<meta name=\"twitter:label1\" content=\"Dur\u00e9e de lecture estim\u00e9e\" \/>\n\t<meta name=\"twitter:data1\" content=\"6 minutes\" \/>\n<script type=\"application\/ld+json\" class=\"yoast-schema-graph\">{\"@context\":\"https:\\\/\\\/schema.org\",\"@graph\":[{\"@type\":\"WebPage\",\"@id\":\"https:\\\/\\\/buymodafinilonline.com\\\/fr\\\/medicaments-intelligents\\\/modalert-200-mg\\\/\",\"url\":\"https:\\\/\\\/buymodafinilonline.com\\\/fr\\\/medicaments-intelligents\\\/modalert-200-mg\\\/\",\"name\":\"Achetez Modalert 200 mg (Modafinil) en Inde - BuyModafinilOnline\",\"isPartOf\":{\"@id\":\"https:\\\/\\\/buymodafinilonline.com\\\/fr\\\/#website\"},\"primaryImageOfPage\":{\"@id\":\"https:\\\/\\\/buymodafinilonline.com\\\/fr\\\/medicaments-intelligents\\\/modalert-200-mg\\\/#primaryimage\"},\"image\":{\"@id\":\"https:\\\/\\\/buymodafinilonline.com\\\/fr\\\/medicaments-intelligents\\\/modalert-200-mg\\\/#primaryimage\"},\"thumbnailUrl\":\"https:\\\/\\\/buymodafinilonline.com\\\/wp-content\\\/uploads\\\/2020\\\/04\\\/product-bmo-Modalert-1.png\",\"datePublished\":\"2020-03-23T19:47:37+00:00\",\"dateModified\":\"2026-03-06T12:14:23+00:00\",\"description\":\"Commandez Modalert 200 mg en ligne sans ordonnance \u00e0 la pharmacie BuyModafinilOnline. Livraison garantie \u00e0 100% depuis l'Inde. Achetez Modalert (modafinil) pas cher avec Bitcoin ou PayPal et obtenez de grandes r\u00e9ductions !\",\"breadcrumb\":{\"@id\":\"https:\\\/\\\/buymodafinilonline.com\\\/fr\\\/medicaments-intelligents\\\/modalert-200-mg\\\/#breadcrumb\"},\"inLanguage\":\"fr-FR\",\"potentialAction\":[{\"@type\":\"ReadAction\",\"target\":[\"https:\\\/\\\/buymodafinilonline.com\\\/fr\\\/medicaments-intelligents\\\/modalert-200-mg\\\/\"]}]},{\"@type\":\"ImageObject\",\"inLanguage\":\"fr-FR\",\"@id\":\"https:\\\/\\\/buymodafinilonline.com\\\/fr\\\/medicaments-intelligents\\\/modalert-200-mg\\\/#primaryimage\",\"url\":\"https:\\\/\\\/buymodafinilonline.com\\\/wp-content\\\/uploads\\\/2020\\\/04\\\/product-bmo-Modalert-1.png\",\"contentUrl\":\"https:\\\/\\\/buymodafinilonline.com\\\/wp-content\\\/uploads\\\/2020\\\/04\\\/product-bmo-Modalert-1.png\",\"width\":1280,\"height\":1500,\"caption\":\"Modalert 200 mg\"},{\"@type\":\"BreadcrumbList\",\"@id\":\"https:\\\/\\\/buymodafinilonline.com\\\/fr\\\/medicaments-intelligents\\\/modalert-200-mg\\\/#breadcrumb\",\"itemListElement\":[{\"@type\":\"ListItem\",\"position\":1,\"name\":\"Buy Modafinil Online\",\"item\":\"https:\\\/\\\/buymodafinilonline.com\\\/fr\\\/\"},{\"@type\":\"ListItem\",\"position\":2,\"name\":\"Boutique\",\"item\":\"https:\\\/\\\/buymodafinilonline.com\\\/fr\\\/boutique\\\/\"},{\"@type\":\"ListItem\",\"position\":3,\"name\":\"Best-sellers\",\"item\":\"https:\\\/\\\/buymodafinilonline.com\\\/fr\\\/categorie-de-produit\\\/bestsellers-fr\\\/\"},{\"@type\":\"ListItem\",\"position\":4,\"name\":\"Modalert 200 mg\"}]},{\"@type\":\"WebSite\",\"@id\":\"https:\\\/\\\/buymodafinilonline.com\\\/fr\\\/#website\",\"url\":\"https:\\\/\\\/buymodafinilonline.com\\\/fr\\\/\",\"name\":\"BuyModafinilOnline.com\",\"description\":\"Modafinil Online Pharmacy\",\"publisher\":{\"@id\":\"https:\\\/\\\/buymodafinilonline.com\\\/fr\\\/#organization\"},\"potentialAction\":[{\"@type\":\"SearchAction\",\"target\":{\"@type\":\"EntryPoint\",\"urlTemplate\":\"https:\\\/\\\/buymodafinilonline.com\\\/fr\\\/?s={search_term_string}\"},\"query-input\":{\"@type\":\"PropertyValueSpecification\",\"valueRequired\":true,\"valueName\":\"search_term_string\"}}],\"inLanguage\":\"fr-FR\"},{\"@type\":\"Organization\",\"@id\":\"https:\\\/\\\/buymodafinilonline.com\\\/fr\\\/#organization\",\"name\":\"BuyModafinilOnline\",\"url\":\"https:\\\/\\\/buymodafinilonline.com\\\/fr\\\/\",\"logo\":{\"@type\":\"ImageObject\",\"inLanguage\":\"fr-FR\",\"@id\":\"https:\\\/\\\/buymodafinilonline.com\\\/fr\\\/#\\\/schema\\\/logo\\\/image\\\/\",\"url\":\"https:\\\/\\\/buymodafinilonline.com\\\/wp-content\\\/uploads\\\/2020\\\/04\\\/logo-buy-modafinil-online-yellow.png\",\"contentUrl\":\"https:\\\/\\\/buymodafinilonline.com\\\/wp-content\\\/uploads\\\/2020\\\/04\\\/logo-buy-modafinil-online-yellow.png\",\"width\":200,\"height\":200,\"caption\":\"BuyModafinilOnline\"},\"image\":{\"@id\":\"https:\\\/\\\/buymodafinilonline.com\\\/fr\\\/#\\\/schema\\\/logo\\\/image\\\/\"}}]}<\/script>\n<!-- \/ Yoast SEO Premium plugin. -->","yoast_head_json":{"title":"Achetez Modalert 200 mg (Modafinil) en Inde - BuyModafinilOnline","description":"Commandez Modalert 200 mg en ligne sans ordonnance \u00e0 la pharmacie BuyModafinilOnline. Livraison garantie \u00e0 100% depuis l'Inde. Achetez Modalert (modafinil) pas cher avec Bitcoin ou PayPal et obtenez de grandes r\u00e9ductions !","robots":{"index":"index","follow":"follow","max-snippet":"max-snippet:-1","max-image-preview":"max-image-preview:large","max-video-preview":"max-video-preview:-1"},"canonical":"https:\/\/buymodafinilonline.com\/fr\/medicaments-intelligents\/modalert-200-mg\/","og_locale":"fr_FR","og_type":"article","og_title":"Modalert 200 mg","og_description":"Commandez Modalert 200 mg en ligne sans ordonnance \u00e0 la pharmacie BuyModafinilOnline. Livraison garantie \u00e0 100% depuis l'Inde. Achetez Modalert (modafinil) pas cher avec Bitcoin ou PayPal et obtenez de grandes r\u00e9ductions !","og_url":"https:\/\/buymodafinilonline.com\/fr\/medicaments-intelligents\/modalert-200-mg\/","og_site_name":"BuyModafinilOnline.com","article_modified_time":"2026-03-06T12:14:23+00:00","og_image":[{"width":1280,"height":1500,"url":"https:\/\/buymodafinilonline.com\/wp-content\/uploads\/2020\/04\/product-bmo-Modalert-1.png","type":"image\/png"}],"twitter_misc":{"Dur\u00e9e de lecture estim\u00e9e":"6 minutes"},"schema":{"@context":"https:\/\/schema.org","@graph":[{"@type":"WebPage","@id":"https:\/\/buymodafinilonline.com\/fr\/medicaments-intelligents\/modalert-200-mg\/","url":"https:\/\/buymodafinilonline.com\/fr\/medicaments-intelligents\/modalert-200-mg\/","name":"Achetez Modalert 200 mg (Modafinil) en Inde - BuyModafinilOnline","isPartOf":{"@id":"https:\/\/buymodafinilonline.com\/fr\/#website"},"primaryImageOfPage":{"@id":"https:\/\/buymodafinilonline.com\/fr\/medicaments-intelligents\/modalert-200-mg\/#primaryimage"},"image":{"@id":"https:\/\/buymodafinilonline.com\/fr\/medicaments-intelligents\/modalert-200-mg\/#primaryimage"},"thumbnailUrl":"https:\/\/buymodafinilonline.com\/wp-content\/uploads\/2020\/04\/product-bmo-Modalert-1.png","datePublished":"2020-03-23T19:47:37+00:00","dateModified":"2026-03-06T12:14:23+00:00","description":"Commandez Modalert 200 mg en ligne sans ordonnance \u00e0 la pharmacie BuyModafinilOnline. Livraison garantie \u00e0 100% depuis l'Inde. Achetez Modalert (modafinil) pas cher avec Bitcoin ou PayPal et obtenez de grandes r\u00e9ductions !","breadcrumb":{"@id":"https:\/\/buymodafinilonline.com\/fr\/medicaments-intelligents\/modalert-200-mg\/#breadcrumb"},"inLanguage":"fr-FR","potentialAction":[{"@type":"ReadAction","target":["https:\/\/buymodafinilonline.com\/fr\/medicaments-intelligents\/modalert-200-mg\/"]}]},{"@type":"ImageObject","inLanguage":"fr-FR","@id":"https:\/\/buymodafinilonline.com\/fr\/medicaments-intelligents\/modalert-200-mg\/#primaryimage","url":"https:\/\/buymodafinilonline.com\/wp-content\/uploads\/2020\/04\/product-bmo-Modalert-1.png","contentUrl":"https:\/\/buymodafinilonline.com\/wp-content\/uploads\/2020\/04\/product-bmo-Modalert-1.png","width":1280,"height":1500,"caption":"Modalert 200 mg"},{"@type":"BreadcrumbList","@id":"https:\/\/buymodafinilonline.com\/fr\/medicaments-intelligents\/modalert-200-mg\/#breadcrumb","itemListElement":[{"@type":"ListItem","position":1,"name":"Buy Modafinil Online","item":"https:\/\/buymodafinilonline.com\/fr\/"},{"@type":"ListItem","position":2,"name":"Boutique","item":"https:\/\/buymodafinilonline.com\/fr\/boutique\/"},{"@type":"ListItem","position":3,"name":"Best-sellers","item":"https:\/\/buymodafinilonline.com\/fr\/categorie-de-produit\/bestsellers-fr\/"},{"@type":"ListItem","position":4,"name":"Modalert 200 mg"}]},{"@type":"WebSite","@id":"https:\/\/buymodafinilonline.com\/fr\/#website","url":"https:\/\/buymodafinilonline.com\/fr\/","name":"BuyModafinilOnline.com","description":"Modafinil Online Pharmacy","publisher":{"@id":"https:\/\/buymodafinilonline.com\/fr\/#organization"},"potentialAction":[{"@type":"SearchAction","target":{"@type":"EntryPoint","urlTemplate":"https:\/\/buymodafinilonline.com\/fr\/?s={search_term_string}"},"query-input":{"@type":"PropertyValueSpecification","valueRequired":true,"valueName":"search_term_string"}}],"inLanguage":"fr-FR"},{"@type":"Organization","@id":"https:\/\/buymodafinilonline.com\/fr\/#organization","name":"BuyModafinilOnline","url":"https:\/\/buymodafinilonline.com\/fr\/","logo":{"@type":"ImageObject","inLanguage":"fr-FR","@id":"https:\/\/buymodafinilonline.com\/fr\/#\/schema\/logo\/image\/","url":"https:\/\/buymodafinilonline.com\/wp-content\/uploads\/2020\/04\/logo-buy-modafinil-online-yellow.png","contentUrl":"https:\/\/buymodafinilonline.com\/wp-content\/uploads\/2020\/04\/logo-buy-modafinil-online-yellow.png","width":200,"height":200,"caption":"BuyModafinilOnline"},"image":{"@id":"https:\/\/buymodafinilonline.com\/fr\/#\/schema\/logo\/image\/"}}]}},"_links":{"self":[{"href":"https:\/\/buymodafinilonline.com\/fr\/wp-json\/wp\/v2\/product\/396653","targetHints":{"allow":["GET"]}}],"collection":[{"href":"https:\/\/buymodafinilonline.com\/fr\/wp-json\/wp\/v2\/product"}],"about":[{"href":"https:\/\/buymodafinilonline.com\/fr\/wp-json\/wp\/v2\/types\/product"}],"replies":[{"embeddable":true,"href":"https:\/\/buymodafinilonline.com\/fr\/wp-json\/wp\/v2\/comments?post=396653"}],"wp:featuredmedia":[{"embeddable":true,"href":"https:\/\/buymodafinilonline.com\/fr\/wp-json\/wp\/v2\/media\/396654"}],"wp:attachment":[{"href":"https:\/\/buymodafinilonline.com\/fr\/wp-json\/wp\/v2\/media?parent=396653"}],"wp:term":[{"taxonomy":"product_brand","embeddable":true,"href":"https:\/\/buymodafinilonline.com\/fr\/wp-json\/wp\/v2\/product_brand?post=396653"},{"taxonomy":"product_cat","embeddable":true,"href":"https:\/\/buymodafinilonline.com\/fr\/wp-json\/wp\/v2\/product_cat?post=396653"},{"taxonomy":"product_tag","embeddable":true,"href":"https:\/\/buymodafinilonline.com\/fr\/wp-json\/wp\/v2\/product_tag?post=396653"}],"curies":[{"name":"wp","href":"https:\/\/api.w.org\/{rel}","templated":true}]}}