{"id":399517,"date":"2020-03-23T23:44:33","date_gmt":"2020-03-23T22:44:33","guid":{"rendered":"https:\/\/buymodafinilonline.com\/smart-drugs\/echantillons-gratuits-dartvigil-150-mg-armodafinil\/"},"modified":"2026-01-28T20:02:38","modified_gmt":"2026-01-28T19:02:38","slug":"echantillons-gratuits-dartvigil-150-mg-armodafinil","status":"publish","type":"product","link":"https:\/\/buymodafinilonline.com\/fr\/medicaments-intelligents\/echantillons-gratuits-dartvigil-150-mg-armodafinil\/","title":{"rendered":"Echantillons gratuits d&#8217;Artvigil 150 mg Armodafinil"},"content":{"rendered":"[vc_column width=&#8221;1\/2&#8243;]\n<div class=\"su-divider su-divider-style-default\" style=\"margin:10px 0;border-width:3px;border-color:#ffffff00\"><a href=\"#\" style=\"color:#ffffff009\">.<\/a><\/div>\n<h2>Avantages de la commande d&#8217;\u00e9chantillons d&#8217;essai d&#8217;Artvigil 150 mg Armodafinil<\/h2>\n<div class=\"su-divider su-divider-style-default\" style=\"margin:10px 0;border-width:3px;border-color:#ffffff00\"><a href=\"#\" style=\"color:#ffffff009\">.<\/a><\/div>\nArtvigil contient l&#8217;ingr\u00e9dient actif armodafinil qui est approuv\u00e9 pour traiter la somnolence diurne excessive associ\u00e9e \u00e0 la narcolepsie, \u00e0 l&#8217;apn\u00e9e obstructive du sommeil et au travail post\u00e9.<\/p>\n<p>Cependant, il est couramment utilis\u00e9 en dehors des directives pour traiter le syndrome de fatigue chronique, le trouble d\u00e9ficitaire de l&#8217;attention avec hyperactivit\u00e9 et le trouble d\u00e9pressif majeur.<\/p>\n<p>Surnomm\u00e9 le premier m\u00e9dicament &#8220;intelligent&#8221; au monde, il est largement utilis\u00e9 comme stimulant cognitif. Les PDG, les \u00e9tudiants, les militaires, les employ\u00e9s, les astronautes, entre autres, utilisent ce m\u00e9dicament pour stimuler leur productivit\u00e9 gr\u00e2ce aux avantages qu&#8217;il procure en mati\u00e8re de pouvoir cognitif. <\/p>\n<p>Pour savoir si ces pilules peuvent vous convenir ou non, nous vous enverrons 10 \u00e9chantillons gratuits \u00e0 essayer. Vous n&#8217;avez pas besoin de donner de l&#8217;argent pour cela et cela ne profite pas \u00e0 votre objectif m\u00e9dical. <\/p>\n<p>10 \u00e9chantillons gratuits d&#8217;armodafinil sont suffisants pour vous permettre de savoir si ces pilules vous conviennent ou non. En fin de compte, l&#8217;approbation des m\u00e9decins est primordiale avant de d\u00e9cider d&#8217;acheter ou d&#8217;obtenir des \u00e9chantillons d&#8217;essai gratuits de comprim\u00e9s d&#8217;armodafinil. <\/p>\n<div class=\"su-divider su-divider-style-default\" style=\"margin:10px 0;border-width:3px;border-color:#ffffff00\"><a href=\"#\" style=\"color:#ffffff009\">.<\/a><\/div>\n<h2>Comment fonctionnent les tablettes<\/h2>\n<div class=\"su-divider su-divider-style-default\" style=\"margin:10px 0;border-width:3px;border-color:#ffffff00\"><a href=\"#\" style=\"color:#ffffff009\">.<\/a><\/div>\nArvigil 150 mg agit en stimulant la lib\u00e9ration de substances chimiques dans le cerveau qui favorisent l&#8217;\u00e9veil &#8211; il agit comme un agent favorisant l&#8217;\u00e9veil.<\/p>\n<p>Bien que son m\u00e9canisme d&#8217;action exact ne soit pas enti\u00e8rement compris, les scientifiques savent qu&#8217;il agit en augmentant la quantit\u00e9 de dopamine (un neurotransmetteur chimique que les nerfs du cerveau utilisent pour communiquer efficacement entre eux) dans l&#8217;organisme.<\/p>\n<p>L&#8217;armodafinil inhibe d&#8217;autres nerfs et substances responsables de l&#8217;absorption d&#8217;une plus grande quantit\u00e9 de dopamine dans le corps, ce qui favorise le fonctionnement du cerveau en ce qui concerne l&#8217;\u00e9veil, l&#8217;am\u00e9lioration de la pens\u00e9e, l&#8217;acuit\u00e9 mentale, l&#8217;am\u00e9lioration de l&#8217;humeur et de la concentration, la perception, la concentration, la motivation et les niveaux d&#8217;\u00e9nergie.<\/p>\n<div class=\"su-divider su-divider-style-default\" style=\"margin:10px 0;border-width:3px;border-color:#ffffff00\"><a href=\"#\" style=\"color:#ffffff009\">.<\/a><\/div>\n<h2>Dosage s\u00fbr et utilisation appropri\u00e9e<\/h2>\n<div class=\"su-divider su-divider-style-default\" style=\"margin:10px 0;border-width:3px;border-color:#ffffff00\"><a href=\"#\" style=\"color:#ffffff009\">.<\/a><\/div>\nIl est fortement recommand\u00e9 de prendre 150 mg par jour (1 comprim\u00e9), une dose sup\u00e9rieure augmentant le risque d&#8217;effets secondaires.<\/p>\n<p>Dans tous les cas, vous pouvez toujours le fractionner. En cas de traitement de la narcolepsie, il est pr\u00e9f\u00e9rable de le prendre le matin au r\u00e9veil ou 1 heure avant de se pr\u00e9parer \u00e0 travailler ou \u00e0 \u00e9tudier. Sa dur\u00e9e d&#8217;action est sup\u00e9rieure \u00e0 10 heures.  <\/p>\n<p>Les effets sont plus rapides si vous le prenez \u00e0 jeun avec de l&#8217;eau. Les effets maximaux sont ressentis dans les 2 \u00e0 3 heures suivant la bonne administration. <\/p>\n<p>Notez qu&#8217;il s&#8217;agit d&#8217;un m\u00e9dicament d\u00e9livr\u00e9 sur ordonnance et que vous devez d&#8217;abord consulter un m\u00e9decin.<\/p>\n<div class=\"su-divider su-divider-style-default\" style=\"margin:10px 0;border-width:3px;border-color:#ffffff00\"><a href=\"#\" style=\"color:#ffffff009\">.<\/a><\/div>\n<h2>Les effets secondaires possibles<\/h2>\n<div class=\"su-divider su-divider-style-default\" style=\"margin:10px 0;border-width:3px;border-color:#ffffff00\"><a href=\"#\" style=\"color:#ffffff009\">.<\/a><\/div>\nCe m\u00e9dicament provoque rarement des effets n\u00e9gatifs. Cependant, les effets secondaires les plus fr\u00e9quents sont la congestion nasale, les maux de dos, l&#8217;anxi\u00e9t\u00e9, l&#8217;insomnie, la dyspepsie, la diarrh\u00e9e, les naus\u00e9es et les maux de t\u00eate. <\/p>\n<p>Les effets n\u00e9gatifs les moins fr\u00e9quents, mais qui peuvent \u00eatre graves, sont les suivants : rythme cardiaque irr\u00e9gulier, vomissements, \u00e9ruptions cutan\u00e9es, urine fonc\u00e9e, aphtes, urticaire, d\u00e9mangeaisons cutan\u00e9es.<\/p>\n<p>Si l&#8217;un des effets secondaires ne dispara\u00eet pas apr\u00e8s l&#8217;utilisation continue ou l&#8217;arr\u00eat du m\u00e9dicament, et si l&#8217;\u00e9tat de sant\u00e9 s&#8217;aggrave, il est recommand\u00e9 de consulter imm\u00e9diatement un m\u00e9decin.<\/p>\n[\/vc_column][vc_column width=&#8221;1\/2&#8243;]\n<div class=\"su-divider su-divider-style-default\" style=\"margin:10px 0;border-width:3px;border-color:#ffffff00\"><a href=\"#\" style=\"color:#ffffff009\">.<\/a><\/div>\n<h2>Contre-indications et mises en garde<\/h2>\n<div class=\"su-divider su-divider-style-default\" style=\"margin:10px 0;border-width:3px;border-color:#ffffff00\"><a href=\"#\" style=\"color:#ffffff009\">.<\/a><\/div>\nComme pour tout m\u00e9dicament, des pr\u00e9cautions et des avertissements peuvent figurer sur sa notice. Avant de prendre du modafinil, il est n\u00e9cessaire de prendre les pr\u00e9cautions indiqu\u00e9es par un sp\u00e9cialiste m\u00e9dical et, surtout, il est recommand\u00e9 de suivre les instructions figurant sur la notice du m\u00e9dicament. <\/p>\n<p>Artvigil interagit avec certains m\u00e9dicaments tels que :<\/p>\n<div class=\"su-divider su-divider-style-default\" style=\"margin:10px 0;border-width:3px;border-color:#ffffff00\"><a href=\"#\" style=\"color:#ffffff009\">.<\/a><\/div>\n<ul>\n<li>des s\u00e9datifs ou des hypnotiques ;<\/li>\n<li>antispasmodiques ;<\/li>\n<li>les antid\u00e9presseurs ;<\/li>\n<li>les m\u00e9dicaments contraceptifs ;<\/li>\n<li>les m\u00e9dicaments anticonvulsivants.<\/li>\n<\/ul>\n<div class=\"su-divider su-divider-style-default\" style=\"margin:10px 0;border-width:3px;border-color:#ffffff00\"><a href=\"#\" style=\"color:#ffffff009\">.<\/a><\/div>\nCe n&#8217;est pas une liste compl\u00e8te. Par exemple, soyez conscient de certains probl\u00e8mes de sant\u00e9, y compris les probl\u00e8mes cardiaques.<\/p>\n<p>Ne buvez pas non plus d&#8217;alcool pendant que vous utilisez Artvigil. Ne conduisez pas et n&#8217;utilisez pas de machines lourdes apr\u00e8s avoir pris de l&#8217;armodafinil, car cela peut provoquer des vertiges ou des troubles de la vision. N&#8217;arr\u00eatez pas brusquement de prendre de l&#8217;armodafinil, car cela pourrait entra\u00eener des sympt\u00f4mes de sevrage.  <\/p>\n<div class=\"su-divider su-divider-style-default\" style=\"margin:10px 0;border-width:3px;border-color:#ffffff00\"><a href=\"#\" style=\"color:#ffffff009\">.<\/a><\/div>\n<h2>Exp\u00e9rience consommateur<\/h2>\n<div class=\"su-divider su-divider-style-default\" style=\"margin:10px 0;border-width:3px;border-color:#ffffff00\"><a href=\"#\" style=\"color:#ffffff009\">.<\/a><\/div>\nPourquoi avez-vous besoin d&#8217;\u00e9chantillons gratuits de modafinil et d&#8217;Artvigil ? La v\u00e9rit\u00e9 est que : Avant de d\u00e9cider de commander des m\u00e9dicaments intelligents en vrac, il est pr\u00e9f\u00e9rable de tester leur efficacit\u00e9 et leur tol\u00e9rabilit\u00e9. Chaque personne r\u00e9agit diff\u00e9remment \u00e0 son m\u00e9dicament. Obtenez cet \u00e9chantillon gratuit et testez votre exp\u00e9rience.   <\/p>\n<p>D&#8217;apr\u00e8s les commentaires des utilisateurs, plusieurs d&#8217;entre eux estiment que ce m\u00e9dicament est s\u00fbr, efficace et bien tol\u00e9r\u00e9. Il favorise l&#8217;\u00e9veil et stimule efficacement les fonctions cognitives. Bien qu&#8217;il s&#8217;agisse d&#8217;un m\u00e9dicament puissant approuv\u00e9 pour divers troubles du sommeil, plusieurs personnes d\u00e9crites dans les commentaires et \u00e9valuations de m\u00e9dicaments en ligne donnent un avis positif sur le modafinil en ce qui concerne ses effets cognitifs.  <\/p>\n<p>Les gens ont \u00e9valu\u00e9 Artvigil 150 mg avec des effets tels que l&#8217;augmentation de la concentration, de l&#8217;attention, de la m\u00e9moire et de l&#8217;acuit\u00e9 mentale. De plus, selon certaines sources d&#8217;information fiables, la plupart des PDG et des professionnels \u00e9valuent positivement le modafinil et l&#8217;armodafinil, car ils am\u00e9liorent leur cognition et leur cr\u00e9ativit\u00e9, tandis que d&#8217;autres travailleurs affirment qu&#8217;ils augmentent leur productivit\u00e9 au travail en se sentant \u00e9veill\u00e9s et alertes. <\/p>\n<div class=\"su-divider su-divider-style-default\" style=\"margin:10px 0;border-width:3px;border-color:#ffffff00\"><a href=\"#\" style=\"color:#ffffff009\">.<\/a><\/div>\n<h2>Comment obtenir gratuitement de l&#8217;Armodafinil (Trial Artvigil 150mg) en ligne<\/h2>\n<div class=\"su-divider su-divider-style-default\" style=\"margin:10px 0;border-width:3px;border-color:#ffffff00\"><a href=\"#\" style=\"color:#ffffff009\">.<\/a><\/div>\nObtenir des \u00e9chantillons d&#8217;essai de m\u00e9dicaments \u00e0 base d&#8217;armodafinil est n\u00e9cessaire. Ce n&#8217;est pas tr\u00e8s compliqu\u00e9 et c&#8217;est une garantie que vous testez la fa\u00e7on dont une certaine pharmacie en ligne op\u00e8re et la qualit\u00e9 et l&#8217;efficacit\u00e9 de ses m\u00e9dicaments. <\/p>\n<p>C&#8217;est ce que nous faisons \u00e0 la <a href=\"https:\/\/buymodafinilonline.com\/fr\/\">pharmacie BuyModafinilOnline<\/a>. Nous faisons ce que nous promettons et nous nous engageons \u00e0 n&#8217;offrir que des m\u00e9dicaments authentiques provenant de compagnies pharmaceutiques l\u00e9gitimes et fiables. <\/p>\n<p>Vous d\u00e9cidez de commander plus de comprim\u00e9s ? <a href=\"https:\/\/buymodafinilonline.com\/fr\/medicaments-intelligents\/modvigil-200-mg\/\">Modvigil 200 mg<\/a>, <a href=\"https:\/\/buymodafinilonline.com\/fr\/medicaments-intelligents\/vilafinil-200-mg-2\/\">Vilafinil 200 mg<\/a>, <a href=\"https:\/\/buymodafinilonline.com\/fr\/medicaments-intelligents\/modalert-200-mg\/\">Modalert 200 mg<\/a>, et bien d&#8217;autres nootropiques sont disponibles pour tous !<\/p>\n<p>BuyModafinilOnline est l&#8217;ultime pharmacie en ligne qui propose diverses exp\u00e9riences de r\u00e9duction des prix, notamment des coupons, des remises<a href=\"https:\/\/buymodafinilonline.com\/fr\/payez-avec-des-bitcoins\/\">(23 % de r\u00e9duction pour le paiement en bitcoins<\/a>) et des offres. Vous pouvez obtenir un coupon de 30 $ en \u00e9crivant un commentaire ou si vous \u00eates un client habituel (25 $). <\/p>\n<p>Les prix des m\u00e9dicaments de notre pharmacie en ligne sont extr\u00eamement bas car ils sont bas\u00e9s sur les co\u00fbts de fabrication.<\/p>\n<div class=\"su-divider su-divider-style-default\" style=\"margin:10px 0;border-width:3px;border-color:#ffffff00\"><a href=\"#\" style=\"color:#ffffff009\">.<\/a><\/div>\n[\/vc_column]\n","protected":false},"excerpt":{"rendered":"<p>Artvigil 150 mg (par HAB Pharma) est de l&#8217;armodafinil, qui augmente la motivation, stimule l&#8217;activit\u00e9 mentale et aide \u00e0 se concentrer au travail. Ce m\u00e9dicament peut-il \u00eatre efficace pour vous ? Nous sommes pr\u00eats \u00e0 vous donner 10 \u00e9chantillons gratuits d&#8217;armodafinil.  <\/p>\n<p>Vous n&#8217;aurez qu&#8217;\u00e0 payer les frais d&#8217;exp\u00e9dition (29 $ pour l&#8217;exp\u00e9dition standard ou 39 $ pour l&#8217;exp\u00e9dition express &#8211; d\u00e9lai de livraison de 7 jours seulement).<\/p>\n[sc name=\"s1\"]\n[sc name=\"free-samples-notice-product\"]\n","protected":false},"featured_media":398132,"comment_status":"closed","ping_status":"closed","template":"","meta":{"_acf_changed":false},"product_brand":[],"product_cat":[4240,3785,8917],"product_tag":[4009],"class_list":{"0":"post-399517","1":"product","2":"type-product","3":"status-publish","4":"has-post-thumbnail","6":"product_cat-essai-gratuit","7":"product_cat-marques-medicaments-intelligents","8":"product_cat-us-domestic-shipping-fr","9":"product_tag-armodafinil-fr-2","11":"first","12":"instock","13":"sale","14":"shipping-taxable","15":"purchasable","16":"product-type-simple"},"acf":[],"yoast_head":"<!-- This site is optimized with the Yoast SEO Premium plugin v23.6 (Yoast SEO v27.3) - https:\/\/yoast.com\/product\/yoast-seo-premium-wordpress\/ -->\n<title>Obtenez des \u00e9chantillons gratuits d&#039;Armodafinil (Artvigil 150 mg Trial Pack) - BuyModafinilOnline<\/title>\n<meta name=\"description\" content=\"Ici, vous pouvez obtenir 10 \u00e9chantillons gratuits d&#039;armodafinil en vente libre en ligne. Un pack d&#039;essai 100% l\u00e9gal d&#039;Artvigil 150 mg est disponible avec chaque commande dans votre panier sur BuyModafinilOnline !\" \/>\n<meta name=\"robots\" content=\"index, follow, max-snippet:-1, max-image-preview:large, max-video-preview:-1\" \/>\n<link rel=\"canonical\" href=\"https:\/\/buymodafinilonline.com\/fr\/medicaments-intelligents\/echantillons-gratuits-dartvigil-150-mg-armodafinil\/\" \/>\n<meta property=\"og:locale\" content=\"fr_FR\" \/>\n<meta property=\"og:type\" content=\"article\" \/>\n<meta property=\"og:title\" content=\"Echantillons gratuits d&#039;Artvigil 150 mg Armodafinil\" \/>\n<meta property=\"og:description\" content=\"Ici, vous pouvez obtenir 10 \u00e9chantillons gratuits d&#039;armodafinil en vente libre en ligne. Un pack d&#039;essai 100% l\u00e9gal d&#039;Artvigil 150 mg est disponible avec chaque commande dans votre panier sur BuyModafinilOnline !\" \/>\n<meta property=\"og:url\" content=\"https:\/\/buymodafinilonline.com\/fr\/medicaments-intelligents\/echantillons-gratuits-dartvigil-150-mg-armodafinil\/\" \/>\n<meta property=\"og:site_name\" content=\"BuyModafinilOnline.com\" \/>\n<meta property=\"article:modified_time\" content=\"2026-01-28T19:02:38+00:00\" \/>\n<meta property=\"og:image\" content=\"https:\/\/buymodafinilonline.com\/wp-content\/uploads\/2020\/04\/bmo-product-artvigil-free-samples-.png\" \/>\n\t<meta property=\"og:image:width\" content=\"1280\" \/>\n\t<meta property=\"og:image:height\" content=\"1500\" \/>\n\t<meta property=\"og:image:type\" content=\"image\/png\" \/>\n<meta name=\"twitter:label1\" content=\"Dur\u00e9e de lecture estim\u00e9e\" \/>\n\t<meta name=\"twitter:data1\" content=\"6 minutes\" \/>\n<script type=\"application\/ld+json\" class=\"yoast-schema-graph\">{\"@context\":\"https:\\\/\\\/schema.org\",\"@graph\":[{\"@type\":\"WebPage\",\"@id\":\"https:\\\/\\\/buymodafinilonline.com\\\/fr\\\/medicaments-intelligents\\\/echantillons-gratuits-dartvigil-150-mg-armodafinil\\\/\",\"url\":\"https:\\\/\\\/buymodafinilonline.com\\\/fr\\\/medicaments-intelligents\\\/echantillons-gratuits-dartvigil-150-mg-armodafinil\\\/\",\"name\":\"Obtenez des \u00e9chantillons gratuits d'Armodafinil (Artvigil 150 mg Trial Pack) - BuyModafinilOnline\",\"isPartOf\":{\"@id\":\"https:\\\/\\\/buymodafinilonline.com\\\/fr\\\/#website\"},\"primaryImageOfPage\":{\"@id\":\"https:\\\/\\\/buymodafinilonline.com\\\/fr\\\/medicaments-intelligents\\\/echantillons-gratuits-dartvigil-150-mg-armodafinil\\\/#primaryimage\"},\"image\":{\"@id\":\"https:\\\/\\\/buymodafinilonline.com\\\/fr\\\/medicaments-intelligents\\\/echantillons-gratuits-dartvigil-150-mg-armodafinil\\\/#primaryimage\"},\"thumbnailUrl\":\"https:\\\/\\\/buymodafinilonline.com\\\/wp-content\\\/uploads\\\/2020\\\/04\\\/bmo-product-artvigil-free-samples-.png\",\"datePublished\":\"2020-03-23T22:44:33+00:00\",\"dateModified\":\"2026-01-28T19:02:38+00:00\",\"description\":\"Ici, vous pouvez obtenir 10 \u00e9chantillons gratuits d'armodafinil en vente libre en ligne. Un pack d'essai 100% l\u00e9gal d'Artvigil 150 mg est disponible avec chaque commande dans votre panier sur BuyModafinilOnline !\",\"breadcrumb\":{\"@id\":\"https:\\\/\\\/buymodafinilonline.com\\\/fr\\\/medicaments-intelligents\\\/echantillons-gratuits-dartvigil-150-mg-armodafinil\\\/#breadcrumb\"},\"inLanguage\":\"fr-FR\",\"potentialAction\":[{\"@type\":\"ReadAction\",\"target\":[\"https:\\\/\\\/buymodafinilonline.com\\\/fr\\\/medicaments-intelligents\\\/echantillons-gratuits-dartvigil-150-mg-armodafinil\\\/\"]}]},{\"@type\":\"ImageObject\",\"inLanguage\":\"fr-FR\",\"@id\":\"https:\\\/\\\/buymodafinilonline.com\\\/fr\\\/medicaments-intelligents\\\/echantillons-gratuits-dartvigil-150-mg-armodafinil\\\/#primaryimage\",\"url\":\"https:\\\/\\\/buymodafinilonline.com\\\/wp-content\\\/uploads\\\/2020\\\/04\\\/bmo-product-artvigil-free-samples-.png\",\"contentUrl\":\"https:\\\/\\\/buymodafinilonline.com\\\/wp-content\\\/uploads\\\/2020\\\/04\\\/bmo-product-artvigil-free-samples-.png\",\"width\":1280,\"height\":1500,\"caption\":\"\u00c9chantillons gratuits Artvigil 150 mg Armodafinil\"},{\"@type\":\"BreadcrumbList\",\"@id\":\"https:\\\/\\\/buymodafinilonline.com\\\/fr\\\/medicaments-intelligents\\\/echantillons-gratuits-dartvigil-150-mg-armodafinil\\\/#breadcrumb\",\"itemListElement\":[{\"@type\":\"ListItem\",\"position\":1,\"name\":\"Buy Modafinil Online\",\"item\":\"https:\\\/\\\/buymodafinilonline.com\\\/fr\\\/\"},{\"@type\":\"ListItem\",\"position\":2,\"name\":\"Boutique\",\"item\":\"https:\\\/\\\/buymodafinilonline.com\\\/fr\\\/boutique\\\/\"},{\"@type\":\"ListItem\",\"position\":3,\"name\":\"Essai gratuit\",\"item\":\"https:\\\/\\\/buymodafinilonline.com\\\/fr\\\/categorie-de-produit\\\/essai-gratuit\\\/\"},{\"@type\":\"ListItem\",\"position\":4,\"name\":\"Echantillons gratuits d&#8217;Artvigil 150 mg Armodafinil\"}]},{\"@type\":\"WebSite\",\"@id\":\"https:\\\/\\\/buymodafinilonline.com\\\/fr\\\/#website\",\"url\":\"https:\\\/\\\/buymodafinilonline.com\\\/fr\\\/\",\"name\":\"BuyModafinilOnline.com\",\"description\":\"Modafinil Online Pharmacy\",\"publisher\":{\"@id\":\"https:\\\/\\\/buymodafinilonline.com\\\/fr\\\/#organization\"},\"potentialAction\":[{\"@type\":\"SearchAction\",\"target\":{\"@type\":\"EntryPoint\",\"urlTemplate\":\"https:\\\/\\\/buymodafinilonline.com\\\/fr\\\/?s={search_term_string}\"},\"query-input\":{\"@type\":\"PropertyValueSpecification\",\"valueRequired\":true,\"valueName\":\"search_term_string\"}}],\"inLanguage\":\"fr-FR\"},{\"@type\":\"Organization\",\"@id\":\"https:\\\/\\\/buymodafinilonline.com\\\/fr\\\/#organization\",\"name\":\"BuyModafinilOnline\",\"url\":\"https:\\\/\\\/buymodafinilonline.com\\\/fr\\\/\",\"logo\":{\"@type\":\"ImageObject\",\"inLanguage\":\"fr-FR\",\"@id\":\"https:\\\/\\\/buymodafinilonline.com\\\/fr\\\/#\\\/schema\\\/logo\\\/image\\\/\",\"url\":\"https:\\\/\\\/buymodafinilonline.com\\\/wp-content\\\/uploads\\\/2020\\\/04\\\/logo-buy-modafinil-online-yellow.png\",\"contentUrl\":\"https:\\\/\\\/buymodafinilonline.com\\\/wp-content\\\/uploads\\\/2020\\\/04\\\/logo-buy-modafinil-online-yellow.png\",\"width\":200,\"height\":200,\"caption\":\"BuyModafinilOnline\"},\"image\":{\"@id\":\"https:\\\/\\\/buymodafinilonline.com\\\/fr\\\/#\\\/schema\\\/logo\\\/image\\\/\"}}]}<\/script>\n<!-- \/ Yoast SEO Premium plugin. -->","yoast_head_json":{"title":"Obtenez des \u00e9chantillons gratuits d'Armodafinil (Artvigil 150 mg Trial Pack) - BuyModafinilOnline","description":"Ici, vous pouvez obtenir 10 \u00e9chantillons gratuits d'armodafinil en vente libre en ligne. Un pack d'essai 100% l\u00e9gal d'Artvigil 150 mg est disponible avec chaque commande dans votre panier sur BuyModafinilOnline !","robots":{"index":"index","follow":"follow","max-snippet":"max-snippet:-1","max-image-preview":"max-image-preview:large","max-video-preview":"max-video-preview:-1"},"canonical":"https:\/\/buymodafinilonline.com\/fr\/medicaments-intelligents\/echantillons-gratuits-dartvigil-150-mg-armodafinil\/","og_locale":"fr_FR","og_type":"article","og_title":"Echantillons gratuits d'Artvigil 150 mg Armodafinil","og_description":"Ici, vous pouvez obtenir 10 \u00e9chantillons gratuits d'armodafinil en vente libre en ligne. Un pack d'essai 100% l\u00e9gal d'Artvigil 150 mg est disponible avec chaque commande dans votre panier sur BuyModafinilOnline !","og_url":"https:\/\/buymodafinilonline.com\/fr\/medicaments-intelligents\/echantillons-gratuits-dartvigil-150-mg-armodafinil\/","og_site_name":"BuyModafinilOnline.com","article_modified_time":"2026-01-28T19:02:38+00:00","og_image":[{"width":1280,"height":1500,"url":"https:\/\/buymodafinilonline.com\/wp-content\/uploads\/2020\/04\/bmo-product-artvigil-free-samples-.png","type":"image\/png"}],"twitter_misc":{"Dur\u00e9e de lecture estim\u00e9e":"6 minutes"},"schema":{"@context":"https:\/\/schema.org","@graph":[{"@type":"WebPage","@id":"https:\/\/buymodafinilonline.com\/fr\/medicaments-intelligents\/echantillons-gratuits-dartvigil-150-mg-armodafinil\/","url":"https:\/\/buymodafinilonline.com\/fr\/medicaments-intelligents\/echantillons-gratuits-dartvigil-150-mg-armodafinil\/","name":"Obtenez des \u00e9chantillons gratuits d'Armodafinil (Artvigil 150 mg Trial Pack) - BuyModafinilOnline","isPartOf":{"@id":"https:\/\/buymodafinilonline.com\/fr\/#website"},"primaryImageOfPage":{"@id":"https:\/\/buymodafinilonline.com\/fr\/medicaments-intelligents\/echantillons-gratuits-dartvigil-150-mg-armodafinil\/#primaryimage"},"image":{"@id":"https:\/\/buymodafinilonline.com\/fr\/medicaments-intelligents\/echantillons-gratuits-dartvigil-150-mg-armodafinil\/#primaryimage"},"thumbnailUrl":"https:\/\/buymodafinilonline.com\/wp-content\/uploads\/2020\/04\/bmo-product-artvigil-free-samples-.png","datePublished":"2020-03-23T22:44:33+00:00","dateModified":"2026-01-28T19:02:38+00:00","description":"Ici, vous pouvez obtenir 10 \u00e9chantillons gratuits d'armodafinil en vente libre en ligne. Un pack d'essai 100% l\u00e9gal d'Artvigil 150 mg est disponible avec chaque commande dans votre panier sur BuyModafinilOnline !","breadcrumb":{"@id":"https:\/\/buymodafinilonline.com\/fr\/medicaments-intelligents\/echantillons-gratuits-dartvigil-150-mg-armodafinil\/#breadcrumb"},"inLanguage":"fr-FR","potentialAction":[{"@type":"ReadAction","target":["https:\/\/buymodafinilonline.com\/fr\/medicaments-intelligents\/echantillons-gratuits-dartvigil-150-mg-armodafinil\/"]}]},{"@type":"ImageObject","inLanguage":"fr-FR","@id":"https:\/\/buymodafinilonline.com\/fr\/medicaments-intelligents\/echantillons-gratuits-dartvigil-150-mg-armodafinil\/#primaryimage","url":"https:\/\/buymodafinilonline.com\/wp-content\/uploads\/2020\/04\/bmo-product-artvigil-free-samples-.png","contentUrl":"https:\/\/buymodafinilonline.com\/wp-content\/uploads\/2020\/04\/bmo-product-artvigil-free-samples-.png","width":1280,"height":1500,"caption":"\u00c9chantillons gratuits Artvigil 150 mg Armodafinil"},{"@type":"BreadcrumbList","@id":"https:\/\/buymodafinilonline.com\/fr\/medicaments-intelligents\/echantillons-gratuits-dartvigil-150-mg-armodafinil\/#breadcrumb","itemListElement":[{"@type":"ListItem","position":1,"name":"Buy Modafinil Online","item":"https:\/\/buymodafinilonline.com\/fr\/"},{"@type":"ListItem","position":2,"name":"Boutique","item":"https:\/\/buymodafinilonline.com\/fr\/boutique\/"},{"@type":"ListItem","position":3,"name":"Essai gratuit","item":"https:\/\/buymodafinilonline.com\/fr\/categorie-de-produit\/essai-gratuit\/"},{"@type":"ListItem","position":4,"name":"Echantillons gratuits d&#8217;Artvigil 150 mg Armodafinil"}]},{"@type":"WebSite","@id":"https:\/\/buymodafinilonline.com\/fr\/#website","url":"https:\/\/buymodafinilonline.com\/fr\/","name":"BuyModafinilOnline.com","description":"Modafinil Online Pharmacy","publisher":{"@id":"https:\/\/buymodafinilonline.com\/fr\/#organization"},"potentialAction":[{"@type":"SearchAction","target":{"@type":"EntryPoint","urlTemplate":"https:\/\/buymodafinilonline.com\/fr\/?s={search_term_string}"},"query-input":{"@type":"PropertyValueSpecification","valueRequired":true,"valueName":"search_term_string"}}],"inLanguage":"fr-FR"},{"@type":"Organization","@id":"https:\/\/buymodafinilonline.com\/fr\/#organization","name":"BuyModafinilOnline","url":"https:\/\/buymodafinilonline.com\/fr\/","logo":{"@type":"ImageObject","inLanguage":"fr-FR","@id":"https:\/\/buymodafinilonline.com\/fr\/#\/schema\/logo\/image\/","url":"https:\/\/buymodafinilonline.com\/wp-content\/uploads\/2020\/04\/logo-buy-modafinil-online-yellow.png","contentUrl":"https:\/\/buymodafinilonline.com\/wp-content\/uploads\/2020\/04\/logo-buy-modafinil-online-yellow.png","width":200,"height":200,"caption":"BuyModafinilOnline"},"image":{"@id":"https:\/\/buymodafinilonline.com\/fr\/#\/schema\/logo\/image\/"}}]}},"_links":{"self":[{"href":"https:\/\/buymodafinilonline.com\/fr\/wp-json\/wp\/v2\/product\/399517","targetHints":{"allow":["GET"]}}],"collection":[{"href":"https:\/\/buymodafinilonline.com\/fr\/wp-json\/wp\/v2\/product"}],"about":[{"href":"https:\/\/buymodafinilonline.com\/fr\/wp-json\/wp\/v2\/types\/product"}],"replies":[{"embeddable":true,"href":"https:\/\/buymodafinilonline.com\/fr\/wp-json\/wp\/v2\/comments?post=399517"}],"wp:featuredmedia":[{"embeddable":true,"href":"https:\/\/buymodafinilonline.com\/fr\/wp-json\/wp\/v2\/media\/398132"}],"wp:attachment":[{"href":"https:\/\/buymodafinilonline.com\/fr\/wp-json\/wp\/v2\/media?parent=399517"}],"wp:term":[{"taxonomy":"product_brand","embeddable":true,"href":"https:\/\/buymodafinilonline.com\/fr\/wp-json\/wp\/v2\/product_brand?post=399517"},{"taxonomy":"product_cat","embeddable":true,"href":"https:\/\/buymodafinilonline.com\/fr\/wp-json\/wp\/v2\/product_cat?post=399517"},{"taxonomy":"product_tag","embeddable":true,"href":"https:\/\/buymodafinilonline.com\/fr\/wp-json\/wp\/v2\/product_tag?post=399517"}],"curies":[{"name":"wp","href":"https:\/\/api.w.org\/{rel}","templated":true}]}}