{"id":403635,"date":"2020-03-23T16:59:08","date_gmt":"2020-03-23T15:59:08","guid":{"rendered":"https:\/\/buymodafinilonline.com\/smart-drugs\/artvigil-150-mg\/"},"modified":"2026-03-07T08:47:12","modified_gmt":"2026-03-07T07:47:12","slug":"artvigil-150-mg","status":"publish","type":"product","link":"https:\/\/buymodafinilonline.com\/fr\/medicaments-intelligents\/artvigil-150-mg\/","title":{"rendered":"Artvigil 150 mg"},"content":{"rendered":"[vc_column width=&#8221;1\/2&#8243;]\n<div class=\"su-divider su-divider-style-default\" style=\"margin:10px 0;border-width:3px;border-color:#ffffff00\"><a href=\"#\" style=\"color:#ffffff009\">.<\/a><\/div>\n<h2>Qu&#8217;est-ce que Artvigil 150 mg ?<\/h2>\n<div class=\"su-divider su-divider-style-default\" style=\"margin:10px 0;border-width:3px;border-color:#ffffff00\"><a href=\"#\" style=\"color:#ffffff009\">.<\/a><\/div>\nArtvigil 150 mg est un m\u00e9dicament populaire utilis\u00e9 pour lutter contre la somnolence diurne et la somnolence extr\u00eame chez les utilisateurs. Il contient de l&#8217;armodafinil comme composant actif et, ces derni\u00e8res ann\u00e9es, il s&#8217;est av\u00e9r\u00e9 tr\u00e8s efficace pour lutter contre la somnolence extr\u00eame et le manque de motivation. <\/p>\n<p>Si vous connaissez des m\u00e9dicaments tels que le Modafinil ou le Modalert, vous avez probablement entendu parler des &#8220;nootropiques&#8221;. Artvigil appartient \u00e0 la cat\u00e9gorie des m\u00e9dicaments connus sous le nom de nootropiques et aide les utilisateurs \u00e0 rester concentr\u00e9s et alertes tout au long de la journ\u00e9e, ainsi qu&#8217;\u00e0 profiter d&#8217;une p\u00e9riode de vigilance mentale plus longue. <\/p>\n<p>Gr\u00e2ce \u00e0 son taux de r\u00e9ussite \u00e9lev\u00e9, ce m\u00e9dicament est utilis\u00e9 par un grand nombre de personnes, y compris les \u00e9tudiants, les artistes et les personnes qui ont un travail r\u00e9gulier de 9 \u00e0 5.<\/p>\n<div class=\"su-divider su-divider-style-default\" style=\"margin:10px 0;border-width:3px;border-color:#ffffff00\"><a href=\"#\" style=\"color:#ffffff009\">.<\/a><\/div>\n<h2>Comment fonctionnent les tablettes<\/h2>\n<div class=\"su-divider su-divider-style-default\" style=\"margin:10px 0;border-width:3px;border-color:#ffffff00\"><a href=\"#\" style=\"color:#ffffff009\">.<\/a><\/div>\nPendant des ann\u00e9es, le m\u00e9canisme d&#8217;action d&#8217;Artvigil est rest\u00e9 partiellement myst\u00e9rieux. De nombreux experts ne parviennent pas \u00e0 d\u00e9terminer avec pr\u00e9cision le mode d&#8217;action de ce m\u00e9dicament. Cependant, la plupart d&#8217;entre eux pensent qu&#8217;il agit en affectant les substances du cerveau qui contr\u00f4lent le cycle veille-sommeil.  <\/p>\n<p>Tout comme le modafinil, l&#8217;armodafinil (le composant actif d&#8217;Artvigil) bloque la recapture de la dopamine en se liant au transporteur de la dopamine et en augmentant les concentrations de dopamine dans certaines r\u00e9gions du cerveau.<\/p>\n<p>Cela permet de stimuler la productivit\u00e9 et d&#8217;augmenter la vigilance de l&#8217;utilisateur \u00e0 des niveaux jamais atteints auparavant.<\/p>\n<div class=\"su-divider su-divider-style-default\" style=\"margin:10px 0;border-width:3px;border-color:#ffffff00\"><a href=\"#\" style=\"color:#ffffff009\">.<\/a><\/div>\n<h2>Dosage s\u00fbr et utilisation appropri\u00e9e<\/h2>\n<div class=\"su-divider su-divider-style-default\" style=\"margin:10px 0;border-width:3px;border-color:#ffffff00\"><a href=\"#\" style=\"color:#ffffff009\">.<\/a><\/div>\nBien qu&#8217;Artvigil 150mg soit une pilule hautement &#8220;magique&#8221;, elle doit \u00eatre utilis\u00e9e avec une prudence absolue. \u00c9tant donn\u00e9 que les effets de ce m\u00e9dicament sont g\u00e9n\u00e9ralement de longue dur\u00e9e, il est conseill\u00e9 de le prendre le matin, une heure avant le d\u00e9but de votre journ\u00e9e de travail. <\/p>\n<p>Les effets d&#8217;un seul comprim\u00e9 durent toute la journ\u00e9e, il n&#8217;est donc pas n\u00e9cessaire d&#8217;en prendre davantage. Lors de l&#8217;utilisation de ce m\u00e9dicament, il est important de respecter la dose recommand\u00e9e. <\/p>\n<p>Enfin, \u00e9vitez d&#8217;utiliser ce m\u00e9dicament comme alternative au sommeil, car le besoin naturel de sommeil de votre corps finira par le rattraper.<\/p>\n<div class=\"su-divider su-divider-style-default\" style=\"margin:10px 0;border-width:3px;border-color:#ffffff00\"><a href=\"#\" style=\"color:#ffffff009\">.<\/a><\/div>\n<h2>Les effets secondaires possibles<\/h2>\n<div class=\"su-divider su-divider-style-default\" style=\"margin:10px 0;border-width:3px;border-color:#ffffff00\"><a href=\"#\" style=\"color:#ffffff009\">.<\/a><\/div>\nLors de l&#8217;utilisation d&#8217;Artvigil 150 mg, il est tout \u00e0 fait normal de ressentir certains effets secondaires, le plus courant \u00e9tant l&#8217;insomnie. Comme il a \u00e9t\u00e9 sp\u00e9cifiquement cr\u00e9\u00e9 pour lutter contre la somnolence, il n&#8217;est pas surprenant qu&#8217;il puisse provoquer des insomnies chez certains utilisateurs. <\/p>\n<p>Les autres effets secondaires courants de ce m\u00e9dicament sont les maux de t\u00eate, les naus\u00e9es, les vertiges et, dans certains cas, la s\u00e9cheresse de la bouche.<\/p>\n<p>Certaines r\u00e9actions n\u00e9gatives plus graves peuvent r\u00e9sulter de l&#8217;utilisation de ce m\u00e9dicament. Elles se produisent rarement, mais lorsqu&#8217;elles surviennent, il est toujours conseill\u00e9 de consulter imm\u00e9diatement un m\u00e9decin. Parmi ces effets secondaires, citons les tremblements, les hallucinations, la d\u00e9pression, etc.<\/p>\n[\/vc_column][vc_column width=&#8221;1\/2&#8243;]\n<div class=\"su-divider su-divider-style-default\" style=\"margin:10px 0;border-width:3px;border-color:#ffffff00\"><a href=\"#\" style=\"color:#ffffff009\">.<\/a><\/div>\nSelon plusieurs utilisateurs, Artvigil peut entra\u00eener une perte d&#8217;app\u00e9tit. Par cons\u00e9quent, les personnes qui pr\u00e9voient d&#8217;utiliser ce m\u00e9dicament pendant une p\u00e9riode prolong\u00e9e doivent veiller \u00e0 ne pas perdre de poids de mani\u00e8re extr\u00eame. <\/p>\n<div class=\"su-divider su-divider-style-default\" style=\"margin:10px 0;border-width:3px;border-color:#ffffff00\"><a href=\"#\" style=\"color:#ffffff009\">.<\/a><\/div>\n<h2>Contre-indications et mises en garde<\/h2>\n<div class=\"su-divider su-divider-style-default\" style=\"margin:10px 0;border-width:3px;border-color:#ffffff00\"><a href=\"#\" style=\"color:#ffffff009\">.<\/a><\/div>\nLes interactions m\u00e9dicamenteuses modifient g\u00e9n\u00e9ralement le mode d&#8217;action des m\u00e9dicaments ou augmentent le risque d&#8217;effets secondaires graves. Artvigil peut interagir avec des drogues de rue telles que la m\u00e9thamph\u00e9tamine et certains m\u00e9dicaments sur ordonnance ou en vente libre, notamment : <\/p>\n<div class=\"su-divider su-divider-style-default\" style=\"margin:10px 0;border-width:3px;border-color:#ffffff00\"><a href=\"#\" style=\"color:#ffffff009\">.<\/a><\/div>\n<ul>\n<li>Lisinopril ;<\/li>\n<li>Clonazepam ;<\/li>\n<li>Omeprazole ;<\/li>\n<li>Xanax ;<\/li>\n<li>Trazodone ;<\/li>\n<li>Percocet.<\/li>\n<\/ul>\n<div class=\"su-divider su-divider-style-default\" style=\"margin:10px 0;border-width:3px;border-color:#ffffff00\"><a href=\"#\" style=\"color:#ffffff009\">.<\/a><\/div>\nLa prise de caf\u00e9ine en m\u00eame temps que le m\u00e9dicament peut \u00e9galement augmenter les effets ind\u00e9sirables g\u00e9n\u00e9ralement observ\u00e9s lors de l&#8217;utilisation d&#8217;Artvigil. L&#8217;alcool peut \u00e9galement interagir avec ce m\u00e9dicament en cas de consommation excessive. Il ne s&#8217;agit pas d&#8217;une liste exhaustive des substances susceptibles d&#8217;interagir avec Artvigil. Consultez votre m\u00e9decin pour obtenir des informations plus d\u00e9taill\u00e9es sur les interactions.   <\/p>\n<div class=\"su-divider su-divider-style-default\" style=\"margin:10px 0;border-width:3px;border-color:#ffffff00\"><a href=\"#\" style=\"color:#ffffff009\">.<\/a><\/div>\n<h2>Exp\u00e9rience consommateur<\/h2>\n<div class=\"su-divider su-divider-style-default\" style=\"margin:10px 0;border-width:3px;border-color:#ffffff00\"><a href=\"#\" style=\"color:#ffffff009\">.<\/a><\/div>\nPour certains m\u00e9dicaments, il peut \u00eatre difficile de trouver des avis positifs authentiques de la part de clients qui les ont utilis\u00e9s. Cependant, lorsqu&#8217;il s&#8217;agit d&#8217;Artvigil et d&#8217;autres nootropiques, les faits parlent d&#8217;eux-m\u00eames. <\/p>\n<p>De nombreuses personnes ayant utilis\u00e9 Artvigil 150mg ont fait \u00e9tat d&#8217;une am\u00e9lioration de la vigilance et de la concentration. La majorit\u00e9 d&#8217;entre elles l&#8217;ont approuv\u00e9 en termes d&#8217;efficacit\u00e9, de tol\u00e9rance et de facilit\u00e9 d&#8217;utilisation. <\/p>\n<p>Artvigil aide les utilisateurs \u00e0 accomplir des t\u00e2ches rapidement, sans se sentir fatigu\u00e9s, endormis ou \u00e9puis\u00e9s. Mais avant d&#8217;utiliser des nootropiques, vous devriez consulter un m\u00e9decin. <\/p>\n<div class=\"su-divider su-divider-style-default\" style=\"margin:10px 0;border-width:3px;border-color:#ffffff00\"><a href=\"#\" style=\"color:#ffffff009\">.<\/a><\/div>\n<h2>Buy G\u00e9n\u00e9rique Artvigil 150 mg (Armodafinil) Online<\/h2>\n<div class=\"su-divider su-divider-style-default\" style=\"margin:10px 0;border-width:3px;border-color:#ffffff00\"><a href=\"#\" style=\"color:#ffffff009\">.<\/a><\/div>\nVous cherchez le meilleur endroit pour acheter Artvigil 150 mg en ligne ? Ne cherchez pas plus loin ! Dans notre pharmacie en ligne, nous proposons Artvigil ainsi que d&#8217;autres m\u00e9dicaments intelligents \u00e0 la vente aux prix les plus bas possibles. De plus, les clients qui ach\u00e8tent chez nous b\u00e9n\u00e9ficient d&#8217;un excellent rapport qualit\u00e9-prix.   <\/p>\n<p>Nous disposons d&#8217;un syst\u00e8me de r\u00e9duction attractif :<\/p>\n<div class=\"su-divider su-divider-style-default\" style=\"margin:10px 0;border-width:3px;border-color:#ffffff00\"><a href=\"#\" style=\"color:#ffffff009\">.<\/a><\/div>\n<ul>\n<li>25 $ de clients r\u00e9guliers ;<\/li>\n<li>23% de r\u00e9duction si vous <a href=\"https:\/\/buymodafinilonline.com\/fr\/payez-avec-des-bitcoins\/\">payez en BTC<\/a>.<\/li>\n<\/ul>\n<div class=\"su-divider su-divider-style-default\" style=\"margin:10px 0;border-width:3px;border-color:#ffffff00\"><a href=\"#\" style=\"color:#ffffff009\">.<\/a><\/div>\nArtvigil est 10 fois moins cher que la version de marque Nuvigil, mais la qualit\u00e9 est la m\u00eame. Chez <a href=\"https:\/\/buymodafinilonline.com\/fr\/\">BuyModafinilOnline<\/a>, nous proposons uniquement des m\u00e9dicaments g\u00e9n\u00e9riques authentiques, tels que Vilafinil 200mg, <a href=\"https:\/\/buymodafinilonline.com\/fr\/medicaments-intelligents\/waklert-150-mg-tablets\/\">Waklert 150mg<\/a>, Modaheal 200 mg, etc. Vous n&#8217;avez donc pas \u00e0 vous inqui\u00e9ter de l&#8217;achat de <a href=\"https:\/\/buymodafinilonline.com\/fr\/nous-navons-pas-de-faux-medicament-a-base-de-modafinil\/\">faux m\u00e9dicaments intelligents<\/a>.  <\/p>\n<p>Pr\u00eat \u00e0 commander Artvigil 150 mg \u00e0 un prix abordable ? Profitez d&#8217;une nouvelle exp\u00e9rience d&#8217;achat en toute confiance avec notre pharmacie en ligne.<\/p>\n[\/vc_column]\n<div class=\"su-divider su-divider-style-default\" style=\"margin:10px 0;border-width:3px;border-color:#ffffff00\"><a href=\"#\" style=\"color:#ffffff009\">.<\/a><\/div>\n","protected":false},"excerpt":{"rendered":"<p>Artvigil 150 mg de HAB Pharma est une pilule utilis\u00e9e pour stimuler la concentration et combattre la somnolence diurne. Elle contient 150 mg d&#8217;armodafinil et peut \u00eatre achet\u00e9e ici. Avec notre pharmacie, vous pouvez \u00eatre s\u00fbr d&#8217;obtenir des pilules authentiques \u00e0 l&#8217;un des prix les plus bas possibles. Des offres et des r\u00e9ductions via des codes de r\u00e9duction et des bons d&#8217;achat sont toujours disponibles.   <\/p>\n[sc name=\"s1\"]\n","protected":false},"featured_media":399523,"comment_status":"closed","ping_status":"closed","template":"","meta":{"_acf_changed":false},"product_brand":[],"product_cat":[4234,3785],"product_tag":[4009],"class_list":{"0":"post-403635","1":"product","2":"type-product","3":"status-publish","4":"has-post-thumbnail","6":"product_cat-bestsellers-fr","7":"product_cat-marques-medicaments-intelligents","8":"product_tag-armodafinil-fr-2","10":"first","11":"instock","12":"sale","13":"featured","14":"shipping-taxable","15":"purchasable","16":"product-type-variable","17":"has-default-attributes"},"acf":[],"yoast_head":"<!-- This site is optimized with the Yoast SEO Premium plugin v23.6 (Yoast SEO v27.3) - https:\/\/yoast.com\/product\/yoast-seo-premium-wordpress\/ -->\n<title>Buy Cheap Artvigil 150 mg (Armodafinil) from India - BuyModafinilOnline<\/title>\n<meta name=\"description\" content=\"Commandez Artvigil 150 mg en ligne et obtenez 23% de r\u00e9duction pour les paiements en Bitcoin. Ici vous pouvez acheter Artvigil (armodafinil) avec 100% de garantie de livraison. BuyModafinilPharmacie en ligne - le meilleur endroit pour acheter des nootropiques s\u00fbrs.\" \/>\n<meta name=\"robots\" content=\"index, follow, max-snippet:-1, max-image-preview:large, max-video-preview:-1\" \/>\n<link rel=\"canonical\" href=\"https:\/\/buymodafinilonline.com\/fr\/medicaments-intelligents\/artvigil-150-mg\/\" \/>\n<meta property=\"og:locale\" content=\"fr_FR\" \/>\n<meta property=\"og:type\" content=\"article\" \/>\n<meta property=\"og:title\" content=\"Artvigil 150 mg\" \/>\n<meta property=\"og:description\" content=\"Commandez Artvigil 150 mg en ligne et obtenez 23% de r\u00e9duction pour les paiements en Bitcoin. Ici vous pouvez acheter Artvigil (armodafinil) avec 100% de garantie de livraison. BuyModafinilPharmacie en ligne - le meilleur endroit pour acheter des nootropiques s\u00fbrs.\" \/>\n<meta property=\"og:url\" content=\"https:\/\/buymodafinilonline.com\/fr\/medicaments-intelligents\/artvigil-150-mg\/\" \/>\n<meta property=\"og:site_name\" content=\"BuyModafinilOnline.com\" \/>\n<meta property=\"article:modified_time\" content=\"2026-03-07T07:47:12+00:00\" \/>\n<meta property=\"og:image\" content=\"https:\/\/buymodafinilonline.com\/wp-content\/uploads\/2020\/04\/product-bmo-Artvigil-2.png\" \/>\n\t<meta property=\"og:image:width\" content=\"1280\" \/>\n\t<meta property=\"og:image:height\" content=\"1500\" \/>\n\t<meta property=\"og:image:type\" content=\"image\/png\" \/>\n<meta name=\"twitter:label1\" content=\"Dur\u00e9e de lecture estim\u00e9e\" \/>\n\t<meta name=\"twitter:data1\" content=\"5 minutes\" \/>\n<script type=\"application\/ld+json\" class=\"yoast-schema-graph\">{\"@context\":\"https:\\\/\\\/schema.org\",\"@graph\":[{\"@type\":\"WebPage\",\"@id\":\"https:\\\/\\\/buymodafinilonline.com\\\/fr\\\/medicaments-intelligents\\\/artvigil-150-mg\\\/\",\"url\":\"https:\\\/\\\/buymodafinilonline.com\\\/fr\\\/medicaments-intelligents\\\/artvigil-150-mg\\\/\",\"name\":\"Buy Cheap Artvigil 150 mg (Armodafinil) from India - BuyModafinilOnline\",\"isPartOf\":{\"@id\":\"https:\\\/\\\/buymodafinilonline.com\\\/fr\\\/#website\"},\"primaryImageOfPage\":{\"@id\":\"https:\\\/\\\/buymodafinilonline.com\\\/fr\\\/medicaments-intelligents\\\/artvigil-150-mg\\\/#primaryimage\"},\"image\":{\"@id\":\"https:\\\/\\\/buymodafinilonline.com\\\/fr\\\/medicaments-intelligents\\\/artvigil-150-mg\\\/#primaryimage\"},\"thumbnailUrl\":\"https:\\\/\\\/buymodafinilonline.com\\\/wp-content\\\/uploads\\\/2020\\\/04\\\/product-bmo-Artvigil-2.png\",\"datePublished\":\"2020-03-23T15:59:08+00:00\",\"dateModified\":\"2026-03-07T07:47:12+00:00\",\"description\":\"Commandez Artvigil 150 mg en ligne et obtenez 23% de r\u00e9duction pour les paiements en Bitcoin. Ici vous pouvez acheter Artvigil (armodafinil) avec 100% de garantie de livraison. BuyModafinilPharmacie en ligne - le meilleur endroit pour acheter des nootropiques s\u00fbrs.\",\"breadcrumb\":{\"@id\":\"https:\\\/\\\/buymodafinilonline.com\\\/fr\\\/medicaments-intelligents\\\/artvigil-150-mg\\\/#breadcrumb\"},\"inLanguage\":\"fr-FR\",\"potentialAction\":[{\"@type\":\"ReadAction\",\"target\":[\"https:\\\/\\\/buymodafinilonline.com\\\/fr\\\/medicaments-intelligents\\\/artvigil-150-mg\\\/\"]}]},{\"@type\":\"ImageObject\",\"inLanguage\":\"fr-FR\",\"@id\":\"https:\\\/\\\/buymodafinilonline.com\\\/fr\\\/medicaments-intelligents\\\/artvigil-150-mg\\\/#primaryimage\",\"url\":\"https:\\\/\\\/buymodafinilonline.com\\\/wp-content\\\/uploads\\\/2020\\\/04\\\/product-bmo-Artvigil-2.png\",\"contentUrl\":\"https:\\\/\\\/buymodafinilonline.com\\\/wp-content\\\/uploads\\\/2020\\\/04\\\/product-bmo-Artvigil-2.png\",\"width\":1280,\"height\":1500,\"caption\":\"Artvigil 150 mg\"},{\"@type\":\"BreadcrumbList\",\"@id\":\"https:\\\/\\\/buymodafinilonline.com\\\/fr\\\/medicaments-intelligents\\\/artvigil-150-mg\\\/#breadcrumb\",\"itemListElement\":[{\"@type\":\"ListItem\",\"position\":1,\"name\":\"Buy Modafinil Online\",\"item\":\"https:\\\/\\\/buymodafinilonline.com\\\/fr\\\/\"},{\"@type\":\"ListItem\",\"position\":2,\"name\":\"Boutique\",\"item\":\"https:\\\/\\\/buymodafinilonline.com\\\/fr\\\/boutique\\\/\"},{\"@type\":\"ListItem\",\"position\":3,\"name\":\"Best-sellers\",\"item\":\"https:\\\/\\\/buymodafinilonline.com\\\/fr\\\/categorie-de-produit\\\/bestsellers-fr\\\/\"},{\"@type\":\"ListItem\",\"position\":4,\"name\":\"Artvigil 150 mg\"}]},{\"@type\":\"WebSite\",\"@id\":\"https:\\\/\\\/buymodafinilonline.com\\\/fr\\\/#website\",\"url\":\"https:\\\/\\\/buymodafinilonline.com\\\/fr\\\/\",\"name\":\"BuyModafinilOnline.com\",\"description\":\"Modafinil Online Pharmacy\",\"publisher\":{\"@id\":\"https:\\\/\\\/buymodafinilonline.com\\\/fr\\\/#organization\"},\"potentialAction\":[{\"@type\":\"SearchAction\",\"target\":{\"@type\":\"EntryPoint\",\"urlTemplate\":\"https:\\\/\\\/buymodafinilonline.com\\\/fr\\\/?s={search_term_string}\"},\"query-input\":{\"@type\":\"PropertyValueSpecification\",\"valueRequired\":true,\"valueName\":\"search_term_string\"}}],\"inLanguage\":\"fr-FR\"},{\"@type\":\"Organization\",\"@id\":\"https:\\\/\\\/buymodafinilonline.com\\\/fr\\\/#organization\",\"name\":\"BuyModafinilOnline\",\"url\":\"https:\\\/\\\/buymodafinilonline.com\\\/fr\\\/\",\"logo\":{\"@type\":\"ImageObject\",\"inLanguage\":\"fr-FR\",\"@id\":\"https:\\\/\\\/buymodafinilonline.com\\\/fr\\\/#\\\/schema\\\/logo\\\/image\\\/\",\"url\":\"https:\\\/\\\/buymodafinilonline.com\\\/wp-content\\\/uploads\\\/2020\\\/04\\\/logo-buy-modafinil-online-yellow.png\",\"contentUrl\":\"https:\\\/\\\/buymodafinilonline.com\\\/wp-content\\\/uploads\\\/2020\\\/04\\\/logo-buy-modafinil-online-yellow.png\",\"width\":200,\"height\":200,\"caption\":\"BuyModafinilOnline\"},\"image\":{\"@id\":\"https:\\\/\\\/buymodafinilonline.com\\\/fr\\\/#\\\/schema\\\/logo\\\/image\\\/\"}}]}<\/script>\n<!-- \/ Yoast SEO Premium plugin. -->","yoast_head_json":{"title":"Buy Cheap Artvigil 150 mg (Armodafinil) from India - BuyModafinilOnline","description":"Commandez Artvigil 150 mg en ligne et obtenez 23% de r\u00e9duction pour les paiements en Bitcoin. Ici vous pouvez acheter Artvigil (armodafinil) avec 100% de garantie de livraison. BuyModafinilPharmacie en ligne - le meilleur endroit pour acheter des nootropiques s\u00fbrs.","robots":{"index":"index","follow":"follow","max-snippet":"max-snippet:-1","max-image-preview":"max-image-preview:large","max-video-preview":"max-video-preview:-1"},"canonical":"https:\/\/buymodafinilonline.com\/fr\/medicaments-intelligents\/artvigil-150-mg\/","og_locale":"fr_FR","og_type":"article","og_title":"Artvigil 150 mg","og_description":"Commandez Artvigil 150 mg en ligne et obtenez 23% de r\u00e9duction pour les paiements en Bitcoin. Ici vous pouvez acheter Artvigil (armodafinil) avec 100% de garantie de livraison. BuyModafinilPharmacie en ligne - le meilleur endroit pour acheter des nootropiques s\u00fbrs.","og_url":"https:\/\/buymodafinilonline.com\/fr\/medicaments-intelligents\/artvigil-150-mg\/","og_site_name":"BuyModafinilOnline.com","article_modified_time":"2026-03-07T07:47:12+00:00","og_image":[{"width":1280,"height":1500,"url":"https:\/\/buymodafinilonline.com\/wp-content\/uploads\/2020\/04\/product-bmo-Artvigil-2.png","type":"image\/png"}],"twitter_misc":{"Dur\u00e9e de lecture estim\u00e9e":"5 minutes"},"schema":{"@context":"https:\/\/schema.org","@graph":[{"@type":"WebPage","@id":"https:\/\/buymodafinilonline.com\/fr\/medicaments-intelligents\/artvigil-150-mg\/","url":"https:\/\/buymodafinilonline.com\/fr\/medicaments-intelligents\/artvigil-150-mg\/","name":"Buy Cheap Artvigil 150 mg (Armodafinil) from India - BuyModafinilOnline","isPartOf":{"@id":"https:\/\/buymodafinilonline.com\/fr\/#website"},"primaryImageOfPage":{"@id":"https:\/\/buymodafinilonline.com\/fr\/medicaments-intelligents\/artvigil-150-mg\/#primaryimage"},"image":{"@id":"https:\/\/buymodafinilonline.com\/fr\/medicaments-intelligents\/artvigil-150-mg\/#primaryimage"},"thumbnailUrl":"https:\/\/buymodafinilonline.com\/wp-content\/uploads\/2020\/04\/product-bmo-Artvigil-2.png","datePublished":"2020-03-23T15:59:08+00:00","dateModified":"2026-03-07T07:47:12+00:00","description":"Commandez Artvigil 150 mg en ligne et obtenez 23% de r\u00e9duction pour les paiements en Bitcoin. Ici vous pouvez acheter Artvigil (armodafinil) avec 100% de garantie de livraison. BuyModafinilPharmacie en ligne - le meilleur endroit pour acheter des nootropiques s\u00fbrs.","breadcrumb":{"@id":"https:\/\/buymodafinilonline.com\/fr\/medicaments-intelligents\/artvigil-150-mg\/#breadcrumb"},"inLanguage":"fr-FR","potentialAction":[{"@type":"ReadAction","target":["https:\/\/buymodafinilonline.com\/fr\/medicaments-intelligents\/artvigil-150-mg\/"]}]},{"@type":"ImageObject","inLanguage":"fr-FR","@id":"https:\/\/buymodafinilonline.com\/fr\/medicaments-intelligents\/artvigil-150-mg\/#primaryimage","url":"https:\/\/buymodafinilonline.com\/wp-content\/uploads\/2020\/04\/product-bmo-Artvigil-2.png","contentUrl":"https:\/\/buymodafinilonline.com\/wp-content\/uploads\/2020\/04\/product-bmo-Artvigil-2.png","width":1280,"height":1500,"caption":"Artvigil 150 mg"},{"@type":"BreadcrumbList","@id":"https:\/\/buymodafinilonline.com\/fr\/medicaments-intelligents\/artvigil-150-mg\/#breadcrumb","itemListElement":[{"@type":"ListItem","position":1,"name":"Buy Modafinil Online","item":"https:\/\/buymodafinilonline.com\/fr\/"},{"@type":"ListItem","position":2,"name":"Boutique","item":"https:\/\/buymodafinilonline.com\/fr\/boutique\/"},{"@type":"ListItem","position":3,"name":"Best-sellers","item":"https:\/\/buymodafinilonline.com\/fr\/categorie-de-produit\/bestsellers-fr\/"},{"@type":"ListItem","position":4,"name":"Artvigil 150 mg"}]},{"@type":"WebSite","@id":"https:\/\/buymodafinilonline.com\/fr\/#website","url":"https:\/\/buymodafinilonline.com\/fr\/","name":"BuyModafinilOnline.com","description":"Modafinil Online Pharmacy","publisher":{"@id":"https:\/\/buymodafinilonline.com\/fr\/#organization"},"potentialAction":[{"@type":"SearchAction","target":{"@type":"EntryPoint","urlTemplate":"https:\/\/buymodafinilonline.com\/fr\/?s={search_term_string}"},"query-input":{"@type":"PropertyValueSpecification","valueRequired":true,"valueName":"search_term_string"}}],"inLanguage":"fr-FR"},{"@type":"Organization","@id":"https:\/\/buymodafinilonline.com\/fr\/#organization","name":"BuyModafinilOnline","url":"https:\/\/buymodafinilonline.com\/fr\/","logo":{"@type":"ImageObject","inLanguage":"fr-FR","@id":"https:\/\/buymodafinilonline.com\/fr\/#\/schema\/logo\/image\/","url":"https:\/\/buymodafinilonline.com\/wp-content\/uploads\/2020\/04\/logo-buy-modafinil-online-yellow.png","contentUrl":"https:\/\/buymodafinilonline.com\/wp-content\/uploads\/2020\/04\/logo-buy-modafinil-online-yellow.png","width":200,"height":200,"caption":"BuyModafinilOnline"},"image":{"@id":"https:\/\/buymodafinilonline.com\/fr\/#\/schema\/logo\/image\/"}}]}},"_links":{"self":[{"href":"https:\/\/buymodafinilonline.com\/fr\/wp-json\/wp\/v2\/product\/403635","targetHints":{"allow":["GET"]}}],"collection":[{"href":"https:\/\/buymodafinilonline.com\/fr\/wp-json\/wp\/v2\/product"}],"about":[{"href":"https:\/\/buymodafinilonline.com\/fr\/wp-json\/wp\/v2\/types\/product"}],"replies":[{"embeddable":true,"href":"https:\/\/buymodafinilonline.com\/fr\/wp-json\/wp\/v2\/comments?post=403635"}],"wp:featuredmedia":[{"embeddable":true,"href":"https:\/\/buymodafinilonline.com\/fr\/wp-json\/wp\/v2\/media\/399523"}],"wp:attachment":[{"href":"https:\/\/buymodafinilonline.com\/fr\/wp-json\/wp\/v2\/media?parent=403635"}],"wp:term":[{"taxonomy":"product_brand","embeddable":true,"href":"https:\/\/buymodafinilonline.com\/fr\/wp-json\/wp\/v2\/product_brand?post=403635"},{"taxonomy":"product_cat","embeddable":true,"href":"https:\/\/buymodafinilonline.com\/fr\/wp-json\/wp\/v2\/product_cat?post=403635"},{"taxonomy":"product_tag","embeddable":true,"href":"https:\/\/buymodafinilonline.com\/fr\/wp-json\/wp\/v2\/product_tag?post=403635"}],"curies":[{"name":"wp","href":"https:\/\/api.w.org\/{rel}","templated":true}]}}