{"id":408404,"date":"2020-03-23T20:21:55","date_gmt":"2020-11-08T16:09:30","guid":{"rendered":"https:\/\/buymodafinilonline.com\/smart-drugs\/vilafinil-200-mg-2\/"},"modified":"2025-04-24T10:52:18","modified_gmt":"2025-04-24T09:52:18","slug":"vilafinil-200-mg-2","status":"publish","type":"product","link":"https:\/\/buymodafinilonline.com\/fr\/medicaments-intelligents\/vilafinil-200-mg-2\/","title":{"rendered":"Vilafinil 200 mg"},"content":{"rendered":"[vc_column width=&#8221;1\/2&#8243;]\n<div class=\"su-divider su-divider-style-default\" style=\"margin:10px 0;border-width:3px;border-color:#ffffff00\"><a href=\"#\" style=\"color:#ffffff009\">.<\/a><\/div>\n<h2>Qu&#8217;est-ce que Vilafinil 200 mg?<\/h2>\n<div class=\"su-divider su-divider-style-default\" style=\"margin:10px 0;border-width:3px;border-color:#ffffff00\"><a href=\"#\" style=\"color:#ffffff009\">.<\/a><\/div>\nProvigil est une option m\u00e9dicamenteuse de premier choix pour traiter les probl\u00e8mes li\u00e9s au sommeil et stimuler la fonction cognitive, qui a \u00e9t\u00e9 approuv\u00e9e pour un usage m\u00e9dical aux \u00c9tats-Unis en 1998. Avance rapide jusqu&#8217;en 2010, son brevet a expir\u00e9 et il est devenu ouvert \u00e0 la production par d&#8217;autres soci\u00e9t\u00e9s pharmaceutiques.<\/p>\n<p>Centurion Laboratories, un grand fabricant situ\u00e9 en Inde, a propos\u00e9 sa propre version g\u00e9n\u00e9rique et l&#8217;a nomm\u00e9e Vilafinil. Il contient le m\u00eame ingr\u00e9dient actif que le m\u00e9dicament de marque et offre exactement les m\u00eames avantages et effets secondaires. Cependant, c&#8217;est beaucoup moins cher. Cela est d\u00fb au fait que Centurion Labs n&#8217;a pas d\u00e9pens\u00e9 d&#8217;argent pour le d\u00e9veloppement et le marketing comme le faisait la marque.<\/p>\n<p>Vilafinil 200 mg est g\u00e9n\u00e9ralement prescrit pour le traitement de la somnolence excessive caus\u00e9e par la narcolepsie, les troubles du sommeil li\u00e9s au travail post\u00e9 et l&#8217;apn\u00e9e du sommeil. Il est utilis\u00e9 hors AMM pour stimuler l&#8217;\u00e9nergie, la concentration et la motivation, ainsi que pour am\u00e9liorer la m\u00e9moire.<\/p>\n<div class=\"su-divider su-divider-style-default\" style=\"margin:10px 0;border-width:3px;border-color:#ffffff00\"><a href=\"#\" style=\"color:#ffffff009\">.<\/a><\/div>\n<h2>Comment fonctionnent les tablettes<\/h2>\n<div class=\"su-divider su-divider-style-default\" style=\"margin:10px 0;border-width:3px;border-color:#ffffff00\"><a href=\"#\" style=\"color:#ffffff009\">.<\/a><\/div>\nLe fonctionnement exact des comprim\u00e9s de Vilafinil reste \u00e0 d\u00e9terminer. Cependant, on pense qu&#8217;il agit en influen\u00e7ant les substances chimiques dans les zones du cerveau qui contr\u00f4lent le cycle veille-sommeil. En particulier, il augmente les niveaux de dopamine dans le cerveau. La dopamine est une hormone associ\u00e9e au sentiment de motivation, \u00e0 la capacit\u00e9 de concentration et \u00e9galement \u00e0 un cycle veille-sommeil. Par cons\u00e9quent, on pense qu&#8217;en influen\u00e7ant ses niveaux, le modafinil rend ses utilisateurs vigilants, concentr\u00e9s et concentr\u00e9s pendant de plus longues p\u00e9riodes, retardant la fatigue.<\/p>\n<div class=\"su-divider su-divider-style-default\" style=\"margin:10px 0;border-width:3px;border-color:#ffffff00\"><a href=\"#\" style=\"color:#ffffff009\">.<\/a><\/div>\n<h2>Dosage s\u00fbr et utilisation appropri\u00e9e<\/h2>\n<div class=\"su-divider su-divider-style-default\" style=\"margin:10px 0;border-width:3px;border-color:#ffffff00\"><a href=\"#\" style=\"color:#ffffff009\">.<\/a><\/div>\nLa dose s\u00fbre recommand\u00e9e pour ce m\u00e9dicament est de 100 \u00e0 200 mg par jour. Cependant, il peut varier en fonction de l&#8217;\u00e9tat de sant\u00e9 actuel et de la r\u00e9ponse correspondante au traitement lorsqu&#8217;il est utilis\u00e9 pour lutter contre l&#8217;apn\u00e9e du sommeil, la narcolepsie ou d&#8217;autres conditions li\u00e9es au sommeil. Vilafinil doit \u00eatre pris r\u00e9guli\u00e8rement pour obtenir les meilleurs r\u00e9sultats.<\/p>\n<p>Consultez votre m\u00e9decin avant de commencer le traitement avec ce m\u00e9dicament. En fonction de vos ant\u00e9c\u00e9dents m\u00e9dicaux, de votre \u00e9tat de sant\u00e9 et des autres m\u00e9dicaments que vous prenez, ils vous aideront \u00e0 d\u00e9terminer le bon dosage qui sera s\u00fbr et efficace pour vous.<\/p>\n<div class=\"su-divider su-divider-style-default\" style=\"margin:10px 0;border-width:3px;border-color:#ffffff00\"><a href=\"#\" style=\"color:#ffffff009\">.<\/a><\/div>\n<h2>Les effets secondaires possibles<\/h2>\n<div class=\"su-divider su-divider-style-default\" style=\"margin:10px 0;border-width:3px;border-color:#ffffff00\"><a href=\"#\" style=\"color:#ffffff009\">.<\/a><\/div>\nBien que ce m\u00e9dicament soit efficace, il pr\u00e9sente certains effets secondaires. Ils peuvent varier de l\u00e9gers \u00e0 graves en fonction de la dose administr\u00e9e, de la composition corporelle, de l&#8217;\u00e9tat de sant\u00e9 sous-jacent ou d&#8217;autres m\u00e9dicaments avec lesquels il est pris.<\/p>\n<p>Les effets secondaires l\u00e9gers \/ courants sont les suivants:<\/p>\n<div class=\"su-divider su-divider-style-default\" style=\"margin:10px 0;border-width:3px;border-color:#ffffff00\"><a href=\"#\" style=\"color:#ffffff009\">.<\/a><\/div>\n<ul>\n<li>la naus\u00e9e ;<\/li>\n<li>mal de t\u00eate ;<\/li>\n<li>des difficult\u00e9s \u00e0 dormir ;<\/li>\n<li>nervosit\u00e9.<\/li>\n<\/ul>\n<div class=\"su-divider su-divider-style-default\" style=\"margin:10px 0;border-width:3px;border-color:#ffffff00\"><a href=\"#\" style=\"color:#ffffff009\">.<\/a><\/div>\nLes effets secondaires graves \/ rares associ\u00e9s \u00e0 ce m\u00e9dicament comprennent les hallucinations, la d\u00e9pression, les battements cardiaques irr\u00e9guliers.<\/p>\n[\/vc_column][vc_column width=&#8221;1\/2&#8243;]\n<div class=\"su-divider su-divider-style-default\" style=\"margin:10px 0;border-width:3px;border-color:#ffffff00\"><a href=\"#\" style=\"color:#ffffff009\">.<\/a><\/div>\n<p>Une r\u00e9action allergique et des douleurs thoraciques sont deux autres effets secondaires tr\u00e8s graves pouvant r\u00e9sulter de l&#8217;utilisation de ce m\u00e9dicament. Les sympt\u00f4mes peuvent inclure des difficult\u00e9s respiratoires, des \u00e9ruptions cutan\u00e9es, des ganglions lymphatiques enfl\u00e9s, des \u00e9gratignures, etc. Consultez imm\u00e9diatement un m\u00e9decin si l&#8217;un de ces signes appara\u00eet. Il est toujours pr\u00e9f\u00e9rable de consulter un m\u00e9decin avant de commencer le traitement avec ce m\u00e9dicament.<\/p>\n<div class=\"su-divider su-divider-style-default\" style=\"margin:10px 0;border-width:3px;border-color:#ffffff00\"><a href=\"#\" style=\"color:#ffffff009\">.<\/a><\/div>\n<h2>Contre-indications et mises en garde<\/h2>\n<div class=\"su-divider su-divider-style-default\" style=\"margin:10px 0;border-width:3px;border-color:#ffffff00\"><a href=\"#\" style=\"color:#ffffff009\">.<\/a><\/div>\nVilafinil peut interagir avec certains m\u00e9dicaments, aliments et alcool. Une interaction peut r\u00e9duire l&#8217;efficacit\u00e9 d&#8217;un ou des deux m\u00e9dicaments ou augmenter le risque de s\u00e9quelles. Certains des m\u00e9dicaments qui interagissent avec le modafinil comprennent:<\/p>\n<div class=\"su-divider su-divider-style-default\" style=\"margin:10px 0;border-width:3px;border-color:#ffffff00\"><a href=\"#\" style=\"color:#ffffff009\">.<\/a><\/div>\n<ul>\n<li>les m\u00e9dicaments pour le traitement de l&#8217;h\u00e9patite C chronique, par exemple, Ombitasvir \/ Paritapr\u00e9vir \/ Ritonavir, Asunapr\u00e9vir;<\/li>\n<li>les drogues illicites telles que l&#8217;ecstasy, les m\u00e9thamph\u00e9tamines, etc.<\/li>\n<li>cod\u00e9ine;<\/li>\n<li>Citalopram;<\/li>\n<li>bupr\u00e9norphine.<\/li>\n<\/ul>\n<div class=\"su-divider su-divider-style-default\" style=\"margin:10px 0;border-width:3px;border-color:#ffffff00\"><a href=\"#\" style=\"color:#ffffff009\">.<\/a><\/div>\nIl peut ne pas convenir de prendre Vilafinil avec certains types d&#8217;aliments ou au moment de manger. De plus, la prise d&#8217;alcool avec ce m\u00e9dicament, en particulier en quantit\u00e9s excessives, peut provoquer une interaction. Consultez votre m\u00e9decin avant de combiner ce m\u00e9dicament avec des m\u00e9dicaments, des aliments et de l&#8217;alcool.<\/p>\n<div class=\"su-divider su-divider-style-default\" style=\"margin:10px 0;border-width:3px;border-color:#ffffff00\"><a href=\"#\" style=\"color:#ffffff009\">.<\/a><\/div>\n<h2>Exp\u00e9rience consommateur<\/h2>\n<div class=\"su-divider su-divider-style-default\" style=\"margin:10px 0;border-width:3px;border-color:#ffffff00\"><a href=\"#\" style=\"color:#ffffff009\">.<\/a><\/div>\nBien que la popularit\u00e9 de Vilafinil continue de cro\u00eetre, beaucoup de gens l&#8217;ont bien dit. La majorit\u00e9 d&#8217;entre eux ont d\u00e9clar\u00e9 avoir connu un regain d&#8217;\u00e9nergie, une concentration accrue et une vigilance accrue depuis son utilisation. De nombreux utilisateurs l&#8217;ont plac\u00e9 au m\u00eame niveau que le m\u00e9dicament de marque, en termes d&#8217;efficacit\u00e9 et de tol\u00e9rabilit\u00e9.<\/p>\n<p>D&#8217;un autre c\u00f4t\u00e9, il y a aussi ceux qui ont signal\u00e9 des effets ind\u00e9sirables tels que des \u00e9tourdissements et des maux de t\u00eate apr\u00e8s l&#8217;avoir pris. Cependant, cela est consid\u00e9r\u00e9 comme normal, en particulier pour les nouveaux utilisateurs. Ces effets secondaires sont souvent de courte dur\u00e9e.<\/p>\n<p>Consultez un m\u00e9decin avant de prendre ce m\u00e9dicament pour en tirer le meilleur parti.<\/p>\n<div class=\"su-divider su-divider-style-default\" style=\"margin:10px 0;border-width:3px;border-color:#ffffff00\"><a href=\"#\" style=\"color:#ffffff009\">.<\/a><\/div>\n<h2>Acheter G\u00e9n\u00e9rique Vilafinil 200 mg (Modafinil) en ligne<\/h2>\n<div class=\"su-divider su-divider-style-default\" style=\"margin:10px 0;border-width:3px;border-color:#ffffff00\"><a href=\"#\" style=\"color:#ffffff009\">.<\/a><\/div>\nSi vous avez d\u00e9cid\u00e9 d&#8217;acheter Vilafinil 200 mg en ligne aupr\u00e8s de l&#8217;un des vendeurs qui le vendent en vente libre en raison de la commodit\u00e9 et des r\u00e9ductions qui y sont associ\u00e9es, BuyModafinilOnline est l&#8217;un des meilleurs endroits o\u00f9 chercher.<\/p>\n<p>Ici, vous pouvez \u00eatre assur\u00e9 que vous obtiendrez le meilleur rapport qualit\u00e9-prix. Nos prix sont tout simplement l&#8217;un des meilleurs du march\u00e9, et c&#8217;est parce que nous traitons directement avec les fabricants indiens les plus dignes de confiance. De plus, vous pouvez payer en bitcoins et b\u00e9n\u00e9ficier d&#8217;une <a href=\"https:\/\/buymodafinilonline.com\/fr\/payez-avec-des-bitcoins\/\">r\u00e9duction de 23 %<\/a>!<\/p>\n<p>\u00c0<a href=\"https:\/\/buymodafinilonline.com\/fr\/\"> AcheterModafinilEn ligne<\/a> , nous avons une large gamme de<a href=\"https:\/\/buymodafinilonline.com\/fr\/boutique\/\"> m\u00e9dicaments intelligents \u00e0 vendre<\/a> que vous pouvez choisir<a href=\"https:\/\/buymodafinilonline.com\/fr\/medicaments-intelligents\/modvigil-200-mg\/\"> Modvigil<\/a> , Modawake,<a href=\"https:\/\/buymodafinilonline.com\/fr\/medicaments-intelligents\/waklert-150-mg-tablets\/\"> Waklert<\/a> , Modalert et autres.<\/p>\n<p>Vous ne savez pas encore quel m\u00e9dicament prendre? Vous pouvez vous faire livrer des \u00e9chantillons gratuits. Et avec l&#8217;aide de notre<a href=\"https:\/\/buymodafinilonline.com\/fr\/meilleur-fournisseur-france\/\"> livraison rapide<\/a> , vous recevrez votre commande sous quelques jours. Achetez tout de suite pour profiter des meilleures offres.<\/p>\n[\/vc_column]\n<div class=\"su-divider su-divider-style-default\" style=\"margin:10px 0;border-width:3px;border-color:#ffffff00\"><a href=\"#\" style=\"color:#ffffff009\">.<\/a><\/div>\n","protected":false},"excerpt":{"rendered":"<p>Vilafinil par Centurion Laboratories est une forme g\u00e9n\u00e9rique du m\u00e9dicament de marque connu sous le nom de Provigil. Il est utilis\u00e9 pour lutter contre la somnolence diurne et favoriser la concentration. Avec chaque pilule contenant 200 mg de modafinil son ingr\u00e9dient actif, Vilafinil est 100% aussi efficace que Provigil et 10 fois moins cher. Achetez chez nous pour profiter d&#8217;offres et de r\u00e9ductions incroyables.<\/p>\n[sc name=\"s1\"]\n","protected":false},"featured_media":426133,"comment_status":"closed","ping_status":"closed","template":"","meta":{"_acf_changed":false},"product_brand":[],"product_cat":[3785],"product_tag":[3850],"class_list":{"0":"post-408404","1":"product","2":"type-product","3":"status-publish","4":"has-post-thumbnail","6":"product_cat-marques-medicaments-intelligents","7":"product_tag-modafinil-fr","9":"first","10":"instock","11":"sale","12":"shipping-taxable","13":"purchasable","14":"product-type-variable","15":"has-default-attributes"},"acf":[],"yoast_head":"<!-- This site is optimized with the Yoast SEO Premium plugin v23.6 (Yoast SEO v27.4) - https:\/\/yoast.com\/product\/yoast-seo-premium-wordpress\/ -->\n<title>Acheter Vilafinil 200mg (Modafinil) en vente libre - BuyModafinilOnline<\/title>\n<meta name=\"description\" content=\"Achetez des comprim\u00e9s Vilafinil 200mg bon march\u00e9 en ligne depuis l&#039;Inde \u00e0 la pharmacie BuyModafinilOnline. Obtenez 20 pilules GRATUITES (modafinil + armodafinil) avec chaque commande et 25 $ de rabais pour les clients qui reviennent!\" \/>\n<meta name=\"robots\" content=\"index, follow, max-snippet:-1, max-image-preview:large, max-video-preview:-1\" \/>\n<link rel=\"canonical\" href=\"https:\/\/buymodafinilonline.com\/fr\/medicaments-intelligents\/vilafinil-200-mg-2\/\" \/>\n<meta property=\"og:locale\" content=\"fr_FR\" \/>\n<meta property=\"og:type\" content=\"article\" \/>\n<meta property=\"og:title\" content=\"Vilafinil 200 mg\" \/>\n<meta property=\"og:description\" content=\"Achetez des comprim\u00e9s Vilafinil 200mg bon march\u00e9 en ligne depuis l&#039;Inde \u00e0 la pharmacie BuyModafinilOnline. Obtenez 20 pilules GRATUITES (modafinil + armodafinil) avec chaque commande et 25 $ de rabais pour les clients qui reviennent!\" \/>\n<meta property=\"og:url\" content=\"https:\/\/buymodafinilonline.com\/fr\/medicaments-intelligents\/vilafinil-200-mg-2\/\" \/>\n<meta property=\"og:site_name\" content=\"BuyModafinilOnline.com\" \/>\n<meta property=\"article:modified_time\" content=\"2025-04-24T09:52:18+00:00\" \/>\n<meta property=\"og:image\" content=\"https:\/\/buymodafinilonline.com\/wp-content\/uploads\/2021\/09\/bmo-product-vilafinil-new.png\" \/>\n\t<meta property=\"og:image:width\" content=\"1280\" \/>\n\t<meta property=\"og:image:height\" content=\"1500\" \/>\n\t<meta property=\"og:image:type\" content=\"image\/png\" \/>\n<meta name=\"twitter:label1\" content=\"Dur\u00e9e de lecture estim\u00e9e\" \/>\n\t<meta name=\"twitter:data1\" content=\"5 minutes\" \/>\n<script type=\"application\/ld+json\" class=\"yoast-schema-graph\">{\"@context\":\"https:\\\/\\\/schema.org\",\"@graph\":[{\"@type\":\"WebPage\",\"@id\":\"https:\\\/\\\/buymodafinilonline.com\\\/fr\\\/medicaments-intelligents\\\/vilafinil-200-mg-2\\\/\",\"url\":\"https:\\\/\\\/buymodafinilonline.com\\\/fr\\\/medicaments-intelligents\\\/vilafinil-200-mg-2\\\/\",\"name\":\"Acheter Vilafinil 200mg (Modafinil) en vente libre - BuyModafinilOnline\",\"isPartOf\":{\"@id\":\"https:\\\/\\\/buymodafinilonline.com\\\/fr\\\/#website\"},\"primaryImageOfPage\":{\"@id\":\"https:\\\/\\\/buymodafinilonline.com\\\/fr\\\/medicaments-intelligents\\\/vilafinil-200-mg-2\\\/#primaryimage\"},\"image\":{\"@id\":\"https:\\\/\\\/buymodafinilonline.com\\\/fr\\\/medicaments-intelligents\\\/vilafinil-200-mg-2\\\/#primaryimage\"},\"thumbnailUrl\":\"https:\\\/\\\/buymodafinilonline.com\\\/wp-content\\\/uploads\\\/2021\\\/09\\\/bmo-product-vilafinil-new.png\",\"datePublished\":\"2020-11-08T16:09:30+00:00\",\"dateModified\":\"2025-04-24T09:52:18+00:00\",\"description\":\"Achetez des comprim\u00e9s Vilafinil 200mg bon march\u00e9 en ligne depuis l'Inde \u00e0 la pharmacie BuyModafinilOnline. Obtenez 20 pilules GRATUITES (modafinil + armodafinil) avec chaque commande et 25 $ de rabais pour les clients qui reviennent!\",\"breadcrumb\":{\"@id\":\"https:\\\/\\\/buymodafinilonline.com\\\/fr\\\/medicaments-intelligents\\\/vilafinil-200-mg-2\\\/#breadcrumb\"},\"inLanguage\":\"fr-FR\",\"potentialAction\":[{\"@type\":\"ReadAction\",\"target\":[\"https:\\\/\\\/buymodafinilonline.com\\\/fr\\\/medicaments-intelligents\\\/vilafinil-200-mg-2\\\/\"]}]},{\"@type\":\"ImageObject\",\"inLanguage\":\"fr-FR\",\"@id\":\"https:\\\/\\\/buymodafinilonline.com\\\/fr\\\/medicaments-intelligents\\\/vilafinil-200-mg-2\\\/#primaryimage\",\"url\":\"https:\\\/\\\/buymodafinilonline.com\\\/wp-content\\\/uploads\\\/2021\\\/09\\\/bmo-product-vilafinil-new.png\",\"contentUrl\":\"https:\\\/\\\/buymodafinilonline.com\\\/wp-content\\\/uploads\\\/2021\\\/09\\\/bmo-product-vilafinil-new.png\",\"width\":1280,\"height\":1500,\"caption\":\"Vilafinil 200 mg\"},{\"@type\":\"BreadcrumbList\",\"@id\":\"https:\\\/\\\/buymodafinilonline.com\\\/fr\\\/medicaments-intelligents\\\/vilafinil-200-mg-2\\\/#breadcrumb\",\"itemListElement\":[{\"@type\":\"ListItem\",\"position\":1,\"name\":\"Buy Modafinil Online\",\"item\":\"https:\\\/\\\/buymodafinilonline.com\\\/fr\\\/\"},{\"@type\":\"ListItem\",\"position\":2,\"name\":\"Boutique\",\"item\":\"https:\\\/\\\/buymodafinilonline.com\\\/fr\\\/boutique\\\/\"},{\"@type\":\"ListItem\",\"position\":3,\"name\":\"Marques de m\u00e9dicaments intelligents\",\"item\":\"https:\\\/\\\/buymodafinilonline.com\\\/fr\\\/categorie-de-produit\\\/marques-medicaments-intelligents\\\/\"},{\"@type\":\"ListItem\",\"position\":4,\"name\":\"Vilafinil 200 mg\"}]},{\"@type\":\"WebSite\",\"@id\":\"https:\\\/\\\/buymodafinilonline.com\\\/fr\\\/#website\",\"url\":\"https:\\\/\\\/buymodafinilonline.com\\\/fr\\\/\",\"name\":\"BuyModafinilOnline.com\",\"description\":\"Modafinil Online Pharmacy\",\"publisher\":{\"@id\":\"https:\\\/\\\/buymodafinilonline.com\\\/fr\\\/#organization\"},\"potentialAction\":[{\"@type\":\"SearchAction\",\"target\":{\"@type\":\"EntryPoint\",\"urlTemplate\":\"https:\\\/\\\/buymodafinilonline.com\\\/fr\\\/?s={search_term_string}\"},\"query-input\":{\"@type\":\"PropertyValueSpecification\",\"valueRequired\":true,\"valueName\":\"search_term_string\"}}],\"inLanguage\":\"fr-FR\"},{\"@type\":\"Organization\",\"@id\":\"https:\\\/\\\/buymodafinilonline.com\\\/fr\\\/#organization\",\"name\":\"BuyModafinilOnline\",\"url\":\"https:\\\/\\\/buymodafinilonline.com\\\/fr\\\/\",\"logo\":{\"@type\":\"ImageObject\",\"inLanguage\":\"fr-FR\",\"@id\":\"https:\\\/\\\/buymodafinilonline.com\\\/fr\\\/#\\\/schema\\\/logo\\\/image\\\/\",\"url\":\"https:\\\/\\\/buymodafinilonline.com\\\/wp-content\\\/uploads\\\/2020\\\/04\\\/logo-buy-modafinil-online-yellow.png\",\"contentUrl\":\"https:\\\/\\\/buymodafinilonline.com\\\/wp-content\\\/uploads\\\/2020\\\/04\\\/logo-buy-modafinil-online-yellow.png\",\"width\":200,\"height\":200,\"caption\":\"BuyModafinilOnline\"},\"image\":{\"@id\":\"https:\\\/\\\/buymodafinilonline.com\\\/fr\\\/#\\\/schema\\\/logo\\\/image\\\/\"}}]}<\/script>\n<!-- \/ Yoast SEO Premium plugin. -->","yoast_head_json":{"title":"Acheter Vilafinil 200mg (Modafinil) en vente libre - BuyModafinilOnline","description":"Achetez des comprim\u00e9s Vilafinil 200mg bon march\u00e9 en ligne depuis l'Inde \u00e0 la pharmacie BuyModafinilOnline. Obtenez 20 pilules GRATUITES (modafinil + armodafinil) avec chaque commande et 25 $ de rabais pour les clients qui reviennent!","robots":{"index":"index","follow":"follow","max-snippet":"max-snippet:-1","max-image-preview":"max-image-preview:large","max-video-preview":"max-video-preview:-1"},"canonical":"https:\/\/buymodafinilonline.com\/fr\/medicaments-intelligents\/vilafinil-200-mg-2\/","og_locale":"fr_FR","og_type":"article","og_title":"Vilafinil 200 mg","og_description":"Achetez des comprim\u00e9s Vilafinil 200mg bon march\u00e9 en ligne depuis l'Inde \u00e0 la pharmacie BuyModafinilOnline. Obtenez 20 pilules GRATUITES (modafinil + armodafinil) avec chaque commande et 25 $ de rabais pour les clients qui reviennent!","og_url":"https:\/\/buymodafinilonline.com\/fr\/medicaments-intelligents\/vilafinil-200-mg-2\/","og_site_name":"BuyModafinilOnline.com","article_modified_time":"2025-04-24T09:52:18+00:00","og_image":[{"width":1280,"height":1500,"url":"https:\/\/buymodafinilonline.com\/wp-content\/uploads\/2021\/09\/bmo-product-vilafinil-new.png","type":"image\/png"}],"twitter_misc":{"Dur\u00e9e de lecture estim\u00e9e":"5 minutes"},"schema":{"@context":"https:\/\/schema.org","@graph":[{"@type":"WebPage","@id":"https:\/\/buymodafinilonline.com\/fr\/medicaments-intelligents\/vilafinil-200-mg-2\/","url":"https:\/\/buymodafinilonline.com\/fr\/medicaments-intelligents\/vilafinil-200-mg-2\/","name":"Acheter Vilafinil 200mg (Modafinil) en vente libre - BuyModafinilOnline","isPartOf":{"@id":"https:\/\/buymodafinilonline.com\/fr\/#website"},"primaryImageOfPage":{"@id":"https:\/\/buymodafinilonline.com\/fr\/medicaments-intelligents\/vilafinil-200-mg-2\/#primaryimage"},"image":{"@id":"https:\/\/buymodafinilonline.com\/fr\/medicaments-intelligents\/vilafinil-200-mg-2\/#primaryimage"},"thumbnailUrl":"https:\/\/buymodafinilonline.com\/wp-content\/uploads\/2021\/09\/bmo-product-vilafinil-new.png","datePublished":"2020-11-08T16:09:30+00:00","dateModified":"2025-04-24T09:52:18+00:00","description":"Achetez des comprim\u00e9s Vilafinil 200mg bon march\u00e9 en ligne depuis l'Inde \u00e0 la pharmacie BuyModafinilOnline. Obtenez 20 pilules GRATUITES (modafinil + armodafinil) avec chaque commande et 25 $ de rabais pour les clients qui reviennent!","breadcrumb":{"@id":"https:\/\/buymodafinilonline.com\/fr\/medicaments-intelligents\/vilafinil-200-mg-2\/#breadcrumb"},"inLanguage":"fr-FR","potentialAction":[{"@type":"ReadAction","target":["https:\/\/buymodafinilonline.com\/fr\/medicaments-intelligents\/vilafinil-200-mg-2\/"]}]},{"@type":"ImageObject","inLanguage":"fr-FR","@id":"https:\/\/buymodafinilonline.com\/fr\/medicaments-intelligents\/vilafinil-200-mg-2\/#primaryimage","url":"https:\/\/buymodafinilonline.com\/wp-content\/uploads\/2021\/09\/bmo-product-vilafinil-new.png","contentUrl":"https:\/\/buymodafinilonline.com\/wp-content\/uploads\/2021\/09\/bmo-product-vilafinil-new.png","width":1280,"height":1500,"caption":"Vilafinil 200 mg"},{"@type":"BreadcrumbList","@id":"https:\/\/buymodafinilonline.com\/fr\/medicaments-intelligents\/vilafinil-200-mg-2\/#breadcrumb","itemListElement":[{"@type":"ListItem","position":1,"name":"Buy Modafinil Online","item":"https:\/\/buymodafinilonline.com\/fr\/"},{"@type":"ListItem","position":2,"name":"Boutique","item":"https:\/\/buymodafinilonline.com\/fr\/boutique\/"},{"@type":"ListItem","position":3,"name":"Marques de m\u00e9dicaments intelligents","item":"https:\/\/buymodafinilonline.com\/fr\/categorie-de-produit\/marques-medicaments-intelligents\/"},{"@type":"ListItem","position":4,"name":"Vilafinil 200 mg"}]},{"@type":"WebSite","@id":"https:\/\/buymodafinilonline.com\/fr\/#website","url":"https:\/\/buymodafinilonline.com\/fr\/","name":"BuyModafinilOnline.com","description":"Modafinil Online Pharmacy","publisher":{"@id":"https:\/\/buymodafinilonline.com\/fr\/#organization"},"potentialAction":[{"@type":"SearchAction","target":{"@type":"EntryPoint","urlTemplate":"https:\/\/buymodafinilonline.com\/fr\/?s={search_term_string}"},"query-input":{"@type":"PropertyValueSpecification","valueRequired":true,"valueName":"search_term_string"}}],"inLanguage":"fr-FR"},{"@type":"Organization","@id":"https:\/\/buymodafinilonline.com\/fr\/#organization","name":"BuyModafinilOnline","url":"https:\/\/buymodafinilonline.com\/fr\/","logo":{"@type":"ImageObject","inLanguage":"fr-FR","@id":"https:\/\/buymodafinilonline.com\/fr\/#\/schema\/logo\/image\/","url":"https:\/\/buymodafinilonline.com\/wp-content\/uploads\/2020\/04\/logo-buy-modafinil-online-yellow.png","contentUrl":"https:\/\/buymodafinilonline.com\/wp-content\/uploads\/2020\/04\/logo-buy-modafinil-online-yellow.png","width":200,"height":200,"caption":"BuyModafinilOnline"},"image":{"@id":"https:\/\/buymodafinilonline.com\/fr\/#\/schema\/logo\/image\/"}}]}},"_links":{"self":[{"href":"https:\/\/buymodafinilonline.com\/fr\/wp-json\/wp\/v2\/product\/408404","targetHints":{"allow":["GET"]}}],"collection":[{"href":"https:\/\/buymodafinilonline.com\/fr\/wp-json\/wp\/v2\/product"}],"about":[{"href":"https:\/\/buymodafinilonline.com\/fr\/wp-json\/wp\/v2\/types\/product"}],"replies":[{"embeddable":true,"href":"https:\/\/buymodafinilonline.com\/fr\/wp-json\/wp\/v2\/comments?post=408404"}],"wp:featuredmedia":[{"embeddable":true,"href":"https:\/\/buymodafinilonline.com\/fr\/wp-json\/wp\/v2\/media\/426133"}],"wp:attachment":[{"href":"https:\/\/buymodafinilonline.com\/fr\/wp-json\/wp\/v2\/media?parent=408404"}],"wp:term":[{"taxonomy":"product_brand","embeddable":true,"href":"https:\/\/buymodafinilonline.com\/fr\/wp-json\/wp\/v2\/product_brand?post=408404"},{"taxonomy":"product_cat","embeddable":true,"href":"https:\/\/buymodafinilonline.com\/fr\/wp-json\/wp\/v2\/product_cat?post=408404"},{"taxonomy":"product_tag","embeddable":true,"href":"https:\/\/buymodafinilonline.com\/fr\/wp-json\/wp\/v2\/product_tag?post=408404"}],"curies":[{"name":"wp","href":"https:\/\/api.w.org\/{rel}","templated":true}]}}