{"id":408482,"date":"2020-03-23T21:52:14","date_gmt":"2020-11-08T16:09:57","guid":{"rendered":"https:\/\/buymodafinilonline.com\/smart-drugs\/modaheal-200-mg\/"},"modified":"2025-04-24T10:54:12","modified_gmt":"2025-04-24T09:54:12","slug":"modaheal-200-mg","status":"publish","type":"product","link":"https:\/\/buymodafinilonline.com\/fr\/medicaments-intelligents\/modaheal-200-mg\/","title":{"rendered":"Modaheal 200 mg"},"content":{"rendered":"[vc_column width=&#8221;1\/2&#8243;]\n<div class=\"su-divider su-divider-style-default\" style=\"margin:10px 0;border-width:3px;border-color:#ffffff00\"><a href=\"#\" style=\"color:#ffffff009\">.<\/a><\/div>\n<h2>Qu&#8217;est-ce que Modaheal 200 mg?<\/h2>\n<div class=\"su-divider su-divider-style-default\" style=\"margin:10px 0;border-width:3px;border-color:#ffffff00\"><a href=\"#\" style=\"color:#ffffff009\">.<\/a><\/div>\nModaheal est une version g\u00e9n\u00e9rique de modafinil. Il est fabriqu\u00e9 dans les m\u00eames doses de 200 mg que beaucoup d&#8217;autres produits de marque et g\u00e9n\u00e9riques modafinil. Il est \u00e9galement disponible en dose de 100 mg. Modaheal est souvent commercialis\u00e9 principalement pour ses effets eugero\u00efques impressionnants (favorisant l&#8217;\u00e9veil).<\/p>\n<p>C&#8217;est un m\u00e9dicament tr\u00e8s puissant prescrit par les m\u00e9decins pour traiter la narcolepsie, l&#8217;apn\u00e9e obstructive du sommeil, la somnolence diurne excessive, l&#8217;hypersomnie idiopathique, les troubles du sommeil au travail par \u00e9quipes et d&#8217;autres conditions.<\/p>\n<div class=\"su-divider su-divider-style-default\" style=\"margin:10px 0;border-width:3px;border-color:#ffffff00\"><a href=\"#\" style=\"color:#ffffff009\">.<\/a><\/div>\n<h2>Comment fonctionnent les tablettes<\/h2>\n<div class=\"su-divider su-divider-style-default\" style=\"margin:10px 0;border-width:3px;border-color:#ffffff00\"><a href=\"#\" style=\"color:#ffffff009\">.<\/a><\/div>\nLe modafinil est un m\u00e9dicament tr\u00e8s efficace qui agit en stimulant la lib\u00e9ration de produits chimiques qui favorisent l&#8217;\u00e9veil. Il est g\u00e9n\u00e9ralement connu comme un agent favorisant l&#8217;\u00e9veil.<\/p>\n<p>Modaheal agit en r\u00e9duisant la recapture de la dopamine dans les nerfs, favorisant ainsi la fonction c\u00e9r\u00e9brale, augmentant l&#8217;activit\u00e9 mentale et les effets cognitifs.<\/p>\n<div class=\"su-divider su-divider-style-default\" style=\"margin:10px 0;border-width:3px;border-color:#ffffff00\"><a href=\"#\" style=\"color:#ffffff009\">.<\/a><\/div>\n<h2>Dosage s\u00fbr et utilisation appropri\u00e9e<\/h2>\n<div class=\"su-divider su-divider-style-default\" style=\"margin:10px 0;border-width:3px;border-color:#ffffff00\"><a href=\"#\" style=\"color:#ffffff009\">.<\/a><\/div>\nS&#8217;il est prescrit pour soigner la narcolepsie ou l&#8217;apn\u00e9e du sommeil, 200 mg de ce m\u00e9dicament doivent \u00eatre pris une fois par jour le matin. Pour ceux prescrits pour traiter les troubles du sommeil li\u00e9s au travail par quarts, il doit \u00eatre pris 1 heure avant le d\u00e9but du quart de travail. Cela am\u00e9liore l&#8217;\u00e9tat de veille chez les patients souffrant de somnolence excessive.<\/p>\n<p>Les personnes prenant ce m\u00e9dicament pour des fonctions cognitives devraient le prendre une fois par jour au besoin. Cependant, il est n\u00e9cessaire de consulter un m\u00e9decin avant d&#8217;administrer Modaheal pour \u00e9viter l&#8217;apparition d&#8217;effets secondaires graves et d&#8217;interactions m\u00e9dicamenteuses. Votre sant\u00e9 doit \u00eatre \u00e9valu\u00e9e avant de le prendre.<\/p>\n<div class=\"su-divider su-divider-style-default\" style=\"margin:10px 0;border-width:3px;border-color:#ffffff00\"><a href=\"#\" style=\"color:#ffffff009\">.<\/a><\/div>\n<h2>Les effets secondaires possibles<\/h2>\n<div class=\"su-divider su-divider-style-default\" style=\"margin:10px 0;border-width:3px;border-color:#ffffff00\"><a href=\"#\" style=\"color:#ffffff009\">.<\/a><\/div>\nComme tout m\u00e9dicament efficace, des effets secondaires peuvent survenir en fonction de l&#8217;\u00e9tat de sant\u00e9 individuel, des r\u00e9actions et du respect de la posologie.<\/p>\n<p>Les effets n\u00e9gatifs courants peuvent inclure:<\/p>\n<div class=\"su-divider su-divider-style-default\" style=\"margin:10px 0;border-width:3px;border-color:#ffffff00\"><a href=\"#\" style=\"color:#ffffff009\">.<\/a><\/div>\n<ul>\n<li>mal de t\u00eate ;<\/li>\n<li>se sentir nerveux ou anxieux;<\/li>\n<li>mal au dos;<\/li>\n<li>probl\u00e8mes de sommeil (insomnie);<\/li>\n<li>des vertiges ;<\/li>\n<li>naus\u00e9es, maux d&#8217;estomac, diarrh\u00e9e;<\/li>\n<li>nez encombr\u00e9.<\/li>\n<\/ul>\n<div class=\"su-divider su-divider-style-default\" style=\"margin:10px 0;border-width:3px;border-color:#ffffff00\"><a href=\"#\" style=\"color:#ffffff009\">.<\/a><\/div>\nCependant, des effets secondaires graves peuvent survenir, notamment:<\/p>\n<div class=\"su-divider su-divider-style-default\" style=\"margin:10px 0;border-width:3px;border-color:#ffffff00\"><a href=\"#\" style=\"color:#ffffff009\">.<\/a><\/div>\n<ul>\n<li>fi\u00e8vre;<\/li>\n<li>somnolence persistante;<\/li>\n<li>angio-\u0153d\u00e8me et r\u00e9actions anaphylactiques;<\/li>\n<li>douleur thoracique;<\/li>\n<li>ecchymoses ou saignements faciles;<\/li>\n<li>des hallucinations ;<\/li>\n<li>rythme cardiaque rapide \/ battant \/ irr\u00e9gulier;<\/li>\n<li>d\u00e9pression ;<\/li>\n<li>r\u00e9actions d&#8217;hypersensibilit\u00e9 multi-organes;<\/li>\n<li>changements mentaux \/ d&#8217;humeur (tels que hallucinations, confusion, pens\u00e9es suicidaires rares).<\/li>\n<\/ul>\n<div class=\"su-divider su-divider-style-default\" style=\"margin:10px 0;border-width:3px;border-color:#ffffff00\"><a href=\"#\" style=\"color:#ffffff009\">.<\/a><\/div>\nIl ne s&#8217;agit pas d&#8217;une liste exhaustive des effets n\u00e9gatifs possibles, rares ou courants &#8211; d&#8217;autres peuvent survenir. Consultez un m\u00e9decin avant de prendre ce m\u00e9dicament.<\/p>\n[\/vc_column][vc_column width=&#8221;1\/2&#8243;]\n<div class=\"su-divider su-divider-style-default\" style=\"margin:10px 0;border-width:3px;border-color:#ffffff00\"><a href=\"#\" style=\"color:#ffffff009\">.<\/a><\/div>\n<h2>Contre-indications et mises en garde<\/h2>\n<div class=\"su-divider su-divider-style-default\" style=\"margin:10px 0;border-width:3px;border-color:#ffffff00\"><a href=\"#\" style=\"color:#ffffff009\">.<\/a><\/div>\nComme tout m\u00e9dicament, une \u00e9ventuelle interaction m\u00e9dicamenteuse peut survenir avec le modafinil. Ce m\u00e9dicament est contre-indiqu\u00e9 pour ne pas \u00eatre m\u00e9lang\u00e9 avec certains m\u00e9dicaments.<\/p>\n<p>Par exemple:<\/p>\n<div class=\"su-divider su-divider-style-default\" style=\"margin:10px 0;border-width:3px;border-color:#ffffff00\"><a href=\"#\" style=\"color:#ffffff009\">.<\/a><\/div>\n<ul>\n<li>la cyclosporine (Sandimmune);<\/li>\n<li>les contraceptifs hormonaux (c&#8217;est-\u00e0-dire Micronor);<\/li>\n<li>K\u00e9toconazole (Nizoral);<\/li>\n<li>la th\u00e9ophylline (Theo-24);<\/li>\n<li>warfarine (Coumadin);<\/li>\n<li>propranolol (Inderal);<\/li>\n<li>la rifampicine (Rifadin);<\/li>\n<li>le diaz\u00e9pam (Valium);<\/li>\n<li>itraconazole (Sporanox).<\/li>\n<\/ul>\n<div class=\"su-divider su-divider-style-default\" style=\"margin:10px 0;border-width:3px;border-color:#ffffff00\"><a href=\"#\" style=\"color:#ffffff009\">.<\/a><\/div>\nCe n&#8217;est pas une liste compl\u00e8te. Votre m\u00e9decin sp\u00e9cialiste doit \u00e9valuer le m\u00e9dicament que vous utilisez et la maladie dont vous souffrez. Consultez votre m\u00e9decin sp\u00e9cialiste avant d&#8217;allaiter.<\/p>\n<p>Aussi, ne buvez pas d&#8217;alcool pendant que vous utilisez ce m\u00e9dicament. Ce m\u00e9dicament est recommand\u00e9 aux personnes de plus de 18 ans et si vous le prenez, n&#8217;arr\u00eatez pas le m\u00e9dicament soudainement car vous pouvez ressentir des sympt\u00f4mes de sevrage. Il est conseill\u00e9 de ne pas prendre Modaheal 200 mg si vous y \u00eates allergique.<\/p>\n<p>La nourriture fonctionne bien avec ce type de m\u00e9dicament. Vous pouvez le prendre \u00e0 jeun ou avec de la nourriture.<\/p>\n<div class=\"su-divider su-divider-style-default\" style=\"margin:10px 0;border-width:3px;border-color:#ffffff00\"><a href=\"#\" style=\"color:#ffffff009\">.<\/a><\/div>\n<h2>Exp\u00e9rience consommateur<\/h2>\n<div class=\"su-divider su-divider-style-default\" style=\"margin:10px 0;border-width:3px;border-color:#ffffff00\"><a href=\"#\" style=\"color:#ffffff009\">.<\/a><\/div>\nLes questions et recherches sur le modafinil ont \u00e9t\u00e9 largement \u00e9tudi\u00e9es et les personnes qui l&#8217;utilisent rapportent une efficacit\u00e9 plus \u00e9lev\u00e9e. C&#8217;est le m\u00e9dicament ultime pour am\u00e9liorer l&#8217;\u00e9tat de veille et promouvoir la fonction cognitive avec une productivit\u00e9 am\u00e9lior\u00e9e.<\/p>\n<p>Le modafinil est un m\u00e9dicament cognitif hautement \u00e9valu\u00e9 en ligne comme s\u00fbr sans d\u00e9pendance, bien que la surveillance et le contr\u00f4le des m\u00e9dicaments soient n\u00e9cessaires. Consultez toujours votre m\u00e9decin sp\u00e9cialiste avant utilisation. Plusieurs personnes ayant une vie saine \u00e9prouvent peu ou pas d&#8217;effets n\u00e9gatifs et la disponibilit\u00e9 de g\u00e9n\u00e9riques rend ce m\u00e9dicament tr\u00e8s demand\u00e9 et facilement accessible par diverses personnes dans le monde en raison du fait que le modafinil est g\u00e9n\u00e9rique.<\/p>\n<div class=\"su-divider su-divider-style-default\" style=\"margin:10px 0;border-width:3px;border-color:#ffffff00\"><a href=\"#\" style=\"color:#ffffff009\">.<\/a><\/div>\n<h2>Acheter G\u00e9n\u00e9rique Modaheal 200mg (Modafinil) en ligne<\/h2>\n<div class=\"su-divider su-divider-style-default\" style=\"margin:10px 0;border-width:3px;border-color:#ffffff00\"><a href=\"#\" style=\"color:#ffffff009\">.<\/a><\/div>\nLa pr\u00e9caution devrait \u00eatre utile lors de l&#8217;achat de m\u00e9dicaments sur ordonnance ou hors AMM. Obtenir des m\u00e9dicaments tr\u00e8s demand\u00e9s en ligne peut entra\u00eener des exp\u00e9riences ind\u00e9sirables. Les m\u00e9dicaments contrefaits ou contrefaits sont vendus en ligne \u00e0 partir de sites ill\u00e9gitimes agissant comme des escroqueries.<\/p>\n<p>Si vous cherchez le meilleur endroit pour acheter des comprim\u00e9s de Modaheal g\u00e9n\u00e9riques bon march\u00e9 mais de qualit\u00e9, il est s\u00fbr de l&#8217;obtenir aupr\u00e8s de BuyModafinilOnline &#8211; en ligne de la meilleure pharmacie en ligne proposant des m\u00e9dicaments modafinil authentiques provenant de fabricants approuv\u00e9s sans ordonnance.<\/p>\n<p>En outre, vous pouvez acheter des nootropiques populaires, comme<a href=\"https:\/\/buymodafinilonline.com\/fr\/medicaments-intelligents\/waklert-150-mg-tablets\/\"> Waklert<\/a> ,<a href=\"https:\/\/buymodafinilonline.com\/fr\/medicaments-intelligents\/vilafinil-200-mg-2\/\"> Vilafinil<\/a> ,<a href=\"https:\/\/buymodafinilonline.com\/fr\/medicaments-intelligents\/modafresh-200-mg-comprimes\/\"> Modafresh<\/a> , et d&#8217;autres.<\/p>\n<p><a href=\"https:\/\/buymodafinilonline.com\/fr\/\">AcheterModafinilEn ligne<\/a> &#8211; il propose des m\u00e9dicaments modafinil sans ordonnance. Le prix des m\u00e9dicaments de ce magasin est extr\u00eamement bon march\u00e9 &#8211; vente au co\u00fbt de fabrication. It also offers various checkout options including <a href=\"https:\/\/buymodafinilonline.com\/fr\/payez-avec-des-bitcoins\/\">bitcoin<\/a> (23% off as a discount). Les autres options de paiement incluent PayPal et une carte de cr\u00e9dit.<\/p>\n<p>le<a href=\"https:\/\/buymodafinilonline.com\/fr\/meilleur-fournisseur-france\/\"> livraison<\/a> du colis de l&#8217;acheteur est ultra-rapide &#8211; dans le monde entier &#8211; y compris les \u00c9tats-Unis, le Royaume-Uni, l&#8217;Australie et la Nouvelle-Z\u00e9lande, entre autres, \u00e0 l&#8217;exception de quelques tr\u00e8s rares pays r\u00e9pertori\u00e9s. M\u00eame en cas d&#8217;\u00e9chec de la livraison, une r\u00e9exp\u00e9dition ou un remboursement est possible.<\/p>\n<p>Commandez Modaheal 200 mg et utilisez les remises et coupons disponibles pour \u00e9conomiser plus d&#8217;argent!<\/p>\n[\/vc_column]\n<div class=\"su-divider su-divider-style-default\" style=\"margin:10px 0;border-width:3px;border-color:#ffffff00\"><a href=\"#\" style=\"color:#ffffff009\">.<\/a><\/div>\n","protected":false},"excerpt":{"rendered":"<p>Achetez ce m\u00e9dicament pour favoriser l&#8217;\u00e9tat de veille et stimuler votre fonction cognitive. Modaheal 200 mg est fabriqu\u00e9 \u00e0 partir de l&#8217;ingr\u00e9dient actif &#8211; le modafinil, l&#8217;un des m\u00e9dicaments les plus c\u00e9l\u00e8bres et les plus populaires. Modaheal est fabriqu\u00e9 par Healing Pharma, Inde. L&#8217;obtenir dans notre magasin vous garantit une m\u00e9dication de qualit\u00e9 approuv\u00e9e pour traiter diverses conditions de manque de r\u00e9veil. Achetez-le \u00e0 un prix tr\u00e8s bas avec une livraison garantie.<\/p>\n[sc name=\"s1\"]\n","protected":false},"featured_media":426126,"comment_status":"open","ping_status":"closed","template":"","meta":{"_acf_changed":false},"product_brand":[],"product_cat":[3785],"product_tag":[3850],"class_list":{"0":"post-408482","1":"product","2":"type-product","3":"status-publish","4":"has-post-thumbnail","6":"product_cat-marques-medicaments-intelligents","7":"product_tag-modafinil-fr","9":"first","10":"instock","11":"sale","12":"shipping-taxable","13":"purchasable","14":"product-type-variable","15":"has-default-attributes"},"acf":[],"yoast_head":"<!-- This site is optimized with the Yoast SEO Premium plugin v23.6 (Yoast SEO v27.4) - https:\/\/yoast.com\/product\/yoast-seo-premium-wordpress\/ -->\n<title>Acheter Modaheal 200 mg (Modafinil) M\u00e9dicaments OTC - BuyModafinilOnline<\/title>\n<meta name=\"description\" content=\"Achetez des comprim\u00e9s Modaheal 200 mg bon march\u00e9 en ligne sans Rx \u00e0 la pharmacie BuyModafinilOnline. Payez avec des Bitcoins et obtenez 23% de r\u00e9duction garantie sur l&#039;achat de m\u00e9dicaments Modaheal 200mg !\" \/>\n<meta name=\"robots\" content=\"index, follow, max-snippet:-1, max-image-preview:large, max-video-preview:-1\" \/>\n<link rel=\"canonical\" href=\"https:\/\/buymodafinilonline.com\/fr\/medicaments-intelligents\/modaheal-200-mg\/\" \/>\n<meta property=\"og:locale\" content=\"fr_FR\" \/>\n<meta property=\"og:type\" content=\"article\" \/>\n<meta property=\"og:title\" content=\"Modaheal 200 mg\" \/>\n<meta property=\"og:description\" content=\"Achetez des comprim\u00e9s Modaheal 200 mg bon march\u00e9 en ligne sans Rx \u00e0 la pharmacie BuyModafinilOnline. Payez avec des Bitcoins et obtenez 23% de r\u00e9duction garantie sur l&#039;achat de m\u00e9dicaments Modaheal 200mg !\" \/>\n<meta property=\"og:url\" content=\"https:\/\/buymodafinilonline.com\/fr\/medicaments-intelligents\/modaheal-200-mg\/\" \/>\n<meta property=\"og:site_name\" content=\"BuyModafinilOnline.com\" \/>\n<meta property=\"article:modified_time\" content=\"2025-04-24T09:54:12+00:00\" \/>\n<meta property=\"og:image\" content=\"https:\/\/buymodafinilonline.com\/wp-content\/uploads\/2021\/09\/bmo-product-modaheal-new.png\" \/>\n\t<meta property=\"og:image:width\" content=\"1280\" \/>\n\t<meta property=\"og:image:height\" content=\"1500\" \/>\n\t<meta property=\"og:image:type\" content=\"image\/png\" \/>\n<meta name=\"twitter:label1\" content=\"Dur\u00e9e de lecture estim\u00e9e\" \/>\n\t<meta name=\"twitter:data1\" content=\"5 minutes\" \/>\n<script type=\"application\/ld+json\" class=\"yoast-schema-graph\">{\"@context\":\"https:\\\/\\\/schema.org\",\"@graph\":[{\"@type\":\"WebPage\",\"@id\":\"https:\\\/\\\/buymodafinilonline.com\\\/fr\\\/medicaments-intelligents\\\/modaheal-200-mg\\\/\",\"url\":\"https:\\\/\\\/buymodafinilonline.com\\\/fr\\\/medicaments-intelligents\\\/modaheal-200-mg\\\/\",\"name\":\"Acheter Modaheal 200 mg (Modafinil) M\u00e9dicaments OTC - BuyModafinilOnline\",\"isPartOf\":{\"@id\":\"https:\\\/\\\/buymodafinilonline.com\\\/fr\\\/#website\"},\"primaryImageOfPage\":{\"@id\":\"https:\\\/\\\/buymodafinilonline.com\\\/fr\\\/medicaments-intelligents\\\/modaheal-200-mg\\\/#primaryimage\"},\"image\":{\"@id\":\"https:\\\/\\\/buymodafinilonline.com\\\/fr\\\/medicaments-intelligents\\\/modaheal-200-mg\\\/#primaryimage\"},\"thumbnailUrl\":\"https:\\\/\\\/buymodafinilonline.com\\\/wp-content\\\/uploads\\\/2021\\\/09\\\/bmo-product-modaheal-new.png\",\"datePublished\":\"2020-11-08T16:09:57+00:00\",\"dateModified\":\"2025-04-24T09:54:12+00:00\",\"description\":\"Achetez des comprim\u00e9s Modaheal 200 mg bon march\u00e9 en ligne sans Rx \u00e0 la pharmacie BuyModafinilOnline. Payez avec des Bitcoins et obtenez 23% de r\u00e9duction garantie sur l'achat de m\u00e9dicaments Modaheal 200mg !\",\"breadcrumb\":{\"@id\":\"https:\\\/\\\/buymodafinilonline.com\\\/fr\\\/medicaments-intelligents\\\/modaheal-200-mg\\\/#breadcrumb\"},\"inLanguage\":\"fr-FR\",\"potentialAction\":[{\"@type\":\"ReadAction\",\"target\":[\"https:\\\/\\\/buymodafinilonline.com\\\/fr\\\/medicaments-intelligents\\\/modaheal-200-mg\\\/\"]}]},{\"@type\":\"ImageObject\",\"inLanguage\":\"fr-FR\",\"@id\":\"https:\\\/\\\/buymodafinilonline.com\\\/fr\\\/medicaments-intelligents\\\/modaheal-200-mg\\\/#primaryimage\",\"url\":\"https:\\\/\\\/buymodafinilonline.com\\\/wp-content\\\/uploads\\\/2021\\\/09\\\/bmo-product-modaheal-new.png\",\"contentUrl\":\"https:\\\/\\\/buymodafinilonline.com\\\/wp-content\\\/uploads\\\/2021\\\/09\\\/bmo-product-modaheal-new.png\",\"width\":1280,\"height\":1500,\"caption\":\"Modaheal 200 mg\"},{\"@type\":\"BreadcrumbList\",\"@id\":\"https:\\\/\\\/buymodafinilonline.com\\\/fr\\\/medicaments-intelligents\\\/modaheal-200-mg\\\/#breadcrumb\",\"itemListElement\":[{\"@type\":\"ListItem\",\"position\":1,\"name\":\"Buy Modafinil Online\",\"item\":\"https:\\\/\\\/buymodafinilonline.com\\\/fr\\\/\"},{\"@type\":\"ListItem\",\"position\":2,\"name\":\"Boutique\",\"item\":\"https:\\\/\\\/buymodafinilonline.com\\\/fr\\\/boutique\\\/\"},{\"@type\":\"ListItem\",\"position\":3,\"name\":\"Marques de m\u00e9dicaments intelligents\",\"item\":\"https:\\\/\\\/buymodafinilonline.com\\\/fr\\\/categorie-de-produit\\\/marques-medicaments-intelligents\\\/\"},{\"@type\":\"ListItem\",\"position\":4,\"name\":\"Modaheal 200 mg\"}]},{\"@type\":\"WebSite\",\"@id\":\"https:\\\/\\\/buymodafinilonline.com\\\/fr\\\/#website\",\"url\":\"https:\\\/\\\/buymodafinilonline.com\\\/fr\\\/\",\"name\":\"BuyModafinilOnline.com\",\"description\":\"Modafinil Online Pharmacy\",\"publisher\":{\"@id\":\"https:\\\/\\\/buymodafinilonline.com\\\/fr\\\/#organization\"},\"potentialAction\":[{\"@type\":\"SearchAction\",\"target\":{\"@type\":\"EntryPoint\",\"urlTemplate\":\"https:\\\/\\\/buymodafinilonline.com\\\/fr\\\/?s={search_term_string}\"},\"query-input\":{\"@type\":\"PropertyValueSpecification\",\"valueRequired\":true,\"valueName\":\"search_term_string\"}}],\"inLanguage\":\"fr-FR\"},{\"@type\":\"Organization\",\"@id\":\"https:\\\/\\\/buymodafinilonline.com\\\/fr\\\/#organization\",\"name\":\"BuyModafinilOnline\",\"url\":\"https:\\\/\\\/buymodafinilonline.com\\\/fr\\\/\",\"logo\":{\"@type\":\"ImageObject\",\"inLanguage\":\"fr-FR\",\"@id\":\"https:\\\/\\\/buymodafinilonline.com\\\/fr\\\/#\\\/schema\\\/logo\\\/image\\\/\",\"url\":\"https:\\\/\\\/buymodafinilonline.com\\\/wp-content\\\/uploads\\\/2020\\\/04\\\/logo-buy-modafinil-online-yellow.png\",\"contentUrl\":\"https:\\\/\\\/buymodafinilonline.com\\\/wp-content\\\/uploads\\\/2020\\\/04\\\/logo-buy-modafinil-online-yellow.png\",\"width\":200,\"height\":200,\"caption\":\"BuyModafinilOnline\"},\"image\":{\"@id\":\"https:\\\/\\\/buymodafinilonline.com\\\/fr\\\/#\\\/schema\\\/logo\\\/image\\\/\"}}]}<\/script>\n<!-- \/ Yoast SEO Premium plugin. -->","yoast_head_json":{"title":"Acheter Modaheal 200 mg (Modafinil) M\u00e9dicaments OTC - BuyModafinilOnline","description":"Achetez des comprim\u00e9s Modaheal 200 mg bon march\u00e9 en ligne sans Rx \u00e0 la pharmacie BuyModafinilOnline. Payez avec des Bitcoins et obtenez 23% de r\u00e9duction garantie sur l'achat de m\u00e9dicaments Modaheal 200mg !","robots":{"index":"index","follow":"follow","max-snippet":"max-snippet:-1","max-image-preview":"max-image-preview:large","max-video-preview":"max-video-preview:-1"},"canonical":"https:\/\/buymodafinilonline.com\/fr\/medicaments-intelligents\/modaheal-200-mg\/","og_locale":"fr_FR","og_type":"article","og_title":"Modaheal 200 mg","og_description":"Achetez des comprim\u00e9s Modaheal 200 mg bon march\u00e9 en ligne sans Rx \u00e0 la pharmacie BuyModafinilOnline. Payez avec des Bitcoins et obtenez 23% de r\u00e9duction garantie sur l'achat de m\u00e9dicaments Modaheal 200mg !","og_url":"https:\/\/buymodafinilonline.com\/fr\/medicaments-intelligents\/modaheal-200-mg\/","og_site_name":"BuyModafinilOnline.com","article_modified_time":"2025-04-24T09:54:12+00:00","og_image":[{"width":1280,"height":1500,"url":"https:\/\/buymodafinilonline.com\/wp-content\/uploads\/2021\/09\/bmo-product-modaheal-new.png","type":"image\/png"}],"twitter_misc":{"Dur\u00e9e de lecture estim\u00e9e":"5 minutes"},"schema":{"@context":"https:\/\/schema.org","@graph":[{"@type":"WebPage","@id":"https:\/\/buymodafinilonline.com\/fr\/medicaments-intelligents\/modaheal-200-mg\/","url":"https:\/\/buymodafinilonline.com\/fr\/medicaments-intelligents\/modaheal-200-mg\/","name":"Acheter Modaheal 200 mg (Modafinil) M\u00e9dicaments OTC - BuyModafinilOnline","isPartOf":{"@id":"https:\/\/buymodafinilonline.com\/fr\/#website"},"primaryImageOfPage":{"@id":"https:\/\/buymodafinilonline.com\/fr\/medicaments-intelligents\/modaheal-200-mg\/#primaryimage"},"image":{"@id":"https:\/\/buymodafinilonline.com\/fr\/medicaments-intelligents\/modaheal-200-mg\/#primaryimage"},"thumbnailUrl":"https:\/\/buymodafinilonline.com\/wp-content\/uploads\/2021\/09\/bmo-product-modaheal-new.png","datePublished":"2020-11-08T16:09:57+00:00","dateModified":"2025-04-24T09:54:12+00:00","description":"Achetez des comprim\u00e9s Modaheal 200 mg bon march\u00e9 en ligne sans Rx \u00e0 la pharmacie BuyModafinilOnline. Payez avec des Bitcoins et obtenez 23% de r\u00e9duction garantie sur l'achat de m\u00e9dicaments Modaheal 200mg !","breadcrumb":{"@id":"https:\/\/buymodafinilonline.com\/fr\/medicaments-intelligents\/modaheal-200-mg\/#breadcrumb"},"inLanguage":"fr-FR","potentialAction":[{"@type":"ReadAction","target":["https:\/\/buymodafinilonline.com\/fr\/medicaments-intelligents\/modaheal-200-mg\/"]}]},{"@type":"ImageObject","inLanguage":"fr-FR","@id":"https:\/\/buymodafinilonline.com\/fr\/medicaments-intelligents\/modaheal-200-mg\/#primaryimage","url":"https:\/\/buymodafinilonline.com\/wp-content\/uploads\/2021\/09\/bmo-product-modaheal-new.png","contentUrl":"https:\/\/buymodafinilonline.com\/wp-content\/uploads\/2021\/09\/bmo-product-modaheal-new.png","width":1280,"height":1500,"caption":"Modaheal 200 mg"},{"@type":"BreadcrumbList","@id":"https:\/\/buymodafinilonline.com\/fr\/medicaments-intelligents\/modaheal-200-mg\/#breadcrumb","itemListElement":[{"@type":"ListItem","position":1,"name":"Buy Modafinil Online","item":"https:\/\/buymodafinilonline.com\/fr\/"},{"@type":"ListItem","position":2,"name":"Boutique","item":"https:\/\/buymodafinilonline.com\/fr\/boutique\/"},{"@type":"ListItem","position":3,"name":"Marques de m\u00e9dicaments intelligents","item":"https:\/\/buymodafinilonline.com\/fr\/categorie-de-produit\/marques-medicaments-intelligents\/"},{"@type":"ListItem","position":4,"name":"Modaheal 200 mg"}]},{"@type":"WebSite","@id":"https:\/\/buymodafinilonline.com\/fr\/#website","url":"https:\/\/buymodafinilonline.com\/fr\/","name":"BuyModafinilOnline.com","description":"Modafinil Online Pharmacy","publisher":{"@id":"https:\/\/buymodafinilonline.com\/fr\/#organization"},"potentialAction":[{"@type":"SearchAction","target":{"@type":"EntryPoint","urlTemplate":"https:\/\/buymodafinilonline.com\/fr\/?s={search_term_string}"},"query-input":{"@type":"PropertyValueSpecification","valueRequired":true,"valueName":"search_term_string"}}],"inLanguage":"fr-FR"},{"@type":"Organization","@id":"https:\/\/buymodafinilonline.com\/fr\/#organization","name":"BuyModafinilOnline","url":"https:\/\/buymodafinilonline.com\/fr\/","logo":{"@type":"ImageObject","inLanguage":"fr-FR","@id":"https:\/\/buymodafinilonline.com\/fr\/#\/schema\/logo\/image\/","url":"https:\/\/buymodafinilonline.com\/wp-content\/uploads\/2020\/04\/logo-buy-modafinil-online-yellow.png","contentUrl":"https:\/\/buymodafinilonline.com\/wp-content\/uploads\/2020\/04\/logo-buy-modafinil-online-yellow.png","width":200,"height":200,"caption":"BuyModafinilOnline"},"image":{"@id":"https:\/\/buymodafinilonline.com\/fr\/#\/schema\/logo\/image\/"}}]}},"_links":{"self":[{"href":"https:\/\/buymodafinilonline.com\/fr\/wp-json\/wp\/v2\/product\/408482","targetHints":{"allow":["GET"]}}],"collection":[{"href":"https:\/\/buymodafinilonline.com\/fr\/wp-json\/wp\/v2\/product"}],"about":[{"href":"https:\/\/buymodafinilonline.com\/fr\/wp-json\/wp\/v2\/types\/product"}],"replies":[{"embeddable":true,"href":"https:\/\/buymodafinilonline.com\/fr\/wp-json\/wp\/v2\/comments?post=408482"}],"wp:featuredmedia":[{"embeddable":true,"href":"https:\/\/buymodafinilonline.com\/fr\/wp-json\/wp\/v2\/media\/426126"}],"wp:attachment":[{"href":"https:\/\/buymodafinilonline.com\/fr\/wp-json\/wp\/v2\/media?parent=408482"}],"wp:term":[{"taxonomy":"product_brand","embeddable":true,"href":"https:\/\/buymodafinilonline.com\/fr\/wp-json\/wp\/v2\/product_brand?post=408482"},{"taxonomy":"product_cat","embeddable":true,"href":"https:\/\/buymodafinilonline.com\/fr\/wp-json\/wp\/v2\/product_cat?post=408482"},{"taxonomy":"product_tag","embeddable":true,"href":"https:\/\/buymodafinilonline.com\/fr\/wp-json\/wp\/v2\/product_tag?post=408482"}],"curies":[{"name":"wp","href":"https:\/\/api.w.org\/{rel}","templated":true}]}}