{"id":408672,"date":"2020-04-18T19:42:15","date_gmt":"2020-11-08T16:11:14","guid":{"rendered":"https:\/\/buymodafinilonline.com\/smart-drugs\/mofy-200-mg\/"},"modified":"2025-04-25T10:33:04","modified_gmt":"2025-04-25T09:33:04","slug":"mofy-200-mg","status":"publish","type":"product","link":"https:\/\/buymodafinilonline.com\/fr\/medicaments-intelligents\/mofy-200-mg\/","title":{"rendered":"Mofy 200 MG"},"content":{"rendered":"[vc_column width=&#8221;1\/2&#8243;]\n<div class=\"su-divider su-divider-style-default\" style=\"margin:10px 0;border-width:3px;border-color:#ffffff00\"><a href=\"#\" style=\"color:#ffffff009\">.<\/a><\/div>\n<h2>Qu&#8217;est-ce que Mofy 200 mg?<\/h2>\n<div class=\"su-divider su-divider-style-default\" style=\"margin:10px 0;border-width:3px;border-color:#ffffff00\"><a href=\"#\" style=\"color:#ffffff009\">.<\/a><\/div>\nMofy 200 mg contient<a href=\"https:\/\/buymodafinilonline.com\/fr\/la-verite-sur-le-modafinil\/\"> modafinil<\/a> , il s&#8217;agit d&#8217;un m\u00e9dicament s\u00fbr approuv\u00e9 comme rem\u00e8de \u00e0 divers probl\u00e8mes de troubles du sommeil dus au trouble du sommeil au travail par \u00e9quipes (SWSD), au syndrome d&#8217;apn\u00e9e \/ hypopn\u00e9e obstructive du sommeil (SAOS) et \u00e0 la narcolepsie.<\/p>\n<p>Ce m\u00e9dicament est tr\u00e8s efficace pour aider le patient \u00e0 rester \u00e9veill\u00e9 pendant la journ\u00e9e et r\u00e9duit la tendance \u00e0 s&#8217;endormir pendant le travail de nuit. Outre cette approbation de la Food and Drug Administration (FDA), ce m\u00e9dicament est \u00e9galement largement utilis\u00e9 hors AMM pour traiter plusieurs autres probl\u00e8mes de sant\u00e9 tels que le trouble d&#8217;hyperactivit\u00e9 avec d\u00e9ficit de l&#8217;attention (TDAH), la d\u00e9pression, le d\u00e9calage horaire, la perte de m\u00e9moire chez les patients atteints de la maladie d&#8217;Alzheimer et cognitifs. d\u00e9ficience, etc.<\/p>\n<p>Une fois ing\u00e9r\u00e9, le m\u00e9canisme Mofy r\u00e9tablit efficacement le cycle de sommeil normal car il module la concentration de messagers chimiques dans le cerveau, comme l&#8217;augmentation de la recapture de la dopamine, de l&#8217;histamine et de l&#8217;orexine. En faisant cela, le modafinil exerce un effet stimulant pour r\u00e9duire la somnolence extr\u00eame et en augmentant les niveaux de dopamine, il r\u00e9compense avec d&#8217;autres effets qui se traduisent par une fonction cognitive am\u00e9lior\u00e9e.<\/p>\n<p>En tant que m\u00e9dicament modafinil, Mofy est secr\u00e8tement utilis\u00e9 par les dirigeants d&#8217;entreprise, le personnel sportif, les \u00e9tudiants, les astronautes, les employ\u00e9s et les travailleurs des centres d&#8217;appels. Il am\u00e9liore la capacit\u00e9 de planifier et de prendre des d\u00e9cisions et a un effet positif sur l&#8217;apprentissage, la m\u00e9moire et la cr\u00e9ativit\u00e9.<\/p>\n<div class=\"su-divider su-divider-style-default\" style=\"margin:10px 0;border-width:3px;border-color:#ffffff00\"><a href=\"#\" style=\"color:#ffffff009\">.<\/a><\/div>\n<h2><strong>Dosage s\u00fbr et utilisation appropri\u00e9e<\/strong><\/h2>\n<div class=\"su-divider su-divider-style-default\" style=\"margin:10px 0;border-width:3px;border-color:#ffffff00\"><a href=\"#\" style=\"color:#ffffff009\">.<\/a><\/div>\nEn fonction de l&#8217;objectif du traitement, la pilule Mofy 200 mg est la dose quotidienne recommand\u00e9e. Il ne doit \u00eatre pris que conform\u00e9ment \u00e0 la prescription du m\u00e9decin et il est primordial de permettre \u00e0 votre m\u00e9decin d&#8217;\u00e9valuer votre sant\u00e9 pour d&#8217;\u00e9ventuels probl\u00e8mes de sant\u00e9.<\/p>\n<p>Mofy est sans danger s&#8217;il est pris par des personnes en bonne sant\u00e9 sans aucun probl\u00e8me de sant\u00e9 sous-jacent. Il est sans danger \u00e0 prendre avec ou sans nourriture, mais certains produits peuvent ralentir son taux d&#8217;absorption.<\/p>\n<p>Ne sautez aucune dose de Mofy et terminez le traitement complet m\u00eame si vous vous sentez mieux.<\/p>\n<p>N&#8217;arr\u00eatez pas le modafinil soudainement car cela pourrait aggraver vos sympt\u00f4mes. En cas de prise hors AMM, suivez les conseils du m\u00e9decin et lisez les informations compl\u00e8tes figurant sur la notice du m\u00e9dicament.<\/p>\n<div class=\"su-divider su-divider-style-default\" style=\"margin:10px 0;border-width:3px;border-color:#ffffff00\"><a href=\"#\" style=\"color:#ffffff009\">.<\/a><\/div>\n<h2><strong>Les effets secondaires possibles<\/strong><\/h2>\n<div class=\"su-divider su-divider-style-default\" style=\"margin:10px 0;border-width:3px;border-color:#ffffff00\"><a href=\"#\" style=\"color:#ffffff009\">.<\/a><\/div>\nMofy 200 mg est s\u00fbr et bien tol\u00e9r\u00e9. Cependant, des effets ind\u00e9sirables peuvent survenir chez certaines personnes. Certains effets n\u00e9gatifs sont de courte dur\u00e9e et s&#8217;estompent avec l&#8217;utilisation continue ou l&#8217;arr\u00eat (si cela persiste) de Mofy.<\/p>\n<p>Les effets secondaires courants comprennent les maux de t\u00eate, l&#8217;insomnie, les \u00e9tourdissements, les maux de dos, les naus\u00e9es, les maux d&#8217;estomac, la diarrh\u00e9e, la sensation d&#8217;anxi\u00e9t\u00e9 ou de nervosit\u00e9, le nez bouch\u00e9.<\/p>\n<p>Cela provoque m\u00eame de la somnolence et des \u00e9tourdissements, alors ne conduisez pas et ne faites rien qui n\u00e9cessite une concentration mentale tant que l&#8217;effet du m\u00e9dicament n&#8217;a pas disparu.<\/p>\n<p>Des effets n\u00e9gatifs rares mais plus graves peuvent inclure une hypersensibilit\u00e9, de la fi\u00e8vre et des frissons, de la confusion, des pens\u00e9es suicidaires, une fatigue et une faiblesse inhabituelles, des douleurs thoraciques.<\/p>\n<p>Il ne s&#8217;agit pas d&#8217;une liste compl\u00e8te des effets ind\u00e9sirables possibles. Veuillez consulter votre m\u00e9decin sp\u00e9cialiste si ces effets n\u00e9gatifs vous d\u00e9rangent ou ne disparaissent pas.<\/p>\n[\/vc_column][vc_column width=&#8221;1\/2&#8243;]\n<div class=\"su-divider su-divider-style-default\" style=\"margin:10px 0;border-width:3px;border-color:#ffffff00\"><a href=\"#\" style=\"color:#ffffff009\">.<\/a><\/div>\n<h2><strong>Contre-indications et mises en garde<\/strong><\/h2>\n<div class=\"su-divider su-divider-style-default\" style=\"margin:10px 0;border-width:3px;border-color:#ffffff00\"><a href=\"#\" style=\"color:#ffffff009\">.<\/a><\/div>\nLes eug\u00e9riques sont sans danger s&#8217;ils sont pris conform\u00e9ment \u00e0 la prescription et sans m\u00e9lange avec d&#8217;autres m\u00e9dicaments pouvant provoquer des interactions graves. Il est recommand\u00e9 de suivre les instructions d\u00e9crites sur la notice du m\u00e9dicament et de donner une liste compl\u00e8te des autres m\u00e9dicaments que vous utilisez \u00e0 votre m\u00e9decin sp\u00e9cialiste pour qu&#8217;il les \u00e9value.<\/p>\n<p>Les interactions possibles de Mofy avec d&#8217;autres m\u00e9dicaments comprennent:<\/p>\n<div class=\"su-divider su-divider-style-default\" style=\"margin:10px 0;border-width:3px;border-color:#ffffff00\"><a href=\"#\" style=\"color:#ffffff009\">.<\/a><\/div>\n<ul>\n<li>m\u00e9dicaments contraceptifs;<\/li>\n<li>Inhibiteurs de MAO;<\/li>\n<li>Stimulants du SNC;<\/li>\n<li>Substrats CYP3A4 \/ 5 et CYP2C19;<\/li>\n<li>warfarine et autres.<\/li>\n<\/ul>\n<div class=\"su-divider su-divider-style-default\" style=\"margin:10px 0;border-width:3px;border-color:#ffffff00\"><a href=\"#\" style=\"color:#ffffff009\">.<\/a><\/div>\nL&#8217;utilisation de Mofy 200 mg n&#8217;est pas recommand\u00e9e chez les patients et les personnes en bonne sant\u00e9 allergiques au modafinil ou \u00e0 tout m\u00e9dicament nootropique. En cas d&#8217;allergie \u00e0 certains m\u00e9dicaments, la prise de modafinil peut manifester des signes d&#8217;une r\u00e9action allergique grave. Il est recommand\u00e9 aux femmes enceintes ou qui allaitent de ne pas utiliser les m\u00e9dicaments Mofy sauf si n\u00e9cessaire. Les risques et les avantages doivent \u00eatre discut\u00e9s avec un m\u00e9decin sp\u00e9cialiste avant de prendre ce m\u00e9dicament.<\/p>\n<p>Par mesure de pr\u00e9caution, il n&#8217;est pas recommand\u00e9 de prendre le m\u00e9dicament Mofy sous l&#8217;influence de l&#8217;alcool. Cela peut augmenter le risque d&#8217;effets n\u00e9gatifs tels que des troubles du jugement, des \u00e9tourdissements et de la somnolence, entre autres effets n\u00e9gatifs sans pr\u00e9c\u00e9dent.<\/p>\n<p>Informez un m\u00e9decin sp\u00e9cialiste si vous ressentez des pens\u00e9es suicidaires, une d\u00e9pression nouvelle ou qui s&#8217;aggrave, ou si vous d\u00e9veloppez des changements inhabituels d&#8217;humeur ou de comportement, entre autres, pendant que vous \u00eates sous ce m\u00e9dicament.<\/p>\n<div class=\"su-divider su-divider-style-default\" style=\"margin:10px 0;border-width:3px;border-color:#ffffff00\"><a href=\"#\" style=\"color:#ffffff009\">.<\/a><\/div>\n<h2><strong>G\u00e9n\u00e9rique Mofy 200mg (Modafinil) en ligne<\/strong><\/h2>\n<div class=\"su-divider su-divider-style-default\" style=\"margin:10px 0;border-width:3px;border-color:#ffffff00\"><a href=\"#\" style=\"color:#ffffff009\">.<\/a><\/div>\nLes g\u00e9n\u00e9riques Modafinil sont authentiques et extr\u00eamement bon march\u00e9 dans la pharmacie \u00e9lectronique BuyModafinilOnline. Nous nous approvisionnons en \u00abm\u00e9dicaments intelligents\u00bb aupr\u00e8s de fabricants agr\u00e9\u00e9s et les proposons au co\u00fbt de fabrication.<a href=\"https:\/\/buymodafinilonline.com\/smart-drugs-bestsellers\/\"> Top nootropiques<\/a> sont disponibles \u00e0 la vente dans notre e-pharmacie.<\/p>\n<p>Au mieux, nous proposons \u00e9galement<a href=\"https:\/\/buymodafinilonline.com\/free-trial\/\"> \u00e9chantillons d&#8217;essai gratuits<\/a> du modafinil et de l&#8217;armodafinil pour tester la s\u00e9curit\u00e9 et l&#8217;efficacit\u00e9 des m\u00e9dicaments que nous proposons. Nous ne traitons qu&#8217;avec les meilleurs produits pharmaceutiques de confiance.<\/p>\n<p>Obtenez facilement et l\u00e9galement Mofy 200 mg ou tout autre nootropique<a href=\"https:\/\/buymodafinilonline.com\/fr\/medicaments-intelligents\/modalert-200-mg\/\">(Modalert<\/a>, <a href=\"https:\/\/buymodafinilonline.com\/fr\/medicaments-intelligents\/modafil-md-200-mg-par-voie-sublinguale\/\">Modafil MD<\/a>, <a href=\"https:\/\/buymodafinilonline.com\/fr\/medicaments-intelligents\/modvigil-200-mg\/\">Modvigil<\/a>, <a href=\"https:\/\/buymodafinilonline.com\/fr\/medicaments-intelligents\/artvigil-150-mg\/\">Artvigil<\/a>, <a href=\"https:\/\/buymodafinilonline.com\/fr\/medicaments-intelligents\/waklert-150-mg-tablets\/\">Waklert<\/a>, etc.) sur notre e-pharmacie en vente libre (sans ordonnance). Les <a href=\"https:\/\/buymodafinilonline.com\/smart-drugs-brands\/\">comprim\u00e9s de modafinil &amp; armodafinil de haute qualit\u00e9<\/a> que nous vous proposons sont le meilleur moyen d&#8217;\u00e9conomiser plus d&#8217;argent en utilisant des <a href=\"https:\/\/buymodafinilonline.com\/coupons-deals-promo-codes\/\">coupons, des deals &amp; codes promo<\/a> et des r\u00e9ductions.<\/p>\n<p>Nous exp\u00e9dions dans le monde entier et nous vous permettons de d\u00e9couvrir notre<a href=\"https:\/\/buymodafinilonline.com\/fr\/meilleur-fournisseur-france\/\"> exp\u00e9dition ultra-rapide exclusive<\/a> avec livraison gratuite sur les commandes de plus de 80 $ si vous utilisez la poste a\u00e9rienne enregistr\u00e9e ou obtenez la livraison express gratuite sur toutes les commandes de plus de 150 $.<\/p>\n<p>En cas d&#8217;\u00e9chec de la livraison, ne vous inqui\u00e9tez pas! Nous offrons un<a href=\"https:\/\/buymodafinilonline.com\/refund-reshipment\/\"> Remboursement \u00e0 100%<\/a> ou vous donner une autre r\u00e9exp\u00e9dition gratuite. Vous n&#8217;avez rien \u00e0 perdre de notre e-pharmacie modafinil en ligne.<\/p>\n<p>Notre pharmacie est hautement s\u00e9curis\u00e9e avec un certificat SSL. Nous proposons d&#8217;excellentes options de paiement, notamment<a href=\"https:\/\/buymodafinilonline.com\/fr\/payez-avec-des-bitcoins\/\"> Bitcoin<\/a> (BTC), PayPal et les principales cartes de cr\u00e9dit. Economisez 23% sur votre co\u00fbt total en payant en BTC ! Plus vous achetez de comprim\u00e9s, plus le prix est bas!<\/p>\n<div class=\"su-divider su-divider-style-default\" style=\"margin:10px 0;border-width:3px;border-color:#ffffff00\"><a href=\"#\" style=\"color:#ffffff009\">.<\/a><\/div>\n[\/vc_column]\n<div class=\"su-divider su-divider-style-default\" style=\"margin:10px 0;border-width:3px;border-color:#ffffff00\"><a href=\"#\" style=\"color:#ffffff009\">.<\/a><\/div>\n","protected":false},"excerpt":{"rendered":"<p>Achetez les comprim\u00e9s de Mofy 200 mg dans notre pharmacie car nous les achetons aupr\u00e8s du fabricant de Bondane Pharma &#8211; en Inde. Ce m\u00e9dicament est couramment utilis\u00e9 pour traiter la somnolence diurne excessive. Les personnes en bonne sant\u00e9 le popularisent largement en tant qu&#8217;am\u00e9liorateur de productivit\u00e9 et de cognition. Mofy contient du modafinil comme ingr\u00e9dient actif. Dans notre e-pharmacie, vous pouvez obtenir ce nootropique au meilleur prix au co\u00fbt de fabrication.<\/p>\n[sc name=\"s1\"]\n","protected":false},"featured_media":398202,"comment_status":"open","ping_status":"closed","template":"","meta":{"_acf_changed":false},"product_brand":[],"product_cat":[3785],"product_tag":[3850],"class_list":{"0":"post-408672","1":"product","2":"type-product","3":"status-publish","4":"has-post-thumbnail","6":"product_cat-marques-medicaments-intelligents","7":"product_tag-modafinil-fr","9":"first","10":"instock","11":"sale","12":"shipping-taxable","13":"purchasable","14":"product-type-variable","15":"has-default-attributes"},"acf":[],"yoast_head":"<!-- This site is optimized with the Yoast SEO Premium plugin v23.6 (Yoast SEO v27.3) - https:\/\/yoast.com\/product\/yoast-seo-premium-wordpress\/ -->\n<title>Acheter des m\u00e9dicaments Mofy 200 MG (Modafinil) bon march\u00e9 en vente libre - BuyModafinilOnline<\/title>\n<meta name=\"description\" content=\"Achetez des comprim\u00e9s de Mofy 200 mg en ligne aupr\u00e8s du fabricant Bondane Pharma. Achetez Mofy 200mg (modafinil) en vente libre \u00e0 la pharmacie BuyModafinilOnline. Payez avec Bitcoin - \u00e9conomisez 23% !\" \/>\n<meta name=\"robots\" content=\"index, follow, max-snippet:-1, max-image-preview:large, max-video-preview:-1\" \/>\n<link rel=\"canonical\" href=\"https:\/\/buymodafinilonline.com\/fr\/medicaments-intelligents\/mofy-200-mg\/\" \/>\n<meta property=\"og:locale\" content=\"fr_FR\" \/>\n<meta property=\"og:type\" content=\"article\" \/>\n<meta property=\"og:title\" content=\"Mofy 200 MG\" \/>\n<meta property=\"og:description\" content=\"Achetez des comprim\u00e9s de Mofy 200 mg en ligne aupr\u00e8s du fabricant Bondane Pharma. Achetez Mofy 200mg (modafinil) en vente libre \u00e0 la pharmacie BuyModafinilOnline. Payez avec Bitcoin - \u00e9conomisez 23% !\" \/>\n<meta property=\"og:url\" content=\"https:\/\/buymodafinilonline.com\/fr\/medicaments-intelligents\/mofy-200-mg\/\" \/>\n<meta property=\"og:site_name\" content=\"BuyModafinilOnline.com\" \/>\n<meta property=\"article:modified_time\" content=\"2025-04-25T09:33:04+00:00\" \/>\n<meta property=\"og:image\" content=\"https:\/\/buymodafinilonline.com\/wp-content\/uploads\/2020\/04\/bmo-product-mofy-200-mg.png\" \/>\n\t<meta property=\"og:image:width\" content=\"1280\" \/>\n\t<meta property=\"og:image:height\" content=\"1500\" \/>\n\t<meta property=\"og:image:type\" content=\"image\/png\" \/>\n<meta name=\"twitter:label1\" content=\"Dur\u00e9e de lecture estim\u00e9e\" \/>\n\t<meta name=\"twitter:data1\" content=\"6 minutes\" \/>\n<script type=\"application\/ld+json\" class=\"yoast-schema-graph\">{\"@context\":\"https:\\\/\\\/schema.org\",\"@graph\":[{\"@type\":\"WebPage\",\"@id\":\"https:\\\/\\\/buymodafinilonline.com\\\/fr\\\/medicaments-intelligents\\\/mofy-200-mg\\\/\",\"url\":\"https:\\\/\\\/buymodafinilonline.com\\\/fr\\\/medicaments-intelligents\\\/mofy-200-mg\\\/\",\"name\":\"Acheter des m\u00e9dicaments Mofy 200 MG (Modafinil) bon march\u00e9 en vente libre - BuyModafinilOnline\",\"isPartOf\":{\"@id\":\"https:\\\/\\\/buymodafinilonline.com\\\/fr\\\/#website\"},\"primaryImageOfPage\":{\"@id\":\"https:\\\/\\\/buymodafinilonline.com\\\/fr\\\/medicaments-intelligents\\\/mofy-200-mg\\\/#primaryimage\"},\"image\":{\"@id\":\"https:\\\/\\\/buymodafinilonline.com\\\/fr\\\/medicaments-intelligents\\\/mofy-200-mg\\\/#primaryimage\"},\"thumbnailUrl\":\"https:\\\/\\\/buymodafinilonline.com\\\/wp-content\\\/uploads\\\/2020\\\/04\\\/bmo-product-mofy-200-mg.png\",\"datePublished\":\"2020-11-08T16:11:14+00:00\",\"dateModified\":\"2025-04-25T09:33:04+00:00\",\"description\":\"Achetez des comprim\u00e9s de Mofy 200 mg en ligne aupr\u00e8s du fabricant Bondane Pharma. Achetez Mofy 200mg (modafinil) en vente libre \u00e0 la pharmacie BuyModafinilOnline. Payez avec Bitcoin - \u00e9conomisez 23% !\",\"breadcrumb\":{\"@id\":\"https:\\\/\\\/buymodafinilonline.com\\\/fr\\\/medicaments-intelligents\\\/mofy-200-mg\\\/#breadcrumb\"},\"inLanguage\":\"fr-FR\",\"potentialAction\":[{\"@type\":\"ReadAction\",\"target\":[\"https:\\\/\\\/buymodafinilonline.com\\\/fr\\\/medicaments-intelligents\\\/mofy-200-mg\\\/\"]}]},{\"@type\":\"ImageObject\",\"inLanguage\":\"fr-FR\",\"@id\":\"https:\\\/\\\/buymodafinilonline.com\\\/fr\\\/medicaments-intelligents\\\/mofy-200-mg\\\/#primaryimage\",\"url\":\"https:\\\/\\\/buymodafinilonline.com\\\/wp-content\\\/uploads\\\/2020\\\/04\\\/bmo-product-mofy-200-mg.png\",\"contentUrl\":\"https:\\\/\\\/buymodafinilonline.com\\\/wp-content\\\/uploads\\\/2020\\\/04\\\/bmo-product-mofy-200-mg.png\",\"width\":1280,\"height\":1500,\"caption\":\"Mofy 200 mg\"},{\"@type\":\"BreadcrumbList\",\"@id\":\"https:\\\/\\\/buymodafinilonline.com\\\/fr\\\/medicaments-intelligents\\\/mofy-200-mg\\\/#breadcrumb\",\"itemListElement\":[{\"@type\":\"ListItem\",\"position\":1,\"name\":\"Buy Modafinil Online\",\"item\":\"https:\\\/\\\/buymodafinilonline.com\\\/fr\\\/\"},{\"@type\":\"ListItem\",\"position\":2,\"name\":\"Boutique\",\"item\":\"https:\\\/\\\/buymodafinilonline.com\\\/fr\\\/boutique\\\/\"},{\"@type\":\"ListItem\",\"position\":3,\"name\":\"Marques de m\u00e9dicaments intelligents\",\"item\":\"https:\\\/\\\/buymodafinilonline.com\\\/fr\\\/categorie-de-produit\\\/marques-medicaments-intelligents\\\/\"},{\"@type\":\"ListItem\",\"position\":4,\"name\":\"Mofy 200 MG\"}]},{\"@type\":\"WebSite\",\"@id\":\"https:\\\/\\\/buymodafinilonline.com\\\/fr\\\/#website\",\"url\":\"https:\\\/\\\/buymodafinilonline.com\\\/fr\\\/\",\"name\":\"BuyModafinilOnline.com\",\"description\":\"Modafinil Online Pharmacy\",\"publisher\":{\"@id\":\"https:\\\/\\\/buymodafinilonline.com\\\/fr\\\/#organization\"},\"potentialAction\":[{\"@type\":\"SearchAction\",\"target\":{\"@type\":\"EntryPoint\",\"urlTemplate\":\"https:\\\/\\\/buymodafinilonline.com\\\/fr\\\/?s={search_term_string}\"},\"query-input\":{\"@type\":\"PropertyValueSpecification\",\"valueRequired\":true,\"valueName\":\"search_term_string\"}}],\"inLanguage\":\"fr-FR\"},{\"@type\":\"Organization\",\"@id\":\"https:\\\/\\\/buymodafinilonline.com\\\/fr\\\/#organization\",\"name\":\"BuyModafinilOnline\",\"url\":\"https:\\\/\\\/buymodafinilonline.com\\\/fr\\\/\",\"logo\":{\"@type\":\"ImageObject\",\"inLanguage\":\"fr-FR\",\"@id\":\"https:\\\/\\\/buymodafinilonline.com\\\/fr\\\/#\\\/schema\\\/logo\\\/image\\\/\",\"url\":\"https:\\\/\\\/buymodafinilonline.com\\\/wp-content\\\/uploads\\\/2020\\\/04\\\/logo-buy-modafinil-online-yellow.png\",\"contentUrl\":\"https:\\\/\\\/buymodafinilonline.com\\\/wp-content\\\/uploads\\\/2020\\\/04\\\/logo-buy-modafinil-online-yellow.png\",\"width\":200,\"height\":200,\"caption\":\"BuyModafinilOnline\"},\"image\":{\"@id\":\"https:\\\/\\\/buymodafinilonline.com\\\/fr\\\/#\\\/schema\\\/logo\\\/image\\\/\"}}]}<\/script>\n<!-- \/ Yoast SEO Premium plugin. -->","yoast_head_json":{"title":"Acheter des m\u00e9dicaments Mofy 200 MG (Modafinil) bon march\u00e9 en vente libre - BuyModafinilOnline","description":"Achetez des comprim\u00e9s de Mofy 200 mg en ligne aupr\u00e8s du fabricant Bondane Pharma. Achetez Mofy 200mg (modafinil) en vente libre \u00e0 la pharmacie BuyModafinilOnline. Payez avec Bitcoin - \u00e9conomisez 23% !","robots":{"index":"index","follow":"follow","max-snippet":"max-snippet:-1","max-image-preview":"max-image-preview:large","max-video-preview":"max-video-preview:-1"},"canonical":"https:\/\/buymodafinilonline.com\/fr\/medicaments-intelligents\/mofy-200-mg\/","og_locale":"fr_FR","og_type":"article","og_title":"Mofy 200 MG","og_description":"Achetez des comprim\u00e9s de Mofy 200 mg en ligne aupr\u00e8s du fabricant Bondane Pharma. Achetez Mofy 200mg (modafinil) en vente libre \u00e0 la pharmacie BuyModafinilOnline. Payez avec Bitcoin - \u00e9conomisez 23% !","og_url":"https:\/\/buymodafinilonline.com\/fr\/medicaments-intelligents\/mofy-200-mg\/","og_site_name":"BuyModafinilOnline.com","article_modified_time":"2025-04-25T09:33:04+00:00","og_image":[{"width":1280,"height":1500,"url":"https:\/\/buymodafinilonline.com\/wp-content\/uploads\/2020\/04\/bmo-product-mofy-200-mg.png","type":"image\/png"}],"twitter_misc":{"Dur\u00e9e de lecture estim\u00e9e":"6 minutes"},"schema":{"@context":"https:\/\/schema.org","@graph":[{"@type":"WebPage","@id":"https:\/\/buymodafinilonline.com\/fr\/medicaments-intelligents\/mofy-200-mg\/","url":"https:\/\/buymodafinilonline.com\/fr\/medicaments-intelligents\/mofy-200-mg\/","name":"Acheter des m\u00e9dicaments Mofy 200 MG (Modafinil) bon march\u00e9 en vente libre - BuyModafinilOnline","isPartOf":{"@id":"https:\/\/buymodafinilonline.com\/fr\/#website"},"primaryImageOfPage":{"@id":"https:\/\/buymodafinilonline.com\/fr\/medicaments-intelligents\/mofy-200-mg\/#primaryimage"},"image":{"@id":"https:\/\/buymodafinilonline.com\/fr\/medicaments-intelligents\/mofy-200-mg\/#primaryimage"},"thumbnailUrl":"https:\/\/buymodafinilonline.com\/wp-content\/uploads\/2020\/04\/bmo-product-mofy-200-mg.png","datePublished":"2020-11-08T16:11:14+00:00","dateModified":"2025-04-25T09:33:04+00:00","description":"Achetez des comprim\u00e9s de Mofy 200 mg en ligne aupr\u00e8s du fabricant Bondane Pharma. Achetez Mofy 200mg (modafinil) en vente libre \u00e0 la pharmacie BuyModafinilOnline. Payez avec Bitcoin - \u00e9conomisez 23% !","breadcrumb":{"@id":"https:\/\/buymodafinilonline.com\/fr\/medicaments-intelligents\/mofy-200-mg\/#breadcrumb"},"inLanguage":"fr-FR","potentialAction":[{"@type":"ReadAction","target":["https:\/\/buymodafinilonline.com\/fr\/medicaments-intelligents\/mofy-200-mg\/"]}]},{"@type":"ImageObject","inLanguage":"fr-FR","@id":"https:\/\/buymodafinilonline.com\/fr\/medicaments-intelligents\/mofy-200-mg\/#primaryimage","url":"https:\/\/buymodafinilonline.com\/wp-content\/uploads\/2020\/04\/bmo-product-mofy-200-mg.png","contentUrl":"https:\/\/buymodafinilonline.com\/wp-content\/uploads\/2020\/04\/bmo-product-mofy-200-mg.png","width":1280,"height":1500,"caption":"Mofy 200 mg"},{"@type":"BreadcrumbList","@id":"https:\/\/buymodafinilonline.com\/fr\/medicaments-intelligents\/mofy-200-mg\/#breadcrumb","itemListElement":[{"@type":"ListItem","position":1,"name":"Buy Modafinil Online","item":"https:\/\/buymodafinilonline.com\/fr\/"},{"@type":"ListItem","position":2,"name":"Boutique","item":"https:\/\/buymodafinilonline.com\/fr\/boutique\/"},{"@type":"ListItem","position":3,"name":"Marques de m\u00e9dicaments intelligents","item":"https:\/\/buymodafinilonline.com\/fr\/categorie-de-produit\/marques-medicaments-intelligents\/"},{"@type":"ListItem","position":4,"name":"Mofy 200 MG"}]},{"@type":"WebSite","@id":"https:\/\/buymodafinilonline.com\/fr\/#website","url":"https:\/\/buymodafinilonline.com\/fr\/","name":"BuyModafinilOnline.com","description":"Modafinil Online Pharmacy","publisher":{"@id":"https:\/\/buymodafinilonline.com\/fr\/#organization"},"potentialAction":[{"@type":"SearchAction","target":{"@type":"EntryPoint","urlTemplate":"https:\/\/buymodafinilonline.com\/fr\/?s={search_term_string}"},"query-input":{"@type":"PropertyValueSpecification","valueRequired":true,"valueName":"search_term_string"}}],"inLanguage":"fr-FR"},{"@type":"Organization","@id":"https:\/\/buymodafinilonline.com\/fr\/#organization","name":"BuyModafinilOnline","url":"https:\/\/buymodafinilonline.com\/fr\/","logo":{"@type":"ImageObject","inLanguage":"fr-FR","@id":"https:\/\/buymodafinilonline.com\/fr\/#\/schema\/logo\/image\/","url":"https:\/\/buymodafinilonline.com\/wp-content\/uploads\/2020\/04\/logo-buy-modafinil-online-yellow.png","contentUrl":"https:\/\/buymodafinilonline.com\/wp-content\/uploads\/2020\/04\/logo-buy-modafinil-online-yellow.png","width":200,"height":200,"caption":"BuyModafinilOnline"},"image":{"@id":"https:\/\/buymodafinilonline.com\/fr\/#\/schema\/logo\/image\/"}}]}},"_links":{"self":[{"href":"https:\/\/buymodafinilonline.com\/fr\/wp-json\/wp\/v2\/product\/408672","targetHints":{"allow":["GET"]}}],"collection":[{"href":"https:\/\/buymodafinilonline.com\/fr\/wp-json\/wp\/v2\/product"}],"about":[{"href":"https:\/\/buymodafinilonline.com\/fr\/wp-json\/wp\/v2\/types\/product"}],"replies":[{"embeddable":true,"href":"https:\/\/buymodafinilonline.com\/fr\/wp-json\/wp\/v2\/comments?post=408672"}],"wp:featuredmedia":[{"embeddable":true,"href":"https:\/\/buymodafinilonline.com\/fr\/wp-json\/wp\/v2\/media\/398202"}],"wp:attachment":[{"href":"https:\/\/buymodafinilonline.com\/fr\/wp-json\/wp\/v2\/media?parent=408672"}],"wp:term":[{"taxonomy":"product_brand","embeddable":true,"href":"https:\/\/buymodafinilonline.com\/fr\/wp-json\/wp\/v2\/product_brand?post=408672"},{"taxonomy":"product_cat","embeddable":true,"href":"https:\/\/buymodafinilonline.com\/fr\/wp-json\/wp\/v2\/product_cat?post=408672"},{"taxonomy":"product_tag","embeddable":true,"href":"https:\/\/buymodafinilonline.com\/fr\/wp-json\/wp\/v2\/product_tag?post=408672"}],"curies":[{"name":"wp","href":"https:\/\/api.w.org\/{rel}","templated":true}]}}