{"id":408741,"date":"2020-03-23T22:29:33","date_gmt":"2020-11-08T16:11:42","guid":{"rendered":"https:\/\/buymodafinilonline.com\/smart-drugs\/modafresh-200-mg\/"},"modified":"2025-04-24T11:10:35","modified_gmt":"2025-04-24T10:10:35","slug":"modafresh-200-mg-comprimes","status":"publish","type":"product","link":"https:\/\/buymodafinilonline.com\/fr\/medicaments-intelligents\/modafresh-200-mg-comprimes\/","title":{"rendered":"Modafresh 200 mg"},"content":{"rendered":"[vc_column width=&#8221;1\/2&#8243;]\n<div class=\"su-divider su-divider-style-default\" style=\"margin:10px 0;border-width:3px;border-color:#ffffff00\"><a href=\"#\" style=\"color:#ffffff009\">.<\/a><\/div>\n<h2>Qu&#8217;est-ce que Modafresh 200 mg?<\/h2>\n<div class=\"su-divider su-divider-style-default\" style=\"margin:10px 0;border-width:3px;border-color:#ffffff00\"><a href=\"#\" style=\"color:#ffffff009\">.<\/a><\/div>\nModafresh est l&#8217;une des derni\u00e8res versions g\u00e9n\u00e9riques de modafinil introduites sur le march\u00e9. Il se pr\u00e9sente sous la forme d&#8217;un comprim\u00e9 contenant des doses de 100 ou 200 mg des constituants actifs habituellement appel\u00e9s S- et R-modafinil.<\/p>\n<p>C&#8217;est un m\u00e9dicament efficace ayant les m\u00eames effets que la version de marque &#8211; Provigil\u00ae by Cephalon Inc.<\/p>\n<p>Ce m\u00e9dicament est prescrit pour traiter les probl\u00e8mes de sant\u00e9 li\u00e9s au sommeil tels que la narcolepsie, l&#8217;apn\u00e9e obstructive du sommeil, la somnolence diurne excessive, l&#8217;hypersomnie idiopathique, les troubles du sommeil au travail par \u00e9quipes et d&#8217;autres conditions.<\/p>\n<p>Les m\u00e9decins peuvent \u00e9galement prescrire Modafresh 200 mg aux personnes souffrant de TDA \/ TDAH en raison de sa capacit\u00e9 \u00e0 am\u00e9liorer la concentration, la concentration et \u00e0 restaurer l&#8217;\u00e9tat de veille.<\/p>\n<div class=\"su-divider su-divider-style-default\" style=\"margin:10px 0;border-width:3px;border-color:#ffffff00\"><a href=\"#\" style=\"color:#ffffff009\">.<\/a><\/div>\n<h2>Comment fonctionnent les tablettes<\/h2>\n<div class=\"su-divider su-divider-style-default\" style=\"margin:10px 0;border-width:3px;border-color:#ffffff00\"><a href=\"#\" style=\"color:#ffffff009\">.<\/a><\/div>\nModafresh est un m\u00e9dicament tr\u00e8s efficace qui agit en stimulant la lib\u00e9ration de produits chimiques dans le cerveau qui favorisent l&#8217;\u00e9veil. Il est g\u00e9n\u00e9ralement connu comme un agent favorisant l&#8217;\u00e9veil. Son m\u00e9canisme d&#8217;action exact n&#8217;est pas enti\u00e8rement compris.<\/p>\n<p>Cependant, les scientifiques d\u00e9crivent qu&#8217;il s&#8217;agit d&#8217;un m\u00e9dicament puissant qui agit en augmentant la quantit\u00e9 de dopamine (un neurotransmetteur chimique que les nerfs du cerveau utilisent pour communiquer entre eux). Il inhibe les autres nerfs et substances responsables de l&#8217;absorption d&#8217;une plus grande quantit\u00e9 de dopamine dans le corps &#8211; conduisant \u00e0 des conditions de sommeil.<\/p>\n<p>Modafresh 200 mg agit en r\u00e9duisant la recapture de la dopamine dans les nerfs, favorisant ainsi la fonction c\u00e9r\u00e9brale en ce qui concerne l&#8217;\u00e9veil et les effets am\u00e9liorant la fonction cognitive.<\/p>\n<p>L&#8217;objectif ultime de ce m\u00e9dicament est de promouvoir l&#8217;\u00e9veil dans le cerveau et d&#8217;autres fonctions cognitives telles que la promotion de l&#8217;acuit\u00e9 mentale et le traitement, l&#8217;am\u00e9lioration de la concentration, la motivation et l&#8217;\u00e9nergie.<\/p>\n<div class=\"su-divider su-divider-style-default\" style=\"margin:10px 0;border-width:3px;border-color:#ffffff00\"><a href=\"#\" style=\"color:#ffffff009\">.<\/a><\/div>\n<h2>Dosage s\u00fbr et utilisation appropri\u00e9e<\/h2>\n<div class=\"su-divider su-divider-style-default\" style=\"margin:10px 0;border-width:3px;border-color:#ffffff00\"><a href=\"#\" style=\"color:#ffffff009\">.<\/a><\/div>\nModafresh comme toutes les versions g\u00e9n\u00e9riques de modafinil arrive g\u00e9n\u00e9ralement sur le march\u00e9 avec diff\u00e9rentes doses telles que Modafresh 100 mg et 200 mg. La posologie quotidienne maximale de Modafresh est de 200 mg. Il doit \u00eatre pris t\u00f4t le matin s&#8217;il est prescrit comme rem\u00e8de aux probl\u00e8mes de sant\u00e9 li\u00e9s au sommeil.<\/p>\n<p>La variation posologique est due \u00e0 la r\u00e9ponse individuelle \u00e0 l&#8217;efficacit\u00e9 et \u00e0 la tol\u00e9rance du m\u00e9dicament. Certaines personnes sont stables en augmentant la dose \u00e0 200 mg ou en la r\u00e9duisant \u00e0 100 mg ou moins.<\/p>\n<p>Si vous l&#8217;utilisez \u00e0 des fins non conformes, prenez-le comme recommand\u00e9 par un m\u00e9decin sp\u00e9cialiste. Cependant, la posologie s\u00fbre ne doit pas \u00eatre auto-trait\u00e9e. Une consultation m\u00e9dicale aide \u00e0 \u00e9valuer la sant\u00e9 individuelle afin de pr\u00e9venir d&#8217;\u00e9ventuels effets secondaires d&#8217;interaction de la maladie ou des effets ind\u00e9sirables d&#8217;interaction m\u00e9dicamenteuse.<\/p>\n<p>Il est n\u00e9cessaire de rechercher des conseils posologiques s\u00fbrs en consultant un m\u00e9decin avant utilisation.<\/p>\n<div class=\"su-divider su-divider-style-default\" style=\"margin:10px 0;border-width:3px;border-color:#ffffff00\"><a href=\"#\" style=\"color:#ffffff009\">.<\/a><\/div>\n<h2>Les effets secondaires possibles<\/h2>\n<div class=\"su-divider su-divider-style-default\" style=\"margin:10px 0;border-width:3px;border-color:#ffffff00\"><a href=\"#\" style=\"color:#ffffff009\">.<\/a><\/div>\nLe modafinil est sans danger pour les personnes qui le prennent avec un corps en bonne sant\u00e9. Certains effets secondaires \u00abmineurs\u00bb peuvent survenir &#8211; qui disparaissent avec l&#8217;utilisation continue de m\u00e9dicaments.<\/p>\n<p>Les effets n\u00e9gatifs courants de Modafresh comprennent des maux de t\u00eate, des difficult\u00e9s \u00e0 dormir, des douleurs thoraciques, des naus\u00e9es, une bouche s\u00e8che, une perte d&#8217;app\u00e9tit, des maux d&#8217;estomac, une sensation de nervosit\u00e9, des vertiges, des sautes d&#8217;humeur.<\/p>\n<p>Des effets secondaires plus graves se produisent rarement, mais peuvent survenir chez certaines personnes. Ceux-ci comprennent des battements cardiaques irr\u00e9guliers, des vomissements, de l&#8217;urticaire, des d\u00e9mangeaisons cutan\u00e9es, des \u00e9ruptions cutan\u00e9es, des urines fonc\u00e9es, de la fi\u00e8vre.<\/p>\n<p>Ce n&#8217;est pas une liste compl\u00e8te. Certains effets secondaires peuvent \u00eatre graves et nocifs pour la sant\u00e9. Chaque fois que vous ressentez des signes \u00e9tranges, demandez rapidement une assistance m\u00e9dicale. Certaines personnes peuvent \u00e9galement rencontrer des hallucinations, des agressions, des pens\u00e9es suicidaires, entre autres.<\/p>\n[\/vc_column][vc_column width=&#8221;1\/2&#8243;]\n<div class=\"su-divider su-divider-style-default\" style=\"margin:10px 0;border-width:3px;border-color:#ffffff00\"><a href=\"#\" style=\"color:#ffffff009\">.<\/a><\/div>\n<h2>Contre-indications et mises en garde<\/h2>\n<div class=\"su-divider su-divider-style-default\" style=\"margin:10px 0;border-width:3px;border-color:#ffffff00\"><a href=\"#\" style=\"color:#ffffff009\">.<\/a><\/div>\nComme tout m\u00e9dicament puissant, il est n\u00e9cessaire de prendre les pr\u00e9cautions donn\u00e9es par un m\u00e9decin sp\u00e9cialiste ou de suivre les instructions d\u00e9crites sur la notice du m\u00e9dicament.<\/p>\n<p>Certaines interactions m\u00e9dicamenteuses peuvent \u00eatre graves et des pr\u00e9cautions suppl\u00e9mentaires sont n\u00e9cessaires. Modafresh interagit avec certains m\u00e9dicaments tels que:<\/p>\n<div class=\"su-divider su-divider-style-default\" style=\"margin:10px 0;border-width:3px;border-color:#ffffff00\"><a href=\"#\" style=\"color:#ffffff009\">.<\/a><\/div>\n<ul>\n<li>la cyclosporine (Sandimmune);<\/li>\n<li>les contraceptifs hormonaux (c&#8217;est-\u00e0-dire Micronor);<\/li>\n<li>K\u00e9toconazole (Nizoral);<\/li>\n<li>la th\u00e9ophylline (Theo-24);<\/li>\n<li>imipramine (Tofranil);<\/li>\n<li>et d&#8217;autres.<\/li>\n<\/ul>\n<div class=\"su-divider su-divider-style-default\" style=\"margin:10px 0;border-width:3px;border-color:#ffffff00\"><a href=\"#\" style=\"color:#ffffff009\">.<\/a><\/div>\nCe n&#8217;est pas une liste compl\u00e8te. Votre m\u00e9decin sp\u00e9cialiste doit \u00e9valuer tous les m\u00e9dicaments que vous utilisez et effectuer une analyse approfondie pour identifier certaines maladies que vous avez. Par exemple, des probl\u00e8mes cardiaques tels que:<\/p>\n<div class=\"su-divider su-divider-style-default\" style=\"margin:10px 0;border-width:3px;border-color:#ffffff00\"><a href=\"#\" style=\"color:#ffffff009\">.<\/a><\/div>\n<ul>\n<li>rythme cardiaque irr\u00e9gulier.<\/li>\n<li>probl\u00e8me de la valve mitrale;<\/li>\n<li>douleur thoracique;<\/li>\n<li>hypertrophie du coeur;<\/li>\n<li>crise cardiaque.<\/li>\n<\/ul>\n<div class=\"su-divider su-divider-style-default\" style=\"margin:10px 0;border-width:3px;border-color:#ffffff00\"><a href=\"#\" style=\"color:#ffffff009\">.<\/a><\/div>\nDe plus, ce m\u00e9dicament n&#8217;a pas \u00e9t\u00e9 suffisamment \u00e9tudi\u00e9 chez la femme enceinte. Et consulter un m\u00e9decin sp\u00e9cialiste avant l&#8217;allaitement est n\u00e9cessaire.<\/p>\n<p>Ne buvez pas d&#8217;alcool pendant que vous utilisez ce m\u00e9dicament. Aussi, n&#8217;arr\u00eatez pas le m\u00e9dicament soudainement car vous pouvez ressentir des sympt\u00f4mes de sevrage.<\/p>\n<p>La nourriture fonctionne bien avec ce type de m\u00e9dicament. Vous pouvez le prendre avec de la nourriture ou \u00e0 jeun.<\/p>\n<div class=\"su-divider su-divider-style-default\" style=\"margin:10px 0;border-width:3px;border-color:#ffffff00\"><a href=\"#\" style=\"color:#ffffff009\">.<\/a><\/div>\n<h2>Exp\u00e9rience consommateur<\/h2>\n<div class=\"su-divider su-divider-style-default\" style=\"margin:10px 0;border-width:3px;border-color:#ffffff00\"><a href=\"#\" style=\"color:#ffffff009\">.<\/a><\/div>\nLes gens ont recommand\u00e9 des m\u00e9dicaments qui fonctionnent bien et sans danger. Le modafinil est un m\u00e9dicament populaire approuv\u00e9 pour divers probl\u00e8mes de sant\u00e9 en raison de son efficacit\u00e9 et de sa tol\u00e9rabilit\u00e9. Son utilisation non conforme est \u00e9galement b\u00e9n\u00e9fique et aide les gens \u00e0 am\u00e9liorer leur cognition avec une productivit\u00e9 am\u00e9lior\u00e9e et \u00e0 accomplir les t\u00e2ches \u00e0 temps avec un excellent r\u00e9sultat.<\/p>\n<p>C&#8217;est pourquoi plusieurs personnes recommandent Modafresh 200 mg. C&#8217;est s\u00fbr et bien tol\u00e9rable. Il est pr\u00e9f\u00e9rable de prendre de faibles quantit\u00e9s pour un effet b\u00e9n\u00e9fique sur une utilisation \u00e0 long terme. Bien qu&#8217;aucune recherche prouv\u00e9e n&#8217;indique que ce m\u00e9dicament puisse cr\u00e9er une d\u00e9pendance, sa possibilit\u00e9 est \u00e9lev\u00e9e. Surtout, les personnes cherchant \u00e0 utiliser ce m\u00e9dicament ne devraient jamais le prendre sans consulter au pr\u00e9alable un m\u00e9decin sp\u00e9cialiste.<\/p>\n<div class=\"su-divider su-divider-style-default\" style=\"margin:10px 0;border-width:3px;border-color:#ffffff00\"><a href=\"#\" style=\"color:#ffffff009\">.<\/a><\/div>\n<h2>Acheter G\u00e9n\u00e9rique Modafresh 200mg (Modafinil) En Ligne<\/h2>\n<div class=\"su-divider su-divider-style-default\" style=\"margin:10px 0;border-width:3px;border-color:#ffffff00\"><a href=\"#\" style=\"color:#ffffff009\">.<\/a><\/div>\nNotez que de faux vendeurs peuvent exister en vendant du modafinil de mauvaise qualit\u00e9 ou de faux et d&#8217;autres m\u00e9dicaments en vente libre.<\/p>\n<p>Restez en s\u00e9curit\u00e9 en utilisant<a href=\"https:\/\/buymodafinilonline.com\/fr\/\"> AcheterModafinilEn ligne<\/a> . Il s&#8217;agit de l&#8217;ultime pharmacie en ligne qui propose diverses exp\u00e9riences de r\u00e9duction des prix, notamment des coupons, des r\u00e9ductions<a href=\"https:\/\/buymodafinilonline.com\/fr\/payez-avec-des-bitcoins\/\">(23 % de r\u00e9duction pour le paiement en bitcoins<\/a>), des coupons pour la r\u00e9daction d&#8217;un commentaire et un coupon de 25 $ pour un client qui revient.<\/p>\n<p>Aussi, ici, vous pouvez acheter un tel<a href=\"https:\/\/buymodafinilonline.com\/fr\/boutique\/\"> nootropiques populaires<\/a> , comme<a href=\"https:\/\/buymodafinilonline.com\/fr\/medicaments-intelligents\/modvigil-200-mg\/\"> Modvigil 200 mg<\/a> ,<a href=\"https:\/\/buymodafinilonline.com\/fr\/medicaments-intelligents\/vilafinil-200-mg-2\/\"> Vilafinil 200 mg<\/a> ,<a href=\"https:\/\/buymodafinilonline.com\/fr\/medicaments-intelligents\/artvigil-150-mg\/\"> Artvigil 150 mg<\/a> ,<a href=\"https:\/\/buymodafinilonline.com\/fr\/medicaments-intelligents\/modalert-200-mg\/\"> Modalert 200 mg<\/a> , etc. Le prix de Modafresh de cette pharmacie en ligne est extr\u00eamement bas. En outre, il s&#8217;approvisionne en m\u00e9dicaments aupr\u00e8s de fabricants approuv\u00e9s qui fabriquent des comprim\u00e9s de modafinil de qualit\u00e9 et s\u00fbrs.<\/p>\n<p>Et ce n&#8217;est pas tout!<a href=\"https:\/\/buymodafinilonline.com\/fr\/meilleur-fournisseur-france\/\"> L&#8217;exp\u00e9dition est dans le monde entier<\/a> &#8211; dans la plupart des pays, \u00e0 l&#8217;exception de quelques pays \u00e9num\u00e9r\u00e9s dans lesquels il ne livre pas. De plus, son exp\u00e9dition ultra-rapide est garantie. N\u00e9anmoins, dans certains cas, si un colis est perdu ou bloqu\u00e9 \u00e0 la douane, il offre une r\u00e9exp\u00e9dition gratuite ou une garantie de remboursement \u00e0 100%.[\/vc_column]\n<div class=\"su-divider su-divider-style-default\" style=\"margin:10px 0;border-width:3px;border-color:#ffffff00\"><a href=\"#\" style=\"color:#ffffff009\">.<\/a><\/div>\n","protected":false},"excerpt":{"rendered":"<p>Modafresh 200 mg est un m\u00e9dicament tr\u00e8s puissant prescrit pour favoriser l&#8217;\u00e9veil. Son utilisation non conforme est de stimuler la fonction cognitive avec de meilleurs effets sur le cerveau. Sa substance active est le modafinil et est un produit fabriqu\u00e9 par Sunrise Pharmaceuticals &#8211; une soci\u00e9t\u00e9 pharmaceutique am\u00e9ricaine. Acheter Modafresh 200 mg dans notre pharmacie vous co\u00fbte moins cher avec des m\u00e9dicaments authentiques et une livraison garantie.<\/p>\n[sc name=\"s1\"]\n","protected":false},"featured_media":408743,"comment_status":"open","ping_status":"closed","template":"","meta":{"_acf_changed":false},"product_brand":[],"product_cat":[3785],"product_tag":[3850],"class_list":{"0":"post-408741","1":"product","2":"type-product","3":"status-publish","4":"has-post-thumbnail","6":"product_cat-marques-medicaments-intelligents","7":"product_tag-modafinil-fr","9":"first","10":"instock","11":"sale","12":"shipping-taxable","13":"purchasable","14":"product-type-variable","15":"has-default-attributes"},"acf":[],"yoast_head":"<!-- This site is optimized with the Yoast SEO Premium plugin v23.6 (Yoast SEO v27.4) - https:\/\/yoast.com\/product\/yoast-seo-premium-wordpress\/ -->\n<title>Acheter Modafresh 200 mg (Modafinil) M\u00e9dicaments OTC - BuyModafinilOnline<\/title>\n<meta name=\"description\" content=\"Achetez des comprim\u00e9s Modafresh 200 mg pas chers en ligne sans Rx \u00e0 la pharmacie BuyModafinilOnline. Payez avec des Bitcoins et obtenez 23% de r\u00e9duction garantie sur l&#039;achat de m\u00e9dicaments Modafresh 200mg !\" \/>\n<meta name=\"robots\" content=\"index, follow, max-snippet:-1, max-image-preview:large, max-video-preview:-1\" \/>\n<link rel=\"canonical\" href=\"https:\/\/buymodafinilonline.com\/fr\/medicaments-intelligents\/modafresh-200-mg-comprimes\/\" \/>\n<meta property=\"og:locale\" content=\"fr_FR\" \/>\n<meta property=\"og:type\" content=\"article\" \/>\n<meta property=\"og:title\" content=\"Modafresh 200 mg\" \/>\n<meta property=\"og:description\" content=\"Achetez des comprim\u00e9s Modafresh 200 mg pas chers en ligne sans Rx \u00e0 la pharmacie BuyModafinilOnline. Payez avec des Bitcoins et obtenez 23% de r\u00e9duction garantie sur l&#039;achat de m\u00e9dicaments Modafresh 200mg !\" \/>\n<meta property=\"og:url\" content=\"https:\/\/buymodafinilonline.com\/fr\/medicaments-intelligents\/modafresh-200-mg-comprimes\/\" \/>\n<meta property=\"og:site_name\" content=\"BuyModafinilOnline.com\" \/>\n<meta property=\"article:modified_time\" content=\"2025-04-24T10:10:35+00:00\" \/>\n<meta property=\"og:image\" content=\"https:\/\/buymodafinilonline.com\/wp-content\/uploads\/2020\/04\/product-bmo-ModaFresh-1.png\" \/>\n\t<meta property=\"og:image:width\" content=\"1280\" \/>\n\t<meta property=\"og:image:height\" content=\"1500\" \/>\n\t<meta property=\"og:image:type\" content=\"image\/png\" \/>\n<meta name=\"twitter:label1\" content=\"Dur\u00e9e de lecture estim\u00e9e\" \/>\n\t<meta name=\"twitter:data1\" content=\"7 minutes\" \/>\n<script type=\"application\/ld+json\" class=\"yoast-schema-graph\">{\"@context\":\"https:\\\/\\\/schema.org\",\"@graph\":[{\"@type\":\"WebPage\",\"@id\":\"https:\\\/\\\/buymodafinilonline.com\\\/fr\\\/medicaments-intelligents\\\/modafresh-200-mg-comprimes\\\/\",\"url\":\"https:\\\/\\\/buymodafinilonline.com\\\/fr\\\/medicaments-intelligents\\\/modafresh-200-mg-comprimes\\\/\",\"name\":\"Acheter Modafresh 200 mg (Modafinil) M\u00e9dicaments OTC - BuyModafinilOnline\",\"isPartOf\":{\"@id\":\"https:\\\/\\\/buymodafinilonline.com\\\/fr\\\/#website\"},\"primaryImageOfPage\":{\"@id\":\"https:\\\/\\\/buymodafinilonline.com\\\/fr\\\/medicaments-intelligents\\\/modafresh-200-mg-comprimes\\\/#primaryimage\"},\"image\":{\"@id\":\"https:\\\/\\\/buymodafinilonline.com\\\/fr\\\/medicaments-intelligents\\\/modafresh-200-mg-comprimes\\\/#primaryimage\"},\"thumbnailUrl\":\"https:\\\/\\\/buymodafinilonline.com\\\/wp-content\\\/uploads\\\/2020\\\/04\\\/product-bmo-ModaFresh-1.png\",\"datePublished\":\"2020-11-08T16:11:42+00:00\",\"dateModified\":\"2025-04-24T10:10:35+00:00\",\"description\":\"Achetez des comprim\u00e9s Modafresh 200 mg pas chers en ligne sans Rx \u00e0 la pharmacie BuyModafinilOnline. Payez avec des Bitcoins et obtenez 23% de r\u00e9duction garantie sur l'achat de m\u00e9dicaments Modafresh 200mg !\",\"breadcrumb\":{\"@id\":\"https:\\\/\\\/buymodafinilonline.com\\\/fr\\\/medicaments-intelligents\\\/modafresh-200-mg-comprimes\\\/#breadcrumb\"},\"inLanguage\":\"fr-FR\",\"potentialAction\":[{\"@type\":\"ReadAction\",\"target\":[\"https:\\\/\\\/buymodafinilonline.com\\\/fr\\\/medicaments-intelligents\\\/modafresh-200-mg-comprimes\\\/\"]}]},{\"@type\":\"ImageObject\",\"inLanguage\":\"fr-FR\",\"@id\":\"https:\\\/\\\/buymodafinilonline.com\\\/fr\\\/medicaments-intelligents\\\/modafresh-200-mg-comprimes\\\/#primaryimage\",\"url\":\"https:\\\/\\\/buymodafinilonline.com\\\/wp-content\\\/uploads\\\/2020\\\/04\\\/product-bmo-ModaFresh-1.png\",\"contentUrl\":\"https:\\\/\\\/buymodafinilonline.com\\\/wp-content\\\/uploads\\\/2020\\\/04\\\/product-bmo-ModaFresh-1.png\",\"width\":1280,\"height\":1500,\"caption\":\"Modafresh 200 mg\"},{\"@type\":\"BreadcrumbList\",\"@id\":\"https:\\\/\\\/buymodafinilonline.com\\\/fr\\\/medicaments-intelligents\\\/modafresh-200-mg-comprimes\\\/#breadcrumb\",\"itemListElement\":[{\"@type\":\"ListItem\",\"position\":1,\"name\":\"Buy Modafinil Online\",\"item\":\"https:\\\/\\\/buymodafinilonline.com\\\/fr\\\/\"},{\"@type\":\"ListItem\",\"position\":2,\"name\":\"Boutique\",\"item\":\"https:\\\/\\\/buymodafinilonline.com\\\/fr\\\/boutique\\\/\"},{\"@type\":\"ListItem\",\"position\":3,\"name\":\"Marques de m\u00e9dicaments intelligents\",\"item\":\"https:\\\/\\\/buymodafinilonline.com\\\/fr\\\/categorie-de-produit\\\/marques-medicaments-intelligents\\\/\"},{\"@type\":\"ListItem\",\"position\":4,\"name\":\"Modafresh 200 mg\"}]},{\"@type\":\"WebSite\",\"@id\":\"https:\\\/\\\/buymodafinilonline.com\\\/fr\\\/#website\",\"url\":\"https:\\\/\\\/buymodafinilonline.com\\\/fr\\\/\",\"name\":\"BuyModafinilOnline.com\",\"description\":\"Modafinil Online Pharmacy\",\"publisher\":{\"@id\":\"https:\\\/\\\/buymodafinilonline.com\\\/fr\\\/#organization\"},\"potentialAction\":[{\"@type\":\"SearchAction\",\"target\":{\"@type\":\"EntryPoint\",\"urlTemplate\":\"https:\\\/\\\/buymodafinilonline.com\\\/fr\\\/?s={search_term_string}\"},\"query-input\":{\"@type\":\"PropertyValueSpecification\",\"valueRequired\":true,\"valueName\":\"search_term_string\"}}],\"inLanguage\":\"fr-FR\"},{\"@type\":\"Organization\",\"@id\":\"https:\\\/\\\/buymodafinilonline.com\\\/fr\\\/#organization\",\"name\":\"BuyModafinilOnline\",\"url\":\"https:\\\/\\\/buymodafinilonline.com\\\/fr\\\/\",\"logo\":{\"@type\":\"ImageObject\",\"inLanguage\":\"fr-FR\",\"@id\":\"https:\\\/\\\/buymodafinilonline.com\\\/fr\\\/#\\\/schema\\\/logo\\\/image\\\/\",\"url\":\"https:\\\/\\\/buymodafinilonline.com\\\/wp-content\\\/uploads\\\/2020\\\/04\\\/logo-buy-modafinil-online-yellow.png\",\"contentUrl\":\"https:\\\/\\\/buymodafinilonline.com\\\/wp-content\\\/uploads\\\/2020\\\/04\\\/logo-buy-modafinil-online-yellow.png\",\"width\":200,\"height\":200,\"caption\":\"BuyModafinilOnline\"},\"image\":{\"@id\":\"https:\\\/\\\/buymodafinilonline.com\\\/fr\\\/#\\\/schema\\\/logo\\\/image\\\/\"}}]}<\/script>\n<!-- \/ Yoast SEO Premium plugin. -->","yoast_head_json":{"title":"Acheter Modafresh 200 mg (Modafinil) M\u00e9dicaments OTC - BuyModafinilOnline","description":"Achetez des comprim\u00e9s Modafresh 200 mg pas chers en ligne sans Rx \u00e0 la pharmacie BuyModafinilOnline. Payez avec des Bitcoins et obtenez 23% de r\u00e9duction garantie sur l'achat de m\u00e9dicaments Modafresh 200mg !","robots":{"index":"index","follow":"follow","max-snippet":"max-snippet:-1","max-image-preview":"max-image-preview:large","max-video-preview":"max-video-preview:-1"},"canonical":"https:\/\/buymodafinilonline.com\/fr\/medicaments-intelligents\/modafresh-200-mg-comprimes\/","og_locale":"fr_FR","og_type":"article","og_title":"Modafresh 200 mg","og_description":"Achetez des comprim\u00e9s Modafresh 200 mg pas chers en ligne sans Rx \u00e0 la pharmacie BuyModafinilOnline. Payez avec des Bitcoins et obtenez 23% de r\u00e9duction garantie sur l'achat de m\u00e9dicaments Modafresh 200mg !","og_url":"https:\/\/buymodafinilonline.com\/fr\/medicaments-intelligents\/modafresh-200-mg-comprimes\/","og_site_name":"BuyModafinilOnline.com","article_modified_time":"2025-04-24T10:10:35+00:00","og_image":[{"width":1280,"height":1500,"url":"https:\/\/buymodafinilonline.com\/wp-content\/uploads\/2020\/04\/product-bmo-ModaFresh-1.png","type":"image\/png"}],"twitter_misc":{"Dur\u00e9e de lecture estim\u00e9e":"7 minutes"},"schema":{"@context":"https:\/\/schema.org","@graph":[{"@type":"WebPage","@id":"https:\/\/buymodafinilonline.com\/fr\/medicaments-intelligents\/modafresh-200-mg-comprimes\/","url":"https:\/\/buymodafinilonline.com\/fr\/medicaments-intelligents\/modafresh-200-mg-comprimes\/","name":"Acheter Modafresh 200 mg (Modafinil) M\u00e9dicaments OTC - BuyModafinilOnline","isPartOf":{"@id":"https:\/\/buymodafinilonline.com\/fr\/#website"},"primaryImageOfPage":{"@id":"https:\/\/buymodafinilonline.com\/fr\/medicaments-intelligents\/modafresh-200-mg-comprimes\/#primaryimage"},"image":{"@id":"https:\/\/buymodafinilonline.com\/fr\/medicaments-intelligents\/modafresh-200-mg-comprimes\/#primaryimage"},"thumbnailUrl":"https:\/\/buymodafinilonline.com\/wp-content\/uploads\/2020\/04\/product-bmo-ModaFresh-1.png","datePublished":"2020-11-08T16:11:42+00:00","dateModified":"2025-04-24T10:10:35+00:00","description":"Achetez des comprim\u00e9s Modafresh 200 mg pas chers en ligne sans Rx \u00e0 la pharmacie BuyModafinilOnline. Payez avec des Bitcoins et obtenez 23% de r\u00e9duction garantie sur l'achat de m\u00e9dicaments Modafresh 200mg !","breadcrumb":{"@id":"https:\/\/buymodafinilonline.com\/fr\/medicaments-intelligents\/modafresh-200-mg-comprimes\/#breadcrumb"},"inLanguage":"fr-FR","potentialAction":[{"@type":"ReadAction","target":["https:\/\/buymodafinilonline.com\/fr\/medicaments-intelligents\/modafresh-200-mg-comprimes\/"]}]},{"@type":"ImageObject","inLanguage":"fr-FR","@id":"https:\/\/buymodafinilonline.com\/fr\/medicaments-intelligents\/modafresh-200-mg-comprimes\/#primaryimage","url":"https:\/\/buymodafinilonline.com\/wp-content\/uploads\/2020\/04\/product-bmo-ModaFresh-1.png","contentUrl":"https:\/\/buymodafinilonline.com\/wp-content\/uploads\/2020\/04\/product-bmo-ModaFresh-1.png","width":1280,"height":1500,"caption":"Modafresh 200 mg"},{"@type":"BreadcrumbList","@id":"https:\/\/buymodafinilonline.com\/fr\/medicaments-intelligents\/modafresh-200-mg-comprimes\/#breadcrumb","itemListElement":[{"@type":"ListItem","position":1,"name":"Buy Modafinil Online","item":"https:\/\/buymodafinilonline.com\/fr\/"},{"@type":"ListItem","position":2,"name":"Boutique","item":"https:\/\/buymodafinilonline.com\/fr\/boutique\/"},{"@type":"ListItem","position":3,"name":"Marques de m\u00e9dicaments intelligents","item":"https:\/\/buymodafinilonline.com\/fr\/categorie-de-produit\/marques-medicaments-intelligents\/"},{"@type":"ListItem","position":4,"name":"Modafresh 200 mg"}]},{"@type":"WebSite","@id":"https:\/\/buymodafinilonline.com\/fr\/#website","url":"https:\/\/buymodafinilonline.com\/fr\/","name":"BuyModafinilOnline.com","description":"Modafinil Online Pharmacy","publisher":{"@id":"https:\/\/buymodafinilonline.com\/fr\/#organization"},"potentialAction":[{"@type":"SearchAction","target":{"@type":"EntryPoint","urlTemplate":"https:\/\/buymodafinilonline.com\/fr\/?s={search_term_string}"},"query-input":{"@type":"PropertyValueSpecification","valueRequired":true,"valueName":"search_term_string"}}],"inLanguage":"fr-FR"},{"@type":"Organization","@id":"https:\/\/buymodafinilonline.com\/fr\/#organization","name":"BuyModafinilOnline","url":"https:\/\/buymodafinilonline.com\/fr\/","logo":{"@type":"ImageObject","inLanguage":"fr-FR","@id":"https:\/\/buymodafinilonline.com\/fr\/#\/schema\/logo\/image\/","url":"https:\/\/buymodafinilonline.com\/wp-content\/uploads\/2020\/04\/logo-buy-modafinil-online-yellow.png","contentUrl":"https:\/\/buymodafinilonline.com\/wp-content\/uploads\/2020\/04\/logo-buy-modafinil-online-yellow.png","width":200,"height":200,"caption":"BuyModafinilOnline"},"image":{"@id":"https:\/\/buymodafinilonline.com\/fr\/#\/schema\/logo\/image\/"}}]}},"_links":{"self":[{"href":"https:\/\/buymodafinilonline.com\/fr\/wp-json\/wp\/v2\/product\/408741","targetHints":{"allow":["GET"]}}],"collection":[{"href":"https:\/\/buymodafinilonline.com\/fr\/wp-json\/wp\/v2\/product"}],"about":[{"href":"https:\/\/buymodafinilonline.com\/fr\/wp-json\/wp\/v2\/types\/product"}],"replies":[{"embeddable":true,"href":"https:\/\/buymodafinilonline.com\/fr\/wp-json\/wp\/v2\/comments?post=408741"}],"wp:featuredmedia":[{"embeddable":true,"href":"https:\/\/buymodafinilonline.com\/fr\/wp-json\/wp\/v2\/media\/408743"}],"wp:attachment":[{"href":"https:\/\/buymodafinilonline.com\/fr\/wp-json\/wp\/v2\/media?parent=408741"}],"wp:term":[{"taxonomy":"product_brand","embeddable":true,"href":"https:\/\/buymodafinilonline.com\/fr\/wp-json\/wp\/v2\/product_brand?post=408741"},{"taxonomy":"product_cat","embeddable":true,"href":"https:\/\/buymodafinilonline.com\/fr\/wp-json\/wp\/v2\/product_cat?post=408741"},{"taxonomy":"product_tag","embeddable":true,"href":"https:\/\/buymodafinilonline.com\/fr\/wp-json\/wp\/v2\/product_tag?post=408741"}],"curies":[{"name":"wp","href":"https:\/\/api.w.org\/{rel}","templated":true}]}}