{"id":408754,"date":"2020-04-18T19:37:19","date_gmt":"2020-11-08T16:11:51","guid":{"rendered":"https:\/\/buymodafinilonline.com\/smart-drugs\/modafil-200-mg\/"},"modified":"2025-04-25T10:32:27","modified_gmt":"2025-04-25T09:32:27","slug":"modafil-200-mg","status":"publish","type":"product","link":"https:\/\/buymodafinilonline.com\/fr\/medicaments-intelligents\/modafil-200-mg\/","title":{"rendered":"Modafil 200 mg"},"content":{"rendered":"[vc_column width=&#8221;1\/2&#8243;]\n<div class=\"su-divider su-divider-style-default\" style=\"margin:10px 0;border-width:3px;border-color:#ffffff00\"><a href=\"#\" style=\"color:#ffffff009\">.<\/a><\/div>\n<h2>Qu&#8217;est-ce que le modafil 200 mg?<\/h2>\n<div class=\"su-divider su-divider-style-default\" style=\"margin:10px 0;border-width:3px;border-color:#ffffff00\"><a href=\"#\" style=\"color:#ffffff009\">.<\/a><\/div>\n\u00catre un ingr\u00e9dient actif de la m\u00e9decine Modafil,<a href=\"https:\/\/buymodafinilonline.com\/fr\/la-verite-sur-le-modafinil\/\"> modafinil<\/a> est connu par les chercheurs comme le \u00abpremier m\u00e9dicament intelligent s\u00fbr au monde\u00bb. La Food and Drug Administration l&#8217;a approuv\u00e9 en tant qu&#8217;agent favorisant l&#8217;\u00e9veil pour r\u00e9duire la somnolence diurne excessive due \u00e0 l&#8217;apn\u00e9e obstructive du sommeil (AOS), aux troubles du sommeil au travail par \u00e9quipes (SWSD) et \u00e0 la narcolepsie. Cependant, ce m\u00e9dicament est \u00e9galement utilis\u00e9 hors AMM pour traiter divers probl\u00e8mes de sant\u00e9 tels que le trouble d&#8217;hyperactivit\u00e9 avec d\u00e9ficit de l&#8217;attention (TDAH), la fatigue li\u00e9e \u00e0 la scl\u00e9rose en plaques, la maladie de Parkinson, la d\u00e9pression, le syndrome de fatigue chronique, la s\u00e9dation li\u00e9e aux opio\u00efdes et d&#8217;autres conditions.<\/p>\n<p>Les personnes en bonne sant\u00e9 utilisent Modafil 200 mg comme m\u00e9dicament s\u00fbr et puissant pour am\u00e9liorer la fonction c\u00e9r\u00e9brale et augmenter la productivit\u00e9. Bien que le m\u00e9canisme d&#8217;action exact de ce m\u00e9dicament ne soit pas bien compris, on pense qu&#8217;il agit en augmentant les niveaux de certains neurotransmetteurs tels que la dopamine, l&#8217;histamine et l&#8217;orexine dans les zones du cerveau qui contr\u00f4lent le cycle veille-sommeil.<\/p>\n<div class=\"su-divider su-divider-style-default\" style=\"margin:10px 0;border-width:3px;border-color:#ffffff00\"><a href=\"#\" style=\"color:#ffffff009\">.<\/a><\/div>\n<h2>Dosage s\u00fbr et utilisation appropri\u00e9e<\/h2>\n<div class=\"su-divider su-divider-style-default\" style=\"margin:10px 0;border-width:3px;border-color:#ffffff00\"><a href=\"#\" style=\"color:#ffffff009\">.<\/a><\/div>\nLa dose recommand\u00e9e de Modafil est de 200 mg une fois par jour. Un comprim\u00e9 doit \u00eatre administr\u00e9 le matin pour le traitement de la narcolepsie et de l&#8217;AOS ou une heure avant un quart de travail en cas de lutte contre la SWSD. Bien qu&#8217;il ne soit pas recommand\u00e9 chez les patients allergiques au modafinil ou \u00e0 d&#8217;autres nootropiques.<\/p>\n<p>Chez les personnes diagnostiqu\u00e9es avec une insuffisance h\u00e9patique s\u00e9v\u00e8re, la posologie de Modafil 200 mg doit \u00eatre r\u00e9duite de moiti\u00e9. Si vous le prenez hors AMM, vous devez d&#8217;abord consulter un m\u00e9decin sp\u00e9cialiste pour d\u00e9terminer si vous \u00eates en bonne sant\u00e9 pour utiliser le nootropique.<\/p>\n<div class=\"su-divider su-divider-style-default\" style=\"margin:10px 0;border-width:3px;border-color:#ffffff00\"><a href=\"#\" style=\"color:#ffffff009\">.<\/a><\/div>\n<h2>Les effets secondaires possibles<\/h2>\n<div class=\"su-divider su-divider-style-default\" style=\"margin:10px 0;border-width:3px;border-color:#ffffff00\"><a href=\"#\" style=\"color:#ffffff009\">.<\/a><\/div>\nCe m\u00e9dicament fonctionne bien chez les personnes en bonne sant\u00e9, bien que les r\u00e9actions n\u00e9gatives ne puissent \u00eatre totalement exclues. Les effets secondaires courants suivants, de courte dur\u00e9e, peuvent survenir:<\/p>\n<div class=\"su-divider su-divider-style-default\" style=\"margin:10px 0;border-width:3px;border-color:#ffffff00\"><a href=\"#\" style=\"color:#ffffff009\">.<\/a><\/div>\n<ul>\n<li>maux de t\u00eate, \u00e9tourdissements;<\/li>\n<li>mal au dos;<\/li>\n<li>naus\u00e9es, maux d&#8217;estomac, diarrh\u00e9e;<\/li>\n<li>probl\u00e8mes de sommeil;<\/li>\n<li>se sentir anxieux ou nerveux;<\/li>\n<li>nez encombr\u00e9.<\/li>\n<\/ul>\n<div class=\"su-divider su-divider-style-default\" style=\"margin:10px 0;border-width:3px;border-color:#ffffff00\"><a href=\"#\" style=\"color:#ffffff009\">.<\/a><\/div>\nLes effets n\u00e9gatifs rares mais plus graves comprennent:<\/p>\n<div class=\"su-divider su-divider-style-default\" style=\"margin:10px 0;border-width:3px;border-color:#ffffff00\"><a href=\"#\" style=\"color:#ffffff009\">.<\/a><\/div>\n<ul>\n<li>hypersensibilit\u00e9;<\/li>\n<li>fi\u00e8vre et frissons;<\/li>\n<li>douleur thoracique;<\/li>\n<li>confusion;<\/li>\n<li>fatigue et faiblesse inhabituelles;<\/li>\n<li>Syndrome de Stevens-Johnson et autres.<\/li>\n<\/ul>\n<div class=\"su-divider su-divider-style-default\" style=\"margin:10px 0;border-width:3px;border-color:#ffffff00\"><a href=\"#\" style=\"color:#ffffff009\">.<\/a><\/div>\nCe n&#8217;est pas une liste compl\u00e8te des effets secondaires possibles. Modafil 200 mg peut \u00e9galement alt\u00e9rer vos r\u00e9actions, donc ne conduisez pas et n&#8217;utilisez pas de machinerie lourde tant que vous ne savez pas comment il affecte votre corps.<\/p>\n[\/vc_column][vc_column width=&#8221;1\/2&#8243;]\n<div class=\"su-divider su-divider-style-default\" style=\"margin:10px 0;border-width:3px;border-color:#ffffff00\"><a href=\"#\" style=\"color:#ffffff009\">.<\/a><\/div>\n<p>Informez un m\u00e9decin sp\u00e9cialiste si vous d\u00e9veloppez des changements inhabituels d&#8217;humeur ou de comportement ou si vous avez des pens\u00e9es suicidaires, une d\u00e9pression nouvelle ou qui s&#8217;aggrave. Si ces effets n\u00e9gatifs surviennent et vous d\u00e9rangent m\u00eame apr\u00e8s avoir arr\u00eat\u00e9 le traitement par modafinil ou ne disparaissent pas, consultez votre m\u00e9decin sp\u00e9cialiste pour obtenir de l&#8217;aide.<\/p>\n<div class=\"su-divider su-divider-style-default\" style=\"margin:10px 0;border-width:3px;border-color:#ffffff00\"><a href=\"#\" style=\"color:#ffffff009\">.<\/a><\/div>\n<h2>Contre-indications et mises en garde<\/h2>\n<div class=\"su-divider su-divider-style-default\" style=\"margin:10px 0;border-width:3px;border-color:#ffffff00\"><a href=\"#\" style=\"color:#ffffff009\">.<\/a><\/div>\nModafil 200 mg est s\u00fbr s&#8217;il est pris ind\u00e9pendamment sans m\u00e9lange avec d&#8217;autres m\u00e9dicaments. Assurez-vous de donner une liste compl\u00e8te des m\u00e9dicaments (sur ordonnance \/ en vente libre) ou des rem\u00e8des \u00e0 base de plantes que vous utilisez \u00e0 un m\u00e9decin pour une \u00e9valuation avant de prendre le m\u00e9dicament Modafil. Bien que les risques possibles ne soient pas connus, les femmes enceintes et les m\u00e8res qui allaitent ne sont pas recommand\u00e9es d&#8217;utiliser des nootropes. Si cela est n\u00e9cessaire, un m\u00e9decin doit discuter des risques et des avantages avant de prendre Modafil 200 mg.<\/p>\n<p>Les interactions possibles avec d&#8217;autres m\u00e9dicaments comprennent:<\/p>\n<div class=\"su-divider su-divider-style-default\" style=\"margin:10px 0;border-width:3px;border-color:#ffffff00\"><a href=\"#\" style=\"color:#ffffff009\">.<\/a><\/div>\n<ul>\n<li>Substrats CYP3A4 \/ 5 et CYP2C19;<\/li>\n<li>anticoagulants comme la warfarine;<\/li>\n<li>m\u00e9dicaments contraceptifs;<\/li>\n<li>Inhibiteurs de MAO;<\/li>\n<li>Stimulants du SNC et autres.<\/li>\n<\/ul>\n<div class=\"su-divider su-divider-style-default\" style=\"margin:10px 0;border-width:3px;border-color:#ffffff00\"><a href=\"#\" style=\"color:#ffffff009\">.<\/a><\/div>\nUne interaction de la maladie peut \u00e9galement se produire. Informez votre m\u00e9decin sp\u00e9cialiste de votre \u00e9tat de sant\u00e9, y compris une insuffisance r\u00e9nale ou h\u00e9patique, une maladie cardiaque ou des ant\u00e9c\u00e9dents de convulsions, entre autres probl\u00e8mes de sant\u00e9 avant de prendre ce m\u00e9dicament nootropique. Modafil 200 mg fonctionne bien avec la plupart des aliments, mais les repas gras peuvent retarder son d\u00e9but d&#8217;action.<\/p>\n<p>Le m\u00e9langer avec de l&#8217;alcool n&#8217;est pas recommand\u00e9 car cela peut augmenter le risque de somnolence, de troubles du jugement et de vertiges, entre autres effets n\u00e9gatifs sans pr\u00e9c\u00e9dent.<\/p>\n<div class=\"su-divider su-divider-style-default\" style=\"margin:10px 0;border-width:3px;border-color:#ffffff00\"><a href=\"#\" style=\"color:#ffffff009\">.<\/a><\/div>\n<h2>Acheter G\u00e9n\u00e9rique Modafil 200 mg (Modafinil) en ligne<\/h2>\n<div class=\"su-divider su-divider-style-default\" style=\"margin:10px 0;border-width:3px;border-color:#ffffff00\"><a href=\"#\" style=\"color:#ffffff009\">.<\/a><\/div>\nQuant \u00e0 savoir comment obtenir Modafil 200mg en ligne en vente libre, BuyModafinilOnline e-pharmacy existe pour offrir &#8220;<a href=\"https:\/\/buymodafinilonline.com\/smart-drugs-brands\/\"> m\u00e9dicaments intelligents<\/a> \u201dProvenant uniquement de fabricants agr\u00e9\u00e9s. Bien que le Modafil puisse \u00eatre achet\u00e9 dans de nombreuses pharmacies \u00e9lectroniques, c&#8217;est une pratique tr\u00e8s risqu\u00e9e. Il n&#8217;est pas ill\u00e9gal d&#8217;acheter des nootropiques en ligne, mais vous devez \u00eatre pleinement conscient des risques de commander sur des sites frauduleux qui promettent d&#8217;offrir des produits de qualit\u00e9.<\/p>\n<p>En nous choisissant, vous pouvez \u00eatre assur\u00e9 que vous n&#8217;obtiendrez que de v\u00e9ritables pilules. Nous sommes le meilleur endroit pour acheter du modafinil bon march\u00e9 (Modalert, Modvigil, etc.), car nous accordons la priorit\u00e9 \u00e0 votre sant\u00e9.<\/p>\n<p>Nous acceptons MasterCard, Visa, AmEx, PayPal, Zelle, e-Check, Bitcoin (23 % de r\u00e9duction) et d&#8217;autres crypto-monnaies comme modes de paiement. Chez BuyModafinilOnline, nous offrons<a href=\"https:\/\/buymodafinilonline.com\/free-trial\/\"> 20 \u00e9chantillons d&#8217;essai gratuits<\/a> de modafinil et d&#8217;armodafinil, afin que nos clients puissent tester l&#8217;efficacit\u00e9 et l&#8217;innocuit\u00e9 de nos \u00abm\u00e9dicaments intelligents\u00bb.<\/p>\n<p>\u00c9conomisez plus d&#8217;argent en utilisant disponible<a href=\"https:\/\/buymodafinilonline.com\/coupons-deals-promo-codes\/\"> r\u00e9ductions et coupons<\/a> . Notre exp\u00e9dition est ultra-rapide, et nous offrons un<a href=\"https:\/\/buymodafinilonline.com\/refund-reshipment\/\"> remboursement complet ou r\u00e9exp\u00e9dition<\/a> si votre colis est bloqu\u00e9 ou perdu \u00e0 la douane.<\/p>\n<div class=\"su-divider su-divider-style-default\" style=\"margin:10px 0;border-width:3px;border-color:#ffffff00\"><a href=\"#\" style=\"color:#ffffff009\">.<\/a><\/div>\n[\/vc_column]\n<div class=\"su-divider su-divider-style-default\" style=\"margin:10px 0;border-width:3px;border-color:#ffffff00\"><a href=\"#\" style=\"color:#ffffff009\">.<\/a><\/div>\n","protected":false},"excerpt":{"rendered":"<p>Modafil 200 mg contient du modafinil comme ingr\u00e9dient actif. Fabriqu\u00e9 par INTAS Pharma Ltd &#8211; une soci\u00e9t\u00e9 pharmaceutique indienne, il est utilis\u00e9 pour favoriser l&#8217;\u00e9veil chez les patients souffrant de somnolence extr\u00eame pendant la journ\u00e9e ou au travail en raison de troubles du sommeil. Il traite \u00e9galement d&#8217;autres probl\u00e8mes de sant\u00e9 et est largement utilis\u00e9 hors AMM par les personnes en bonne sant\u00e9 comme am\u00e9liorateur de productivit\u00e9 et cognitif.<\/p>\n<p>Achetez ce m\u00e9dicament dans notre pharmacie en ligne au prix le plus bas ou obtenez des \u00e9chantillons d&#8217;essai gratuits de nos best-sellers nootropiques pour tester leur efficacit\u00e9.<\/p>\n[sc name=\"s1\"]\n","protected":false},"featured_media":398160,"comment_status":"open","ping_status":"closed","template":"","meta":{"_acf_changed":false},"product_brand":[],"product_cat":[3785],"product_tag":[3850],"class_list":{"0":"post-408754","1":"product","2":"type-product","3":"status-publish","4":"has-post-thumbnail","6":"product_cat-marques-medicaments-intelligents","7":"product_tag-modafinil-fr","9":"first","10":"instock","11":"sale","12":"shipping-taxable","13":"purchasable","14":"product-type-variable","15":"has-default-attributes"},"acf":[],"yoast_head":"<!-- This site is optimized with the Yoast SEO Premium plugin v23.6 (Yoast SEO v27.3) - https:\/\/yoast.com\/product\/yoast-seo-premium-wordpress\/ -->\n<title>Acheter des m\u00e9dicaments Modafil 200mg (Modafinil) avec une grande remise - BuyModafinilOnline<\/title>\n<meta name=\"description\" content=\"Achetez des comprim\u00e9s de Modafil 200 mg en ligne aupr\u00e8s du fabricant INTAS Pharma. Achetez Modafil 200mg (modafinil) au meilleur prix \u00e0 la pharmacie BuyModafinilOnline. Coupons avantageux et excellent service.\" \/>\n<meta name=\"robots\" content=\"index, follow, max-snippet:-1, max-image-preview:large, max-video-preview:-1\" \/>\n<link rel=\"canonical\" href=\"https:\/\/buymodafinilonline.com\/fr\/medicaments-intelligents\/modafil-200-mg\/\" \/>\n<meta property=\"og:locale\" content=\"fr_FR\" \/>\n<meta property=\"og:type\" content=\"article\" \/>\n<meta property=\"og:title\" content=\"Modafil 200 mg\" \/>\n<meta property=\"og:description\" content=\"Achetez des comprim\u00e9s de Modafil 200 mg en ligne aupr\u00e8s du fabricant INTAS Pharma. Achetez Modafil 200mg (modafinil) au meilleur prix \u00e0 la pharmacie BuyModafinilOnline. Coupons avantageux et excellent service.\" \/>\n<meta property=\"og:url\" content=\"https:\/\/buymodafinilonline.com\/fr\/medicaments-intelligents\/modafil-200-mg\/\" \/>\n<meta property=\"og:site_name\" content=\"BuyModafinilOnline.com\" \/>\n<meta property=\"article:modified_time\" content=\"2025-04-25T09:32:27+00:00\" \/>\n<meta property=\"og:image\" content=\"https:\/\/buymodafinilonline.com\/wp-content\/uploads\/2020\/04\/bmo-product-modafil-200-mg.png\" \/>\n\t<meta property=\"og:image:width\" content=\"1280\" \/>\n\t<meta property=\"og:image:height\" content=\"1500\" \/>\n\t<meta property=\"og:image:type\" content=\"image\/png\" \/>\n<meta name=\"twitter:label1\" content=\"Dur\u00e9e de lecture estim\u00e9e\" \/>\n\t<meta name=\"twitter:data1\" content=\"5 minutes\" \/>\n<script type=\"application\/ld+json\" class=\"yoast-schema-graph\">{\"@context\":\"https:\\\/\\\/schema.org\",\"@graph\":[{\"@type\":\"WebPage\",\"@id\":\"https:\\\/\\\/buymodafinilonline.com\\\/fr\\\/medicaments-intelligents\\\/modafil-200-mg\\\/\",\"url\":\"https:\\\/\\\/buymodafinilonline.com\\\/fr\\\/medicaments-intelligents\\\/modafil-200-mg\\\/\",\"name\":\"Acheter des m\u00e9dicaments Modafil 200mg (Modafinil) avec une grande remise - BuyModafinilOnline\",\"isPartOf\":{\"@id\":\"https:\\\/\\\/buymodafinilonline.com\\\/fr\\\/#website\"},\"primaryImageOfPage\":{\"@id\":\"https:\\\/\\\/buymodafinilonline.com\\\/fr\\\/medicaments-intelligents\\\/modafil-200-mg\\\/#primaryimage\"},\"image\":{\"@id\":\"https:\\\/\\\/buymodafinilonline.com\\\/fr\\\/medicaments-intelligents\\\/modafil-200-mg\\\/#primaryimage\"},\"thumbnailUrl\":\"https:\\\/\\\/buymodafinilonline.com\\\/wp-content\\\/uploads\\\/2020\\\/04\\\/bmo-product-modafil-200-mg.png\",\"datePublished\":\"2020-11-08T16:11:51+00:00\",\"dateModified\":\"2025-04-25T09:32:27+00:00\",\"description\":\"Achetez des comprim\u00e9s de Modafil 200 mg en ligne aupr\u00e8s du fabricant INTAS Pharma. Achetez Modafil 200mg (modafinil) au meilleur prix \u00e0 la pharmacie BuyModafinilOnline. Coupons avantageux et excellent service.\",\"breadcrumb\":{\"@id\":\"https:\\\/\\\/buymodafinilonline.com\\\/fr\\\/medicaments-intelligents\\\/modafil-200-mg\\\/#breadcrumb\"},\"inLanguage\":\"fr-FR\",\"potentialAction\":[{\"@type\":\"ReadAction\",\"target\":[\"https:\\\/\\\/buymodafinilonline.com\\\/fr\\\/medicaments-intelligents\\\/modafil-200-mg\\\/\"]}]},{\"@type\":\"ImageObject\",\"inLanguage\":\"fr-FR\",\"@id\":\"https:\\\/\\\/buymodafinilonline.com\\\/fr\\\/medicaments-intelligents\\\/modafil-200-mg\\\/#primaryimage\",\"url\":\"https:\\\/\\\/buymodafinilonline.com\\\/wp-content\\\/uploads\\\/2020\\\/04\\\/bmo-product-modafil-200-mg.png\",\"contentUrl\":\"https:\\\/\\\/buymodafinilonline.com\\\/wp-content\\\/uploads\\\/2020\\\/04\\\/bmo-product-modafil-200-mg.png\",\"width\":1280,\"height\":1500,\"caption\":\"Modafil 200 mg\"},{\"@type\":\"BreadcrumbList\",\"@id\":\"https:\\\/\\\/buymodafinilonline.com\\\/fr\\\/medicaments-intelligents\\\/modafil-200-mg\\\/#breadcrumb\",\"itemListElement\":[{\"@type\":\"ListItem\",\"position\":1,\"name\":\"Buy Modafinil Online\",\"item\":\"https:\\\/\\\/buymodafinilonline.com\\\/fr\\\/\"},{\"@type\":\"ListItem\",\"position\":2,\"name\":\"Boutique\",\"item\":\"https:\\\/\\\/buymodafinilonline.com\\\/fr\\\/boutique\\\/\"},{\"@type\":\"ListItem\",\"position\":3,\"name\":\"Marques de m\u00e9dicaments intelligents\",\"item\":\"https:\\\/\\\/buymodafinilonline.com\\\/fr\\\/categorie-de-produit\\\/marques-medicaments-intelligents\\\/\"},{\"@type\":\"ListItem\",\"position\":4,\"name\":\"Modafil 200 mg\"}]},{\"@type\":\"WebSite\",\"@id\":\"https:\\\/\\\/buymodafinilonline.com\\\/fr\\\/#website\",\"url\":\"https:\\\/\\\/buymodafinilonline.com\\\/fr\\\/\",\"name\":\"BuyModafinilOnline.com\",\"description\":\"Modafinil Online Pharmacy\",\"publisher\":{\"@id\":\"https:\\\/\\\/buymodafinilonline.com\\\/fr\\\/#organization\"},\"potentialAction\":[{\"@type\":\"SearchAction\",\"target\":{\"@type\":\"EntryPoint\",\"urlTemplate\":\"https:\\\/\\\/buymodafinilonline.com\\\/fr\\\/?s={search_term_string}\"},\"query-input\":{\"@type\":\"PropertyValueSpecification\",\"valueRequired\":true,\"valueName\":\"search_term_string\"}}],\"inLanguage\":\"fr-FR\"},{\"@type\":\"Organization\",\"@id\":\"https:\\\/\\\/buymodafinilonline.com\\\/fr\\\/#organization\",\"name\":\"BuyModafinilOnline\",\"url\":\"https:\\\/\\\/buymodafinilonline.com\\\/fr\\\/\",\"logo\":{\"@type\":\"ImageObject\",\"inLanguage\":\"fr-FR\",\"@id\":\"https:\\\/\\\/buymodafinilonline.com\\\/fr\\\/#\\\/schema\\\/logo\\\/image\\\/\",\"url\":\"https:\\\/\\\/buymodafinilonline.com\\\/wp-content\\\/uploads\\\/2020\\\/04\\\/logo-buy-modafinil-online-yellow.png\",\"contentUrl\":\"https:\\\/\\\/buymodafinilonline.com\\\/wp-content\\\/uploads\\\/2020\\\/04\\\/logo-buy-modafinil-online-yellow.png\",\"width\":200,\"height\":200,\"caption\":\"BuyModafinilOnline\"},\"image\":{\"@id\":\"https:\\\/\\\/buymodafinilonline.com\\\/fr\\\/#\\\/schema\\\/logo\\\/image\\\/\"}}]}<\/script>\n<!-- \/ Yoast SEO Premium plugin. -->","yoast_head_json":{"title":"Acheter des m\u00e9dicaments Modafil 200mg (Modafinil) avec une grande remise - BuyModafinilOnline","description":"Achetez des comprim\u00e9s de Modafil 200 mg en ligne aupr\u00e8s du fabricant INTAS Pharma. Achetez Modafil 200mg (modafinil) au meilleur prix \u00e0 la pharmacie BuyModafinilOnline. Coupons avantageux et excellent service.","robots":{"index":"index","follow":"follow","max-snippet":"max-snippet:-1","max-image-preview":"max-image-preview:large","max-video-preview":"max-video-preview:-1"},"canonical":"https:\/\/buymodafinilonline.com\/fr\/medicaments-intelligents\/modafil-200-mg\/","og_locale":"fr_FR","og_type":"article","og_title":"Modafil 200 mg","og_description":"Achetez des comprim\u00e9s de Modafil 200 mg en ligne aupr\u00e8s du fabricant INTAS Pharma. Achetez Modafil 200mg (modafinil) au meilleur prix \u00e0 la pharmacie BuyModafinilOnline. Coupons avantageux et excellent service.","og_url":"https:\/\/buymodafinilonline.com\/fr\/medicaments-intelligents\/modafil-200-mg\/","og_site_name":"BuyModafinilOnline.com","article_modified_time":"2025-04-25T09:32:27+00:00","og_image":[{"width":1280,"height":1500,"url":"https:\/\/buymodafinilonline.com\/wp-content\/uploads\/2020\/04\/bmo-product-modafil-200-mg.png","type":"image\/png"}],"twitter_misc":{"Dur\u00e9e de lecture estim\u00e9e":"5 minutes"},"schema":{"@context":"https:\/\/schema.org","@graph":[{"@type":"WebPage","@id":"https:\/\/buymodafinilonline.com\/fr\/medicaments-intelligents\/modafil-200-mg\/","url":"https:\/\/buymodafinilonline.com\/fr\/medicaments-intelligents\/modafil-200-mg\/","name":"Acheter des m\u00e9dicaments Modafil 200mg (Modafinil) avec une grande remise - BuyModafinilOnline","isPartOf":{"@id":"https:\/\/buymodafinilonline.com\/fr\/#website"},"primaryImageOfPage":{"@id":"https:\/\/buymodafinilonline.com\/fr\/medicaments-intelligents\/modafil-200-mg\/#primaryimage"},"image":{"@id":"https:\/\/buymodafinilonline.com\/fr\/medicaments-intelligents\/modafil-200-mg\/#primaryimage"},"thumbnailUrl":"https:\/\/buymodafinilonline.com\/wp-content\/uploads\/2020\/04\/bmo-product-modafil-200-mg.png","datePublished":"2020-11-08T16:11:51+00:00","dateModified":"2025-04-25T09:32:27+00:00","description":"Achetez des comprim\u00e9s de Modafil 200 mg en ligne aupr\u00e8s du fabricant INTAS Pharma. Achetez Modafil 200mg (modafinil) au meilleur prix \u00e0 la pharmacie BuyModafinilOnline. Coupons avantageux et excellent service.","breadcrumb":{"@id":"https:\/\/buymodafinilonline.com\/fr\/medicaments-intelligents\/modafil-200-mg\/#breadcrumb"},"inLanguage":"fr-FR","potentialAction":[{"@type":"ReadAction","target":["https:\/\/buymodafinilonline.com\/fr\/medicaments-intelligents\/modafil-200-mg\/"]}]},{"@type":"ImageObject","inLanguage":"fr-FR","@id":"https:\/\/buymodafinilonline.com\/fr\/medicaments-intelligents\/modafil-200-mg\/#primaryimage","url":"https:\/\/buymodafinilonline.com\/wp-content\/uploads\/2020\/04\/bmo-product-modafil-200-mg.png","contentUrl":"https:\/\/buymodafinilonline.com\/wp-content\/uploads\/2020\/04\/bmo-product-modafil-200-mg.png","width":1280,"height":1500,"caption":"Modafil 200 mg"},{"@type":"BreadcrumbList","@id":"https:\/\/buymodafinilonline.com\/fr\/medicaments-intelligents\/modafil-200-mg\/#breadcrumb","itemListElement":[{"@type":"ListItem","position":1,"name":"Buy Modafinil Online","item":"https:\/\/buymodafinilonline.com\/fr\/"},{"@type":"ListItem","position":2,"name":"Boutique","item":"https:\/\/buymodafinilonline.com\/fr\/boutique\/"},{"@type":"ListItem","position":3,"name":"Marques de m\u00e9dicaments intelligents","item":"https:\/\/buymodafinilonline.com\/fr\/categorie-de-produit\/marques-medicaments-intelligents\/"},{"@type":"ListItem","position":4,"name":"Modafil 200 mg"}]},{"@type":"WebSite","@id":"https:\/\/buymodafinilonline.com\/fr\/#website","url":"https:\/\/buymodafinilonline.com\/fr\/","name":"BuyModafinilOnline.com","description":"Modafinil Online Pharmacy","publisher":{"@id":"https:\/\/buymodafinilonline.com\/fr\/#organization"},"potentialAction":[{"@type":"SearchAction","target":{"@type":"EntryPoint","urlTemplate":"https:\/\/buymodafinilonline.com\/fr\/?s={search_term_string}"},"query-input":{"@type":"PropertyValueSpecification","valueRequired":true,"valueName":"search_term_string"}}],"inLanguage":"fr-FR"},{"@type":"Organization","@id":"https:\/\/buymodafinilonline.com\/fr\/#organization","name":"BuyModafinilOnline","url":"https:\/\/buymodafinilonline.com\/fr\/","logo":{"@type":"ImageObject","inLanguage":"fr-FR","@id":"https:\/\/buymodafinilonline.com\/fr\/#\/schema\/logo\/image\/","url":"https:\/\/buymodafinilonline.com\/wp-content\/uploads\/2020\/04\/logo-buy-modafinil-online-yellow.png","contentUrl":"https:\/\/buymodafinilonline.com\/wp-content\/uploads\/2020\/04\/logo-buy-modafinil-online-yellow.png","width":200,"height":200,"caption":"BuyModafinilOnline"},"image":{"@id":"https:\/\/buymodafinilonline.com\/fr\/#\/schema\/logo\/image\/"}}]}},"_links":{"self":[{"href":"https:\/\/buymodafinilonline.com\/fr\/wp-json\/wp\/v2\/product\/408754","targetHints":{"allow":["GET"]}}],"collection":[{"href":"https:\/\/buymodafinilonline.com\/fr\/wp-json\/wp\/v2\/product"}],"about":[{"href":"https:\/\/buymodafinilonline.com\/fr\/wp-json\/wp\/v2\/types\/product"}],"replies":[{"embeddable":true,"href":"https:\/\/buymodafinilonline.com\/fr\/wp-json\/wp\/v2\/comments?post=408754"}],"wp:featuredmedia":[{"embeddable":true,"href":"https:\/\/buymodafinilonline.com\/fr\/wp-json\/wp\/v2\/media\/398160"}],"wp:attachment":[{"href":"https:\/\/buymodafinilonline.com\/fr\/wp-json\/wp\/v2\/media?parent=408754"}],"wp:term":[{"taxonomy":"product_brand","embeddable":true,"href":"https:\/\/buymodafinilonline.com\/fr\/wp-json\/wp\/v2\/product_brand?post=408754"},{"taxonomy":"product_cat","embeddable":true,"href":"https:\/\/buymodafinilonline.com\/fr\/wp-json\/wp\/v2\/product_cat?post=408754"},{"taxonomy":"product_tag","embeddable":true,"href":"https:\/\/buymodafinilonline.com\/fr\/wp-json\/wp\/v2\/product_tag?post=408754"}],"curies":[{"name":"wp","href":"https:\/\/api.w.org\/{rel}","templated":true}]}}