{"id":408808,"date":"2020-04-18T19:42:43","date_gmt":"2020-11-08T16:17:41","guid":{"rendered":"https:\/\/buymodafinilonline.com\/smart-drugs\/modapro-200-mg\/"},"modified":"2025-04-25T10:34:47","modified_gmt":"2025-04-25T09:34:47","slug":"modapro-200-mg","status":"publish","type":"product","link":"https:\/\/buymodafinilonline.com\/fr\/medicaments-intelligents\/modapro-200-mg\/","title":{"rendered":"Modapro 200 MG"},"content":{"rendered":"[vc_column width=&#8221;1\/2&#8243;]\n<div class=\"su-divider su-divider-style-default\" style=\"margin:10px 0;border-width:3px;border-color:#ffffff00\"><a href=\"#\" style=\"color:#ffffff009\">.<\/a><\/div>\n<h2>Qu&#8217;est-ce que Modapro 200 mg?<\/h2>\n<div class=\"su-divider su-divider-style-default\" style=\"margin:10px 0;border-width:3px;border-color:#ffffff00\"><a href=\"#\" style=\"color:#ffffff009\">.<\/a><\/div>\nSi les troubles du sommeil vous affectent, les m\u00e9dicaments Modapro vous aident \u00e0 rester \u00e9veill\u00e9 pendant la journ\u00e9e ou les heures de travail.<a href=\"https:\/\/buymodafinilonline.com\/fr\/la-verite-sur-le-modafinil\/\"> M\u00e9dicament Modafinil<\/a> est principalement approuv\u00e9 par la Food and Drug Administration (FDA) pour traiter les troubles du sommeil dus \u00e0 la narcolepsie, aux troubles du sommeil li\u00e9s au travail post\u00e9 (SWSD), au syndrome d&#8217;apn\u00e9e \/ hypopn\u00e9e obstructive du sommeil (SAOS). Off-label, il est \u00e9galement prescrit pour le trouble d\u00e9ficitaire de l&#8217;attention avec hyperactivit\u00e9 (TDAH), la scl\u00e9rose en plaques, le d\u00e9calage horaire, la d\u00e9pression, la maladie de Parkinson et d&#8217;autres probl\u00e8mes de sant\u00e9.<\/p>\n<p>Les personnes en bonne sant\u00e9 peuvent \u00e9galement utiliser ce type de m\u00e9dicament comme stimulateur cognitif et de productivit\u00e9 lors d&#8217;un travail complexe.<\/p>\n<p>Divers membres du personnel utilisent ce m\u00e9dicament pour apprendre ou effectuer des t\u00e2ches qui n\u00e9cessitent une plus grande puissance c\u00e9r\u00e9brale et une plus grande vigilance. Cette activit\u00e9 est due \u00e0 une substance chimique du cerveau &#8211; la dopamine (un neurotransmetteur que les nerfs du cerveau utilisent pour communiquer). En inhibant la recapture de la dopamine, il r\u00e9compense les effets cognitifs tels que l&#8217;am\u00e9lioration de la m\u00e9moire, l&#8217;am\u00e9lioration de l&#8217;humeur, la vigilance, l&#8217;acuit\u00e9 mentale et d&#8217;autres effets similaires.<\/p>\n<p>Il augmente \u00e9galement la disponibilit\u00e9 synaptique des neurotransmetteurs comme la s\u00e9rotonine, les monoamines, l&#8217;histamine, l&#8217;orexine, l&#8217;ad\u00e9nosine et autres.<\/p>\n<div class=\"su-divider su-divider-style-default\" style=\"margin:10px 0;border-width:3px;border-color:#ffffff00\"><a href=\"#\" style=\"color:#ffffff009\">.<\/a><\/div>\n<h2><strong>Dosage s\u00fbr et utilisation appropri\u00e9e<\/strong><\/h2>\n<div class=\"su-divider su-divider-style-default\" style=\"margin:10px 0;border-width:3px;border-color:#ffffff00\"><a href=\"#\" style=\"color:#ffffff009\">.<\/a><\/div>\nModapro 200 mg est sans danger s&#8217;il est pris par des personnes en bonne sant\u00e9. C&#8217;est beaucoup plus s\u00fbr que Adderall. Cependant, il est recommand\u00e9 de l&#8217;administrer apr\u00e8s consultation d&#8217;un m\u00e9decin sp\u00e9cialiste. Modapro 200 mg est la dose recommand\u00e9e administr\u00e9e une fois par jour et doit \u00eatre pris conform\u00e9ment \u00e0 la prescription du m\u00e9decin.<\/p>\n<p>En cas de prise hors AMM, l&#8217;avis d&#8217;un m\u00e9decin est n\u00e9cessaire. Une dose oubli\u00e9e de Modapro 200 mg comprim\u00e9 doit \u00eatre prise d\u00e8s que vous vous en souvenez. Ne pas surdoser. Ce m\u00e9dicament n&#8217;est pas recommand\u00e9 pour une utilisation chez les patients allergiques aux compos\u00e9s eugero\u00efques.<\/p>\n<div class=\"su-divider su-divider-style-default\" style=\"margin:10px 0;border-width:3px;border-color:#ffffff00\"><a href=\"#\" style=\"color:#ffffff009\">.<\/a><\/div>\n<h2><strong>Les effets secondaires possibles<\/strong><\/h2>\n<div class=\"su-divider su-divider-style-default\" style=\"margin:10px 0;border-width:3px;border-color:#ffffff00\"><a href=\"#\" style=\"color:#ffffff009\">.<\/a><\/div>\nCe \u00abm\u00e9dicament intelligent\u00bb pr\u00e9f\u00e9r\u00e9 au monde est s\u00fbr et bien tol\u00e9r\u00e9, et il a rarement des effets n\u00e9gatifs sur les personnes en bonne sant\u00e9. N\u00e9anmoins, certains effets ind\u00e9sirables peuvent survenir en fonction de l&#8217;\u00e9tat de sant\u00e9 du patient, de la posologie et du respect de la prescription.<\/p>\n<p>Les effets n\u00e9gatifs courants peuvent inclure:<\/p>\n<div class=\"su-divider su-divider-style-default\" style=\"margin:10px 0;border-width:3px;border-color:#ffffff00\"><a href=\"#\" style=\"color:#ffffff009\">.<\/a><\/div>\n<ul>\n<li>maux de t\u00eate, \u00e9tourdissements;<\/li>\n<li>l&#8217;insomnie ;<\/li>\n<li>mal au dos;<\/li>\n<li>se sentir nerveux ou anxieux;<\/li>\n<li>naus\u00e9es, maux d&#8217;estomac, diarrh\u00e9e;<\/li>\n<li>nez encombr\u00e9.<\/li>\n<\/ul>\n<div class=\"su-divider su-divider-style-default\" style=\"margin:10px 0;border-width:3px;border-color:#ffffff00\"><a href=\"#\" style=\"color:#ffffff009\">.<\/a><\/div>\nLes effets n\u00e9gatifs rares mais plus graves comprennent:<\/p>\n<div class=\"su-divider su-divider-style-default\" style=\"margin:10px 0;border-width:3px;border-color:#ffffff00\"><a href=\"#\" style=\"color:#ffffff009\">.<\/a><\/div>\n<ul>\n<li>hypersensibilit\u00e9;<\/li>\n<li>fi\u00e8vre et frissons;<\/li>\n<li>douleur thoracique;<\/li>\n<li>confusion;<\/li>\n<li>fatigue et faiblesse inhabituelles;<\/li>\n<li>Syndrome de Stevens-Johnson et autres.<\/li>\n<\/ul>\n<div class=\"su-divider su-divider-style-default\" style=\"margin:10px 0;border-width:3px;border-color:#ffffff00\"><a href=\"#\" style=\"color:#ffffff009\">.<\/a><\/div>\n[\/vc_column][vc_column width=&#8221;1\/2&#8243;]\n<div class=\"su-divider su-divider-style-default\" style=\"margin:10px 0;border-width:3px;border-color:#ffffff00\"><a href=\"#\" style=\"color:#ffffff009\">.<\/a><\/div>\n<p>Les sympt\u00f4mes d&#8217;un surdosage de Modapro comprennent:<\/p>\n<ul>\n<li>battements de c\u0153ur rapides ou battants;<\/li>\n<li>agitation ou excitation;<\/li>\n<li>la difficult\u00e9 \u00e0 dormir;<\/li>\n<li>augmentation de la pression art\u00e9rielle.<\/li>\n<\/ul>\n<div class=\"su-divider su-divider-style-default\" style=\"margin:10px 0;border-width:3px;border-color:#ffffff00\"><a href=\"#\" style=\"color:#ffffff009\">.<\/a><\/div>\nIl ne s\u2019agit pas d\u2019une liste exhaustive des effets n\u00e9gatifs possibles. Il est \u00e9galement recommand\u00e9 de ne pas conduire de machinerie lourde ni de faire quoi que ce soit qui n\u00e9cessite une attention particuli\u00e8re tant que l&#8217;effet Modapro n&#8217;a pas disparu, car il peut \u00e9galement provoquer somnolence et vertiges. Si l&#8217;un des effets secondaires survient et persiste, ou si vous vous inqui\u00e9tez \u00e0 ce sujet, consultez votre m\u00e9decin sp\u00e9cialiste pour obtenir de l&#8217;aide.<\/p>\n<div class=\"su-divider su-divider-style-default\" style=\"margin:10px 0;border-width:3px;border-color:#ffffff00\"><a href=\"#\" style=\"color:#ffffff009\">.<\/a><\/div>\n<h2><strong>Contre-indications et mises en garde<\/strong><\/h2>\n<div class=\"su-divider su-divider-style-default\" style=\"margin:10px 0;border-width:3px;border-color:#ffffff00\"><a href=\"#\" style=\"color:#ffffff009\">.<\/a><\/div>\nSuivez strictement toutes les instructions et mises en garde sur l&#8217;\u00e9tiquette et prenez le comprim\u00e9 Modapro 200 mg uniquement comme indiqu\u00e9. Il est recommand\u00e9 d&#8217;informer le m\u00e9decin de tous les autres m\u00e9dicaments et plantes m\u00e9dicinales que vous utilisez et de tous vos probl\u00e8mes de sant\u00e9, y compris les reins, le foie, les probl\u00e8mes cardiaques ou des ant\u00e9c\u00e9dents de convulsions, entre autres probl\u00e8mes de sant\u00e9 avant de prendre ce m\u00e9dicament.<\/p>\n<p>Le m\u00e9langer avec de l&#8217;alcool n&#8217;est pas recommand\u00e9. Il peut augmenter le risque de somnolence, d&#8217;\u00e9tourdissements et de troubles du jugement, entre autres effets ind\u00e9sirables sans pr\u00e9c\u00e9dent.<\/p>\n<p>Ne pas m\u00e9langer avec d&#8217;autres m\u00e9dicaments. Cela peut provoquer des interactions qui pourraient nuire \u00e0 votre sant\u00e9. Modapro interagit avec d&#8217;autres m\u00e9dicaments, notamment:<\/p>\n<div class=\"su-divider su-divider-style-default\" style=\"margin:10px 0;border-width:3px;border-color:#ffffff00\"><a href=\"#\" style=\"color:#ffffff009\">.<\/a><\/div>\n<ul>\n<li>Substrats CYP3A4 \/ 5 et CYP2C19;<\/li>\n<li>warfarine;<\/li>\n<li>m\u00e9dicaments contraceptifs;<\/li>\n<li>Inhibiteurs de MAO;<\/li>\n<li>Stimulants du SNC et autres.<\/li>\n<\/ul>\n<div class=\"su-divider su-divider-style-default\" style=\"margin:10px 0;border-width:3px;border-color:#ffffff00\"><a href=\"#\" style=\"color:#ffffff009\">.<\/a><\/div>\nCe n&#8217;est pas une liste exhaustive. Modapro fonctionne bien avec les aliments, mais certains aliments peuvent retarder son d\u00e9but d&#8217;action.<\/p>\n<div class=\"su-divider su-divider-style-default\" style=\"margin:10px 0;border-width:3px;border-color:#ffffff00\"><a href=\"#\" style=\"color:#ffffff009\">.<\/a><\/div>\n<h2><strong>Acheter G\u00e9n\u00e9rique Modapro 200mg (Modafinil) En Ligne<\/strong><\/h2>\n<div class=\"su-divider su-divider-style-default\" style=\"margin:10px 0;border-width:3px;border-color:#ffffff00\"><a href=\"#\" style=\"color:#ffffff009\">.<\/a><\/div>\nBuyModafinilOnline (BMO) est la meilleure pharmacie en ligne pour acheter pas cher, mais<a href=\"https:\/\/buymodafinilonline.com\/smart-drugs-bestsellers\/\"> nootropiques de haute qualit\u00e9<\/a> over-the-counter (OTC) provenant de fabricants indiens approuv\u00e9s. Nous livrons<a href=\"https:\/\/buymodafinilonline.com\/generics\/\"> modafinil g\u00e9n\u00e9rique<\/a> (<a href=\"https:\/\/buymodafinilonline.com\/fr\/medicaments-intelligents\/modapro-200-mg\/\"> Modapro 200 mg<\/a> ,<a href=\"https:\/\/buymodafinilonline.com\/fr\/medicaments-intelligents\/modatec-200-mg\/\"> Modatec 200 mg<\/a> ,<a href=\"https:\/\/buymodafinilonline.com\/fr\/medicaments-intelligents\/modaheal-200-mg\/\"> Modaheal 200 mg<\/a> , etc.) par courrier de l&#8217;Inde \u00e0 votre emplacement aux frais de fabrication. Nous proposons \u00e9galement<a href=\"https:\/\/buymodafinilonline.com\/free-trial\/\"> \u00e9chantillons d&#8217;essai gratuits<\/a> de nos best-sellers modafinil et armodafinil.<\/p>\n<p>Notre<a href=\"https:\/\/buymodafinilonline.com\/fr\/vendeur-modafinil-confiance\/\"> avis fiables<\/a> sur Yotpo, Trustpilot et Reddit proviennent d&#8217;acheteurs qui ont command\u00e9 dans notre e-pharmacie. Colis BMO<a href=\"https:\/\/buymodafinilonline.com\/fr\/meilleur-fournisseur-france\/\"> livraison<\/a> est dans le monde entier, \u00e0 l&#8217;exception de quelques pays r\u00e9pertori\u00e9s. Nous offrons \u00e9galement la livraison gratuite sur les commandes sup\u00e9rieures \u00e0 80 $ pour la livraison standard par avion ou la livraison express gratuite pour les commandes sup\u00e9rieures \u00e0 150 $. En outre, BuyModafinilOnline offre des<a href=\"https:\/\/buymodafinilonline.com\/refund-reshipment\/\"> remboursements et r\u00e9exp\u00e9dition<\/a> en cas de non-livraison.<\/p>\n<p>Nous acceptons une vari\u00e9t\u00e9 de m\u00e9thodes de paiement s\u00fbres et s\u00e9curis\u00e9es, y compris les principales cartes de cr\u00e9dit (MasterCard, Visa), PayPal, Zelle, American Express, e-Check, Bitcoin (avec une <a href=\"https:\/\/buymodafinilonline.com\/fr\/payez-avec-des-bitcoins\/\">r\u00e9duction de 23%<\/a>), et d&#8217;autres crypto-monnaies. \u00c9conomisez plus d&#8217;argent en utilisant notre<a href=\"https:\/\/buymodafinilonline.com\/coupons-deals-promo-codes\/\"> coupons de r\u00e9duction de prix<\/a> , offres, offres et r\u00e9ductions.<\/p>\n<div class=\"su-divider su-divider-style-default\" style=\"margin:10px 0;border-width:3px;border-color:#ffffff00\"><a href=\"#\" style=\"color:#ffffff009\">.<\/a><\/div>\n[\/vc_column]\n<div class=\"su-divider su-divider-style-default\" style=\"margin:10px 0;border-width:3px;border-color:#ffffff00\"><a href=\"#\" style=\"color:#ffffff009\">.<\/a><\/div>\n","protected":false},"excerpt":{"rendered":"<p>Modapro 200 mg est fabriqu\u00e9 par Cipla Ltd. Son ingr\u00e9dient actif est le modafinil. Modapro est largement utilis\u00e9 comme m\u00e9dicament favorisant l&#8217;\u00e9veil chez les patients pr\u00e9sentant une somnolence extr\u00eame pendant la journ\u00e9e ou en raison de troubles du sommeil. Il est \u00e9galement utilis\u00e9 comme productivit\u00e9 ou comme am\u00e9liorateur cognitif. Obtenez ce m\u00e9dicament dans notre e-pharmacie au prix le plus bas. Nous proposons \u00e9galement des \u00e9chantillons d&#8217;essai gratuits de modafinil et d&#8217;armodafinil. Notre exp\u00e9dition est garantie \u00e0 100%.<\/p>\n[sc name=\"s1\"]\n","protected":false},"featured_media":398174,"comment_status":"open","ping_status":"closed","template":"","meta":{"_acf_changed":false},"product_brand":[],"product_cat":[3785],"product_tag":[3850],"class_list":{"0":"post-408808","1":"product","2":"type-product","3":"status-publish","4":"has-post-thumbnail","6":"product_cat-marques-medicaments-intelligents","7":"product_tag-modafinil-fr","9":"first","10":"instock","11":"sale","12":"shipping-taxable","13":"purchasable","14":"product-type-variable","15":"has-default-attributes"},"acf":[],"yoast_head":"<!-- This site is optimized with the Yoast SEO Premium plugin v23.6 (Yoast SEO v27.3) - https:\/\/yoast.com\/product\/yoast-seo-premium-wordpress\/ -->\n<title>Acheter pas cher Modapro 200 MG (Modafinil) M\u00e9dicaments OTC - BuyModafinilOnline<\/title>\n<meta name=\"description\" content=\"Achetez des comprim\u00e9s de Modapro 200 mg en ligne aupr\u00e8s du fabricant Cipla. Achetez Modapro 200 mg (modafinil) au meilleur prix \u00e0 la pharmacie BuyModafinilOnline. Payez avec Bitcoin et obtenez une r\u00e9duction garantie de 23% !\" \/>\n<meta name=\"robots\" content=\"index, follow, max-snippet:-1, max-image-preview:large, max-video-preview:-1\" \/>\n<link rel=\"canonical\" href=\"https:\/\/buymodafinilonline.com\/fr\/medicaments-intelligents\/modapro-200-mg\/\" \/>\n<meta property=\"og:locale\" content=\"fr_FR\" \/>\n<meta property=\"og:type\" content=\"article\" \/>\n<meta property=\"og:title\" content=\"Modapro 200 MG\" \/>\n<meta property=\"og:description\" content=\"Achetez des comprim\u00e9s de Modapro 200 mg en ligne aupr\u00e8s du fabricant Cipla. Achetez Modapro 200 mg (modafinil) au meilleur prix \u00e0 la pharmacie BuyModafinilOnline. Payez avec Bitcoin et obtenez une r\u00e9duction garantie de 23% !\" \/>\n<meta property=\"og:url\" content=\"https:\/\/buymodafinilonline.com\/fr\/medicaments-intelligents\/modapro-200-mg\/\" \/>\n<meta property=\"og:site_name\" content=\"BuyModafinilOnline.com\" \/>\n<meta property=\"article:modified_time\" content=\"2025-04-25T09:34:47+00:00\" \/>\n<meta property=\"og:image\" content=\"https:\/\/buymodafinilonline.com\/wp-content\/uploads\/2020\/04\/bmo-product-modapro-200-mg.png\" \/>\n\t<meta property=\"og:image:width\" content=\"1280\" \/>\n\t<meta property=\"og:image:height\" content=\"1500\" \/>\n\t<meta property=\"og:image:type\" content=\"image\/png\" \/>\n<meta name=\"twitter:label1\" content=\"Dur\u00e9e de lecture estim\u00e9e\" \/>\n\t<meta name=\"twitter:data1\" content=\"5 minutes\" \/>\n<script type=\"application\/ld+json\" class=\"yoast-schema-graph\">{\"@context\":\"https:\\\/\\\/schema.org\",\"@graph\":[{\"@type\":\"WebPage\",\"@id\":\"https:\\\/\\\/buymodafinilonline.com\\\/fr\\\/medicaments-intelligents\\\/modapro-200-mg\\\/\",\"url\":\"https:\\\/\\\/buymodafinilonline.com\\\/fr\\\/medicaments-intelligents\\\/modapro-200-mg\\\/\",\"name\":\"Acheter pas cher Modapro 200 MG (Modafinil) M\u00e9dicaments OTC - BuyModafinilOnline\",\"isPartOf\":{\"@id\":\"https:\\\/\\\/buymodafinilonline.com\\\/fr\\\/#website\"},\"primaryImageOfPage\":{\"@id\":\"https:\\\/\\\/buymodafinilonline.com\\\/fr\\\/medicaments-intelligents\\\/modapro-200-mg\\\/#primaryimage\"},\"image\":{\"@id\":\"https:\\\/\\\/buymodafinilonline.com\\\/fr\\\/medicaments-intelligents\\\/modapro-200-mg\\\/#primaryimage\"},\"thumbnailUrl\":\"https:\\\/\\\/buymodafinilonline.com\\\/wp-content\\\/uploads\\\/2020\\\/04\\\/bmo-product-modapro-200-mg.png\",\"datePublished\":\"2020-11-08T16:17:41+00:00\",\"dateModified\":\"2025-04-25T09:34:47+00:00\",\"description\":\"Achetez des comprim\u00e9s de Modapro 200 mg en ligne aupr\u00e8s du fabricant Cipla. Achetez Modapro 200 mg (modafinil) au meilleur prix \u00e0 la pharmacie BuyModafinilOnline. Payez avec Bitcoin et obtenez une r\u00e9duction garantie de 23% !\",\"breadcrumb\":{\"@id\":\"https:\\\/\\\/buymodafinilonline.com\\\/fr\\\/medicaments-intelligents\\\/modapro-200-mg\\\/#breadcrumb\"},\"inLanguage\":\"fr-FR\",\"potentialAction\":[{\"@type\":\"ReadAction\",\"target\":[\"https:\\\/\\\/buymodafinilonline.com\\\/fr\\\/medicaments-intelligents\\\/modapro-200-mg\\\/\"]}]},{\"@type\":\"ImageObject\",\"inLanguage\":\"fr-FR\",\"@id\":\"https:\\\/\\\/buymodafinilonline.com\\\/fr\\\/medicaments-intelligents\\\/modapro-200-mg\\\/#primaryimage\",\"url\":\"https:\\\/\\\/buymodafinilonline.com\\\/wp-content\\\/uploads\\\/2020\\\/04\\\/bmo-product-modapro-200-mg.png\",\"contentUrl\":\"https:\\\/\\\/buymodafinilonline.com\\\/wp-content\\\/uploads\\\/2020\\\/04\\\/bmo-product-modapro-200-mg.png\",\"width\":1280,\"height\":1500,\"caption\":\"Modapro 200 mg\"},{\"@type\":\"BreadcrumbList\",\"@id\":\"https:\\\/\\\/buymodafinilonline.com\\\/fr\\\/medicaments-intelligents\\\/modapro-200-mg\\\/#breadcrumb\",\"itemListElement\":[{\"@type\":\"ListItem\",\"position\":1,\"name\":\"Buy Modafinil Online\",\"item\":\"https:\\\/\\\/buymodafinilonline.com\\\/fr\\\/\"},{\"@type\":\"ListItem\",\"position\":2,\"name\":\"Boutique\",\"item\":\"https:\\\/\\\/buymodafinilonline.com\\\/fr\\\/boutique\\\/\"},{\"@type\":\"ListItem\",\"position\":3,\"name\":\"Marques de m\u00e9dicaments intelligents\",\"item\":\"https:\\\/\\\/buymodafinilonline.com\\\/fr\\\/categorie-de-produit\\\/marques-medicaments-intelligents\\\/\"},{\"@type\":\"ListItem\",\"position\":4,\"name\":\"Modapro 200 MG\"}]},{\"@type\":\"WebSite\",\"@id\":\"https:\\\/\\\/buymodafinilonline.com\\\/fr\\\/#website\",\"url\":\"https:\\\/\\\/buymodafinilonline.com\\\/fr\\\/\",\"name\":\"BuyModafinilOnline.com\",\"description\":\"Modafinil Online Pharmacy\",\"publisher\":{\"@id\":\"https:\\\/\\\/buymodafinilonline.com\\\/fr\\\/#organization\"},\"potentialAction\":[{\"@type\":\"SearchAction\",\"target\":{\"@type\":\"EntryPoint\",\"urlTemplate\":\"https:\\\/\\\/buymodafinilonline.com\\\/fr\\\/?s={search_term_string}\"},\"query-input\":{\"@type\":\"PropertyValueSpecification\",\"valueRequired\":true,\"valueName\":\"search_term_string\"}}],\"inLanguage\":\"fr-FR\"},{\"@type\":\"Organization\",\"@id\":\"https:\\\/\\\/buymodafinilonline.com\\\/fr\\\/#organization\",\"name\":\"BuyModafinilOnline\",\"url\":\"https:\\\/\\\/buymodafinilonline.com\\\/fr\\\/\",\"logo\":{\"@type\":\"ImageObject\",\"inLanguage\":\"fr-FR\",\"@id\":\"https:\\\/\\\/buymodafinilonline.com\\\/fr\\\/#\\\/schema\\\/logo\\\/image\\\/\",\"url\":\"https:\\\/\\\/buymodafinilonline.com\\\/wp-content\\\/uploads\\\/2020\\\/04\\\/logo-buy-modafinil-online-yellow.png\",\"contentUrl\":\"https:\\\/\\\/buymodafinilonline.com\\\/wp-content\\\/uploads\\\/2020\\\/04\\\/logo-buy-modafinil-online-yellow.png\",\"width\":200,\"height\":200,\"caption\":\"BuyModafinilOnline\"},\"image\":{\"@id\":\"https:\\\/\\\/buymodafinilonline.com\\\/fr\\\/#\\\/schema\\\/logo\\\/image\\\/\"}}]}<\/script>\n<!-- \/ Yoast SEO Premium plugin. -->","yoast_head_json":{"title":"Acheter pas cher Modapro 200 MG (Modafinil) M\u00e9dicaments OTC - BuyModafinilOnline","description":"Achetez des comprim\u00e9s de Modapro 200 mg en ligne aupr\u00e8s du fabricant Cipla. Achetez Modapro 200 mg (modafinil) au meilleur prix \u00e0 la pharmacie BuyModafinilOnline. Payez avec Bitcoin et obtenez une r\u00e9duction garantie de 23% !","robots":{"index":"index","follow":"follow","max-snippet":"max-snippet:-1","max-image-preview":"max-image-preview:large","max-video-preview":"max-video-preview:-1"},"canonical":"https:\/\/buymodafinilonline.com\/fr\/medicaments-intelligents\/modapro-200-mg\/","og_locale":"fr_FR","og_type":"article","og_title":"Modapro 200 MG","og_description":"Achetez des comprim\u00e9s de Modapro 200 mg en ligne aupr\u00e8s du fabricant Cipla. Achetez Modapro 200 mg (modafinil) au meilleur prix \u00e0 la pharmacie BuyModafinilOnline. Payez avec Bitcoin et obtenez une r\u00e9duction garantie de 23% !","og_url":"https:\/\/buymodafinilonline.com\/fr\/medicaments-intelligents\/modapro-200-mg\/","og_site_name":"BuyModafinilOnline.com","article_modified_time":"2025-04-25T09:34:47+00:00","og_image":[{"width":1280,"height":1500,"url":"https:\/\/buymodafinilonline.com\/wp-content\/uploads\/2020\/04\/bmo-product-modapro-200-mg.png","type":"image\/png"}],"twitter_misc":{"Dur\u00e9e de lecture estim\u00e9e":"5 minutes"},"schema":{"@context":"https:\/\/schema.org","@graph":[{"@type":"WebPage","@id":"https:\/\/buymodafinilonline.com\/fr\/medicaments-intelligents\/modapro-200-mg\/","url":"https:\/\/buymodafinilonline.com\/fr\/medicaments-intelligents\/modapro-200-mg\/","name":"Acheter pas cher Modapro 200 MG (Modafinil) M\u00e9dicaments OTC - BuyModafinilOnline","isPartOf":{"@id":"https:\/\/buymodafinilonline.com\/fr\/#website"},"primaryImageOfPage":{"@id":"https:\/\/buymodafinilonline.com\/fr\/medicaments-intelligents\/modapro-200-mg\/#primaryimage"},"image":{"@id":"https:\/\/buymodafinilonline.com\/fr\/medicaments-intelligents\/modapro-200-mg\/#primaryimage"},"thumbnailUrl":"https:\/\/buymodafinilonline.com\/wp-content\/uploads\/2020\/04\/bmo-product-modapro-200-mg.png","datePublished":"2020-11-08T16:17:41+00:00","dateModified":"2025-04-25T09:34:47+00:00","description":"Achetez des comprim\u00e9s de Modapro 200 mg en ligne aupr\u00e8s du fabricant Cipla. Achetez Modapro 200 mg (modafinil) au meilleur prix \u00e0 la pharmacie BuyModafinilOnline. Payez avec Bitcoin et obtenez une r\u00e9duction garantie de 23% !","breadcrumb":{"@id":"https:\/\/buymodafinilonline.com\/fr\/medicaments-intelligents\/modapro-200-mg\/#breadcrumb"},"inLanguage":"fr-FR","potentialAction":[{"@type":"ReadAction","target":["https:\/\/buymodafinilonline.com\/fr\/medicaments-intelligents\/modapro-200-mg\/"]}]},{"@type":"ImageObject","inLanguage":"fr-FR","@id":"https:\/\/buymodafinilonline.com\/fr\/medicaments-intelligents\/modapro-200-mg\/#primaryimage","url":"https:\/\/buymodafinilonline.com\/wp-content\/uploads\/2020\/04\/bmo-product-modapro-200-mg.png","contentUrl":"https:\/\/buymodafinilonline.com\/wp-content\/uploads\/2020\/04\/bmo-product-modapro-200-mg.png","width":1280,"height":1500,"caption":"Modapro 200 mg"},{"@type":"BreadcrumbList","@id":"https:\/\/buymodafinilonline.com\/fr\/medicaments-intelligents\/modapro-200-mg\/#breadcrumb","itemListElement":[{"@type":"ListItem","position":1,"name":"Buy Modafinil Online","item":"https:\/\/buymodafinilonline.com\/fr\/"},{"@type":"ListItem","position":2,"name":"Boutique","item":"https:\/\/buymodafinilonline.com\/fr\/boutique\/"},{"@type":"ListItem","position":3,"name":"Marques de m\u00e9dicaments intelligents","item":"https:\/\/buymodafinilonline.com\/fr\/categorie-de-produit\/marques-medicaments-intelligents\/"},{"@type":"ListItem","position":4,"name":"Modapro 200 MG"}]},{"@type":"WebSite","@id":"https:\/\/buymodafinilonline.com\/fr\/#website","url":"https:\/\/buymodafinilonline.com\/fr\/","name":"BuyModafinilOnline.com","description":"Modafinil Online Pharmacy","publisher":{"@id":"https:\/\/buymodafinilonline.com\/fr\/#organization"},"potentialAction":[{"@type":"SearchAction","target":{"@type":"EntryPoint","urlTemplate":"https:\/\/buymodafinilonline.com\/fr\/?s={search_term_string}"},"query-input":{"@type":"PropertyValueSpecification","valueRequired":true,"valueName":"search_term_string"}}],"inLanguage":"fr-FR"},{"@type":"Organization","@id":"https:\/\/buymodafinilonline.com\/fr\/#organization","name":"BuyModafinilOnline","url":"https:\/\/buymodafinilonline.com\/fr\/","logo":{"@type":"ImageObject","inLanguage":"fr-FR","@id":"https:\/\/buymodafinilonline.com\/fr\/#\/schema\/logo\/image\/","url":"https:\/\/buymodafinilonline.com\/wp-content\/uploads\/2020\/04\/logo-buy-modafinil-online-yellow.png","contentUrl":"https:\/\/buymodafinilonline.com\/wp-content\/uploads\/2020\/04\/logo-buy-modafinil-online-yellow.png","width":200,"height":200,"caption":"BuyModafinilOnline"},"image":{"@id":"https:\/\/buymodafinilonline.com\/fr\/#\/schema\/logo\/image\/"}}]}},"_links":{"self":[{"href":"https:\/\/buymodafinilonline.com\/fr\/wp-json\/wp\/v2\/product\/408808","targetHints":{"allow":["GET"]}}],"collection":[{"href":"https:\/\/buymodafinilonline.com\/fr\/wp-json\/wp\/v2\/product"}],"about":[{"href":"https:\/\/buymodafinilonline.com\/fr\/wp-json\/wp\/v2\/types\/product"}],"replies":[{"embeddable":true,"href":"https:\/\/buymodafinilonline.com\/fr\/wp-json\/wp\/v2\/comments?post=408808"}],"wp:featuredmedia":[{"embeddable":true,"href":"https:\/\/buymodafinilonline.com\/fr\/wp-json\/wp\/v2\/media\/398174"}],"wp:attachment":[{"href":"https:\/\/buymodafinilonline.com\/fr\/wp-json\/wp\/v2\/media?parent=408808"}],"wp:term":[{"taxonomy":"product_brand","embeddable":true,"href":"https:\/\/buymodafinilonline.com\/fr\/wp-json\/wp\/v2\/product_brand?post=408808"},{"taxonomy":"product_cat","embeddable":true,"href":"https:\/\/buymodafinilonline.com\/fr\/wp-json\/wp\/v2\/product_cat?post=408808"},{"taxonomy":"product_tag","embeddable":true,"href":"https:\/\/buymodafinilonline.com\/fr\/wp-json\/wp\/v2\/product_tag?post=408808"}],"curies":[{"name":"wp","href":"https:\/\/api.w.org\/{rel}","templated":true}]}}