{"id":408809,"date":"2020-04-18T19:43:12","date_gmt":"2020-11-08T16:17:43","guid":{"rendered":"https:\/\/buymodafinilonline.com\/smart-drugs\/modatec-200-mg\/"},"modified":"2025-04-25T10:35:23","modified_gmt":"2025-04-25T09:35:23","slug":"modatec-200-mg","status":"publish","type":"product","link":"https:\/\/buymodafinilonline.com\/fr\/medicaments-intelligents\/modatec-200-mg\/","title":{"rendered":"Modatec 200 MG"},"content":{"rendered":"[vc_column width=&#8221;1\/2&#8243;]\n<div class=\"su-divider su-divider-style-default\" style=\"margin:10px 0;border-width:3px;border-color:#ffffff00\"><a href=\"#\" style=\"color:#ffffff009\">.<\/a><\/div>\n<h2>Qu&#8217;est-ce que Modatec 200 mg?<\/h2>\n<div class=\"su-divider su-divider-style-default\" style=\"margin:10px 0;border-width:3px;border-color:#ffffff00\"><a href=\"#\" style=\"color:#ffffff009\">.<\/a><\/div>\nModafinil, un ingr\u00e9dient actif de Modatec, a \u00e9t\u00e9 approuv\u00e9 par la FDA (Food and Drug Administration) des \u00c9tats-Unis comme traitement de la somnolence incontr\u00f4lable due \u00e0 la narcolepsie, aux troubles du sommeil au travail par \u00e9quipes (SWSD) et \u00e0 l&#8217;apn\u00e9e obstructive du sommeil (AOS). Il est \u00e9galement prescrit hors AMM aux patients atteints de trouble d&#8217;hyperactivit\u00e9 avec d\u00e9ficit de l&#8217;attention (TDAH), de fatigue li\u00e9e \u00e0 la scl\u00e9rose en plaques, de d\u00e9calage horaire, de maladie de Parkinson, de d\u00e9pression et d&#8217;autres probl\u00e8mes de sant\u00e9. Les personnes en bonne sant\u00e9 peuvent \u00e9galement utiliser Modatec 200 mg comme acc\u00e9l\u00e9rateur de productivit\u00e9 et amplificateur cognitif lors de t\u00e2ches complexes n\u00e9cessitant une puissance c\u00e9r\u00e9brale et une vigilance accrues.<\/p>\n<p>Ce m\u00e9dicament agit efficacement en stimulant diverses substances chimiques c\u00e9r\u00e9brales, qui contr\u00f4lent le cycle veille-sommeil, y compris un neurotransmetteur tr\u00e8s important &#8211; la dopamine (un messager chimique que les neurones utilisent pour communiquer). Modatec renforce l&#8217;effet de la dopamine en augmentant ses concentrations dans l&#8217;organisme. Il augmente \u00e9galement la disponibilit\u00e9 synaptique des neurotransmetteurs comme la s\u00e9rotonine, l&#8217;histamine, l&#8217;orexine, l&#8217;ad\u00e9nosine. En inhibant la recapture de la dopamine, il apporte des r\u00e9compenses en effets cognitifs tels que l&#8217;am\u00e9lioration de la m\u00e9moire, l&#8217;am\u00e9lioration de l&#8217;humeur, la vigilance, l&#8217;acuit\u00e9 mentale et autres.<\/p>\n<div class=\"su-divider su-divider-style-default\" style=\"margin:10px 0;border-width:3px;border-color:#ffffff00\"><a href=\"#\" style=\"color:#ffffff009\">.<\/a><\/div>\n<h2><strong>Dosage s\u00fbr et utilisation appropri\u00e9e<\/strong><\/h2>\n<div class=\"su-divider su-divider-style-default\" style=\"margin:10px 0;border-width:3px;border-color:#ffffff00\"><a href=\"#\" style=\"color:#ffffff009\">.<\/a><\/div>\nLe modafinil est s\u00fbr et bien tol\u00e9r\u00e9 chez les individus en bonne sant\u00e9 &#8211; c&#8217;est \u00able premier m\u00e9dicament intelligent s\u00fbr au monde\u00bb. Cependant, avant de prendre un nootropique contenant cet ingr\u00e9dient actif et sous traitement m\u00e9dicamenteux, la s\u00e9curit\u00e9 devrait \u00eatre utile. La dose recommand\u00e9e de Modatec est de 200 mg. Laissez votre m\u00e9decin \u00e9valuer votre sant\u00e9 pour d\u00e9terminer si ce m\u00e9dicament vous convient le mieux, en fonction de l&#8217;\u00e9volution de votre \u00e9tat de sant\u00e9.<\/p>\n<p>La posologie doit \u00eatre prise conform\u00e9ment \u00e0 la prescription. Si le but de l&#8217;administration est de traiter la narcolepsie ou l&#8217;AOS, un comprim\u00e9 doit \u00eatre pris une fois par jour le matin. Pour le SWSD, consommez une dose environ une heure avant le quart de travail. Si vous pr\u00e9voyez de prendre ce m\u00e9dicament hors AMM, consultez un m\u00e9decin sp\u00e9cialiste pour vous donner la bonne prescription. Un ajustement posologique peut \u00eatre n\u00e9cessaire en fonction de votre \u00e9tat de sant\u00e9, c&#8217;est-\u00e0-dire que si vous \u00eates diagnostiqu\u00e9 avec une insuffisance h\u00e9patique s\u00e9v\u00e8re, Modatec 200 mg doit \u00eatre r\u00e9duit de moiti\u00e9. Ne prenez pas plus d&#8217;un comprim\u00e9 par jour (une surdose) car cela peut contribuer \u00e0 de graves probl\u00e8mes de sant\u00e9.<\/p>\n<div class=\"su-divider su-divider-style-default\" style=\"margin:10px 0;border-width:3px;border-color:#ffffff00\"><a href=\"#\" style=\"color:#ffffff009\">.<\/a><\/div>\n<h2><strong>Les effets secondaires possibles<\/strong><\/h2>\n<div class=\"su-divider su-divider-style-default\" style=\"margin:10px 0;border-width:3px;border-color:#ffffff00\"><a href=\"#\" style=\"color:#ffffff009\">.<\/a><\/div>\nPrendre ce m\u00e9dicament de mani\u00e8re appropri\u00e9e avec un corps sain ne provoque aucun effet secondaire; cependant, ils ne peuvent pas \u00eatre totalement exclus. Il est recommand\u00e9 de consulter un m\u00e9decin pour \u00e9valuer votre \u00e9tat de sant\u00e9 pour une \u00e9ventuelle condition m\u00e9dicale qui pourrait d\u00e9clencher des effets secondaires graves.<\/p>\n<p>Les effets n\u00e9gatifs courants potentiels li\u00e9s \u00e0 l&#8217;utilisation de Modatec 200 mg peuvent inclure:<\/p>\n<div class=\"su-divider su-divider-style-default\" style=\"margin:10px 0;border-width:3px;border-color:#ffffff00\"><a href=\"#\" style=\"color:#ffffff009\">.<\/a><\/div>\n<ul>\n<li>maux de t\u00eate, \u00e9tourdissements;<\/li>\n<li>l&#8217;insomnie ;<\/li>\n<li>se sentir nerveux ou anxieux;<\/li>\n<li>naus\u00e9es, maux d&#8217;estomac, diarrh\u00e9e;<\/li>\n<li>nez encombr\u00e9.<\/li>\n<\/ul>\n<div class=\"su-divider su-divider-style-default\" style=\"margin:10px 0;border-width:3px;border-color:#ffffff00\"><a href=\"#\" style=\"color:#ffffff009\">.<\/a><\/div>\n[\/vc_column][vc_column width=&#8221;1\/2&#8243;]\n<div class=\"su-divider su-divider-style-default\" style=\"margin:10px 0;border-width:3px;border-color:#ffffff00\"><a href=\"#\" style=\"color:#ffffff009\">.<\/a><\/div>\n<p>Les effets n\u00e9gatifs rares mais plus graves comprennent:<br \/>\n<div class=\"su-divider su-divider-style-default\" style=\"margin:10px 0;border-width:3px;border-color:#ffffff00\"><a href=\"#\" style=\"color:#ffffff009\">.<\/a><\/div>\n<ul>\n<li>hypersensibilit\u00e9;<\/li>\n<li>fi\u00e8vre et frissons;<\/li>\n<li>douleur thoracique;<\/li>\n<li>confusion;<\/li>\n<li>fatigue et faiblesse inhabituelles;<\/li>\n<li>Syndrome de Stevens-Johnson et autres.<\/li>\n<\/ul>\n<div class=\"su-divider su-divider-style-default\" style=\"margin:10px 0;border-width:3px;border-color:#ffffff00\"><a href=\"#\" style=\"color:#ffffff009\">.<\/a><\/div>\nCe n&#8217;est pas une liste compl\u00e8te des effets n\u00e9gatifs possibles. Il est \u00e9galement recommand\u00e9 de ne pas conduire ni de faire quoi que ce soit qui n\u00e9cessite une concentration mentale et une attention jusqu&#8217;\u00e0 ce que vous sachiez comment ce m\u00e9dicament affecte votre syst\u00e8me. Si l&#8217;un des effets n\u00e9gatifs survient et persiste, consultez un m\u00e9decin pour obtenir de l&#8217;aide.<\/p>\n<div class=\"su-divider su-divider-style-default\" style=\"margin:10px 0;border-width:3px;border-color:#ffffff00\"><a href=\"#\" style=\"color:#ffffff009\">.<\/a><\/div>\n<h2><strong>Contre-indications et mises en garde<\/strong><\/h2>\n<div class=\"su-divider su-divider-style-default\" style=\"margin:10px 0;border-width:3px;border-color:#ffffff00\"><a href=\"#\" style=\"color:#ffffff009\">.<\/a><\/div>\nModatec est s\u00fbr s&#8217;il est pris sans m\u00e9lange avec d&#8217;autres m\u00e9dicaments. Il est recommand\u00e9 de donner une liste compl\u00e8te des m\u00e9dicaments (sur ordonnance \/ en vente libre) ou des plantes m\u00e9dicinales que vous utilisez \u00e0 un m\u00e9decin sp\u00e9cialiste pour l&#8217;\u00e9valuation. De plus, informez un m\u00e9decin de votre \u00e9tat de sant\u00e9, y compris une insuffisance r\u00e9nale ou h\u00e9patique, une maladie cardiaque ou des ant\u00e9c\u00e9dents de convulsions avant de prendre Modatec ou tout autre nootropique.<\/p>\n<p>Ce m\u00e9dicament n&#8217;est pas recommand\u00e9 pour une utilisation chez les patients pr\u00e9sentant une allergie connue aux m\u00e9dicaments nootropes. Les femmes enceintes ou qui allaitent ne doivent utiliser aucun \u00abm\u00e9dicament intelligent\u00bb. Si cela est n\u00e9cessaire, un m\u00e9decin sp\u00e9cialiste doit discuter des risques et des avantages possibles avant de prendre ce m\u00e9dicament \u00e0 base de modafinil.<\/p>\n<div class=\"su-divider su-divider-style-default\" style=\"margin:10px 0;border-width:3px;border-color:#ffffff00\"><a href=\"#\" style=\"color:#ffffff009\">.<\/a><\/div>\n<p>Modatec interagit avec d&#8217;autres m\u00e9dicaments, notamment:<\/p>\n<ul>\n<li>Inhibiteurs de MAO;<\/li>\n<li>Substrats CYP3A4 \/ 5 et CYP2C19;<\/li>\n<li>anticoagulants comme la warfarine;<\/li>\n<li>m\u00e9dicaments contraceptifs;<\/li>\n<li>Stimulants du SNC et autres.<\/li>\n<\/ul>\n<div class=\"su-divider su-divider-style-default\" style=\"margin:10px 0;border-width:3px;border-color:#ffffff00\"><a href=\"#\" style=\"color:#ffffff009\">.<\/a><\/div>\nCe nootropique fonctionne bien avec la plupart des aliments, mais les repas gras peuvent retarder son d\u00e9but d&#8217;action. Le m\u00e9langer avec de l&#8217;alcool n&#8217;est pas recommand\u00e9. Il peut augmenter le risque de somnolence, d&#8217;\u00e9tourdissements et de troubles du jugement, entre autres effets n\u00e9gatifs sans pr\u00e9c\u00e9dent.<\/p>\n<div class=\"su-divider su-divider-style-default\" style=\"margin:10px 0;border-width:3px;border-color:#ffffff00\"><a href=\"#\" style=\"color:#ffffff009\">.<\/a><\/div>\n<h2><strong>Acheter G\u00e9n\u00e9rique Modatec 200mg (Modafinil) En Ligne<\/strong><\/h2>\n<div class=\"su-divider su-divider-style-default\" style=\"margin:10px 0;border-width:3px;border-color:#ffffff00\"><a href=\"#\" style=\"color:#ffffff009\">.<\/a><\/div>\nBuyModafinilOnline est le meilleur fournisseur de nootropes en ligne qui fait de la sant\u00e9 du patient une priorit\u00e9 en se procurant des m\u00e9dicaments de qualit\u00e9 aupr\u00e8s de soci\u00e9t\u00e9s pharmaceutiques approuv\u00e9es. Au mieux, nous proposons des produits en vente libre &#8220;<a href=\"https:\/\/buymodafinilonline.com\/smart-drugs-brands\/\"> m\u00e9dicaments intelligents<\/a> &#8220;(<a href=\"https:\/\/buymodafinilonline.com\/fr\/medicaments-intelligents\/modatec-200-mg\/\"> Modatec<\/a> ,<a href=\"https:\/\/buymodafinilonline.com\/fr\/medicaments-intelligents\/modapro-200-mg\/\"> Modapro<\/a> ,<a href=\"https:\/\/buymodafinilonline.com\/fr\/medicaments-intelligents\/provake-200-mg\/\"> Provake<\/a> ,<a href=\"https:\/\/buymodafinilonline.com\/fr\/medicaments-intelligents\/modfil-200-mg\/\"> Modfil<\/a> , etc.) au co\u00fbt de fabrication. Nous avons aussi<a href=\"https:\/\/buymodafinilonline.com\/free-trial\/\"> \u00e9chantillons d&#8217;essai gratuits<\/a> de nos best-sellers modafinil et armodafinil.<\/p>\n<p>\u00c9conomisez plus d&#8217;argent gr\u00e2ce \u00e0 notre pharmacie en ligne en utilisant des coupons, des offres et des remises. Nous acceptons une vari\u00e9t\u00e9 de m\u00e9thodes de paiement s\u00e9curis\u00e9es, y compris les principales cartes de cr\u00e9dit, AmEx, Zelle, PayPal, e-Check, <a href=\"https:\/\/buymodafinilonline.com\/fr\/payez-avec-des-bitcoins\/\">Bitcoin<\/a> (incluant une r\u00e9duction de 23%), et d&#8217;autres crypto-monnaies.<\/p>\n<p>Notre exp\u00e9dition de colis est ultra-rapide, et nous offrons<a href=\"https:\/\/buymodafinilonline.com\/refund-reshipment\/\"> r\u00e9exp\u00e9dition gratuite ou remboursement \u00e0 100%<\/a> en cas d&#8217;\u00e9chec de livraison. La livraison gratuite existe pour les commandes de plus de 80 $ exp\u00e9di\u00e9es par courrier recommand\u00e9 (une option de livraison standard) et pour les commandes de plus de 150 $ via le service de courrier express (EMS). Plus vous commandez de comprim\u00e9s, plus le co\u00fbt est bas!<\/p>\n<div class=\"su-divider su-divider-style-default\" style=\"margin:10px 0;border-width:3px;border-color:#ffffff00\"><a href=\"#\" style=\"color:#ffffff009\">.<\/a><\/div>\n[\/vc_column]\n<div class=\"su-divider su-divider-style-default\" style=\"margin:10px 0;border-width:3px;border-color:#ffffff00\"><a href=\"#\" style=\"color:#ffffff009\">.<\/a><\/div>\n","protected":false},"excerpt":{"rendered":"<p>Modatec 200 mg est fabriqu\u00e9 par Cipla Ltd. Il contient du modafinil comme ingr\u00e9dient actif. C&#8217;est un agent favorisant l&#8217;\u00e9veil prescrit aux patients pr\u00e9sentant une somnolence extr\u00eame pendant la journ\u00e9e en raison de certains troubles du sommeil. Modatec aide \u00e0 rester \u00e9veill\u00e9 pendant les heures de travail lorsqu&#8217;il n&#8217;y a pas d&#8217;heure de sommeil programm\u00e9e. Il fonctionne \u00e9galement comme un am\u00e9liorateur de productivit\u00e9 et cognitif. Obtenez ce m\u00e9dicament dans notre pharmacie en ligne au co\u00fbt de fabrication ou commandez des \u00e9chantillons d&#8217;essai gratuits des meilleurs vendeurs de modafinil et d&#8217;armodafinil.<\/p>\n[sc name=\"s1\"]\n","protected":false},"featured_media":398181,"comment_status":"open","ping_status":"closed","template":"","meta":{"_acf_changed":false},"product_brand":[],"product_cat":[3785],"product_tag":[3850],"class_list":{"0":"post-408809","1":"product","2":"type-product","3":"status-publish","4":"has-post-thumbnail","6":"product_cat-marques-medicaments-intelligents","7":"product_tag-modafinil-fr","9":"first","10":"instock","11":"sale","12":"shipping-taxable","13":"purchasable","14":"product-type-variable","15":"has-default-attributes"},"acf":[],"yoast_head":"<!-- This site is optimized with the Yoast SEO Premium plugin v23.6 (Yoast SEO v27.3) - https:\/\/yoast.com\/product\/yoast-seo-premium-wordpress\/ -->\n<title>Acheter Modatec 200 MG (Modafinil) Comprim\u00e9s en vente libre - BuyModafinilOnline<\/title>\n<meta name=\"description\" content=\"M\u00e9dicaments Modatec 200 mg bon march\u00e9 en ligne du fabricant Cipla. Achetez Modatec 200 mg (modafinil) OTC \u00e0 la pharmacie BuyModafinilOnline. Payez par carte de cr\u00e9dit, PayPal ou Bitcoin et b\u00e9n\u00e9ficiez de remises exceptionnelles!\" \/>\n<meta name=\"robots\" content=\"index, follow, max-snippet:-1, max-image-preview:large, max-video-preview:-1\" \/>\n<link rel=\"canonical\" href=\"https:\/\/buymodafinilonline.com\/fr\/medicaments-intelligents\/modatec-200-mg\/\" \/>\n<meta property=\"og:locale\" content=\"fr_FR\" \/>\n<meta property=\"og:type\" content=\"article\" \/>\n<meta property=\"og:title\" content=\"Modatec 200 MG\" \/>\n<meta property=\"og:description\" content=\"M\u00e9dicaments Modatec 200 mg bon march\u00e9 en ligne du fabricant Cipla. Achetez Modatec 200 mg (modafinil) OTC \u00e0 la pharmacie BuyModafinilOnline. Payez par carte de cr\u00e9dit, PayPal ou Bitcoin et b\u00e9n\u00e9ficiez de remises exceptionnelles!\" \/>\n<meta property=\"og:url\" content=\"https:\/\/buymodafinilonline.com\/fr\/medicaments-intelligents\/modatec-200-mg\/\" \/>\n<meta property=\"og:site_name\" content=\"BuyModafinilOnline.com\" \/>\n<meta property=\"article:modified_time\" content=\"2025-04-25T09:35:23+00:00\" \/>\n<meta property=\"og:image\" content=\"https:\/\/buymodafinilonline.com\/wp-content\/uploads\/2020\/04\/bmo-product-modatec-200-mg.png\" \/>\n\t<meta property=\"og:image:width\" content=\"1280\" \/>\n\t<meta property=\"og:image:height\" content=\"1500\" \/>\n\t<meta property=\"og:image:type\" content=\"image\/png\" \/>\n<meta name=\"twitter:label1\" content=\"Dur\u00e9e de lecture estim\u00e9e\" \/>\n\t<meta name=\"twitter:data1\" content=\"6 minutes\" \/>\n<script type=\"application\/ld+json\" class=\"yoast-schema-graph\">{\"@context\":\"https:\\\/\\\/schema.org\",\"@graph\":[{\"@type\":\"WebPage\",\"@id\":\"https:\\\/\\\/buymodafinilonline.com\\\/fr\\\/medicaments-intelligents\\\/modatec-200-mg\\\/\",\"url\":\"https:\\\/\\\/buymodafinilonline.com\\\/fr\\\/medicaments-intelligents\\\/modatec-200-mg\\\/\",\"name\":\"Acheter Modatec 200 MG (Modafinil) Comprim\u00e9s en vente libre - BuyModafinilOnline\",\"isPartOf\":{\"@id\":\"https:\\\/\\\/buymodafinilonline.com\\\/fr\\\/#website\"},\"primaryImageOfPage\":{\"@id\":\"https:\\\/\\\/buymodafinilonline.com\\\/fr\\\/medicaments-intelligents\\\/modatec-200-mg\\\/#primaryimage\"},\"image\":{\"@id\":\"https:\\\/\\\/buymodafinilonline.com\\\/fr\\\/medicaments-intelligents\\\/modatec-200-mg\\\/#primaryimage\"},\"thumbnailUrl\":\"https:\\\/\\\/buymodafinilonline.com\\\/wp-content\\\/uploads\\\/2020\\\/04\\\/bmo-product-modatec-200-mg.png\",\"datePublished\":\"2020-11-08T16:17:43+00:00\",\"dateModified\":\"2025-04-25T09:35:23+00:00\",\"description\":\"M\u00e9dicaments Modatec 200 mg bon march\u00e9 en ligne du fabricant Cipla. Achetez Modatec 200 mg (modafinil) OTC \u00e0 la pharmacie BuyModafinilOnline. Payez par carte de cr\u00e9dit, PayPal ou Bitcoin et b\u00e9n\u00e9ficiez de remises exceptionnelles!\",\"breadcrumb\":{\"@id\":\"https:\\\/\\\/buymodafinilonline.com\\\/fr\\\/medicaments-intelligents\\\/modatec-200-mg\\\/#breadcrumb\"},\"inLanguage\":\"fr-FR\",\"potentialAction\":[{\"@type\":\"ReadAction\",\"target\":[\"https:\\\/\\\/buymodafinilonline.com\\\/fr\\\/medicaments-intelligents\\\/modatec-200-mg\\\/\"]}]},{\"@type\":\"ImageObject\",\"inLanguage\":\"fr-FR\",\"@id\":\"https:\\\/\\\/buymodafinilonline.com\\\/fr\\\/medicaments-intelligents\\\/modatec-200-mg\\\/#primaryimage\",\"url\":\"https:\\\/\\\/buymodafinilonline.com\\\/wp-content\\\/uploads\\\/2020\\\/04\\\/bmo-product-modatec-200-mg.png\",\"contentUrl\":\"https:\\\/\\\/buymodafinilonline.com\\\/wp-content\\\/uploads\\\/2020\\\/04\\\/bmo-product-modatec-200-mg.png\",\"width\":1280,\"height\":1500,\"caption\":\"Modatec 200 mg\"},{\"@type\":\"BreadcrumbList\",\"@id\":\"https:\\\/\\\/buymodafinilonline.com\\\/fr\\\/medicaments-intelligents\\\/modatec-200-mg\\\/#breadcrumb\",\"itemListElement\":[{\"@type\":\"ListItem\",\"position\":1,\"name\":\"Buy Modafinil Online\",\"item\":\"https:\\\/\\\/buymodafinilonline.com\\\/fr\\\/\"},{\"@type\":\"ListItem\",\"position\":2,\"name\":\"Boutique\",\"item\":\"https:\\\/\\\/buymodafinilonline.com\\\/fr\\\/boutique\\\/\"},{\"@type\":\"ListItem\",\"position\":3,\"name\":\"Marques de m\u00e9dicaments intelligents\",\"item\":\"https:\\\/\\\/buymodafinilonline.com\\\/fr\\\/categorie-de-produit\\\/marques-medicaments-intelligents\\\/\"},{\"@type\":\"ListItem\",\"position\":4,\"name\":\"Modatec 200 MG\"}]},{\"@type\":\"WebSite\",\"@id\":\"https:\\\/\\\/buymodafinilonline.com\\\/fr\\\/#website\",\"url\":\"https:\\\/\\\/buymodafinilonline.com\\\/fr\\\/\",\"name\":\"BuyModafinilOnline.com\",\"description\":\"Modafinil Online Pharmacy\",\"publisher\":{\"@id\":\"https:\\\/\\\/buymodafinilonline.com\\\/fr\\\/#organization\"},\"potentialAction\":[{\"@type\":\"SearchAction\",\"target\":{\"@type\":\"EntryPoint\",\"urlTemplate\":\"https:\\\/\\\/buymodafinilonline.com\\\/fr\\\/?s={search_term_string}\"},\"query-input\":{\"@type\":\"PropertyValueSpecification\",\"valueRequired\":true,\"valueName\":\"search_term_string\"}}],\"inLanguage\":\"fr-FR\"},{\"@type\":\"Organization\",\"@id\":\"https:\\\/\\\/buymodafinilonline.com\\\/fr\\\/#organization\",\"name\":\"BuyModafinilOnline\",\"url\":\"https:\\\/\\\/buymodafinilonline.com\\\/fr\\\/\",\"logo\":{\"@type\":\"ImageObject\",\"inLanguage\":\"fr-FR\",\"@id\":\"https:\\\/\\\/buymodafinilonline.com\\\/fr\\\/#\\\/schema\\\/logo\\\/image\\\/\",\"url\":\"https:\\\/\\\/buymodafinilonline.com\\\/wp-content\\\/uploads\\\/2020\\\/04\\\/logo-buy-modafinil-online-yellow.png\",\"contentUrl\":\"https:\\\/\\\/buymodafinilonline.com\\\/wp-content\\\/uploads\\\/2020\\\/04\\\/logo-buy-modafinil-online-yellow.png\",\"width\":200,\"height\":200,\"caption\":\"BuyModafinilOnline\"},\"image\":{\"@id\":\"https:\\\/\\\/buymodafinilonline.com\\\/fr\\\/#\\\/schema\\\/logo\\\/image\\\/\"}}]}<\/script>\n<!-- \/ Yoast SEO Premium plugin. -->","yoast_head_json":{"title":"Acheter Modatec 200 MG (Modafinil) Comprim\u00e9s en vente libre - BuyModafinilOnline","description":"M\u00e9dicaments Modatec 200 mg bon march\u00e9 en ligne du fabricant Cipla. Achetez Modatec 200 mg (modafinil) OTC \u00e0 la pharmacie BuyModafinilOnline. Payez par carte de cr\u00e9dit, PayPal ou Bitcoin et b\u00e9n\u00e9ficiez de remises exceptionnelles!","robots":{"index":"index","follow":"follow","max-snippet":"max-snippet:-1","max-image-preview":"max-image-preview:large","max-video-preview":"max-video-preview:-1"},"canonical":"https:\/\/buymodafinilonline.com\/fr\/medicaments-intelligents\/modatec-200-mg\/","og_locale":"fr_FR","og_type":"article","og_title":"Modatec 200 MG","og_description":"M\u00e9dicaments Modatec 200 mg bon march\u00e9 en ligne du fabricant Cipla. Achetez Modatec 200 mg (modafinil) OTC \u00e0 la pharmacie BuyModafinilOnline. Payez par carte de cr\u00e9dit, PayPal ou Bitcoin et b\u00e9n\u00e9ficiez de remises exceptionnelles!","og_url":"https:\/\/buymodafinilonline.com\/fr\/medicaments-intelligents\/modatec-200-mg\/","og_site_name":"BuyModafinilOnline.com","article_modified_time":"2025-04-25T09:35:23+00:00","og_image":[{"width":1280,"height":1500,"url":"https:\/\/buymodafinilonline.com\/wp-content\/uploads\/2020\/04\/bmo-product-modatec-200-mg.png","type":"image\/png"}],"twitter_misc":{"Dur\u00e9e de lecture estim\u00e9e":"6 minutes"},"schema":{"@context":"https:\/\/schema.org","@graph":[{"@type":"WebPage","@id":"https:\/\/buymodafinilonline.com\/fr\/medicaments-intelligents\/modatec-200-mg\/","url":"https:\/\/buymodafinilonline.com\/fr\/medicaments-intelligents\/modatec-200-mg\/","name":"Acheter Modatec 200 MG (Modafinil) Comprim\u00e9s en vente libre - BuyModafinilOnline","isPartOf":{"@id":"https:\/\/buymodafinilonline.com\/fr\/#website"},"primaryImageOfPage":{"@id":"https:\/\/buymodafinilonline.com\/fr\/medicaments-intelligents\/modatec-200-mg\/#primaryimage"},"image":{"@id":"https:\/\/buymodafinilonline.com\/fr\/medicaments-intelligents\/modatec-200-mg\/#primaryimage"},"thumbnailUrl":"https:\/\/buymodafinilonline.com\/wp-content\/uploads\/2020\/04\/bmo-product-modatec-200-mg.png","datePublished":"2020-11-08T16:17:43+00:00","dateModified":"2025-04-25T09:35:23+00:00","description":"M\u00e9dicaments Modatec 200 mg bon march\u00e9 en ligne du fabricant Cipla. Achetez Modatec 200 mg (modafinil) OTC \u00e0 la pharmacie BuyModafinilOnline. Payez par carte de cr\u00e9dit, PayPal ou Bitcoin et b\u00e9n\u00e9ficiez de remises exceptionnelles!","breadcrumb":{"@id":"https:\/\/buymodafinilonline.com\/fr\/medicaments-intelligents\/modatec-200-mg\/#breadcrumb"},"inLanguage":"fr-FR","potentialAction":[{"@type":"ReadAction","target":["https:\/\/buymodafinilonline.com\/fr\/medicaments-intelligents\/modatec-200-mg\/"]}]},{"@type":"ImageObject","inLanguage":"fr-FR","@id":"https:\/\/buymodafinilonline.com\/fr\/medicaments-intelligents\/modatec-200-mg\/#primaryimage","url":"https:\/\/buymodafinilonline.com\/wp-content\/uploads\/2020\/04\/bmo-product-modatec-200-mg.png","contentUrl":"https:\/\/buymodafinilonline.com\/wp-content\/uploads\/2020\/04\/bmo-product-modatec-200-mg.png","width":1280,"height":1500,"caption":"Modatec 200 mg"},{"@type":"BreadcrumbList","@id":"https:\/\/buymodafinilonline.com\/fr\/medicaments-intelligents\/modatec-200-mg\/#breadcrumb","itemListElement":[{"@type":"ListItem","position":1,"name":"Buy Modafinil Online","item":"https:\/\/buymodafinilonline.com\/fr\/"},{"@type":"ListItem","position":2,"name":"Boutique","item":"https:\/\/buymodafinilonline.com\/fr\/boutique\/"},{"@type":"ListItem","position":3,"name":"Marques de m\u00e9dicaments intelligents","item":"https:\/\/buymodafinilonline.com\/fr\/categorie-de-produit\/marques-medicaments-intelligents\/"},{"@type":"ListItem","position":4,"name":"Modatec 200 MG"}]},{"@type":"WebSite","@id":"https:\/\/buymodafinilonline.com\/fr\/#website","url":"https:\/\/buymodafinilonline.com\/fr\/","name":"BuyModafinilOnline.com","description":"Modafinil Online Pharmacy","publisher":{"@id":"https:\/\/buymodafinilonline.com\/fr\/#organization"},"potentialAction":[{"@type":"SearchAction","target":{"@type":"EntryPoint","urlTemplate":"https:\/\/buymodafinilonline.com\/fr\/?s={search_term_string}"},"query-input":{"@type":"PropertyValueSpecification","valueRequired":true,"valueName":"search_term_string"}}],"inLanguage":"fr-FR"},{"@type":"Organization","@id":"https:\/\/buymodafinilonline.com\/fr\/#organization","name":"BuyModafinilOnline","url":"https:\/\/buymodafinilonline.com\/fr\/","logo":{"@type":"ImageObject","inLanguage":"fr-FR","@id":"https:\/\/buymodafinilonline.com\/fr\/#\/schema\/logo\/image\/","url":"https:\/\/buymodafinilonline.com\/wp-content\/uploads\/2020\/04\/logo-buy-modafinil-online-yellow.png","contentUrl":"https:\/\/buymodafinilonline.com\/wp-content\/uploads\/2020\/04\/logo-buy-modafinil-online-yellow.png","width":200,"height":200,"caption":"BuyModafinilOnline"},"image":{"@id":"https:\/\/buymodafinilonline.com\/fr\/#\/schema\/logo\/image\/"}}]}},"_links":{"self":[{"href":"https:\/\/buymodafinilonline.com\/fr\/wp-json\/wp\/v2\/product\/408809","targetHints":{"allow":["GET"]}}],"collection":[{"href":"https:\/\/buymodafinilonline.com\/fr\/wp-json\/wp\/v2\/product"}],"about":[{"href":"https:\/\/buymodafinilonline.com\/fr\/wp-json\/wp\/v2\/types\/product"}],"replies":[{"embeddable":true,"href":"https:\/\/buymodafinilonline.com\/fr\/wp-json\/wp\/v2\/comments?post=408809"}],"wp:featuredmedia":[{"embeddable":true,"href":"https:\/\/buymodafinilonline.com\/fr\/wp-json\/wp\/v2\/media\/398181"}],"wp:attachment":[{"href":"https:\/\/buymodafinilonline.com\/fr\/wp-json\/wp\/v2\/media?parent=408809"}],"wp:term":[{"taxonomy":"product_brand","embeddable":true,"href":"https:\/\/buymodafinilonline.com\/fr\/wp-json\/wp\/v2\/product_brand?post=408809"},{"taxonomy":"product_cat","embeddable":true,"href":"https:\/\/buymodafinilonline.com\/fr\/wp-json\/wp\/v2\/product_cat?post=408809"},{"taxonomy":"product_tag","embeddable":true,"href":"https:\/\/buymodafinilonline.com\/fr\/wp-json\/wp\/v2\/product_tag?post=408809"}],"curies":[{"name":"wp","href":"https:\/\/api.w.org\/{rel}","templated":true}]}}