{"id":408922,"date":"2020-04-18T19:44:43","date_gmt":"2020-11-08T16:18:30","guid":{"rendered":"https:\/\/buymodafinilonline.com\/smart-drugs\/provake-200-mg\/"},"modified":"2025-04-25T10:35:55","modified_gmt":"2025-04-25T09:35:55","slug":"provake-200-mg","status":"publish","type":"product","link":"https:\/\/buymodafinilonline.com\/fr\/medicaments-intelligents\/provake-200-mg\/","title":{"rendered":"Provake 200 MG"},"content":{"rendered":"[vc_column width=&#8221;1\/2&#8243;]\n<div class=\"su-divider su-divider-style-default\" style=\"margin:10px 0;border-width:3px;border-color:#ffffff00\"><a href=\"#\" style=\"color:#ffffff009\">.<\/a><\/div>\n<h2>Qu&#8217;est-ce que Provake 200 mg?<\/h2>\n<div class=\"su-divider su-divider-style-default\" style=\"margin:10px 0;border-width:3px;border-color:#ffffff00\"><a href=\"#\" style=\"color:#ffffff009\">.<\/a><\/div>\nCe m\u00e9dicament est un rem\u00e8de puissant pour divers probl\u00e8mes de sant\u00e9. Principalement, il est approuv\u00e9 pour traiter les probl\u00e8mes de troubles du sommeil dus au syndrome d&#8217;apn\u00e9e \/ hypopn\u00e9e obstructive du sommeil (SAOS), \u00e0 la narcolepsie et aux troubles du sommeil li\u00e9s au travail post\u00e9 (SWSD).<\/p>\n<p>La prescription non conforme comprend le traitement du trouble d\u00e9ficitaire de l&#8217;attention avec hyperactivit\u00e9 (TDAH \/ TDA), des troubles cognitifs, du d\u00e9clin de la m\u00e9moire li\u00e9 \u00e0 l&#8217;\u00e2ge, de la maladie de Parkinson, de la scl\u00e9rose en plaques, de la d\u00e9pression et du syndrome de fatigue chronique et d&#8217;autres probl\u00e8mes de sant\u00e9.<\/p>\n<p>Les personnes en bonne sant\u00e9 utilisent ce type de m\u00e9dicament comme stimulant cognitif et pour augmenter leur productivit\u00e9. Cette possibilit\u00e9 est due \u00e0 la fa\u00e7on dont Provake affecte le fonctionnement du cerveau. Son m\u00e9canisme r\u00e9tablit le cycle de sommeil normal car il module les niveaux de messagers chimiques dans le cerveau en inhibant la recapture de la dopamine et en augmentant son niveau dans le cerveau.<\/p>\n<p>Il augmente \u00e9galement les niveaux de neurotransmetteurs d&#8217;histamine et d&#8217;orexine et exerce un effet stimulant pour r\u00e9duire la somnolence extr\u00eame. En augmentant les niveaux de dopamine, il r\u00e9compense avec d&#8217;autres effets qui se traduisent par une am\u00e9lioration des fonctions cognitives, de l&#8217;\u00e9nergie, de la m\u00e9moire et d&#8217;autres avantages.<\/p>\n<div class=\"su-divider su-divider-style-default\" style=\"margin:10px 0;border-width:3px;border-color:#ffffff00\"><a href=\"#\" style=\"color:#ffffff009\">.<\/a><\/div>\n<h2><strong>Dosage s\u00fbr et utilisation appropri\u00e9e<\/strong><\/h2>\n<div class=\"su-divider su-divider-style-default\" style=\"margin:10px 0;border-width:3px;border-color:#ffffff00\"><a href=\"#\" style=\"color:#ffffff009\">.<\/a><\/div>\nLe comprim\u00e9 de Provake 200 mg est le dosage recommand\u00e9 des m\u00e9dicaments modafinil. Avant de prendre, consultez un m\u00e9decin sp\u00e9cialiste pour \u00e9valuer votre \u00e9tat de sant\u00e9 pour d&#8217;\u00e9ventuels probl\u00e8mes de sant\u00e9, qui pourraient affecter l&#8217;utilisation de ce m\u00e9dicament.<\/p>\n<p>En fonction du but d&#8217;utilisation, prenez-le selon la prescription et ne faites pas de surdosage. Si vous le prenez hors AMM, tenez compte des avantages et des risques. Un m\u00e9decin doit d\u00e9terminer si c&#8217;est mieux pour vous et il est n\u00e9cessaire d&#8217;adopter un style de vie de qualit\u00e9 pour que Provake fonctionne efficacement sans affecter votre sant\u00e9.<\/p>\n<div class=\"su-divider su-divider-style-default\" style=\"margin:10px 0;border-width:3px;border-color:#ffffff00\"><a href=\"#\" style=\"color:#ffffff009\">.<\/a><\/div>\n<h2><strong>Les effets secondaires possibles<\/strong><\/h2>\n<div class=\"su-divider su-divider-style-default\" style=\"margin:10px 0;border-width:3px;border-color:#ffffff00\"><a href=\"#\" style=\"color:#ffffff009\">.<\/a><\/div>\nDes effets n\u00e9gatifs peuvent exister lors de l&#8217;utilisation de Provake 200 mg. Les personnes en bonne sant\u00e9 ne ressentent aucun effet ind\u00e9sirable grave. Si l&#8217;un d&#8217;entre eux existe, cela peut \u00eatre de courte dur\u00e9e.<\/p>\n<p>L&#8217;effet n\u00e9gatif commun comprend:<\/p>\n<div class=\"su-divider su-divider-style-default\" style=\"margin:10px 0;border-width:3px;border-color:#ffffff00\"><a href=\"#\" style=\"color:#ffffff009\">.<\/a><\/div>\n<ul>\n<li>maux de t\u00eate, \u00e9tourdissements;<\/li>\n<li>mal au dos;<\/li>\n<li>naus\u00e9es, maux d&#8217;estomac, diarrh\u00e9e;<\/li>\n<li>probl\u00e8mes de sommeil;<\/li>\n<li>se sentir nerveux ou anxieux;<\/li>\n<li>nez encombr\u00e9.<\/li>\n<\/ul>\n<div class=\"su-divider su-divider-style-default\" style=\"margin:10px 0;border-width:3px;border-color:#ffffff00\"><a href=\"#\" style=\"color:#ffffff009\">.<\/a><\/div>\nLes effets secondaires rares mais plus graves comprennent:<\/p>\n<div class=\"su-divider su-divider-style-default\" style=\"margin:10px 0;border-width:3px;border-color:#ffffff00\"><a href=\"#\" style=\"color:#ffffff009\">.<\/a><\/div>\n<ul>\n<li>hypersensibilit\u00e9;<\/li>\n<li>fi\u00e8vre et frissons;<\/li>\n<li>douleur thoracique;<\/li>\n<li>confusion;<\/li>\n<li>changements inhabituels d&#8217;humeur ou de comportement;<\/li>\n<li>fatigue et faiblesse inhabituelles;<\/li>\n<li>Syndrome de Stevens-Johnson et autres.<\/li>\n<\/ul>\n<div class=\"su-divider su-divider-style-default\" style=\"margin:10px 0;border-width:3px;border-color:#ffffff00\"><a href=\"#\" style=\"color:#ffffff009\">.<\/a><\/div>\nCe n&#8217;est pas une liste compl\u00e8te des effets n\u00e9gatifs possibles.<br \/>\n[\/vc_column][vc_column width=&#8221;1\/2&#8243;]\n<div class=\"su-divider su-divider-style-default\" style=\"margin:10px 0;border-width:3px;border-color:#ffffff00\"><a href=\"#\" style=\"color:#ffffff009\">.<\/a><\/div>\nIl peut \u00e9galement causer de la somnolence et des \u00e9tourdissements, alors ne conduisez pas et ne faites rien qui n\u00e9cessite une concentration et une attention mentales jusqu&#8217;\u00e0 ce que les effets de Provake 200 mg sur le corps aient disparu. Si vous ressentez des pens\u00e9es suicidaires, une d\u00e9pression nouvelle ou qui s&#8217;aggrave, et si ces effets ind\u00e9sirables surviennent et vous d\u00e9rangent ou ne disparaissent pas ou ne disparaissent pas m\u00eame apr\u00e8s l&#8217;arr\u00eat du m\u00e9dicament, consultez votre m\u00e9decin sp\u00e9cialiste pour obtenir de l&#8217;aide.<\/p>\n<div class=\"su-divider su-divider-style-default\" style=\"margin:10px 0;border-width:3px;border-color:#ffffff00\"><a href=\"#\" style=\"color:#ffffff009\">.<\/a><\/div>\n<h2><strong>Contre-indications et mises en garde<\/strong><\/h2>\n<div class=\"su-divider su-divider-style-default\" style=\"margin:10px 0;border-width:3px;border-color:#ffffff00\"><a href=\"#\" style=\"color:#ffffff009\">.<\/a><\/div>\nIl est tr\u00e8s important d&#8217;\u00e9valuer votre \u00e9tat de sant\u00e9 et d&#8217;informer un m\u00e9decin des m\u00e9dicaments que vous utilisez. Ce m\u00e9dicament est tr\u00e8s s\u00fbr s&#8217;il est pris sans \u00eatre m\u00e9lang\u00e9 avec d&#8217;autres m\u00e9dicaments. Il est recommand\u00e9 de donner une liste compl\u00e8te des m\u00e9dicaments (m\u00e9dicaments sur ordonnance \/ en vente libre) ou des produits \u00e0 base de plantes que vous utilisez \u00e0 un m\u00e9decin pour qu&#8217;il les \u00e9value.<\/p>\n<p>L&#8217;utilisation de Provake 200 mg n&#8217;est pas recommand\u00e9e chez les personnes allergiques<a href=\"https:\/\/buymodafinilonline.com\/fr\/la-verite-sur-le-modafinil\/\"> modafinil<\/a> ou tout produit eug\u00e9ro\u00efque. Il n&#8217;est pas recommand\u00e9 aux femmes enceintes ou allaitantes d&#8217;utiliser un produit nootropique. S&#8217;il est n\u00e9cessaire de discuter des risques et des avantages possibles avec un m\u00e9decin avant de prendre Provake \u00abm\u00e9dicament intelligent\u00bb.<\/p>\n<p>Le m\u00e9langer avec de l&#8217;alcool n&#8217;est pas recommand\u00e9. Il peut augmenter le risque de somnolence, d&#8217;\u00e9tourdissements et de troubles du jugement, entre autres effets n\u00e9gatifs sans pr\u00e9c\u00e9dent.<\/p>\n<p>Les interactions possibles avec d&#8217;autres m\u00e9dicaments comprennent les substrats du CYP3A4 \/ 5 et du CYP2C19, la warfarine, les contraceptifs oraux, les inhibiteurs de la MAO, les stimulants du SNC et d&#8217;autres.<\/p>\n<p>Plus important encore, informez votre m\u00e9decin sp\u00e9cialiste de votre \u00e9tat de sant\u00e9, notamment des reins, du foie, des probl\u00e8mes cardiaques ou des ant\u00e9c\u00e9dents de convulsions, entre autres probl\u00e8mes de sant\u00e9 avant de prendre Provake nootropic. Provake fonctionne bien avec les aliments, mais certains aliments peuvent retarder son d\u00e9but d&#8217;action.<\/p>\n<div class=\"su-divider su-divider-style-default\" style=\"margin:10px 0;border-width:3px;border-color:#ffffff00\"><a href=\"#\" style=\"color:#ffffff009\">.<\/a><\/div>\n<h2><strong>Acheter G\u00e9n\u00e9rique Provake 200mg (Modafinil) en ligne<\/strong><\/h2>\n<div class=\"su-divider su-divider-style-default\" style=\"margin:10px 0;border-width:3px;border-color:#ffffff00\"><a href=\"#\" style=\"color:#ffffff009\">.<\/a><\/div>\nSoyez vigilant et n&#8217;utilisez qu&#8217;une pharmacie \u00e9lectronique l\u00e9gitime et fiable qui se procure ses m\u00e9dicaments UNIQUEMENT aupr\u00e8s de fabricants approuv\u00e9s. La confiance et la qualit\u00e9 des m\u00e9dicaments offerts par une pharmacie en ligne sont illustr\u00e9es par des critiques en ligne, en particulier sur Trustpilot et Yotpo. BuyModafinilOnline est la meilleure pharmacie en ligne de modafinil, aidant les acheteurs \u00e0<a href=\"https:\/\/buymodafinilonline.com\/smart-drugs-brands\/\"> obtenir des eugeroics de qualit\u00e9<\/a> provenant de fabricants agr\u00e9\u00e9s. Nous offrons \u00e9galement l&#8217;armodafinil et le modafinil gratuits<a href=\"https:\/\/buymodafinilonline.com\/free-trial\/\"> \u00e9chantillons d&#8217;essai<\/a> et d&#8217;autres \u00abm\u00e9dicaments intelligents\u00bb, comme<a href=\"https:\/\/buymodafinilonline.com\/fr\/medicaments-intelligents\/modvigil-200-mg\/\"> Modvigil<\/a> ,<a href=\"https:\/\/buymodafinilonline.com\/fr\/medicaments-intelligents\/artvigil-150-mg\/\"> Artvigil<\/a> ,<a href=\"https:\/\/buymodafinilonline.com\/fr\/medicaments-intelligents\/waklert-150-mg-tablets\/\"> Waklert<\/a> , etc.<\/p>\n<p>Nous offrons<a href=\"https:\/\/buymodafinilonline.com\/fr\/meilleur-fournisseur-france\/\"> livraison gratuite<\/a> sur toutes les commandes de plus de 80 $ pour la poste a\u00e9rienne enregistr\u00e9e ou de 150 $ pour le service de courrier express. En cas d&#8217;\u00e9chec de livraison, nous proposons un<a href=\"https:\/\/buymodafinilonline.com\/refund-reshipment\/\"> Remboursement \u00e0 100% ou r\u00e9exp\u00e9dition gratuite<\/a> .<\/p>\n<p>B\u00e9n\u00e9ficiez de <a href=\"https:\/\/buymodafinilonline.com\/fr\/payez-avec-des-bitcoins\/\">23% de r\u00e9duction en payant par Bitcoin<\/a>, et nous acceptons PayPal, Visa, MasterCard. De plus, vous pouvez utiliser diff\u00e9rents coupons pour \u00e9conomiser plus d&#8217;argent: BMO-WHATEVERYOUWANT10 pour 10 $ de rabais pour toute commande, plus de coupons que vous pouvez consulter &#8220;<a href=\"https:\/\/buymodafinilonline.com\/coupons-deals-promo-codes\/\"> Nos coupons de pharmacie directs n&#8217;expirent jamais<\/a> \u00bbPage.<\/p>\n<p>Notre service \u00e0 la client\u00e8le de qualit\u00e9, nos prix de \u00abm\u00e9dicaments intelligents\u00bb bon march\u00e9, d&#8217;excellentes options de paiement, des coupons et des ventes, et une exp\u00e9dition ultra-rapide ont fait de nous la pharmacie \u00e9lectronique la plus r\u00e9put\u00e9e.<\/p>\n<div class=\"su-divider su-divider-style-default\" style=\"margin:10px 0;border-width:3px;border-color:#ffffff00\"><a href=\"#\" style=\"color:#ffffff009\">.<\/a><\/div>\n[\/vc_column]\n<div class=\"su-divider su-divider-style-default\" style=\"margin:10px 0;border-width:3px;border-color:#ffffff00\"><a href=\"#\" style=\"color:#ffffff009\">.<\/a><\/div>\n","protected":false},"excerpt":{"rendered":"<p>Provake 200 mg de Ranbaxy Laboratories Ltd (d&#8217;Inde) est un m\u00e9dicament d&#8217;ordonnance contenant du modafinil comme ingr\u00e9dient actif. Il est utilis\u00e9 pour favoriser l&#8217;\u00e9veil chez les personnes souffrant de troubles du sommeil pendant la journ\u00e9e ou au travail pour rester \u00e9veill\u00e9s. Il est \u00e9galement utilis\u00e9 hors AMM comme am\u00e9liorateur cognitif et booster de productivit\u00e9. Obtenez ce m\u00e9dicament dans notre pharmacie en ligne et profitez du prix le plus bas de tous les temps et de la livraison gratuite sur les commandes de plus de 80 $ et 150 $.<\/p>\n[sc name=\"s1\"]\n","protected":false},"featured_media":398209,"comment_status":"open","ping_status":"closed","template":"","meta":{"_acf_changed":false},"product_brand":[],"product_cat":[3785],"product_tag":[3850],"class_list":{"0":"post-408922","1":"product","2":"type-product","3":"status-publish","4":"has-post-thumbnail","6":"product_cat-marques-medicaments-intelligents","7":"product_tag-modafinil-fr","9":"first","10":"instock","11":"sale","12":"shipping-taxable","13":"purchasable","14":"product-type-variable","15":"has-default-attributes"},"acf":[],"yoast_head":"<!-- This site is optimized with the Yoast SEO Premium plugin v23.6 (Yoast SEO v27.3) - https:\/\/yoast.com\/product\/yoast-seo-premium-wordpress\/ -->\n<title>Acheter Provake 200 MG (Modafinil) Comprim\u00e9s \u00e0 bas prix - BuyModafinilOnline<\/title>\n<meta name=\"description\" content=\"Obtenez des m\u00e9dicaments Provake 200 mg en ligne aupr\u00e8s du fabricant de Ranbaxy Laboratories Ltd. Acheter pas cher Provake 200 mg (modafinil) de l&#039;Inde \u00e0 la pharmacie BuyModafinilOnline. Garantie de livraison \u00e0 100% et emballage discret.\" \/>\n<meta name=\"robots\" content=\"index, follow, max-snippet:-1, max-image-preview:large, max-video-preview:-1\" \/>\n<link rel=\"canonical\" href=\"https:\/\/buymodafinilonline.com\/fr\/medicaments-intelligents\/provake-200-mg\/\" \/>\n<meta property=\"og:locale\" content=\"fr_FR\" \/>\n<meta property=\"og:type\" content=\"article\" \/>\n<meta property=\"og:title\" content=\"Provake 200 MG\" \/>\n<meta property=\"og:description\" content=\"Obtenez des m\u00e9dicaments Provake 200 mg en ligne aupr\u00e8s du fabricant de Ranbaxy Laboratories Ltd. Acheter pas cher Provake 200 mg (modafinil) de l&#039;Inde \u00e0 la pharmacie BuyModafinilOnline. Garantie de livraison \u00e0 100% et emballage discret.\" \/>\n<meta property=\"og:url\" content=\"https:\/\/buymodafinilonline.com\/fr\/medicaments-intelligents\/provake-200-mg\/\" \/>\n<meta property=\"og:site_name\" content=\"BuyModafinilOnline.com\" \/>\n<meta property=\"article:modified_time\" content=\"2025-04-25T09:35:55+00:00\" \/>\n<meta property=\"og:image\" content=\"https:\/\/buymodafinilonline.com\/wp-content\/uploads\/2020\/04\/bmo-product-provake-200-mg.png\" \/>\n\t<meta property=\"og:image:width\" content=\"1280\" \/>\n\t<meta property=\"og:image:height\" content=\"1500\" \/>\n\t<meta property=\"og:image:type\" content=\"image\/png\" \/>\n<meta name=\"twitter:label1\" content=\"Dur\u00e9e de lecture estim\u00e9e\" \/>\n\t<meta name=\"twitter:data1\" content=\"6 minutes\" \/>\n<script type=\"application\/ld+json\" class=\"yoast-schema-graph\">{\"@context\":\"https:\\\/\\\/schema.org\",\"@graph\":[{\"@type\":\"WebPage\",\"@id\":\"https:\\\/\\\/buymodafinilonline.com\\\/fr\\\/medicaments-intelligents\\\/provake-200-mg\\\/\",\"url\":\"https:\\\/\\\/buymodafinilonline.com\\\/fr\\\/medicaments-intelligents\\\/provake-200-mg\\\/\",\"name\":\"Acheter Provake 200 MG (Modafinil) Comprim\u00e9s \u00e0 bas prix - BuyModafinilOnline\",\"isPartOf\":{\"@id\":\"https:\\\/\\\/buymodafinilonline.com\\\/fr\\\/#website\"},\"primaryImageOfPage\":{\"@id\":\"https:\\\/\\\/buymodafinilonline.com\\\/fr\\\/medicaments-intelligents\\\/provake-200-mg\\\/#primaryimage\"},\"image\":{\"@id\":\"https:\\\/\\\/buymodafinilonline.com\\\/fr\\\/medicaments-intelligents\\\/provake-200-mg\\\/#primaryimage\"},\"thumbnailUrl\":\"https:\\\/\\\/buymodafinilonline.com\\\/wp-content\\\/uploads\\\/2020\\\/04\\\/bmo-product-provake-200-mg.png\",\"datePublished\":\"2020-11-08T16:18:30+00:00\",\"dateModified\":\"2025-04-25T09:35:55+00:00\",\"description\":\"Obtenez des m\u00e9dicaments Provake 200 mg en ligne aupr\u00e8s du fabricant de Ranbaxy Laboratories Ltd. Acheter pas cher Provake 200 mg (modafinil) de l'Inde \u00e0 la pharmacie BuyModafinilOnline. Garantie de livraison \u00e0 100% et emballage discret.\",\"breadcrumb\":{\"@id\":\"https:\\\/\\\/buymodafinilonline.com\\\/fr\\\/medicaments-intelligents\\\/provake-200-mg\\\/#breadcrumb\"},\"inLanguage\":\"fr-FR\",\"potentialAction\":[{\"@type\":\"ReadAction\",\"target\":[\"https:\\\/\\\/buymodafinilonline.com\\\/fr\\\/medicaments-intelligents\\\/provake-200-mg\\\/\"]}]},{\"@type\":\"ImageObject\",\"inLanguage\":\"fr-FR\",\"@id\":\"https:\\\/\\\/buymodafinilonline.com\\\/fr\\\/medicaments-intelligents\\\/provake-200-mg\\\/#primaryimage\",\"url\":\"https:\\\/\\\/buymodafinilonline.com\\\/wp-content\\\/uploads\\\/2020\\\/04\\\/bmo-product-provake-200-mg.png\",\"contentUrl\":\"https:\\\/\\\/buymodafinilonline.com\\\/wp-content\\\/uploads\\\/2020\\\/04\\\/bmo-product-provake-200-mg.png\",\"width\":1280,\"height\":1500,\"caption\":\"Provake 200 mg\"},{\"@type\":\"BreadcrumbList\",\"@id\":\"https:\\\/\\\/buymodafinilonline.com\\\/fr\\\/medicaments-intelligents\\\/provake-200-mg\\\/#breadcrumb\",\"itemListElement\":[{\"@type\":\"ListItem\",\"position\":1,\"name\":\"Buy Modafinil Online\",\"item\":\"https:\\\/\\\/buymodafinilonline.com\\\/fr\\\/\"},{\"@type\":\"ListItem\",\"position\":2,\"name\":\"Boutique\",\"item\":\"https:\\\/\\\/buymodafinilonline.com\\\/fr\\\/boutique\\\/\"},{\"@type\":\"ListItem\",\"position\":3,\"name\":\"Marques de m\u00e9dicaments intelligents\",\"item\":\"https:\\\/\\\/buymodafinilonline.com\\\/fr\\\/categorie-de-produit\\\/marques-medicaments-intelligents\\\/\"},{\"@type\":\"ListItem\",\"position\":4,\"name\":\"Provake 200 MG\"}]},{\"@type\":\"WebSite\",\"@id\":\"https:\\\/\\\/buymodafinilonline.com\\\/fr\\\/#website\",\"url\":\"https:\\\/\\\/buymodafinilonline.com\\\/fr\\\/\",\"name\":\"BuyModafinilOnline.com\",\"description\":\"Modafinil Online Pharmacy\",\"publisher\":{\"@id\":\"https:\\\/\\\/buymodafinilonline.com\\\/fr\\\/#organization\"},\"potentialAction\":[{\"@type\":\"SearchAction\",\"target\":{\"@type\":\"EntryPoint\",\"urlTemplate\":\"https:\\\/\\\/buymodafinilonline.com\\\/fr\\\/?s={search_term_string}\"},\"query-input\":{\"@type\":\"PropertyValueSpecification\",\"valueRequired\":true,\"valueName\":\"search_term_string\"}}],\"inLanguage\":\"fr-FR\"},{\"@type\":\"Organization\",\"@id\":\"https:\\\/\\\/buymodafinilonline.com\\\/fr\\\/#organization\",\"name\":\"BuyModafinilOnline\",\"url\":\"https:\\\/\\\/buymodafinilonline.com\\\/fr\\\/\",\"logo\":{\"@type\":\"ImageObject\",\"inLanguage\":\"fr-FR\",\"@id\":\"https:\\\/\\\/buymodafinilonline.com\\\/fr\\\/#\\\/schema\\\/logo\\\/image\\\/\",\"url\":\"https:\\\/\\\/buymodafinilonline.com\\\/wp-content\\\/uploads\\\/2020\\\/04\\\/logo-buy-modafinil-online-yellow.png\",\"contentUrl\":\"https:\\\/\\\/buymodafinilonline.com\\\/wp-content\\\/uploads\\\/2020\\\/04\\\/logo-buy-modafinil-online-yellow.png\",\"width\":200,\"height\":200,\"caption\":\"BuyModafinilOnline\"},\"image\":{\"@id\":\"https:\\\/\\\/buymodafinilonline.com\\\/fr\\\/#\\\/schema\\\/logo\\\/image\\\/\"}}]}<\/script>\n<!-- \/ Yoast SEO Premium plugin. -->","yoast_head_json":{"title":"Acheter Provake 200 MG (Modafinil) Comprim\u00e9s \u00e0 bas prix - BuyModafinilOnline","description":"Obtenez des m\u00e9dicaments Provake 200 mg en ligne aupr\u00e8s du fabricant de Ranbaxy Laboratories Ltd. Acheter pas cher Provake 200 mg (modafinil) de l'Inde \u00e0 la pharmacie BuyModafinilOnline. Garantie de livraison \u00e0 100% et emballage discret.","robots":{"index":"index","follow":"follow","max-snippet":"max-snippet:-1","max-image-preview":"max-image-preview:large","max-video-preview":"max-video-preview:-1"},"canonical":"https:\/\/buymodafinilonline.com\/fr\/medicaments-intelligents\/provake-200-mg\/","og_locale":"fr_FR","og_type":"article","og_title":"Provake 200 MG","og_description":"Obtenez des m\u00e9dicaments Provake 200 mg en ligne aupr\u00e8s du fabricant de Ranbaxy Laboratories Ltd. Acheter pas cher Provake 200 mg (modafinil) de l'Inde \u00e0 la pharmacie BuyModafinilOnline. Garantie de livraison \u00e0 100% et emballage discret.","og_url":"https:\/\/buymodafinilonline.com\/fr\/medicaments-intelligents\/provake-200-mg\/","og_site_name":"BuyModafinilOnline.com","article_modified_time":"2025-04-25T09:35:55+00:00","og_image":[{"width":1280,"height":1500,"url":"https:\/\/buymodafinilonline.com\/wp-content\/uploads\/2020\/04\/bmo-product-provake-200-mg.png","type":"image\/png"}],"twitter_misc":{"Dur\u00e9e de lecture estim\u00e9e":"6 minutes"},"schema":{"@context":"https:\/\/schema.org","@graph":[{"@type":"WebPage","@id":"https:\/\/buymodafinilonline.com\/fr\/medicaments-intelligents\/provake-200-mg\/","url":"https:\/\/buymodafinilonline.com\/fr\/medicaments-intelligents\/provake-200-mg\/","name":"Acheter Provake 200 MG (Modafinil) Comprim\u00e9s \u00e0 bas prix - BuyModafinilOnline","isPartOf":{"@id":"https:\/\/buymodafinilonline.com\/fr\/#website"},"primaryImageOfPage":{"@id":"https:\/\/buymodafinilonline.com\/fr\/medicaments-intelligents\/provake-200-mg\/#primaryimage"},"image":{"@id":"https:\/\/buymodafinilonline.com\/fr\/medicaments-intelligents\/provake-200-mg\/#primaryimage"},"thumbnailUrl":"https:\/\/buymodafinilonline.com\/wp-content\/uploads\/2020\/04\/bmo-product-provake-200-mg.png","datePublished":"2020-11-08T16:18:30+00:00","dateModified":"2025-04-25T09:35:55+00:00","description":"Obtenez des m\u00e9dicaments Provake 200 mg en ligne aupr\u00e8s du fabricant de Ranbaxy Laboratories Ltd. Acheter pas cher Provake 200 mg (modafinil) de l'Inde \u00e0 la pharmacie BuyModafinilOnline. Garantie de livraison \u00e0 100% et emballage discret.","breadcrumb":{"@id":"https:\/\/buymodafinilonline.com\/fr\/medicaments-intelligents\/provake-200-mg\/#breadcrumb"},"inLanguage":"fr-FR","potentialAction":[{"@type":"ReadAction","target":["https:\/\/buymodafinilonline.com\/fr\/medicaments-intelligents\/provake-200-mg\/"]}]},{"@type":"ImageObject","inLanguage":"fr-FR","@id":"https:\/\/buymodafinilonline.com\/fr\/medicaments-intelligents\/provake-200-mg\/#primaryimage","url":"https:\/\/buymodafinilonline.com\/wp-content\/uploads\/2020\/04\/bmo-product-provake-200-mg.png","contentUrl":"https:\/\/buymodafinilonline.com\/wp-content\/uploads\/2020\/04\/bmo-product-provake-200-mg.png","width":1280,"height":1500,"caption":"Provake 200 mg"},{"@type":"BreadcrumbList","@id":"https:\/\/buymodafinilonline.com\/fr\/medicaments-intelligents\/provake-200-mg\/#breadcrumb","itemListElement":[{"@type":"ListItem","position":1,"name":"Buy Modafinil Online","item":"https:\/\/buymodafinilonline.com\/fr\/"},{"@type":"ListItem","position":2,"name":"Boutique","item":"https:\/\/buymodafinilonline.com\/fr\/boutique\/"},{"@type":"ListItem","position":3,"name":"Marques de m\u00e9dicaments intelligents","item":"https:\/\/buymodafinilonline.com\/fr\/categorie-de-produit\/marques-medicaments-intelligents\/"},{"@type":"ListItem","position":4,"name":"Provake 200 MG"}]},{"@type":"WebSite","@id":"https:\/\/buymodafinilonline.com\/fr\/#website","url":"https:\/\/buymodafinilonline.com\/fr\/","name":"BuyModafinilOnline.com","description":"Modafinil Online Pharmacy","publisher":{"@id":"https:\/\/buymodafinilonline.com\/fr\/#organization"},"potentialAction":[{"@type":"SearchAction","target":{"@type":"EntryPoint","urlTemplate":"https:\/\/buymodafinilonline.com\/fr\/?s={search_term_string}"},"query-input":{"@type":"PropertyValueSpecification","valueRequired":true,"valueName":"search_term_string"}}],"inLanguage":"fr-FR"},{"@type":"Organization","@id":"https:\/\/buymodafinilonline.com\/fr\/#organization","name":"BuyModafinilOnline","url":"https:\/\/buymodafinilonline.com\/fr\/","logo":{"@type":"ImageObject","inLanguage":"fr-FR","@id":"https:\/\/buymodafinilonline.com\/fr\/#\/schema\/logo\/image\/","url":"https:\/\/buymodafinilonline.com\/wp-content\/uploads\/2020\/04\/logo-buy-modafinil-online-yellow.png","contentUrl":"https:\/\/buymodafinilonline.com\/wp-content\/uploads\/2020\/04\/logo-buy-modafinil-online-yellow.png","width":200,"height":200,"caption":"BuyModafinilOnline"},"image":{"@id":"https:\/\/buymodafinilonline.com\/fr\/#\/schema\/logo\/image\/"}}]}},"_links":{"self":[{"href":"https:\/\/buymodafinilonline.com\/fr\/wp-json\/wp\/v2\/product\/408922","targetHints":{"allow":["GET"]}}],"collection":[{"href":"https:\/\/buymodafinilonline.com\/fr\/wp-json\/wp\/v2\/product"}],"about":[{"href":"https:\/\/buymodafinilonline.com\/fr\/wp-json\/wp\/v2\/types\/product"}],"replies":[{"embeddable":true,"href":"https:\/\/buymodafinilonline.com\/fr\/wp-json\/wp\/v2\/comments?post=408922"}],"wp:featuredmedia":[{"embeddable":true,"href":"https:\/\/buymodafinilonline.com\/fr\/wp-json\/wp\/v2\/media\/398209"}],"wp:attachment":[{"href":"https:\/\/buymodafinilonline.com\/fr\/wp-json\/wp\/v2\/media?parent=408922"}],"wp:term":[{"taxonomy":"product_brand","embeddable":true,"href":"https:\/\/buymodafinilonline.com\/fr\/wp-json\/wp\/v2\/product_brand?post=408922"},{"taxonomy":"product_cat","embeddable":true,"href":"https:\/\/buymodafinilonline.com\/fr\/wp-json\/wp\/v2\/product_cat?post=408922"},{"taxonomy":"product_tag","embeddable":true,"href":"https:\/\/buymodafinilonline.com\/fr\/wp-json\/wp\/v2\/product_tag?post=408922"}],"curies":[{"name":"wp","href":"https:\/\/api.w.org\/{rel}","templated":true}]}}