{"id":409173,"date":"2020-04-18T20:00:03","date_gmt":"2020-04-18T19:00:03","guid":{"rendered":"https:\/\/buymodafinilonline.com\/smart-drugs\/armod-150-mg-2\/"},"modified":"2025-04-25T11:05:32","modified_gmt":"2025-04-25T10:05:32","slug":"armod-150-mg-2","status":"publish","type":"product","link":"https:\/\/buymodafinilonline.com\/fr\/medicaments-intelligents\/armod-150-mg-2\/","title":{"rendered":"Armod 150 MG"},"content":{"rendered":"[vc_column width=&#8221;1\/2&#8243;]\n<h2>Qu&#8217;est-ce que Armod 150 mg?<\/h2>\n<div class=\"su-divider su-divider-style-default\" style=\"margin:10px 0;border-width:3px;border-color:#ffffff00\"><a href=\"#\" style=\"color:#ffffff009\">.<\/a><\/div>\nArmod 150 mg est fabriqu\u00e9 \u00e0 partir de l&#8217;ingr\u00e9dient actif sans danger au monde &#8211; l&#8217;armodafinil &#8211; une substance plus forte que<a href=\"https:\/\/buymodafinilonline.com\/fr\/la-verite-sur-le-modafinil\/\"> modafinil<\/a> avec de meilleurs effets d&#8217;\u00e9veil.<\/p>\n<p>Armodafinil est approuv\u00e9 comme un rem\u00e8de sans danger pour les probl\u00e8mes de troubles du sommeil dus au syndrome d&#8217;apn\u00e9e \/ hypopn\u00e9e obstructive du sommeil (SAOS), \u00e0 la narcolepsie et aux troubles du sommeil li\u00e9s au travail post\u00e9 (SWSD).<\/p>\n<p>Son mode d&#8217;action dans le corps aide le patient \u00e0 rester \u00e9veill\u00e9 et r\u00e9duit la tendance \u00e0 s&#8217;endormir pendant la journ\u00e9e ou au travail, r\u00e9tablissant ainsi le cycle de sommeil normal. Il module les niveaux de messagers chimiques dans le cerveau (dopamine, histamine et orexine) et exerce un effet stimulant pour r\u00e9duire la somnolence extr\u00eame et am\u00e9liorer la fonction cognitive.<\/p>\n<p>Il est \u00e9galement utilis\u00e9 hors AMM pour traiter d&#8217;autres probl\u00e8mes de sant\u00e9 tels que le trouble d&#8217;hyperactivit\u00e9 avec d\u00e9ficit de l&#8217;attention (TDAH), la d\u00e9pression et les troubles cognitifs. Connu comme un \u00abm\u00e9dicament intelligent\u00bb, Armod est le meilleur pour la productivit\u00e9 et l&#8217;am\u00e9lioration cognitive. Il augmente la concentration mentale et aide \u00e0 \u00e9viter le sommeil. Ses propri\u00e9t\u00e9s attirent les astronautes, les pilotes, le personnel militaire, les \u00e9tudiants, les professionnels et les cadres dans les domaines de l&#8217;entreprise et de la technologie.<\/p>\n<div class=\"su-divider su-divider-style-default\" style=\"margin:10px 0;border-width:3px;border-color:#ffffff00\"><a href=\"#\" style=\"color:#ffffff009\">.<\/a><\/div>\n<h2><strong>Dosage s\u00fbr et utilisation appropri\u00e9e<\/strong><\/h2>\n<div class=\"su-divider su-divider-style-default\" style=\"margin:10px 0;border-width:3px;border-color:#ffffff00\"><a href=\"#\" style=\"color:#ffffff009\">.<\/a><\/div>\nAvant de prendre ce m\u00e9dicament, il est recommand\u00e9 de consulter un m\u00e9decin sp\u00e9cialiste pour \u00e9valuer votre sant\u00e9. Armod 150 mg est la posologie quotidienne recommand\u00e9e utilis\u00e9e selon l&#8217;avis du m\u00e9decin. Il n&#8217;est pris qu&#8217;une fois par jour. Ne d\u00e9passez pas la dose recommand\u00e9e, et si vous l&#8217;utilisez hors AMM, il est pr\u00e9f\u00e9rable de consulter d&#8217;abord un m\u00e9decin sp\u00e9cialiste pour d\u00e9terminer s&#8217;il convient le mieux \u00e0 vos besoins finaux.<\/p>\n<p>Pour SWSD, il doit \u00eatre pris une heure plus t\u00f4t lors de la pr\u00e9paration au travail. En guise de rem\u00e8de \u00e0 l&#8217;ASAHS et \u00e0 la narcolepsie, il doit \u00eatre administr\u00e9 en une seule dose le matin selon la prescription.<\/p>\n<p>Pour un dosage appropri\u00e9, avalez-le dans son ensemble. Ne le m\u00e2chez pas, ne le cassez pas et ne l&#8217;\u00e9crasez pas. Le comprim\u00e9 d&#8217;Armod 150 mg peut \u00eatre pris avec ou sans nourriture.<\/p>\n<div class=\"su-divider su-divider-style-default\" style=\"margin:10px 0;border-width:3px;border-color:#ffffff00\"><a href=\"#\" style=\"color:#ffffff009\">.<\/a><\/div>\n<h2><strong>Les effets secondaires possibles<\/strong><\/h2>\n<div class=\"su-divider su-divider-style-default\" style=\"margin:10px 0;border-width:3px;border-color:#ffffff00\"><a href=\"#\" style=\"color:#ffffff009\">.<\/a><\/div>\nCe m\u00e9dicament est un psychostimulant (avec l&#8217;absence d&#8217;effets n\u00e9gatifs communs aux psychostimulants traditionnels). Pour minimiser l&#8217;apparition d&#8217;effets secondaires, il est pr\u00e9f\u00e9rable de suivre les conseils du m\u00e9decin et selon la prescription indiqu\u00e9e dans la notice du m\u00e9dicament. Cependant, comme tout m\u00e9dicament, Armod est l&#8217;un des \u00abpremiers m\u00e9dicaments intelligents s\u00fbrs au monde\u00bb, qui entra\u00eene moins d&#8217;effets ind\u00e9sirables en fonction de votre \u00e9tat de sant\u00e9 et de votre posologie.<\/p>\n<p>Les effets n\u00e9gatifs courants d&#8217;Armod comprennent:<\/p>\n<div class=\"su-divider su-divider-style-default\" style=\"margin:10px 0;border-width:3px;border-color:#ffffff00\"><a href=\"#\" style=\"color:#ffffff009\">.<\/a><\/div>\n<ul>\n<li>la naus\u00e9e ;<\/li>\n<li>mal de t\u00eate ;<\/li>\n<li>des vertiges ;<\/li>\n<li>insomnie (difficult\u00e9 \u00e0 dormir).<\/li>\n<\/ul>\n<div class=\"su-divider su-divider-style-default\" style=\"margin:10px 0;border-width:3px;border-color:#ffffff00\"><a href=\"#\" style=\"color:#ffffff009\">.<\/a><\/div>\nLes effets n\u00e9gatifs rares mais plus graves peuvent inclure:<\/p>\n<div class=\"su-divider su-divider-style-default\" style=\"margin:10px 0;border-width:3px;border-color:#ffffff00\"><a href=\"#\" style=\"color:#ffffff009\">.<\/a><\/div>\n<ul>\n<li>hypersensibilit\u00e9;<\/li>\n<li>fi\u00e8vre et frissons;<\/li>\n<li>confusion, pens\u00e9es suicidaires;<\/li>\n<li>fatigue et faiblesse inhabituelles;<\/li>\n<li>douleur thoracique.<\/li>\n<\/ul>\n<div class=\"su-divider su-divider-style-default\" style=\"margin:10px 0;border-width:3px;border-color:#ffffff00\"><a href=\"#\" style=\"color:#ffffff009\">.<\/a><\/div>\n[\/vc_column][vc_column width=&#8221;1\/2&#8243;]\n<div class=\"su-divider su-divider-style-default\" style=\"margin:10px 0;border-width:3px;border-color:#ffffff00\"><a href=\"#\" style=\"color:#ffffff009\">.<\/a><\/div>\nCe n&#8217;est pas une liste compl\u00e8te des effets n\u00e9gatifs possibles. Ne conduisez pas et ne faites rien qui n\u00e9cessite une concentration mentale (ou des machines lourdes) car cela peut causer de la somnolence et des vertiges.<\/p>\n<p>Cependant, ces effets ind\u00e9sirables sont de courte dur\u00e9e et disparaissent g\u00e9n\u00e9ralement d&#8217;eux-m\u00eames en un certain temps. Veuillez consulter votre m\u00e9decin sp\u00e9cialiste si ceux-ci vous d\u00e9rangent ou ne disparaissent pas.<\/p>\n<div class=\"su-divider su-divider-style-default\" style=\"margin:10px 0;border-width:3px;border-color:#ffffff00\"><a href=\"#\" style=\"color:#ffffff009\">.<\/a><\/div>\n<h2><strong>Contre-indications et mises en garde<\/strong><\/h2>\n<div class=\"su-divider su-divider-style-default\" style=\"margin:10px 0;border-width:3px;border-color:#ffffff00\"><a href=\"#\" style=\"color:#ffffff009\">.<\/a><\/div>\nSauf si cela est n\u00e9cessaire, l&#8217;utilisation d&#8217;Armod 150 mg n&#8217;est pas recommand\u00e9e chez la femme enceinte ou pendant l&#8217;allaitement. L&#8217;utilisation d&#8217;Armod avec de l&#8217;alcool n&#8217;est pas recommand\u00e9e. Cela peut augmenter le risque de somnolence, de troubles du jugement et d&#8217;\u00e9tourdissements.<\/p>\n<p>Tous les m\u00e9dicaments interagissent diff\u00e9remment d&#8217;une personne \u00e0 l&#8217;autre. Ne m\u00e9langez pas Armod 150 mg avec d&#8217;autres m\u00e9dicaments modafinil ou armodafinil. Il est tr\u00e8s s\u00fbr de le prendre seul. Vous devez v\u00e9rifier toutes les interactions possibles avec votre m\u00e9decin sp\u00e9cialiste avant de commencer tout m\u00e9dicament.<\/p>\n<p>Armodafinil interagit avec des m\u00e9dicaments tels que:<\/p>\n<div class=\"su-divider su-divider-style-default\" style=\"margin:10px 0;border-width:3px;border-color:#ffffff00\"><a href=\"#\" style=\"color:#ffffff009\">.<\/a><\/div>\n<ul>\n<li>citalopram;<\/li>\n<li>ranolazine;<\/li>\n<li>le fentanyl;<\/li>\n<li>clopidogrel;<\/li>\n<li>ac\u00e9tate de l\u00e9vom\u00e9thadyle et autres.<\/li>\n<\/ul>\n<div class=\"su-divider su-divider-style-default\" style=\"margin:10px 0;border-width:3px;border-color:#ffffff00\"><a href=\"#\" style=\"color:#ffffff009\">.<\/a><\/div>\nConsultez votre m\u00e9decin au sujet de toutes les interactions possibles d&#8217;Armod 150 mg ou de tout nootropique que vous prenez. Des interactions pathologiques peuvent survenir. Laissez votre m\u00e9decin examiner votre sant\u00e9 pour d&#8217;\u00e9ventuelles maladies telles que des probl\u00e8mes h\u00e9patiques, r\u00e9naux ou cardiaques, etc.<\/p>\n<div class=\"su-divider su-divider-style-default\" style=\"margin:10px 0;border-width:3px;border-color:#ffffff00\"><a href=\"#\" style=\"color:#ffffff009\">.<\/a><\/div>\n<h2><strong>Acheter G\u00e9n\u00e9rique Armod 150mg (Armodafinil) en ligne<\/strong><\/h2>\n<div class=\"su-divider su-divider-style-default\" style=\"margin:10px 0;border-width:3px;border-color:#ffffff00\"><a href=\"#\" style=\"color:#ffffff009\">.<\/a><\/div>\nCe m\u00e9dicament est s\u00fbr et bien tol\u00e9r\u00e9. En tant que g\u00e9n\u00e9rique, il est produit \u00e0 partir de grandes soci\u00e9t\u00e9s pharmaceutiques indiennes dont le profil d&#8217;innocuit\u00e9 des m\u00e9dicaments est plus \u00e9lev\u00e9.<\/p>\n<p>Les g\u00e9n\u00e9riques sont extr\u00eamement bon march\u00e9<a href=\"https:\/\/buymodafinilonline.com\/fr\/\"> AcheterModafinilPharmacie en ligne<\/a> comme nous nous approvisionnons &#8220;<a href=\"https:\/\/buymodafinilonline.com\/smart-drugs-bestsellers\/\"> m\u00e9dicaments intelligents<\/a> \u00bbDe fabricants agr\u00e9\u00e9s et les proposer au co\u00fbt de fabrication. Au mieux, nous proposons \u00e9galement<a href=\"https:\/\/buymodafinilonline.com\/fr\/medicaments-intelligents\/echantillons-gratuits-de-modalert-200-mg-modafinil\/\"> \u00e9chantillons d&#8217;essai gratuits de Modalert<\/a> et<a href=\"https:\/\/buymodafinilonline.com\/fr\/medicaments-intelligents\/echantillons-gratuits-dartvigil-150-mg-armodafinil\/\"> Artvigil<\/a> . Obtenez Armod 150 mg ou tout autre \u00abm\u00e9dicament intelligent\u00bb s\u00fbr (<a href=\"https:\/\/buymodafinilonline.com\/fr\/medicaments-intelligents\/waklert-150-mg-tablets\/\"> Waklert<\/a> ,<a href=\"https:\/\/buymodafinilonline.com\/fr\/medicaments-intelligents\/modvigil-200-mg\/\"> Modvigil<\/a> ,<a href=\"https:\/\/buymodafinilonline.com\/fr\/medicaments-intelligents\/modafil-200-mg\/\"> Modafil<\/a> , etc.) facilement sans ordonnance de notre e-pharmacie.<\/p>\n<p>Commandez nos comprim\u00e9s de modafinil et d&#8217;armodafinil de haute qualit\u00e9 provenant des meilleurs produits pharmaceutiques indiens et \u00e9conomisez plus d&#8217;argent en utilisant des coupons, des offres et des codes promotionnels, des remises et des offres.<\/p>\n<p>Profitez de notre exclusivit\u00e9<a href=\"https:\/\/buymodafinilonline.com\/fr\/meilleur-fournisseur-france\/\"> exp\u00e9dition ultra-rapide<\/a> avec livraison gratuite sur les commandes de plus de 80 $ si vous utilisez la poste a\u00e9rienne enregistr\u00e9e ou le service de courrier express gratuit (EMS) pour toutes les commandes de plus de 150 $. Il est exp\u00e9di\u00e9 directement de l&#8217;Inde vers la plupart des r\u00e9gions du monde, \u00e0 l&#8217;exception de quelques pays vers lesquels nous ne livrons pas.<\/p>\n<p>En cas d&#8217;\u00e9chec de la livraison, nous offrons un remboursement \u00e0 100% ou vous en offrons un autre<a href=\"https:\/\/buymodafinilonline.com\/refund-reshipment\/\"> r\u00e9exp\u00e9dition gratuite<\/a> . Vous n&#8217;avez rien \u00e0 perdre de notre pharmacie en ligne. Plus vous commandez de comprim\u00e9s, plus le prix est bas!<\/p>\n<p>Nous offrons une excellente<a href=\"https:\/\/buymodafinilonline.com\/billing-credit-card-faq\/\"> options de paiement<\/a> , y compris Bitcoin (BTC), PayPal et les principales cartes de cr\u00e9dit. Et pour r\u00e9duire le co\u00fbt de votre m\u00e9dicament intelligent, \u00e9conomisez 23% sur le co\u00fbt total lorsque vous <a href=\"https:\/\/buymodafinilonline.com\/fr\/payez-avec-des-bitcoins\/\">payez en BTC<\/a>!<\/p>\n<div class=\"su-divider su-divider-style-default\" style=\"margin:10px 0;border-width:3px;border-color:#ffffff00\"><a href=\"#\" style=\"color:#ffffff009\">.<\/a><\/div>\n[\/vc_column]\n<div class=\"su-divider su-divider-style-default\" style=\"margin:10px 0;border-width:3px;border-color:#ffffff00\"><a href=\"#\" style=\"color:#ffffff009\">.<\/a><\/div>\n","protected":false},"excerpt":{"rendered":"<p>La pilule Armod 150 mg est utilis\u00e9e pour favoriser l&#8217;\u00e9veil en raison d&#8217;une somnolence extr\u00eame pendant la journ\u00e9e ou de troubles du sommeil. Il est \u00e9galement utilis\u00e9 hors AMM pour traiter d&#8217;autres probl\u00e8mes de sant\u00e9 et comme am\u00e9liorateur de productivit\u00e9 ou cognitif. C&#8217;est s\u00fbr et fonctionne bien chez les individus en bonne sant\u00e9. C&#8217;est un produit puissant d&#8217;Emcure Pharmaceuticals Ltd contenant de l&#8217;armodafinil 150 mg comme ingr\u00e9dient actif.<\/p>\n<p>Achetez Armod dans notre e-pharmacie; nous l&#8217;exp\u00e9dions directement de son fabricant au co\u00fbt de fabrication le plus bas!<\/p>\n[sc name=\"s1\"]\n","protected":false},"featured_media":398118,"comment_status":"open","ping_status":"closed","template":"","meta":{"_acf_changed":false},"product_brand":[],"product_cat":[3785],"product_tag":[4009],"class_list":{"0":"post-409173","1":"product","2":"type-product","3":"status-publish","4":"has-post-thumbnail","6":"product_cat-marques-medicaments-intelligents","7":"product_tag-armodafinil-fr-2","9":"first","10":"instock","11":"sale","12":"shipping-taxable","13":"purchasable","14":"product-type-variable","15":"has-default-attributes"},"acf":[],"yoast_head":"<!-- This site is optimized with the Yoast SEO Premium plugin v23.6 (Yoast SEO v27.3) - https:\/\/yoast.com\/product\/yoast-seo-premium-wordpress\/ -->\n<title>Acheter Armod 150 MG (Armodafinil) Comprim\u00e9s \u00e0 bas prix - BuyModafinilOnline<\/title>\n<meta name=\"description\" content=\"Commandez des pilules Armod 150mg bon march\u00e9 en ligne aupr\u00e8s du fabricant Emcure Pharmaceuticals Ltd. Achetez Armod 150 mg (armodafinil) au meilleur prix \u00e0 la pharmacie BuyModafinilOnline. Aucune prescription requise!\" \/>\n<meta name=\"robots\" content=\"index, follow, max-snippet:-1, max-image-preview:large, max-video-preview:-1\" \/>\n<link rel=\"canonical\" href=\"https:\/\/buymodafinilonline.com\/fr\/medicaments-intelligents\/armod-150-mg-2\/\" \/>\n<meta property=\"og:locale\" content=\"fr_FR\" \/>\n<meta property=\"og:type\" content=\"article\" \/>\n<meta property=\"og:title\" content=\"Armod 150 MG\" \/>\n<meta property=\"og:description\" content=\"Commandez des pilules Armod 150mg bon march\u00e9 en ligne aupr\u00e8s du fabricant Emcure Pharmaceuticals Ltd. Achetez Armod 150 mg (armodafinil) au meilleur prix \u00e0 la pharmacie BuyModafinilOnline. Aucune prescription requise!\" \/>\n<meta property=\"og:url\" content=\"https:\/\/buymodafinilonline.com\/fr\/medicaments-intelligents\/armod-150-mg-2\/\" \/>\n<meta property=\"og:site_name\" content=\"BuyModafinilOnline.com\" \/>\n<meta property=\"article:modified_time\" content=\"2025-04-25T10:05:32+00:00\" \/>\n<meta property=\"og:image\" content=\"https:\/\/buymodafinilonline.com\/wp-content\/uploads\/2020\/04\/bmo-product-armod-150-mg.png\" \/>\n\t<meta property=\"og:image:width\" content=\"1280\" \/>\n\t<meta property=\"og:image:height\" content=\"1500\" \/>\n\t<meta property=\"og:image:type\" content=\"image\/png\" \/>\n<meta name=\"twitter:label1\" content=\"Dur\u00e9e de lecture estim\u00e9e\" \/>\n\t<meta name=\"twitter:data1\" content=\"6 minutes\" \/>\n<script type=\"application\/ld+json\" class=\"yoast-schema-graph\">{\"@context\":\"https:\\\/\\\/schema.org\",\"@graph\":[{\"@type\":\"WebPage\",\"@id\":\"https:\\\/\\\/buymodafinilonline.com\\\/fr\\\/medicaments-intelligents\\\/armod-150-mg-2\\\/\",\"url\":\"https:\\\/\\\/buymodafinilonline.com\\\/fr\\\/medicaments-intelligents\\\/armod-150-mg-2\\\/\",\"name\":\"Acheter Armod 150 MG (Armodafinil) Comprim\u00e9s \u00e0 bas prix - BuyModafinilOnline\",\"isPartOf\":{\"@id\":\"https:\\\/\\\/buymodafinilonline.com\\\/fr\\\/#website\"},\"primaryImageOfPage\":{\"@id\":\"https:\\\/\\\/buymodafinilonline.com\\\/fr\\\/medicaments-intelligents\\\/armod-150-mg-2\\\/#primaryimage\"},\"image\":{\"@id\":\"https:\\\/\\\/buymodafinilonline.com\\\/fr\\\/medicaments-intelligents\\\/armod-150-mg-2\\\/#primaryimage\"},\"thumbnailUrl\":\"https:\\\/\\\/buymodafinilonline.com\\\/wp-content\\\/uploads\\\/2020\\\/04\\\/bmo-product-armod-150-mg.png\",\"datePublished\":\"2020-04-18T19:00:03+00:00\",\"dateModified\":\"2025-04-25T10:05:32+00:00\",\"description\":\"Commandez des pilules Armod 150mg bon march\u00e9 en ligne aupr\u00e8s du fabricant Emcure Pharmaceuticals Ltd. Achetez Armod 150 mg (armodafinil) au meilleur prix \u00e0 la pharmacie BuyModafinilOnline. Aucune prescription requise!\",\"breadcrumb\":{\"@id\":\"https:\\\/\\\/buymodafinilonline.com\\\/fr\\\/medicaments-intelligents\\\/armod-150-mg-2\\\/#breadcrumb\"},\"inLanguage\":\"fr-FR\",\"potentialAction\":[{\"@type\":\"ReadAction\",\"target\":[\"https:\\\/\\\/buymodafinilonline.com\\\/fr\\\/medicaments-intelligents\\\/armod-150-mg-2\\\/\"]}]},{\"@type\":\"ImageObject\",\"inLanguage\":\"fr-FR\",\"@id\":\"https:\\\/\\\/buymodafinilonline.com\\\/fr\\\/medicaments-intelligents\\\/armod-150-mg-2\\\/#primaryimage\",\"url\":\"https:\\\/\\\/buymodafinilonline.com\\\/wp-content\\\/uploads\\\/2020\\\/04\\\/bmo-product-armod-150-mg.png\",\"contentUrl\":\"https:\\\/\\\/buymodafinilonline.com\\\/wp-content\\\/uploads\\\/2020\\\/04\\\/bmo-product-armod-150-mg.png\",\"width\":1280,\"height\":1500,\"caption\":\"Armod 150 mg\"},{\"@type\":\"BreadcrumbList\",\"@id\":\"https:\\\/\\\/buymodafinilonline.com\\\/fr\\\/medicaments-intelligents\\\/armod-150-mg-2\\\/#breadcrumb\",\"itemListElement\":[{\"@type\":\"ListItem\",\"position\":1,\"name\":\"Buy Modafinil Online\",\"item\":\"https:\\\/\\\/buymodafinilonline.com\\\/fr\\\/\"},{\"@type\":\"ListItem\",\"position\":2,\"name\":\"Boutique\",\"item\":\"https:\\\/\\\/buymodafinilonline.com\\\/fr\\\/boutique\\\/\"},{\"@type\":\"ListItem\",\"position\":3,\"name\":\"Marques de m\u00e9dicaments intelligents\",\"item\":\"https:\\\/\\\/buymodafinilonline.com\\\/fr\\\/categorie-de-produit\\\/marques-medicaments-intelligents\\\/\"},{\"@type\":\"ListItem\",\"position\":4,\"name\":\"Armod 150 MG\"}]},{\"@type\":\"WebSite\",\"@id\":\"https:\\\/\\\/buymodafinilonline.com\\\/fr\\\/#website\",\"url\":\"https:\\\/\\\/buymodafinilonline.com\\\/fr\\\/\",\"name\":\"BuyModafinilOnline.com\",\"description\":\"Modafinil Online Pharmacy\",\"publisher\":{\"@id\":\"https:\\\/\\\/buymodafinilonline.com\\\/fr\\\/#organization\"},\"potentialAction\":[{\"@type\":\"SearchAction\",\"target\":{\"@type\":\"EntryPoint\",\"urlTemplate\":\"https:\\\/\\\/buymodafinilonline.com\\\/fr\\\/?s={search_term_string}\"},\"query-input\":{\"@type\":\"PropertyValueSpecification\",\"valueRequired\":true,\"valueName\":\"search_term_string\"}}],\"inLanguage\":\"fr-FR\"},{\"@type\":\"Organization\",\"@id\":\"https:\\\/\\\/buymodafinilonline.com\\\/fr\\\/#organization\",\"name\":\"BuyModafinilOnline\",\"url\":\"https:\\\/\\\/buymodafinilonline.com\\\/fr\\\/\",\"logo\":{\"@type\":\"ImageObject\",\"inLanguage\":\"fr-FR\",\"@id\":\"https:\\\/\\\/buymodafinilonline.com\\\/fr\\\/#\\\/schema\\\/logo\\\/image\\\/\",\"url\":\"https:\\\/\\\/buymodafinilonline.com\\\/wp-content\\\/uploads\\\/2020\\\/04\\\/logo-buy-modafinil-online-yellow.png\",\"contentUrl\":\"https:\\\/\\\/buymodafinilonline.com\\\/wp-content\\\/uploads\\\/2020\\\/04\\\/logo-buy-modafinil-online-yellow.png\",\"width\":200,\"height\":200,\"caption\":\"BuyModafinilOnline\"},\"image\":{\"@id\":\"https:\\\/\\\/buymodafinilonline.com\\\/fr\\\/#\\\/schema\\\/logo\\\/image\\\/\"}}]}<\/script>\n<!-- \/ Yoast SEO Premium plugin. -->","yoast_head_json":{"title":"Acheter Armod 150 MG (Armodafinil) Comprim\u00e9s \u00e0 bas prix - BuyModafinilOnline","description":"Commandez des pilules Armod 150mg bon march\u00e9 en ligne aupr\u00e8s du fabricant Emcure Pharmaceuticals Ltd. Achetez Armod 150 mg (armodafinil) au meilleur prix \u00e0 la pharmacie BuyModafinilOnline. Aucune prescription requise!","robots":{"index":"index","follow":"follow","max-snippet":"max-snippet:-1","max-image-preview":"max-image-preview:large","max-video-preview":"max-video-preview:-1"},"canonical":"https:\/\/buymodafinilonline.com\/fr\/medicaments-intelligents\/armod-150-mg-2\/","og_locale":"fr_FR","og_type":"article","og_title":"Armod 150 MG","og_description":"Commandez des pilules Armod 150mg bon march\u00e9 en ligne aupr\u00e8s du fabricant Emcure Pharmaceuticals Ltd. Achetez Armod 150 mg (armodafinil) au meilleur prix \u00e0 la pharmacie BuyModafinilOnline. Aucune prescription requise!","og_url":"https:\/\/buymodafinilonline.com\/fr\/medicaments-intelligents\/armod-150-mg-2\/","og_site_name":"BuyModafinilOnline.com","article_modified_time":"2025-04-25T10:05:32+00:00","og_image":[{"width":1280,"height":1500,"url":"https:\/\/buymodafinilonline.com\/wp-content\/uploads\/2020\/04\/bmo-product-armod-150-mg.png","type":"image\/png"}],"twitter_misc":{"Dur\u00e9e de lecture estim\u00e9e":"6 minutes"},"schema":{"@context":"https:\/\/schema.org","@graph":[{"@type":"WebPage","@id":"https:\/\/buymodafinilonline.com\/fr\/medicaments-intelligents\/armod-150-mg-2\/","url":"https:\/\/buymodafinilonline.com\/fr\/medicaments-intelligents\/armod-150-mg-2\/","name":"Acheter Armod 150 MG (Armodafinil) Comprim\u00e9s \u00e0 bas prix - BuyModafinilOnline","isPartOf":{"@id":"https:\/\/buymodafinilonline.com\/fr\/#website"},"primaryImageOfPage":{"@id":"https:\/\/buymodafinilonline.com\/fr\/medicaments-intelligents\/armod-150-mg-2\/#primaryimage"},"image":{"@id":"https:\/\/buymodafinilonline.com\/fr\/medicaments-intelligents\/armod-150-mg-2\/#primaryimage"},"thumbnailUrl":"https:\/\/buymodafinilonline.com\/wp-content\/uploads\/2020\/04\/bmo-product-armod-150-mg.png","datePublished":"2020-04-18T19:00:03+00:00","dateModified":"2025-04-25T10:05:32+00:00","description":"Commandez des pilules Armod 150mg bon march\u00e9 en ligne aupr\u00e8s du fabricant Emcure Pharmaceuticals Ltd. Achetez Armod 150 mg (armodafinil) au meilleur prix \u00e0 la pharmacie BuyModafinilOnline. Aucune prescription requise!","breadcrumb":{"@id":"https:\/\/buymodafinilonline.com\/fr\/medicaments-intelligents\/armod-150-mg-2\/#breadcrumb"},"inLanguage":"fr-FR","potentialAction":[{"@type":"ReadAction","target":["https:\/\/buymodafinilonline.com\/fr\/medicaments-intelligents\/armod-150-mg-2\/"]}]},{"@type":"ImageObject","inLanguage":"fr-FR","@id":"https:\/\/buymodafinilonline.com\/fr\/medicaments-intelligents\/armod-150-mg-2\/#primaryimage","url":"https:\/\/buymodafinilonline.com\/wp-content\/uploads\/2020\/04\/bmo-product-armod-150-mg.png","contentUrl":"https:\/\/buymodafinilonline.com\/wp-content\/uploads\/2020\/04\/bmo-product-armod-150-mg.png","width":1280,"height":1500,"caption":"Armod 150 mg"},{"@type":"BreadcrumbList","@id":"https:\/\/buymodafinilonline.com\/fr\/medicaments-intelligents\/armod-150-mg-2\/#breadcrumb","itemListElement":[{"@type":"ListItem","position":1,"name":"Buy Modafinil Online","item":"https:\/\/buymodafinilonline.com\/fr\/"},{"@type":"ListItem","position":2,"name":"Boutique","item":"https:\/\/buymodafinilonline.com\/fr\/boutique\/"},{"@type":"ListItem","position":3,"name":"Marques de m\u00e9dicaments intelligents","item":"https:\/\/buymodafinilonline.com\/fr\/categorie-de-produit\/marques-medicaments-intelligents\/"},{"@type":"ListItem","position":4,"name":"Armod 150 MG"}]},{"@type":"WebSite","@id":"https:\/\/buymodafinilonline.com\/fr\/#website","url":"https:\/\/buymodafinilonline.com\/fr\/","name":"BuyModafinilOnline.com","description":"Modafinil Online Pharmacy","publisher":{"@id":"https:\/\/buymodafinilonline.com\/fr\/#organization"},"potentialAction":[{"@type":"SearchAction","target":{"@type":"EntryPoint","urlTemplate":"https:\/\/buymodafinilonline.com\/fr\/?s={search_term_string}"},"query-input":{"@type":"PropertyValueSpecification","valueRequired":true,"valueName":"search_term_string"}}],"inLanguage":"fr-FR"},{"@type":"Organization","@id":"https:\/\/buymodafinilonline.com\/fr\/#organization","name":"BuyModafinilOnline","url":"https:\/\/buymodafinilonline.com\/fr\/","logo":{"@type":"ImageObject","inLanguage":"fr-FR","@id":"https:\/\/buymodafinilonline.com\/fr\/#\/schema\/logo\/image\/","url":"https:\/\/buymodafinilonline.com\/wp-content\/uploads\/2020\/04\/logo-buy-modafinil-online-yellow.png","contentUrl":"https:\/\/buymodafinilonline.com\/wp-content\/uploads\/2020\/04\/logo-buy-modafinil-online-yellow.png","width":200,"height":200,"caption":"BuyModafinilOnline"},"image":{"@id":"https:\/\/buymodafinilonline.com\/fr\/#\/schema\/logo\/image\/"}}]}},"_links":{"self":[{"href":"https:\/\/buymodafinilonline.com\/fr\/wp-json\/wp\/v2\/product\/409173","targetHints":{"allow":["GET"]}}],"collection":[{"href":"https:\/\/buymodafinilonline.com\/fr\/wp-json\/wp\/v2\/product"}],"about":[{"href":"https:\/\/buymodafinilonline.com\/fr\/wp-json\/wp\/v2\/types\/product"}],"replies":[{"embeddable":true,"href":"https:\/\/buymodafinilonline.com\/fr\/wp-json\/wp\/v2\/comments?post=409173"}],"wp:featuredmedia":[{"embeddable":true,"href":"https:\/\/buymodafinilonline.com\/fr\/wp-json\/wp\/v2\/media\/398118"}],"wp:attachment":[{"href":"https:\/\/buymodafinilonline.com\/fr\/wp-json\/wp\/v2\/media?parent=409173"}],"wp:term":[{"taxonomy":"product_brand","embeddable":true,"href":"https:\/\/buymodafinilonline.com\/fr\/wp-json\/wp\/v2\/product_brand?post=409173"},{"taxonomy":"product_cat","embeddable":true,"href":"https:\/\/buymodafinilonline.com\/fr\/wp-json\/wp\/v2\/product_cat?post=409173"},{"taxonomy":"product_tag","embeddable":true,"href":"https:\/\/buymodafinilonline.com\/fr\/wp-json\/wp\/v2\/product_tag?post=409173"}],"curies":[{"name":"wp","href":"https:\/\/api.w.org\/{rel}","templated":true}]}}