{"id":409206,"date":"2020-04-18T19:46:49","date_gmt":"2020-04-18T18:46:49","guid":{"rendered":"https:\/\/buymodafinilonline.com\/smart-drugs\/modfil-200-mg\/"},"modified":"2025-04-25T10:36:36","modified_gmt":"2025-04-25T09:36:36","slug":"modfil-200-mg","status":"publish","type":"product","link":"https:\/\/buymodafinilonline.com\/fr\/medicaments-intelligents\/modfil-200-mg\/","title":{"rendered":"Modfil 200 MG"},"content":{"rendered":"[vc_column width=&#8221;1\/2&#8243;]\n<h2>Qu&#8217;est-ce que Modfil 200 mg?<\/h2>\n<div class=\"su-divider su-divider-style-default\" style=\"margin:10px 0;border-width:3px;border-color:#ffffff00\"><a href=\"#\" style=\"color:#ffffff009\">.<\/a><\/div>\nModfil 200 mg est un m\u00e9dicament sur ordonnance utilis\u00e9 pour favoriser l&#8217;\u00e9veil chez les personnes priv\u00e9es de sommeil r\u00e9sultant de divers probl\u00e8mes de sant\u00e9, notamment le syndrome d&#8217;apn\u00e9e \/ hypopn\u00e9e obstructive du sommeil (SAOS), les troubles du sommeil au travail par \u00e9quipes (SWSD) et la narcolepsie.<\/p>\n<p>L&#8217;utilisation non conforme comprend la scl\u00e9rose en plaques, la maladie de Parkinson, le trouble d\u00e9ficitaire de l&#8217;attention avec hyperactivit\u00e9 (TDAH), la d\u00e9pression, les troubles cognitifs et d&#8217;autres traitements de sant\u00e9.<\/p>\n<p>Puisqu&#8217;il contient<a href=\"https:\/\/buymodafinilonline.com\/fr\/la-verite-sur-le-modafinil\/\"> modafinil<\/a> , le m\u00e9canisme Modfil r\u00e9tablit le cycle de sommeil normal car il module la concentration de messagers chimiques dans le cerveau en inhibant et en am\u00e9liorant la recapture de la dopamine, de l&#8217;histamine et de l&#8217;orexine et exerce un effet stimulant pour r\u00e9duire la somnolence extr\u00eame. Cependant, outre ce m\u00e9canisme connu, la dopamine joue un autre r\u00f4le important. Il agit comme un syst\u00e8me de r\u00e9compense naturel dans le cerveau et en augmentant ses niveaux.<\/p>\n<p>En raison de cet effet, Modfil, comme tout autre nootropique, est largement utilis\u00e9 par les dirigeants d&#8217;entreprise, les astronautes, le personnel sportif, les \u00e9tudiants et les employ\u00e9s, entre autres pour am\u00e9liorer la capacit\u00e9 \u00e0 am\u00e9liorer la concentration, la vigilance, la m\u00e9moire, l&#8217;acuit\u00e9 mentale pour leur permettre de planifier et prendre des d\u00e9cisions, obtenir un effet positif sur l&#8217;apprentissage et la cr\u00e9ativit\u00e9 et promouvoir la productivit\u00e9.<\/p>\n<div class=\"su-divider su-divider-style-default\" style=\"margin:10px 0;border-width:3px;border-color:#ffffff00\"><a href=\"#\" style=\"color:#ffffff009\">.<\/a><\/div>\n<h2>Dosage s\u00fbr et utilisation appropri\u00e9e<\/h2>\n<div class=\"su-divider su-divider-style-default\" style=\"margin:10px 0;border-width:3px;border-color:#ffffff00\"><a href=\"#\" style=\"color:#ffffff009\">.<\/a><\/div>\nLa s\u00e9curit\u00e9 devrait \u00eatre utile. Modfil 200 mg est la dose quotidienne recommand\u00e9e de concentration. Laissez votre m\u00e9decin sp\u00e9cialiste \u00e9valuer votre sant\u00e9 pour d\u00e9terminer si ce m\u00e9dicament vous convient le mieux, en fonction de l&#8217;\u00e9volution de votre \u00e9tat de sant\u00e9.<\/p>\n<p>La posologie doit \u00eatre prise conform\u00e9ment \u00e0 la prescription. Ne prenez pas plus d&#8217;un comprim\u00e9 par jour. Modfil 200 mg est sans danger s&#8217;il est pris par des personnes en bonne sant\u00e9 et au bon moment selon la prescription. Ne pas surdoser.<\/p>\n<p>Si vous utilisez le m\u00e9dicament Modfil hors AMM, consultez un m\u00e9decin sp\u00e9cialiste pour vous donner le bon dosage et l&#8217;utilisation appropri\u00e9e. Un ajustement de la posologie peut \u00eatre n\u00e9cessaire en fonction de votre \u00e9tat de sant\u00e9, c&#8217;est-\u00e0-dire que si vous \u00eates diagnostiqu\u00e9 avec une insuffisance h\u00e9patique s\u00e9v\u00e8re, Modfil 200 mg doit \u00eatre r\u00e9duit de moiti\u00e9.<\/p>\n<div class=\"su-divider su-divider-style-default\" style=\"margin:10px 0;border-width:3px;border-color:#ffffff00\"><a href=\"#\" style=\"color:#ffffff009\">.<\/a><\/div>\n<h2><strong>Les effets secondaires possibles<\/strong><\/h2>\n<div class=\"su-divider su-divider-style-default\" style=\"margin:10px 0;border-width:3px;border-color:#ffffff00\"><a href=\"#\" style=\"color:#ffffff009\">.<\/a><\/div>\nModfil 200 mg peut avoir des effets n\u00e9gatifs. Il est sans danger s&#8217;il est pris par des personnes en bonne sant\u00e9 sans complications de sant\u00e9 et en respectant la posologie. Suivez les instructions donn\u00e9es sur la notice du m\u00e9dicament pour ressentir les effets optimaux de ce m\u00e9dicament sans effets n\u00e9gatifs graves.<\/p>\n<p>Certains effets ind\u00e9sirables ne sont pas graves et de courte dur\u00e9e. Les effets n\u00e9gatifs courants comprennent des maux de t\u00eate, des \u00e9tourdissements, des maux de dos, des naus\u00e9es, des maux d&#8217;estomac, de la diarrh\u00e9e, des probl\u00e8mes de sommeil, une sensation d&#8217;anxi\u00e9t\u00e9 ou de nervosit\u00e9, un nez bouch\u00e9.<\/p>\n<p>Les effets n\u00e9gatifs rares, mais plus graves, comprennent l&#8217;hypersensibilit\u00e9, la fi\u00e8vre et les frissons, les douleurs thoraciques, la confusion, la fatigue et la faiblesse inhabituelles, le syndrome de Stevens-Johnson et d&#8217;autres.<\/p>\n<p>Ce n&#8217;est pas une liste exhaustive. Cela peut \u00e9galement causer de la somnolence et des \u00e9tourdissements, alors ne conduisez pas et ne faites rien qui n\u00e9cessite une concentration mentale et une attention jusqu&#8217;\u00e0 ce que l&#8217;effet du m\u00e9dicament disparaisse. Informez un m\u00e9decin si vous d\u00e9veloppez des changements inhabituels d&#8217;humeur ou de comportement et si vous avez des pens\u00e9es suicidaires, une d\u00e9pression nouvelle ou qui s&#8217;aggrave.<\/p>\n[\/vc_column][vc_column width=&#8221;1\/2&#8243;]\n<div class=\"su-divider su-divider-style-default\" style=\"margin:10px 0;border-width:3px;border-color:#ffffff00\"><a href=\"#\" style=\"color:#ffffff009\">.<\/a><\/div>\n<h2>Contre-indications et mises en garde<\/h2>\n<div class=\"su-divider su-divider-style-default\" style=\"margin:10px 0;border-width:3px;border-color:#ffffff00\"><a href=\"#\" style=\"color:#ffffff009\">.<\/a><\/div>\nModfil 200 mg est s\u00fbr et bien tol\u00e9r\u00e9 s&#8217;il est utilis\u00e9 par des personnes en bonne sant\u00e9 et sans m\u00e9lange avec d&#8217;autres m\u00e9dicaments.<\/p>\n<p>Si vous utilisez d&#8217;autres m\u00e9dicaments, il est recommand\u00e9 de donner une liste compl\u00e8te de tous les m\u00e9dicaments que vous utilisez. Que ce soit des m\u00e9dicaments sur ordonnance \/ en vente libre ou des plantes m\u00e9dicinales. Un m\u00e9decin sp\u00e9cialiste doit \u00e9valuer et conseiller s&#8217;il est s\u00fbr d&#8217;\u00eatre utilis\u00e9 avec un m\u00e9dicament modafinil.<\/p>\n<p>Les personnes allergiques au modafinil ou \u00e0 tout m\u00e9dicament eug\u00e9ro\u00efque ne doivent pas se voir prescrire Modfil 200 mg.<\/p>\n<p>Il est strictement recommand\u00e9 aux femmes enceintes et aux m\u00e8res qui allaitent de ne pas utiliser de m\u00e9dicament eugero\u00efque. Si cela est n\u00e9cessaire, un m\u00e9decin doit discuter des effets n\u00e9fastes ou dommages possibles connus et des avantages avant de prendre Modfil \u00abm\u00e9dicament intelligent\u00bb.<\/p>\n<p>Modfil fonctionne bien avec les aliments, mais certains aliments peuvent retarder son d\u00e9but d&#8217;action. Le m\u00e9langer avec de l&#8217;alcool n&#8217;est pas recommand\u00e9. Cela peut augmenter le risque potentiel d&#8217;effets n\u00e9gatifs sans pr\u00e9c\u00e9dent tels que la somnolence, une alt\u00e9ration du jugement et des \u00e9tourdissements, entre autres.<\/p>\n<p>Les interactions de Modfil 200 mg avec d&#8217;autres m\u00e9dicaments comprennent:<\/p>\n<div class=\"su-divider su-divider-style-default\" style=\"margin:10px 0;border-width:3px;border-color:#ffffff00\"><a href=\"#\" style=\"color:#ffffff009\">.<\/a><\/div>\n<ul>\n<li>Substrats CYP3A4 \/ 5 et CYP2C19;<\/li>\n<li>warfarine;<\/li>\n<li>Inhibiteurs de MAO;<\/li>\n<li>m\u00e9dicaments contraceptifs;<\/li>\n<li>Stimulants du SNC et autres.<\/li>\n<\/ul>\n<div class=\"su-divider su-divider-style-default\" style=\"margin:10px 0;border-width:3px;border-color:#ffffff00\"><a href=\"#\" style=\"color:#ffffff009\">.<\/a><\/div>\nIl est \u00e9galement n\u00e9cessaire d&#8217;informer votre m\u00e9decin sp\u00e9cialiste de votre \u00e9tat de sant\u00e9. Modfil peut provoquer une interaction de la maladie. Les interactions notables de la maladie modafinil comprennent le foie, les reins, les probl\u00e8mes cardiaques, les convulsions, etc. Avant de prendre Modfil ou tout m\u00e9dicament eugero\u00efque \/ nootropique, consultez un m\u00e9decin.<\/p>\n<div class=\"su-divider su-divider-style-default\" style=\"margin:10px 0;border-width:3px;border-color:#ffffff00\"><a href=\"#\" style=\"color:#ffffff009\">.<\/a><\/div>\n<h2><strong>Acheter G\u00e9n\u00e9rique Modfil 200mg (Modafinil) En Ligne<\/strong><\/h2>\n<div class=\"su-divider su-divider-style-default\" style=\"margin:10px 0;border-width:3px;border-color:#ffffff00\"><a href=\"#\" style=\"color:#ffffff009\">.<\/a><\/div>\nCurieux de savoir quel est le meilleur endroit pour acheter le plus au monde<a href=\"https:\/\/buymodafinilonline.com\/smart-drugs-bestsellers\/\"> nootropique populaire<\/a> ? BuyModafinilOnline est le meilleur endroit pour acheter du modafinil bon march\u00e9, car nous accordons la priorit\u00e9 \u00e0 votre sant\u00e9 en nous approvisionnant en nootropiques de qualit\u00e9 aupr\u00e8s de fabricants approuv\u00e9s et en offrant au prix de fabrication.<\/p>\n<p>Vous pouvez commander du Modfil g\u00e9n\u00e9rique dans notre e-pharmacie sans ordonnance. Toutes les pharmacies \u00e9lectroniques ne sont pas l\u00e9gitimes. Il n&#8217;est pas ill\u00e9gal de<a href=\"https:\/\/buymodafinilonline.com\/smart-drugs-brands\/\"> acheter des nootropiques en ligne<\/a> , mais vous devez \u00eatre conscient des risques li\u00e9s \u00e0 l&#8217;achat dans les pharmacies en ligne frauduleuses.<\/p>\n<p>Nous offrons<a href=\"https:\/\/buymodafinilonline.com\/free-trial\/\"> \u00e9chantillons d&#8217;essai gratuits de modafinil et armodafinil<\/a> . Obtenez-les gratuitement et testez l&#8217;efficacit\u00e9 et la s\u00e9curit\u00e9 des m\u00e9dicaments que nous proposons.<\/p>\n<p>Nous acceptons divers<a href=\"https:\/\/buymodafinilonline.com\/billing-credit-card-faq\/\"> m\u00e9thodes de payement<\/a> , y compris les principales cartes de cr\u00e9dit, Zelle, PayPal et Bitcoin. En <a href=\"https:\/\/buymodafinilonline.com\/fr\/payez-avec-des-bitcoins\/\">utilisant Bitcoin<\/a> comme mode de paiement pr\u00e9f\u00e9r\u00e9, nous vous offrons 23% de r\u00e9duction sur votre co\u00fbt total.<\/p>\n<p>Nous vous encourageons \u00e0 utiliser nos exp\u00e9riences de r\u00e9duction de prix, telles que<a href=\"https:\/\/buymodafinilonline.com\/coupons-deals-promo-codes\/\"> coupons, offres et codes promotionnels<\/a> . En outre, vous pouvez obtenir notre offre hebdomadaire exclusive de 300 pilules de la marque de modafinil g\u00e9n\u00e9rique la plus populaire \u00e0 0,99 $ par comprim\u00e9 seulement.<\/p>\n<p>Sur toutes les commandes de plus de 80 $, profitez de la livraison gratuite par avion recommand\u00e9 ou de la livraison express gratuite sur tous vos achats de 150 $ et plus. Notre<a href=\"https:\/\/buymodafinilonline.com\/fr\/meilleur-fournisseur-france\/\"> livraison<\/a> est ultra-rapide et nous offrons un<a href=\"https:\/\/buymodafinilonline.com\/refund-reshipment\/\"> remboursement complet ou r\u00e9exp\u00e9dition<\/a> si votre colis est bloqu\u00e9 \u00e0 la douane.<\/p>\n<div class=\"su-divider su-divider-style-default\" style=\"margin:10px 0;border-width:3px;border-color:#ffffff00\"><a href=\"#\" style=\"color:#ffffff009\">.<\/a><\/div>\n[\/vc_column]\n<div class=\"su-divider su-divider-style-default\" style=\"margin:10px 0;border-width:3px;border-color:#ffffff00\"><a href=\"#\" style=\"color:#ffffff009\">.<\/a><\/div>\n","protected":false},"excerpt":{"rendered":"<p>Modfil 200 mg contient du modafinil comme ingr\u00e9dient actif. Il est fabriqu\u00e9 par Psyco Remedies Ltd situ\u00e9 dans une grande ville industrielle du Pendjab, en Inde. Ce m\u00e9dicament est utilis\u00e9 pour traiter les troubles du sommeil ainsi que pour la productivit\u00e9 et l&#8217;am\u00e9lioration cognitive. Obtenez ce m\u00e9dicament chez nous au co\u00fbt de fabrication, car nous l&#8217;approvisionnons directement aupr\u00e8s de son fabricant. Profitez d&#8217;\u00e9chantillons d&#8217;essai gratuits de pilules de modafinil et d&#8217;armodafinil et utilisez les codes de r\u00e9duction et les r\u00e9ductions pour r\u00e9duire le co\u00fbt total des \u00abm\u00e9dicaments intelligents\u00bb!<\/p>\n[sc name=\"s1\"]\n","protected":false},"featured_media":398188,"comment_status":"open","ping_status":"closed","template":"","meta":{"_acf_changed":false},"product_brand":[],"product_cat":[3785],"product_tag":[3850],"class_list":{"0":"post-409206","1":"product","2":"type-product","3":"status-publish","4":"has-post-thumbnail","6":"product_cat-marques-medicaments-intelligents","7":"product_tag-modafinil-fr","9":"first","10":"instock","11":"sale","12":"shipping-taxable","13":"purchasable","14":"product-type-variable","15":"has-default-attributes"},"acf":[],"yoast_head":"<!-- This site is optimized with the Yoast SEO Premium plugin v23.6 (Yoast SEO v27.4) - https:\/\/yoast.com\/product\/yoast-seo-premium-wordpress\/ -->\n<title>Acheter des m\u00e9dicaments Modfil 200 MG (Modafinil) \u00e0 bas prix - BuyModafinilOnline<\/title>\n<meta name=\"description\" content=\"Commandez des comprim\u00e9s de Modfil 200 mg en ligne aupr\u00e8s du fabricant de Psyco Remedies Ltd. Achetez Modfil 200 mg (modafinil) sans ordonnance \u00e0 la pharmacie BuyModafinilOnline. Payez avec PayPal, carte de cr\u00e9dit ou BTC et obtenez de gros rabais!\" \/>\n<meta name=\"robots\" content=\"index, follow, max-snippet:-1, max-image-preview:large, max-video-preview:-1\" \/>\n<link rel=\"canonical\" href=\"https:\/\/buymodafinilonline.com\/fr\/medicaments-intelligents\/modfil-200-mg\/\" \/>\n<meta property=\"og:locale\" content=\"fr_FR\" \/>\n<meta property=\"og:type\" content=\"article\" \/>\n<meta property=\"og:title\" content=\"Modfil 200 MG\" \/>\n<meta property=\"og:description\" content=\"Commandez des comprim\u00e9s de Modfil 200 mg en ligne aupr\u00e8s du fabricant de Psyco Remedies Ltd. Achetez Modfil 200 mg (modafinil) sans ordonnance \u00e0 la pharmacie BuyModafinilOnline. Payez avec PayPal, carte de cr\u00e9dit ou BTC et obtenez de gros rabais!\" \/>\n<meta property=\"og:url\" content=\"https:\/\/buymodafinilonline.com\/fr\/medicaments-intelligents\/modfil-200-mg\/\" \/>\n<meta property=\"og:site_name\" content=\"BuyModafinilOnline.com\" \/>\n<meta property=\"article:modified_time\" content=\"2025-04-25T09:36:36+00:00\" \/>\n<meta property=\"og:image\" content=\"https:\/\/buymodafinilonline.com\/wp-content\/uploads\/2020\/04\/bmo-product-modfil-200-mg.png\" \/>\n\t<meta property=\"og:image:width\" content=\"1280\" \/>\n\t<meta property=\"og:image:height\" content=\"1500\" \/>\n\t<meta property=\"og:image:type\" content=\"image\/png\" \/>\n<meta name=\"twitter:label1\" content=\"Dur\u00e9e de lecture estim\u00e9e\" \/>\n\t<meta name=\"twitter:data1\" content=\"6 minutes\" \/>\n<script type=\"application\/ld+json\" class=\"yoast-schema-graph\">{\"@context\":\"https:\\\/\\\/schema.org\",\"@graph\":[{\"@type\":\"WebPage\",\"@id\":\"https:\\\/\\\/buymodafinilonline.com\\\/fr\\\/medicaments-intelligents\\\/modfil-200-mg\\\/\",\"url\":\"https:\\\/\\\/buymodafinilonline.com\\\/fr\\\/medicaments-intelligents\\\/modfil-200-mg\\\/\",\"name\":\"Acheter des m\u00e9dicaments Modfil 200 MG (Modafinil) \u00e0 bas prix - BuyModafinilOnline\",\"isPartOf\":{\"@id\":\"https:\\\/\\\/buymodafinilonline.com\\\/fr\\\/#website\"},\"primaryImageOfPage\":{\"@id\":\"https:\\\/\\\/buymodafinilonline.com\\\/fr\\\/medicaments-intelligents\\\/modfil-200-mg\\\/#primaryimage\"},\"image\":{\"@id\":\"https:\\\/\\\/buymodafinilonline.com\\\/fr\\\/medicaments-intelligents\\\/modfil-200-mg\\\/#primaryimage\"},\"thumbnailUrl\":\"https:\\\/\\\/buymodafinilonline.com\\\/wp-content\\\/uploads\\\/2020\\\/04\\\/bmo-product-modfil-200-mg.png\",\"datePublished\":\"2020-04-18T18:46:49+00:00\",\"dateModified\":\"2025-04-25T09:36:36+00:00\",\"description\":\"Commandez des comprim\u00e9s de Modfil 200 mg en ligne aupr\u00e8s du fabricant de Psyco Remedies Ltd. Achetez Modfil 200 mg (modafinil) sans ordonnance \u00e0 la pharmacie BuyModafinilOnline. Payez avec PayPal, carte de cr\u00e9dit ou BTC et obtenez de gros rabais!\",\"breadcrumb\":{\"@id\":\"https:\\\/\\\/buymodafinilonline.com\\\/fr\\\/medicaments-intelligents\\\/modfil-200-mg\\\/#breadcrumb\"},\"inLanguage\":\"fr-FR\",\"potentialAction\":[{\"@type\":\"ReadAction\",\"target\":[\"https:\\\/\\\/buymodafinilonline.com\\\/fr\\\/medicaments-intelligents\\\/modfil-200-mg\\\/\"]}]},{\"@type\":\"ImageObject\",\"inLanguage\":\"fr-FR\",\"@id\":\"https:\\\/\\\/buymodafinilonline.com\\\/fr\\\/medicaments-intelligents\\\/modfil-200-mg\\\/#primaryimage\",\"url\":\"https:\\\/\\\/buymodafinilonline.com\\\/wp-content\\\/uploads\\\/2020\\\/04\\\/bmo-product-modfil-200-mg.png\",\"contentUrl\":\"https:\\\/\\\/buymodafinilonline.com\\\/wp-content\\\/uploads\\\/2020\\\/04\\\/bmo-product-modfil-200-mg.png\",\"width\":1280,\"height\":1500,\"caption\":\"Modfil 200 mg\"},{\"@type\":\"BreadcrumbList\",\"@id\":\"https:\\\/\\\/buymodafinilonline.com\\\/fr\\\/medicaments-intelligents\\\/modfil-200-mg\\\/#breadcrumb\",\"itemListElement\":[{\"@type\":\"ListItem\",\"position\":1,\"name\":\"Buy Modafinil Online\",\"item\":\"https:\\\/\\\/buymodafinilonline.com\\\/fr\\\/\"},{\"@type\":\"ListItem\",\"position\":2,\"name\":\"Boutique\",\"item\":\"https:\\\/\\\/buymodafinilonline.com\\\/fr\\\/boutique\\\/\"},{\"@type\":\"ListItem\",\"position\":3,\"name\":\"Marques de m\u00e9dicaments intelligents\",\"item\":\"https:\\\/\\\/buymodafinilonline.com\\\/fr\\\/categorie-de-produit\\\/marques-medicaments-intelligents\\\/\"},{\"@type\":\"ListItem\",\"position\":4,\"name\":\"Modfil 200 MG\"}]},{\"@type\":\"WebSite\",\"@id\":\"https:\\\/\\\/buymodafinilonline.com\\\/fr\\\/#website\",\"url\":\"https:\\\/\\\/buymodafinilonline.com\\\/fr\\\/\",\"name\":\"BuyModafinilOnline.com\",\"description\":\"Modafinil Online Pharmacy\",\"publisher\":{\"@id\":\"https:\\\/\\\/buymodafinilonline.com\\\/fr\\\/#organization\"},\"potentialAction\":[{\"@type\":\"SearchAction\",\"target\":{\"@type\":\"EntryPoint\",\"urlTemplate\":\"https:\\\/\\\/buymodafinilonline.com\\\/fr\\\/?s={search_term_string}\"},\"query-input\":{\"@type\":\"PropertyValueSpecification\",\"valueRequired\":true,\"valueName\":\"search_term_string\"}}],\"inLanguage\":\"fr-FR\"},{\"@type\":\"Organization\",\"@id\":\"https:\\\/\\\/buymodafinilonline.com\\\/fr\\\/#organization\",\"name\":\"BuyModafinilOnline\",\"url\":\"https:\\\/\\\/buymodafinilonline.com\\\/fr\\\/\",\"logo\":{\"@type\":\"ImageObject\",\"inLanguage\":\"fr-FR\",\"@id\":\"https:\\\/\\\/buymodafinilonline.com\\\/fr\\\/#\\\/schema\\\/logo\\\/image\\\/\",\"url\":\"https:\\\/\\\/buymodafinilonline.com\\\/wp-content\\\/uploads\\\/2020\\\/04\\\/logo-buy-modafinil-online-yellow.png\",\"contentUrl\":\"https:\\\/\\\/buymodafinilonline.com\\\/wp-content\\\/uploads\\\/2020\\\/04\\\/logo-buy-modafinil-online-yellow.png\",\"width\":200,\"height\":200,\"caption\":\"BuyModafinilOnline\"},\"image\":{\"@id\":\"https:\\\/\\\/buymodafinilonline.com\\\/fr\\\/#\\\/schema\\\/logo\\\/image\\\/\"}}]}<\/script>\n<!-- \/ Yoast SEO Premium plugin. -->","yoast_head_json":{"title":"Acheter des m\u00e9dicaments Modfil 200 MG (Modafinil) \u00e0 bas prix - BuyModafinilOnline","description":"Commandez des comprim\u00e9s de Modfil 200 mg en ligne aupr\u00e8s du fabricant de Psyco Remedies Ltd. Achetez Modfil 200 mg (modafinil) sans ordonnance \u00e0 la pharmacie BuyModafinilOnline. Payez avec PayPal, carte de cr\u00e9dit ou BTC et obtenez de gros rabais!","robots":{"index":"index","follow":"follow","max-snippet":"max-snippet:-1","max-image-preview":"max-image-preview:large","max-video-preview":"max-video-preview:-1"},"canonical":"https:\/\/buymodafinilonline.com\/fr\/medicaments-intelligents\/modfil-200-mg\/","og_locale":"fr_FR","og_type":"article","og_title":"Modfil 200 MG","og_description":"Commandez des comprim\u00e9s de Modfil 200 mg en ligne aupr\u00e8s du fabricant de Psyco Remedies Ltd. Achetez Modfil 200 mg (modafinil) sans ordonnance \u00e0 la pharmacie BuyModafinilOnline. Payez avec PayPal, carte de cr\u00e9dit ou BTC et obtenez de gros rabais!","og_url":"https:\/\/buymodafinilonline.com\/fr\/medicaments-intelligents\/modfil-200-mg\/","og_site_name":"BuyModafinilOnline.com","article_modified_time":"2025-04-25T09:36:36+00:00","og_image":[{"width":1280,"height":1500,"url":"https:\/\/buymodafinilonline.com\/wp-content\/uploads\/2020\/04\/bmo-product-modfil-200-mg.png","type":"image\/png"}],"twitter_misc":{"Dur\u00e9e de lecture estim\u00e9e":"6 minutes"},"schema":{"@context":"https:\/\/schema.org","@graph":[{"@type":"WebPage","@id":"https:\/\/buymodafinilonline.com\/fr\/medicaments-intelligents\/modfil-200-mg\/","url":"https:\/\/buymodafinilonline.com\/fr\/medicaments-intelligents\/modfil-200-mg\/","name":"Acheter des m\u00e9dicaments Modfil 200 MG (Modafinil) \u00e0 bas prix - BuyModafinilOnline","isPartOf":{"@id":"https:\/\/buymodafinilonline.com\/fr\/#website"},"primaryImageOfPage":{"@id":"https:\/\/buymodafinilonline.com\/fr\/medicaments-intelligents\/modfil-200-mg\/#primaryimage"},"image":{"@id":"https:\/\/buymodafinilonline.com\/fr\/medicaments-intelligents\/modfil-200-mg\/#primaryimage"},"thumbnailUrl":"https:\/\/buymodafinilonline.com\/wp-content\/uploads\/2020\/04\/bmo-product-modfil-200-mg.png","datePublished":"2020-04-18T18:46:49+00:00","dateModified":"2025-04-25T09:36:36+00:00","description":"Commandez des comprim\u00e9s de Modfil 200 mg en ligne aupr\u00e8s du fabricant de Psyco Remedies Ltd. Achetez Modfil 200 mg (modafinil) sans ordonnance \u00e0 la pharmacie BuyModafinilOnline. Payez avec PayPal, carte de cr\u00e9dit ou BTC et obtenez de gros rabais!","breadcrumb":{"@id":"https:\/\/buymodafinilonline.com\/fr\/medicaments-intelligents\/modfil-200-mg\/#breadcrumb"},"inLanguage":"fr-FR","potentialAction":[{"@type":"ReadAction","target":["https:\/\/buymodafinilonline.com\/fr\/medicaments-intelligents\/modfil-200-mg\/"]}]},{"@type":"ImageObject","inLanguage":"fr-FR","@id":"https:\/\/buymodafinilonline.com\/fr\/medicaments-intelligents\/modfil-200-mg\/#primaryimage","url":"https:\/\/buymodafinilonline.com\/wp-content\/uploads\/2020\/04\/bmo-product-modfil-200-mg.png","contentUrl":"https:\/\/buymodafinilonline.com\/wp-content\/uploads\/2020\/04\/bmo-product-modfil-200-mg.png","width":1280,"height":1500,"caption":"Modfil 200 mg"},{"@type":"BreadcrumbList","@id":"https:\/\/buymodafinilonline.com\/fr\/medicaments-intelligents\/modfil-200-mg\/#breadcrumb","itemListElement":[{"@type":"ListItem","position":1,"name":"Buy Modafinil Online","item":"https:\/\/buymodafinilonline.com\/fr\/"},{"@type":"ListItem","position":2,"name":"Boutique","item":"https:\/\/buymodafinilonline.com\/fr\/boutique\/"},{"@type":"ListItem","position":3,"name":"Marques de m\u00e9dicaments intelligents","item":"https:\/\/buymodafinilonline.com\/fr\/categorie-de-produit\/marques-medicaments-intelligents\/"},{"@type":"ListItem","position":4,"name":"Modfil 200 MG"}]},{"@type":"WebSite","@id":"https:\/\/buymodafinilonline.com\/fr\/#website","url":"https:\/\/buymodafinilonline.com\/fr\/","name":"BuyModafinilOnline.com","description":"Modafinil Online Pharmacy","publisher":{"@id":"https:\/\/buymodafinilonline.com\/fr\/#organization"},"potentialAction":[{"@type":"SearchAction","target":{"@type":"EntryPoint","urlTemplate":"https:\/\/buymodafinilonline.com\/fr\/?s={search_term_string}"},"query-input":{"@type":"PropertyValueSpecification","valueRequired":true,"valueName":"search_term_string"}}],"inLanguage":"fr-FR"},{"@type":"Organization","@id":"https:\/\/buymodafinilonline.com\/fr\/#organization","name":"BuyModafinilOnline","url":"https:\/\/buymodafinilonline.com\/fr\/","logo":{"@type":"ImageObject","inLanguage":"fr-FR","@id":"https:\/\/buymodafinilonline.com\/fr\/#\/schema\/logo\/image\/","url":"https:\/\/buymodafinilonline.com\/wp-content\/uploads\/2020\/04\/logo-buy-modafinil-online-yellow.png","contentUrl":"https:\/\/buymodafinilonline.com\/wp-content\/uploads\/2020\/04\/logo-buy-modafinil-online-yellow.png","width":200,"height":200,"caption":"BuyModafinilOnline"},"image":{"@id":"https:\/\/buymodafinilonline.com\/fr\/#\/schema\/logo\/image\/"}}]}},"_links":{"self":[{"href":"https:\/\/buymodafinilonline.com\/fr\/wp-json\/wp\/v2\/product\/409206","targetHints":{"allow":["GET"]}}],"collection":[{"href":"https:\/\/buymodafinilonline.com\/fr\/wp-json\/wp\/v2\/product"}],"about":[{"href":"https:\/\/buymodafinilonline.com\/fr\/wp-json\/wp\/v2\/types\/product"}],"replies":[{"embeddable":true,"href":"https:\/\/buymodafinilonline.com\/fr\/wp-json\/wp\/v2\/comments?post=409206"}],"wp:featuredmedia":[{"embeddable":true,"href":"https:\/\/buymodafinilonline.com\/fr\/wp-json\/wp\/v2\/media\/398188"}],"wp:attachment":[{"href":"https:\/\/buymodafinilonline.com\/fr\/wp-json\/wp\/v2\/media?parent=409206"}],"wp:term":[{"taxonomy":"product_brand","embeddable":true,"href":"https:\/\/buymodafinilonline.com\/fr\/wp-json\/wp\/v2\/product_brand?post=409206"},{"taxonomy":"product_cat","embeddable":true,"href":"https:\/\/buymodafinilonline.com\/fr\/wp-json\/wp\/v2\/product_cat?post=409206"},{"taxonomy":"product_tag","embeddable":true,"href":"https:\/\/buymodafinilonline.com\/fr\/wp-json\/wp\/v2\/product_tag?post=409206"}],"curies":[{"name":"wp","href":"https:\/\/api.w.org\/{rel}","templated":true}]}}