{"id":447218,"date":"2021-07-12T22:38:41","date_gmt":"2021-07-12T21:38:41","guid":{"rendered":"https:\/\/buymodafinilonline.com\/smart-drugs\/modavinil-200-mg\/"},"modified":"2025-08-14T09:43:29","modified_gmt":"2025-08-14T08:43:29","slug":"modavinil-200-mg","status":"publish","type":"product","link":"https:\/\/buymodafinilonline.com\/fr\/medicaments-intelligents\/modavinil-200-mg\/","title":{"rendered":"Modavinil 200 MG"},"content":{"rendered":"[vc_column width=&#8221;1\/2&#8243;]\n<h2>Qu&#8217;est-ce que le Modavinil 200 mg ?<\/h2>\n<p>Modavinil est une nouvelle marque de modafinil g\u00e9n\u00e9rique cr\u00e9\u00e9e par Centurion Laboratories, un g\u00e9ant pharmaceutique indien r\u00e9put\u00e9 et digne de confiance. Le modafinil, son ingr\u00e9dient actif, est un euphorisant populaire sp\u00e9cifiquement con\u00e7u pour traiter plusieurs troubles du sommeil tels que l&#8217;apn\u00e9e obstructive du sommeil (AOS), le trouble du sommeil li\u00e9 au travail post\u00e9 (TSD) et la narcolepsie. En g\u00e9n\u00e9ral, il aide les personnes en manque de sommeil \u00e0 rester \u00e9veill\u00e9es et alertes.<\/p>\n<p>En vente libre, les m\u00e9decins peuvent prescrire cette pilule aux patients souffrant d&#8217;autres pathologies, notamment le trouble de l&#8217;hyperactivit\u00e9 avec d\u00e9ficit de l&#8217;attention (TDAH), le d\u00e9calage horaire, la d\u00e9pression, la maladie de Parkinson, la maladie d&#8217;Alzheimer, etc. En outre, des personnes en bonne sant\u00e9 de tous horizons utilisent Modavinil pour am\u00e9liorer leurs capacit\u00e9s c\u00e9r\u00e9brales et stimuler leur productivit\u00e9. Bien que presque tout le monde puisse prendre ce m\u00e9dicament, il est toujours conseill\u00e9 de consulter un m\u00e9decin avant de commencer un traitement avec ce m\u00e9dicament.<\/p>\n<h2>Comment fonctionnent les tablettes<\/h2>\n<p>Il y a beaucoup d&#8217;incertitudes quant au mode d&#8217;action du modafinil. Les experts ne savent pas exactement comment cela fonctionne. Cependant, il est connu pour se lier au transporteur de la dopamine et inhiber le recaptage de la dopamine, augmentant ainsi ses concentrations. Ce neurotransmetteur, \u00e0 son tour, provoque une sensation de &#8220;bien-\u00eatre&#8221; et permet aux utilisateurs de rester \u00e9veill\u00e9s et alertes. La dopamine serait li\u00e9e au cycle veille-sommeil, \u00e0 la motivation et \u00e0 la capacit\u00e9 de concentration de l&#8217;\u00eatre humain. En outre, le m\u00e9dicament affecte les niveaux d&#8217;histamine dans le cerveau, favorisant ainsi l&#8217;\u00e9veil pendant la journ\u00e9e. Elle r\u00e9gule \u00e9galement les niveaux d&#8217;autres substances chimiques telles que la s\u00e9rotonine, la noradr\u00e9naline et l&#8217;orexine.<\/p>\n<h2>Dosage s\u00fbr et utilisation appropri\u00e9e<\/h2>\n<p>Le Modavinil a une vari\u00e9t\u00e9 d&#8217;utilisations et d&#8217;effets, qui se traduisent par une plus grande concentration, une am\u00e9lioration des habitudes de sommeil, de meilleurs niveaux d&#8217;\u00e9nergie et une productivit\u00e9 accrue. Son dosage est bas\u00e9 sur la condition m\u00e9dicale de l&#8217;utilisateur et sa r\u00e9ponse au traitement. Cependant, 200 mg est la dose g\u00e9n\u00e9ralement recommand\u00e9e en une prise quotidienne. Les nouveaux utilisateurs peuvent commencer avec 100 mg &#8211; en divisant le comprim\u00e9 en deux. La limite sup\u00e9rieure du Modavinil est de 400 mg par jour.<\/p>\n<p>Si le patient est narcoleptique ou souffre de SAOS, la pilule doit \u00eatre prise le matin. Lors du traitement du SWSD, il doit \u00eatre ing\u00e9r\u00e9 une heure avant le d\u00e9but du poste de travail. Il doit \u00eatre pris par voie orale avec un verre d&#8217;eau et peut \u00eatre consomm\u00e9 avec ou sans nourriture. Cela d\u00e9pend de vos pr\u00e9f\u00e9rences.<\/p>\n<p>Il est fortement conseill\u00e9 de consulter un m\u00e9decin avant de prendre Modavinil pour v\u00e9rifier votre \u00e9tat de sant\u00e9 et s&#8217;assurer qu&#8217;il est sans danger pour vous. Ses effets se manifestent g\u00e9n\u00e9ralement une heure environ apr\u00e8s son administration. Sa demi-vie est d&#8217;environ 13 heures et plus, il est donc pr\u00e9f\u00e9rable de prendre le m\u00e9dicament t\u00f4t dans la journ\u00e9e.<\/p>\n<p>Le Modavinil pouvant provoquer une d\u00e9shydratation, il est primordial de boire beaucoup d&#8217;eau pendant que le m\u00e9dicament est actif pour \u00e9viter les maux de t\u00eate. Il peut agir comme un diur\u00e9tique en faisant passer l&#8217;eau plus rapidement dans votre syst\u00e8me corporel. Il est donc imp\u00e9ratif de s&#8217;hydrater pour remplacer l&#8217;eau que vous avez perdue.<\/p>\n<h2>Les effets secondaires possibles<\/h2>\n<p>Lors de l&#8217;utilisation de Modavinil 200 mg, vous pouvez ressentir des effets n\u00e9gatifs qui peuvent aller de l\u00e9gers \u00e0 s\u00e9v\u00e8res. Cependant, ils n&#8217;arrivent pas \u00e0 tous les utilisateurs. Si des sympt\u00f4mes l\u00e9gers se manifestent, ils disparaissent rapidement \u00e0 mesure que le corps s&#8217;adapte au m\u00e9dicament. Les effets n\u00e9gatifs les plus fr\u00e9quents sont les suivants :<\/p>\n<ul>\n<li>la bouche s\u00e8che ;<\/li>\n<li>la naus\u00e9e ;<\/li>\n<li>mal de t\u00eate ;<\/li>\n<li>la diarrh\u00e9e ;<\/li>\n<li>des difficult\u00e9s \u00e0 dormir ;<\/li>\n<li>des vertiges.<\/li>\n<\/ul>\n<p>En de tr\u00e8s rares occasions, certains utilisateurs de &#8220;smart drugs&#8221; peuvent pr\u00e9senter des effets ind\u00e9sirables graves tels que les suivants :<\/p>\n<ul>\n<li>des hallucinations ;<\/li>\n<li>l&#8217;hyperactivit\u00e9 ;<\/li>\n<li>d\u00e9pression ;<\/li>\n<li>des tremblements ;<\/li>\n<li>des pens\u00e9es suicidaires.<\/li>\n<\/ul>\n[\/vc_column][vc_column width=&#8221;1\/2&#8243;]\nIl ne s&#8217;agit pas d&#8217;une liste exhaustive. Si vous ressentez de tels sympt\u00f4mes, y compris des r\u00e9actions allergiques telles que des \u00e9ruptions cutan\u00e9es et des cloques s\u00e9v\u00e8res, consultez imm\u00e9diatement un m\u00e9decin. Il est pr\u00e9f\u00e9rable de consulter un m\u00e9decin avant de commencer \u00e0 prendre ce m\u00e9dicament afin d&#8217;effectuer une analyse de sant\u00e9 pour d\u00e9terminer si le Modavinil est bon pour vous. Ce m\u00e9dicament est g\u00e9n\u00e9ralement consid\u00e9r\u00e9 comme s\u00fbr et bien tol\u00e9r\u00e9, mais chaque utilisateur peut y r\u00e9pondre diff\u00e9remment. Certains effets n\u00e9gatifs peuvent devenir plus pr\u00e9valents \u00e0 des doses plus \u00e9lev\u00e9es.<\/p>\n<h2>Contre-indications et mises en garde<\/h2>\n<p>Il convient de noter que le Modavinil peut interagir n\u00e9gativement avec certains m\u00e9dicaments. En effet, ce &#8220;m\u00e9dicament intelligent&#8221; interagit avec jusqu&#8217;\u00e0 425 m\u00e9dicaments s&#8217;il est administr\u00e9 en m\u00eame temps. Ces interactions peuvent r\u00e9duire les effets d&#8217;un ou de plusieurs m\u00e9dicaments combin\u00e9s, voire augmenter le risque de r\u00e9actions n\u00e9gatives.<\/p>\n<p>En tant que m\u00e9dicament \u00e0 base de modafinil, Modavinil peut interagir avec les classes de m\u00e9dicaments suivantes :<\/p>\n<ul>\n<li>des antibiotiques comme l&#8217;\u00e9rythromycine ;<\/li>\n<li>des antifongiques comme le k\u00e9toconazole ;<\/li>\n<li>des anticonvulsivants comme la carbamaz\u00e9pine ;<\/li>\n<li>certains types d&#8217;antid\u00e9presseurs tels que la clomipramine et la d\u00e9sipramine ;<\/li>\n<li>les pilules contraceptives ;<\/li>\n<li>des antiviraux comme le ritonavir.<\/li>\n<\/ul>\n<p>Bien que le m\u00e9dicament interagisse avec les 425 m\u00e9dicaments connus, seul un faible pourcentage d&#8217;interactions est grave. Informez un m\u00e9decin de tout m\u00e9dicament que vous prenez avant de l&#8217;ing\u00e9rer.<\/p>\n<p>En outre, le Modavinil interagit avec l&#8217;alcool d&#8217;une mani\u00e8re qui peut accro\u00eetre le risque d&#8217;effets n\u00e9gatifs. Bien qu&#8217;il n&#8217;y ait pas d&#8217;interaction avec la plupart des aliments, le fait de le prendre juste avant ou apr\u00e8s avoir mang\u00e9 des repas gras peut retarder son d\u00e9but d&#8217;action.<\/p>\n<p>Les femmes enceintes et les personnes ayant des ant\u00e9c\u00e9dents de crise cardiaque, de douleurs thoraciques, d&#8217;hypertension art\u00e9rielle, de battements cardiaques irr\u00e9guliers, de maladie r\u00e9nale ou h\u00e9patique, d&#8217;abus de stimulants ou de m\u00e9dicaments ill\u00e9gaux et de maladie mentale doivent \u00e9viter de prendre Modavinil.<\/p>\n<h2>Exp\u00e9rience consommateur<\/h2>\n<p>Bien que le Modavinil soit relativement nouveau sur la sc\u00e8ne des &#8220;drogues intelligentes&#8221;, il a gagn\u00e9 le c\u0153ur de nombreux utilisateurs gr\u00e2ce \u00e0 sa s\u00e9curit\u00e9, son efficacit\u00e9 et le nombre consid\u00e9rable d&#8217;avantages qu&#8217;il procure. Voici quelques-uns des avantages que les consommateurs, ainsi que des \u00e9tudes, ont attest\u00e9s :<\/p>\n<ul>\n<li>une am\u00e9lioration de l&#8217;\u00e9tat d&#8217;\u00e9veil ;<\/li>\n<li>cognition augment\u00e9e ;<\/li>\n<li>une productivit\u00e9 accrue ;<\/li>\n<li>Plus de 12 heures de concentration comme un laser.<\/li>\n<\/ul>\n<p>Ce n&#8217;est plus une nouvelle : Modavinil 200 mg offre un tout nouveau niveau d&#8217;acuit\u00e9 mentale, de vigilance, d&#8217;\u00e9nergie et de productivit\u00e9 s&#8217;il est utilis\u00e9 correctement. Parce qu&#8217;il est disponible \u00e0 la vente sur notre e-pharmacie, commandez-le pour en savoir plus sur sa fiabilit\u00e9 et les avantages qu&#8217;il procure. Veillez \u00e0 toujours consulter un m\u00e9decin pour d\u00e9terminer si ce m\u00e9dicament est bon pour vous.<\/p>\n<h2>Acheter G\u00e9n\u00e9rique Modavinil 200mg (modafinil) en ligne<\/h2>\n<p>Chez <a href=\"https:\/\/buymodafinilonline.com\/fr\/\">BuyModafinilOnline<\/a>, nous facilitons l&#8217;<a href=\"https:\/\/buymodafinilonline.com\/fr\/boutique\/\">achat en ligne de &#8220;m\u00e9dicaments intelligents&#8221; g\u00e9n\u00e9riques<\/a> \u00e0 des prix ridiculement bas et sans ordonnance. Nous avons une excellente r\u00e9putation en mati\u00e8re de livraison de nootropiques authentiques<a href=\"https:\/\/buymodafinilonline.com\/fr\/medicaments-intelligents\/artvigil-150-mg\/\">(Artvigil<\/a>, <a href=\"https:\/\/buymodafinilonline.com\/fr\/medicaments-intelligents\/armod-150-mg-2\/\">Armod<\/a>, <a href=\"https:\/\/buymodafinilonline.com\/fr\/medicaments-intelligents\/armodavinil-150-mg\/\">Armodavinil<\/a>, Modawake, <a href=\"https:\/\/buymodafinilonline.com\/fr\/medicaments-intelligents\/modafil-md-200-mg-par-voie-sublinguale\/\">Modafil MD<\/a>, etc.) de mani\u00e8re rapide et transparente. Cela explique pourquoi nous avons un grand nombre de clients qui reviennent et pourquoi les clients nous consid\u00e8rent comme le meilleur endroit pour <a href=\"https:\/\/buymodafinilonline.com\/smart-drugs-brands\/\">acheter des marques de modafinil et d&#8217;armodafinil bon march\u00e9<\/a>. Pour confirmer notre r\u00e9putation et la qualit\u00e9 des m\u00e9dicaments que nous proposons, nous convainquons toujours nos clients en leur envoyant des <a href=\"https:\/\/buymodafinilonline.com\/free-trial\/\">\u00e9chantillons gratuits<\/a> de nootropiques populaires, afin qu&#8217;ils puissent tester l&#8217;efficacit\u00e9 de nos produits avant de les acheter. Nous proposons \u00e9galement des <a href=\"https:\/\/buymodafinilonline.com\/coupons-deals-promo-codes\/\">remises exceptionnelles<\/a>, des codes de r\u00e9duction et une livraison rapide dans la plupart des pays du monde, notamment aux \u00c9tats-Unis, au Royaume-Uni et en Australie. En outre, nous disposons d&#8217;une vari\u00e9t\u00e9 d&#8217;<a href=\"https:\/\/buymodafinilonline.com\/billing-credit-card-faq\/\">options de paiement<\/a>. Vous pouvez r\u00e9gler vos achats par PayPal, carte de cr\u00e9dit ou <a href=\"https:\/\/buymodafinilonline.com\/fr\/payez-avec-des-bitcoins\/\">bitcoin<\/a> (23 % de r\u00e9duction). Nous exp\u00e9dions dans le monde entier, \u00e0 l&#8217;exception de quelques pays r\u00e9pertori\u00e9s.<\/p>\n<p>Profitez de votre exp\u00e9rience d&#8217;achat sans ordonnance !<\/p>\n[\/vc_column]\n","protected":false},"excerpt":{"rendered":"<p>Modavinil 200 mg fabriqu\u00e9 par Centurion Laboratories est un nouveau m\u00e9dicament g\u00e9n\u00e9rique de qualit\u00e9 sup\u00e9rieure \u00e0 base de modafinil. Son ingr\u00e9dient actif est le modafinil, qui aide \u00e0 traiter la somnolence diurne excessive chez les patients manquant de sommeil et \u00e0 am\u00e9liorer les fonctions cognitives chez les personnes en bonne sant\u00e9. Aujourd&#8217;hui, ce puissant &#8220;m\u00e9dicament intelligent&#8221; peut \u00eatre achet\u00e9 aupr\u00e8s de n&#8217;importe quel vendeur. Toutefois, si vous souhaitez obtenir des comprim\u00e9s authentiques coupl\u00e9s aux <a href=\"https:\/\/buymodafinilonline.com\/coupons-deals-promo-codes\/\">meilleures offres, des remises<\/a> et une <a href=\"https:\/\/buymodafinilonline.com\/shipping\/\">exp\u00e9dition mondiale<\/a> garantie, vous pouvez compter sur notre pharmacie en ligne !<\/p>\n<p>Nous sommes \u00e9galement heureux de vous inviter \u00e0 essayer nos pilules <a href=\"https:\/\/buymodafinilonline.com\/smart-drugs\/saver-combo-pack\/\">Modvigil et Artvigil<\/a> \u00e0 bas prix qui augmenteront votre r\u00e9sistance \u00e0 la fatigue ainsi que d&#8217;autres marques populaires de modafinil<a href=\"https:\/\/buymodafinilonline.com\/smart-drugs\/modafresh-200-mg-tablets\/\">: Modafresh<\/a>, <a href=\"https:\/\/buymodafinilonline.com\/smart-drugs\/modaheal-200-mg-tablets\/\">Modaheal<\/a>, <a href=\"https:\/\/buymodafinilonline.com\/smart-drugs\/modawake-200-mg-tablets\/\">Modawake<\/a>, <a href=\"https:\/\/buymodafinilonline.com\/smart-drugs\/vilafinil-200mg-tablets\/\">Vilafinil<\/a>, et une exclusivit\u00e9 <a href=\"https:\/\/buymodafinilonline.com\/smart-drugs\/modafil-md-200-mg-sublingual-tablets\/\">sublinguale Modafil MD<\/a> disponible uniquement sur notre pharmacie en ligne qui est l&#8217;un de nos best-sellers avec un ar\u00f4me de menthe pour une absorption plus rapide et donc, des effets \u00e0 action rapide. In addition, our new bestsellers contain the same active ingredients and are as pure as our previous bestselling brands.<\/p>\n<p>Check out our new <a href=\"https:\/\/buymodafinilonline.com\/smart-drugs\/modavinil-armodavinil-superior-combo-pack\/\">Superior Combo Pack<\/a> that may include any brands mentioned above.<\/p>\n","protected":false},"featured_media":424100,"comment_status":"closed","ping_status":"closed","template":"","meta":{"_acf_changed":false},"product_brand":[],"product_cat":[3785],"product_tag":[3850],"class_list":{"0":"post-447218","1":"product","2":"type-product","3":"status-publish","4":"has-post-thumbnail","6":"product_cat-marques-medicaments-intelligents","7":"product_tag-modafinil-fr","9":"first","10":"instock","11":"sale","12":"shipping-taxable","13":"purchasable","14":"product-type-variable","15":"has-default-attributes"},"acf":[],"yoast_head":"<!-- This site is optimized with the Yoast SEO Premium plugin v23.6 (Yoast SEO v27.3) - https:\/\/yoast.com\/product\/yoast-seo-premium-wordpress\/ -->\n<title>Commander Modavinil 200 MG (Modafinil) \u00e0 bas prix en Inde - BuyModafinilOnline<\/title>\n<meta name=\"description\" content=\"Comprim\u00e9s g\u00e9n\u00e9riques de Modafinil 200 mg en ligne sans ordonnance \u00e0 la pharmacie Acheter du Modafinil en ligne. Obtenez une garantie de livraison \u00e0 100% depuis l&#039;Inde ! Achetez Modavinil (modafinil) avec Bitcoin et profitez de 23% de r\u00e9duction.\" \/>\n<meta name=\"robots\" content=\"index, follow, max-snippet:-1, max-image-preview:large, max-video-preview:-1\" \/>\n<link rel=\"canonical\" href=\"https:\/\/buymodafinilonline.com\/fr\/medicaments-intelligents\/modavinil-200-mg\/\" \/>\n<meta property=\"og:locale\" content=\"fr_FR\" \/>\n<meta property=\"og:type\" content=\"article\" \/>\n<meta property=\"og:title\" content=\"Modavinil 200 MG\" \/>\n<meta property=\"og:description\" content=\"Comprim\u00e9s g\u00e9n\u00e9riques de Modafinil 200 mg en ligne sans ordonnance \u00e0 la pharmacie Acheter du Modafinil en ligne. Obtenez une garantie de livraison \u00e0 100% depuis l&#039;Inde ! Achetez Modavinil (modafinil) avec Bitcoin et profitez de 23% de r\u00e9duction.\" \/>\n<meta property=\"og:url\" content=\"https:\/\/buymodafinilonline.com\/fr\/medicaments-intelligents\/modavinil-200-mg\/\" \/>\n<meta property=\"og:site_name\" content=\"BuyModafinilOnline.com\" \/>\n<meta property=\"article:modified_time\" content=\"2025-08-14T08:43:29+00:00\" \/>\n<meta property=\"og:image\" content=\"https:\/\/buymodafinilonline.com\/wp-content\/uploads\/2021\/07\/bmo-product-modavinill-new.png\" \/>\n\t<meta property=\"og:image:width\" content=\"1280\" \/>\n\t<meta property=\"og:image:height\" content=\"1500\" \/>\n\t<meta property=\"og:image:type\" content=\"image\/png\" \/>\n<meta name=\"twitter:label1\" content=\"Dur\u00e9e de lecture estim\u00e9e\" \/>\n\t<meta name=\"twitter:data1\" content=\"7 minutes\" \/>\n<script type=\"application\/ld+json\" class=\"yoast-schema-graph\">{\"@context\":\"https:\\\/\\\/schema.org\",\"@graph\":[{\"@type\":\"WebPage\",\"@id\":\"https:\\\/\\\/buymodafinilonline.com\\\/fr\\\/medicaments-intelligents\\\/modavinil-200-mg\\\/\",\"url\":\"https:\\\/\\\/buymodafinilonline.com\\\/fr\\\/medicaments-intelligents\\\/modavinil-200-mg\\\/\",\"name\":\"Commander Modavinil 200 MG (Modafinil) \u00e0 bas prix en Inde - BuyModafinilOnline\",\"isPartOf\":{\"@id\":\"https:\\\/\\\/buymodafinilonline.com\\\/fr\\\/#website\"},\"primaryImageOfPage\":{\"@id\":\"https:\\\/\\\/buymodafinilonline.com\\\/fr\\\/medicaments-intelligents\\\/modavinil-200-mg\\\/#primaryimage\"},\"image\":{\"@id\":\"https:\\\/\\\/buymodafinilonline.com\\\/fr\\\/medicaments-intelligents\\\/modavinil-200-mg\\\/#primaryimage\"},\"thumbnailUrl\":\"https:\\\/\\\/buymodafinilonline.com\\\/wp-content\\\/uploads\\\/2021\\\/07\\\/bmo-product-modavinill-new.png\",\"datePublished\":\"2021-07-12T21:38:41+00:00\",\"dateModified\":\"2025-08-14T08:43:29+00:00\",\"description\":\"Comprim\u00e9s g\u00e9n\u00e9riques de Modafinil 200 mg en ligne sans ordonnance \u00e0 la pharmacie Acheter du Modafinil en ligne. Obtenez une garantie de livraison \u00e0 100% depuis l'Inde ! Achetez Modavinil (modafinil) avec Bitcoin et profitez de 23% de r\u00e9duction.\",\"breadcrumb\":{\"@id\":\"https:\\\/\\\/buymodafinilonline.com\\\/fr\\\/medicaments-intelligents\\\/modavinil-200-mg\\\/#breadcrumb\"},\"inLanguage\":\"fr-FR\",\"potentialAction\":[{\"@type\":\"ReadAction\",\"target\":[\"https:\\\/\\\/buymodafinilonline.com\\\/fr\\\/medicaments-intelligents\\\/modavinil-200-mg\\\/\"]}]},{\"@type\":\"ImageObject\",\"inLanguage\":\"fr-FR\",\"@id\":\"https:\\\/\\\/buymodafinilonline.com\\\/fr\\\/medicaments-intelligents\\\/modavinil-200-mg\\\/#primaryimage\",\"url\":\"https:\\\/\\\/buymodafinilonline.com\\\/wp-content\\\/uploads\\\/2021\\\/07\\\/bmo-product-modavinill-new.png\",\"contentUrl\":\"https:\\\/\\\/buymodafinilonline.com\\\/wp-content\\\/uploads\\\/2021\\\/07\\\/bmo-product-modavinill-new.png\",\"width\":1280,\"height\":1500,\"caption\":\"Modavinil Pills 200 mg\"},{\"@type\":\"BreadcrumbList\",\"@id\":\"https:\\\/\\\/buymodafinilonline.com\\\/fr\\\/medicaments-intelligents\\\/modavinil-200-mg\\\/#breadcrumb\",\"itemListElement\":[{\"@type\":\"ListItem\",\"position\":1,\"name\":\"Buy Modafinil Online\",\"item\":\"https:\\\/\\\/buymodafinilonline.com\\\/fr\\\/\"},{\"@type\":\"ListItem\",\"position\":2,\"name\":\"Boutique\",\"item\":\"https:\\\/\\\/buymodafinilonline.com\\\/fr\\\/boutique\\\/\"},{\"@type\":\"ListItem\",\"position\":3,\"name\":\"Marques de m\u00e9dicaments intelligents\",\"item\":\"https:\\\/\\\/buymodafinilonline.com\\\/fr\\\/categorie-de-produit\\\/marques-medicaments-intelligents\\\/\"},{\"@type\":\"ListItem\",\"position\":4,\"name\":\"Modavinil 200 MG\"}]},{\"@type\":\"WebSite\",\"@id\":\"https:\\\/\\\/buymodafinilonline.com\\\/fr\\\/#website\",\"url\":\"https:\\\/\\\/buymodafinilonline.com\\\/fr\\\/\",\"name\":\"BuyModafinilOnline.com\",\"description\":\"Modafinil Online Pharmacy\",\"publisher\":{\"@id\":\"https:\\\/\\\/buymodafinilonline.com\\\/fr\\\/#organization\"},\"potentialAction\":[{\"@type\":\"SearchAction\",\"target\":{\"@type\":\"EntryPoint\",\"urlTemplate\":\"https:\\\/\\\/buymodafinilonline.com\\\/fr\\\/?s={search_term_string}\"},\"query-input\":{\"@type\":\"PropertyValueSpecification\",\"valueRequired\":true,\"valueName\":\"search_term_string\"}}],\"inLanguage\":\"fr-FR\"},{\"@type\":\"Organization\",\"@id\":\"https:\\\/\\\/buymodafinilonline.com\\\/fr\\\/#organization\",\"name\":\"BuyModafinilOnline\",\"url\":\"https:\\\/\\\/buymodafinilonline.com\\\/fr\\\/\",\"logo\":{\"@type\":\"ImageObject\",\"inLanguage\":\"fr-FR\",\"@id\":\"https:\\\/\\\/buymodafinilonline.com\\\/fr\\\/#\\\/schema\\\/logo\\\/image\\\/\",\"url\":\"https:\\\/\\\/buymodafinilonline.com\\\/wp-content\\\/uploads\\\/2020\\\/04\\\/logo-buy-modafinil-online-yellow.png\",\"contentUrl\":\"https:\\\/\\\/buymodafinilonline.com\\\/wp-content\\\/uploads\\\/2020\\\/04\\\/logo-buy-modafinil-online-yellow.png\",\"width\":200,\"height\":200,\"caption\":\"BuyModafinilOnline\"},\"image\":{\"@id\":\"https:\\\/\\\/buymodafinilonline.com\\\/fr\\\/#\\\/schema\\\/logo\\\/image\\\/\"}}]}<\/script>\n<!-- \/ Yoast SEO Premium plugin. -->","yoast_head_json":{"title":"Commander Modavinil 200 MG (Modafinil) \u00e0 bas prix en Inde - BuyModafinilOnline","description":"Comprim\u00e9s g\u00e9n\u00e9riques de Modafinil 200 mg en ligne sans ordonnance \u00e0 la pharmacie Acheter du Modafinil en ligne. Obtenez une garantie de livraison \u00e0 100% depuis l'Inde ! Achetez Modavinil (modafinil) avec Bitcoin et profitez de 23% de r\u00e9duction.","robots":{"index":"index","follow":"follow","max-snippet":"max-snippet:-1","max-image-preview":"max-image-preview:large","max-video-preview":"max-video-preview:-1"},"canonical":"https:\/\/buymodafinilonline.com\/fr\/medicaments-intelligents\/modavinil-200-mg\/","og_locale":"fr_FR","og_type":"article","og_title":"Modavinil 200 MG","og_description":"Comprim\u00e9s g\u00e9n\u00e9riques de Modafinil 200 mg en ligne sans ordonnance \u00e0 la pharmacie Acheter du Modafinil en ligne. Obtenez une garantie de livraison \u00e0 100% depuis l'Inde ! Achetez Modavinil (modafinil) avec Bitcoin et profitez de 23% de r\u00e9duction.","og_url":"https:\/\/buymodafinilonline.com\/fr\/medicaments-intelligents\/modavinil-200-mg\/","og_site_name":"BuyModafinilOnline.com","article_modified_time":"2025-08-14T08:43:29+00:00","og_image":[{"width":1280,"height":1500,"url":"https:\/\/buymodafinilonline.com\/wp-content\/uploads\/2021\/07\/bmo-product-modavinill-new.png","type":"image\/png"}],"twitter_misc":{"Dur\u00e9e de lecture estim\u00e9e":"7 minutes"},"schema":{"@context":"https:\/\/schema.org","@graph":[{"@type":"WebPage","@id":"https:\/\/buymodafinilonline.com\/fr\/medicaments-intelligents\/modavinil-200-mg\/","url":"https:\/\/buymodafinilonline.com\/fr\/medicaments-intelligents\/modavinil-200-mg\/","name":"Commander Modavinil 200 MG (Modafinil) \u00e0 bas prix en Inde - BuyModafinilOnline","isPartOf":{"@id":"https:\/\/buymodafinilonline.com\/fr\/#website"},"primaryImageOfPage":{"@id":"https:\/\/buymodafinilonline.com\/fr\/medicaments-intelligents\/modavinil-200-mg\/#primaryimage"},"image":{"@id":"https:\/\/buymodafinilonline.com\/fr\/medicaments-intelligents\/modavinil-200-mg\/#primaryimage"},"thumbnailUrl":"https:\/\/buymodafinilonline.com\/wp-content\/uploads\/2021\/07\/bmo-product-modavinill-new.png","datePublished":"2021-07-12T21:38:41+00:00","dateModified":"2025-08-14T08:43:29+00:00","description":"Comprim\u00e9s g\u00e9n\u00e9riques de Modafinil 200 mg en ligne sans ordonnance \u00e0 la pharmacie Acheter du Modafinil en ligne. Obtenez une garantie de livraison \u00e0 100% depuis l'Inde ! Achetez Modavinil (modafinil) avec Bitcoin et profitez de 23% de r\u00e9duction.","breadcrumb":{"@id":"https:\/\/buymodafinilonline.com\/fr\/medicaments-intelligents\/modavinil-200-mg\/#breadcrumb"},"inLanguage":"fr-FR","potentialAction":[{"@type":"ReadAction","target":["https:\/\/buymodafinilonline.com\/fr\/medicaments-intelligents\/modavinil-200-mg\/"]}]},{"@type":"ImageObject","inLanguage":"fr-FR","@id":"https:\/\/buymodafinilonline.com\/fr\/medicaments-intelligents\/modavinil-200-mg\/#primaryimage","url":"https:\/\/buymodafinilonline.com\/wp-content\/uploads\/2021\/07\/bmo-product-modavinill-new.png","contentUrl":"https:\/\/buymodafinilonline.com\/wp-content\/uploads\/2021\/07\/bmo-product-modavinill-new.png","width":1280,"height":1500,"caption":"Modavinil Pills 200 mg"},{"@type":"BreadcrumbList","@id":"https:\/\/buymodafinilonline.com\/fr\/medicaments-intelligents\/modavinil-200-mg\/#breadcrumb","itemListElement":[{"@type":"ListItem","position":1,"name":"Buy Modafinil Online","item":"https:\/\/buymodafinilonline.com\/fr\/"},{"@type":"ListItem","position":2,"name":"Boutique","item":"https:\/\/buymodafinilonline.com\/fr\/boutique\/"},{"@type":"ListItem","position":3,"name":"Marques de m\u00e9dicaments intelligents","item":"https:\/\/buymodafinilonline.com\/fr\/categorie-de-produit\/marques-medicaments-intelligents\/"},{"@type":"ListItem","position":4,"name":"Modavinil 200 MG"}]},{"@type":"WebSite","@id":"https:\/\/buymodafinilonline.com\/fr\/#website","url":"https:\/\/buymodafinilonline.com\/fr\/","name":"BuyModafinilOnline.com","description":"Modafinil Online Pharmacy","publisher":{"@id":"https:\/\/buymodafinilonline.com\/fr\/#organization"},"potentialAction":[{"@type":"SearchAction","target":{"@type":"EntryPoint","urlTemplate":"https:\/\/buymodafinilonline.com\/fr\/?s={search_term_string}"},"query-input":{"@type":"PropertyValueSpecification","valueRequired":true,"valueName":"search_term_string"}}],"inLanguage":"fr-FR"},{"@type":"Organization","@id":"https:\/\/buymodafinilonline.com\/fr\/#organization","name":"BuyModafinilOnline","url":"https:\/\/buymodafinilonline.com\/fr\/","logo":{"@type":"ImageObject","inLanguage":"fr-FR","@id":"https:\/\/buymodafinilonline.com\/fr\/#\/schema\/logo\/image\/","url":"https:\/\/buymodafinilonline.com\/wp-content\/uploads\/2020\/04\/logo-buy-modafinil-online-yellow.png","contentUrl":"https:\/\/buymodafinilonline.com\/wp-content\/uploads\/2020\/04\/logo-buy-modafinil-online-yellow.png","width":200,"height":200,"caption":"BuyModafinilOnline"},"image":{"@id":"https:\/\/buymodafinilonline.com\/fr\/#\/schema\/logo\/image\/"}}]}},"_links":{"self":[{"href":"https:\/\/buymodafinilonline.com\/fr\/wp-json\/wp\/v2\/product\/447218","targetHints":{"allow":["GET"]}}],"collection":[{"href":"https:\/\/buymodafinilonline.com\/fr\/wp-json\/wp\/v2\/product"}],"about":[{"href":"https:\/\/buymodafinilonline.com\/fr\/wp-json\/wp\/v2\/types\/product"}],"replies":[{"embeddable":true,"href":"https:\/\/buymodafinilonline.com\/fr\/wp-json\/wp\/v2\/comments?post=447218"}],"wp:featuredmedia":[{"embeddable":true,"href":"https:\/\/buymodafinilonline.com\/fr\/wp-json\/wp\/v2\/media\/424100"}],"wp:attachment":[{"href":"https:\/\/buymodafinilonline.com\/fr\/wp-json\/wp\/v2\/media?parent=447218"}],"wp:term":[{"taxonomy":"product_brand","embeddable":true,"href":"https:\/\/buymodafinilonline.com\/fr\/wp-json\/wp\/v2\/product_brand?post=447218"},{"taxonomy":"product_cat","embeddable":true,"href":"https:\/\/buymodafinilonline.com\/fr\/wp-json\/wp\/v2\/product_cat?post=447218"},{"taxonomy":"product_tag","embeddable":true,"href":"https:\/\/buymodafinilonline.com\/fr\/wp-json\/wp\/v2\/product_tag?post=447218"}],"curies":[{"name":"wp","href":"https:\/\/api.w.org\/{rel}","templated":true}]}}