{"id":448006,"date":"2022-10-22T13:34:47","date_gmt":"2022-10-22T12:34:50","guid":{"rendered":"https:\/\/buymodafinilonline.com\/?post_type=product&#038;p=448006"},"modified":"2026-01-11T07:22:53","modified_gmt":"2026-01-11T06:22:53","slug":"waklert-150-mg","status":"publish","type":"product","link":"https:\/\/buymodafinilonline.com\/fr\/medicaments-intelligents\/waklert-150-mg\/","title":{"rendered":"Artvigil Extra Fort 250 mg"},"content":{"rendered":"[vc_column width=\u201d1\/2\u2033]\n<h2>Qu\u2019est-ce que Artvigil 250 mg ?<\/h2>\n<p>Artvigil est l\u2019un des \u201csmart tabs\u201d les plus utilis\u00e9s dans le monde. Il s\u2019agit d\u2019une marque g\u00e9n\u00e9rique d\u2019armodafinil abordable. Il est beaucoup moins cher que la marque <a href=\"https:\/\/buymodafinilonline.com\/fr\/medicaments-intelligents\/generique-nuvigil\/\">Nuvigil<\/a> et est beaucoup plus puissant que la version pr\u00e9c\u00e9dente \u2013 <a href=\"https:\/\/buymodafinilonline.com\/smart-drugs\/artvigil-150-mg-tablets\/\">Artvigil 150 mg<\/a>. En outre, son ingr\u00e9dient actif est un m\u00e9dicament plus puissant et plus durable que le <a href=\"https:\/\/buymodafinilonline.com\/fr\/cheap\/modafinil-fr\/\">modafinil<\/a>. Ce nootropique est fabriqu\u00e9 par HAB Pharma, une remarquable soci\u00e9t\u00e9 pharmaceutique indienne sp\u00e9cialis\u00e9e dans la fabrication de m\u00e9dicaments g\u00e9n\u00e9riques de qualit\u00e9. Bien que la dose standard du m\u00e9dicament, 150 mg, jouisse d\u2019une r\u00e9putation impressionnante, de nombreux utilisateurs d\u2019armodafinil pr\u00e9f\u00e8rent prendre une dose plus \u00e9lev\u00e9e pour obtenir de superbes r\u00e9sultats. Pour ces personnes, Artvigil 250 mg a \u00e9t\u00e9 produit.      <\/p>\n<p>Ce m\u00e9dicament est autoris\u00e9 pour traiter les sympt\u00f4mes de l\u2019apn\u00e9e obstructive du sommeil (AOS), de la narcolepsie et des troubles du sommeil li\u00e9s au travail post\u00e9. Bien qu\u2019il s\u2019agisse d\u2019un m\u00e9dicament efficace, il ne gu\u00e9rit pas ces affections. Cependant, il aide les utilisateurs \u00e0 rester \u00e9veill\u00e9s et alertes pendant la journ\u00e9e apr\u00e8s l\u2019ingestion. Il est \u00e9galement utilis\u00e9 de mani\u00e8re non officielle pour traiter les troubles d\u00e9pressifs majeurs, le d\u00e9calage horaire, le syndrome de fatigue chronique, le trouble d\u00e9ficitaire de l\u2019attention\/hyperactivit\u00e9, la maladie de Parkinson et la maladie d\u2019Alzheimer, etc.   <\/p>\n<p>En tant que nootropique qui am\u00e9liore la cognition et la productivit\u00e9, Artvigil est utilis\u00e9 par un pourcentage \u00e9lev\u00e9 d\u2019individus en bonne sant\u00e9, y compris les ouvriers, les cadres, les PDG, les \u00e9tudiants et le personnel militaire. Il r\u00e9compense les utilisateurs avec de nombreux avantages cognitifs tels que l\u2019augmentation de l\u2019acuit\u00e9 mentale, l\u2019am\u00e9lioration de l\u2019humeur, l\u2019augmentation de la vigilance et de la concentration, l\u2019augmentation de la m\u00e9moire, l\u2019am\u00e9lioration de la motivation, l\u2019augmentation de la concentration, etc. <\/p>\n<h2>Comment fonctionnent les tablettes<\/h2>\n<p>Bien que son m\u00e9canisme d\u2019action ne soit pas enti\u00e8rement compris, l\u2019armodafinil semble agir en affectant certains neurotransmetteurs c\u00e9r\u00e9braux tels que l\u2019histamine, la nor\u00e9pin\u00e9phrine, la s\u00e9rotonine, le glutamate et l\u2019orexine. De cette mani\u00e8re, Artvigil augmente les niveaux de ces substances chimiques fondamentales, ce qui entra\u00eene une am\u00e9lioration significative des fonctions mentales d\u2019un individu ainsi que les avantages d\u00e9crits ci-dessus. Artvigil inhibe \u00e9galement la recapture de la dopamine en se liant au transporteur de la dopamine, augmentant ainsi sa concentration. Le plaisir, la motivation et le syst\u00e8me de r\u00e9compense sont li\u00e9s \u00e0 ce neurotransmetteur.   <\/p>\n<h2>Dosage s\u00fbr et utilisation appropri\u00e9e<\/h2>\n<p>En g\u00e9n\u00e9ral, une dose d\u2019armodafinil de 150 mg \u00e0 250 mg est la dose recommand\u00e9e pour la plupart des individus. La pilule doit \u00eatre prise une fois par jour, mais l\u2019heure de la prise d\u00e9pend de l\u2019affection \u00e0 traiter : <\/p>\n<ul>\n<li>pour la narcolepsie et le SAOS, prendre le comprim\u00e9 une fois par jour le matin ;<\/li>\n<li>pour le traitement du SWSD ou l\u2019am\u00e9lioration des performances cognitives, prendre un comprim\u00e9 environ une heure avant le d\u00e9but du poste de travail ou avant d\u2019effectuer une t\u00e2che exigeante sur le plan cognitif ;<\/li>\n<li>pour le traitement d\u2019autres probl\u00e8mes de sant\u00e9, prenez-le comme prescrit par le m\u00e9decin.<\/li>\n<\/ul>\n<p>Il est essentiel de consulter un m\u00e9decin pour conna\u00eetre la dose d\u2019armodafinil la plus s\u00fbre et l\u2019ajuster en fonction de votre \u00e9tat de sant\u00e9. Les patients souffrant d\u2019insuffisance g\u00e9riatrique ou h\u00e9patique doivent commencer \u00e0 prendre l\u2019armodafinil \u00e0 une dose plus faible. <\/p>\n<p>Vous pouvez prendre le m\u00e9dicament avec ou sans nourriture, mais veillez \u00e0 le prendre avec un verre d\u2019eau.<\/p>\n<h2>Les effets secondaires possibles<\/h2>\n<p>Selon la mani\u00e8re dont vous suivez votre prescription d\u2019Artvigil, votre sexe, votre poids, votre \u00e2ge et votre \u00e9tat de sant\u00e9, vous pouvez pr\u00e9senter des effets ind\u00e9sirables l\u00e9gers ou graves. Il est impressionnant de constater que la plupart des effets n\u00e9gatifs l\u00e9gers disparaissent g\u00e9n\u00e9ralement au bout d\u2019un certain temps sans qu\u2019il soit n\u00e9cessaire d\u2019y rem\u00e9dier. <\/p>\n<p>Vous trouverez ci-dessous les effets secondaires les plus courants d\u2019Artvigil 250 mg :<\/p>\n<ul>\n<li>douleur \u00e0 la t\u00eate ;<\/li>\n<li>mal de dos ;<\/li>\n<li>l\u2019indigestion ;<\/li>\n<li>des difficult\u00e9s \u00e0 s\u2019endormir ;<\/li>\n<li>la naus\u00e9e ;<\/li>\n<li>un nez bouch\u00e9 ou qui coule ;<\/li>\n<li>des vertiges ;<\/li>\n<li>la diarrh\u00e9e.<\/li>\n<\/ul>\n[\/vc_column][vc_column width=\u201d1\/2\u2033]\n<p>Des effets secondaires graves peuvent rarement se produire ; ils sont principalement caus\u00e9s par une utilisation incorrecte du m\u00e9dicament. Si vous remarquez l\u2019un des sympt\u00f4mes suivants, contactez imm\u00e9diatement votre m\u00e9decin : douleur thoracique, rythme cardiaque irr\u00e9gulier, pens\u00e9es suicidaires, anxi\u00e9t\u00e9, \u00e9ruption cutan\u00e9e, comportement hyperactif, urticaire et difficult\u00e9s respiratoires. <\/p>\n<p>Le m\u00e9dicament \u00e0 base d\u2019armodafinil peut \u00e9galement entra\u00eener d\u2019autres effets n\u00e9gatifs. Il est essentiel de consulter un m\u00e9decin avant de l\u2019utiliser. Un professionnel de la sant\u00e9 doit \u00e9valuer votre \u00e9tat de sant\u00e9, en particulier les maladies h\u00e9patiques ou cardiaques, avant de d\u00e9cider de vous prescrire le m\u00e9dicament.  <\/p>\n<h2>Contre-indications et mises en garde<\/h2>\n<p>Pendant le traitement par Artvigil, suivez les recommandations du m\u00e9decin. Veillez \u00e9galement \u00e0 v\u00e9rifier s\u2019il y a interaction avec d\u2019autres m\u00e9dicaments que vous administrez afin d\u2019\u00e9viter des r\u00e9actions ind\u00e9sirables graves en cas de prise concomitante. <\/p>\n<p>Artvigil med interagit avec les classes suivantes de produits pharmaceutiques :<\/p>\n<ul>\n<li>certains antibiotiques ;<\/li>\n<li>certains antifongiques ;<\/li>\n<li>Substrats du CYP2C19 et du CYP3A4\/5 ;<\/li>\n<li>des m\u00e9dicaments anti-convulsions ;<\/li>\n<li>les drogues de rue ;<\/li>\n<li>les pilules contraceptives ;<\/li>\n<li>des anticoagulants ;<\/li>\n<li>les inhibiteurs de la monoamine oxydase.<\/li>\n<\/ul>\n<p>La liste donn\u00e9e n\u2019est pas exhaustive. Artvigil fort ne fonctionne pas bien s\u2019il est m\u00e9lang\u00e9 avec de l\u2019alcool. Ne combinez pas les deux substances pour \u00e9viter toute complication. La plupart des aliments sont compatibles avec ce m\u00e9dicament, mais notez que les aliments gras peuvent r\u00e9duire la vitesse d\u2019absorption du nootropique, ce qui ralentit son action.   <\/p>\n<h2>Exp\u00e9rience consommateur<\/h2>\n<p>Artvigil est encore relativement nouveau sur le march\u00e9 des nootropiques, et seuls quelques avis d\u2019utilisateurs peuvent \u00eatre trouv\u00e9s en ligne. N\u00e9anmoins, ceux qui ont essay\u00e9 le m\u00e9dicament affirment qu\u2019il a un effet intense mais propre qui favorise l\u2019\u00e9veil. Il s\u2019agit plut\u00f4t d\u2019une sensation naturelle d\u2019am\u00e9lioration de la vigilance, souvent d\u00e9crite comme une \u00e9nergie claire. Les utilisateurs d\u00e9crivent \u00e9galement que le nootropique leur donne un avantage comp\u00e9titif suppl\u00e9mentaire en raison de sa capacit\u00e9 \u00e0 augmenter les fonctions c\u00e9r\u00e9brales.   <\/p>\n<p>A noter que ce m\u00e9dicament est en effet beaucoup plus puissant que les autres marques d\u2019armodafinil, ce qui lui donne un \u00e9norme coup de pouce sur le march\u00e9 des \u201csmart tab\u201d g\u00e9n\u00e9riques. De nombreux acheteurs \u00e9valuent positivement ce nootropique. Bien que les commentaires des clients puissent \u00eatre utiles, il est pr\u00e9f\u00e9rable de consulter votre m\u00e9decin avant de commencer \u00e0 prendre ce m\u00e9dicament.  <\/p>\n<h2>Buy G\u00e9n\u00e9rique Strong Artvigil 250 mg (Armodafinil) Online<\/h2>\n<p>Si vous cherchez o\u00f9 acheter des pilules d\u2019Artvigil 250 mg pour g\u00e9rer vos troubles du sommeil ou simplement pour augmenter votre productivit\u00e9, choisissez <a href=\"https:\/\/buymodafinilonline.com\/fr\/\">BuyModafinilOnline<\/a> (BMO) \u2013 le meilleur endroit pour acheter des nootropiques de qualit\u00e9 sup\u00e9rieure mais abordables. En plus de ce m\u00e9dicament, nous avons plusieurs autres <a href=\"https:\/\/buymodafinilonline.com\/fr\/cheap\/armodafinil-fr-2\/\">marques<\/a> g\u00e9n\u00e9riques de modafinil et d\u2019armodafinil de fabricants indiens, ainsi que des <a href=\"https:\/\/buymodafinilonline.com\/combo\/\">combo packs<\/a>, en vente. Notre pharmacie en ligne offre \u00e9galement un <a href=\"https:\/\/buymodafinilonline.com\/smart-drugs\/modafinil-free-trial-samples\/\">pack d\u2019essai gratuit de modafinil<\/a> & <a href=\"https:\/\/buymodafinilonline.com\/smart-drugs\/armodafinil-free-trial-samples\/\">armodafinil tabs<\/a> pour nos clients afin qu\u2019ils puissent essayer nos \u201cm\u00e9dicaments intelligents\u201d avant d\u2019acheter en gros.  <\/p>\n<p>En outre, nous ne vous proposons que des <a href=\"https:\/\/buymodafinilonline.com\/smart-drugs-brands\/\">m\u00e9dicaments authentiques<\/a> \u00e0 des prix avantageux. Pas de hausse de prix chez nous ! C\u2019est pourquoi nous sommes le premier choix de nombreux amateurs de nootropie dans le monde entier, y compris aux \u00c9tats-Unis, lorsqu\u2019il s\u2019agit d\u2019acheter des pilules de qualit\u00e9.  <\/p>\n<p>De plus, vous pouvez profiter de nos offres et <a href=\"https:\/\/buymodafinilonline.com\/coupons-deals-promo-codes\/\">r\u00e9ductions<\/a> all\u00e9chantes lorsque vous achetez des m\u00e9dicaments chez nous. <a href=\"https:\/\/buymodafinilonline.com\/bitcoin-payment\/\">Payez par Bitcoin<\/a> et b\u00e9n\u00e9ficiez d\u2019une r\u00e9duction de 23%. Vous pouvez \u00e9galement r\u00e9gler en utilisant nos autres <a href=\"https:\/\/buymodafinilonline.com\/billing-credit-card-faq\/\">options de paiement<\/a>, notamment PayPal, Zelle, Poli, virement bancaire SEPA et carte de cr\u00e9dit. <\/p>\n<p>Notre livraison est tr\u00e8s rapide. Il vous suffit de s\u00e9lectionner le mode d\u2019exp\u00e9dition souhait\u00e9 et d\u2019attendre que le colis soit livr\u00e9 \u00e0 votre porte sans aucun probl\u00e8me. Le d\u00e9lai de livraison peut varier en fonction du mode d\u2019exp\u00e9dition choisi. Vous pouvez \u00e9galement b\u00e9n\u00e9ficier de la <a href=\"https:\/\/buymodafinilonline.com\/fr\/meilleur-fournisseur-france\/\">livraison gratuite<\/a> si vous commandez des pilules d\u2019une valeur sup\u00e9rieure \u00e0 130 $.<\/p>\n[\/vc_column]\n","protected":false},"excerpt":{"rendered":"<p>Artvigil 250 mg est la version g\u00e9n\u00e9rique la plus r\u00e9cente du m\u00e9dicament de marque Nuvigil\u00ae. Il s&#8217;agit d&#8217;un m\u00e9dicament tr\u00e8s puissant \u00e0 base d&#8217;armodafinil, fabriqu\u00e9 par HAB Pharma. Il est largement utilis\u00e9 pour favoriser l&#8217;\u00e9veil et stimuler les capacit\u00e9s c\u00e9r\u00e9brales. Achetez-le aujourd&#8217;hui sans ordonnance.   <\/p>\n<p>Nous le livrerons \u00e0 votre porte dans un emballage discret par le biais de notre <a href=\"https:\/\/buymodafinilonline.com\/shipping\/\">m\u00e9thode d&#8217;exp\u00e9dition la plus rapide<\/a>. N&#8217;oubliez pas de commander nos <a href=\"https:\/\/buymodafinilonline.com\/free-trial\/\">\u00e9chantillons d&#8217;essai gratuits<\/a> pour tester la qualit\u00e9 de nos produits. <\/p>\n[sc name=\"s1\"]\n","protected":false},"featured_media":447974,"comment_status":"closed","ping_status":"closed","template":"","meta":{"_acf_changed":false},"product_brand":[],"product_cat":[3785],"product_tag":[4009],"class_list":{"0":"post-448006","1":"product","2":"type-product","3":"status-publish","4":"has-post-thumbnail","6":"product_cat-marques-medicaments-intelligents","7":"product_tag-armodafinil-fr-2","9":"first","10":"instock","11":"sale","12":"shipping-taxable","13":"purchasable","14":"product-type-variable","15":"has-default-attributes"},"acf":[],"yoast_head":"<!-- This site is optimized with the Yoast SEO Premium plugin v23.6 (Yoast SEO v27.5) - https:\/\/yoast.com\/product\/yoast-seo-premium-wordpress\/ -->\n<title>Acheter Extra Strong Artvigil 250 MG (Armodafinil) Tablets OTC - BuyModafinilOnline<\/title>\n<meta name=\"description\" content=\"Commandez Artvigil en ligne chez HAB Pharma \u00e0 un prix bon march\u00e9. Artvigil 250 mg (armodafinil) g\u00e9n\u00e9rique en vente dans la pharmacie BuyModafinilOnline. Payez avec BTC, PayPal ou des cartes de cr\u00e9dit et obtenez des r\u00e9ductions importantes !\" \/>\n<meta name=\"robots\" content=\"index, follow, max-snippet:-1, max-image-preview:large, max-video-preview:-1\" \/>\n<link rel=\"canonical\" href=\"https:\/\/buymodafinilonline.com\/fr\/medicaments-intelligents\/waklert-150-mg\/\" \/>\n<meta property=\"og:locale\" content=\"fr_FR\" \/>\n<meta property=\"og:type\" content=\"article\" \/>\n<meta property=\"og:title\" content=\"Artvigil Extra Fort 250 mg\" \/>\n<meta property=\"og:description\" content=\"Commandez Artvigil en ligne chez HAB Pharma \u00e0 un prix bon march\u00e9. Artvigil 250 mg (armodafinil) g\u00e9n\u00e9rique en vente dans la pharmacie BuyModafinilOnline. Payez avec BTC, PayPal ou des cartes de cr\u00e9dit et obtenez des r\u00e9ductions importantes !\" \/>\n<meta property=\"og:url\" content=\"https:\/\/buymodafinilonline.com\/fr\/medicaments-intelligents\/waklert-150-mg\/\" \/>\n<meta property=\"og:site_name\" content=\"BuyModafinilOnline.com\" \/>\n<meta property=\"article:modified_time\" content=\"2026-01-11T06:22:53+00:00\" \/>\n<meta property=\"og:image\" content=\"https:\/\/buymodafinilonline.com\/wp-content\/uploads\/2022\/10\/bmo-artvigil-250.png\" \/>\n\t<meta property=\"og:image:width\" content=\"1280\" \/>\n\t<meta property=\"og:image:height\" content=\"1500\" \/>\n\t<meta property=\"og:image:type\" content=\"image\/png\" \/>\n<meta name=\"twitter:label1\" content=\"Dur\u00e9e de lecture estim\u00e9e\" \/>\n\t<meta name=\"twitter:data1\" content=\"7 minutes\" \/>\n<script type=\"application\/ld+json\" class=\"yoast-schema-graph\">{\"@context\":\"https:\\\/\\\/schema.org\",\"@graph\":[{\"@type\":\"WebPage\",\"@id\":\"https:\\\/\\\/buymodafinilonline.com\\\/fr\\\/medicaments-intelligents\\\/waklert-150-mg\\\/\",\"url\":\"https:\\\/\\\/buymodafinilonline.com\\\/fr\\\/medicaments-intelligents\\\/waklert-150-mg\\\/\",\"name\":\"Acheter Extra Strong Artvigil 250 MG (Armodafinil) Tablets OTC - BuyModafinilOnline\",\"isPartOf\":{\"@id\":\"https:\\\/\\\/buymodafinilonline.com\\\/fr\\\/#website\"},\"primaryImageOfPage\":{\"@id\":\"https:\\\/\\\/buymodafinilonline.com\\\/fr\\\/medicaments-intelligents\\\/waklert-150-mg\\\/#primaryimage\"},\"image\":{\"@id\":\"https:\\\/\\\/buymodafinilonline.com\\\/fr\\\/medicaments-intelligents\\\/waklert-150-mg\\\/#primaryimage\"},\"thumbnailUrl\":\"https:\\\/\\\/buymodafinilonline.com\\\/wp-content\\\/uploads\\\/2022\\\/10\\\/bmo-artvigil-250.png\",\"datePublished\":\"2022-10-22T12:34:50+00:00\",\"dateModified\":\"2026-01-11T06:22:53+00:00\",\"description\":\"Commandez Artvigil en ligne chez HAB Pharma \u00e0 un prix bon march\u00e9. Artvigil 250 mg (armodafinil) g\u00e9n\u00e9rique en vente dans la pharmacie BuyModafinilOnline. Payez avec BTC, PayPal ou des cartes de cr\u00e9dit et obtenez des r\u00e9ductions importantes !\",\"breadcrumb\":{\"@id\":\"https:\\\/\\\/buymodafinilonline.com\\\/fr\\\/medicaments-intelligents\\\/waklert-150-mg\\\/#breadcrumb\"},\"inLanguage\":\"fr-FR\",\"potentialAction\":[{\"@type\":\"ReadAction\",\"target\":[\"https:\\\/\\\/buymodafinilonline.com\\\/fr\\\/medicaments-intelligents\\\/waklert-150-mg\\\/\"]}]},{\"@type\":\"ImageObject\",\"inLanguage\":\"fr-FR\",\"@id\":\"https:\\\/\\\/buymodafinilonline.com\\\/fr\\\/medicaments-intelligents\\\/waklert-150-mg\\\/#primaryimage\",\"url\":\"https:\\\/\\\/buymodafinilonline.com\\\/wp-content\\\/uploads\\\/2022\\\/10\\\/bmo-artvigil-250.png\",\"contentUrl\":\"https:\\\/\\\/buymodafinilonline.com\\\/wp-content\\\/uploads\\\/2022\\\/10\\\/bmo-artvigil-250.png\",\"width\":1280,\"height\":1500,\"caption\":\"Artvigil 250 mg\"},{\"@type\":\"BreadcrumbList\",\"@id\":\"https:\\\/\\\/buymodafinilonline.com\\\/fr\\\/medicaments-intelligents\\\/waklert-150-mg\\\/#breadcrumb\",\"itemListElement\":[{\"@type\":\"ListItem\",\"position\":1,\"name\":\"Buy Modafinil Online\",\"item\":\"https:\\\/\\\/buymodafinilonline.com\\\/fr\\\/\"},{\"@type\":\"ListItem\",\"position\":2,\"name\":\"Boutique\",\"item\":\"https:\\\/\\\/buymodafinilonline.com\\\/fr\\\/boutique\\\/\"},{\"@type\":\"ListItem\",\"position\":3,\"name\":\"Marques de m\u00e9dicaments intelligents\",\"item\":\"https:\\\/\\\/buymodafinilonline.com\\\/fr\\\/categorie-de-produit\\\/marques-medicaments-intelligents\\\/\"},{\"@type\":\"ListItem\",\"position\":4,\"name\":\"Artvigil Extra Fort 250 mg\"}]},{\"@type\":\"WebSite\",\"@id\":\"https:\\\/\\\/buymodafinilonline.com\\\/fr\\\/#website\",\"url\":\"https:\\\/\\\/buymodafinilonline.com\\\/fr\\\/\",\"name\":\"BuyModafinilOnline.com\",\"description\":\"Modafinil Online Pharmacy\",\"publisher\":{\"@id\":\"https:\\\/\\\/buymodafinilonline.com\\\/fr\\\/#organization\"},\"potentialAction\":[{\"@type\":\"SearchAction\",\"target\":{\"@type\":\"EntryPoint\",\"urlTemplate\":\"https:\\\/\\\/buymodafinilonline.com\\\/fr\\\/?s={search_term_string}\"},\"query-input\":{\"@type\":\"PropertyValueSpecification\",\"valueRequired\":true,\"valueName\":\"search_term_string\"}}],\"inLanguage\":\"fr-FR\"},{\"@type\":\"Organization\",\"@id\":\"https:\\\/\\\/buymodafinilonline.com\\\/fr\\\/#organization\",\"name\":\"BuyModafinilOnline\",\"url\":\"https:\\\/\\\/buymodafinilonline.com\\\/fr\\\/\",\"logo\":{\"@type\":\"ImageObject\",\"inLanguage\":\"fr-FR\",\"@id\":\"https:\\\/\\\/buymodafinilonline.com\\\/fr\\\/#\\\/schema\\\/logo\\\/image\\\/\",\"url\":\"https:\\\/\\\/buymodafinilonline.com\\\/wp-content\\\/uploads\\\/2020\\\/04\\\/logo-buy-modafinil-online-yellow.png\",\"contentUrl\":\"https:\\\/\\\/buymodafinilonline.com\\\/wp-content\\\/uploads\\\/2020\\\/04\\\/logo-buy-modafinil-online-yellow.png\",\"width\":200,\"height\":200,\"caption\":\"BuyModafinilOnline\"},\"image\":{\"@id\":\"https:\\\/\\\/buymodafinilonline.com\\\/fr\\\/#\\\/schema\\\/logo\\\/image\\\/\"}}]}<\/script>\n<!-- \/ Yoast SEO Premium plugin. -->","yoast_head_json":{"title":"Acheter Extra Strong Artvigil 250 MG (Armodafinil) Tablets OTC - BuyModafinilOnline","description":"Commandez Artvigil en ligne chez HAB Pharma \u00e0 un prix bon march\u00e9. Artvigil 250 mg (armodafinil) g\u00e9n\u00e9rique en vente dans la pharmacie BuyModafinilOnline. Payez avec BTC, PayPal ou des cartes de cr\u00e9dit et obtenez des r\u00e9ductions importantes !","robots":{"index":"index","follow":"follow","max-snippet":"max-snippet:-1","max-image-preview":"max-image-preview:large","max-video-preview":"max-video-preview:-1"},"canonical":"https:\/\/buymodafinilonline.com\/fr\/medicaments-intelligents\/waklert-150-mg\/","og_locale":"fr_FR","og_type":"article","og_title":"Artvigil Extra Fort 250 mg","og_description":"Commandez Artvigil en ligne chez HAB Pharma \u00e0 un prix bon march\u00e9. Artvigil 250 mg (armodafinil) g\u00e9n\u00e9rique en vente dans la pharmacie BuyModafinilOnline. Payez avec BTC, PayPal ou des cartes de cr\u00e9dit et obtenez des r\u00e9ductions importantes !","og_url":"https:\/\/buymodafinilonline.com\/fr\/medicaments-intelligents\/waklert-150-mg\/","og_site_name":"BuyModafinilOnline.com","article_modified_time":"2026-01-11T06:22:53+00:00","og_image":[{"width":1280,"height":1500,"url":"https:\/\/buymodafinilonline.com\/wp-content\/uploads\/2022\/10\/bmo-artvigil-250.png","type":"image\/png"}],"twitter_misc":{"Dur\u00e9e de lecture estim\u00e9e":"7 minutes"},"schema":{"@context":"https:\/\/schema.org","@graph":[{"@type":"WebPage","@id":"https:\/\/buymodafinilonline.com\/fr\/medicaments-intelligents\/waklert-150-mg\/","url":"https:\/\/buymodafinilonline.com\/fr\/medicaments-intelligents\/waklert-150-mg\/","name":"Acheter Extra Strong Artvigil 250 MG (Armodafinil) Tablets OTC - BuyModafinilOnline","isPartOf":{"@id":"https:\/\/buymodafinilonline.com\/fr\/#website"},"primaryImageOfPage":{"@id":"https:\/\/buymodafinilonline.com\/fr\/medicaments-intelligents\/waklert-150-mg\/#primaryimage"},"image":{"@id":"https:\/\/buymodafinilonline.com\/fr\/medicaments-intelligents\/waklert-150-mg\/#primaryimage"},"thumbnailUrl":"https:\/\/buymodafinilonline.com\/wp-content\/uploads\/2022\/10\/bmo-artvigil-250.png","datePublished":"2022-10-22T12:34:50+00:00","dateModified":"2026-01-11T06:22:53+00:00","description":"Commandez Artvigil en ligne chez HAB Pharma \u00e0 un prix bon march\u00e9. Artvigil 250 mg (armodafinil) g\u00e9n\u00e9rique en vente dans la pharmacie BuyModafinilOnline. Payez avec BTC, PayPal ou des cartes de cr\u00e9dit et obtenez des r\u00e9ductions importantes !","breadcrumb":{"@id":"https:\/\/buymodafinilonline.com\/fr\/medicaments-intelligents\/waklert-150-mg\/#breadcrumb"},"inLanguage":"fr-FR","potentialAction":[{"@type":"ReadAction","target":["https:\/\/buymodafinilonline.com\/fr\/medicaments-intelligents\/waklert-150-mg\/"]}]},{"@type":"ImageObject","inLanguage":"fr-FR","@id":"https:\/\/buymodafinilonline.com\/fr\/medicaments-intelligents\/waklert-150-mg\/#primaryimage","url":"https:\/\/buymodafinilonline.com\/wp-content\/uploads\/2022\/10\/bmo-artvigil-250.png","contentUrl":"https:\/\/buymodafinilonline.com\/wp-content\/uploads\/2022\/10\/bmo-artvigil-250.png","width":1280,"height":1500,"caption":"Artvigil 250 mg"},{"@type":"BreadcrumbList","@id":"https:\/\/buymodafinilonline.com\/fr\/medicaments-intelligents\/waklert-150-mg\/#breadcrumb","itemListElement":[{"@type":"ListItem","position":1,"name":"Buy Modafinil Online","item":"https:\/\/buymodafinilonline.com\/fr\/"},{"@type":"ListItem","position":2,"name":"Boutique","item":"https:\/\/buymodafinilonline.com\/fr\/boutique\/"},{"@type":"ListItem","position":3,"name":"Marques de m\u00e9dicaments intelligents","item":"https:\/\/buymodafinilonline.com\/fr\/categorie-de-produit\/marques-medicaments-intelligents\/"},{"@type":"ListItem","position":4,"name":"Artvigil Extra Fort 250 mg"}]},{"@type":"WebSite","@id":"https:\/\/buymodafinilonline.com\/fr\/#website","url":"https:\/\/buymodafinilonline.com\/fr\/","name":"BuyModafinilOnline.com","description":"Modafinil Online Pharmacy","publisher":{"@id":"https:\/\/buymodafinilonline.com\/fr\/#organization"},"potentialAction":[{"@type":"SearchAction","target":{"@type":"EntryPoint","urlTemplate":"https:\/\/buymodafinilonline.com\/fr\/?s={search_term_string}"},"query-input":{"@type":"PropertyValueSpecification","valueRequired":true,"valueName":"search_term_string"}}],"inLanguage":"fr-FR"},{"@type":"Organization","@id":"https:\/\/buymodafinilonline.com\/fr\/#organization","name":"BuyModafinilOnline","url":"https:\/\/buymodafinilonline.com\/fr\/","logo":{"@type":"ImageObject","inLanguage":"fr-FR","@id":"https:\/\/buymodafinilonline.com\/fr\/#\/schema\/logo\/image\/","url":"https:\/\/buymodafinilonline.com\/wp-content\/uploads\/2020\/04\/logo-buy-modafinil-online-yellow.png","contentUrl":"https:\/\/buymodafinilonline.com\/wp-content\/uploads\/2020\/04\/logo-buy-modafinil-online-yellow.png","width":200,"height":200,"caption":"BuyModafinilOnline"},"image":{"@id":"https:\/\/buymodafinilonline.com\/fr\/#\/schema\/logo\/image\/"}}]}},"_links":{"self":[{"href":"https:\/\/buymodafinilonline.com\/fr\/wp-json\/wp\/v2\/product\/448006","targetHints":{"allow":["GET"]}}],"collection":[{"href":"https:\/\/buymodafinilonline.com\/fr\/wp-json\/wp\/v2\/product"}],"about":[{"href":"https:\/\/buymodafinilonline.com\/fr\/wp-json\/wp\/v2\/types\/product"}],"replies":[{"embeddable":true,"href":"https:\/\/buymodafinilonline.com\/fr\/wp-json\/wp\/v2\/comments?post=448006"}],"wp:featuredmedia":[{"embeddable":true,"href":"https:\/\/buymodafinilonline.com\/fr\/wp-json\/wp\/v2\/media\/447974"}],"wp:attachment":[{"href":"https:\/\/buymodafinilonline.com\/fr\/wp-json\/wp\/v2\/media?parent=448006"}],"wp:term":[{"taxonomy":"product_brand","embeddable":true,"href":"https:\/\/buymodafinilonline.com\/fr\/wp-json\/wp\/v2\/product_brand?post=448006"},{"taxonomy":"product_cat","embeddable":true,"href":"https:\/\/buymodafinilonline.com\/fr\/wp-json\/wp\/v2\/product_cat?post=448006"},{"taxonomy":"product_tag","embeddable":true,"href":"https:\/\/buymodafinilonline.com\/fr\/wp-json\/wp\/v2\/product_tag?post=448006"}],"curies":[{"name":"wp","href":"https:\/\/api.w.org\/{rel}","templated":true}]}}