{"id":454289,"date":"2020-03-23T13:58:02","date_gmt":"2020-03-23T12:58:02","guid":{"rendered":"https:\/\/buymodafinilonline.com\/smart-drugs\/waklert-150-mg-2\/"},"modified":"2026-01-25T02:34:03","modified_gmt":"2026-01-25T01:34:03","slug":"waklert-150-mg-tablets","status":"publish","type":"product","link":"https:\/\/buymodafinilonline.com\/fr\/medicaments-intelligents\/waklert-150-mg-tablets\/","title":{"rendered":"Waklert 150 mg"},"content":{"rendered":"[vc_column width=&#8221;1\/2&#8243;]\n<div class=\"su-divider su-divider-style-default\" style=\"margin:10px 0;border-width:3px;border-color:#ffffff00\"><a href=\"#\" style=\"color:#ffffff009\">.<\/a><\/div>\n<h2>Qu&#8217;est-ce que Waklert 150 mg ?<\/h2>\n<div class=\"su-divider su-divider-style-default\" style=\"margin:10px 0;border-width:3px;border-color:#ffffff00\"><a href=\"#\" style=\"color:#ffffff009\">.<\/a><\/div>\nDans la communaut\u00e9 des nootropiques, les m\u00e9dicaments contenant du modafinil sont tr\u00e8s populaires. Cependant, seul un petit pourcentage d&#8217;utilisateurs de smart drugs conna\u00eet la puissance de l&#8217;armodafinil. Il s&#8217;agit d&#8217;une substance tr\u00e8s efficace qui contribue \u00e0 am\u00e9liorer les fonctions cognitives lorsqu&#8217;elle est ing\u00e9r\u00e9e. L&#8217;armodafinil est le composant actif de Waklert.<\/p>\n<p>Gr\u00e2ce \u00e0 son ingr\u00e9dient principal, Waklert s&#8217;est av\u00e9r\u00e9 tr\u00e8s puissant pour am\u00e9liorer l&#8217;\u00e9tat d&#8217;\u00e9veil et de vigilance des utilisateurs. Ce m\u00e9dicament est plus populaire chez les personnes dont le travail ou l&#8217;emploi du temps quotidien exige un niveau \u00e9lev\u00e9 de concentration et d&#8217;attention. De nombreuses personnes appartenant \u00e0 cette cat\u00e9gorie prennent simplement des m\u00e9dicaments comme Waklert pour les aider \u00e0 rester concentr\u00e9es ou orient\u00e9es au travail.<\/p>\n<p>Outre le fait qu&#8217;il stimule l&#8217;\u00e9veil, la productivit\u00e9 et l&#8217;attention, Waklert est populaire pour un certain nombre d&#8217;autres raisons. Tout d&#8217;abord, il jouit d&#8217;une r\u00e9putation impressionnante parmi les membres de la communaut\u00e9 des nootropiques. Il est \u00e9galement moins cher et plus accessible que plusieurs autres solutions.<\/p>\n<p>Le Waklert est souvent compar\u00e9 au Nuvigil, mais ces m\u00e9dicaments ont leurs diff\u00e9rences.<\/p>\n<div class=\"su-divider su-divider-style-default\" style=\"margin:10px 0;border-width:3px;border-color:#ffffff00\"><a href=\"#\" style=\"color:#ffffff009\">.<\/a><\/div>\n<h2>Comment fonctionnent les tablettes<\/h2>\n<div class=\"su-divider su-divider-style-default\" style=\"margin:10px 0;border-width:3px;border-color:#ffffff00\"><a href=\"#\" style=\"color:#ffffff009\">.<\/a><\/div>\nLe fonctionnement des comprim\u00e9s Waklert 150 mg du point de vue de l&#8217;am\u00e9lioration des facult\u00e9s cognitives n&#8217;est pas encore totalement compris. Cependant, on pense qu&#8217;ils stimulent les r\u00e9actions chimiques dans le cerveau, entra\u00eenant ainsi une augmentation des niveaux de dopamine.<\/p>\n<p>Il semble \u00e9galement affecter d&#8217;autres zones du cerveau, ce qui se traduit en fin de compte par une augmentation de l&#8217;\u00e9nergie, de la r\u00e9sistance mentale et, bien s\u00fbr, par une aura de bien-\u00eatre. Son m\u00e9canisme d&#8217;action permet \u00e9galement de pr\u00e9venir la somnolence chez l&#8217;utilisateur.<\/p>\n<div class=\"su-divider su-divider-style-default\" style=\"margin:10px 0;border-width:3px;border-color:#ffffff00\"><a href=\"#\" style=\"color:#ffffff009\">.<\/a><\/div>\n<h2>Dosage s\u00fbr et utilisation appropri\u00e9e<\/h2>\n<div class=\"su-divider su-divider-style-default\" style=\"margin:10px 0;border-width:3px;border-color:#ffffff00\"><a href=\"#\" style=\"color:#ffffff009\">.<\/a><\/div>\nEn ce qui concerne le dosage, Waklert 150 mg peut \u00eatre un peu d\u00e9licat. La dose maximale est de 150 mg. Toutefois, cela ne signifie pas que chaque utilisateur doit atteindre le maximum. Lors de l&#8217;utilisation d&#8217;un m\u00e9dicament, il est important de tenir compte des diff\u00e9rences biologiques.<\/p>\n<p>Par exemple, si certains utilisateurs trouvent les comprim\u00e9s de 150 mg par jour tr\u00e8s efficaces et bien tol\u00e9r\u00e9s, d&#8217;autres peuvent ressentir une certaine g\u00eane et des r\u00e9actions ind\u00e9sirables en raison d&#8217;un syst\u00e8me corporel sensible.<\/p>\n<p>Si vous faites partie de cette derni\u00e8re cat\u00e9gorie, vous ne devez pas paniquer. Les comprim\u00e9s de Waklert 150 mg sont g\u00e9n\u00e9ralement pourvus d&#8217;un pli au milieu, ce qui permet de les couper plus facilement en deux.<\/p>\n<p>Ce m\u00e9dicament doit \u00eatre pris une fois par jour avec un verre d&#8217;eau.<\/p>\n<div class=\"su-divider su-divider-style-default\" style=\"margin:10px 0;border-width:3px;border-color:#ffffff00\"><a href=\"#\" style=\"color:#ffffff009\">.<\/a><\/div>\n<h2>Les effets secondaires possibles<\/h2>\n<div class=\"su-divider su-divider-style-default\" style=\"margin:10px 0;border-width:3px;border-color:#ffffff00\"><a href=\"#\" style=\"color:#ffffff009\">.<\/a><\/div>\nPour les utilisateurs de nootropiques ou de toute autre classe de m\u00e9dicaments, les effets secondaires sont un facteur cl\u00e9 \u00e0 prendre en compte. Les effets ind\u00e9sirables l&#8217;emportent-ils sur les avantages ? Sont-ils g\u00e9rables ?<\/p>\n<p>Waklert est accompagn\u00e9 d&#8217;un certain nombre d&#8217;effets secondaires qui peuvent \u00eatre class\u00e9s dans les groupes suivants : fr\u00e9quents, rares, r\u00e9actions \u00e0 un surdosage ou \u00e0 une allergie.<\/p>\n[\/vc_column][vc_column width=&#8221;1\/2&#8243;]\n<div class=\"su-divider su-divider-style-default\" style=\"margin:10px 0;border-width:3px;border-color:#ffffff00\"><a href=\"#\" style=\"color:#ffffff009\">.<\/a><\/div>\nLes naus\u00e9es, les vertiges, les maux de t\u00eate et l&#8217;insomnie figurent parmi les effets secondaires les plus fr\u00e9quents de ce m\u00e9dicament. Dans de rares cas, les utilisateurs peuvent souffrir de d\u00e9pression, d&#8217;anxi\u00e9t\u00e9 ou d&#8217;hallucinations. Ces effets secondaires n&#8217;apparaissent que chez un faible pourcentage d&#8217;utilisateurs de Waklert.<\/p>\n<p>Enfin, l&#8217;utilisation de ce m\u00e9dicament intelligent peut entra\u00eener des r\u00e9actions allergiques telles que des \u00e9ruptions cutan\u00e9es graves. Par cons\u00e9quent, avant de prendre ce m\u00e9dicament, il est conseill\u00e9 de consulter un m\u00e9decin afin de s&#8217;assurer qu&#8217;il est sans danger pour vous.<\/p>\n<div class=\"su-divider su-divider-style-default\" style=\"margin:10px 0;border-width:3px;border-color:#ffffff00\"><a href=\"#\" style=\"color:#ffffff009\">.<\/a><\/div>\n<h2>Contre-indications et mises en garde<\/h2>\n<div class=\"su-divider su-divider-style-default\" style=\"margin:10px 0;border-width:3px;border-color:#ffffff00\"><a href=\"#\" style=\"color:#ffffff009\">.<\/a><\/div>\nLes interactions m\u00e9dicamenteuses ont g\u00e9n\u00e9ralement deux cons\u00e9quences. La premi\u00e8re est qu&#8217;il peut y avoir une augmentation du risque d&#8217;effets secondaires. La deuxi\u00e8me cons\u00e9quence est qu&#8217;un ou plusieurs m\u00e9dicaments peuvent perdre leur efficacit\u00e9.<\/p>\n<p>Avant d&#8217;utiliser Waklert, il est important de v\u00e9rifier ses interactions avec d&#8217;autres onglets que vous pourriez utiliser \u00e0 ce moment-l\u00e0. Vous \u00e9viterez ainsi les interf\u00e9rences m\u00e9dicamenteuses ou les effets ind\u00e9sirables graves. Waklert interagit n\u00e9gativement avec l&#8217;alcool et ne doit donc pas \u00eatre utilis\u00e9 en association avec cette substance. Il peut \u00eatre pris avec ou sans nourriture, selon votre pr\u00e9f\u00e9rence.<\/p>\n<p>Il est important d&#8217;\u00e9viter le surdosage de cette drogue intelligente afin de pr\u00e9venir l&#8217;apparition de sympt\u00f4mes de surdosage tels que l&#8217;agitation, la confusion ou l&#8217;\u00e9l\u00e9vation de la pression art\u00e9rielle.<\/p>\n<div class=\"su-divider su-divider-style-default\" style=\"margin:10px 0;border-width:3px;border-color:#ffffff00\"><a href=\"#\" style=\"color:#ffffff009\">.<\/a><\/div>\n<h2>Exp\u00e9rience consommateur<\/h2>\n<div class=\"su-divider su-divider-style-default\" style=\"margin:10px 0;border-width:3px;border-color:#ffffff00\"><a href=\"#\" style=\"color:#ffffff009\">.<\/a><\/div>\nJusqu&#8217;\u00e0 pr\u00e9sent, les commentaires des utilisateurs de Waklert 150mg ont \u00e9t\u00e9 positifs, la majorit\u00e9 d&#8217;entre eux ayant attest\u00e9 de son efficacit\u00e9 pour stimuler la productivit\u00e9, en particulier au travail. Ce m\u00e9dicament aide \u00e9galement \u00e0 lutter contre la somnolence diurne et renforce les fonctions cognitives.<\/p>\n<p>Il n&#8217;est donc pas \u00e9tonnant qu&#8217;il soit utilis\u00e9 principalement par les \u00e9tudiants et les personnes qui ont un travail tr\u00e9pidant n\u00e9cessitant une concentration intense.<\/p>\n<div class=\"su-divider su-divider-style-default\" style=\"margin:10px 0;border-width:3px;border-color:#ffffff00\"><a href=\"#\" style=\"color:#ffffff009\">.<\/a><\/div>\n<h2>Buy G\u00e9n\u00e9rique Waklert 150mg (Armodafinil) Online<\/h2>\n<div class=\"su-divider su-divider-style-default\" style=\"margin:10px 0;border-width:3px;border-color:#ffffff00\"><a href=\"#\" style=\"color:#ffffff009\">.<\/a><\/div>\nSi vous cherchez le meilleur endroit pour acheter ce m\u00e9dicament, BuyModafinilOnline est la pharmacie qu&#8217;il vous faut. Nous savons que notre opinion peut sembler biais\u00e9e, mais dans le monde d&#8217;aujourd&#8217;hui, les pharmacies en ligne sont votre meilleur atout si vous essayez d&#8217;acheter des m\u00e9dicaments intelligents sans ordonnance.<\/p>\n<p>Nous comprenons qu&#8217;il peut \u00eatre difficile de trouver la bonne solution, mais nous sommes l\u00e0 pour vous ! Chez BuyModafinilOnline, nous vous facilitons l&#8217;achat de ces pilules \u00e0 des prix abordables et sans aucun probl\u00e8me. Nos services sont bon march\u00e9, pratiques et, bien s\u00fbr, fiables. Voici ce que nous pouvons vous offrir :<\/p>\n<div class=\"su-divider su-divider-style-default\" style=\"margin:10px 0;border-width:3px;border-color:#ffffff00\"><a href=\"#\" style=\"color:#ffffff009\">.<\/a><\/div>\n<ul>\n<li>des m\u00e9dicaments intelligents s\u00fbrs comme <a href=\"https:\/\/buymodafinilonline.com\/fr\/medicaments-intelligents\/modvigil-200-mg\/\">Modvigil 200 mg<\/a>, <a href=\"https:\/\/buymodafinilonline.com\/fr\/medicaments-intelligents\/artvigil-150-mg\/\">Artvigil 150 mg<\/a>, <a href=\"https:\/\/buymodafinilonline.com\/fr\/medicaments-intelligents\/modafresh-200-mg-comprimes\/\">Modafresh 200 mg<\/a>, <a href=\"https:\/\/buymodafinilonline.com\/fr\/medicaments-intelligents\/modaheal-200-mg\/\">Modaheal 200 mg<\/a>, etc ;<\/li>\n<li><a href=\"https:\/\/buymodafinilonline.com\/order-tracking\/\">outil de suivi des<\/a> colis facile \u00e0 utiliser ;<\/li>\n<li><a href=\"https:\/\/buymodafinilonline.com\/fr\/payez-avec-des-bitcoins\/\">23% de r\u00e9duction<\/a> avec le paiement en bitcoins ;<\/li>\n<li>20 \u00e9chantillons gratuits de pilules de modafinil et d&#8217;armodafinil ;<\/li>\n<li>et bien d&#8217;autres choses encore.<\/li>\n<\/ul>\n<div class=\"su-divider su-divider-style-default\" style=\"margin:10px 0;border-width:3px;border-color:#ffffff00\"><a href=\"#\" style=\"color:#ffffff009\">.<\/a><\/div>\nFaites un tour dans notre vaste gamme de nootropiques et obtenez des produits g\u00e9n\u00e9riques \u00e0 un prix symbolique.<\/p>\n[\/vc_column]\n<div class=\"su-divider su-divider-style-default\" style=\"margin:10px 0;border-width:3px;border-color:#ffffff00\"><a href=\"#\" style=\"color:#ffffff009\">.<\/a><\/div>\n","protected":false},"excerpt":{"rendered":"[sc name=\"sun-suspended-fr\"]\n<p>Waklert est un m\u00e9dicament intelligent utilis\u00e9 pour favoriser l&#8217;\u00e9veil des personnes souffrant de narcolepsie ou de troubles du sommeil li\u00e9s au travail post\u00e9. Fabriqu\u00e9e par Sun Pharma, cette pilule contient de l&#8217;armodafinil et est l&#8217;une des pr\u00e9f\u00e9r\u00e9es de plusieurs membres de la communaut\u00e9 des nootropiques. Obtenez ce m\u00e9dicament hautement efficace aupr\u00e8s de notre pharmacie en ligne d\u00e8s aujourd&#8217;hui et profitez d&#8217;une combinaison de prix bas et de livraison rapide.<\/p>\n[sc name=\"s1\"]\n","protected":false},"featured_media":396359,"comment_status":"closed","ping_status":"closed","template":"","meta":{"_acf_changed":false},"product_brand":[],"product_cat":[4234,3785],"product_tag":[4009],"class_list":{"0":"post-454289","1":"product","2":"type-product","3":"status-publish","4":"has-post-thumbnail","6":"product_cat-bestsellers-fr","7":"product_cat-marques-medicaments-intelligents","8":"product_tag-armodafinil-fr-2","10":"first","11":"instock","12":"sale","13":"shipping-taxable","14":"purchasable","15":"product-type-variable","16":"has-default-attributes"},"acf":[],"yoast_head":"<!-- This site is optimized with the Yoast SEO Premium plugin v23.6 (Yoast SEO v27.3) - https:\/\/yoast.com\/product\/yoast-seo-premium-wordpress\/ -->\n<title>Acheter Waklert 150 mg (Armodafinil) Comprim\u00e9s OTC - BuyModafinilOnline<\/title>\n<meta name=\"description\" content=\"Commandez des comprim\u00e9s Waklert 150 mg bon march\u00e9 en ligne aupr\u00e8s du fabricant Sun Pharma. Achetez Waklert (armodafinil) g\u00e9n\u00e9rique avec 23% de r\u00e9duction pour le paiement en Bitcoin \u00e0 la pharmacie BuyModafinilOnline !\" \/>\n<meta name=\"robots\" content=\"index, follow, max-snippet:-1, max-image-preview:large, max-video-preview:-1\" \/>\n<link rel=\"canonical\" href=\"https:\/\/buymodafinilonline.com\/fr\/medicaments-intelligents\/waklert-150-mg-tablets\/\" \/>\n<meta property=\"og:locale\" content=\"fr_FR\" \/>\n<meta property=\"og:type\" content=\"article\" \/>\n<meta property=\"og:title\" content=\"Waklert 150 mg\" \/>\n<meta property=\"og:description\" content=\"Commandez des comprim\u00e9s Waklert 150 mg bon march\u00e9 en ligne aupr\u00e8s du fabricant Sun Pharma. Achetez Waklert (armodafinil) g\u00e9n\u00e9rique avec 23% de r\u00e9duction pour le paiement en Bitcoin \u00e0 la pharmacie BuyModafinilOnline !\" \/>\n<meta property=\"og:url\" content=\"https:\/\/buymodafinilonline.com\/fr\/medicaments-intelligents\/waklert-150-mg-tablets\/\" \/>\n<meta property=\"og:site_name\" content=\"BuyModafinilOnline.com\" \/>\n<meta property=\"article:modified_time\" content=\"2026-01-25T01:34:03+00:00\" \/>\n<meta property=\"og:image\" content=\"https:\/\/buymodafinilonline.com\/wp-content\/uploads\/2020\/04\/product-bmo-waklert-2.png\" \/>\n\t<meta property=\"og:image:width\" content=\"1280\" \/>\n\t<meta property=\"og:image:height\" content=\"1500\" \/>\n\t<meta property=\"og:image:type\" content=\"image\/png\" \/>\n<meta name=\"twitter:label1\" content=\"Dur\u00e9e de lecture estim\u00e9e\" \/>\n\t<meta name=\"twitter:data1\" content=\"5 minutes\" \/>\n<script type=\"application\/ld+json\" class=\"yoast-schema-graph\">{\"@context\":\"https:\\\/\\\/schema.org\",\"@graph\":[{\"@type\":\"WebPage\",\"@id\":\"https:\\\/\\\/buymodafinilonline.com\\\/fr\\\/medicaments-intelligents\\\/waklert-150-mg-tablets\\\/\",\"url\":\"https:\\\/\\\/buymodafinilonline.com\\\/fr\\\/medicaments-intelligents\\\/waklert-150-mg-tablets\\\/\",\"name\":\"Acheter Waklert 150 mg (Armodafinil) Comprim\u00e9s OTC - BuyModafinilOnline\",\"isPartOf\":{\"@id\":\"https:\\\/\\\/buymodafinilonline.com\\\/fr\\\/#website\"},\"primaryImageOfPage\":{\"@id\":\"https:\\\/\\\/buymodafinilonline.com\\\/fr\\\/medicaments-intelligents\\\/waklert-150-mg-tablets\\\/#primaryimage\"},\"image\":{\"@id\":\"https:\\\/\\\/buymodafinilonline.com\\\/fr\\\/medicaments-intelligents\\\/waklert-150-mg-tablets\\\/#primaryimage\"},\"thumbnailUrl\":\"https:\\\/\\\/buymodafinilonline.com\\\/wp-content\\\/uploads\\\/2020\\\/04\\\/product-bmo-waklert-2.png\",\"datePublished\":\"2020-03-23T12:58:02+00:00\",\"dateModified\":\"2026-01-25T01:34:03+00:00\",\"description\":\"Commandez des comprim\u00e9s Waklert 150 mg bon march\u00e9 en ligne aupr\u00e8s du fabricant Sun Pharma. Achetez Waklert (armodafinil) g\u00e9n\u00e9rique avec 23% de r\u00e9duction pour le paiement en Bitcoin \u00e0 la pharmacie BuyModafinilOnline !\",\"breadcrumb\":{\"@id\":\"https:\\\/\\\/buymodafinilonline.com\\\/fr\\\/medicaments-intelligents\\\/waklert-150-mg-tablets\\\/#breadcrumb\"},\"inLanguage\":\"fr-FR\",\"potentialAction\":[{\"@type\":\"ReadAction\",\"target\":[\"https:\\\/\\\/buymodafinilonline.com\\\/fr\\\/medicaments-intelligents\\\/waklert-150-mg-tablets\\\/\"]}]},{\"@type\":\"ImageObject\",\"inLanguage\":\"fr-FR\",\"@id\":\"https:\\\/\\\/buymodafinilonline.com\\\/fr\\\/medicaments-intelligents\\\/waklert-150-mg-tablets\\\/#primaryimage\",\"url\":\"https:\\\/\\\/buymodafinilonline.com\\\/wp-content\\\/uploads\\\/2020\\\/04\\\/product-bmo-waklert-2.png\",\"contentUrl\":\"https:\\\/\\\/buymodafinilonline.com\\\/wp-content\\\/uploads\\\/2020\\\/04\\\/product-bmo-waklert-2.png\",\"width\":1280,\"height\":1500,\"caption\":\"Waklert 150 mg\"},{\"@type\":\"BreadcrumbList\",\"@id\":\"https:\\\/\\\/buymodafinilonline.com\\\/fr\\\/medicaments-intelligents\\\/waklert-150-mg-tablets\\\/#breadcrumb\",\"itemListElement\":[{\"@type\":\"ListItem\",\"position\":1,\"name\":\"Buy Modafinil Online\",\"item\":\"https:\\\/\\\/buymodafinilonline.com\\\/fr\\\/\"},{\"@type\":\"ListItem\",\"position\":2,\"name\":\"Boutique\",\"item\":\"https:\\\/\\\/buymodafinilonline.com\\\/fr\\\/boutique\\\/\"},{\"@type\":\"ListItem\",\"position\":3,\"name\":\"Best-sellers\",\"item\":\"https:\\\/\\\/buymodafinilonline.com\\\/fr\\\/categorie-de-produit\\\/bestsellers-fr\\\/\"},{\"@type\":\"ListItem\",\"position\":4,\"name\":\"Waklert 150 mg\"}]},{\"@type\":\"WebSite\",\"@id\":\"https:\\\/\\\/buymodafinilonline.com\\\/fr\\\/#website\",\"url\":\"https:\\\/\\\/buymodafinilonline.com\\\/fr\\\/\",\"name\":\"BuyModafinilOnline.com\",\"description\":\"Modafinil Online Pharmacy\",\"publisher\":{\"@id\":\"https:\\\/\\\/buymodafinilonline.com\\\/fr\\\/#organization\"},\"potentialAction\":[{\"@type\":\"SearchAction\",\"target\":{\"@type\":\"EntryPoint\",\"urlTemplate\":\"https:\\\/\\\/buymodafinilonline.com\\\/fr\\\/?s={search_term_string}\"},\"query-input\":{\"@type\":\"PropertyValueSpecification\",\"valueRequired\":true,\"valueName\":\"search_term_string\"}}],\"inLanguage\":\"fr-FR\"},{\"@type\":\"Organization\",\"@id\":\"https:\\\/\\\/buymodafinilonline.com\\\/fr\\\/#organization\",\"name\":\"BuyModafinilOnline\",\"url\":\"https:\\\/\\\/buymodafinilonline.com\\\/fr\\\/\",\"logo\":{\"@type\":\"ImageObject\",\"inLanguage\":\"fr-FR\",\"@id\":\"https:\\\/\\\/buymodafinilonline.com\\\/fr\\\/#\\\/schema\\\/logo\\\/image\\\/\",\"url\":\"https:\\\/\\\/buymodafinilonline.com\\\/wp-content\\\/uploads\\\/2020\\\/04\\\/logo-buy-modafinil-online-yellow.png\",\"contentUrl\":\"https:\\\/\\\/buymodafinilonline.com\\\/wp-content\\\/uploads\\\/2020\\\/04\\\/logo-buy-modafinil-online-yellow.png\",\"width\":200,\"height\":200,\"caption\":\"BuyModafinilOnline\"},\"image\":{\"@id\":\"https:\\\/\\\/buymodafinilonline.com\\\/fr\\\/#\\\/schema\\\/logo\\\/image\\\/\"}}]}<\/script>\n<!-- \/ Yoast SEO Premium plugin. -->","yoast_head_json":{"title":"Acheter Waklert 150 mg (Armodafinil) Comprim\u00e9s OTC - BuyModafinilOnline","description":"Commandez des comprim\u00e9s Waklert 150 mg bon march\u00e9 en ligne aupr\u00e8s du fabricant Sun Pharma. Achetez Waklert (armodafinil) g\u00e9n\u00e9rique avec 23% de r\u00e9duction pour le paiement en Bitcoin \u00e0 la pharmacie BuyModafinilOnline !","robots":{"index":"index","follow":"follow","max-snippet":"max-snippet:-1","max-image-preview":"max-image-preview:large","max-video-preview":"max-video-preview:-1"},"canonical":"https:\/\/buymodafinilonline.com\/fr\/medicaments-intelligents\/waklert-150-mg-tablets\/","og_locale":"fr_FR","og_type":"article","og_title":"Waklert 150 mg","og_description":"Commandez des comprim\u00e9s Waklert 150 mg bon march\u00e9 en ligne aupr\u00e8s du fabricant Sun Pharma. Achetez Waklert (armodafinil) g\u00e9n\u00e9rique avec 23% de r\u00e9duction pour le paiement en Bitcoin \u00e0 la pharmacie BuyModafinilOnline !","og_url":"https:\/\/buymodafinilonline.com\/fr\/medicaments-intelligents\/waklert-150-mg-tablets\/","og_site_name":"BuyModafinilOnline.com","article_modified_time":"2026-01-25T01:34:03+00:00","og_image":[{"width":1280,"height":1500,"url":"https:\/\/buymodafinilonline.com\/wp-content\/uploads\/2020\/04\/product-bmo-waklert-2.png","type":"image\/png"}],"twitter_misc":{"Dur\u00e9e de lecture estim\u00e9e":"5 minutes"},"schema":{"@context":"https:\/\/schema.org","@graph":[{"@type":"WebPage","@id":"https:\/\/buymodafinilonline.com\/fr\/medicaments-intelligents\/waklert-150-mg-tablets\/","url":"https:\/\/buymodafinilonline.com\/fr\/medicaments-intelligents\/waklert-150-mg-tablets\/","name":"Acheter Waklert 150 mg (Armodafinil) Comprim\u00e9s OTC - BuyModafinilOnline","isPartOf":{"@id":"https:\/\/buymodafinilonline.com\/fr\/#website"},"primaryImageOfPage":{"@id":"https:\/\/buymodafinilonline.com\/fr\/medicaments-intelligents\/waklert-150-mg-tablets\/#primaryimage"},"image":{"@id":"https:\/\/buymodafinilonline.com\/fr\/medicaments-intelligents\/waklert-150-mg-tablets\/#primaryimage"},"thumbnailUrl":"https:\/\/buymodafinilonline.com\/wp-content\/uploads\/2020\/04\/product-bmo-waklert-2.png","datePublished":"2020-03-23T12:58:02+00:00","dateModified":"2026-01-25T01:34:03+00:00","description":"Commandez des comprim\u00e9s Waklert 150 mg bon march\u00e9 en ligne aupr\u00e8s du fabricant Sun Pharma. Achetez Waklert (armodafinil) g\u00e9n\u00e9rique avec 23% de r\u00e9duction pour le paiement en Bitcoin \u00e0 la pharmacie BuyModafinilOnline !","breadcrumb":{"@id":"https:\/\/buymodafinilonline.com\/fr\/medicaments-intelligents\/waklert-150-mg-tablets\/#breadcrumb"},"inLanguage":"fr-FR","potentialAction":[{"@type":"ReadAction","target":["https:\/\/buymodafinilonline.com\/fr\/medicaments-intelligents\/waklert-150-mg-tablets\/"]}]},{"@type":"ImageObject","inLanguage":"fr-FR","@id":"https:\/\/buymodafinilonline.com\/fr\/medicaments-intelligents\/waklert-150-mg-tablets\/#primaryimage","url":"https:\/\/buymodafinilonline.com\/wp-content\/uploads\/2020\/04\/product-bmo-waklert-2.png","contentUrl":"https:\/\/buymodafinilonline.com\/wp-content\/uploads\/2020\/04\/product-bmo-waklert-2.png","width":1280,"height":1500,"caption":"Waklert 150 mg"},{"@type":"BreadcrumbList","@id":"https:\/\/buymodafinilonline.com\/fr\/medicaments-intelligents\/waklert-150-mg-tablets\/#breadcrumb","itemListElement":[{"@type":"ListItem","position":1,"name":"Buy Modafinil Online","item":"https:\/\/buymodafinilonline.com\/fr\/"},{"@type":"ListItem","position":2,"name":"Boutique","item":"https:\/\/buymodafinilonline.com\/fr\/boutique\/"},{"@type":"ListItem","position":3,"name":"Best-sellers","item":"https:\/\/buymodafinilonline.com\/fr\/categorie-de-produit\/bestsellers-fr\/"},{"@type":"ListItem","position":4,"name":"Waklert 150 mg"}]},{"@type":"WebSite","@id":"https:\/\/buymodafinilonline.com\/fr\/#website","url":"https:\/\/buymodafinilonline.com\/fr\/","name":"BuyModafinilOnline.com","description":"Modafinil Online Pharmacy","publisher":{"@id":"https:\/\/buymodafinilonline.com\/fr\/#organization"},"potentialAction":[{"@type":"SearchAction","target":{"@type":"EntryPoint","urlTemplate":"https:\/\/buymodafinilonline.com\/fr\/?s={search_term_string}"},"query-input":{"@type":"PropertyValueSpecification","valueRequired":true,"valueName":"search_term_string"}}],"inLanguage":"fr-FR"},{"@type":"Organization","@id":"https:\/\/buymodafinilonline.com\/fr\/#organization","name":"BuyModafinilOnline","url":"https:\/\/buymodafinilonline.com\/fr\/","logo":{"@type":"ImageObject","inLanguage":"fr-FR","@id":"https:\/\/buymodafinilonline.com\/fr\/#\/schema\/logo\/image\/","url":"https:\/\/buymodafinilonline.com\/wp-content\/uploads\/2020\/04\/logo-buy-modafinil-online-yellow.png","contentUrl":"https:\/\/buymodafinilonline.com\/wp-content\/uploads\/2020\/04\/logo-buy-modafinil-online-yellow.png","width":200,"height":200,"caption":"BuyModafinilOnline"},"image":{"@id":"https:\/\/buymodafinilonline.com\/fr\/#\/schema\/logo\/image\/"}}]}},"_links":{"self":[{"href":"https:\/\/buymodafinilonline.com\/fr\/wp-json\/wp\/v2\/product\/454289","targetHints":{"allow":["GET"]}}],"collection":[{"href":"https:\/\/buymodafinilonline.com\/fr\/wp-json\/wp\/v2\/product"}],"about":[{"href":"https:\/\/buymodafinilonline.com\/fr\/wp-json\/wp\/v2\/types\/product"}],"replies":[{"embeddable":true,"href":"https:\/\/buymodafinilonline.com\/fr\/wp-json\/wp\/v2\/comments?post=454289"}],"wp:featuredmedia":[{"embeddable":true,"href":"https:\/\/buymodafinilonline.com\/fr\/wp-json\/wp\/v2\/media\/396359"}],"wp:attachment":[{"href":"https:\/\/buymodafinilonline.com\/fr\/wp-json\/wp\/v2\/media?parent=454289"}],"wp:term":[{"taxonomy":"product_brand","embeddable":true,"href":"https:\/\/buymodafinilonline.com\/fr\/wp-json\/wp\/v2\/product_brand?post=454289"},{"taxonomy":"product_cat","embeddable":true,"href":"https:\/\/buymodafinilonline.com\/fr\/wp-json\/wp\/v2\/product_cat?post=454289"},{"taxonomy":"product_tag","embeddable":true,"href":"https:\/\/buymodafinilonline.com\/fr\/wp-json\/wp\/v2\/product_tag?post=454289"}],"curies":[{"name":"wp","href":"https:\/\/api.w.org\/{rel}","templated":true}]}}