{"id":480302,"date":"2022-01-03T21:38:34","date_gmt":"2022-01-03T20:38:34","guid":{"rendered":"https:\/\/buymodafinilonline.com\/smart-drugs\/modvigil-200-mg-national-usa-to-usa\/"},"modified":"2026-01-20T09:40:29","modified_gmt":"2026-01-20T08:40:29","slug":"modvigil-200-mg-national-usa-to-usa","status":"publish","type":"product","link":"https:\/\/buymodafinilonline.com\/fr\/medicaments-intelligents\/modvigil-200-mg-national-usa-to-usa\/","title":{"rendered":"Modvigil 200 MG &#8211; National (USA to USA)"},"content":{"rendered":"[vc_column width=&#8221;1\/2&#8243;]\n<h2>Qu&#8217;est-ce que Modvigil 200 mg ?<\/h2>\n<p>Modvigil est l&#8217;un des principaux produits g\u00e9n\u00e9riques \u00e0 base de modafinil et est produit par un fabricant pharmaceutique indien nomm\u00e9 HAB Pharma. Le m\u00e9dicament contient le m\u00eame principe actif<a href=\"https:\/\/buymodafinilonline.com\/fr\/cheap\/modafinil-fr\/\">(modafinil<\/a>) et la m\u00eame structure chimique que le <a href=\"https:\/\/buymodafinilonline.com\/smart-drugs\/generic-provigil\/\">Provigil<\/a> de Cephalon, en utilisant les \u00e9nantiom\u00e8res R-(-)- et S-(+)-. Il offre les m\u00eames effets d&#8217;\u00e9veil et les m\u00eames avantages cognitifs que le Provigil, mais \u00e0 un prix nettement inf\u00e9rieur.  <\/p>\n<p>Il est autoris\u00e9 pour traiter les troubles du sommeil dus au travail post\u00e9, \u00e0 la narcolepsie et \u00e0 l&#8217;apn\u00e9e obstructive du sommeil (AOS). En outre, Modvigil est g\u00e9n\u00e9ralement prescrit pour le traitement du trouble d\u00e9ficitaire de l&#8217;attention avec hyperactivit\u00e9 (TDA\/H), la perte de poids, la d\u00e9pression, la fatigue chronique, la maladie d&#8217;Alzheimer et la maladie de Parkinson, etc. En raison de l&#8217;utilisation extensive de Modvigil en dehors de l&#8217;\u00e9tiquetage, sa popularit\u00e9 s&#8217;est accrue au fil des ans, en particulier pour la productivit\u00e9 ou l&#8217;utilisation cognitive.  <\/p>\n<p>En raison des avantages consid\u00e9rables qu&#8217;il offre, il trouve peu \u00e0 peu sa place dans le cartable des \u00e9tudiants et dans les tiroirs des professionnels dont les t\u00e2ches exigent une concentration maximale et des effets sur la mati\u00e8re grise. Bien qu&#8217;il n&#8217;y ait pas de doute sur l&#8217;efficacit\u00e9 de Modvigil 200 mg, il est essentiel de consulter un m\u00e9decin avant d&#8217;entamer un traitement. <\/p>\n<h2>Comment fonctionnent les tablettes<\/h2>\n<p>Son m\u00e9canisme d&#8217;action reste assez flou. Il est reconnu qu&#8217;il agit en augmentant les niveaux de certains neurotransmetteurs tels que la dopamine, l&#8217;histamine, la nor\u00e9phedrine et l&#8217;orexine dans les zones du cerveau qui contr\u00f4lent le cycle veille-sommeil. La capacit\u00e9 de Modvigil \u00e0 augmenter la concentration et la motivation a \u00e9t\u00e9 li\u00e9e \u00e0 sa capacit\u00e9 \u00e0 augmenter les niveaux de dopamine et de nor\u00e9pin\u00e9phrine.  <\/p>\n<h2>Dosage s\u00fbr et utilisation appropri\u00e9e<\/h2>\n<p>Pour le traitement du SAOS et de la somnolence diurne excessive, un seul comprim\u00e9 de Modvigil doit \u00eatre ing\u00e9r\u00e9 au r\u00e9veil, t\u00f4t le matin. Il doit \u00eatre pris avec un verre d&#8217;eau pour s&#8217;assurer que le comprim\u00e9 descend dans l&#8217;\u0153sophage. <\/p>\n<p>Pour les personnes travaillant de nuit, un comprim\u00e9 est ing\u00e9r\u00e9 une heure avant le travail. Modvigil peut \u00eatre pris avec ou sans repas, mais il ne doit pas \u00eatre m\u00e9lang\u00e9 avec de l&#8217;alcool. Il n&#8217;est pas conseill\u00e9 aux personnes allergiques au &#8220;smart tab&#8221; ou \u00e0 d&#8217;autres nootropiques. En cas d&#8217;insuffisance h\u00e9patique s\u00e9v\u00e8re, la dose de Modvigil 200 mg doit \u00eatre r\u00e9duite de moiti\u00e9.   <\/p>\n<p>Il est d\u00e9conseill\u00e9 de prendre plus de 200 mg de ce m\u00e9dicament en une seule journ\u00e9e, \u00e0 moins d&#8217;y \u00eatre invit\u00e9 par un m\u00e9decin. La prise d&#8217;une quantit\u00e9 sup\u00e9rieure augmente le risque d&#8217;effets n\u00e9gatifs. Consultez un m\u00e9decin avant de commencer un traitement avec Modvigil.  <\/p>\n<h2>Les effets secondaires possibles<\/h2>\n<p>Modvigil est tr\u00e8s efficace, tol\u00e9rable et pr\u00e9sente peu de risques d&#8217;effets n\u00e9gatifs lorsqu&#8217;il est pris conform\u00e9ment \u00e0 la prescription d&#8217;un m\u00e9decin. N\u00e9anmoins, en raison de l&#8217;hypersensibilit\u00e9 de certains individus, des r\u00e9actions n\u00e9gatives courantes peuvent survenir.  En voici quelques-unes :<\/p>\n<ul>\n<li>perte d&#8217;app\u00e9tit;<\/li>\n<li>des sautes d&#8217;humeur ;<\/li>\n<li>la naus\u00e9e ;<\/li>\n<li>la d\u00e9shydratation et la soif ;<\/li>\n<li>mal de t\u00eate ;<\/li>\n<li>des vertiges ;<\/li>\n<li>l&#8217;insomnie ;<\/li>\n<li>l&#8217;anxi\u00e9t\u00e9.<\/li>\n<\/ul>\n<p>Dans de tr\u00e8s rares cas, des effets n\u00e9gatifs plus graves peuvent r\u00e9sulter de l&#8217;utilisation de Modvigil. Ils comprennent :<\/p>\n<ul>\n<li>un rythme cardiaque irr\u00e9gulier ;<\/li>\n<li>des probl\u00e8mes de vue ;<\/li>\n<li>frissons ;<\/li>\n<li>des vomissements ;<\/li>\n<li>tremblant ;<\/li>\n<li>la perte de m\u00e9moire.<\/li>\n<\/ul>\n[\/vc_column][vc_column width=&#8221;1\/2&#8243;]\n<p>Il ne s\u2019agit pas d\u2019une liste exhaustive des effets n\u00e9gatifs possibles. Cessez d&#8217;utiliser ce m\u00e9dicament et consultez obligatoirement un m\u00e9decin en cas d&#8217;effets n\u00e9gatifs graves et durables. N&#8217;utilisez pas de machines et ne conduisez pas si vous n&#8217;\u00eates pas s\u00fbr de votre r\u00e9action. Si ces effets n\u00e9gatifs se manifestent et vous g\u00eanent m\u00eame apr\u00e8s l&#8217;arr\u00eat de l&#8217;utilisation ou s&#8217;ils ne diminuent pas, consultez votre m\u00e9decin pour obtenir de l&#8217;aide.  <\/p>\n<h2>Contre-indications et mises en garde<\/h2>\n<p>Modvigil 200 mg est en effet sans danger s&#8217;il est ing\u00e9r\u00e9 ind\u00e9pendamment, sans \u00eatre associ\u00e9 \u00e0 d&#8217;autres m\u00e9dicaments. Veillez toujours \u00e0 fournir une liste compl\u00e8te des m\u00e9dicaments (avec ou sans ordonnance) ou des rem\u00e8des \u00e0 base de plantes que vous utilisez \u00e0 un m\u00e9decin pour qu&#8217;il les \u00e9value avant de prendre le &#8220;smart tab&#8221;. Bien que les risques probables ne soient pas connus, il est d\u00e9conseill\u00e9 aux femmes enceintes et \u00e0 celles qui allaitent d&#8217;utiliser un &#8220;smart tab&#8221;. Si cela est n\u00e9cessaire, un m\u00e9decin devrait discuter des risques et des avantages avant de prendre Modvigil 200 mg.   <\/p>\n<p>Les interactions possibles avec d&#8217;autres m\u00e9dicaments comprennent:<\/p>\n<ul>\n<li>anticoagulants comme la warfarine;<\/li>\n<li>m\u00e9dicaments contraceptifs;<\/li>\n<li>Inhibiteurs de MAO;<\/li>\n<li>Substrats CYP3A4 \/ 5 et CYP2C19;<\/li>\n<li>Stimulants du SNC et autres.<\/li>\n<\/ul>\n<p>Une interaction avec une maladie peut \u00e9galement se produire. Informez votre m\u00e9decin de votre \u00e9tat de sant\u00e9, notamment en cas d&#8217;insuffisance r\u00e9nale ou h\u00e9patique, de maladie cardiaque ou d&#8217;ant\u00e9c\u00e9dents de crises d&#8217;\u00e9pilepsie, avant de prendre Modvigil med. Ce m\u00e9dicament fonctionne bien avec la plupart des aliments, mais les repas gras peuvent retarder le d\u00e9but de son action. Il n&#8217;est pas conseill\u00e9 de le combiner avec de l&#8217;alcool, car cela peut augmenter le risque d&#8217;alt\u00e9ration du jugement, de somnolence et de vertiges, entre autres effets n\u00e9gatifs inhabituels.   <\/p>\n<h2>Exp\u00e9rience consommateur<\/h2>\n<p>Comme la plupart des autres &#8220;comprim\u00e9s intelligents&#8221; disponibles \u00e0 la vente sur le march\u00e9, la pilule Modvigil offre de nombreux avantages. N\u00e9anmoins, ce qui la distingue des autres m\u00e9dicaments, c&#8217;est qu&#8217;elle pr\u00e9sente moins de risques d&#8217;effets n\u00e9gatifs. <\/p>\n<p>Jusqu&#8217;\u00e0 pr\u00e9sent, les t\u00e9moignages et les avis des utilisateurs de Modvigil ont \u00e9t\u00e9 positifs. Une majorit\u00e9 d&#8217;adeptes du &#8220;smart tab&#8221; ont attest\u00e9 qu&#8217;il am\u00e9liore la concentration, l&#8217;acuit\u00e9 mentale et la m\u00e9moire, et qu&#8217;il augmente l&#8217;\u00e9nergie sans provoquer de chute brutale comme avec la caf\u00e9ine. Commandez Modvigil 200 mg aujourd&#8217;hui et faites part de votre exp\u00e9rience apr\u00e8s l&#8217;avoir utilis\u00e9.  <\/p>\n<h2>Buy G\u00e9n\u00e9rique Modvigil 200mg (Modafinil) with Fast Shipping in the USA<\/h2>\n<p><a href=\"https:\/\/buymodafinilonline.com\/fr\/\">BuyModafinilOnline<\/a> (BMO) est une pharmacie en ligne associ\u00e9e \u00e0 la facilit\u00e9, au faible prix des m\u00e9dicaments, aux remises importantes et \u00e0 la <a href=\"https:\/\/buymodafinilonline.com\/fr\/meilleur-fournisseur-france\/\">livraison garantie<\/a>. Si vous avez besoin de Modvigil au meilleur prix possible, notre pharmacie en ligne est votre interlocuteur unique. <\/p>\n<p>Outre Modvigil, nous avons en effet une grande vari\u00e9t\u00e9 d&#8217;autres &#8220;smart tabs&#8221; \u00e0 vendre comme <a href=\"https:\/\/buymodafinilonline.com\/fr\/medicaments-intelligents\/waklert-150-mg-national-usa-to-usa\/\">Waklert<\/a>, <a href=\"https:\/\/buymodafinilonline.com\/fr\/medicaments-intelligents\/modavinil-200-mg\/\">Modavinil<\/a>, <a href=\"https:\/\/buymodafinilonline.com\/smart-drugs\/vilafinil-200mg-tablets\/\">Vilafinil<\/a>, <a href=\"https:\/\/buymodafinilonline.com\/fr\/medicaments-intelligents\/modalert-200-mg-national-usa-to-usa\/\">Modalert<\/a>, <a href=\"https:\/\/buymodafinilonline.com\/smart-drugs\/modawake-200-mg-tablets\/\">Modawake<\/a>, <a href=\"https:\/\/buymodafinilonline.com\/smart-drugs\/modaheal-200-mg-tablets\/\">Modaheal<\/a>, etc. Nous offrons des <a href=\"https:\/\/buymodafinilonline.com\/coupons-deals-promo-codes\/\">r\u00e9ductions<\/a> incroyables par le biais de codes de r\u00e9duction et de bons d&#8217;achat. Sur BuyModafinilOnline (BMO), vous pouvez r\u00e9gler avec une <a href=\"https:\/\/buymodafinilonline.com\/billing-credit-card-faq\/\">carte de cr\u00e9dit<\/a> et PayPal. Nous acceptons \u00e9galement les crypto-monnaies et r\u00e9compensons m\u00eame ceux qui les utilisent avec une <a href=\"https:\/\/buymodafinilonline.com\/bitcoin-payment\/\">r\u00e9duction de 23%<\/a>.   <\/p>\n<p>Achetez maintenant et recevez ce m\u00e9dicament \u00e0 votre porte aux \u00c9tats-Unis en utilisant cette option d&#8217;exp\u00e9dition prioritaire des \u00c9tats-Unis aux \u00c9tats-Unis qui prend seulement 3-4 jours ouvrables ou 5-7 jours calendaires en utilisant USPS Priority Mail. Cette option d&#8217;exp\u00e9dition est la plus rapide, vous pouvez m\u00eame obtenir une <a href=\"https:\/\/buymodafinilonline.com\/us-domestic-delivery\/\">livraison rapide de modafinil le lendemain<\/a> ou le jour suivant. <\/p>\n<p>La commande de Modvigil 150 mg \u00e0 l&#8217;adresse des \u00c9tats-Unis est livr\u00e9e sans probl\u00e8me. Il n&#8217;y a pas de contr\u00f4le douanier, contrairement \u00e0 ce qui se passe lorsque vous commandez depuis l&#8217;Inde et que vous faites exp\u00e9dier votre colis \u00e0 l&#8217;adresse des \u00c9tats-Unis, ce qui, dans de rares cas, entra\u00eene la saisie du colis aux fronti\u00e8res douani\u00e8res. L&#8217;avantage d&#8217;utiliser la livraison nationale des \u00c9tats-Unis aux \u00c9tats-Unis est que le client chanceux obtient une livraison instantan\u00e9e &#8211; certains peuvent b\u00e9n\u00e9ficier d&#8217;une livraison de nuit en fonction de leur situation g\u00e9ographique.<\/p>\n[\/vc_column]\n","protected":false},"excerpt":{"rendered":"<p>&#8211; L&#8217;option d&#8217;exp\u00e9dition nationale des \u00c9tats-Unis aux \u00c9tats-Unis est maintenant disponible<br \/>\n&#8211; D\u00e9lai de livraison de 3 \u00e0 4 jours ouvrables par courrier prioritaire USPS*<br \/>\n&#8211; Ne peut \u00eatre m\u00e9lang\u00e9 avec d&#8217;autres produits non domestiques<br \/>\n&#8211; Toutes les commandes nationales sont accompagn\u00e9es d&#8217;un ensemble de 20 \u00e9chantillons gratuits<br \/>\n&#8211; Vous payez pour une livraison super rapide, sans probl\u00e8me et sans probl\u00e8me de douane.<\/p>\n<p><em>*after receiving your tracking number.Test Edit. Please allow up to 24 hours for your order to process, and an additional 2-3 days to be shipped out.Test Edit.<\/em><\/p>\n<p>Modvigil 200 mg contient du modafinil comme ingr\u00e9dient actif. Fabriqu\u00e9 par HAB Pharma, un laboratoire pharmaceutique indien, il est utilis\u00e9 pour favoriser l&#8217;\u00e9veil chez les patients souffrant de somnolence excessive pendant la journ\u00e9e ou sur le lieu de travail en raison de troubles du sommeil. Il est \u00e9galement utilis\u00e9 pour traiter d&#8217;autres probl\u00e8mes de sant\u00e9 et est largement utilis\u00e9 en dehors de l&#8217;\u00e9tiquetage par des personnes en bonne sant\u00e9 pour augmenter leur productivit\u00e9 et leurs facult\u00e9s cognitives.  <\/p>\n<p>Modvigil est le m\u00e9dicament g\u00e9n\u00e9rique modafinil le moins cher du march\u00e9. Achetez ce modafinil am\u00e9ricain dans notre pharmacie en ligne au prix le plus bas avec des remises et des codes de r\u00e9duction, ou obtenez des \u00e9chantillons gratuits de nos best-sellers &#8220;smart tabs&#8221; pour tester leur efficacit\u00e9. <\/p>\n","protected":false},"featured_media":433348,"comment_status":"closed","ping_status":"closed","template":"","meta":{"_acf_changed":false},"product_brand":[],"product_cat":[8917],"product_tag":[3850],"class_list":{"0":"post-480302","1":"product","2":"type-product","3":"status-publish","4":"has-post-thumbnail","6":"product_cat-us-domestic-shipping-fr","7":"product_tag-modafinil-fr","9":"first","10":"instock","11":"sale","12":"shipping-taxable","13":"purchasable","14":"product-type-variable","15":"has-default-attributes"},"acf":[],"yoast_head":"<!-- This site is optimized with the Yoast SEO Premium plugin v23.6 (Yoast SEO v27.3) - https:\/\/yoast.com\/product\/yoast-seo-premium-wordpress\/ -->\n<title>Commandez Modvigil 200 MG Tablets via USPS Overnight Domestic Shipping<\/title>\n<meta name=\"description\" content=\"Buy Modvigil 200 MG Pills Online with Fastest Overnight Shipping via Domestic USPS Mail and Get Speedy US Dispatch that takes 3-4 Days via Direct Local Shipping Option. Enjoy the Biggest 23% Discount for Bitcoin and Crypto Payment at BuyModafinilOnline Pharmacy.Test Edit.\" \/>\n<meta name=\"robots\" content=\"index, follow, max-snippet:-1, max-image-preview:large, max-video-preview:-1\" \/>\n<link rel=\"canonical\" href=\"https:\/\/buymodafinilonline.com\/fr\/medicaments-intelligents\/modvigil-200-mg-national-usa-to-usa\/\" \/>\n<meta property=\"og:locale\" content=\"fr_FR\" \/>\n<meta property=\"og:type\" content=\"article\" \/>\n<meta property=\"og:title\" content=\"Modvigil 200 MG - National (USA to USA)\" \/>\n<meta property=\"og:description\" content=\"Buy Modvigil 200 MG Pills Online with Fastest Overnight Shipping via Domestic USPS Mail and Get Speedy US Dispatch that takes 3-4 Days via Direct Local Shipping Option. Enjoy the Biggest 23% Discount for Bitcoin and Crypto Payment at BuyModafinilOnline Pharmacy.Test Edit.\" \/>\n<meta property=\"og:url\" content=\"https:\/\/buymodafinilonline.com\/fr\/medicaments-intelligents\/modvigil-200-mg-national-usa-to-usa\/\" \/>\n<meta property=\"og:site_name\" content=\"BuyModafinilOnline.com\" \/>\n<meta property=\"article:modified_time\" content=\"2026-01-20T08:40:29+00:00\" \/>\n<meta property=\"og:image\" content=\"https:\/\/buymodafinilonline.com\/wp-content\/uploads\/2022\/01\/bmo-product-modvigil-domestic.png\" \/>\n\t<meta property=\"og:image:width\" content=\"1280\" \/>\n\t<meta property=\"og:image:height\" content=\"1500\" \/>\n\t<meta property=\"og:image:type\" content=\"image\/png\" \/>\n<meta name=\"twitter:label1\" content=\"Dur\u00e9e de lecture estim\u00e9e\" \/>\n\t<meta name=\"twitter:data1\" content=\"7 minutes\" \/>\n<script type=\"application\/ld+json\" class=\"yoast-schema-graph\">{\"@context\":\"https:\\\/\\\/schema.org\",\"@graph\":[{\"@type\":\"WebPage\",\"@id\":\"https:\\\/\\\/buymodafinilonline.com\\\/fr\\\/medicaments-intelligents\\\/modvigil-200-mg-national-usa-to-usa\\\/\",\"url\":\"https:\\\/\\\/buymodafinilonline.com\\\/fr\\\/medicaments-intelligents\\\/modvigil-200-mg-national-usa-to-usa\\\/\",\"name\":\"Commandez Modvigil 200 MG Tablets via USPS Overnight Domestic Shipping\",\"isPartOf\":{\"@id\":\"https:\\\/\\\/buymodafinilonline.com\\\/fr\\\/#website\"},\"primaryImageOfPage\":{\"@id\":\"https:\\\/\\\/buymodafinilonline.com\\\/fr\\\/medicaments-intelligents\\\/modvigil-200-mg-national-usa-to-usa\\\/#primaryimage\"},\"image\":{\"@id\":\"https:\\\/\\\/buymodafinilonline.com\\\/fr\\\/medicaments-intelligents\\\/modvigil-200-mg-national-usa-to-usa\\\/#primaryimage\"},\"thumbnailUrl\":\"https:\\\/\\\/buymodafinilonline.com\\\/wp-content\\\/uploads\\\/2022\\\/01\\\/bmo-product-modvigil-domestic.png\",\"datePublished\":\"2022-01-03T20:38:34+00:00\",\"dateModified\":\"2026-01-20T08:40:29+00:00\",\"description\":\"Buy Modvigil 200 MG Pills Online with Fastest Overnight Shipping via Domestic USPS Mail and Get Speedy US Dispatch that takes 3-4 Days via Direct Local Shipping Option. Enjoy the Biggest 23% Discount for Bitcoin and Crypto Payment at BuyModafinilOnline Pharmacy.Test Edit.\",\"breadcrumb\":{\"@id\":\"https:\\\/\\\/buymodafinilonline.com\\\/fr\\\/medicaments-intelligents\\\/modvigil-200-mg-national-usa-to-usa\\\/#breadcrumb\"},\"inLanguage\":\"fr-FR\",\"potentialAction\":[{\"@type\":\"ReadAction\",\"target\":[\"https:\\\/\\\/buymodafinilonline.com\\\/fr\\\/medicaments-intelligents\\\/modvigil-200-mg-national-usa-to-usa\\\/\"]}]},{\"@type\":\"ImageObject\",\"inLanguage\":\"fr-FR\",\"@id\":\"https:\\\/\\\/buymodafinilonline.com\\\/fr\\\/medicaments-intelligents\\\/modvigil-200-mg-national-usa-to-usa\\\/#primaryimage\",\"url\":\"https:\\\/\\\/buymodafinilonline.com\\\/wp-content\\\/uploads\\\/2022\\\/01\\\/bmo-product-modvigil-domestic.png\",\"contentUrl\":\"https:\\\/\\\/buymodafinilonline.com\\\/wp-content\\\/uploads\\\/2022\\\/01\\\/bmo-product-modvigil-domestic.png\",\"width\":1280,\"height\":1500,\"caption\":\"Modvigil 200 MG with Domestic USPS Shipping & Local USA to USA Dispatch\"},{\"@type\":\"BreadcrumbList\",\"@id\":\"https:\\\/\\\/buymodafinilonline.com\\\/fr\\\/medicaments-intelligents\\\/modvigil-200-mg-national-usa-to-usa\\\/#breadcrumb\",\"itemListElement\":[{\"@type\":\"ListItem\",\"position\":1,\"name\":\"Buy Modafinil Online\",\"item\":\"https:\\\/\\\/buymodafinilonline.com\\\/fr\\\/\"},{\"@type\":\"ListItem\",\"position\":2,\"name\":\"Boutique\",\"item\":\"https:\\\/\\\/buymodafinilonline.com\\\/fr\\\/boutique\\\/\"},{\"@type\":\"ListItem\",\"position\":3,\"name\":\"US Domestic Shipping\",\"item\":\"https:\\\/\\\/buymodafinilonline.com\\\/fr\\\/categorie-de-produit\\\/us-domestic-shipping-fr\\\/\"},{\"@type\":\"ListItem\",\"position\":4,\"name\":\"Modvigil 200 MG &#8211; National (USA to USA)\"}]},{\"@type\":\"WebSite\",\"@id\":\"https:\\\/\\\/buymodafinilonline.com\\\/fr\\\/#website\",\"url\":\"https:\\\/\\\/buymodafinilonline.com\\\/fr\\\/\",\"name\":\"BuyModafinilOnline.com\",\"description\":\"Modafinil Online Pharmacy\",\"publisher\":{\"@id\":\"https:\\\/\\\/buymodafinilonline.com\\\/fr\\\/#organization\"},\"potentialAction\":[{\"@type\":\"SearchAction\",\"target\":{\"@type\":\"EntryPoint\",\"urlTemplate\":\"https:\\\/\\\/buymodafinilonline.com\\\/fr\\\/?s={search_term_string}\"},\"query-input\":{\"@type\":\"PropertyValueSpecification\",\"valueRequired\":true,\"valueName\":\"search_term_string\"}}],\"inLanguage\":\"fr-FR\"},{\"@type\":\"Organization\",\"@id\":\"https:\\\/\\\/buymodafinilonline.com\\\/fr\\\/#organization\",\"name\":\"BuyModafinilOnline\",\"url\":\"https:\\\/\\\/buymodafinilonline.com\\\/fr\\\/\",\"logo\":{\"@type\":\"ImageObject\",\"inLanguage\":\"fr-FR\",\"@id\":\"https:\\\/\\\/buymodafinilonline.com\\\/fr\\\/#\\\/schema\\\/logo\\\/image\\\/\",\"url\":\"https:\\\/\\\/buymodafinilonline.com\\\/wp-content\\\/uploads\\\/2020\\\/04\\\/logo-buy-modafinil-online-yellow.png\",\"contentUrl\":\"https:\\\/\\\/buymodafinilonline.com\\\/wp-content\\\/uploads\\\/2020\\\/04\\\/logo-buy-modafinil-online-yellow.png\",\"width\":200,\"height\":200,\"caption\":\"BuyModafinilOnline\"},\"image\":{\"@id\":\"https:\\\/\\\/buymodafinilonline.com\\\/fr\\\/#\\\/schema\\\/logo\\\/image\\\/\"}}]}<\/script>\n<!-- \/ Yoast SEO Premium plugin. -->","yoast_head_json":{"title":"Commandez Modvigil 200 MG Tablets via USPS Overnight Domestic Shipping","description":"Buy Modvigil 200 MG Pills Online with Fastest Overnight Shipping via Domestic USPS Mail and Get Speedy US Dispatch that takes 3-4 Days via Direct Local Shipping Option. Enjoy the Biggest 23% Discount for Bitcoin and Crypto Payment at BuyModafinilOnline Pharmacy.Test Edit.","robots":{"index":"index","follow":"follow","max-snippet":"max-snippet:-1","max-image-preview":"max-image-preview:large","max-video-preview":"max-video-preview:-1"},"canonical":"https:\/\/buymodafinilonline.com\/fr\/medicaments-intelligents\/modvigil-200-mg-national-usa-to-usa\/","og_locale":"fr_FR","og_type":"article","og_title":"Modvigil 200 MG - National (USA to USA)","og_description":"Buy Modvigil 200 MG Pills Online with Fastest Overnight Shipping via Domestic USPS Mail and Get Speedy US Dispatch that takes 3-4 Days via Direct Local Shipping Option. Enjoy the Biggest 23% Discount for Bitcoin and Crypto Payment at BuyModafinilOnline Pharmacy.Test Edit.","og_url":"https:\/\/buymodafinilonline.com\/fr\/medicaments-intelligents\/modvigil-200-mg-national-usa-to-usa\/","og_site_name":"BuyModafinilOnline.com","article_modified_time":"2026-01-20T08:40:29+00:00","og_image":[{"width":1280,"height":1500,"url":"https:\/\/buymodafinilonline.com\/wp-content\/uploads\/2022\/01\/bmo-product-modvigil-domestic.png","type":"image\/png"}],"twitter_misc":{"Dur\u00e9e de lecture estim\u00e9e":"7 minutes"},"schema":{"@context":"https:\/\/schema.org","@graph":[{"@type":"WebPage","@id":"https:\/\/buymodafinilonline.com\/fr\/medicaments-intelligents\/modvigil-200-mg-national-usa-to-usa\/","url":"https:\/\/buymodafinilonline.com\/fr\/medicaments-intelligents\/modvigil-200-mg-national-usa-to-usa\/","name":"Commandez Modvigil 200 MG Tablets via USPS Overnight Domestic Shipping","isPartOf":{"@id":"https:\/\/buymodafinilonline.com\/fr\/#website"},"primaryImageOfPage":{"@id":"https:\/\/buymodafinilonline.com\/fr\/medicaments-intelligents\/modvigil-200-mg-national-usa-to-usa\/#primaryimage"},"image":{"@id":"https:\/\/buymodafinilonline.com\/fr\/medicaments-intelligents\/modvigil-200-mg-national-usa-to-usa\/#primaryimage"},"thumbnailUrl":"https:\/\/buymodafinilonline.com\/wp-content\/uploads\/2022\/01\/bmo-product-modvigil-domestic.png","datePublished":"2022-01-03T20:38:34+00:00","dateModified":"2026-01-20T08:40:29+00:00","description":"Buy Modvigil 200 MG Pills Online with Fastest Overnight Shipping via Domestic USPS Mail and Get Speedy US Dispatch that takes 3-4 Days via Direct Local Shipping Option. Enjoy the Biggest 23% Discount for Bitcoin and Crypto Payment at BuyModafinilOnline Pharmacy.Test Edit.","breadcrumb":{"@id":"https:\/\/buymodafinilonline.com\/fr\/medicaments-intelligents\/modvigil-200-mg-national-usa-to-usa\/#breadcrumb"},"inLanguage":"fr-FR","potentialAction":[{"@type":"ReadAction","target":["https:\/\/buymodafinilonline.com\/fr\/medicaments-intelligents\/modvigil-200-mg-national-usa-to-usa\/"]}]},{"@type":"ImageObject","inLanguage":"fr-FR","@id":"https:\/\/buymodafinilonline.com\/fr\/medicaments-intelligents\/modvigil-200-mg-national-usa-to-usa\/#primaryimage","url":"https:\/\/buymodafinilonline.com\/wp-content\/uploads\/2022\/01\/bmo-product-modvigil-domestic.png","contentUrl":"https:\/\/buymodafinilonline.com\/wp-content\/uploads\/2022\/01\/bmo-product-modvigil-domestic.png","width":1280,"height":1500,"caption":"Modvigil 200 MG with Domestic USPS Shipping & Local USA to USA Dispatch"},{"@type":"BreadcrumbList","@id":"https:\/\/buymodafinilonline.com\/fr\/medicaments-intelligents\/modvigil-200-mg-national-usa-to-usa\/#breadcrumb","itemListElement":[{"@type":"ListItem","position":1,"name":"Buy Modafinil Online","item":"https:\/\/buymodafinilonline.com\/fr\/"},{"@type":"ListItem","position":2,"name":"Boutique","item":"https:\/\/buymodafinilonline.com\/fr\/boutique\/"},{"@type":"ListItem","position":3,"name":"US Domestic Shipping","item":"https:\/\/buymodafinilonline.com\/fr\/categorie-de-produit\/us-domestic-shipping-fr\/"},{"@type":"ListItem","position":4,"name":"Modvigil 200 MG &#8211; National (USA to USA)"}]},{"@type":"WebSite","@id":"https:\/\/buymodafinilonline.com\/fr\/#website","url":"https:\/\/buymodafinilonline.com\/fr\/","name":"BuyModafinilOnline.com","description":"Modafinil Online Pharmacy","publisher":{"@id":"https:\/\/buymodafinilonline.com\/fr\/#organization"},"potentialAction":[{"@type":"SearchAction","target":{"@type":"EntryPoint","urlTemplate":"https:\/\/buymodafinilonline.com\/fr\/?s={search_term_string}"},"query-input":{"@type":"PropertyValueSpecification","valueRequired":true,"valueName":"search_term_string"}}],"inLanguage":"fr-FR"},{"@type":"Organization","@id":"https:\/\/buymodafinilonline.com\/fr\/#organization","name":"BuyModafinilOnline","url":"https:\/\/buymodafinilonline.com\/fr\/","logo":{"@type":"ImageObject","inLanguage":"fr-FR","@id":"https:\/\/buymodafinilonline.com\/fr\/#\/schema\/logo\/image\/","url":"https:\/\/buymodafinilonline.com\/wp-content\/uploads\/2020\/04\/logo-buy-modafinil-online-yellow.png","contentUrl":"https:\/\/buymodafinilonline.com\/wp-content\/uploads\/2020\/04\/logo-buy-modafinil-online-yellow.png","width":200,"height":200,"caption":"BuyModafinilOnline"},"image":{"@id":"https:\/\/buymodafinilonline.com\/fr\/#\/schema\/logo\/image\/"}}]}},"_links":{"self":[{"href":"https:\/\/buymodafinilonline.com\/fr\/wp-json\/wp\/v2\/product\/480302","targetHints":{"allow":["GET"]}}],"collection":[{"href":"https:\/\/buymodafinilonline.com\/fr\/wp-json\/wp\/v2\/product"}],"about":[{"href":"https:\/\/buymodafinilonline.com\/fr\/wp-json\/wp\/v2\/types\/product"}],"replies":[{"embeddable":true,"href":"https:\/\/buymodafinilonline.com\/fr\/wp-json\/wp\/v2\/comments?post=480302"}],"wp:featuredmedia":[{"embeddable":true,"href":"https:\/\/buymodafinilonline.com\/fr\/wp-json\/wp\/v2\/media\/433348"}],"wp:attachment":[{"href":"https:\/\/buymodafinilonline.com\/fr\/wp-json\/wp\/v2\/media?parent=480302"}],"wp:term":[{"taxonomy":"product_brand","embeddable":true,"href":"https:\/\/buymodafinilonline.com\/fr\/wp-json\/wp\/v2\/product_brand?post=480302"},{"taxonomy":"product_cat","embeddable":true,"href":"https:\/\/buymodafinilonline.com\/fr\/wp-json\/wp\/v2\/product_cat?post=480302"},{"taxonomy":"product_tag","embeddable":true,"href":"https:\/\/buymodafinilonline.com\/fr\/wp-json\/wp\/v2\/product_tag?post=480302"}],"curies":[{"name":"wp","href":"https:\/\/api.w.org\/{rel}","templated":true}]}}