{"id":480321,"date":"2022-01-03T23:08:06","date_gmt":"2022-01-03T22:08:06","guid":{"rendered":"https:\/\/buymodafinilonline.com\/smart-drugs\/modalert-200-mg-national-usa-to-usa\/"},"modified":"2026-01-22T11:01:13","modified_gmt":"2026-01-22T10:01:13","slug":"modalert-200-mg-national-usa-to-usa","status":"publish","type":"product","link":"https:\/\/buymodafinilonline.com\/fr\/medicaments-intelligents\/modalert-200-mg-national-usa-to-usa\/","title":{"rendered":"Modalert 200 MG &#8211; National (USA to USA)"},"content":{"rendered":"[vc_column width=&#8221;1\/2&#8243;]\n<h2>Qu&#8217;est-ce que Modalert 200 mg ?<\/h2>\n<p>Le <a href=\"https:\/\/buymodafinilonline.com\/fr\/cheap\/modafinil-fr\/\">modafinil<\/a> est un stimulant exceptionnel. Il est de longue dur\u00e9e, tr\u00e8s s\u00fbr et extr\u00eamement influent. Il s&#8217;agit d&#8217;un eugeroic, c&#8217;est-\u00e0-dire d&#8217;un agent favorisant l&#8217;\u00e9veil, autoris\u00e9 par la Food and Drug Administration (FDA) pour le traitement des troubles du sommeil li\u00e9s au travail post\u00e9, de la narcolepsie et de l&#8217;apn\u00e9e obstructive du sommeil (AOS). Modalert est \u00e9galement r\u00e9guli\u00e8rement prescrit par des m\u00e9decins pour le traitement du d\u00e9calage horaire, des maladies de Parkinson et d&#8217;Alzheimer, du trouble d\u00e9ficitaire de l&#8217;attention avec hyperactivit\u00e9, de la fatigue chronique, de la d\u00e9pression et d&#8217;autres affections. Il est \u00e9galement largement utilis\u00e9 par des personnes en bonne sant\u00e9 de tous horizons pour am\u00e9liorer les capacit\u00e9s cognitives et, en fin de compte, augmenter la productivit\u00e9.    <\/p>\n<h2>Comment fonctionnent les tablettes<\/h2>\n<p>Modalert agit sur certains neurotransmetteurs du cerveau, notamment l&#8217;histamine, la dopamine, l&#8217;orexine, la s\u00e9rotonine et la noradr\u00e9naline. L&#8217;histamine favorise l&#8217;apprentissage, la m\u00e9moire, le bonheur et la motivation et r\u00e9gule l&#8217;agressivit\u00e9 ainsi que la qualit\u00e9 de l&#8217;\u00e9veil. L&#8217;orexine r\u00e9gule le cycle veille-sommeil. La dopamine joue un r\u00f4le essentiel dans la fa\u00e7on dont vous pensez, ressentez du plaisir et planifiez. Elle aide \u00e9galement les individus \u00e0 rester concentr\u00e9s et tr\u00e8s motiv\u00e9s, et r\u00e9gule le sommeil et l&#8217;\u00e9veil. En augmentant les niveaux de ces substances chimiques, Modalert 200 mg tab fait beaucoup de choses en plus de favoriser l&#8217;\u00e9veil.     <\/p>\n<h2>Dosage s\u00fbr et utilisation appropri\u00e9e<\/h2>\n<p>Modalert 200 mg est la dose standard conseill\u00e9e pour la plupart des utilisateurs. Le comprim\u00e9 doit \u00eatre pris une fois par jour et le moment de l&#8217;administration d\u00e9pend certainement de l&#8217;affection trait\u00e9e : <\/p>\n<ul>\n<li>pour le SAOS et la narcolepsie, Modalert est ing\u00e9r\u00e9 t\u00f4t le matin ;<\/li>\n<li>pour SWSD, prendre un comprim\u00e9 environ une heure avant le d\u00e9but du poste de travail ; <\/li>\n<li>pour le traitement d&#8217;autres troubles du sommeil, l&#8217;am\u00e9lioration cognitive, le TDAH, la d\u00e9pression, etc., le m\u00e9dicament doit \u00eatre utilis\u00e9 selon la prescription d&#8217;un m\u00e9decin.<\/li>\n<\/ul>\n<p>En guise de conseil, \u00e9vitez l&#8217;autom\u00e9dication. Il est prudent de consulter votre m\u00e9decin pour conna\u00eetre la posologie s\u00fbre du modafinil, y compris l&#8217;ajustement de la dose en fonction de votre \u00e9tat de sant\u00e9. Pensez que des doses plus faibles de modafinil (en fractionnant la pilule) peuvent \u00eatre n\u00e9cessaires pour traiter les patients souffrant de troubles g\u00e9riatriques et h\u00e9patiques. Modalert doit \u00eatre aval\u00e9 avec un verre d&#8217;eau et peut \u00eatre pris avec ou sans nourriture.   <\/p>\n<h2>Les effets secondaires possibles<\/h2>\n<p>Comme tout m\u00e9dicament, Modalert est accompagn\u00e9 d&#8217;effets n\u00e9gatifs qui peuvent \u00eatre l\u00e9gers ou graves. Notez que les effets secondaires ne touchent pas tous les utilisateurs de &#8220;smart drugs&#8221;. Certaines personnes ne les ressentent pas, mais si c&#8217;est le cas, ces sympt\u00f4mes sont l\u00e9gers et disparaissent g\u00e9n\u00e9ralement apr\u00e8s un certain temps. Les risques de r\u00e9actions ind\u00e9sirables d\u00e9pendent fortement de l&#8217;\u00e9tat de sant\u00e9 g\u00e9n\u00e9ral, du poids, de l&#8217;\u00e2ge et du sexe.<\/p>\n<p>Voici quelques-uns des effets n\u00e9gatifs les plus fr\u00e9quents :<\/p>\n<ul>\n<li>un nez bouch\u00e9 ou qui coule ;<\/li>\n<li>mal de dos ;<\/li>\n<li>l&#8217;indigestion ;<\/li>\n<li>des vertiges ;<\/li>\n<li>des difficult\u00e9s \u00e0 dormir ;<\/li>\n<li>la diarrh\u00e9e ;<\/li>\n<li>la nervosit\u00e9 ;<\/li>\n<li>douleur \u00e0 la t\u00eate ;<\/li>\n<li>la naus\u00e9e.<\/li>\n<\/ul>\n<p>Les rares effets n\u00e9gatifs qui peuvent \u00eatre graves sont les suivants :<\/p>\n<ul>\n<li>\u00e9ruption cutan\u00e9e ;<\/li>\n<li>des probl\u00e8mes mentaux ;<\/li>\n<li>des urines sanguinolentes ;<\/li>\n<li>ruches ;<\/li>\n<li>comportement hyperactif ;<\/li>\n<li>un rythme cardiaque anormal ;<\/li>\n<li>des difficult\u00e9s \u00e0 respirer ;<\/li>\n<li>des pens\u00e9es suicidaires.<\/li>\n<\/ul>\n<p>Il ne s&#8217;agit pas d&#8217;une liste exhaustive des effets n\u00e9gatifs. Certains effets n\u00e9gatifs peuvent \u00eatre graves, en fonction de votre \u00e9tat de sant\u00e9. Un m\u00e9decin sp\u00e9cialiste doit \u00e9valuer votre \u00e9tat de sant\u00e9 (probl\u00e8mes h\u00e9patiques, cardiaques, etc.) avant de vous prescrire Modalert 200 mg tab.<\/p>\n[\/vc_column][vc_column width=&#8221;1\/2&#8243;]\n<p>Surveillez toujours votre \u00e9tat de sant\u00e9 g\u00e9n\u00e9ral lorsque vous prenez Modalert. Si vous pr\u00e9sentez des sympt\u00f4mes \u00e9tranges, informez-en imm\u00e9diatement votre m\u00e9decin. <\/p>\n<h2>Contre-indications et mises en garde<\/h2>\n<p>Prenez toujours les pr\u00e9cautions indiqu\u00e9es par un m\u00e9decin et suivez les instructions figurant sur la notice du m\u00e9dicament. Il est primordial de v\u00e9rifier s&#8217;il y a interaction avec d&#8217;autres m\u00e9dicaments que vous utilisez \u00e0 ce moment-l\u00e0. Vous \u00e9viterez ainsi les interactions m\u00e9dicamenteuses susceptibles d&#8217;entra\u00eener des effets ind\u00e9sirables graves.  <\/p>\n<p>Modalert interagit avec les types de m\u00e9dicaments suivants :<\/p>\n<ul>\n<li>des anticoagulants ;<\/li>\n<li>des m\u00e9dicaments anti-convulsions ;<\/li>\n<li>certains antibiotiques ;<\/li>\n<li>Substrats du CYP2C19 et du CYP3A4\/5 ;<\/li>\n<li>les inhibiteurs de la monoamine oxydase ;<\/li>\n<li>les pilules contraceptives.<\/li>\n<\/ul>\n<p>Ce n&#8217;est pas exhaustif. Ne m\u00e9langez pas Modalert 200 mg avec d&#8217;autres m\u00e9dicaments sans en informer votre m\u00e9decin. En outre, Modalert interagit n\u00e9gativement avec l&#8217;alcool. Il ne doit pas \u00eatre utilis\u00e9 en m\u00eame temps. La plupart des aliments fonctionnent bien avec Modalert, mais les aliments gras doivent \u00eatre \u00e9vit\u00e9s pendant la prise de Modalert 200 mg, car ils peuvent r\u00e9duire le taux d&#8217;absorption du m\u00e9dicament et donc le d\u00e9but de l&#8217;action. Le jus de pamplemousse et le pamplemousse peuvent augmenter les actions ou les effets n\u00e9gatifs de Modalert.     <\/p>\n<h2>Exp\u00e9rience consommateur<\/h2>\n<p>Plusieurs personnes ont d\u00e9couvert que la s\u00e9curit\u00e9, l&#8217;efficacit\u00e9 et le caract\u00e8re unique de Modalert dans la stimulation de la cognition \u00e9taient positifs. La plupart d&#8217;entre eux le prennent pour se sentir \u00e9veill\u00e9s, motiv\u00e9s, concentr\u00e9s, alertes, pour avoir une meilleure r\u00e9flexion et l&#8217;\u00e9nergie n\u00e9cessaire pour stimuler la m\u00e9moire et l&#8217;acuit\u00e9 mentale. En outre, ceux qui utilisent Modalert pour am\u00e9liorer leur productivit\u00e9 et accomplir des t\u00e2ches complexes ont jug\u00e9 le m\u00e9dicament efficace et bien tol\u00e9r\u00e9. C&#8217;est la raison pour laquelle de nombreux professionnels, travailleurs, \u00e9tudiants, PDG, \u00e9tudiants universitaires, etc., utilisent Modalert, selon divers commentaires en ligne et organes de presse fiables.   <\/p>\n<p>Modalert est consid\u00e9r\u00e9 comme le meilleur &#8211; comme il a \u00e9galement \u00e9merg\u00e9 comme notre meilleur vendeur de BuyModafinilOnline (BMO) e-drugstore. Les personnes en bonne sant\u00e9 n&#8217;ont mentionn\u00e9 que des effets n\u00e9gatifs mineurs et de courte dur\u00e9e. Bien que les critiques et les t\u00e9moignages sur les &#8220;smart tabs&#8221; soient excellents, ne prenez pas Modalert ou des m\u00e9dicaments similaires avant d&#8217;avoir consult\u00e9 un m\u00e9decin.  <\/p>\n<h2>Buy G\u00e9n\u00e9rique Modalert 200mg (Modafinil) with Fast Shipping in the USA<\/h2>\n<p><a href=\"https:\/\/buymodafinilonline.com\/fr\/\">BMO<\/a> est la premi\u00e8re pharmacie nootropique en ligne. Il s&#8217;agit d&#8217;une <a href=\"https:\/\/buymodafinilonline.com\/fr\/vendeur-modafinil-confiance\/\">pharmacie en ligne s\u00fbre<\/a> qui propose de v\u00e9ritables &#8220;smart tabs&#8221; provenant de produits pharmaceutiques certifi\u00e9s sans ordonnance. Nous vous permettons d&#8217;acheter des <a href=\"https:\/\/buymodafinilonline.com\/generics\/\">m\u00e9dicaments g\u00e9n\u00e9riques d&#8217;armodafinil et de modafinil<\/a> bon march\u00e9 mais de qualit\u00e9 &#8211; y compris <a href=\"https:\/\/buymodafinilonline.com\/smart-drugs\/modafinil-generic\/\">Modafinil g\u00e9n\u00e9rique<\/a>, <a href=\"https:\/\/buymodafinilonline.com\/fr\/medicaments-intelligents\/modvigil-200-mg-national-usa-to-usa\/\">Modvigil<\/a>, <a href=\"https:\/\/buymodafinilonline.com\/fr\/medicaments-intelligents\/artvigil-150-mg-national-usa-to-usa\/\">Artvigil<\/a>, <a href=\"https:\/\/buymodafinilonline.com\/fr\/medicaments-intelligents\/waklert-150-mg-national-usa-to-usa\/\">Waklert<\/a>, et d&#8217;autres m\u00e9dicaments. De plus, nous vendons tous ces eugeroics au co\u00fbt de fabrication. Nous proposons \u00e9galement d&#8217;autres bonnes affaires, des codes de r\u00e9duction et des <a href=\"https:\/\/buymodafinilonline.com\/coupons-deals-promo-codes\/\">remises<\/a> pour vous aider \u00e0 r\u00e9duire davantage le co\u00fbt.    <\/p>\n<p>En outre, nous proposons des <a href=\"https:\/\/buymodafinilonline.com\/smart-drugs\/armodafinil-free-trial-samples\/\">\u00e9chantillons gratuits d&#8217;armodafinil<\/a> et de <a href=\"https:\/\/buymodafinilonline.com\/smart-drugs\/modafinil-free-trial-samples\/\">modafinil<\/a>, afin que le consommateur puisse tester leur efficacit\u00e9 et leur s\u00e9curit\u00e9 avant de d\u00e9cider de les acheter. Les trousses d&#8217;essai de m\u00e9dicaments sont certainement n\u00e9cessaires si vous \u00eates novice en mati\u00e8re de &#8220;m\u00e9dicaments intelligents&#8221;.<\/p>\n<p>Profitez des diff\u00e9rentes options de paiement, notamment PayPal, Zelle, <a href=\"https:\/\/buymodafinilonline.com\/bitcoin-payment\/\">Bitcoin<\/a> (23 % de r\u00e9duction), Poli, virement bancaire SEPA ou carte de cr\u00e9dit. Avec notre service d&#8217;exp\u00e9dition rapide de colis nationaux des \u00c9tats-Unis vers les \u00c9tats-Unis (qui prend seulement 3-4 jours ouvrables ou 5-7 jours calendaires en utilisant USPS Priority Mail), nous fournissons un <a href=\"https:\/\/buymodafinilonline.com\/order-tracking\/\">outil de suivi de colis<\/a> et la <a href=\"https:\/\/buymodafinilonline.com\/fr\/meilleur-fournisseur-france\/\">livraison de modafinil la plus rapide<\/a> &#8211; vous pouvez m\u00eame obtenir Modalert en livraison de nuit ou en livraison le lendemain. <\/p>\n<p>Aucun probl\u00e8me de douane, contrairement \u00e0 ce qui se passe lorsque vous commandez en Inde et que vous faites exp\u00e9dier le produit \u00e0 votre adresse aux \u00c9tats-Unis. Ce processus d&#8217;exp\u00e9dition peut, dans de tr\u00e8s rares cas, entra\u00eener la saisie du colis aux fronti\u00e8res douani\u00e8res. L&#8217;avantage d&#8217;une livraison nationale des \u00c9tats-Unis aux \u00c9tats-Unis est que le client chanceux peut b\u00e9n\u00e9ficier d&#8217;une livraison instantan\u00e9e &#8211; certains peuvent b\u00e9n\u00e9ficier d&#8217;une livraison de nuit en fonction de leur situation g\u00e9ographique.  <\/p>\n<p>Commandez aujourd&#8217;hui et <a href=\"https:\/\/buymodafinilonline.com\/fr\/meilleur-fournisseur-france\/\">b\u00e9n\u00e9ficiez d&#8217;une exp\u00e9dition rapide<\/a>, contrairement aux autres m\u00e9thodes d&#8217;exp\u00e9dition que nous proposons. Nos services sont pratiques et fiables.<\/p>\n[\/vc_column]\n","protected":false},"excerpt":{"rendered":"<p>&#8211; L&#8217;option d&#8217;exp\u00e9dition nationale des \u00c9tats-Unis aux \u00c9tats-Unis est maintenant disponible<br \/>\n&#8211; D\u00e9lai de livraison de 3 \u00e0 4 jours ouvrables par courrier prioritaire USPS*<br \/>\n&#8211; Ne peut \u00eatre m\u00e9lang\u00e9 avec d&#8217;autres produits non domestiques<br \/>\n&#8211; Toutes les commandes nationales sont accompagn\u00e9es d&#8217;un ensemble de 20 \u00e9chantillons gratuits<br \/>\n&#8211; Vous payez pour une livraison super rapide, sans probl\u00e8me et sans probl\u00e8me de douane.<\/p>\n<p><em>*after receiving your tracking number.Test Edit. Please allow up to 24 hours for your order to process, and an additional 2-3 days to be shipped out.Test Edit.<\/em><\/p>\n<p>Modalert contient du modafinil comme ingr\u00e9dient actif. Il s&#8217;agit d&#8217;un &#8220;comprim\u00e9 intelligent&#8221; fabriqu\u00e9 par Sun Pharma, en Inde. Utilisez ce m\u00e9dicament efficace pour rester \u00e9veill\u00e9, am\u00e9liorer la concentration, la motivation, l&#8217;acuit\u00e9 mentale, \u00eatre actif dans la r\u00e9flexion et accomplir des t\u00e2ches complexes avec brio. Sans sacrifier la qualit\u00e9, Modalert 200 mg est nettement moins cher que Provigil\u00ae. De plus, notre pharmacie en ligne vous permet d&#8217;obtenir un \u00e9chantillon gratuit d&#8217;armodafinil et de modafinil.    <\/p>\n","protected":false},"featured_media":433341,"comment_status":"closed","ping_status":"closed","template":"","meta":{"_acf_changed":false},"product_brand":[],"product_cat":[8917],"product_tag":[3850],"class_list":{"0":"post-480321","1":"product","2":"type-product","3":"status-publish","4":"has-post-thumbnail","6":"product_cat-us-domestic-shipping-fr","7":"product_tag-modafinil-fr","9":"first","10":"instock","11":"sale","12":"shipping-taxable","13":"purchasable","14":"product-type-variable","15":"has-default-attributes"},"acf":[],"yoast_head":"<!-- This site is optimized with the Yoast SEO Premium plugin v23.6 (Yoast SEO v27.3) - https:\/\/yoast.com\/product\/yoast-seo-premium-wordpress\/ -->\n<title>Commandez Modalert 200 MG Tablets via USPS Overnight Domestic Shipping<\/title>\n<meta name=\"description\" content=\"Buy Modalert 200 MG Pills Online with Fastest Overnight Shipping via Domestic USPS Mail and Get Speedy US Dispatch that takes 3-4 Days via Direct Local Shipping Option. Enjoy the Biggest 23% Discount for Bitcoin and Crypto Payment at BuyModafinilOnline Pharmacy.Test Edit.\" \/>\n<meta name=\"robots\" content=\"index, follow, max-snippet:-1, max-image-preview:large, max-video-preview:-1\" \/>\n<link rel=\"canonical\" href=\"https:\/\/buymodafinilonline.com\/fr\/medicaments-intelligents\/modalert-200-mg-national-usa-to-usa\/\" \/>\n<meta property=\"og:locale\" content=\"fr_FR\" \/>\n<meta property=\"og:type\" content=\"article\" \/>\n<meta property=\"og:title\" content=\"Modalert 200 MG - National (USA to USA)\" \/>\n<meta property=\"og:description\" content=\"Buy Modalert 200 MG Pills Online with Fastest Overnight Shipping via Domestic USPS Mail and Get Speedy US Dispatch that takes 3-4 Days via Direct Local Shipping Option. Enjoy the Biggest 23% Discount for Bitcoin and Crypto Payment at BuyModafinilOnline Pharmacy.Test Edit.\" \/>\n<meta property=\"og:url\" content=\"https:\/\/buymodafinilonline.com\/fr\/medicaments-intelligents\/modalert-200-mg-national-usa-to-usa\/\" \/>\n<meta property=\"og:site_name\" content=\"BuyModafinilOnline.com\" \/>\n<meta property=\"article:modified_time\" content=\"2026-01-22T10:01:13+00:00\" \/>\n<meta property=\"og:image\" content=\"https:\/\/buymodafinilonline.com\/wp-content\/uploads\/2022\/01\/bmo-product-modalert-domestic.png\" \/>\n\t<meta property=\"og:image:width\" content=\"1280\" \/>\n\t<meta property=\"og:image:height\" content=\"1500\" \/>\n\t<meta property=\"og:image:type\" content=\"image\/png\" \/>\n<meta name=\"twitter:label1\" content=\"Dur\u00e9e de lecture estim\u00e9e\" \/>\n\t<meta name=\"twitter:data1\" content=\"7 minutes\" \/>\n<script type=\"application\/ld+json\" class=\"yoast-schema-graph\">{\"@context\":\"https:\\\/\\\/schema.org\",\"@graph\":[{\"@type\":\"WebPage\",\"@id\":\"https:\\\/\\\/buymodafinilonline.com\\\/fr\\\/medicaments-intelligents\\\/modalert-200-mg-national-usa-to-usa\\\/\",\"url\":\"https:\\\/\\\/buymodafinilonline.com\\\/fr\\\/medicaments-intelligents\\\/modalert-200-mg-national-usa-to-usa\\\/\",\"name\":\"Commandez Modalert 200 MG Tablets via USPS Overnight Domestic Shipping\",\"isPartOf\":{\"@id\":\"https:\\\/\\\/buymodafinilonline.com\\\/fr\\\/#website\"},\"primaryImageOfPage\":{\"@id\":\"https:\\\/\\\/buymodafinilonline.com\\\/fr\\\/medicaments-intelligents\\\/modalert-200-mg-national-usa-to-usa\\\/#primaryimage\"},\"image\":{\"@id\":\"https:\\\/\\\/buymodafinilonline.com\\\/fr\\\/medicaments-intelligents\\\/modalert-200-mg-national-usa-to-usa\\\/#primaryimage\"},\"thumbnailUrl\":\"https:\\\/\\\/buymodafinilonline.com\\\/wp-content\\\/uploads\\\/2022\\\/01\\\/bmo-product-modalert-domestic.png\",\"datePublished\":\"2022-01-03T22:08:06+00:00\",\"dateModified\":\"2026-01-22T10:01:13+00:00\",\"description\":\"Buy Modalert 200 MG Pills Online with Fastest Overnight Shipping via Domestic USPS Mail and Get Speedy US Dispatch that takes 3-4 Days via Direct Local Shipping Option. Enjoy the Biggest 23% Discount for Bitcoin and Crypto Payment at BuyModafinilOnline Pharmacy.Test Edit.\",\"breadcrumb\":{\"@id\":\"https:\\\/\\\/buymodafinilonline.com\\\/fr\\\/medicaments-intelligents\\\/modalert-200-mg-national-usa-to-usa\\\/#breadcrumb\"},\"inLanguage\":\"fr-FR\",\"potentialAction\":[{\"@type\":\"ReadAction\",\"target\":[\"https:\\\/\\\/buymodafinilonline.com\\\/fr\\\/medicaments-intelligents\\\/modalert-200-mg-national-usa-to-usa\\\/\"]}]},{\"@type\":\"ImageObject\",\"inLanguage\":\"fr-FR\",\"@id\":\"https:\\\/\\\/buymodafinilonline.com\\\/fr\\\/medicaments-intelligents\\\/modalert-200-mg-national-usa-to-usa\\\/#primaryimage\",\"url\":\"https:\\\/\\\/buymodafinilonline.com\\\/wp-content\\\/uploads\\\/2022\\\/01\\\/bmo-product-modalert-domestic.png\",\"contentUrl\":\"https:\\\/\\\/buymodafinilonline.com\\\/wp-content\\\/uploads\\\/2022\\\/01\\\/bmo-product-modalert-domestic.png\",\"width\":1280,\"height\":1500,\"caption\":\"Modalert 200 MG \u2013 Domestic USPS Shipping & Local USA to USA Dispatch\"},{\"@type\":\"BreadcrumbList\",\"@id\":\"https:\\\/\\\/buymodafinilonline.com\\\/fr\\\/medicaments-intelligents\\\/modalert-200-mg-national-usa-to-usa\\\/#breadcrumb\",\"itemListElement\":[{\"@type\":\"ListItem\",\"position\":1,\"name\":\"Buy Modafinil Online\",\"item\":\"https:\\\/\\\/buymodafinilonline.com\\\/fr\\\/\"},{\"@type\":\"ListItem\",\"position\":2,\"name\":\"Boutique\",\"item\":\"https:\\\/\\\/buymodafinilonline.com\\\/fr\\\/boutique\\\/\"},{\"@type\":\"ListItem\",\"position\":3,\"name\":\"US Domestic Shipping\",\"item\":\"https:\\\/\\\/buymodafinilonline.com\\\/fr\\\/categorie-de-produit\\\/us-domestic-shipping-fr\\\/\"},{\"@type\":\"ListItem\",\"position\":4,\"name\":\"Modalert 200 MG &#8211; National (USA to USA)\"}]},{\"@type\":\"WebSite\",\"@id\":\"https:\\\/\\\/buymodafinilonline.com\\\/fr\\\/#website\",\"url\":\"https:\\\/\\\/buymodafinilonline.com\\\/fr\\\/\",\"name\":\"BuyModafinilOnline.com\",\"description\":\"Modafinil Online Pharmacy\",\"publisher\":{\"@id\":\"https:\\\/\\\/buymodafinilonline.com\\\/fr\\\/#organization\"},\"potentialAction\":[{\"@type\":\"SearchAction\",\"target\":{\"@type\":\"EntryPoint\",\"urlTemplate\":\"https:\\\/\\\/buymodafinilonline.com\\\/fr\\\/?s={search_term_string}\"},\"query-input\":{\"@type\":\"PropertyValueSpecification\",\"valueRequired\":true,\"valueName\":\"search_term_string\"}}],\"inLanguage\":\"fr-FR\"},{\"@type\":\"Organization\",\"@id\":\"https:\\\/\\\/buymodafinilonline.com\\\/fr\\\/#organization\",\"name\":\"BuyModafinilOnline\",\"url\":\"https:\\\/\\\/buymodafinilonline.com\\\/fr\\\/\",\"logo\":{\"@type\":\"ImageObject\",\"inLanguage\":\"fr-FR\",\"@id\":\"https:\\\/\\\/buymodafinilonline.com\\\/fr\\\/#\\\/schema\\\/logo\\\/image\\\/\",\"url\":\"https:\\\/\\\/buymodafinilonline.com\\\/wp-content\\\/uploads\\\/2020\\\/04\\\/logo-buy-modafinil-online-yellow.png\",\"contentUrl\":\"https:\\\/\\\/buymodafinilonline.com\\\/wp-content\\\/uploads\\\/2020\\\/04\\\/logo-buy-modafinil-online-yellow.png\",\"width\":200,\"height\":200,\"caption\":\"BuyModafinilOnline\"},\"image\":{\"@id\":\"https:\\\/\\\/buymodafinilonline.com\\\/fr\\\/#\\\/schema\\\/logo\\\/image\\\/\"}}]}<\/script>\n<!-- \/ Yoast SEO Premium plugin. -->","yoast_head_json":{"title":"Commandez Modalert 200 MG Tablets via USPS Overnight Domestic Shipping","description":"Buy Modalert 200 MG Pills Online with Fastest Overnight Shipping via Domestic USPS Mail and Get Speedy US Dispatch that takes 3-4 Days via Direct Local Shipping Option. Enjoy the Biggest 23% Discount for Bitcoin and Crypto Payment at BuyModafinilOnline Pharmacy.Test Edit.","robots":{"index":"index","follow":"follow","max-snippet":"max-snippet:-1","max-image-preview":"max-image-preview:large","max-video-preview":"max-video-preview:-1"},"canonical":"https:\/\/buymodafinilonline.com\/fr\/medicaments-intelligents\/modalert-200-mg-national-usa-to-usa\/","og_locale":"fr_FR","og_type":"article","og_title":"Modalert 200 MG - National (USA to USA)","og_description":"Buy Modalert 200 MG Pills Online with Fastest Overnight Shipping via Domestic USPS Mail and Get Speedy US Dispatch that takes 3-4 Days via Direct Local Shipping Option. Enjoy the Biggest 23% Discount for Bitcoin and Crypto Payment at BuyModafinilOnline Pharmacy.Test Edit.","og_url":"https:\/\/buymodafinilonline.com\/fr\/medicaments-intelligents\/modalert-200-mg-national-usa-to-usa\/","og_site_name":"BuyModafinilOnline.com","article_modified_time":"2026-01-22T10:01:13+00:00","og_image":[{"width":1280,"height":1500,"url":"https:\/\/buymodafinilonline.com\/wp-content\/uploads\/2022\/01\/bmo-product-modalert-domestic.png","type":"image\/png"}],"twitter_misc":{"Dur\u00e9e de lecture estim\u00e9e":"7 minutes"},"schema":{"@context":"https:\/\/schema.org","@graph":[{"@type":"WebPage","@id":"https:\/\/buymodafinilonline.com\/fr\/medicaments-intelligents\/modalert-200-mg-national-usa-to-usa\/","url":"https:\/\/buymodafinilonline.com\/fr\/medicaments-intelligents\/modalert-200-mg-national-usa-to-usa\/","name":"Commandez Modalert 200 MG Tablets via USPS Overnight Domestic Shipping","isPartOf":{"@id":"https:\/\/buymodafinilonline.com\/fr\/#website"},"primaryImageOfPage":{"@id":"https:\/\/buymodafinilonline.com\/fr\/medicaments-intelligents\/modalert-200-mg-national-usa-to-usa\/#primaryimage"},"image":{"@id":"https:\/\/buymodafinilonline.com\/fr\/medicaments-intelligents\/modalert-200-mg-national-usa-to-usa\/#primaryimage"},"thumbnailUrl":"https:\/\/buymodafinilonline.com\/wp-content\/uploads\/2022\/01\/bmo-product-modalert-domestic.png","datePublished":"2022-01-03T22:08:06+00:00","dateModified":"2026-01-22T10:01:13+00:00","description":"Buy Modalert 200 MG Pills Online with Fastest Overnight Shipping via Domestic USPS Mail and Get Speedy US Dispatch that takes 3-4 Days via Direct Local Shipping Option. Enjoy the Biggest 23% Discount for Bitcoin and Crypto Payment at BuyModafinilOnline Pharmacy.Test Edit.","breadcrumb":{"@id":"https:\/\/buymodafinilonline.com\/fr\/medicaments-intelligents\/modalert-200-mg-national-usa-to-usa\/#breadcrumb"},"inLanguage":"fr-FR","potentialAction":[{"@type":"ReadAction","target":["https:\/\/buymodafinilonline.com\/fr\/medicaments-intelligents\/modalert-200-mg-national-usa-to-usa\/"]}]},{"@type":"ImageObject","inLanguage":"fr-FR","@id":"https:\/\/buymodafinilonline.com\/fr\/medicaments-intelligents\/modalert-200-mg-national-usa-to-usa\/#primaryimage","url":"https:\/\/buymodafinilonline.com\/wp-content\/uploads\/2022\/01\/bmo-product-modalert-domestic.png","contentUrl":"https:\/\/buymodafinilonline.com\/wp-content\/uploads\/2022\/01\/bmo-product-modalert-domestic.png","width":1280,"height":1500,"caption":"Modalert 200 MG \u2013 Domestic USPS Shipping & Local USA to USA Dispatch"},{"@type":"BreadcrumbList","@id":"https:\/\/buymodafinilonline.com\/fr\/medicaments-intelligents\/modalert-200-mg-national-usa-to-usa\/#breadcrumb","itemListElement":[{"@type":"ListItem","position":1,"name":"Buy Modafinil Online","item":"https:\/\/buymodafinilonline.com\/fr\/"},{"@type":"ListItem","position":2,"name":"Boutique","item":"https:\/\/buymodafinilonline.com\/fr\/boutique\/"},{"@type":"ListItem","position":3,"name":"US Domestic Shipping","item":"https:\/\/buymodafinilonline.com\/fr\/categorie-de-produit\/us-domestic-shipping-fr\/"},{"@type":"ListItem","position":4,"name":"Modalert 200 MG &#8211; National (USA to USA)"}]},{"@type":"WebSite","@id":"https:\/\/buymodafinilonline.com\/fr\/#website","url":"https:\/\/buymodafinilonline.com\/fr\/","name":"BuyModafinilOnline.com","description":"Modafinil Online Pharmacy","publisher":{"@id":"https:\/\/buymodafinilonline.com\/fr\/#organization"},"potentialAction":[{"@type":"SearchAction","target":{"@type":"EntryPoint","urlTemplate":"https:\/\/buymodafinilonline.com\/fr\/?s={search_term_string}"},"query-input":{"@type":"PropertyValueSpecification","valueRequired":true,"valueName":"search_term_string"}}],"inLanguage":"fr-FR"},{"@type":"Organization","@id":"https:\/\/buymodafinilonline.com\/fr\/#organization","name":"BuyModafinilOnline","url":"https:\/\/buymodafinilonline.com\/fr\/","logo":{"@type":"ImageObject","inLanguage":"fr-FR","@id":"https:\/\/buymodafinilonline.com\/fr\/#\/schema\/logo\/image\/","url":"https:\/\/buymodafinilonline.com\/wp-content\/uploads\/2020\/04\/logo-buy-modafinil-online-yellow.png","contentUrl":"https:\/\/buymodafinilonline.com\/wp-content\/uploads\/2020\/04\/logo-buy-modafinil-online-yellow.png","width":200,"height":200,"caption":"BuyModafinilOnline"},"image":{"@id":"https:\/\/buymodafinilonline.com\/fr\/#\/schema\/logo\/image\/"}}]}},"_links":{"self":[{"href":"https:\/\/buymodafinilonline.com\/fr\/wp-json\/wp\/v2\/product\/480321","targetHints":{"allow":["GET"]}}],"collection":[{"href":"https:\/\/buymodafinilonline.com\/fr\/wp-json\/wp\/v2\/product"}],"about":[{"href":"https:\/\/buymodafinilonline.com\/fr\/wp-json\/wp\/v2\/types\/product"}],"replies":[{"embeddable":true,"href":"https:\/\/buymodafinilonline.com\/fr\/wp-json\/wp\/v2\/comments?post=480321"}],"wp:featuredmedia":[{"embeddable":true,"href":"https:\/\/buymodafinilonline.com\/fr\/wp-json\/wp\/v2\/media\/433341"}],"wp:attachment":[{"href":"https:\/\/buymodafinilonline.com\/fr\/wp-json\/wp\/v2\/media?parent=480321"}],"wp:term":[{"taxonomy":"product_brand","embeddable":true,"href":"https:\/\/buymodafinilonline.com\/fr\/wp-json\/wp\/v2\/product_brand?post=480321"},{"taxonomy":"product_cat","embeddable":true,"href":"https:\/\/buymodafinilonline.com\/fr\/wp-json\/wp\/v2\/product_cat?post=480321"},{"taxonomy":"product_tag","embeddable":true,"href":"https:\/\/buymodafinilonline.com\/fr\/wp-json\/wp\/v2\/product_tag?post=480321"}],"curies":[{"name":"wp","href":"https:\/\/api.w.org\/{rel}","templated":true}]}}