{"id":480452,"date":"2023-09-26T04:27:16","date_gmt":"2023-09-26T03:27:16","guid":{"rendered":"https:\/\/buymodafinilonline.com\/smart-drugs\/extra-strength-modaxl-300-mg-us-domestic-delivery-usa-to-usa\/"},"modified":"2026-01-22T10:58:57","modified_gmt":"2026-01-22T09:58:57","slug":"extra-strength-modaxl-300-mg-us-domestic-delivery-usa-to-usa","status":"publish","type":"product","link":"https:\/\/buymodafinilonline.com\/fr\/medicaments-intelligents\/extra-strength-modaxl-300-mg-us-domestic-delivery-usa-to-usa\/","title":{"rendered":"Extra Strength ModaXL 300 MG &#8211; US Domestic Delivery (USA to USA)"},"content":{"rendered":"[vc_column width=&#8221;1\/2&#8243;]\n<h2>Qu&#8217;est-ce que Strong ModaXL 300 MG ?<\/h2>\n<p>Strong ModaXL 300 mg est un nouveau joueur dans le monde des nootropiques, et il fait des vagues pour toutes les bonnes raisons. Avec 300 mg de modafinil pur, il est con\u00e7u pour vous aider \u00e0 rester \u00e9veill\u00e9 et alerte. Tout comme son homologue bien connu, le Provigil, ce m\u00e9dicament a re\u00e7u le feu vert officiel de la Food and Drug Administration (FDA) pour s&#8217;attaquer \u00e0 trois troubles du sommeil courants : la narcolepsie, l&#8217;apn\u00e9e obstructive du sommeil (AOS) et le trouble du sommeil li\u00e9 au travail post\u00e9 (TDSP).  <\/p>\n<p>Strong ModaXL ne se limite pas aux probl\u00e8mes de sommeil. Les gens l&#8217;utilisent souvent &#8220;hors \u00e9tiquette&#8221; pour suralimenter leur cerveau. Consid\u00e9rez-le comme un turbo boost pour votre esprit. Ses avantages cognitifs sont similaires \u00e0 ceux du Provigil :   <\/p>\n<ul>\n<li>plus de 12 heures de concentration comme un laser ;<\/li>\n<li>un traitement mental plus rapide pour aborder les t\u00e2ches avec facilit\u00e9 ;<\/li>\n<li>une vigilance accrue pour rester au top de votre forme ;<\/li>\n<li>un coup de pouce \u00e0 la m\u00e9moire pour une meilleure m\u00e9morisation ;<\/li>\n<li>une concentration accrue qui vous permet de vous concentrer sur ce qui est important ;<\/li>\n<li>une motivation et une \u00e9nergie accrues ;<\/li>\n<li>des comp\u00e9tences accrues en mati\u00e8re de prise de d\u00e9cision et de planification.<\/li>\n<\/ul>\n<p>Voici l&#8217;essentiel. Strong ModaXL poss\u00e8de deux avantages uniques qui le distinguent des autres versions g\u00e9n\u00e9riques comme Modavinil, Modalert et Modaheal. Tout d&#8217;abord, son taux d&#8217;absorption est sup\u00e9rieur de 5 %, ce qui signifie qu&#8217;il agit plus rapidement. Deuxi\u00e8mement, son effet maximal est de 30 % sup\u00e9rieur \u00e0 celui de ces versions populaires. En effet, ce m\u00e9dicament reste fid\u00e8le aux qualit\u00e9s du Provigil. Il est s\u00fbr, bien tol\u00e9r\u00e9 et pr\u00e9sente un faible risque de d\u00e9pendance. Pour obtenir les meilleurs r\u00e9sultats, il est conseill\u00e9 de discuter avec votre m\u00e9decin avant de le prendre. Ses conseils vous permettront de tirer le meilleur parti de ce puissant outil pour am\u00e9liorer la puissance c\u00e9r\u00e9brale, l&#8217;\u00e9tat d&#8217;\u00e9veil et la productivit\u00e9.       <\/p>\n<h2>Dosage s\u00fbr et utilisation appropri\u00e9e<\/h2>\n<p>Strong ModaXL sert diff\u00e9rents objectifs de sant\u00e9. Par cons\u00e9quent, le dosage et le moment o\u00f9 vous le prenez peuvent grandement influencer les r\u00e9sultats de votre traitement, en fonction de la condition sp\u00e9cifique que vous traitez. Le dosage standard est de 200 mg, mais il est important de noter que votre m\u00e9decin peut vous recommander un dosage plus faible ou plus \u00e9lev\u00e9 en fonction de votre sensibilit\u00e9 et de la fa\u00e7on dont vous tol\u00e9rez le m\u00e9dicament.  <\/p>\n<p>Pour les personnes utilisant ModaXL 300mg pour traiter la narcolepsie ou le SAOS, il est recommand\u00e9 de prendre un comprim\u00e9 le matin, le plus t\u00f4t possible. Vous devez l&#8217;avaler en entier avec une bonne quantit\u00e9 d&#8217;eau ; il ne faut pas l&#8217;\u00e9craser, le renifler ou le dissoudre dans de l&#8217;eau et le consommer. Gardez \u00e0 l&#8217;esprit que la prise du m\u00e9dicament plus tard dans la journ\u00e9e pourrait interf\u00e9rer avec votre capacit\u00e9 \u00e0 dormir la nuit, car ses effets durent g\u00e9n\u00e9ralement plus de 12 heures.  <\/p>\n<p>Si vous utilisez ce m\u00e9dicament pour traiter les troubles du sommeil, l&#8217;id\u00e9al est de prendre une pilule environ. une heure avant le d\u00e9but de votre service. Avant de commencer un traitement avec Strong ModaXL ou tout autre m\u00e9dicament contenant du modafinil, il est fortement recommand\u00e9 de consulter un professionnel de la sant\u00e9. Ses conseils vous permettront d&#8217;utiliser le m\u00e9dicament de mani\u00e8re s\u00fbre et efficace tout en minimisant les risques potentiels. <\/p>\n<h2>Les effets secondaires possibles<\/h2>\n<p>Strong ModaXL offre une solution s\u00fbre et efficace pour beaucoup, bien qu&#8217;il soit important d&#8217;\u00eatre conscient des effets secondaires potentiels. Bien que la plupart des utilisateurs ne ressentent que des effets l\u00e9gers et temporaires tels que des maux d&#8217;estomac, des \u00e9coulements nasaux, des maux de t\u00eate, des naus\u00e9es ou des vertiges, il est crucial de rester inform\u00e9.<\/p>\n[\/vc_column][vc_column width=&#8221;1\/2&#8243;]\n<p>Dans de rares cas d&#8217;abus (surdosage) ou de sensibilit\u00e9, des effets secondaires plus graves peuvent appara\u00eetre, notamment la d\u00e9pression, la fi\u00e8vre, les douleurs dorsales, l&#8217;insomnie, l&#8217;anxi\u00e9t\u00e9, les difficult\u00e9s respiratoires ou les hallucinations. Bien que ces cas soient rares, il est essentiel de les prendre au s\u00e9rieux. <\/p>\n<p>Si vous \u00eates confront\u00e9 \u00e0 l&#8217;un de ces effets n\u00e9gatifs graves, consultez imm\u00e9diatement un m\u00e9decin. Une action rapide peut faire une diff\u00e9rence significative pour assurer votre bien-\u00eatre. <\/p>\n<h2>Contre-indications et mises en garde<\/h2>\n<p>Il est important de faire attention aux substances que vous consommez pendant l&#8217;utilisation de ModaXL afin d&#8217;\u00e9viter des complications potentielles. Les interactions entre les m\u00e9dicaments, les suppl\u00e9ments ou les herbes peuvent affecter leur efficacit\u00e9 et entra\u00eener des effets secondaires ind\u00e9sirables. <\/p>\n<p>Certains m\u00e9dicaments doivent \u00eatre \u00e9vit\u00e9s lors de la prise de Strong ModaXL ou d&#8217;autres m\u00e9dicaments \u00e0 base de modafinil, notamment<\/p>\n<ul>\n<li>Clopidogrel ;<\/li>\n<li>Des m\u00e9dicaments antifongiques tels que le k\u00e9toconazole (Nizoral) ou l&#8217;itraconazole (Sporanox) ;<\/li>\n<li>Deflazacort ;<\/li>\n<li>Rifampine\/Rifadin ;<\/li>\n<li>Les drogues de rue comme la m\u00e9thamph\u00e9tamine (poppers) ;<\/li>\n<li>Bosutinib ;<\/li>\n<li>Des s\u00e9datifs comme le triazolam (Halcion), le diaz\u00e9pam (Valium) ou le midazolam (Versed).<\/li>\n<\/ul>\n<p>Les interactions m\u00e9dicamenteuses ne se limitent pas aux seuls m\u00e9dicaments ; certains aliments et boissons peuvent \u00e9galement interagir avec ModaXL. Par exemple, la consommation d&#8217;alcool pendant la prise de ce m\u00e9dicament peut augmenter le risque d&#8217;effets ind\u00e9sirables et m\u00eame entra\u00eener une perte de connaissance. En outre, les aliments riches en graisses peuvent retarder l&#8217;apparition des effets du m\u00e9dicament.  <\/p>\n<p>Pour une liste plus compl\u00e8te des substances \u00e0 \u00e9viter lors de l&#8217;utilisation de Strong ModaXL, consultez la notice du m\u00e9dicament fournie ou consultez votre fournisseur de soins de sant\u00e9. Votre m\u00e9decin peut vous fournir des conseils personnalis\u00e9s pour assurer votre s\u00e9curit\u00e9 lors de la prise de ce m\u00e9dicament. <\/p>\n<h2>Achetez Strong ModaXL 300mg (Modafinil) avec livraison rapide aux USA<\/h2>\n<p>En tant que <a href=\"https:\/\/buymodafinilonline.com\/fr\/\">BuyModafinilOnline<\/a>, nous sommes fiers d&#8217;offrir des prix comp\u00e9titifs pour des <a href=\"https:\/\/buymodafinilonline.com\/smart-drugs-brands\/\">pilules de qualit\u00e9 sup\u00e9rieure<\/a>, et les avantages de nous choisir feront que votre achat en vaudra la peine.<\/p>\n<p>Nous vous offrons une livraison gratuite dans la plupart des r\u00e9gions du monde pour les commandes de plus de 100 pilules, provenant de fabricants indiens de confiance. Notre engagement \u00e0 vous satisfaire est \u00e9vident gr\u00e2ce \u00e0 notre garantie de remboursement \u00e0 100 %. Cela signifie que dans le cas rare d&#8217;une livraison perdue ou endommag\u00e9e, vous pouvez soit demander un remboursement complet, sans poser de questions, soit nous r\u00e9exp\u00e9dierons rapidement votre commande.  <\/p>\n<p>En mati\u00e8re de livraison, nous privil\u00e9gions l&#8217;efficacit\u00e9 et la rapidit\u00e9. C&#8217;est pourquoi nous proposons aux acheteurs am\u00e9ricains un service d&#8217;exp\u00e9dition nationale entre les \u00c9tats-Unis et les \u00c9tats-Unis. Notre <a href=\"https:\/\/buymodafinilonline.com\/us-domestic-delivery\/\">livraison nationale aux \u00c9tats-Unis<\/a>, assur\u00e9e par USPS, ne prend que 3 \u00e0 4 jours. Vous aurez peut-\u00eatre la chance de b\u00e9n\u00e9ficier de la livraison la plus rapide le lendemain ou le surlendemain. Avec cette option de livraison, il n&#8217;y a pas de probl\u00e8mes de douane. Payez avec PayPal, des crypto-monnaies (23 % de r\u00e9duction) ou les principales cartes de d\u00e9bit.<\/p>\n[\/vc_column]\n","protected":false},"excerpt":{"rendered":"<p>Strong ModaXL 300 mg est une version g\u00e9n\u00e9rique am\u00e9lior\u00e9e de <a href=\"https:\/\/buymodafinilonline.com\/smart-drugs\/generic-provigil\/\">Provigil<\/a>, dont l&#8217;ingr\u00e9dient actif est le modafinil pur \u00e0 100 %. Ce m\u00e9dicament de premier ordre est m\u00e9ticuleusement fabriqu\u00e9 par HOF Pharmaceuticals, une soci\u00e9t\u00e9 pharmaceutique renomm\u00e9e bas\u00e9e en Inde. Il traite la somnolence diurne excessive et stimule les fonctions cognitives. Ce qui distingue ce m\u00e9dicament, c&#8217;est son taux d&#8217;absorption exceptionnel, qui d\u00e9passe de 5 % celui de la plupart des autres g\u00e9n\u00e9riques. Cela se traduit par un effet maximal de 30 % plus important. Nous proposons \u00e9galement une gamme d&#8217;alternatives moins ch\u00e8res avec des avantages identiques. Explorez des options telles que ModaXL 100 mg Oral Strips, entre autres.      <\/p>\n<p>Nos produits sont authentiques, comme l&#8217;indique le label U.S.P. qu&#8217;ils portent fi\u00e8rement. Les commandes de plus de 100 pilules b\u00e9n\u00e9ficient d&#8217;une livraison gratuite et ultra-rapide directement \u00e0 votre porte. Ce produit peut \u00eatre exp\u00e9di\u00e9 aux \u00c9tats-Unis sans probl\u00e8me de douane. Les livraisons exp\u00e9di\u00e9es depuis notre entrep\u00f4t aux \u00c9tats-Unis vers des adresses am\u00e9ricaines sont rapides et prennent g\u00e9n\u00e9ralement 3 \u00e0 4 jours pour arriver. Achetez en ligne aujourd&#8217;hui \u00e0 un prix avantageux sans ordonnance et utilisez nos <a href=\"https:\/\/buymodafinilonline.com\/coupons-deals-promo-codes\/\">codes de r\u00e9duction<\/a> pour r\u00e9duire davantage le prix de la commande.    <\/p>\n","protected":false},"featured_media":462049,"comment_status":"closed","ping_status":"closed","template":"","meta":{"_acf_changed":false},"product_brand":[],"product_cat":[8917],"product_tag":[3850],"class_list":{"0":"post-480452","1":"product","2":"type-product","3":"status-publish","4":"has-post-thumbnail","6":"product_cat-us-domestic-shipping-fr","7":"product_tag-modafinil-fr","9":"first","10":"instock","11":"sale","12":"shipping-taxable","13":"purchasable","14":"product-type-variable","15":"has-default-attributes"},"acf":[],"yoast_head":"<!-- This site is optimized with the Yoast SEO Premium plugin v23.6 (Yoast SEO v27.3) - https:\/\/yoast.com\/product\/yoast-seo-premium-wordpress\/ -->\n<title>Commandez Strong ModaXL 300 MG Pills via USPS Overnight Domestic Shipping - BuyModafinilOnline<\/title>\n<meta name=\"description\" content=\"Achetez des m\u00e9dicaments puissants ModaXL 300 mg en ligne avec l&#039;exp\u00e9dition la plus rapide du jour au lendemain par courrier USPS et obtenez une exp\u00e9dition rapide aux \u00c9tats-Unis qui prend 3-4 jours via l&#039;option de livraison locale directe. Profitez des r\u00e9ductions importantes pour le paiement en Bitcoin \u00e0 la pharmacie BuyModafinilOnline d\u00e8s maintenant !\" \/>\n<meta name=\"robots\" content=\"index, follow, max-snippet:-1, max-image-preview:large, max-video-preview:-1\" \/>\n<link rel=\"canonical\" href=\"https:\/\/buymodafinilonline.com\/fr\/medicaments-intelligents\/extra-strength-modaxl-300-mg-us-domestic-delivery-usa-to-usa\/\" \/>\n<meta property=\"og:locale\" content=\"fr_FR\" \/>\n<meta property=\"og:type\" content=\"article\" \/>\n<meta property=\"og:title\" content=\"Extra Strength ModaXL 300 MG - US Domestic Delivery (USA to USA)\" \/>\n<meta property=\"og:description\" content=\"Achetez des m\u00e9dicaments puissants ModaXL 300 mg en ligne avec l&#039;exp\u00e9dition la plus rapide du jour au lendemain par courrier USPS et obtenez une exp\u00e9dition rapide aux \u00c9tats-Unis qui prend 3-4 jours via l&#039;option de livraison locale directe. Profitez des r\u00e9ductions importantes pour le paiement en Bitcoin \u00e0 la pharmacie BuyModafinilOnline d\u00e8s maintenant !\" \/>\n<meta property=\"og:url\" content=\"https:\/\/buymodafinilonline.com\/fr\/medicaments-intelligents\/extra-strength-modaxl-300-mg-us-domestic-delivery-usa-to-usa\/\" \/>\n<meta property=\"og:site_name\" content=\"BuyModafinilOnline.com\" \/>\n<meta property=\"article:modified_time\" content=\"2026-01-22T09:58:57+00:00\" \/>\n<meta property=\"og:image\" content=\"https:\/\/buymodafinilonline.com\/wp-content\/uploads\/2023\/09\/bmo-product-extra-strength-modaxl-300-mg-usps.png\" \/>\n\t<meta property=\"og:image:width\" content=\"1280\" \/>\n\t<meta property=\"og:image:height\" content=\"1500\" \/>\n\t<meta property=\"og:image:type\" content=\"image\/png\" \/>\n<meta name=\"twitter:label1\" content=\"Dur\u00e9e de lecture estim\u00e9e\" \/>\n\t<meta name=\"twitter:data1\" content=\"6 minutes\" \/>\n<script type=\"application\/ld+json\" class=\"yoast-schema-graph\">{\"@context\":\"https:\\\/\\\/schema.org\",\"@graph\":[{\"@type\":\"WebPage\",\"@id\":\"https:\\\/\\\/buymodafinilonline.com\\\/fr\\\/medicaments-intelligents\\\/extra-strength-modaxl-300-mg-us-domestic-delivery-usa-to-usa\\\/\",\"url\":\"https:\\\/\\\/buymodafinilonline.com\\\/fr\\\/medicaments-intelligents\\\/extra-strength-modaxl-300-mg-us-domestic-delivery-usa-to-usa\\\/\",\"name\":\"Commandez Strong ModaXL 300 MG Pills via USPS Overnight Domestic Shipping - BuyModafinilOnline\",\"isPartOf\":{\"@id\":\"https:\\\/\\\/buymodafinilonline.com\\\/fr\\\/#website\"},\"primaryImageOfPage\":{\"@id\":\"https:\\\/\\\/buymodafinilonline.com\\\/fr\\\/medicaments-intelligents\\\/extra-strength-modaxl-300-mg-us-domestic-delivery-usa-to-usa\\\/#primaryimage\"},\"image\":{\"@id\":\"https:\\\/\\\/buymodafinilonline.com\\\/fr\\\/medicaments-intelligents\\\/extra-strength-modaxl-300-mg-us-domestic-delivery-usa-to-usa\\\/#primaryimage\"},\"thumbnailUrl\":\"https:\\\/\\\/buymodafinilonline.com\\\/wp-content\\\/uploads\\\/2023\\\/09\\\/bmo-product-extra-strength-modaxl-300-mg-usps.png\",\"datePublished\":\"2023-09-26T03:27:16+00:00\",\"dateModified\":\"2026-01-22T09:58:57+00:00\",\"description\":\"Achetez des m\u00e9dicaments puissants ModaXL 300 mg en ligne avec l'exp\u00e9dition la plus rapide du jour au lendemain par courrier USPS et obtenez une exp\u00e9dition rapide aux \u00c9tats-Unis qui prend 3-4 jours via l'option de livraison locale directe. Profitez des r\u00e9ductions importantes pour le paiement en Bitcoin \u00e0 la pharmacie BuyModafinilOnline d\u00e8s maintenant !\",\"breadcrumb\":{\"@id\":\"https:\\\/\\\/buymodafinilonline.com\\\/fr\\\/medicaments-intelligents\\\/extra-strength-modaxl-300-mg-us-domestic-delivery-usa-to-usa\\\/#breadcrumb\"},\"inLanguage\":\"fr-FR\",\"potentialAction\":[{\"@type\":\"ReadAction\",\"target\":[\"https:\\\/\\\/buymodafinilonline.com\\\/fr\\\/medicaments-intelligents\\\/extra-strength-modaxl-300-mg-us-domestic-delivery-usa-to-usa\\\/\"]}]},{\"@type\":\"ImageObject\",\"inLanguage\":\"fr-FR\",\"@id\":\"https:\\\/\\\/buymodafinilonline.com\\\/fr\\\/medicaments-intelligents\\\/extra-strength-modaxl-300-mg-us-domestic-delivery-usa-to-usa\\\/#primaryimage\",\"url\":\"https:\\\/\\\/buymodafinilonline.com\\\/wp-content\\\/uploads\\\/2023\\\/09\\\/bmo-product-extra-strength-modaxl-300-mg-usps.png\",\"contentUrl\":\"https:\\\/\\\/buymodafinilonline.com\\\/wp-content\\\/uploads\\\/2023\\\/09\\\/bmo-product-extra-strength-modaxl-300-mg-usps.png\",\"width\":1280,\"height\":1500,\"caption\":\"Extra Strength ModaXL 300 MG \u2013 US Domestic Delivery (USA to USA)\"},{\"@type\":\"BreadcrumbList\",\"@id\":\"https:\\\/\\\/buymodafinilonline.com\\\/fr\\\/medicaments-intelligents\\\/extra-strength-modaxl-300-mg-us-domestic-delivery-usa-to-usa\\\/#breadcrumb\",\"itemListElement\":[{\"@type\":\"ListItem\",\"position\":1,\"name\":\"Buy Modafinil Online\",\"item\":\"https:\\\/\\\/buymodafinilonline.com\\\/fr\\\/\"},{\"@type\":\"ListItem\",\"position\":2,\"name\":\"Boutique\",\"item\":\"https:\\\/\\\/buymodafinilonline.com\\\/fr\\\/boutique\\\/\"},{\"@type\":\"ListItem\",\"position\":3,\"name\":\"US Domestic Shipping\",\"item\":\"https:\\\/\\\/buymodafinilonline.com\\\/fr\\\/categorie-de-produit\\\/us-domestic-shipping-fr\\\/\"},{\"@type\":\"ListItem\",\"position\":4,\"name\":\"Extra Strength ModaXL 300 MG &#8211; US Domestic Delivery (USA to USA)\"}]},{\"@type\":\"WebSite\",\"@id\":\"https:\\\/\\\/buymodafinilonline.com\\\/fr\\\/#website\",\"url\":\"https:\\\/\\\/buymodafinilonline.com\\\/fr\\\/\",\"name\":\"BuyModafinilOnline.com\",\"description\":\"Modafinil Online Pharmacy\",\"publisher\":{\"@id\":\"https:\\\/\\\/buymodafinilonline.com\\\/fr\\\/#organization\"},\"potentialAction\":[{\"@type\":\"SearchAction\",\"target\":{\"@type\":\"EntryPoint\",\"urlTemplate\":\"https:\\\/\\\/buymodafinilonline.com\\\/fr\\\/?s={search_term_string}\"},\"query-input\":{\"@type\":\"PropertyValueSpecification\",\"valueRequired\":true,\"valueName\":\"search_term_string\"}}],\"inLanguage\":\"fr-FR\"},{\"@type\":\"Organization\",\"@id\":\"https:\\\/\\\/buymodafinilonline.com\\\/fr\\\/#organization\",\"name\":\"BuyModafinilOnline\",\"url\":\"https:\\\/\\\/buymodafinilonline.com\\\/fr\\\/\",\"logo\":{\"@type\":\"ImageObject\",\"inLanguage\":\"fr-FR\",\"@id\":\"https:\\\/\\\/buymodafinilonline.com\\\/fr\\\/#\\\/schema\\\/logo\\\/image\\\/\",\"url\":\"https:\\\/\\\/buymodafinilonline.com\\\/wp-content\\\/uploads\\\/2020\\\/04\\\/logo-buy-modafinil-online-yellow.png\",\"contentUrl\":\"https:\\\/\\\/buymodafinilonline.com\\\/wp-content\\\/uploads\\\/2020\\\/04\\\/logo-buy-modafinil-online-yellow.png\",\"width\":200,\"height\":200,\"caption\":\"BuyModafinilOnline\"},\"image\":{\"@id\":\"https:\\\/\\\/buymodafinilonline.com\\\/fr\\\/#\\\/schema\\\/logo\\\/image\\\/\"}}]}<\/script>\n<!-- \/ Yoast SEO Premium plugin. -->","yoast_head_json":{"title":"Commandez Strong ModaXL 300 MG Pills via USPS Overnight Domestic Shipping - BuyModafinilOnline","description":"Achetez des m\u00e9dicaments puissants ModaXL 300 mg en ligne avec l'exp\u00e9dition la plus rapide du jour au lendemain par courrier USPS et obtenez une exp\u00e9dition rapide aux \u00c9tats-Unis qui prend 3-4 jours via l'option de livraison locale directe. Profitez des r\u00e9ductions importantes pour le paiement en Bitcoin \u00e0 la pharmacie BuyModafinilOnline d\u00e8s maintenant !","robots":{"index":"index","follow":"follow","max-snippet":"max-snippet:-1","max-image-preview":"max-image-preview:large","max-video-preview":"max-video-preview:-1"},"canonical":"https:\/\/buymodafinilonline.com\/fr\/medicaments-intelligents\/extra-strength-modaxl-300-mg-us-domestic-delivery-usa-to-usa\/","og_locale":"fr_FR","og_type":"article","og_title":"Extra Strength ModaXL 300 MG - US Domestic Delivery (USA to USA)","og_description":"Achetez des m\u00e9dicaments puissants ModaXL 300 mg en ligne avec l'exp\u00e9dition la plus rapide du jour au lendemain par courrier USPS et obtenez une exp\u00e9dition rapide aux \u00c9tats-Unis qui prend 3-4 jours via l'option de livraison locale directe. Profitez des r\u00e9ductions importantes pour le paiement en Bitcoin \u00e0 la pharmacie BuyModafinilOnline d\u00e8s maintenant !","og_url":"https:\/\/buymodafinilonline.com\/fr\/medicaments-intelligents\/extra-strength-modaxl-300-mg-us-domestic-delivery-usa-to-usa\/","og_site_name":"BuyModafinilOnline.com","article_modified_time":"2026-01-22T09:58:57+00:00","og_image":[{"width":1280,"height":1500,"url":"https:\/\/buymodafinilonline.com\/wp-content\/uploads\/2023\/09\/bmo-product-extra-strength-modaxl-300-mg-usps.png","type":"image\/png"}],"twitter_misc":{"Dur\u00e9e de lecture estim\u00e9e":"6 minutes"},"schema":{"@context":"https:\/\/schema.org","@graph":[{"@type":"WebPage","@id":"https:\/\/buymodafinilonline.com\/fr\/medicaments-intelligents\/extra-strength-modaxl-300-mg-us-domestic-delivery-usa-to-usa\/","url":"https:\/\/buymodafinilonline.com\/fr\/medicaments-intelligents\/extra-strength-modaxl-300-mg-us-domestic-delivery-usa-to-usa\/","name":"Commandez Strong ModaXL 300 MG Pills via USPS Overnight Domestic Shipping - BuyModafinilOnline","isPartOf":{"@id":"https:\/\/buymodafinilonline.com\/fr\/#website"},"primaryImageOfPage":{"@id":"https:\/\/buymodafinilonline.com\/fr\/medicaments-intelligents\/extra-strength-modaxl-300-mg-us-domestic-delivery-usa-to-usa\/#primaryimage"},"image":{"@id":"https:\/\/buymodafinilonline.com\/fr\/medicaments-intelligents\/extra-strength-modaxl-300-mg-us-domestic-delivery-usa-to-usa\/#primaryimage"},"thumbnailUrl":"https:\/\/buymodafinilonline.com\/wp-content\/uploads\/2023\/09\/bmo-product-extra-strength-modaxl-300-mg-usps.png","datePublished":"2023-09-26T03:27:16+00:00","dateModified":"2026-01-22T09:58:57+00:00","description":"Achetez des m\u00e9dicaments puissants ModaXL 300 mg en ligne avec l'exp\u00e9dition la plus rapide du jour au lendemain par courrier USPS et obtenez une exp\u00e9dition rapide aux \u00c9tats-Unis qui prend 3-4 jours via l'option de livraison locale directe. Profitez des r\u00e9ductions importantes pour le paiement en Bitcoin \u00e0 la pharmacie BuyModafinilOnline d\u00e8s maintenant !","breadcrumb":{"@id":"https:\/\/buymodafinilonline.com\/fr\/medicaments-intelligents\/extra-strength-modaxl-300-mg-us-domestic-delivery-usa-to-usa\/#breadcrumb"},"inLanguage":"fr-FR","potentialAction":[{"@type":"ReadAction","target":["https:\/\/buymodafinilonline.com\/fr\/medicaments-intelligents\/extra-strength-modaxl-300-mg-us-domestic-delivery-usa-to-usa\/"]}]},{"@type":"ImageObject","inLanguage":"fr-FR","@id":"https:\/\/buymodafinilonline.com\/fr\/medicaments-intelligents\/extra-strength-modaxl-300-mg-us-domestic-delivery-usa-to-usa\/#primaryimage","url":"https:\/\/buymodafinilonline.com\/wp-content\/uploads\/2023\/09\/bmo-product-extra-strength-modaxl-300-mg-usps.png","contentUrl":"https:\/\/buymodafinilonline.com\/wp-content\/uploads\/2023\/09\/bmo-product-extra-strength-modaxl-300-mg-usps.png","width":1280,"height":1500,"caption":"Extra Strength ModaXL 300 MG \u2013 US Domestic Delivery (USA to USA)"},{"@type":"BreadcrumbList","@id":"https:\/\/buymodafinilonline.com\/fr\/medicaments-intelligents\/extra-strength-modaxl-300-mg-us-domestic-delivery-usa-to-usa\/#breadcrumb","itemListElement":[{"@type":"ListItem","position":1,"name":"Buy Modafinil Online","item":"https:\/\/buymodafinilonline.com\/fr\/"},{"@type":"ListItem","position":2,"name":"Boutique","item":"https:\/\/buymodafinilonline.com\/fr\/boutique\/"},{"@type":"ListItem","position":3,"name":"US Domestic Shipping","item":"https:\/\/buymodafinilonline.com\/fr\/categorie-de-produit\/us-domestic-shipping-fr\/"},{"@type":"ListItem","position":4,"name":"Extra Strength ModaXL 300 MG &#8211; US Domestic Delivery (USA to USA)"}]},{"@type":"WebSite","@id":"https:\/\/buymodafinilonline.com\/fr\/#website","url":"https:\/\/buymodafinilonline.com\/fr\/","name":"BuyModafinilOnline.com","description":"Modafinil Online Pharmacy","publisher":{"@id":"https:\/\/buymodafinilonline.com\/fr\/#organization"},"potentialAction":[{"@type":"SearchAction","target":{"@type":"EntryPoint","urlTemplate":"https:\/\/buymodafinilonline.com\/fr\/?s={search_term_string}"},"query-input":{"@type":"PropertyValueSpecification","valueRequired":true,"valueName":"search_term_string"}}],"inLanguage":"fr-FR"},{"@type":"Organization","@id":"https:\/\/buymodafinilonline.com\/fr\/#organization","name":"BuyModafinilOnline","url":"https:\/\/buymodafinilonline.com\/fr\/","logo":{"@type":"ImageObject","inLanguage":"fr-FR","@id":"https:\/\/buymodafinilonline.com\/fr\/#\/schema\/logo\/image\/","url":"https:\/\/buymodafinilonline.com\/wp-content\/uploads\/2020\/04\/logo-buy-modafinil-online-yellow.png","contentUrl":"https:\/\/buymodafinilonline.com\/wp-content\/uploads\/2020\/04\/logo-buy-modafinil-online-yellow.png","width":200,"height":200,"caption":"BuyModafinilOnline"},"image":{"@id":"https:\/\/buymodafinilonline.com\/fr\/#\/schema\/logo\/image\/"}}]}},"_links":{"self":[{"href":"https:\/\/buymodafinilonline.com\/fr\/wp-json\/wp\/v2\/product\/480452","targetHints":{"allow":["GET"]}}],"collection":[{"href":"https:\/\/buymodafinilonline.com\/fr\/wp-json\/wp\/v2\/product"}],"about":[{"href":"https:\/\/buymodafinilonline.com\/fr\/wp-json\/wp\/v2\/types\/product"}],"replies":[{"embeddable":true,"href":"https:\/\/buymodafinilonline.com\/fr\/wp-json\/wp\/v2\/comments?post=480452"}],"wp:featuredmedia":[{"embeddable":true,"href":"https:\/\/buymodafinilonline.com\/fr\/wp-json\/wp\/v2\/media\/462049"}],"wp:attachment":[{"href":"https:\/\/buymodafinilonline.com\/fr\/wp-json\/wp\/v2\/media?parent=480452"}],"wp:term":[{"taxonomy":"product_brand","embeddable":true,"href":"https:\/\/buymodafinilonline.com\/fr\/wp-json\/wp\/v2\/product_brand?post=480452"},{"taxonomy":"product_cat","embeddable":true,"href":"https:\/\/buymodafinilonline.com\/fr\/wp-json\/wp\/v2\/product_cat?post=480452"},{"taxonomy":"product_tag","embeddable":true,"href":"https:\/\/buymodafinilonline.com\/fr\/wp-json\/wp\/v2\/product_tag?post=480452"}],"curies":[{"name":"wp","href":"https:\/\/api.w.org\/{rel}","templated":true}]}}