{"id":400314,"date":"2020-04-30T22:37:27","date_gmt":"2020-04-30T21:37:27","guid":{"rendered":"https:\/\/buymodafinilonline.com\/non-abbiamo-modafinil-contraffatto\/"},"modified":"2020-04-30T22:37:27","modified_gmt":"2020-04-30T21:37:27","slug":"non-abbiamo-modafinil-contraffatto","status":"publish","type":"page","link":"https:\/\/buymodafinilonline.com\/it\/non-abbiamo-modafinil-contraffatto\/","title":{"rendered":"NON abbiamo modafinil contraffatto"},"content":{"rendered":"<p><img fetchpriority=\"high\" decoding=\"async\" class=\"aligncenter size-full wp-image-399076\" src=\"https:\/\/buymodafinilonline.com\/wp-content\/uploads\/2020\/04\/bmo-featured-no-fake-modafinil.png\" alt=\"Farmacia affidabile SENZA modafinil contraffatto dall'India\" width=\"2048\" height=\"1152\" srcset=\"https:\/\/buymodafinilonline.com\/wp-content\/uploads\/2020\/04\/bmo-featured-no-fake-modafinil.png 2048w, https:\/\/buymodafinilonline.com\/wp-content\/uploads\/2020\/04\/bmo-featured-no-fake-modafinil-300x169.png 300w, https:\/\/buymodafinilonline.com\/wp-content\/uploads\/2020\/04\/bmo-featured-no-fake-modafinil-150x84.png 150w, https:\/\/buymodafinilonline.com\/wp-content\/uploads\/2020\/04\/bmo-featured-no-fake-modafinil-800x450.png 800w, https:\/\/buymodafinilonline.com\/wp-content\/uploads\/2020\/04\/bmo-featured-no-fake-modafinil-1024x576.png 1024w, https:\/\/buymodafinilonline.com\/wp-content\/uploads\/2020\/04\/bmo-featured-no-fake-modafinil-768x432.png 768w, https:\/\/buymodafinilonline.com\/wp-content\/uploads\/2020\/04\/bmo-featured-no-fake-modafinil-1536x864.png 1536w\" sizes=\"(max-width: 2048px) 100vw, 2048px\" \/><\/p>\n<p>Da quando si \u00e8 scoperto che il modafinil \u00e8 il segreto delle incredibili prestazioni di amministratori delegati, piloti, analisti e altri professionisti il cui lavoro richiede la massima concentrazione e attenzione, la sua popolarit\u00e0 \u00e8 cresciuta. Questo ha comportato un incremento della richiesta e un corrispondente aumento del numero di varianti e produttori.<\/p>\n<p>Sembra una buona notizia, ma, al contempo, d\u00e0 luogo anche alla circolazione di farmaci contraffatti. Tuttavia, esiste un modo per assicurarsi di ricevere il medicinale autentico. Dovete rivolgervi esclusivamente a negozi affidabili, come la nostra farmacia. Noi non vediamo pillole contraffatte. Continuate a leggere e guardate voi stessi.<\/p>\n<h2>Perch\u00e9 le nostre pillole di modafinil sono affidabili e sicure?<\/h2>\n<p>Probabilmente, state leggendo questa pagina perch\u00e9 volete del modafinil autentico e non contraffatto. Ma come potete essere sicuri che le nostre pillole sono affidabili e non contraffatte? Ora ve lo mostriamo.<\/p>\n<p>Per prima cosa, reperiamo i nostri farmaci dai principali produttori dell&#8217;India, come Sun Pharma e HAB Pharma. Si tratta di case farmaceutiche di prim&#8217;ordine con una comprovata esperienza nel rispetto e persino nel superamento delle norme previste.<\/p>\n<p>Sun Pharma, ad esempio, \u00e8 la pi\u00f9 grande azienda specializzata in generici dell&#8217;India, la pi\u00f9 grande casa farmaceutica indiana degli Stati Uniti e la quinta al mondo in termini di dimensioni <a href=\"https:\/\/en.m.wikipedia.org\/wiki\/Sun_Pharmaceutical\">[1]<\/a>. HAB Pharma, dal canto suo, \u00e8 un altro gigante farmaceutico <a href=\"https:\/\/habpharma.in\/\">[2]<\/a>. Entrambe hanno ottenuto l&#8217;approvazione della Food and Drug Administration (FDA) e le certificazioni International Organization for Standardization (ISO) 9001, Good Manufacturing Practices (GMP) e World Health Organization (WHO). Questo significa che ogni singolo prodotto che ci arriva dai loro laboratori \u00e8 sicuro e soddisfa tutti gli standard necessari.<\/p>\n<p>Inoltre, ci distinguiamo brillantemente per quanto riguarda la soddisfazione dei nostri clienti. Non fidatevi soltanto della nostra parola: lasciatevi convincere dalle recensioni dei nostri utenti!<\/p>\n<p>Noi di BuyModafinilOnline non vendiamo farmaci a base di modafinil contraffatto, ma offriamo solo smart drug affidabili. Potete stare sicuri di ricevere pillole di modafinil assolutamente efficaci.<\/p>\n<h2>Semplici modi per individuare il modafinil contraffatto<\/h2>\n<p>Oggi, \u00e8 molto semplice spendere una fortuna nel tentativo di acquistare del modafinil autentico e ricevere invece delle pillole contraffatte. Fortunatamente, esistono dei modi semplici per individuare subito le truffe. Ecco come.<\/p>\n<ul>\n<li>Ispezione visiva. \u00c8 il metodo pi\u00f9 efficace per distinguere i farmaci contraffatti da quelli autentici. Potete dare un&#8217;occhiata alle immagini online del modafinil autentico e raffrontarle con la versione che avete ricevuto. \u00c8 spesso il modo pi\u00f9 semplice per individuare eventuali differenze. Inoltre, controllate se le pillole emanano cattivo odore.<\/li>\n<li>Prova. Provare la pillola per scoprire se funziona o no \u00e8 un altro metodo per individuare le pillole di modafinil contraffatto. Solitamente, il farmaco autentico ha un effetto stimolante sui consumatori. Se non notate un maggiore apporto di energia, un aumento di attenzione e\/o concentrazione, ci sono buone probabilit\u00e0 che potrebbe non essere autentico. Tuttavia, vale la pena notare che la &#8220;prova&#8221; non \u00e8 propriamente un metodo infallibile per individuare del modafinil contraffatto, perch\u00e9 le recensioni dimostrano che questo farmaco potrebbe non funzionare per tutti <a href=\"https:\/\/www.drugs.com\/comments\/modafinil\/provigil-for-narcolepsy.html\">[3]<\/a>.<\/li>\n<\/ul>\n<p>Bisogna infine osservare che uno dei modi migliori per evitare compresse di modafinil contraffatto \u00e8 assicurarsi di acquistarle solo da rivenditori affidabili. In questo modo, non avrete nemmeno bisogno di provarlo per vedere se si tratta di un farmaco contraffatto. State cercando delle pillole di modafinil autentico? Ordinate e ricevete le vostre pillole in 1 settimana.<\/p>\n<h3>Riferimenti<\/h3>\n<ol>\n<li>Sun Pharmaceutical. Consultato l&#8217;11 marzo 2020. Wikipedia.org.<\/li>\n<li>Sito web ufficiale di HAB Pharma. Habpharma.in.<\/li>\n<li>Recensioni degli utenti su Provigil per il trattamento della narcolessia. Consultato il 7 marzo 2020. Drugs.com.<\/li>\n<\/ol>\n","protected":false},"excerpt":{"rendered":"<p>Da quando si \u00e8 scoperto che il modafinil \u00e8 il segreto delle incredibili prestazioni di amministratori delegati, piloti, analisti e altri professionisti il cui lavoro richiede la massima concentrazione e attenzione, la sua popolarit\u00e0 \u00e8 cresciuta. Questo ha comportato un incremento della richiesta e un corrispondente aumento del numero di varianti e produttori. Sembra una [&hellip;]<\/p>\n","protected":false},"author":1,"featured_media":0,"parent":0,"menu_order":0,"comment_status":"closed","ping_status":"closed","template":"","meta":{"_acf_changed":false,"footnotes":""},"class_list":["post-400314","page","type-page","status-publish","hentry"],"acf":[],"yoast_head":"<!-- This site is optimized with the Yoast SEO Premium plugin v23.6 (Yoast SEO v27.3) - https:\/\/yoast.com\/product\/yoast-seo-premium-wordpress\/ -->\n<title>Farmacia affidabile SENZA modafinil contraffatto dall&#039;India - BuyModafinilOnline<\/title>\n<meta name=\"description\" content=\"Volete evitare le frodi e acquistare pillole di modafinil di qualit\u00e0? Qui troverete i migliori suggerimenti su come riconoscere le truffe e dove ordinare modafinil online in sicurezza al miglior prezzo. NIENTE farmaci contraffatti!\" \/>\n<meta name=\"robots\" content=\"index, follow, max-snippet:-1, max-image-preview:large, max-video-preview:-1\" \/>\n<link rel=\"canonical\" href=\"https:\/\/buymodafinilonline.com\/it\/non-abbiamo-modafinil-contraffatto\/\" \/>\n<meta property=\"og:locale\" content=\"it_IT\" \/>\n<meta property=\"og:type\" content=\"article\" \/>\n<meta property=\"og:title\" content=\"NON abbiamo modafinil contraffatto\" \/>\n<meta property=\"og:description\" content=\"Volete evitare le frodi e acquistare pillole di modafinil di qualit\u00e0? Qui troverete i migliori suggerimenti su come riconoscere le truffe e dove ordinare modafinil online in sicurezza al miglior prezzo. NIENTE farmaci contraffatti!\" \/>\n<meta property=\"og:url\" content=\"https:\/\/buymodafinilonline.com\/it\/non-abbiamo-modafinil-contraffatto\/\" \/>\n<meta property=\"og:site_name\" content=\"BuyModafinilOnline.com\" \/>\n<meta property=\"og:image\" content=\"https:\/\/buymodafinilonline.com\/wp-content\/uploads\/2020\/04\/bmo-featured-no-fake-modafinil.png\" \/>\n<meta name=\"twitter:label1\" content=\"Tempo di lettura stimato\" \/>\n\t<meta name=\"twitter:data1\" content=\"3 minuti\" \/>\n<script type=\"application\/ld+json\" class=\"yoast-schema-graph\">{\"@context\":\"https:\\\/\\\/schema.org\",\"@graph\":[{\"@type\":\"WebPage\",\"@id\":\"https:\\\/\\\/buymodafinilonline.com\\\/it\\\/non-abbiamo-modafinil-contraffatto\\\/\",\"url\":\"https:\\\/\\\/buymodafinilonline.com\\\/it\\\/non-abbiamo-modafinil-contraffatto\\\/\",\"name\":\"Farmacia affidabile SENZA modafinil contraffatto dall'India - BuyModafinilOnline\",\"isPartOf\":{\"@id\":\"https:\\\/\\\/buymodafinilonline.com\\\/it\\\/#website\"},\"primaryImageOfPage\":{\"@id\":\"https:\\\/\\\/buymodafinilonline.com\\\/it\\\/non-abbiamo-modafinil-contraffatto\\\/#primaryimage\"},\"image\":{\"@id\":\"https:\\\/\\\/buymodafinilonline.com\\\/it\\\/non-abbiamo-modafinil-contraffatto\\\/#primaryimage\"},\"thumbnailUrl\":\"https:\\\/\\\/buymodafinilonline.com\\\/wp-content\\\/uploads\\\/2020\\\/04\\\/bmo-featured-no-fake-modafinil.png\",\"datePublished\":\"2020-04-30T21:37:27+00:00\",\"description\":\"Volete evitare le frodi e acquistare pillole di modafinil di qualit\u00e0? Qui troverete i migliori suggerimenti su come riconoscere le truffe e dove ordinare modafinil online in sicurezza al miglior prezzo. NIENTE farmaci contraffatti!\",\"breadcrumb\":{\"@id\":\"https:\\\/\\\/buymodafinilonline.com\\\/it\\\/non-abbiamo-modafinil-contraffatto\\\/#breadcrumb\"},\"inLanguage\":\"it-IT\",\"potentialAction\":[{\"@type\":\"ReadAction\",\"target\":[\"https:\\\/\\\/buymodafinilonline.com\\\/it\\\/non-abbiamo-modafinil-contraffatto\\\/\"]}]},{\"@type\":\"ImageObject\",\"inLanguage\":\"it-IT\",\"@id\":\"https:\\\/\\\/buymodafinilonline.com\\\/it\\\/non-abbiamo-modafinil-contraffatto\\\/#primaryimage\",\"url\":\"https:\\\/\\\/buymodafinilonline.com\\\/wp-content\\\/uploads\\\/2020\\\/04\\\/bmo-featured-no-fake-modafinil.png\",\"contentUrl\":\"https:\\\/\\\/buymodafinilonline.com\\\/wp-content\\\/uploads\\\/2020\\\/04\\\/bmo-featured-no-fake-modafinil.png\"},{\"@type\":\"BreadcrumbList\",\"@id\":\"https:\\\/\\\/buymodafinilonline.com\\\/it\\\/non-abbiamo-modafinil-contraffatto\\\/#breadcrumb\",\"itemListElement\":[{\"@type\":\"ListItem\",\"position\":1,\"name\":\"Buy Modafinil Online\",\"item\":\"https:\\\/\\\/buymodafinilonline.com\\\/it\\\/\"},{\"@type\":\"ListItem\",\"position\":2,\"name\":\"NON abbiamo modafinil contraffatto\"}]},{\"@type\":\"WebSite\",\"@id\":\"https:\\\/\\\/buymodafinilonline.com\\\/it\\\/#website\",\"url\":\"https:\\\/\\\/buymodafinilonline.com\\\/it\\\/\",\"name\":\"BuyModafinilOnline.com\",\"description\":\"Modafinil Online Pharmacy\",\"publisher\":{\"@id\":\"https:\\\/\\\/buymodafinilonline.com\\\/it\\\/#organization\"},\"potentialAction\":[{\"@type\":\"SearchAction\",\"target\":{\"@type\":\"EntryPoint\",\"urlTemplate\":\"https:\\\/\\\/buymodafinilonline.com\\\/it\\\/?s={search_term_string}\"},\"query-input\":{\"@type\":\"PropertyValueSpecification\",\"valueRequired\":true,\"valueName\":\"search_term_string\"}}],\"inLanguage\":\"it-IT\"},{\"@type\":\"Organization\",\"@id\":\"https:\\\/\\\/buymodafinilonline.com\\\/it\\\/#organization\",\"name\":\"BuyModafinilOnline\",\"url\":\"https:\\\/\\\/buymodafinilonline.com\\\/it\\\/\",\"logo\":{\"@type\":\"ImageObject\",\"inLanguage\":\"it-IT\",\"@id\":\"https:\\\/\\\/buymodafinilonline.com\\\/it\\\/#\\\/schema\\\/logo\\\/image\\\/\",\"url\":\"https:\\\/\\\/buymodafinilonline.com\\\/wp-content\\\/uploads\\\/2020\\\/04\\\/logo-buy-modafinil-online-yellow.png\",\"contentUrl\":\"https:\\\/\\\/buymodafinilonline.com\\\/wp-content\\\/uploads\\\/2020\\\/04\\\/logo-buy-modafinil-online-yellow.png\",\"width\":200,\"height\":200,\"caption\":\"BuyModafinilOnline\"},\"image\":{\"@id\":\"https:\\\/\\\/buymodafinilonline.com\\\/it\\\/#\\\/schema\\\/logo\\\/image\\\/\"}}]}<\/script>\n<!-- \/ Yoast SEO Premium plugin. -->","yoast_head_json":{"title":"Farmacia affidabile SENZA modafinil contraffatto dall'India - BuyModafinilOnline","description":"Volete evitare le frodi e acquistare pillole di modafinil di qualit\u00e0? Qui troverete i migliori suggerimenti su come riconoscere le truffe e dove ordinare modafinil online in sicurezza al miglior prezzo. NIENTE farmaci contraffatti!","robots":{"index":"index","follow":"follow","max-snippet":"max-snippet:-1","max-image-preview":"max-image-preview:large","max-video-preview":"max-video-preview:-1"},"canonical":"https:\/\/buymodafinilonline.com\/it\/non-abbiamo-modafinil-contraffatto\/","og_locale":"it_IT","og_type":"article","og_title":"NON abbiamo modafinil contraffatto","og_description":"Volete evitare le frodi e acquistare pillole di modafinil di qualit\u00e0? Qui troverete i migliori suggerimenti su come riconoscere le truffe e dove ordinare modafinil online in sicurezza al miglior prezzo. NIENTE farmaci contraffatti!","og_url":"https:\/\/buymodafinilonline.com\/it\/non-abbiamo-modafinil-contraffatto\/","og_site_name":"BuyModafinilOnline.com","og_image":[{"url":"https:\/\/buymodafinilonline.com\/wp-content\/uploads\/2020\/04\/bmo-featured-no-fake-modafinil.png","type":"","width":"","height":""}],"twitter_misc":{"Tempo di lettura stimato":"3 minuti"},"schema":{"@context":"https:\/\/schema.org","@graph":[{"@type":"WebPage","@id":"https:\/\/buymodafinilonline.com\/it\/non-abbiamo-modafinil-contraffatto\/","url":"https:\/\/buymodafinilonline.com\/it\/non-abbiamo-modafinil-contraffatto\/","name":"Farmacia affidabile SENZA modafinil contraffatto dall'India - BuyModafinilOnline","isPartOf":{"@id":"https:\/\/buymodafinilonline.com\/it\/#website"},"primaryImageOfPage":{"@id":"https:\/\/buymodafinilonline.com\/it\/non-abbiamo-modafinil-contraffatto\/#primaryimage"},"image":{"@id":"https:\/\/buymodafinilonline.com\/it\/non-abbiamo-modafinil-contraffatto\/#primaryimage"},"thumbnailUrl":"https:\/\/buymodafinilonline.com\/wp-content\/uploads\/2020\/04\/bmo-featured-no-fake-modafinil.png","datePublished":"2020-04-30T21:37:27+00:00","description":"Volete evitare le frodi e acquistare pillole di modafinil di qualit\u00e0? Qui troverete i migliori suggerimenti su come riconoscere le truffe e dove ordinare modafinil online in sicurezza al miglior prezzo. NIENTE farmaci contraffatti!","breadcrumb":{"@id":"https:\/\/buymodafinilonline.com\/it\/non-abbiamo-modafinil-contraffatto\/#breadcrumb"},"inLanguage":"it-IT","potentialAction":[{"@type":"ReadAction","target":["https:\/\/buymodafinilonline.com\/it\/non-abbiamo-modafinil-contraffatto\/"]}]},{"@type":"ImageObject","inLanguage":"it-IT","@id":"https:\/\/buymodafinilonline.com\/it\/non-abbiamo-modafinil-contraffatto\/#primaryimage","url":"https:\/\/buymodafinilonline.com\/wp-content\/uploads\/2020\/04\/bmo-featured-no-fake-modafinil.png","contentUrl":"https:\/\/buymodafinilonline.com\/wp-content\/uploads\/2020\/04\/bmo-featured-no-fake-modafinil.png"},{"@type":"BreadcrumbList","@id":"https:\/\/buymodafinilonline.com\/it\/non-abbiamo-modafinil-contraffatto\/#breadcrumb","itemListElement":[{"@type":"ListItem","position":1,"name":"Buy Modafinil Online","item":"https:\/\/buymodafinilonline.com\/it\/"},{"@type":"ListItem","position":2,"name":"NON abbiamo modafinil contraffatto"}]},{"@type":"WebSite","@id":"https:\/\/buymodafinilonline.com\/it\/#website","url":"https:\/\/buymodafinilonline.com\/it\/","name":"BuyModafinilOnline.com","description":"Modafinil Online Pharmacy","publisher":{"@id":"https:\/\/buymodafinilonline.com\/it\/#organization"},"potentialAction":[{"@type":"SearchAction","target":{"@type":"EntryPoint","urlTemplate":"https:\/\/buymodafinilonline.com\/it\/?s={search_term_string}"},"query-input":{"@type":"PropertyValueSpecification","valueRequired":true,"valueName":"search_term_string"}}],"inLanguage":"it-IT"},{"@type":"Organization","@id":"https:\/\/buymodafinilonline.com\/it\/#organization","name":"BuyModafinilOnline","url":"https:\/\/buymodafinilonline.com\/it\/","logo":{"@type":"ImageObject","inLanguage":"it-IT","@id":"https:\/\/buymodafinilonline.com\/it\/#\/schema\/logo\/image\/","url":"https:\/\/buymodafinilonline.com\/wp-content\/uploads\/2020\/04\/logo-buy-modafinil-online-yellow.png","contentUrl":"https:\/\/buymodafinilonline.com\/wp-content\/uploads\/2020\/04\/logo-buy-modafinil-online-yellow.png","width":200,"height":200,"caption":"BuyModafinilOnline"},"image":{"@id":"https:\/\/buymodafinilonline.com\/it\/#\/schema\/logo\/image\/"}}]}},"_links":{"self":[{"href":"https:\/\/buymodafinilonline.com\/it\/wp-json\/wp\/v2\/pages\/400314","targetHints":{"allow":["GET"]}}],"collection":[{"href":"https:\/\/buymodafinilonline.com\/it\/wp-json\/wp\/v2\/pages"}],"about":[{"href":"https:\/\/buymodafinilonline.com\/it\/wp-json\/wp\/v2\/types\/page"}],"author":[{"embeddable":true,"href":"https:\/\/buymodafinilonline.com\/it\/wp-json\/wp\/v2\/users\/1"}],"replies":[{"embeddable":true,"href":"https:\/\/buymodafinilonline.com\/it\/wp-json\/wp\/v2\/comments?post=400314"}],"version-history":[{"count":0,"href":"https:\/\/buymodafinilonline.com\/it\/wp-json\/wp\/v2\/pages\/400314\/revisions"}],"wp:attachment":[{"href":"https:\/\/buymodafinilonline.com\/it\/wp-json\/wp\/v2\/media?parent=400314"}],"curies":[{"name":"wp","href":"https:\/\/api.w.org\/{rel}","templated":true}]}}