{"id":400315,"date":"2020-04-30T22:37:28","date_gmt":"2020-04-30T21:37:28","guid":{"rendered":"https:\/\/buymodafinilonline.com\/dovremmo-fidarci-di-sun-pharma-e-hab-pharma\/"},"modified":"2020-04-30T22:37:28","modified_gmt":"2020-04-30T21:37:28","slug":"dovremmo-fidarci-di-sun-pharma-e-hab-pharma","status":"publish","type":"page","link":"https:\/\/buymodafinilonline.com\/it\/dovremmo-fidarci-di-sun-pharma-e-hab-pharma\/","title":{"rendered":"Dovremmo fidarci di Sun Pharma e HAB Pharma?"},"content":{"rendered":"<p><img fetchpriority=\"high\" decoding=\"async\" class=\"aligncenter size-full wp-image-399083\" src=\"https:\/\/buymodafinilonline.com\/wp-content\/uploads\/2020\/04\/bmo-featured-trust-sun-pharma-hab.png\" alt=\"Sun Pharma e HAB Pharma: perch\u00e9 possiamo fidarci\" width=\"2048\" height=\"1152\" srcset=\"https:\/\/buymodafinilonline.com\/wp-content\/uploads\/2020\/04\/bmo-featured-trust-sun-pharma-hab.png 2048w, https:\/\/buymodafinilonline.com\/wp-content\/uploads\/2020\/04\/bmo-featured-trust-sun-pharma-hab-300x169.png 300w, https:\/\/buymodafinilonline.com\/wp-content\/uploads\/2020\/04\/bmo-featured-trust-sun-pharma-hab-150x84.png 150w, https:\/\/buymodafinilonline.com\/wp-content\/uploads\/2020\/04\/bmo-featured-trust-sun-pharma-hab-800x450.png 800w, https:\/\/buymodafinilonline.com\/wp-content\/uploads\/2020\/04\/bmo-featured-trust-sun-pharma-hab-1024x576.png 1024w, https:\/\/buymodafinilonline.com\/wp-content\/uploads\/2020\/04\/bmo-featured-trust-sun-pharma-hab-768x432.png 768w, https:\/\/buymodafinilonline.com\/wp-content\/uploads\/2020\/04\/bmo-featured-trust-sun-pharma-hab-1536x864.png 1536w\" sizes=\"(max-width: 2048px) 100vw, 2048px\" \/><\/p>\n<p>Ormai non \u00e8 una novit\u00e0 che l&#8217;India sia uno dei maggiori fornitori di farmaci da banco e generici degli Stati Uniti. Secondo, solo in Canada, rappresenta fino al 40% dell&#8217;intera fornitura di questa Terra di Libert\u00e0. E questo grazie soprattutto a due importanti case farmaceutiche: Sun Pharma e HAB Pharma. Se siete appassionati di nootropi, forse le avrete sentite nominare.<\/p>\n<p>Ma pur essendo due dei pi\u00f9 grandi produttori mondiali di farmaci generici, i loro prodotti sono a norma? Sono affidabili? Questo articolo risponde proprio a queste domande.<\/p>\n<h2>Dati principali sul produttore Sun Pharma<\/h2>\n<p>Sun Pharma \u00e8 stata fondata nel 1983. Con sede centrale a Mumbai, questa multinazionale indiana offre formulazioni in un&#8217;ampia gamma di aree terapeutiche, come neurologia, cardiologia e psichiatria. Inizialmente, Sun Pharma ha esordito con solo cinque prodotti per il trattamento di disturbi psichiatrici. Tuttavia, negli anni, si \u00e8 diversificata e oggi \u00e8 un&#8217;azienda leader del mercato. Ma non \u00e8 tutto. Nel 2014, ha acquisito Ranbaxy Laboratories, e quest&#8217;unica mossa ne ha fatto la pi\u00f9 grande azienda dell&#8217;India, la maggiore casa farmaceutica indiana negli Stati Uniti e la quinta azienda per dimensioni, su scala globale, specializza nella produzione di generici <a href=\"https:\/\/en.m.wikipedia.org\/wiki\/Sun_Pharmaceutical\">[1]<\/a>.<\/p>\n<p>I farmaci pi\u00f9 popolari di Sun Pharma, che potete trovare anche su BuyModafinilOnline, sono Modalert e Waklert. Pertanto, si evince che Sun Pharma \u00e8 molto di pi\u00f9 di una nota azienda farmaceutica. Anzi, \u00e8 una delle pi\u00f9 grandi e affidabili del settore <a href=\"https:\/\/www.sunpharma.com\/\">[2]<\/a>.<\/p>\n<h2>Informazioni essenziali sull&#8217;azienda HAB Pharma<\/h2>\n<p>HAB Pharma \u00e8 uno dei principali fornitori di modafinil del mondo, nonch\u00e9 una diretta concorrente di Sun Pharma. Esiste gi\u00e0 da qualche anno e si \u00e8 ormai ben consolidata nel mercato farmaceutico.<\/p>\n<p>HAB Pharma \u00e8 stata fondata nel 1980 e successivamente, nel 1989, ha aperto il suo primo stabilimento. Negli anni, si \u00e8 estesa al mercato internazionale e ora una significativa percentuale di ci\u00f2 che produce \u00e8 destinata all&#8217;esportazione. <a href=\"http:\/\/habpharma.in\/company-overview\">[3]<\/a>.<\/p>\n<p>Come potete vedere, HAB Pharma \u00e8 abbastanza consolidata e sa reggere il confronto nel mercato farmaceutico. Solo il tempo potr\u00e0 dire quanto andr\u00e0 lontano, ma sembra muoversi molto bene e anche nella giusta direzione. I farmaci pi\u00f9 popolari di quest&#8217;azienda, che potete ordinare anche su BuyModafinilOnline, sono Modvigil e Artvigil.<\/p>\n<h2>Sun Pharma vs HAB Pharma: qual \u00e8 la migliore?<\/h2>\n<p>HAB Pharma vs Sun Pharma: qual \u00e8 la migliore? Se fate parte della community di consumatori di nootropi, probabilmente avrete sentito parlare di questo dibattito migliaia di volte. Entrambe le aziende sono dei giganti del mercato e, pertanto, \u00e8 ovvio che tra loro ci sia concorrenza.<\/p>\n<p>In pratica, sono entrambe aziende affidabili e attendibili, che lavorano davvero benissimo. Pertanto, determinare quale sia la migliore pu\u00f2 solo dipendere da preferenze personali e dai farmaci pi\u00f9 adatti a voi.<\/p>\n<p>Tuttavia, dalle recensioni, molte persone sembrano preferire Sun Pharmaceuticals. Questa preferenza potrebbe essere dettata dal fatto che questo fornitore \u00e8 pi\u00f9 conosciuto. Dall&#8217;altro lato, ci sono anche dei consumatori che preferiscono HAB Pharma e altri che credono che non ci sia alcuna differenza tra i due giganti farmaceutici.<\/p>\n<h2>Perch\u00e9 ci fidiamo di questi fornitori?<\/h2>\n<p>Vi chiedete perch\u00e9 noi ci fidiamo di HAB Pharma e Sun Pharma? \u00c8 molto semplice. Non sono solo molto popolari, ma anche molto affidabili. Entrambe dispongono di laboratori certificati di alto livello dove svolgono la loro attivit\u00e0 di produzione. Tutti i loro farmaci sono approvati dalla Food and Drug Administration degli Stati Uniti e dagli organi equivalenti di altri Paesi.<\/p>\n<p>Ma non \u00e8 tutto. I nomi di queste case farmaceutiche si accompagnano a una serie di certificazioni. Tra queste:<\/p>\n<ul>\n<li>ISO 9001 (per la gestione e la garanzia di qualit\u00e0);<\/li>\n<li>Certificazione WHO GMP (certificazione dell&#8217;Organizzazione mondiale della sanit\u00e0 delle buone prassi di fabbricazione);<\/li>\n<li>Food and Drug Administration (per la qualit\u00e0 dei prodotti).<\/li>\n<\/ul>\n<p>Un altro motivo per cui ci fidiamo cos\u00ec tanto di questi fornitori \u00e8 che, quando abbiamo lavorato con loro, hanno sempre soddisfatto, se non addirittura superato, il nostro accordo sul livello dei servizi (SLA) in termini di consegna e qualit\u00e0 dei farmaci.<\/p>\n<p><a href=\"https:\/\/buymodafinilonline.com\/it\/\">BuyModafinilOnline<\/a> \u00e8 la farmacia online che offre vari coupon, sconti (<a href=\"https:\/\/buymodafinilonline.com\/it\/paga-in-bitcoin\/\">23% di sconto<\/a> per i pagamenti in bitcoin) e offerte. Qui potete acquistare solo farmaci di qualit\u00e0 al miglior prezzo.<\/p>\n<p>Quindi, per rispondere alla domanda iniziale: offrono prodotti a norma? Sono affidabili? La risposta a entrambe le domande \u00e8 s\u00ec. I nostri clienti ne sono la prova vivente, poich\u00e9 si sono sempre espressi in modo positivo sull&#8217;efficacia e la tollerabilit\u00e0 dei nostri prodotti.<\/p>\n<p>P.S. Acquistiamo i nostri prodotti da questi due giganti farmaceutici.<\/p>\n<h3>Riferimenti<\/h3>\n<ol>\n<li>Sun Pharmaceuticals. Consultato l&#8217;8 marzo 2020. Wikipedia.org.<\/li>\n<li>Sun Pharmaceutical Industries Ltd. Sunpharma.com.<\/li>\n<li>Panoramica aziendale HAB Pharma. Habpharma.in.<\/li>\n<\/ol>\n","protected":false},"excerpt":{"rendered":"<p>Ormai non \u00e8 una novit\u00e0 che l&#8217;India sia uno dei maggiori fornitori di farmaci da banco e generici degli Stati Uniti. Secondo, solo in Canada, rappresenta fino al 40% dell&#8217;intera fornitura di questa Terra di Libert\u00e0. E questo grazie soprattutto a due importanti case farmaceutiche: Sun Pharma e HAB Pharma. Se siete appassionati di nootropi, [&hellip;]<\/p>\n","protected":false},"author":1,"featured_media":0,"parent":0,"menu_order":0,"comment_status":"closed","ping_status":"closed","template":"","meta":{"_acf_changed":false,"footnotes":""},"class_list":["post-400315","page","type-page","status-publish","hentry"],"acf":[],"yoast_head":"<!-- This site is optimized with the Yoast SEO Premium plugin v23.6 (Yoast SEO v27.3) - https:\/\/yoast.com\/product\/yoast-seo-premium-wordpress\/ -->\n<title>Sun Pharma e HAB Pharma: perch\u00e9 possiamo fidarci - BuyModafinilOnline<\/title>\n<meta name=\"description\" content=\"Informazioni complete sui fornitori indiani di modafinil Sun Pharma e HAB Pharmaceuticals. Perch\u00e9 dovremmo fidarci? Leggi la verit\u00e0 sui pi\u00f9 grandi produttori di nootropi generici del mondo su BuyModafinilOnline.\" \/>\n<meta name=\"robots\" content=\"index, follow, max-snippet:-1, max-image-preview:large, max-video-preview:-1\" \/>\n<link rel=\"canonical\" href=\"https:\/\/buymodafinilonline.com\/it\/dovremmo-fidarci-di-sun-pharma-e-hab-pharma\/\" \/>\n<meta property=\"og:locale\" content=\"it_IT\" \/>\n<meta property=\"og:type\" content=\"article\" \/>\n<meta property=\"og:title\" content=\"Dovremmo fidarci di Sun Pharma e HAB Pharma?\" \/>\n<meta property=\"og:description\" content=\"Informazioni complete sui fornitori indiani di modafinil Sun Pharma e HAB Pharmaceuticals. Perch\u00e9 dovremmo fidarci? Leggi la verit\u00e0 sui pi\u00f9 grandi produttori di nootropi generici del mondo su BuyModafinilOnline.\" \/>\n<meta property=\"og:url\" content=\"https:\/\/buymodafinilonline.com\/it\/dovremmo-fidarci-di-sun-pharma-e-hab-pharma\/\" \/>\n<meta property=\"og:site_name\" content=\"BuyModafinilOnline.com\" \/>\n<meta property=\"og:image\" content=\"https:\/\/buymodafinilonline.com\/wp-content\/uploads\/2020\/04\/bmo-featured-trust-sun-pharma-hab.png\" \/>\n<meta name=\"twitter:label1\" content=\"Tempo di lettura stimato\" \/>\n\t<meta name=\"twitter:data1\" content=\"4 minuti\" \/>\n<script type=\"application\/ld+json\" class=\"yoast-schema-graph\">{\"@context\":\"https:\\\/\\\/schema.org\",\"@graph\":[{\"@type\":\"WebPage\",\"@id\":\"https:\\\/\\\/buymodafinilonline.com\\\/it\\\/dovremmo-fidarci-di-sun-pharma-e-hab-pharma\\\/\",\"url\":\"https:\\\/\\\/buymodafinilonline.com\\\/it\\\/dovremmo-fidarci-di-sun-pharma-e-hab-pharma\\\/\",\"name\":\"Sun Pharma e HAB Pharma: perch\u00e9 possiamo fidarci - BuyModafinilOnline\",\"isPartOf\":{\"@id\":\"https:\\\/\\\/buymodafinilonline.com\\\/it\\\/#website\"},\"primaryImageOfPage\":{\"@id\":\"https:\\\/\\\/buymodafinilonline.com\\\/it\\\/dovremmo-fidarci-di-sun-pharma-e-hab-pharma\\\/#primaryimage\"},\"image\":{\"@id\":\"https:\\\/\\\/buymodafinilonline.com\\\/it\\\/dovremmo-fidarci-di-sun-pharma-e-hab-pharma\\\/#primaryimage\"},\"thumbnailUrl\":\"https:\\\/\\\/buymodafinilonline.com\\\/wp-content\\\/uploads\\\/2020\\\/04\\\/bmo-featured-trust-sun-pharma-hab.png\",\"datePublished\":\"2020-04-30T21:37:28+00:00\",\"description\":\"Informazioni complete sui fornitori indiani di modafinil Sun Pharma e HAB Pharmaceuticals. Perch\u00e9 dovremmo fidarci? Leggi la verit\u00e0 sui pi\u00f9 grandi produttori di nootropi generici del mondo su BuyModafinilOnline.\",\"breadcrumb\":{\"@id\":\"https:\\\/\\\/buymodafinilonline.com\\\/it\\\/dovremmo-fidarci-di-sun-pharma-e-hab-pharma\\\/#breadcrumb\"},\"inLanguage\":\"it-IT\",\"potentialAction\":[{\"@type\":\"ReadAction\",\"target\":[\"https:\\\/\\\/buymodafinilonline.com\\\/it\\\/dovremmo-fidarci-di-sun-pharma-e-hab-pharma\\\/\"]}]},{\"@type\":\"ImageObject\",\"inLanguage\":\"it-IT\",\"@id\":\"https:\\\/\\\/buymodafinilonline.com\\\/it\\\/dovremmo-fidarci-di-sun-pharma-e-hab-pharma\\\/#primaryimage\",\"url\":\"https:\\\/\\\/buymodafinilonline.com\\\/wp-content\\\/uploads\\\/2020\\\/04\\\/bmo-featured-trust-sun-pharma-hab.png\",\"contentUrl\":\"https:\\\/\\\/buymodafinilonline.com\\\/wp-content\\\/uploads\\\/2020\\\/04\\\/bmo-featured-trust-sun-pharma-hab.png\"},{\"@type\":\"BreadcrumbList\",\"@id\":\"https:\\\/\\\/buymodafinilonline.com\\\/it\\\/dovremmo-fidarci-di-sun-pharma-e-hab-pharma\\\/#breadcrumb\",\"itemListElement\":[{\"@type\":\"ListItem\",\"position\":1,\"name\":\"Buy Modafinil Online\",\"item\":\"https:\\\/\\\/buymodafinilonline.com\\\/it\\\/\"},{\"@type\":\"ListItem\",\"position\":2,\"name\":\"Dovremmo fidarci di Sun Pharma e HAB Pharma?\"}]},{\"@type\":\"WebSite\",\"@id\":\"https:\\\/\\\/buymodafinilonline.com\\\/it\\\/#website\",\"url\":\"https:\\\/\\\/buymodafinilonline.com\\\/it\\\/\",\"name\":\"BuyModafinilOnline.com\",\"description\":\"Modafinil Online Pharmacy\",\"publisher\":{\"@id\":\"https:\\\/\\\/buymodafinilonline.com\\\/it\\\/#organization\"},\"potentialAction\":[{\"@type\":\"SearchAction\",\"target\":{\"@type\":\"EntryPoint\",\"urlTemplate\":\"https:\\\/\\\/buymodafinilonline.com\\\/it\\\/?s={search_term_string}\"},\"query-input\":{\"@type\":\"PropertyValueSpecification\",\"valueRequired\":true,\"valueName\":\"search_term_string\"}}],\"inLanguage\":\"it-IT\"},{\"@type\":\"Organization\",\"@id\":\"https:\\\/\\\/buymodafinilonline.com\\\/it\\\/#organization\",\"name\":\"BuyModafinilOnline\",\"url\":\"https:\\\/\\\/buymodafinilonline.com\\\/it\\\/\",\"logo\":{\"@type\":\"ImageObject\",\"inLanguage\":\"it-IT\",\"@id\":\"https:\\\/\\\/buymodafinilonline.com\\\/it\\\/#\\\/schema\\\/logo\\\/image\\\/\",\"url\":\"https:\\\/\\\/buymodafinilonline.com\\\/wp-content\\\/uploads\\\/2020\\\/04\\\/logo-buy-modafinil-online-yellow.png\",\"contentUrl\":\"https:\\\/\\\/buymodafinilonline.com\\\/wp-content\\\/uploads\\\/2020\\\/04\\\/logo-buy-modafinil-online-yellow.png\",\"width\":200,\"height\":200,\"caption\":\"BuyModafinilOnline\"},\"image\":{\"@id\":\"https:\\\/\\\/buymodafinilonline.com\\\/it\\\/#\\\/schema\\\/logo\\\/image\\\/\"}}]}<\/script>\n<!-- \/ Yoast SEO Premium plugin. -->","yoast_head_json":{"title":"Sun Pharma e HAB Pharma: perch\u00e9 possiamo fidarci - BuyModafinilOnline","description":"Informazioni complete sui fornitori indiani di modafinil Sun Pharma e HAB Pharmaceuticals. Perch\u00e9 dovremmo fidarci? Leggi la verit\u00e0 sui pi\u00f9 grandi produttori di nootropi generici del mondo su BuyModafinilOnline.","robots":{"index":"index","follow":"follow","max-snippet":"max-snippet:-1","max-image-preview":"max-image-preview:large","max-video-preview":"max-video-preview:-1"},"canonical":"https:\/\/buymodafinilonline.com\/it\/dovremmo-fidarci-di-sun-pharma-e-hab-pharma\/","og_locale":"it_IT","og_type":"article","og_title":"Dovremmo fidarci di Sun Pharma e HAB Pharma?","og_description":"Informazioni complete sui fornitori indiani di modafinil Sun Pharma e HAB Pharmaceuticals. Perch\u00e9 dovremmo fidarci? Leggi la verit\u00e0 sui pi\u00f9 grandi produttori di nootropi generici del mondo su BuyModafinilOnline.","og_url":"https:\/\/buymodafinilonline.com\/it\/dovremmo-fidarci-di-sun-pharma-e-hab-pharma\/","og_site_name":"BuyModafinilOnline.com","og_image":[{"url":"https:\/\/buymodafinilonline.com\/wp-content\/uploads\/2020\/04\/bmo-featured-trust-sun-pharma-hab.png","type":"","width":"","height":""}],"twitter_misc":{"Tempo di lettura stimato":"4 minuti"},"schema":{"@context":"https:\/\/schema.org","@graph":[{"@type":"WebPage","@id":"https:\/\/buymodafinilonline.com\/it\/dovremmo-fidarci-di-sun-pharma-e-hab-pharma\/","url":"https:\/\/buymodafinilonline.com\/it\/dovremmo-fidarci-di-sun-pharma-e-hab-pharma\/","name":"Sun Pharma e HAB Pharma: perch\u00e9 possiamo fidarci - BuyModafinilOnline","isPartOf":{"@id":"https:\/\/buymodafinilonline.com\/it\/#website"},"primaryImageOfPage":{"@id":"https:\/\/buymodafinilonline.com\/it\/dovremmo-fidarci-di-sun-pharma-e-hab-pharma\/#primaryimage"},"image":{"@id":"https:\/\/buymodafinilonline.com\/it\/dovremmo-fidarci-di-sun-pharma-e-hab-pharma\/#primaryimage"},"thumbnailUrl":"https:\/\/buymodafinilonline.com\/wp-content\/uploads\/2020\/04\/bmo-featured-trust-sun-pharma-hab.png","datePublished":"2020-04-30T21:37:28+00:00","description":"Informazioni complete sui fornitori indiani di modafinil Sun Pharma e HAB Pharmaceuticals. Perch\u00e9 dovremmo fidarci? Leggi la verit\u00e0 sui pi\u00f9 grandi produttori di nootropi generici del mondo su BuyModafinilOnline.","breadcrumb":{"@id":"https:\/\/buymodafinilonline.com\/it\/dovremmo-fidarci-di-sun-pharma-e-hab-pharma\/#breadcrumb"},"inLanguage":"it-IT","potentialAction":[{"@type":"ReadAction","target":["https:\/\/buymodafinilonline.com\/it\/dovremmo-fidarci-di-sun-pharma-e-hab-pharma\/"]}]},{"@type":"ImageObject","inLanguage":"it-IT","@id":"https:\/\/buymodafinilonline.com\/it\/dovremmo-fidarci-di-sun-pharma-e-hab-pharma\/#primaryimage","url":"https:\/\/buymodafinilonline.com\/wp-content\/uploads\/2020\/04\/bmo-featured-trust-sun-pharma-hab.png","contentUrl":"https:\/\/buymodafinilonline.com\/wp-content\/uploads\/2020\/04\/bmo-featured-trust-sun-pharma-hab.png"},{"@type":"BreadcrumbList","@id":"https:\/\/buymodafinilonline.com\/it\/dovremmo-fidarci-di-sun-pharma-e-hab-pharma\/#breadcrumb","itemListElement":[{"@type":"ListItem","position":1,"name":"Buy Modafinil Online","item":"https:\/\/buymodafinilonline.com\/it\/"},{"@type":"ListItem","position":2,"name":"Dovremmo fidarci di Sun Pharma e HAB Pharma?"}]},{"@type":"WebSite","@id":"https:\/\/buymodafinilonline.com\/it\/#website","url":"https:\/\/buymodafinilonline.com\/it\/","name":"BuyModafinilOnline.com","description":"Modafinil Online Pharmacy","publisher":{"@id":"https:\/\/buymodafinilonline.com\/it\/#organization"},"potentialAction":[{"@type":"SearchAction","target":{"@type":"EntryPoint","urlTemplate":"https:\/\/buymodafinilonline.com\/it\/?s={search_term_string}"},"query-input":{"@type":"PropertyValueSpecification","valueRequired":true,"valueName":"search_term_string"}}],"inLanguage":"it-IT"},{"@type":"Organization","@id":"https:\/\/buymodafinilonline.com\/it\/#organization","name":"BuyModafinilOnline","url":"https:\/\/buymodafinilonline.com\/it\/","logo":{"@type":"ImageObject","inLanguage":"it-IT","@id":"https:\/\/buymodafinilonline.com\/it\/#\/schema\/logo\/image\/","url":"https:\/\/buymodafinilonline.com\/wp-content\/uploads\/2020\/04\/logo-buy-modafinil-online-yellow.png","contentUrl":"https:\/\/buymodafinilonline.com\/wp-content\/uploads\/2020\/04\/logo-buy-modafinil-online-yellow.png","width":200,"height":200,"caption":"BuyModafinilOnline"},"image":{"@id":"https:\/\/buymodafinilonline.com\/it\/#\/schema\/logo\/image\/"}}]}},"_links":{"self":[{"href":"https:\/\/buymodafinilonline.com\/it\/wp-json\/wp\/v2\/pages\/400315","targetHints":{"allow":["GET"]}}],"collection":[{"href":"https:\/\/buymodafinilonline.com\/it\/wp-json\/wp\/v2\/pages"}],"about":[{"href":"https:\/\/buymodafinilonline.com\/it\/wp-json\/wp\/v2\/types\/page"}],"author":[{"embeddable":true,"href":"https:\/\/buymodafinilonline.com\/it\/wp-json\/wp\/v2\/users\/1"}],"replies":[{"embeddable":true,"href":"https:\/\/buymodafinilonline.com\/it\/wp-json\/wp\/v2\/comments?post=400315"}],"version-history":[{"count":0,"href":"https:\/\/buymodafinilonline.com\/it\/wp-json\/wp\/v2\/pages\/400315\/revisions"}],"wp:attachment":[{"href":"https:\/\/buymodafinilonline.com\/it\/wp-json\/wp\/v2\/media?parent=400315"}],"curies":[{"name":"wp","href":"https:\/\/api.w.org\/{rel}","templated":true}]}}