{"id":400566,"date":"2020-05-02T20:16:12","date_gmt":"2020-05-02T19:16:12","guid":{"rendered":"https:\/\/buymodafinilonline.com\/la-pillola-di-limitless-nzt-48-modafinil-nella-vita-reale\/"},"modified":"2020-05-02T20:16:12","modified_gmt":"2020-05-02T19:16:12","slug":"la-pillola-di-limitless-nzt-48-modafinil-nella-vita-reale","status":"publish","type":"page","link":"https:\/\/buymodafinilonline.com\/it\/la-pillola-di-limitless-nzt-48-modafinil-nella-vita-reale\/","title":{"rendered":"La pillola di Limitless NZT-48 (modafinil) nella vita reale"},"content":{"rendered":"<p><img fetchpriority=\"high\" decoding=\"async\" class=\"aligncenter size-full wp-image-399055\" src=\"https:\/\/buymodafinilonline.com\/wp-content\/uploads\/2020\/04\/bmo-featured-limitless.png\" alt=\"NZT-48 di Limitless e il suo equivalente nella vita reale\" width=\"2048\" height=\"1152\" srcset=\"https:\/\/buymodafinilonline.com\/wp-content\/uploads\/2020\/04\/bmo-featured-limitless.png 2048w, https:\/\/buymodafinilonline.com\/wp-content\/uploads\/2020\/04\/bmo-featured-limitless-300x169.png 300w, https:\/\/buymodafinilonline.com\/wp-content\/uploads\/2020\/04\/bmo-featured-limitless-150x84.png 150w, https:\/\/buymodafinilonline.com\/wp-content\/uploads\/2020\/04\/bmo-featured-limitless-800x450.png 800w, https:\/\/buymodafinilonline.com\/wp-content\/uploads\/2020\/04\/bmo-featured-limitless-1024x576.png 1024w, https:\/\/buymodafinilonline.com\/wp-content\/uploads\/2020\/04\/bmo-featured-limitless-768x432.png 768w, https:\/\/buymodafinilonline.com\/wp-content\/uploads\/2020\/04\/bmo-featured-limitless-1536x864.png 1536w\" sizes=\"(max-width: 2048px) 100vw, 2048px\" \/><\/p>\n<p>Quale percentuale del nostro cervello usiamo davvero? Molti credono che gli esseri umani utilizzino generalmente solo il 10% del loro cervello. Ma quanto c&#8217;\u00e8 di vero in questa storia? Gli esperti hanno sfatato questo mito, sostenendo che la percentuale di cervello utilizzata in un dato momento varia da persona a persona <a href=\"https:\/\/www.medicalnewstoday.com\/articles\/321060#improving-brain-function\">[1]<\/a>.<\/p>\n<p>Indipendentemente dalle diverse teorie e leggende riguardanti l&#8217;uso del cervello, resta comunque un dato di fatto: un gran numero di persone rimarrebbe incuriosito dall&#8217;eventuale esistenza di una super pillola che consentisse di utilizzare il 100% del cervello.<\/p>\n<p>E questo ci porta alla grande domanda: NZT-48 esiste davvero? Esiste davvero una pillola magica che offre a chi la assume delle capacit\u00e0 sovraumane? Scopriamolo.<\/p>\n<h2>Che cos&#8217;\u00e8 NZT-48, la pillola di Limitless?<\/h2>\n<p>Se avete visto il film \u201cLimitless\u201d, allora conoscerete sicuramente la storia e l&#8217;origine di NZT-48. Il film ruota intorno alla vita di Eddie Morra (Bradley Cooper), uno scrittore emergente, fannullone e poco incline a impegnarsi. Viene a sapere dell&#8217;esistenza di una misteriosa pillola che gli risveglia il cervello e gli trasforma completamente la vita.<\/p>\n<p>Con una sola dose al giorno, supera velocemente il blocco dello scrittore che lo stava affliggendo, terminando il romanzo a cui sta lavorando nel giro di una notte. Impara nuove lingue pi\u00f9 velocemente di quanto qualsiasi essere umano sia in grado di fare. La pillola lo aiuta anche ad analizzare i dati pi\u00f9 rapidamente di qualsiasi computer, consentendogli di giocare con successo in borsa.<\/p>\n<p>In pratica, questa pillola fenomenale ha trasformato Eddie Morra da un fallito in difficolt\u00e0 a un facoltoso uomo-computer.<\/p>\n<p>A questo punto, forse vi starete chiedendo: che cos&#8217;\u00e8 questa pillola misteriosa? Beh, non esiste propriamente un manuale su questo farmaco. \u00c8 semplicemente un medicinale che offre a chi lo assume delle capacit\u00e0 sovraumane, migliorandone significativamente l&#8217;intelletto, come possiamo vedere nel film \u201cLimitless\u201d.<\/p>\n<p>Con NZT-48, potete accedere persino a ricordi lontani nel tempo e correlarli con qualsiasi informazione disponibile per risolvere problemi attuali. Con questa pillola, riuscireste ad assorbire informazioni e dati e a imparare nuove lingue alla velocit\u00e0 della luce.<\/p>\n<p>Tuttavia, quest&#8217;apparente \u201csuper\u201d pillola pu\u00f2 avere gravi effetti collaterali, come lunghi vuoti di memoria, ecc.<\/p>\n<h2>Questo nootropo esiste davvero?<\/h2>\n<p>Probabilmente, dopo aver visto il film, vi sarete precipitati su Internet o in farmacia per vedere se questo farmaco esiste davvero. Purtroppo, NZT-48 non esiste, nonostante online siano disponibili diversi prodotti truffa con questo nome. Si tratta di un farmaco puramente inventato, che esiste solo nel film \u201cLimitless\u201d.<\/p>\n<p><img decoding=\"async\" class=\"aligncenter wp-image-400567 size-full\" title=\"Bradley Cooper nel film Limitless - BuyModafinilOnline\" src=\"https:\/\/buymodafinilonline.com\/wp-content\/uploads\/2020\/04\/bradley-cooper-in-limitless-movie.png\" alt=\"Bradley Cooper nel film Limitless\" width=\"848\" height=\"477\" srcset=\"https:\/\/buymodafinilonline.com\/wp-content\/uploads\/2020\/04\/bradley-cooper-in-limitless-movie.png 848w, https:\/\/buymodafinilonline.com\/wp-content\/uploads\/2020\/04\/bradley-cooper-in-limitless-movie-300x169.png 300w, https:\/\/buymodafinilonline.com\/wp-content\/uploads\/2020\/04\/bradley-cooper-in-limitless-movie-150x84.png 150w, https:\/\/buymodafinilonline.com\/wp-content\/uploads\/2020\/04\/bradley-cooper-in-limitless-movie-800x450.png 800w, https:\/\/buymodafinilonline.com\/wp-content\/uploads\/2020\/04\/bradley-cooper-in-limitless-movie-768x432.png 768w\" sizes=\"(max-width: 848px) 100vw, 848px\" \/><\/p>\n<p>Tuttavia, questo non significa che non potete dare libero sfogo alla vostra fantasia. \u00c8 possibile che un giorno questa pillola possa esistere? Esistono delle alternative a questa super pillola? Oggi, sono disponibili diversi nootropi e smart drug. Questi farmaci migliorano le funzioni cognitive dei consumatori, rendendoli pi\u00f9 svegli e attenti.<\/p>\n<p>Tuttavia, nessuno di essi raggiunge la potenza degli effetti della pillola di Limitless NZT-48. In effetti, sembra che solo un miracolo o un enorme balzo in avanti della biotecnologia possa raggiungere i pieni effetti di questa super pillola.<\/p>\n<h2>NZT-48 pu\u00f2 esistere in futuro?<\/h2>\n<p>Sebbene al momento NZT-48 non esista, molte persone continuano a sperarci. Molti si domandano se in futuro non potrebbe esistere la pillola di Limitless. Oggi, assistiamo spesso ai progressi della biologia, della tecnologia e, ovviamente, dalla biotecnologia.<\/p>\n<p>Pertanto, nei prossimi anni assisteremo ad ancora pi\u00f9 progressi e innovazioni. A questo proposito, Neuralink di Elon Musk \u00e8 gi\u00e0 un&#8217;iniziativa molto promettente. Quindi, bench\u00e9 la possibilit\u00e0 di una pillola come quella di Limitless sia incerta, non va eliminata a priori.<\/p>\n<h2>Modafinil: il farmaco che pi\u00f9 si avvicina a NZT nella vita reale<\/h2>\n<p>Sapete gi\u00e0 che NZT-48 non ha equivalenti nella vita reale in grado di eguagliarne le capacit\u00e0; tuttavia, esistono alcune smart drug molto simili. Tra i vari nootropi attualmente disponibili sul mercato farmaceutico, modafinil \u00e8 il farmaco che pi\u00f9 si avvicina a NZT-48. Anzi, si vocifera che NZT-48 abbia tratto ispirazione da modafinil.<\/p>\n<p>Diverse smart drug hanno degli effetti molto lievi sulle capacit\u00e0 cognitive, ma non modafinil. Una sola dose di questa smart drug offre un enorme potenziamento a livello cognitivo. Se volete migliorare le vostre capacit\u00e0 intellettive, \u00e8 la soluzione migliore.<\/p>\n<p><a href=\"https:\/\/buymodafinilonline.com\/it\/la-verita-su-modafinil\/\">Modafinil<\/a> contribuisce a promuovere l&#8217;attenzione, la concentrazione e la vigilanza nei consumatori. Aumenta anche i livelli di dopamina nel cervello bloccandone i trasportatori <a href=\"https:\/\/www.ncbi.nlm.nih.gov\/pmc\/articles\/PMC2696807\/\">[2]<\/a>.<\/p>\n<p>Badate bene, non stiamo assicurando che modafinil abbia esattamente gli stessi effetti di NZT-48 o renda superintelligenti i consumatori. Tuttavia, \u00e8 il farmaco che pi\u00f9 si avvicina a quello del film. Inoltre, migliora significativamente la produttivit\u00e0 e permette ai consumatori di lavorare per pi\u00f9 ore senza sentirsi stanchi. \u00c8 il farmaco che utilizzano molti piloti, analisti, amministratori delegati e altri professionisti il cui lavoro richiede un elevato grado di attenzione e concentrazione per molte ore di seguito.<\/p>\n<h2>Modafinil \u00e8 un farmaco sicuro?<\/h2>\n<p>Quando si parla di <a href=\"https:\/\/buymodafinilonline.com\/it\/negozio\/\">smart drug<\/a> come modafinil, la sicurezza \u00e8 solitamente la preoccupazione principale dei consumatori. Spesso, chi non l&#8217;ha mai assunto si chiede se \u00e8 un farmaco sicuro.<\/p>\n<p><img decoding=\"async\" class=\"aligncenter wp-image-400574 size-full\" title=\"Farmaci sicuri a base di modafinil - BuyModafinilOnline\" src=\"https:\/\/buymodafinilonline.com\/wp-content\/uploads\/2020\/04\/safe-modafinil-drugs.png\" alt=\"Farmaci sicuri a base di modafinil\" width=\"1000\" height=\"667\" srcset=\"https:\/\/buymodafinilonline.com\/wp-content\/uploads\/2020\/04\/safe-modafinil-drugs.png 1000w, https:\/\/buymodafinilonline.com\/wp-content\/uploads\/2020\/04\/safe-modafinil-drugs-300x200.png 300w, https:\/\/buymodafinilonline.com\/wp-content\/uploads\/2020\/04\/safe-modafinil-drugs-150x100.png 150w, https:\/\/buymodafinilonline.com\/wp-content\/uploads\/2020\/04\/safe-modafinil-drugs-800x534.png 800w, https:\/\/buymodafinilonline.com\/wp-content\/uploads\/2020\/04\/safe-modafinil-drugs-768x512.png 768w\" sizes=\"(max-width: 1000px) 100vw, 1000px\" \/><\/p>\n<p>Se assunto correttamente (nelle giuste dosi), modafinil \u00e8 assolutamente sicuro. Tuttavia, come qualsiasi altro farmaco in circolazione, potrebbe comportare una serie di effetti collaterali, come cefalea, vertigini, nausea e, in alcuni casi, ansia <a href=\"https:\/\/www.alzdiscovery.org\/cognitive-vitality\/ratings\/modafinil\">[3]<\/a>.<\/p>\n<p>Allo stesso modo, modafinil potrebbe non fare al caso vostro, specialmente se soffrite di determinate patologie o assumete gi\u00e0 altri farmaci. Pertanto, \u00e8 vivamente consigliato consultare un medico prima di acquistarlo o utilizzarlo.<\/p>\n<h2>Cosa aspettarsi quando lo si assume?<\/h2>\n<p>Se state pensando di assumere modafinil, ecco alcune cose che dovete aspettarvi. Innanzitutto, avvertirete un miglioramento delle funzioni cognitive. Non solo vi sentirete pi\u00f9 attenti, ma potreste avere anche la sensazione di poter conquistare il mondo poco dopo averlo assunto. In effetti, si pu\u00f2 dire che modafinil trasforma i consumatori in &#8220;macchine&#8221; efficienti al lavoro o a scuola. Aumenta significativamente la produttivit\u00e0 e l&#8217;efficienza, rendendo cos\u00ec possibile produrre di pi\u00f9 in meno tempo.<\/p>\n<p>Non dimentichiamo che questa smart drug migliora anche lo stato di veglia. Pertanto, non dovrete pi\u00f9 preoccuparvi di addormentarvi in orario di lavoro.<\/p>\n<p>Tuttavia, nonostante gli effetti positivi di modafinil, dovrete aspettarvene anche di negativi. In alcuni casi, modafinil potrebbe causare effetti collaterali sia lievi che gravi.<\/p>\n<h2>Dove acquistare modafinil online senza prescrizione?<\/h2>\n<p>Acquistare modafinil in farmacia \u00e8 molto semplice, se avete la prescrizione di un medico. Tuttavia, di solito, molti consumatori non hanno una prescrizione per questa smart drug e quindi si trovano in difficolt\u00e0. Ma questo accadeva in passato. Oggi, potete facilmente acquistare modafinil nelle farmacie online anche se non avete una ricetta.<\/p>\n<p>Sebbene le farmacie online permettano di acquistare modafinil e altri farmaci su prescrizione senza ricetta, pu\u00f2 essere difficile trovarne una affidabile. Fortunatamente, siamo noi la farmacia giusta per voi.<\/p>\n<p>Se vi state chiedendo come trovare del modafinil autentico online, siete nel posto giusto. Noi di <a href=\"https:\/\/buymodafinilonline.com\/it\/\">BuyModafinilOnline<\/a> offriamo solo farmaci autentici provenienti da fornitori affidabili (<a href=\"https:\/\/buymodafinilonline.com\/smart-drugs\/modalert-200-mg-tablets\/\">Modalert<\/a>, <a href=\"https:\/\/buymodafinilonline.com\/smart-drugs\/modawake-200-mg-tablets\/\">Modawake<\/a>, <a href=\"https:\/\/buymodafinilonline.com\/smart-drugs\/modaheal-200-mg-tablets\/\">Modaheal<\/a>, <a href=\"https:\/\/buymodafinilonline.com\/smart-drugs\/modafil-md-200-mg-tablets\/\">Modafil MD<\/a>, <a href=\"https:\/\/buymodafinilonline.com\/it\/smart-drug-it\/modafresh-200-mg\/\">Modafresh<\/a>, ecc.). Inoltre, vendiamo questi farmaci a prezzi davvero convenienti, permettendo ai nostri clienti di acquistarli senza spendere una fortuna.<\/p>\n<p>Se acquistate queste pillole da noi, usufruirete di <a href=\"https:\/\/buymodafinilonline.com\/it\/paga-in-bitcoin\/\">fantastici sconti<\/a>, oltre che della consegna rapida. Non dovete fare altro che effettuare un ordine, e ve lo spediremo subito.<\/p>\n","protected":false},"excerpt":{"rendered":"<p>Quale percentuale del nostro cervello usiamo davvero? Molti credono che gli esseri umani utilizzino generalmente solo il 10% del loro cervello. Ma quanto c&#8217;\u00e8 di vero in questa storia? Gli esperti hanno sfatato questo mito, sostenendo che la percentuale di cervello utilizzata in un dato momento varia da persona a persona [1]. Indipendentemente dalle diverse [&hellip;]<\/p>\n","protected":false},"author":1,"featured_media":0,"parent":0,"menu_order":0,"comment_status":"closed","ping_status":"closed","template":"","meta":{"_acf_changed":false,"footnotes":""},"class_list":["post-400566","page","type-page","status-publish","hentry"],"acf":[],"yoast_head":"<!-- This site is optimized with the Yoast SEO Premium plugin v23.6 (Yoast SEO v27.4) - https:\/\/yoast.com\/product\/yoast-seo-premium-wordpress\/ -->\n<title>NZT-48 di Limitless e il suo equivalente nella vita reale - BuyModafinilOnline<\/title>\n<meta name=\"description\" content=\"La pillola NZT-48 di Limitless per l&#039;intelletto esiste davvero? Qual \u00e8 il nootropo che pi\u00f9 ci si avvicina nella vita reale? Scopri di pi\u00f9 sulle smart drug NZT 48 e modafinil su BuyModafinilOnline.\" \/>\n<meta name=\"robots\" content=\"index, follow, max-snippet:-1, max-image-preview:large, max-video-preview:-1\" \/>\n<link rel=\"canonical\" href=\"https:\/\/buymodafinilonline.com\/it\/la-pillola-di-limitless-nzt-48-modafinil-nella-vita-reale\/\" \/>\n<meta property=\"og:locale\" content=\"it_IT\" \/>\n<meta property=\"og:type\" content=\"article\" \/>\n<meta property=\"og:title\" content=\"La pillola di Limitless NZT-48 (modafinil) nella vita reale\" \/>\n<meta property=\"og:description\" content=\"La pillola NZT-48 di Limitless per l&#039;intelletto esiste davvero? Qual \u00e8 il nootropo che pi\u00f9 ci si avvicina nella vita reale? Scopri di pi\u00f9 sulle smart drug NZT 48 e modafinil su BuyModafinilOnline.\" \/>\n<meta property=\"og:url\" content=\"https:\/\/buymodafinilonline.com\/it\/la-pillola-di-limitless-nzt-48-modafinil-nella-vita-reale\/\" \/>\n<meta property=\"og:site_name\" content=\"BuyModafinilOnline.com\" \/>\n<meta property=\"og:image\" content=\"https:\/\/buymodafinilonline.com\/wp-content\/uploads\/2020\/04\/bmo-featured-limitless.png\" \/>\n<meta name=\"twitter:label1\" content=\"Tempo di lettura stimato\" \/>\n\t<meta name=\"twitter:data1\" content=\"6 minuti\" \/>\n<script type=\"application\/ld+json\" class=\"yoast-schema-graph\">{\"@context\":\"https:\\\/\\\/schema.org\",\"@graph\":[{\"@type\":\"WebPage\",\"@id\":\"https:\\\/\\\/buymodafinilonline.com\\\/it\\\/la-pillola-di-limitless-nzt-48-modafinil-nella-vita-reale\\\/\",\"url\":\"https:\\\/\\\/buymodafinilonline.com\\\/it\\\/la-pillola-di-limitless-nzt-48-modafinil-nella-vita-reale\\\/\",\"name\":\"NZT-48 di Limitless e il suo equivalente nella vita reale - BuyModafinilOnline\",\"isPartOf\":{\"@id\":\"https:\\\/\\\/buymodafinilonline.com\\\/it\\\/#website\"},\"primaryImageOfPage\":{\"@id\":\"https:\\\/\\\/buymodafinilonline.com\\\/it\\\/la-pillola-di-limitless-nzt-48-modafinil-nella-vita-reale\\\/#primaryimage\"},\"image\":{\"@id\":\"https:\\\/\\\/buymodafinilonline.com\\\/it\\\/la-pillola-di-limitless-nzt-48-modafinil-nella-vita-reale\\\/#primaryimage\"},\"thumbnailUrl\":\"https:\\\/\\\/buymodafinilonline.com\\\/wp-content\\\/uploads\\\/2020\\\/04\\\/bmo-featured-limitless.png\",\"datePublished\":\"2020-05-02T19:16:12+00:00\",\"description\":\"La pillola NZT-48 di Limitless per l'intelletto esiste davvero? Qual \u00e8 il nootropo che pi\u00f9 ci si avvicina nella vita reale? Scopri di pi\u00f9 sulle smart drug NZT 48 e modafinil su BuyModafinilOnline.\",\"breadcrumb\":{\"@id\":\"https:\\\/\\\/buymodafinilonline.com\\\/it\\\/la-pillola-di-limitless-nzt-48-modafinil-nella-vita-reale\\\/#breadcrumb\"},\"inLanguage\":\"it-IT\",\"potentialAction\":[{\"@type\":\"ReadAction\",\"target\":[\"https:\\\/\\\/buymodafinilonline.com\\\/it\\\/la-pillola-di-limitless-nzt-48-modafinil-nella-vita-reale\\\/\"]}]},{\"@type\":\"ImageObject\",\"inLanguage\":\"it-IT\",\"@id\":\"https:\\\/\\\/buymodafinilonline.com\\\/it\\\/la-pillola-di-limitless-nzt-48-modafinil-nella-vita-reale\\\/#primaryimage\",\"url\":\"https:\\\/\\\/buymodafinilonline.com\\\/wp-content\\\/uploads\\\/2020\\\/04\\\/bmo-featured-limitless.png\",\"contentUrl\":\"https:\\\/\\\/buymodafinilonline.com\\\/wp-content\\\/uploads\\\/2020\\\/04\\\/bmo-featured-limitless.png\"},{\"@type\":\"BreadcrumbList\",\"@id\":\"https:\\\/\\\/buymodafinilonline.com\\\/it\\\/la-pillola-di-limitless-nzt-48-modafinil-nella-vita-reale\\\/#breadcrumb\",\"itemListElement\":[{\"@type\":\"ListItem\",\"position\":1,\"name\":\"Buy Modafinil Online\",\"item\":\"https:\\\/\\\/buymodafinilonline.com\\\/it\\\/\"},{\"@type\":\"ListItem\",\"position\":2,\"name\":\"La pillola di Limitless NZT-48 (modafinil) nella vita reale\"}]},{\"@type\":\"WebSite\",\"@id\":\"https:\\\/\\\/buymodafinilonline.com\\\/it\\\/#website\",\"url\":\"https:\\\/\\\/buymodafinilonline.com\\\/it\\\/\",\"name\":\"BuyModafinilOnline.com\",\"description\":\"Modafinil Online Pharmacy\",\"publisher\":{\"@id\":\"https:\\\/\\\/buymodafinilonline.com\\\/it\\\/#organization\"},\"potentialAction\":[{\"@type\":\"SearchAction\",\"target\":{\"@type\":\"EntryPoint\",\"urlTemplate\":\"https:\\\/\\\/buymodafinilonline.com\\\/it\\\/?s={search_term_string}\"},\"query-input\":{\"@type\":\"PropertyValueSpecification\",\"valueRequired\":true,\"valueName\":\"search_term_string\"}}],\"inLanguage\":\"it-IT\"},{\"@type\":\"Organization\",\"@id\":\"https:\\\/\\\/buymodafinilonline.com\\\/it\\\/#organization\",\"name\":\"BuyModafinilOnline\",\"url\":\"https:\\\/\\\/buymodafinilonline.com\\\/it\\\/\",\"logo\":{\"@type\":\"ImageObject\",\"inLanguage\":\"it-IT\",\"@id\":\"https:\\\/\\\/buymodafinilonline.com\\\/it\\\/#\\\/schema\\\/logo\\\/image\\\/\",\"url\":\"https:\\\/\\\/buymodafinilonline.com\\\/wp-content\\\/uploads\\\/2020\\\/04\\\/logo-buy-modafinil-online-yellow.png\",\"contentUrl\":\"https:\\\/\\\/buymodafinilonline.com\\\/wp-content\\\/uploads\\\/2020\\\/04\\\/logo-buy-modafinil-online-yellow.png\",\"width\":200,\"height\":200,\"caption\":\"BuyModafinilOnline\"},\"image\":{\"@id\":\"https:\\\/\\\/buymodafinilonline.com\\\/it\\\/#\\\/schema\\\/logo\\\/image\\\/\"}}]}<\/script>\n<!-- \/ Yoast SEO Premium plugin. -->","yoast_head_json":{"title":"NZT-48 di Limitless e il suo equivalente nella vita reale - BuyModafinilOnline","description":"La pillola NZT-48 di Limitless per l'intelletto esiste davvero? Qual \u00e8 il nootropo che pi\u00f9 ci si avvicina nella vita reale? Scopri di pi\u00f9 sulle smart drug NZT 48 e modafinil su BuyModafinilOnline.","robots":{"index":"index","follow":"follow","max-snippet":"max-snippet:-1","max-image-preview":"max-image-preview:large","max-video-preview":"max-video-preview:-1"},"canonical":"https:\/\/buymodafinilonline.com\/it\/la-pillola-di-limitless-nzt-48-modafinil-nella-vita-reale\/","og_locale":"it_IT","og_type":"article","og_title":"La pillola di Limitless NZT-48 (modafinil) nella vita reale","og_description":"La pillola NZT-48 di Limitless per l'intelletto esiste davvero? Qual \u00e8 il nootropo che pi\u00f9 ci si avvicina nella vita reale? Scopri di pi\u00f9 sulle smart drug NZT 48 e modafinil su BuyModafinilOnline.","og_url":"https:\/\/buymodafinilonline.com\/it\/la-pillola-di-limitless-nzt-48-modafinil-nella-vita-reale\/","og_site_name":"BuyModafinilOnline.com","og_image":[{"url":"https:\/\/buymodafinilonline.com\/wp-content\/uploads\/2020\/04\/bmo-featured-limitless.png","type":"","width":"","height":""}],"twitter_misc":{"Tempo di lettura stimato":"6 minuti"},"schema":{"@context":"https:\/\/schema.org","@graph":[{"@type":"WebPage","@id":"https:\/\/buymodafinilonline.com\/it\/la-pillola-di-limitless-nzt-48-modafinil-nella-vita-reale\/","url":"https:\/\/buymodafinilonline.com\/it\/la-pillola-di-limitless-nzt-48-modafinil-nella-vita-reale\/","name":"NZT-48 di Limitless e il suo equivalente nella vita reale - BuyModafinilOnline","isPartOf":{"@id":"https:\/\/buymodafinilonline.com\/it\/#website"},"primaryImageOfPage":{"@id":"https:\/\/buymodafinilonline.com\/it\/la-pillola-di-limitless-nzt-48-modafinil-nella-vita-reale\/#primaryimage"},"image":{"@id":"https:\/\/buymodafinilonline.com\/it\/la-pillola-di-limitless-nzt-48-modafinil-nella-vita-reale\/#primaryimage"},"thumbnailUrl":"https:\/\/buymodafinilonline.com\/wp-content\/uploads\/2020\/04\/bmo-featured-limitless.png","datePublished":"2020-05-02T19:16:12+00:00","description":"La pillola NZT-48 di Limitless per l'intelletto esiste davvero? Qual \u00e8 il nootropo che pi\u00f9 ci si avvicina nella vita reale? Scopri di pi\u00f9 sulle smart drug NZT 48 e modafinil su BuyModafinilOnline.","breadcrumb":{"@id":"https:\/\/buymodafinilonline.com\/it\/la-pillola-di-limitless-nzt-48-modafinil-nella-vita-reale\/#breadcrumb"},"inLanguage":"it-IT","potentialAction":[{"@type":"ReadAction","target":["https:\/\/buymodafinilonline.com\/it\/la-pillola-di-limitless-nzt-48-modafinil-nella-vita-reale\/"]}]},{"@type":"ImageObject","inLanguage":"it-IT","@id":"https:\/\/buymodafinilonline.com\/it\/la-pillola-di-limitless-nzt-48-modafinil-nella-vita-reale\/#primaryimage","url":"https:\/\/buymodafinilonline.com\/wp-content\/uploads\/2020\/04\/bmo-featured-limitless.png","contentUrl":"https:\/\/buymodafinilonline.com\/wp-content\/uploads\/2020\/04\/bmo-featured-limitless.png"},{"@type":"BreadcrumbList","@id":"https:\/\/buymodafinilonline.com\/it\/la-pillola-di-limitless-nzt-48-modafinil-nella-vita-reale\/#breadcrumb","itemListElement":[{"@type":"ListItem","position":1,"name":"Buy Modafinil Online","item":"https:\/\/buymodafinilonline.com\/it\/"},{"@type":"ListItem","position":2,"name":"La pillola di Limitless NZT-48 (modafinil) nella vita reale"}]},{"@type":"WebSite","@id":"https:\/\/buymodafinilonline.com\/it\/#website","url":"https:\/\/buymodafinilonline.com\/it\/","name":"BuyModafinilOnline.com","description":"Modafinil Online Pharmacy","publisher":{"@id":"https:\/\/buymodafinilonline.com\/it\/#organization"},"potentialAction":[{"@type":"SearchAction","target":{"@type":"EntryPoint","urlTemplate":"https:\/\/buymodafinilonline.com\/it\/?s={search_term_string}"},"query-input":{"@type":"PropertyValueSpecification","valueRequired":true,"valueName":"search_term_string"}}],"inLanguage":"it-IT"},{"@type":"Organization","@id":"https:\/\/buymodafinilonline.com\/it\/#organization","name":"BuyModafinilOnline","url":"https:\/\/buymodafinilonline.com\/it\/","logo":{"@type":"ImageObject","inLanguage":"it-IT","@id":"https:\/\/buymodafinilonline.com\/it\/#\/schema\/logo\/image\/","url":"https:\/\/buymodafinilonline.com\/wp-content\/uploads\/2020\/04\/logo-buy-modafinil-online-yellow.png","contentUrl":"https:\/\/buymodafinilonline.com\/wp-content\/uploads\/2020\/04\/logo-buy-modafinil-online-yellow.png","width":200,"height":200,"caption":"BuyModafinilOnline"},"image":{"@id":"https:\/\/buymodafinilonline.com\/it\/#\/schema\/logo\/image\/"}}]}},"_links":{"self":[{"href":"https:\/\/buymodafinilonline.com\/it\/wp-json\/wp\/v2\/pages\/400566","targetHints":{"allow":["GET"]}}],"collection":[{"href":"https:\/\/buymodafinilonline.com\/it\/wp-json\/wp\/v2\/pages"}],"about":[{"href":"https:\/\/buymodafinilonline.com\/it\/wp-json\/wp\/v2\/types\/page"}],"author":[{"embeddable":true,"href":"https:\/\/buymodafinilonline.com\/it\/wp-json\/wp\/v2\/users\/1"}],"replies":[{"embeddable":true,"href":"https:\/\/buymodafinilonline.com\/it\/wp-json\/wp\/v2\/comments?post=400566"}],"version-history":[{"count":0,"href":"https:\/\/buymodafinilonline.com\/it\/wp-json\/wp\/v2\/pages\/400566\/revisions"}],"wp:attachment":[{"href":"https:\/\/buymodafinilonline.com\/it\/wp-json\/wp\/v2\/media?parent=400566"}],"curies":[{"name":"wp","href":"https:\/\/api.w.org\/{rel}","templated":true}]}}