{"id":402444,"date":"2020-05-11T21:55:04","date_gmt":"2020-05-11T20:55:04","guid":{"rendered":"https:\/\/buymodafinilonline.com\/faq-sulla-spedizione\/"},"modified":"2021-03-15T13:33:43","modified_gmt":"2021-03-15T12:33:43","slug":"miglior-fornitore-modafinil-italia","status":"publish","type":"page","link":"https:\/\/buymodafinilonline.com\/it\/miglior-fornitore-modafinil-italia\/","title":{"rendered":"Trova il miglior fornitore di modafinil in Italia"},"content":{"rendered":"\t\t<div data-elementor-type=\"wp-page\" data-elementor-id=\"402444\" class=\"elementor elementor-402444 elementor-395582\" data-elementor-post-type=\"page\">\n\t\t\t\t\t\t<section class=\"elementor-section elementor-top-section elementor-element elementor-element-55b16352 elementor-section-boxed elementor-section-height-default elementor-section-height-default\" data-id=\"55b16352\" data-element_type=\"section\" data-e-type=\"section\">\n\t\t\t\t\t\t<div class=\"elementor-container elementor-column-gap-default\">\n\t\t\t\t\t<div class=\"elementor-column elementor-col-100 elementor-top-column elementor-element elementor-element-2e8f577c\" data-id=\"2e8f577c\" data-element_type=\"column\" data-e-type=\"column\">\n\t\t\t<div class=\"elementor-widget-wrap elementor-element-populated\">\n\t\t\t\t\t\t<div class=\"elementor-element elementor-element-1b15c47 elementor-widget elementor-widget-spacer\" data-id=\"1b15c47\" data-element_type=\"widget\" data-e-type=\"widget\" data-widget_type=\"spacer.default\">\n\t\t\t\t\t\t\t<div class=\"elementor-spacer\">\n\t\t\t<div class=\"elementor-spacer-inner\"><\/div>\n\t\t<\/div>\n\t\t\t\t\t\t<\/div>\n\t\t\t\t<div class=\"elementor-element elementor-element-6e83962a elementor-headline--style-highlight elementor-widget elementor-widget-animated-headline\" data-id=\"6e83962a\" data-element_type=\"widget\" data-e-type=\"widget\" data-settings=\"{&quot;highlighted_text&quot;:&quot;modafinil velocemente&quot;,&quot;headline_style&quot;:&quot;highlight&quot;,&quot;marker&quot;:&quot;circle&quot;,&quot;loop&quot;:&quot;yes&quot;,&quot;highlight_animation_duration&quot;:1200,&quot;highlight_iteration_delay&quot;:8000}\" data-widget_type=\"animated-headline.default\">\n\t\t\t\t\t\t\t<h1 class=\"elementor-headline\">\n\t\t\t\t\t<span class=\"elementor-headline-plain-text elementor-headline-text-wrapper\">Spediamo <\/span>\n\t\t\t\t<span class=\"elementor-headline-dynamic-wrapper elementor-headline-text-wrapper\">\n\t\t\t\t\t<span class=\"elementor-headline-dynamic-text elementor-headline-text-active\">modafinil velocemente<\/span>\n\t\t\t\t<\/span>\n\t\t\t\t\t<span class=\"elementor-headline-plain-text elementor-headline-text-wrapper\">in \ud83c\uddee\ud83c\uddf9 Italia, in tutti i paesi \ud83c\uddea\ud83c\uddfa dell'UE e nel mondo<\/span>\n\t\t\t\t\t<\/h1>\n\t\t\t\t\t\t<\/div>\n\t\t\t\t<div class=\"elementor-element elementor-element-5e9de38a elementor-widget elementor-widget-text-editor\" data-id=\"5e9de38a\" data-element_type=\"widget\" data-e-type=\"widget\" data-widget_type=\"text-editor.default\">\n\t\t\t\t\t\t\t\t\t<p style=\"text-align: center;\"><p style=\"text-align: center;\">La spedizione di modafinil ai clienti dall&#8217;Italia \ud83c\uddee\ud83c\uddf9\u00a0e dai paesi UE \ud83c\uddea\ud83c\uddfa\u00a0richiede spese aggiuntive da parte nostra come magazzini con sede in Polonia e Ungheria (membri dell&#8217;Unione doganale dell&#8217;Unione Europea) al fine di evitare eventuali controlli doganali, la tassa sui dazi doganali quando si importano farmaci Rx nella zona dell&#8217;UE e pi\u00f9 personale. A causa di questi motivi, i prezzi di modafinil per l&#8217;Europa sono pi\u00f9 alti. La tassa di spedizione UE include tutti questi costi ed \u00e8 calcolata come segue: 49 \u20ac pi\u00f9 un ulteriore 50% sul costo del prodotto. Purtroppo, non siamo in grado di offrire la spedizione gratuita nell&#8217;UE n\u00e9 sconti sulla tariffa di spedizione dell&#8217;UE.<\/p>\r\n<p style=\"text-align: center;\">I nostri prezzi per l&#8217;UE sono pi\u00f9 alti perch\u00e9 offriamo rispedizioni gratuite se necessario, quindi garantiamo che finalmente riceverai il tuo pacco o ti rimborsiamo.<\/p>\r\n<p style=\"text-align: center;\">Inoltre, puoi provare a registrarti sul servizio di rispedizione Skypax che \u00e8 un servizio di inoltro pacchi che ti consente di effettuare un ordine al tuo indirizzo nel Regno Unito e quindi rispedire il pacco nel tuo paese dell&#8217;UE a tue spese. In questo caso, pi\u00f9 dell&#8217;80% dei pacchi arriva senza problemi alla dogana dell&#8217;UE.<\/p>\r\n<p style=\"text-align: center;\">Il nostro processo di spedizione si concentra pi\u00f9 sulla facilit\u00e0 dei tuoi pacchi che viaggiano attraverso i sistemi postali, che sulla velocit\u00e0 complessiva. Un pacco ben spedito che non ha bisogno di essere rispedito arriver\u00e0 quasi sempre prima di uno che \u00e8 passato rapidamente attraverso il sistema postale. Se il tuo ordine viene interrotto per pi\u00f9 di 15 giorni lavorativi, invieremo una rispedizione gratuita. Non \u00e8 automatico, contattaci.<\/p>\r\n<p style=\"text-align: center;\">Se il tuo ordine non arriva a te per qualsiasi motivo che non sia qualcosa come il tuo averci fornito un indirizzo di spedizione improprio o non essere a casa per ricevere la consegna, ti rispediremo senza esitazione. Tutti i pacchi sono imballati in un imballaggio discreto e anonimo e potrebbero non essere restituiti al mittente.<\/p><\/p>\n\t\t\t\t\t\t\t\t<\/div>\n\t\t\t\t\t<\/div>\n\t\t<\/div>\n\t\t\t\t\t<\/div>\n\t\t<\/section>\n\t\t\t\t<section class=\"elementor-section elementor-top-section elementor-element elementor-element-9764c65 elementor-section-boxed elementor-section-height-default elementor-section-height-default\" data-id=\"9764c65\" data-element_type=\"section\" data-e-type=\"section\">\n\t\t\t\t\t\t<div class=\"elementor-container elementor-column-gap-default\">\n\t\t\t\t\t<div class=\"elementor-column elementor-col-100 elementor-top-column elementor-element elementor-element-41aa1c8\" data-id=\"41aa1c8\" data-element_type=\"column\" data-e-type=\"column\">\n\t\t\t<div class=\"elementor-widget-wrap elementor-element-populated\">\n\t\t\t\t\t\t<div class=\"elementor-element elementor-element-fe6fc58 elementor-widget elementor-widget-text-editor\" data-id=\"fe6fc58\" data-element_type=\"widget\" data-e-type=\"widget\" data-widget_type=\"text-editor.default\">\n\t\t\t\t\t\t\t\t\t<p>[vc_column width=&#8221;1\/2&#8243;]\r\n<p>Tutti i nostri marchi di modafinil generici sono prodotti in India e spediti prima al nostro magazzino nell&#8217;UE (Polonia e Germania), dove imballiamo tutti gli ordini e poi spediamo nei paesi europei.<\/p>\r\n<p>Spediamo il 95% dei pacchi dell&#8217;UE dalla Polonia e dalla Germania poich\u00e9 la spedizione da l\u00ec \u00e8 molto pi\u00f9 veloce rispetto all&#8217;India e non c&#8217;\u00e8 alcun controllo alle frontiere tra i paesi dell&#8217;UE, quindi il tuo pacco verr\u00e0 da te senza alcun problema in quanto non passa attraverso la dogana . Poich\u00e9 utilizziamo i nostri metodi di spedizione e instradamento dei pacchi progettati esclusivamente, la spedizione nell&#8217;UE richiede in media 7-12 giorni.<\/p>\r\n<h4>Spediamo modafinil in modo rapido e diretto<\/h4>\r\n<p>Ora spediamo modafinil generico in \ud83c\uddee\ud83c\uddf9 Italia e in tutta Europa dal nostro magazzino nell&#8217;UE per evitare problemi doganali con una consegna garantita al 100% e consegniamo con successo pacchi anche negli \ud83c\uddfa\ud83c\uddf8 Stati Uniti, Regno Unito e \ud83c\udde6\ud83c\uddfa Australia spedito direttamente dai nostri produttori in India e magazzini aggiuntivi a Singapore e Dubai.<\/p>\r\n<h4>Costi di spedizione<\/h4>\r\n<p>Spedizione UE \u20ac 49 pi\u00f9 il 50% del totale dell&#8217;ordine (nessuna spedizione gratuita disponibile)<\/p>\r\n<h4>Trova il miglior rivenditore di modafinil vicino a te<\/h4>\r\n<p>Se vivi in uno dei seguenti Paesi, <a href=\"\/go\/modworldwide\/\" target=\"_blank\" rel=\"noopener noreferrer\">usa questo link &gt; per trovare il miglior<\/a> rivenditore di modafinil vicino a te.<\/p>\r\n<ul>\r\n<li>\ud83c\uddf3\ud83c\uddff Nuova Zelanda;<\/li>\r\n<li>\ud83c\uddf9\ud83c\udded Thailandia.<\/li>\r\n<\/ul>\r\n<p>Ad esempio, in Europa ci sono alcuni rivenditori affidabili di modafinil che spediscono i pacchi da Paesi membri dell&#8217;Unione europea (Ungheria, Germania e Polonia).<\/p>\r\n<p>Attualmente, gli addetti al controllo delle frontiere comunitarie trattengono il 90% dei pacchi che provengono da oltreoceano. Per questo motivo, acquistare modafinil da rivenditori locali e affidabili \u00e8 l&#8217;unica possibilit\u00e0 per chi vive in Francia, Italia, Germania, Paesi Bassi, Spagna, Portogallo, Svezia, ecc.<\/p>\r\n[\/vc_column][vc_column width=&#8221;1\/2&#8243;]\r\n<p>\ud83c\udf0e Si consiglia ad altri paesi con rigide leggi doganali di utilizzare un servizio di rispedizione nel Regno Unito come Skypax. Accetta il pacco al loro indirizzo, reimballa e, se necessario, lo etichetta come &#8220;prodotti sanitari&#8221;. Pochi giorni dopo inoltra il tuo nuovo pacco dal magazzino del Regno Unito al tuo paese. Normalmente ci vuole circa un mese per consegnare il pacco al tuo indirizzo di spedizione.<\/p>\r\n<p>\r\n\r\n<\/p>\r\n<h4 class=\"wp-block-heading\">Imballaggio discreto e garanzia di consegna al 100%<\/h4>\r\n<p>\r\n\r\n<\/p>\r\n<p>BuyModafinilOnline offre un packaging super discreto e una spedizione veloce di modafinil.<\/p>\r\n<p>\r\n\r\n<\/p>\r\n<p>La dichiarazione doganale sar\u00e0 allegata al pacco per fornire informazioni alle autorit\u00e0 doganali sul prodotto che si sta importando nel paese. Dobbiamo allegarlo al pacco, lo richiede il diritto postale internazionale.<\/p>\r\n<p>\r\n\r\n<\/p>\r\n<p>Per quanto riguarda la tua privacy, etichettiamo tutti i nostri prodotti come integratori sanitari e funziona nel 99,9% dei casi. Se sei il &#8220;ragazzo fortunato&#8221; e la dogana ritarder\u00e0 il tuo pacco, verr\u00e0 distrutto. Ma non preoccuparti: rispediremo il tuo pacco gratuitamente.<\/p>\r\n<p>\r\n\r\n<\/p>\r\n<p>Questo \u00e8 il motivo per cui dividiamo gli ordini all&#8217;ingrosso di oltre 300 pillole in diversi pacchi e li spediamo separatamente ogni 5-7 giorni.<\/p>\r\n<p>\r\n\r\n<\/p>\r\n<h4 class=\"wp-block-heading\">Rimborsi e spedizioni gratuite<\/h4>\r\n<p>\r\n\r\n<\/p>\r\n<p>Vogliamo che tu abbia un&#8217;esperienza molto positiva con noi.<\/p>\r\n<p>\r\n\r\n<\/p>\r\n<p>La maggior parte delle nostre consegne \u00e8 senza problemi. Nel caso improbabile, se si verifica un problema con un prodotto, la nostra politica di rimborso assicura che i nostri clienti siano soddisfatti al 100% del prodotto che hanno ordinato o ricevano sempre i soldi indietro.<\/p>\r\n<p>\r\n\r\n<\/p>\r\n<p>Se il tuo pacco si blocca in dogana o si perde, offriremo un rimborso completo o lo rispediremo gratuitamente, se preferito.<\/p>\r\n<p>\r\n\r\n<\/p>\r\n<h4 class=\"wp-block-heading\">Traccia lo stato dell&#8217;ordine<\/h4>\r\n<p>\r\n\r\n<\/p>\r\n<p>Sarai in grado di tracciare il tuo pacco una volta che avr\u00e0 raggiunto il paese di destinazione. Per ulteriori informazioni, visita la nostra pagina Domande frequenti sul monitoraggio degli ordini speciali.<\/p>\r\n<p>\r\n\r\n<\/p>\r\n<p>Inserisci il numero di tracciamento di seguito (ad es. LT105608935SG), fai clic sul pulsante Traccia e seleziona Singapore Post per l&#8217;ultimo aggiornamento di tracciamento.<\/p>\r\n[\/vc_column]\r\n<p><div class=\"su-divider su-divider-style-default\" style=\"margin:10px 0;border-width:3px;border-color:#ffffff00\"><a href=\"#\" style=\"color:#ffffff009\">.<\/a><\/div><\/p><\/p>\t\t\t\t\t\t\t\t<\/div>\n\t\t\t\t\t<\/div>\n\t\t<\/div>\n\t\t\t\t\t<\/div>\n\t\t<\/section>\n\t\t\t\t<\/div>\n\t\t","protected":false},"excerpt":{"rendered":"<p>Spediamo modafinil velocemente in \ud83c\uddee\ud83c\uddf9 Italia, in tutti i paesi \ud83c\uddea\ud83c\uddfa dell&#8217;UE e nel mondo<\/p>\n","protected":false},"author":1,"featured_media":0,"parent":0,"menu_order":0,"comment_status":"closed","ping_status":"closed","template":"elementor_header_footer","meta":{"_acf_changed":false,"footnotes":""},"class_list":["post-402444","page","type-page","status-publish","hentry"],"acf":[],"yoast_head":"<!-- This site is optimized with the Yoast SEO Premium plugin v23.6 (Yoast SEO v27.4) - https:\/\/yoast.com\/product\/yoast-seo-premium-wordpress\/ -->\n<title>Trova il miglior fornitore di modafinil in Italia - BuyModafinilOnline<\/title>\n<meta name=\"description\" content=\"Gli addetti al controllo delle frontiere comunitarie trattengono il 90% dei pacchi che provengono da oltreoceano. Per questo motivo, acquistare modafinil da rivenditori locali e affidabili \u00e8 l\u2019unica possibilit\u00e0 per chi vive in Italia, Germania, Paesi Bassi, Spagna, Portogallo, Svezia, ecc.\" \/>\n<meta name=\"robots\" content=\"index, follow, max-snippet:-1, max-image-preview:large, max-video-preview:-1\" \/>\n<link rel=\"canonical\" href=\"https:\/\/buymodafinilonline.com\/it\/miglior-fornitore-modafinil-italia\/\" \/>\n<meta property=\"og:locale\" content=\"it_IT\" \/>\n<meta property=\"og:type\" content=\"article\" \/>\n<meta property=\"og:title\" content=\"Trova il miglior fornitore di modafinil in Italia\" \/>\n<meta property=\"og:description\" content=\"Gli addetti al controllo delle frontiere comunitarie trattengono il 90% dei pacchi che provengono da oltreoceano. Per questo motivo, acquistare modafinil da rivenditori locali e affidabili \u00e8 l\u2019unica possibilit\u00e0 per chi vive in Italia, Germania, Paesi Bassi, Spagna, Portogallo, Svezia, ecc.\" \/>\n<meta property=\"og:url\" content=\"https:\/\/buymodafinilonline.com\/it\/miglior-fornitore-modafinil-italia\/\" \/>\n<meta property=\"og:site_name\" content=\"BuyModafinilOnline.com\" \/>\n<meta property=\"article:modified_time\" content=\"2021-03-15T12:33:43+00:00\" \/>\n<script type=\"application\/ld+json\" class=\"yoast-schema-graph\">{\"@context\":\"https:\\\/\\\/schema.org\",\"@graph\":[{\"@type\":\"WebPage\",\"@id\":\"https:\\\/\\\/buymodafinilonline.com\\\/it\\\/miglior-fornitore-modafinil-italia\\\/\",\"url\":\"https:\\\/\\\/buymodafinilonline.com\\\/it\\\/miglior-fornitore-modafinil-italia\\\/\",\"name\":\"Trova il miglior fornitore di modafinil in Italia - BuyModafinilOnline\",\"isPartOf\":{\"@id\":\"https:\\\/\\\/buymodafinilonline.com\\\/it\\\/#website\"},\"datePublished\":\"2020-05-11T20:55:04+00:00\",\"dateModified\":\"2021-03-15T12:33:43+00:00\",\"description\":\"Gli addetti al controllo delle frontiere comunitarie trattengono il 90% dei pacchi che provengono da oltreoceano. Per questo motivo, acquistare modafinil da rivenditori locali e affidabili \u00e8 l\u2019unica possibilit\u00e0 per chi vive in Italia, Germania, Paesi Bassi, Spagna, Portogallo, Svezia, ecc.\",\"breadcrumb\":{\"@id\":\"https:\\\/\\\/buymodafinilonline.com\\\/it\\\/miglior-fornitore-modafinil-italia\\\/#breadcrumb\"},\"inLanguage\":\"it-IT\",\"potentialAction\":[{\"@type\":\"ReadAction\",\"target\":[\"https:\\\/\\\/buymodafinilonline.com\\\/it\\\/miglior-fornitore-modafinil-italia\\\/\"]}]},{\"@type\":\"BreadcrumbList\",\"@id\":\"https:\\\/\\\/buymodafinilonline.com\\\/it\\\/miglior-fornitore-modafinil-italia\\\/#breadcrumb\",\"itemListElement\":[{\"@type\":\"ListItem\",\"position\":1,\"name\":\"Buy Modafinil Online\",\"item\":\"https:\\\/\\\/buymodafinilonline.com\\\/it\\\/\"},{\"@type\":\"ListItem\",\"position\":2,\"name\":\"Trova il miglior fornitore di modafinil in Italia\"}]},{\"@type\":\"WebSite\",\"@id\":\"https:\\\/\\\/buymodafinilonline.com\\\/it\\\/#website\",\"url\":\"https:\\\/\\\/buymodafinilonline.com\\\/it\\\/\",\"name\":\"BuyModafinilOnline.com\",\"description\":\"Modafinil Online Pharmacy\",\"publisher\":{\"@id\":\"https:\\\/\\\/buymodafinilonline.com\\\/it\\\/#organization\"},\"potentialAction\":[{\"@type\":\"SearchAction\",\"target\":{\"@type\":\"EntryPoint\",\"urlTemplate\":\"https:\\\/\\\/buymodafinilonline.com\\\/it\\\/?s={search_term_string}\"},\"query-input\":{\"@type\":\"PropertyValueSpecification\",\"valueRequired\":true,\"valueName\":\"search_term_string\"}}],\"inLanguage\":\"it-IT\"},{\"@type\":\"Organization\",\"@id\":\"https:\\\/\\\/buymodafinilonline.com\\\/it\\\/#organization\",\"name\":\"BuyModafinilOnline\",\"url\":\"https:\\\/\\\/buymodafinilonline.com\\\/it\\\/\",\"logo\":{\"@type\":\"ImageObject\",\"inLanguage\":\"it-IT\",\"@id\":\"https:\\\/\\\/buymodafinilonline.com\\\/it\\\/#\\\/schema\\\/logo\\\/image\\\/\",\"url\":\"https:\\\/\\\/buymodafinilonline.com\\\/wp-content\\\/uploads\\\/2020\\\/04\\\/logo-buy-modafinil-online-yellow.png\",\"contentUrl\":\"https:\\\/\\\/buymodafinilonline.com\\\/wp-content\\\/uploads\\\/2020\\\/04\\\/logo-buy-modafinil-online-yellow.png\",\"width\":200,\"height\":200,\"caption\":\"BuyModafinilOnline\"},\"image\":{\"@id\":\"https:\\\/\\\/buymodafinilonline.com\\\/it\\\/#\\\/schema\\\/logo\\\/image\\\/\"}}]}<\/script>\n<!-- \/ Yoast SEO Premium plugin. -->","yoast_head_json":{"title":"Trova il miglior fornitore di modafinil in Italia - BuyModafinilOnline","description":"Gli addetti al controllo delle frontiere comunitarie trattengono il 90% dei pacchi che provengono da oltreoceano. Per questo motivo, acquistare modafinil da rivenditori locali e affidabili \u00e8 l\u2019unica possibilit\u00e0 per chi vive in Italia, Germania, Paesi Bassi, Spagna, Portogallo, Svezia, ecc.","robots":{"index":"index","follow":"follow","max-snippet":"max-snippet:-1","max-image-preview":"max-image-preview:large","max-video-preview":"max-video-preview:-1"},"canonical":"https:\/\/buymodafinilonline.com\/it\/miglior-fornitore-modafinil-italia\/","og_locale":"it_IT","og_type":"article","og_title":"Trova il miglior fornitore di modafinil in Italia","og_description":"Gli addetti al controllo delle frontiere comunitarie trattengono il 90% dei pacchi che provengono da oltreoceano. Per questo motivo, acquistare modafinil da rivenditori locali e affidabili \u00e8 l\u2019unica possibilit\u00e0 per chi vive in Italia, Germania, Paesi Bassi, Spagna, Portogallo, Svezia, ecc.","og_url":"https:\/\/buymodafinilonline.com\/it\/miglior-fornitore-modafinil-italia\/","og_site_name":"BuyModafinilOnline.com","article_modified_time":"2021-03-15T12:33:43+00:00","schema":{"@context":"https:\/\/schema.org","@graph":[{"@type":"WebPage","@id":"https:\/\/buymodafinilonline.com\/it\/miglior-fornitore-modafinil-italia\/","url":"https:\/\/buymodafinilonline.com\/it\/miglior-fornitore-modafinil-italia\/","name":"Trova il miglior fornitore di modafinil in Italia - BuyModafinilOnline","isPartOf":{"@id":"https:\/\/buymodafinilonline.com\/it\/#website"},"datePublished":"2020-05-11T20:55:04+00:00","dateModified":"2021-03-15T12:33:43+00:00","description":"Gli addetti al controllo delle frontiere comunitarie trattengono il 90% dei pacchi che provengono da oltreoceano. Per questo motivo, acquistare modafinil da rivenditori locali e affidabili \u00e8 l\u2019unica possibilit\u00e0 per chi vive in Italia, Germania, Paesi Bassi, Spagna, Portogallo, Svezia, ecc.","breadcrumb":{"@id":"https:\/\/buymodafinilonline.com\/it\/miglior-fornitore-modafinil-italia\/#breadcrumb"},"inLanguage":"it-IT","potentialAction":[{"@type":"ReadAction","target":["https:\/\/buymodafinilonline.com\/it\/miglior-fornitore-modafinil-italia\/"]}]},{"@type":"BreadcrumbList","@id":"https:\/\/buymodafinilonline.com\/it\/miglior-fornitore-modafinil-italia\/#breadcrumb","itemListElement":[{"@type":"ListItem","position":1,"name":"Buy Modafinil Online","item":"https:\/\/buymodafinilonline.com\/it\/"},{"@type":"ListItem","position":2,"name":"Trova il miglior fornitore di modafinil in Italia"}]},{"@type":"WebSite","@id":"https:\/\/buymodafinilonline.com\/it\/#website","url":"https:\/\/buymodafinilonline.com\/it\/","name":"BuyModafinilOnline.com","description":"Modafinil Online Pharmacy","publisher":{"@id":"https:\/\/buymodafinilonline.com\/it\/#organization"},"potentialAction":[{"@type":"SearchAction","target":{"@type":"EntryPoint","urlTemplate":"https:\/\/buymodafinilonline.com\/it\/?s={search_term_string}"},"query-input":{"@type":"PropertyValueSpecification","valueRequired":true,"valueName":"search_term_string"}}],"inLanguage":"it-IT"},{"@type":"Organization","@id":"https:\/\/buymodafinilonline.com\/it\/#organization","name":"BuyModafinilOnline","url":"https:\/\/buymodafinilonline.com\/it\/","logo":{"@type":"ImageObject","inLanguage":"it-IT","@id":"https:\/\/buymodafinilonline.com\/it\/#\/schema\/logo\/image\/","url":"https:\/\/buymodafinilonline.com\/wp-content\/uploads\/2020\/04\/logo-buy-modafinil-online-yellow.png","contentUrl":"https:\/\/buymodafinilonline.com\/wp-content\/uploads\/2020\/04\/logo-buy-modafinil-online-yellow.png","width":200,"height":200,"caption":"BuyModafinilOnline"},"image":{"@id":"https:\/\/buymodafinilonline.com\/it\/#\/schema\/logo\/image\/"}}]}},"_links":{"self":[{"href":"https:\/\/buymodafinilonline.com\/it\/wp-json\/wp\/v2\/pages\/402444","targetHints":{"allow":["GET"]}}],"collection":[{"href":"https:\/\/buymodafinilonline.com\/it\/wp-json\/wp\/v2\/pages"}],"about":[{"href":"https:\/\/buymodafinilonline.com\/it\/wp-json\/wp\/v2\/types\/page"}],"author":[{"embeddable":true,"href":"https:\/\/buymodafinilonline.com\/it\/wp-json\/wp\/v2\/users\/1"}],"replies":[{"embeddable":true,"href":"https:\/\/buymodafinilonline.com\/it\/wp-json\/wp\/v2\/comments?post=402444"}],"version-history":[{"count":8,"href":"https:\/\/buymodafinilonline.com\/it\/wp-json\/wp\/v2\/pages\/402444\/revisions"}],"predecessor-version":[{"id":416839,"href":"https:\/\/buymodafinilonline.com\/it\/wp-json\/wp\/v2\/pages\/402444\/revisions\/416839"}],"wp:attachment":[{"href":"https:\/\/buymodafinilonline.com\/it\/wp-json\/wp\/v2\/media?parent=402444"}],"curies":[{"name":"wp","href":"https:\/\/api.w.org\/{rel}","templated":true}]}}