{"id":396399,"date":"2020-03-23T23:19:27","date_gmt":"2020-03-23T22:19:27","guid":{"rendered":"https:\/\/buymodafinilonline.com\/smart-drugs\/campioni-gratuiti-di-modalert-200-mg\/"},"modified":"2026-01-28T20:02:49","modified_gmt":"2026-01-28T19:02:49","slug":"campioni-gratuiti-di-modalert-200-mg","status":"publish","type":"product","link":"https:\/\/buymodafinilonline.com\/it\/smart-drug-it\/campioni-gratuiti-di-modalert-200-mg\/","title":{"rendered":"Campioni gratuiti di Modalert 200 mg Modafinil"},"content":{"rendered":"[vc_column width=&#8221;1\/2&#8243;]\n<div class=\"su-divider su-divider-style-default\" style=\"margin:10px 0;border-width:3px;border-color:#ffffff00\"><a href=\"#\" style=\"color:#ffffff009\">.<\/a><\/div>\n<h2>Vantaggi di ordinare i campioni di prova di Modalert 200mg Modafinil<\/h2>\n<div class=\"su-divider su-divider-style-default\" style=\"margin:10px 0;border-width:3px;border-color:#ffffff00\"><a href=\"#\" style=\"color:#ffffff009\">.<\/a><\/div>\nModalert viene prescritto per il trattamento di diverse condizioni legate al sonno, tra cui narcolessia, apnea ostruttiva del sonno, eccessiva sonnolenza diurna, ipersonnia idiopatica, disturbo del sonno da lavoro a turni e altre condizioni.<\/p>\n<p>I medici specialisti possono prescrivere questo farmaco anche alle persone che soffrono di ADD\/ADHD, grazie alla sua capacit\u00e0 di migliorare la concentrazione, l&#8217;attenzione e il risveglio.<\/p>\n<p>Esiste un altro uso del modafinil, quello off-label. Viene utilizzato per migliorare la produttivit\u00e0 al lavoro o a scuola. \u00c8 anche un rimedio molto efficace, utile per periodi di lavoro lunghi e prolungati (ecco perch\u00e9 i militari e gli astronauti lo usano per le missioni pi\u00f9 lunghe) o per svolgere compiti ripetitivi.  <\/p>\n<p>Modalert pu\u00f2 funzionare per te?<\/p>\n<p>\u00c8 meglio usare prima una confezione di prova per testare questo farmaco. Ecco perch\u00e9 i campioni di prova gratuiti sono da mettere in lista prima di decidere di pagare una quantit\u00e0 maggiore di pillole di Modalert 200 mg. <\/p>\n<div class=\"su-divider su-divider-style-default\" style=\"margin:10px 0;border-width:3px;border-color:#ffffff00\"><a href=\"#\" style=\"color:#ffffff009\">.<\/a><\/div>\n<h2>Come funzionano queste pillole?<\/h2>\n<div class=\"su-divider su-divider-style-default\" style=\"margin:10px 0;border-width:3px;border-color:#ffffff00\"><a href=\"#\" style=\"color:#ffffff009\">.<\/a><\/div>\nModalert funziona proprio come il farmaco di marca &#8211; Provigil che contiene il modafinil come principio attivo. Agisce stimolando il rilascio di alcune sostanze chimiche nel cervello che favoriscono la veglia. <\/p>\n<p>Sebbene il suo esatto meccanismo d&#8217;azione non sia del tutto chiaro, \u00e8 noto che agisce aumentando la quantit\u00e0 di dopamina (un neurotrasmettitore chimico che i nervi del cervello utilizzano per comunicare tra loro) nell&#8217;organismo.<\/p>\n<p>Inibendo i neuroni dopaminergici, Modalert aumenta l&#8217;ipocretina e la dopamina, favorendo cos\u00ec la sensazione di allerta e di veglia nel cervello, il miglioramento del pensiero, dell&#8217;umore, dell&#8217;acutezza mentale e dell&#8217;elaborazione, della percezione, della concentrazione, della motivazione e dei livelli di energia.<\/p>\n<div class=\"su-divider su-divider-style-default\" style=\"margin:10px 0;border-width:3px;border-color:#ffffff00\"><a href=\"#\" style=\"color:#ffffff009\">.<\/a><\/div>\n<h2>Dosaggio sicuro e uso corretto<\/h2>\n<div class=\"su-divider su-divider-style-default\" style=\"margin:10px 0;border-width:3px;border-color:#ffffff00\"><a href=\"#\" style=\"color:#ffffff009\">.<\/a><\/div>\nLe raccomandazioni del medico specialista sono una condizione necessaria per una somministrazione sicura del farmaco. Il tuo medico specialista pu\u00f2 prescriverti come assumere Modalert 200 mg con i migliori risultati e meno effetti negativi. <\/p>\n<p>Si consiglia di utilizzare prima i farmaci a base di modafinil con una dose pi\u00f9 bassa e, se opportuno, di aumentarla (fino a un massimo di 400 mg) fino a raggiungere la dose giusta con un&#8217;elevata efficacia e tollerata che dia i risultati desiderati.<\/p>\n<p>La dose giornaliera ottimale \u00e8 di 100-200 mg di modafinil.<\/p>\n<p>A questo proposito, il tempo di assunzione del farmaco dipende dal tipo di condizione che deve essere trattata. Modalert va ingerito con un bicchiere d&#8217;acqua pieno e con del cibo o a stomaco vuoto. In particolare, il suo effetto dura dalle 6 alle 12 ore, anche se pu\u00f2 variare in base alle condizioni di salute dell&#8217;utente.  <\/p>\n<div class=\"su-divider su-divider-style-default\" style=\"margin:10px 0;border-width:3px;border-color:#ffffff00\"><a href=\"#\" style=\"color:#ffffff009\">.<\/a><\/div>\n<h2>Possibili effetti collaterali<\/h2>\n<div class=\"su-divider su-divider-style-default\" style=\"margin:10px 0;border-width:3px;border-color:#ffffff00\"><a href=\"#\" style=\"color:#ffffff009\">.<\/a><\/div>\nModalert \u00e8 sicuro per le persone con un corpo sano. Tuttavia, alcune persone possono sperimentare lievi effetti collaterali che possono manifestarsi e svanire con l&#8217;uso continuativo del farmaco. <\/p>\n<p>Gli effetti negativi comuni di Modalert 200 mg includono mal di testa, sensazione di nervosismo, dolore al petto, difficolt\u00e0 a dormire, sbalzi d&#8217;umore.<\/p>\n<p>Questi effetti collaterali pi\u00f9 gravi si verificano raramente ma possono verificarsi in alcuni individui: battito cardiaco irregolare, prurito cutaneo, vomito, orticaria, rash cutanei.<\/p>\n<p>Questa non \u00e8 una lista completa. Alcuni effetti negativi possono essere gravi e dannosi per la salute individuale. Ogni volta che si verificano segni strani, consultare immediatamente un medico. \u00c8 necessario parlare con un medico.<\/p>\n[\/vc_column][vc_column width=&#8221;1\/2&#8243;]\n<div class=\"su-divider su-divider-style-default\" style=\"margin:10px 0;border-width:3px;border-color:#ffffff00\"><a href=\"#\" style=\"color:#ffffff009\">.<\/a><\/div>\n<h2>Controindicazioni e precauzioni<\/h2>\n<div class=\"su-divider su-divider-style-default\" style=\"margin:10px 0;border-width:3px;border-color:#ffffff00\"><a href=\"#\" style=\"color:#ffffff009\">.<\/a><\/div>\nL&#8217;uso di questo farmaco \u00e8 controindicato se si soffre di alcuni problemi di salute come problemi al fegato\/al cuore, ipertensione, psicosi, mania e depressione. Questo non \u00e8 un elenco completo di alcune condizioni di salute <\/p>\n<p>Alcune interazioni farmacologiche possono essere gravi ed \u00e8 necessaria una precauzione aggiuntiva. Modalert 200 mg interagisce con alcuni farmaci come:<\/p>\n<div class=\"su-divider su-divider-style-default\" style=\"margin:10px 0;border-width:3px;border-color:#ffffff00\"><a href=\"#\" style=\"color:#ffffff009\">.<\/a><\/div>\n<ul>\n<li>ciclosporina;<\/li>\n<li>teofillina (Theo-24);<\/li>\n<li>imipramina;<\/li>\n<li>desipramina;<\/li>\n<li>fenitoina;<\/li>\n<li>rifampicina.<\/li>\n<\/ul>\n<div class=\"su-divider su-divider-style-default\" style=\"margin:10px 0;border-width:3px;border-color:#ffffff00\"><a href=\"#\" style=\"color:#ffffff009\">.<\/a><\/div>\nQuesta non \u00e8 una lista completa. Il tuo medico specialista dovrebbe valutare tutti i farmaci che stai usando ed eseguire un&#8217;analisi approfondita della tua salute per identificare eventuali malattie.<\/p>\n<p>Questo farmaco funziona bene con il cibo, anche se l&#8217;assunzione di pasti grassi pu\u00f2 ritardare l&#8217;inizio della sua azione.<\/p>\n<p>Inoltre, non bere alcolici durante l&#8217;uso di Modalert 200 mg.<\/p>\n<p>Suggerimento: Non interrompere il farmaco all&#8217;improvviso: potresti avere dei sintomi da astinenza, cos\u00ec come \u00e8 consigliabile non assumere Modalert se sei allergico.<\/p>\n<div class=\"su-divider su-divider-style-default\" style=\"margin:10px 0;border-width:3px;border-color:#ffffff00\"><a href=\"#\" style=\"color:#ffffff009\">.<\/a><\/div>\n<h2>Esperienza del consumatore<\/h2>\n<div class=\"su-divider su-divider-style-default\" style=\"margin:10px 0;border-width:3px;border-color:#ffffff00\"><a href=\"#\" style=\"color:#ffffff009\">.<\/a><\/div>\nModalert \u00e8 un farmaco efficace che favorisce la veglia e gli effetti cognitivi. Le persone utilizzano questo farmaco per portare a termine lavori pi\u00f9 complessi. \u00c8 un farmaco potente che rafforza la cognizione e aumenta la concentrazione e l&#8217;acutezza mentale. <\/p>\n<p>Le persone sane di solito non riscontrano gravi problemi di salute durante l&#8217;uso del modafinil, \u00e8 un farmaco sicuro e non d\u00e0 assuefazione. Una piccola ricerca online su questo farmaco ti sorprender\u00e0: \u00e8 valutato positivamente grazie ai suoi notevoli benefici per molti individui di diverse estrazioni sociali. <\/p>\n<p>Per i diversi benefici che offre, \u00e8 necessario consultare un medico prima di assumere questo tipo di farmaci.<\/p>\n<div class=\"su-divider su-divider-style-default\" style=\"margin:10px 0;border-width:3px;border-color:#ffffff00\"><a href=\"#\" style=\"color:#ffffff009\">.<\/a><\/div>\n<h2>Come ottenere Modafinil gratis (Modalert di prova 200 mg) online<\/h2>\n<div class=\"su-divider su-divider-style-default\" style=\"margin:10px 0;border-width:3px;border-color:#ffffff00\"><a href=\"#\" style=\"color:#ffffff009\">.<\/a><\/div>\nAnche se offriamo farmaci di qualit\u00e0 provenienti da produttori approvati, riteniamo legittimo presentare ai nostri acquirenti dei campioni di prova gratuiti prima di decidere di utilizzare il loro denaro per ordinare altre compresse.<\/p>\n<p>Su <a href=\"https:\/\/buymodafinilonline.com\/it\/\">BuyModafinilOnline<\/a> offriamo <a href=\"https:\/\/buymodafinilonline.com\/free-trial\/\">campioni gratuiti di modafinil generico<\/a>. Devi solo pagare le spese di spedizione e farti consegnare le pillole al momento giusto. <\/p>\n<p>Acquistare altri prodotti (come <a href=\"https:\/\/buymodafinilonline.com\/it\/smart-drug-it\/waklert-150-mg-tablets\/\">Waklert<\/a>, <a href=\"https:\/\/buymodafinilonline.com\/it\/smart-drug-it\/modvigil-200-mg\/\">Modvigil<\/a>, <a href=\"https:\/\/buymodafinilonline.com\/it\/smart-drug-it\/modafil-md-200-mg-sublinguale\/\">Modafil MD<\/a>, ecc.) dal nostro negozio ti offre molti vantaggi, tra cui:<\/p>\n<div class=\"su-divider su-divider-style-default\" style=\"margin:10px 0;border-width:3px;border-color:#ffffff00\"><a href=\"#\" style=\"color:#ffffff009\">.<\/a><\/div>\n<ul>\n<li>Sconto del 23% sul <a href=\"https:\/\/buymodafinilonline.com\/it\/paga-in-bitcoin\/\">pagamento in bitcoin<\/a>. Abbiamo altre opzioni di pagamento; <\/li>\n<li><a href=\"https:\/\/buymodafinilonline.com\/it\/miglior-fornitore-modafinil-italia\/\">spedizione ultraveloce<\/a> nella maggior parte del mondo;<\/li>\n<li>spedizione gratuita per ordini pari o superiori a 80\u20ac;<\/li>\n<li>coupon, offerte e sconti extra per ridurre il costo totale del prodotto;<\/li>\n<li>un simpatico coupon solo per aver lasciato una recensione o per essere diventato un acquirente abituale.<\/li>\n<\/ul>\n<div class=\"su-divider su-divider-style-default\" style=\"margin:10px 0;border-width:3px;border-color:#ffffff00\"><a href=\"#\" style=\"color:#ffffff009\">.<\/a><\/div>\nFacciamo quello che promettiamo e offriamo farmaci di qualit\u00e0 provenienti da produttori approvati, con un prezzo pari al costo di produzione. Nessun aumento dei prezzi! <\/p>\n<p>&nbsp;<\/p>\n[\/vc_column]\n<div class=\"su-divider su-divider-style-default\" style=\"margin:10px 0;border-width:3px;border-color:#ffffff00\"><a href=\"#\" style=\"color:#ffffff009\">.<\/a><\/div>\n","protected":false},"excerpt":{"rendered":"<p>La nostra e-pharmacia online offre 10 campioni gratuiti di Modafinil. I campioni gratuiti di modafinil rappresentano un segno di fiducia, affidabilit\u00e0 e qualit\u00e0 del nostro bestseller &#8211; Modalert 200 mg. <\/p>\n<p>Pur essendo gratuito, dovrai pagare SOLO 39 dollari per la spedizione standard negli Stati Uniti, nel Regno Unito e in altri paesi.<\/p>\n[sc name=\"s1\"]\n[sc name=\"free-samples-notice-product\"]\n[sc name=\"s1\"]\n","protected":false},"featured_media":398169,"comment_status":"closed","ping_status":"closed","template":"","meta":{"_acf_changed":false},"product_brand":[],"product_cat":[3787,4242,8919],"product_tag":[4028],"class_list":{"0":"post-396399","1":"product","2":"type-product","3":"status-publish","4":"has-post-thumbnail","6":"product_cat-marchi-smart-drugs","7":"product_cat-prova-gratuita","8":"product_cat-us-domestic-shipping-it","9":"product_tag-modafinil-it","11":"first","12":"instock","13":"sale","14":"shipping-taxable","15":"purchasable","16":"product-type-simple"},"acf":[],"yoast_head":"<!-- This site is optimized with the Yoast SEO Premium plugin v23.6 (Yoast SEO v27.3) - https:\/\/yoast.com\/product\/yoast-seo-premium-wordpress\/ -->\n<title>Ottieni campioni gratuiti di Modafinil (Modalert 200mg Trial Pack) - BuyModafinilOnline<\/title>\n<meta name=\"description\" content=\"Affrettati a ricevere 10 campioni di modafinil assolutamente gratuiti su BuyModafinilOnline. Questa confezione di prova di Modalert 200mg \u00e8 disponibile con ogni ordine! Garanzia di consegna al 100% e servizio eccellente.\" \/>\n<meta name=\"robots\" content=\"index, follow, max-snippet:-1, max-image-preview:large, max-video-preview:-1\" \/>\n<link rel=\"canonical\" href=\"https:\/\/buymodafinilonline.com\/it\/smart-drug-it\/campioni-gratuiti-di-modalert-200-mg\/\" \/>\n<meta property=\"og:locale\" content=\"it_IT\" \/>\n<meta property=\"og:type\" content=\"article\" \/>\n<meta property=\"og:title\" content=\"Campioni gratuiti di Modalert 200 mg Modafinil\" \/>\n<meta property=\"og:description\" content=\"Affrettati a ricevere 10 campioni di modafinil assolutamente gratuiti su BuyModafinilOnline. Questa confezione di prova di Modalert 200mg \u00e8 disponibile con ogni ordine! Garanzia di consegna al 100% e servizio eccellente.\" \/>\n<meta property=\"og:url\" content=\"https:\/\/buymodafinilonline.com\/it\/smart-drug-it\/campioni-gratuiti-di-modalert-200-mg\/\" \/>\n<meta property=\"og:site_name\" content=\"BuyModafinilOnline.com\" \/>\n<meta property=\"article:modified_time\" content=\"2026-01-28T19:02:49+00:00\" \/>\n<meta property=\"og:image\" content=\"https:\/\/buymodafinilonline.com\/wp-content\/uploads\/2020\/04\/bmo-product-modalert-free-samples-.png\" \/>\n\t<meta property=\"og:image:width\" content=\"1280\" \/>\n\t<meta property=\"og:image:height\" content=\"1500\" \/>\n\t<meta property=\"og:image:type\" content=\"image\/png\" \/>\n<meta name=\"twitter:label1\" content=\"Tempo di lettura stimato\" \/>\n\t<meta name=\"twitter:data1\" content=\"5 minuti\" \/>\n<script type=\"application\/ld+json\" class=\"yoast-schema-graph\">{\"@context\":\"https:\\\/\\\/schema.org\",\"@graph\":[{\"@type\":\"WebPage\",\"@id\":\"https:\\\/\\\/buymodafinilonline.com\\\/it\\\/smart-drug-it\\\/campioni-gratuiti-di-modalert-200-mg\\\/\",\"url\":\"https:\\\/\\\/buymodafinilonline.com\\\/it\\\/smart-drug-it\\\/campioni-gratuiti-di-modalert-200-mg\\\/\",\"name\":\"Ottieni campioni gratuiti di Modafinil (Modalert 200mg Trial Pack) - BuyModafinilOnline\",\"isPartOf\":{\"@id\":\"https:\\\/\\\/buymodafinilonline.com\\\/it\\\/#website\"},\"primaryImageOfPage\":{\"@id\":\"https:\\\/\\\/buymodafinilonline.com\\\/it\\\/smart-drug-it\\\/campioni-gratuiti-di-modalert-200-mg\\\/#primaryimage\"},\"image\":{\"@id\":\"https:\\\/\\\/buymodafinilonline.com\\\/it\\\/smart-drug-it\\\/campioni-gratuiti-di-modalert-200-mg\\\/#primaryimage\"},\"thumbnailUrl\":\"https:\\\/\\\/buymodafinilonline.com\\\/wp-content\\\/uploads\\\/2020\\\/04\\\/bmo-product-modalert-free-samples-.png\",\"datePublished\":\"2020-03-23T22:19:27+00:00\",\"dateModified\":\"2026-01-28T19:02:49+00:00\",\"description\":\"Affrettati a ricevere 10 campioni di modafinil assolutamente gratuiti su BuyModafinilOnline. Questa confezione di prova di Modalert 200mg \u00e8 disponibile con ogni ordine! Garanzia di consegna al 100% e servizio eccellente.\",\"breadcrumb\":{\"@id\":\"https:\\\/\\\/buymodafinilonline.com\\\/it\\\/smart-drug-it\\\/campioni-gratuiti-di-modalert-200-mg\\\/#breadcrumb\"},\"inLanguage\":\"it-IT\",\"potentialAction\":[{\"@type\":\"ReadAction\",\"target\":[\"https:\\\/\\\/buymodafinilonline.com\\\/it\\\/smart-drug-it\\\/campioni-gratuiti-di-modalert-200-mg\\\/\"]}]},{\"@type\":\"ImageObject\",\"inLanguage\":\"it-IT\",\"@id\":\"https:\\\/\\\/buymodafinilonline.com\\\/it\\\/smart-drug-it\\\/campioni-gratuiti-di-modalert-200-mg\\\/#primaryimage\",\"url\":\"https:\\\/\\\/buymodafinilonline.com\\\/wp-content\\\/uploads\\\/2020\\\/04\\\/bmo-product-modalert-free-samples-.png\",\"contentUrl\":\"https:\\\/\\\/buymodafinilonline.com\\\/wp-content\\\/uploads\\\/2020\\\/04\\\/bmo-product-modalert-free-samples-.png\",\"width\":1280,\"height\":1500,\"caption\":\"Campioni di Modalert 200 mg gratuiti\"},{\"@type\":\"BreadcrumbList\",\"@id\":\"https:\\\/\\\/buymodafinilonline.com\\\/it\\\/smart-drug-it\\\/campioni-gratuiti-di-modalert-200-mg\\\/#breadcrumb\",\"itemListElement\":[{\"@type\":\"ListItem\",\"position\":1,\"name\":\"Buy Modafinil Online\",\"item\":\"https:\\\/\\\/buymodafinilonline.com\\\/it\\\/\"},{\"@type\":\"ListItem\",\"position\":2,\"name\":\"Negozio\",\"item\":\"https:\\\/\\\/buymodafinilonline.com\\\/it\\\/negozio\\\/\"},{\"@type\":\"ListItem\",\"position\":3,\"name\":\"Marchi Smart Drugs\",\"item\":\"https:\\\/\\\/buymodafinilonline.com\\\/it\\\/categoria-di-prodotto\\\/marchi-smart-drugs\\\/\"},{\"@type\":\"ListItem\",\"position\":4,\"name\":\"Campioni gratuiti di Modalert 200 mg Modafinil\"}]},{\"@type\":\"WebSite\",\"@id\":\"https:\\\/\\\/buymodafinilonline.com\\\/it\\\/#website\",\"url\":\"https:\\\/\\\/buymodafinilonline.com\\\/it\\\/\",\"name\":\"BuyModafinilOnline.com\",\"description\":\"Modafinil Online Pharmacy\",\"publisher\":{\"@id\":\"https:\\\/\\\/buymodafinilonline.com\\\/it\\\/#organization\"},\"potentialAction\":[{\"@type\":\"SearchAction\",\"target\":{\"@type\":\"EntryPoint\",\"urlTemplate\":\"https:\\\/\\\/buymodafinilonline.com\\\/it\\\/?s={search_term_string}\"},\"query-input\":{\"@type\":\"PropertyValueSpecification\",\"valueRequired\":true,\"valueName\":\"search_term_string\"}}],\"inLanguage\":\"it-IT\"},{\"@type\":\"Organization\",\"@id\":\"https:\\\/\\\/buymodafinilonline.com\\\/it\\\/#organization\",\"name\":\"BuyModafinilOnline\",\"url\":\"https:\\\/\\\/buymodafinilonline.com\\\/it\\\/\",\"logo\":{\"@type\":\"ImageObject\",\"inLanguage\":\"it-IT\",\"@id\":\"https:\\\/\\\/buymodafinilonline.com\\\/it\\\/#\\\/schema\\\/logo\\\/image\\\/\",\"url\":\"https:\\\/\\\/buymodafinilonline.com\\\/wp-content\\\/uploads\\\/2020\\\/04\\\/logo-buy-modafinil-online-yellow.png\",\"contentUrl\":\"https:\\\/\\\/buymodafinilonline.com\\\/wp-content\\\/uploads\\\/2020\\\/04\\\/logo-buy-modafinil-online-yellow.png\",\"width\":200,\"height\":200,\"caption\":\"BuyModafinilOnline\"},\"image\":{\"@id\":\"https:\\\/\\\/buymodafinilonline.com\\\/it\\\/#\\\/schema\\\/logo\\\/image\\\/\"}}]}<\/script>\n<!-- \/ Yoast SEO Premium plugin. -->","yoast_head_json":{"title":"Ottieni campioni gratuiti di Modafinil (Modalert 200mg Trial Pack) - BuyModafinilOnline","description":"Affrettati a ricevere 10 campioni di modafinil assolutamente gratuiti su BuyModafinilOnline. Questa confezione di prova di Modalert 200mg \u00e8 disponibile con ogni ordine! Garanzia di consegna al 100% e servizio eccellente.","robots":{"index":"index","follow":"follow","max-snippet":"max-snippet:-1","max-image-preview":"max-image-preview:large","max-video-preview":"max-video-preview:-1"},"canonical":"https:\/\/buymodafinilonline.com\/it\/smart-drug-it\/campioni-gratuiti-di-modalert-200-mg\/","og_locale":"it_IT","og_type":"article","og_title":"Campioni gratuiti di Modalert 200 mg Modafinil","og_description":"Affrettati a ricevere 10 campioni di modafinil assolutamente gratuiti su BuyModafinilOnline. Questa confezione di prova di Modalert 200mg \u00e8 disponibile con ogni ordine! Garanzia di consegna al 100% e servizio eccellente.","og_url":"https:\/\/buymodafinilonline.com\/it\/smart-drug-it\/campioni-gratuiti-di-modalert-200-mg\/","og_site_name":"BuyModafinilOnline.com","article_modified_time":"2026-01-28T19:02:49+00:00","og_image":[{"width":1280,"height":1500,"url":"https:\/\/buymodafinilonline.com\/wp-content\/uploads\/2020\/04\/bmo-product-modalert-free-samples-.png","type":"image\/png"}],"twitter_misc":{"Tempo di lettura stimato":"5 minuti"},"schema":{"@context":"https:\/\/schema.org","@graph":[{"@type":"WebPage","@id":"https:\/\/buymodafinilonline.com\/it\/smart-drug-it\/campioni-gratuiti-di-modalert-200-mg\/","url":"https:\/\/buymodafinilonline.com\/it\/smart-drug-it\/campioni-gratuiti-di-modalert-200-mg\/","name":"Ottieni campioni gratuiti di Modafinil (Modalert 200mg Trial Pack) - BuyModafinilOnline","isPartOf":{"@id":"https:\/\/buymodafinilonline.com\/it\/#website"},"primaryImageOfPage":{"@id":"https:\/\/buymodafinilonline.com\/it\/smart-drug-it\/campioni-gratuiti-di-modalert-200-mg\/#primaryimage"},"image":{"@id":"https:\/\/buymodafinilonline.com\/it\/smart-drug-it\/campioni-gratuiti-di-modalert-200-mg\/#primaryimage"},"thumbnailUrl":"https:\/\/buymodafinilonline.com\/wp-content\/uploads\/2020\/04\/bmo-product-modalert-free-samples-.png","datePublished":"2020-03-23T22:19:27+00:00","dateModified":"2026-01-28T19:02:49+00:00","description":"Affrettati a ricevere 10 campioni di modafinil assolutamente gratuiti su BuyModafinilOnline. Questa confezione di prova di Modalert 200mg \u00e8 disponibile con ogni ordine! Garanzia di consegna al 100% e servizio eccellente.","breadcrumb":{"@id":"https:\/\/buymodafinilonline.com\/it\/smart-drug-it\/campioni-gratuiti-di-modalert-200-mg\/#breadcrumb"},"inLanguage":"it-IT","potentialAction":[{"@type":"ReadAction","target":["https:\/\/buymodafinilonline.com\/it\/smart-drug-it\/campioni-gratuiti-di-modalert-200-mg\/"]}]},{"@type":"ImageObject","inLanguage":"it-IT","@id":"https:\/\/buymodafinilonline.com\/it\/smart-drug-it\/campioni-gratuiti-di-modalert-200-mg\/#primaryimage","url":"https:\/\/buymodafinilonline.com\/wp-content\/uploads\/2020\/04\/bmo-product-modalert-free-samples-.png","contentUrl":"https:\/\/buymodafinilonline.com\/wp-content\/uploads\/2020\/04\/bmo-product-modalert-free-samples-.png","width":1280,"height":1500,"caption":"Campioni di Modalert 200 mg gratuiti"},{"@type":"BreadcrumbList","@id":"https:\/\/buymodafinilonline.com\/it\/smart-drug-it\/campioni-gratuiti-di-modalert-200-mg\/#breadcrumb","itemListElement":[{"@type":"ListItem","position":1,"name":"Buy Modafinil Online","item":"https:\/\/buymodafinilonline.com\/it\/"},{"@type":"ListItem","position":2,"name":"Negozio","item":"https:\/\/buymodafinilonline.com\/it\/negozio\/"},{"@type":"ListItem","position":3,"name":"Marchi Smart Drugs","item":"https:\/\/buymodafinilonline.com\/it\/categoria-di-prodotto\/marchi-smart-drugs\/"},{"@type":"ListItem","position":4,"name":"Campioni gratuiti di Modalert 200 mg Modafinil"}]},{"@type":"WebSite","@id":"https:\/\/buymodafinilonline.com\/it\/#website","url":"https:\/\/buymodafinilonline.com\/it\/","name":"BuyModafinilOnline.com","description":"Modafinil Online Pharmacy","publisher":{"@id":"https:\/\/buymodafinilonline.com\/it\/#organization"},"potentialAction":[{"@type":"SearchAction","target":{"@type":"EntryPoint","urlTemplate":"https:\/\/buymodafinilonline.com\/it\/?s={search_term_string}"},"query-input":{"@type":"PropertyValueSpecification","valueRequired":true,"valueName":"search_term_string"}}],"inLanguage":"it-IT"},{"@type":"Organization","@id":"https:\/\/buymodafinilonline.com\/it\/#organization","name":"BuyModafinilOnline","url":"https:\/\/buymodafinilonline.com\/it\/","logo":{"@type":"ImageObject","inLanguage":"it-IT","@id":"https:\/\/buymodafinilonline.com\/it\/#\/schema\/logo\/image\/","url":"https:\/\/buymodafinilonline.com\/wp-content\/uploads\/2020\/04\/logo-buy-modafinil-online-yellow.png","contentUrl":"https:\/\/buymodafinilonline.com\/wp-content\/uploads\/2020\/04\/logo-buy-modafinil-online-yellow.png","width":200,"height":200,"caption":"BuyModafinilOnline"},"image":{"@id":"https:\/\/buymodafinilonline.com\/it\/#\/schema\/logo\/image\/"}}]}},"_links":{"self":[{"href":"https:\/\/buymodafinilonline.com\/it\/wp-json\/wp\/v2\/product\/396399","targetHints":{"allow":["GET"]}}],"collection":[{"href":"https:\/\/buymodafinilonline.com\/it\/wp-json\/wp\/v2\/product"}],"about":[{"href":"https:\/\/buymodafinilonline.com\/it\/wp-json\/wp\/v2\/types\/product"}],"replies":[{"embeddable":true,"href":"https:\/\/buymodafinilonline.com\/it\/wp-json\/wp\/v2\/comments?post=396399"}],"wp:featuredmedia":[{"embeddable":true,"href":"https:\/\/buymodafinilonline.com\/it\/wp-json\/wp\/v2\/media\/398169"}],"wp:attachment":[{"href":"https:\/\/buymodafinilonline.com\/it\/wp-json\/wp\/v2\/media?parent=396399"}],"wp:term":[{"taxonomy":"product_brand","embeddable":true,"href":"https:\/\/buymodafinilonline.com\/it\/wp-json\/wp\/v2\/product_brand?post=396399"},{"taxonomy":"product_cat","embeddable":true,"href":"https:\/\/buymodafinilonline.com\/it\/wp-json\/wp\/v2\/product_cat?post=396399"},{"taxonomy":"product_tag","embeddable":true,"href":"https:\/\/buymodafinilonline.com\/it\/wp-json\/wp\/v2\/product_tag?post=396399"}],"curies":[{"name":"wp","href":"https:\/\/api.w.org\/{rel}","templated":true}]}}