{"id":399547,"date":"2020-03-23T23:44:33","date_gmt":"2020-03-23T22:44:33","guid":{"rendered":"https:\/\/buymodafinilonline.com\/smart-drugs\/campioni-gratuiti-di-artvigil-150-mg\/"},"modified":"2026-01-28T20:02:39","modified_gmt":"2026-01-28T19:02:39","slug":"campioni-gratuiti-di-artvigil-150-mg","status":"publish","type":"product","link":"https:\/\/buymodafinilonline.com\/it\/smart-drug-it\/campioni-gratuiti-di-artvigil-150-mg\/","title":{"rendered":"Campioni gratuiti di Artvigil 150 mg Armodafinil"},"content":{"rendered":"[vc_column width=&#8221;1\/2&#8243;]\n<div class=\"su-divider su-divider-style-default\" style=\"margin:10px 0;border-width:3px;border-color:#ffffff00\"><a href=\"#\" style=\"color:#ffffff009\">.<\/a><\/div>\n<h2>Vantaggi di ordinare i campioni di prova di Artvigil 150 mg Armodafinil<\/h2>\n<div class=\"su-divider su-divider-style-default\" style=\"margin:10px 0;border-width:3px;border-color:#ffffff00\"><a href=\"#\" style=\"color:#ffffff009\">.<\/a><\/div>\nArtvigil contiene il principio attivo armodafinil, approvato per il trattamento dell&#8217;eccessiva sonnolenza diurna associata a narcolessia, apnea ostruttiva del sonno e disturbo da lavoro a turni.<\/p>\n<p>Tuttavia, viene comunemente utilizzata off-label per trattare la sindrome da stanchezza cronica, il disturbo da deficit di attenzione e iperattivit\u00e0 e il disturbo depressivo maggiore.<\/p>\n<p>La prima droga &#8220;intelligente&#8221; del mondo \u00e8 dovuta al suo ampio utilizzo come stimolatore cognitivo. Amministratori delegati, studenti, militari, impiegati e astronauti, tra gli altri, utilizzano questo farmaco per aumentare la loro produttivit\u00e0 grazie ai benefici che offre in termini di potere cognitivo. <\/p>\n<p>Per capire se queste pillole possono fare al caso tuo o meno, ti invieremo 10 campioni gratuiti da provare. Non \u00e8 necessario pagare per questo e non ha alcun beneficio per il tuo scopo medico. <\/p>\n<p>10 campioni gratuiti di armodafinil sono sufficienti a darti i risultati definitivi per capire se queste pillole sono adatte a te o meno. In definitiva, l&#8217;approvazione del medico \u00e8 fondamentale prima di decidere di acquistare o ricevere campioni di prova gratuiti di armodafinil. <\/p>\n<div class=\"su-divider su-divider-style-default\" style=\"margin:10px 0;border-width:3px;border-color:#ffffff00\"><a href=\"#\" style=\"color:#ffffff009\">.<\/a><\/div>\n<h2>Come funzionano queste pillole?<\/h2>\n<div class=\"su-divider su-divider-style-default\" style=\"margin:10px 0;border-width:3px;border-color:#ffffff00\"><a href=\"#\" style=\"color:#ffffff009\">.<\/a><\/div>\nArvigil 150 mg agisce stimolando il rilascio di sostanze chimiche nel cervello che favoriscono la veglia &#8211; agisce quindi come agente che promuove la veglia.<\/p>\n<p>Sebbene il suo esatto meccanismo d&#8217;azione non sia del tutto chiaro, gli scienziati sanno che agisce aumentando la quantit\u00e0 di dopamina (un neurotrasmettitore chimico che i nervi del cervello utilizzano per comunicare efficacemente tra loro) nel corpo.<\/p>\n<p>L&#8217;armodafinil inibisce altri nervi e sostanze responsabili dell&#8217;assorbimento di una maggiore quantit\u00e0 di dopamina nell&#8217;organismo, favorendo cos\u00ec le funzioni cerebrali per quanto riguarda la veglia, il miglioramento del pensiero, l&#8217;acutezza mentale, il miglioramento dell&#8217;umore e della concentrazione, la percezione, la concentrazione, la motivazione e i livelli di energia.<\/p>\n<div class=\"su-divider su-divider-style-default\" style=\"margin:10px 0;border-width:3px;border-color:#ffffff00\"><a href=\"#\" style=\"color:#ffffff009\">.<\/a><\/div>\n<h2>Dosaggio sicuro e uso corretto<\/h2>\n<div class=\"su-divider su-divider-style-default\" style=\"margin:10px 0;border-width:3px;border-color:#ffffff00\"><a href=\"#\" style=\"color:#ffffff009\">.<\/a><\/div>\nSi consiglia di assumere 150 mg al giorno (1 compressa); superare la dose aumenta la possibilit\u00e0 di effetti collaterali.<\/p>\n<p>In ogni caso, puoi sempre suddividerlo. Se si tratta di narcolessia, \u00e8 meglio assumerla al mattino dopo il risveglio o a 1 ora dalla preparazione al lavoro o allo studio. La sua durata d&#8217;azione \u00e8 di oltre 10 ore.  <\/p>\n<p>Gli effetti sono pi\u00f9 rapidi se si assume a stomaco vuoto con acqua. Gli effetti massimi si avvertono dopo 2-3 ore dalla giusta somministrazione. <\/p>\n<p>Ricorda che si tratta di un farmaco soggetto a prescrizione medica e che devi prima consultare un medico.<\/p>\n<div class=\"su-divider su-divider-style-default\" style=\"margin:10px 0;border-width:3px;border-color:#ffffff00\"><a href=\"#\" style=\"color:#ffffff009\">.<\/a><\/div>\n<h2>Possibili effetti collaterali<\/h2>\n<div class=\"su-divider su-divider-style-default\" style=\"margin:10px 0;border-width:3px;border-color:#ffffff00\"><a href=\"#\" style=\"color:#ffffff009\">.<\/a><\/div>\nQuesto farmaco raramente provoca effetti negativi. Tuttavia, gli effetti collaterali pi\u00f9 comuni includono congestione nasale, mal di schiena, ansia, insonnia, dispepsia, diarrea, nausea, mal di testa. <\/p>\n<p>Effetti negativi molto meno comuni ma che possono essere gravi possono essere: battito cardiaco irregolare, vomito, rash cutanei, urine scure, ulcere in bocca, orticaria, prurito cutaneo.<\/p>\n<p>Se uno qualsiasi degli effetti collaterali non scompare dopo l&#8217;uso continuativo o l&#8217;interruzione del farmaco e le condizioni di salute peggiorano, si consiglia di rivolgersi immediatamente a un medico.<\/p>\n[\/vc_column][vc_column width=&#8221;1\/2&#8243;]\n<div class=\"su-divider su-divider-style-default\" style=\"margin:10px 0;border-width:3px;border-color:#ffffff00\"><a href=\"#\" style=\"color:#ffffff009\">.<\/a><\/div>\n<h2>Controindicazioni e precauzioni<\/h2>\n<div class=\"su-divider su-divider-style-default\" style=\"margin:10px 0;border-width:3px;border-color:#ffffff00\"><a href=\"#\" style=\"color:#ffffff009\">.<\/a><\/div>\nCome ogni farmaco, precauzioni e avvertenze possono essere riportate sul foglietto illustrativo. Prima di assumere modafinil, \u00e8 necessario prendere le precauzioni indicate da un medico specialista e, soprattutto, si raccomanda di seguire le istruzioni riportate sul foglietto illustrativo del farmaco. <\/p>\n<p>Artvigil interagisce con alcuni farmaci come:<\/p>\n<div class=\"su-divider su-divider-style-default\" style=\"margin:10px 0;border-width:3px;border-color:#ffffff00\"><a href=\"#\" style=\"color:#ffffff009\">.<\/a><\/div>\n<ul>\n<li>sedativi o ipnotici;<\/li>\n<li>antispastici;<\/li>\n<li>antidepressivi;<\/li>\n<li>farmaci anticoncezionali;<\/li>\n<li>farmaci anticonvulsivi.<\/li>\n<\/ul>\n<div class=\"su-divider su-divider-style-default\" style=\"margin:10px 0;border-width:3px;border-color:#ffffff00\"><a href=\"#\" style=\"color:#ffffff009\">.<\/a><\/div>\nQuesta non \u00e8 una lista completa. Ad esempio, tieni presente alcune condizioni di salute, tra cui i problemi cardiaci.<\/p>\n<p>Inoltre, non bere alcolici durante l&#8217;uso di Artvigil. Non guidare o utilizzare macchinari pesanti dopo aver assunto l&#8217;armodafinil perch\u00e9 potrebbe causare vertigini o offuscamento della vista. Inoltre, non interrompere l&#8217;assunzione di armodafinil all&#8217;improvviso: potrebbe causare sintomi di astinenza.  <\/p>\n<div class=\"su-divider su-divider-style-default\" style=\"margin:10px 0;border-width:3px;border-color:#ffffff00\"><a href=\"#\" style=\"color:#ffffff009\">.<\/a><\/div>\n<h2>Esperienza del consumatore<\/h2>\n<div class=\"su-divider su-divider-style-default\" style=\"margin:10px 0;border-width:3px;border-color:#ffffff00\"><a href=\"#\" style=\"color:#ffffff009\">.<\/a><\/div>\nPerch\u00e9 hai bisogno di campioni gratuiti di modafinil e Artvigil? La verit\u00e0 \u00e8 che: Prima di decidere di ordinare smart drugs sfuse, \u00e8 meglio testarne l&#8217;efficacia e la tollerabilit\u00e0. Diverse persone rispondono in modo diverso ai loro farmaci. Ottieni questo campione gratuito e metti alla prova la tua esperienza.   <\/p>\n<p>Dalle recensioni degli utenti, molti di loro hanno giudicato questo farmaco sicuro, efficace e ben tollerato. Promuove la veglia e potenzia efficacemente le funzioni cognitive. Sebbene si tratti di un farmaco potente approvato per vari disturbi del sonno, molte persone ritratte dalle recensioni e valutazioni online hanno valutato positivamente il modafinil per quanto riguarda i suoi effetti cognitivi.  <\/p>\n<p>Le persone hanno recensito Artvigil 150 mg con effetti quali aumento della concentrazione, della focalizzazione, della memoria e dell&#8217;acutezza mentale. Inoltre, secondo alcune fonti giornalistiche attendibili, la maggior parte dei top CEO e dei professionisti valuta positivamente il modafinil e l&#8217;armodafinil in quanto migliora la loro cognizione e creativit\u00e0, mentre altri lavoratori affermano che aumenta la loro produttivit\u00e0 sul lavoro facendoli sentire svegli e vigili. <\/p>\n<div class=\"su-divider su-divider-style-default\" style=\"margin:10px 0;border-width:3px;border-color:#ffffff00\"><a href=\"#\" style=\"color:#ffffff009\">.<\/a><\/div>\n<h2>Come ottenere Armodafinil gratis (Artvigil di prova 150 mg) online<\/h2>\n<div class=\"su-divider su-divider-style-default\" style=\"margin:10px 0;border-width:3px;border-color:#ffffff00\"><a href=\"#\" style=\"color:#ffffff009\">.<\/a><\/div>\nOttenere campioni di prova di farmaci armodafinil \u00e8 necessario. Non \u00e8 una grande fatica e ti garantisce di testare il modo in cui una determinata farmacia elettronica gestisce la sua attivit\u00e0 e la qualit\u00e0 e l&#8217;efficacia dei suoi farmaci. <\/p>\n<p>Questo \u00e8 ci\u00f2 che facciamo nella <a href=\"https:\/\/buymodafinilonline.com\/it\/\">farmacia di BuyModafinilOnline<\/a>. Facciamo ci\u00f2 che promettiamo e ci allineiamo all&#8217;offerta di farmaci genuini provenienti da aziende farmaceutiche legittime e affidabili. <\/p>\n<p>Hai deciso di ordinare altre compresse? <a href=\"https:\/\/buymodafinilonline.com\/it\/smart-drug-it\/modvigil-200-mg\/\">Modvigil 200 mg<\/a>, <a href=\"https:\/\/buymodafinilonline.com\/it\/smart-drug-it\/vilafinil-200-mg\/\">Vilafinil 200 mg<\/a>, <a href=\"https:\/\/buymodafinilonline.com\/it\/smart-drug-it\/modalert-200-mg\/\">Modalert 200 mg<\/a> e molti altri nootropi sono disponibili per tutti!<\/p>\n<p>BuyModafinilOnline \u00e8 l&#8217;ultima e-pharmacy che offre varie esperienze di riduzione dei prezzi tra cui coupon, sconti<a href=\"https:\/\/buymodafinilonline.com\/it\/paga-in-bitcoin\/\">(23% di sconto per chi paga con bitcoin<\/a>) e offerte. Puoi ottenere un buono di 30 dollari per scrivere una recensione o se sei un cliente abituale (25 dollari). <\/p>\n<p>I prezzi dei farmaci della nostra e-pharmacy sono estremamente bassi perch\u00e9 basati sui costi di produzione.<\/p>\n<div class=\"su-divider su-divider-style-default\" style=\"margin:10px 0;border-width:3px;border-color:#ffffff00\"><a href=\"#\" style=\"color:#ffffff009\">.<\/a><\/div>\n[\/vc_column]\n","protected":false},"excerpt":{"rendered":"<p>Artvigil 150 mg (di HAB Pharma) \u00e8 armodafinil, che aumenta la motivazione, potenzia l&#8217;attivit\u00e0 mentale e aiuta a concentrarsi sul lavoro. Questo farmaco pu\u00f2 funzionare per te? Siamo pronti a darti 10 campioni gratuiti di armodafinil.  <\/p>\n<p>Dovrai pagare solo le spese di spedizione ($29 per la spedizione standard o $39 per la spedizione espressa &#8211; solo 7 giorni di consegna).<\/p>\n[sc name=\"s1\"]\n[sc name=\"free-samples-notice-product\"]\n","protected":false},"featured_media":398134,"comment_status":"closed","ping_status":"closed","template":"","meta":{"_acf_changed":false},"product_brand":[],"product_cat":[3787,4242,8919],"product_tag":[4019],"class_list":{"0":"post-399547","1":"product","2":"type-product","3":"status-publish","4":"has-post-thumbnail","6":"product_cat-marchi-smart-drugs","7":"product_cat-prova-gratuita","8":"product_cat-us-domestic-shipping-it","9":"product_tag-armodafinil-it-2","11":"first","12":"instock","13":"sale","14":"shipping-taxable","15":"purchasable","16":"product-type-simple"},"acf":[],"yoast_head":"<!-- This site is optimized with the Yoast SEO Premium plugin v23.6 (Yoast SEO v27.3) - https:\/\/yoast.com\/product\/yoast-seo-premium-wordpress\/ -->\n<title>Ottieni campioni gratuiti di Armodafinil (Artvigil 150 mg Trial Pack) - BuyModafinilOnline<\/title>\n<meta name=\"description\" content=\"Qui puoi ricevere 10 campioni gratuiti di armodafinil da banco online. Una confezione di prova 100% legale di Artvigil 150 mg \u00e8 disponibile con ogni ordine nel carrello su BuyModafinilOnline!\" \/>\n<meta name=\"robots\" content=\"index, follow, max-snippet:-1, max-image-preview:large, max-video-preview:-1\" \/>\n<link rel=\"canonical\" href=\"https:\/\/buymodafinilonline.com\/it\/smart-drug-it\/campioni-gratuiti-di-artvigil-150-mg\/\" \/>\n<meta property=\"og:locale\" content=\"it_IT\" \/>\n<meta property=\"og:type\" content=\"article\" \/>\n<meta property=\"og:title\" content=\"Campioni gratuiti di Artvigil 150 mg Armodafinil\" \/>\n<meta property=\"og:description\" content=\"Qui puoi ricevere 10 campioni gratuiti di armodafinil da banco online. Una confezione di prova 100% legale di Artvigil 150 mg \u00e8 disponibile con ogni ordine nel carrello su BuyModafinilOnline!\" \/>\n<meta property=\"og:url\" content=\"https:\/\/buymodafinilonline.com\/it\/smart-drug-it\/campioni-gratuiti-di-artvigil-150-mg\/\" \/>\n<meta property=\"og:site_name\" content=\"BuyModafinilOnline.com\" \/>\n<meta property=\"article:modified_time\" content=\"2026-01-28T19:02:39+00:00\" \/>\n<meta property=\"og:image\" content=\"https:\/\/buymodafinilonline.com\/wp-content\/uploads\/2020\/04\/bmo-product-artvigil-free-samples-.png\" \/>\n\t<meta property=\"og:image:width\" content=\"1280\" \/>\n\t<meta property=\"og:image:height\" content=\"1500\" \/>\n\t<meta property=\"og:image:type\" content=\"image\/png\" \/>\n<meta name=\"twitter:label1\" content=\"Tempo di lettura stimato\" \/>\n\t<meta name=\"twitter:data1\" content=\"5 minuti\" \/>\n<script type=\"application\/ld+json\" class=\"yoast-schema-graph\">{\"@context\":\"https:\\\/\\\/schema.org\",\"@graph\":[{\"@type\":\"WebPage\",\"@id\":\"https:\\\/\\\/buymodafinilonline.com\\\/it\\\/smart-drug-it\\\/campioni-gratuiti-di-artvigil-150-mg\\\/\",\"url\":\"https:\\\/\\\/buymodafinilonline.com\\\/it\\\/smart-drug-it\\\/campioni-gratuiti-di-artvigil-150-mg\\\/\",\"name\":\"Ottieni campioni gratuiti di Armodafinil (Artvigil 150 mg Trial Pack) - BuyModafinilOnline\",\"isPartOf\":{\"@id\":\"https:\\\/\\\/buymodafinilonline.com\\\/it\\\/#website\"},\"primaryImageOfPage\":{\"@id\":\"https:\\\/\\\/buymodafinilonline.com\\\/it\\\/smart-drug-it\\\/campioni-gratuiti-di-artvigil-150-mg\\\/#primaryimage\"},\"image\":{\"@id\":\"https:\\\/\\\/buymodafinilonline.com\\\/it\\\/smart-drug-it\\\/campioni-gratuiti-di-artvigil-150-mg\\\/#primaryimage\"},\"thumbnailUrl\":\"https:\\\/\\\/buymodafinilonline.com\\\/wp-content\\\/uploads\\\/2020\\\/04\\\/bmo-product-artvigil-free-samples-.png\",\"datePublished\":\"2020-03-23T22:44:33+00:00\",\"dateModified\":\"2026-01-28T19:02:39+00:00\",\"description\":\"Qui puoi ricevere 10 campioni gratuiti di armodafinil da banco online. Una confezione di prova 100% legale di Artvigil 150 mg \u00e8 disponibile con ogni ordine nel carrello su BuyModafinilOnline!\",\"breadcrumb\":{\"@id\":\"https:\\\/\\\/buymodafinilonline.com\\\/it\\\/smart-drug-it\\\/campioni-gratuiti-di-artvigil-150-mg\\\/#breadcrumb\"},\"inLanguage\":\"it-IT\",\"potentialAction\":[{\"@type\":\"ReadAction\",\"target\":[\"https:\\\/\\\/buymodafinilonline.com\\\/it\\\/smart-drug-it\\\/campioni-gratuiti-di-artvigil-150-mg\\\/\"]}]},{\"@type\":\"ImageObject\",\"inLanguage\":\"it-IT\",\"@id\":\"https:\\\/\\\/buymodafinilonline.com\\\/it\\\/smart-drug-it\\\/campioni-gratuiti-di-artvigil-150-mg\\\/#primaryimage\",\"url\":\"https:\\\/\\\/buymodafinilonline.com\\\/wp-content\\\/uploads\\\/2020\\\/04\\\/bmo-product-artvigil-free-samples-.png\",\"contentUrl\":\"https:\\\/\\\/buymodafinilonline.com\\\/wp-content\\\/uploads\\\/2020\\\/04\\\/bmo-product-artvigil-free-samples-.png\",\"width\":1280,\"height\":1500,\"caption\":\"Campioni gratuiti di Artvigil 150 mg\"},{\"@type\":\"BreadcrumbList\",\"@id\":\"https:\\\/\\\/buymodafinilonline.com\\\/it\\\/smart-drug-it\\\/campioni-gratuiti-di-artvigil-150-mg\\\/#breadcrumb\",\"itemListElement\":[{\"@type\":\"ListItem\",\"position\":1,\"name\":\"Buy Modafinil Online\",\"item\":\"https:\\\/\\\/buymodafinilonline.com\\\/it\\\/\"},{\"@type\":\"ListItem\",\"position\":2,\"name\":\"Negozio\",\"item\":\"https:\\\/\\\/buymodafinilonline.com\\\/it\\\/negozio\\\/\"},{\"@type\":\"ListItem\",\"position\":3,\"name\":\"Marchi Smart Drugs\",\"item\":\"https:\\\/\\\/buymodafinilonline.com\\\/it\\\/categoria-di-prodotto\\\/marchi-smart-drugs\\\/\"},{\"@type\":\"ListItem\",\"position\":4,\"name\":\"Campioni gratuiti di Artvigil 150 mg Armodafinil\"}]},{\"@type\":\"WebSite\",\"@id\":\"https:\\\/\\\/buymodafinilonline.com\\\/it\\\/#website\",\"url\":\"https:\\\/\\\/buymodafinilonline.com\\\/it\\\/\",\"name\":\"BuyModafinilOnline.com\",\"description\":\"Modafinil Online Pharmacy\",\"publisher\":{\"@id\":\"https:\\\/\\\/buymodafinilonline.com\\\/it\\\/#organization\"},\"potentialAction\":[{\"@type\":\"SearchAction\",\"target\":{\"@type\":\"EntryPoint\",\"urlTemplate\":\"https:\\\/\\\/buymodafinilonline.com\\\/it\\\/?s={search_term_string}\"},\"query-input\":{\"@type\":\"PropertyValueSpecification\",\"valueRequired\":true,\"valueName\":\"search_term_string\"}}],\"inLanguage\":\"it-IT\"},{\"@type\":\"Organization\",\"@id\":\"https:\\\/\\\/buymodafinilonline.com\\\/it\\\/#organization\",\"name\":\"BuyModafinilOnline\",\"url\":\"https:\\\/\\\/buymodafinilonline.com\\\/it\\\/\",\"logo\":{\"@type\":\"ImageObject\",\"inLanguage\":\"it-IT\",\"@id\":\"https:\\\/\\\/buymodafinilonline.com\\\/it\\\/#\\\/schema\\\/logo\\\/image\\\/\",\"url\":\"https:\\\/\\\/buymodafinilonline.com\\\/wp-content\\\/uploads\\\/2020\\\/04\\\/logo-buy-modafinil-online-yellow.png\",\"contentUrl\":\"https:\\\/\\\/buymodafinilonline.com\\\/wp-content\\\/uploads\\\/2020\\\/04\\\/logo-buy-modafinil-online-yellow.png\",\"width\":200,\"height\":200,\"caption\":\"BuyModafinilOnline\"},\"image\":{\"@id\":\"https:\\\/\\\/buymodafinilonline.com\\\/it\\\/#\\\/schema\\\/logo\\\/image\\\/\"}}]}<\/script>\n<!-- \/ Yoast SEO Premium plugin. -->","yoast_head_json":{"title":"Ottieni campioni gratuiti di Armodafinil (Artvigil 150 mg Trial Pack) - BuyModafinilOnline","description":"Qui puoi ricevere 10 campioni gratuiti di armodafinil da banco online. Una confezione di prova 100% legale di Artvigil 150 mg \u00e8 disponibile con ogni ordine nel carrello su BuyModafinilOnline!","robots":{"index":"index","follow":"follow","max-snippet":"max-snippet:-1","max-image-preview":"max-image-preview:large","max-video-preview":"max-video-preview:-1"},"canonical":"https:\/\/buymodafinilonline.com\/it\/smart-drug-it\/campioni-gratuiti-di-artvigil-150-mg\/","og_locale":"it_IT","og_type":"article","og_title":"Campioni gratuiti di Artvigil 150 mg Armodafinil","og_description":"Qui puoi ricevere 10 campioni gratuiti di armodafinil da banco online. Una confezione di prova 100% legale di Artvigil 150 mg \u00e8 disponibile con ogni ordine nel carrello su BuyModafinilOnline!","og_url":"https:\/\/buymodafinilonline.com\/it\/smart-drug-it\/campioni-gratuiti-di-artvigil-150-mg\/","og_site_name":"BuyModafinilOnline.com","article_modified_time":"2026-01-28T19:02:39+00:00","og_image":[{"width":1280,"height":1500,"url":"https:\/\/buymodafinilonline.com\/wp-content\/uploads\/2020\/04\/bmo-product-artvigil-free-samples-.png","type":"image\/png"}],"twitter_misc":{"Tempo di lettura stimato":"5 minuti"},"schema":{"@context":"https:\/\/schema.org","@graph":[{"@type":"WebPage","@id":"https:\/\/buymodafinilonline.com\/it\/smart-drug-it\/campioni-gratuiti-di-artvigil-150-mg\/","url":"https:\/\/buymodafinilonline.com\/it\/smart-drug-it\/campioni-gratuiti-di-artvigil-150-mg\/","name":"Ottieni campioni gratuiti di Armodafinil (Artvigil 150 mg Trial Pack) - BuyModafinilOnline","isPartOf":{"@id":"https:\/\/buymodafinilonline.com\/it\/#website"},"primaryImageOfPage":{"@id":"https:\/\/buymodafinilonline.com\/it\/smart-drug-it\/campioni-gratuiti-di-artvigil-150-mg\/#primaryimage"},"image":{"@id":"https:\/\/buymodafinilonline.com\/it\/smart-drug-it\/campioni-gratuiti-di-artvigil-150-mg\/#primaryimage"},"thumbnailUrl":"https:\/\/buymodafinilonline.com\/wp-content\/uploads\/2020\/04\/bmo-product-artvigil-free-samples-.png","datePublished":"2020-03-23T22:44:33+00:00","dateModified":"2026-01-28T19:02:39+00:00","description":"Qui puoi ricevere 10 campioni gratuiti di armodafinil da banco online. Una confezione di prova 100% legale di Artvigil 150 mg \u00e8 disponibile con ogni ordine nel carrello su BuyModafinilOnline!","breadcrumb":{"@id":"https:\/\/buymodafinilonline.com\/it\/smart-drug-it\/campioni-gratuiti-di-artvigil-150-mg\/#breadcrumb"},"inLanguage":"it-IT","potentialAction":[{"@type":"ReadAction","target":["https:\/\/buymodafinilonline.com\/it\/smart-drug-it\/campioni-gratuiti-di-artvigil-150-mg\/"]}]},{"@type":"ImageObject","inLanguage":"it-IT","@id":"https:\/\/buymodafinilonline.com\/it\/smart-drug-it\/campioni-gratuiti-di-artvigil-150-mg\/#primaryimage","url":"https:\/\/buymodafinilonline.com\/wp-content\/uploads\/2020\/04\/bmo-product-artvigil-free-samples-.png","contentUrl":"https:\/\/buymodafinilonline.com\/wp-content\/uploads\/2020\/04\/bmo-product-artvigil-free-samples-.png","width":1280,"height":1500,"caption":"Campioni gratuiti di Artvigil 150 mg"},{"@type":"BreadcrumbList","@id":"https:\/\/buymodafinilonline.com\/it\/smart-drug-it\/campioni-gratuiti-di-artvigil-150-mg\/#breadcrumb","itemListElement":[{"@type":"ListItem","position":1,"name":"Buy Modafinil Online","item":"https:\/\/buymodafinilonline.com\/it\/"},{"@type":"ListItem","position":2,"name":"Negozio","item":"https:\/\/buymodafinilonline.com\/it\/negozio\/"},{"@type":"ListItem","position":3,"name":"Marchi Smart Drugs","item":"https:\/\/buymodafinilonline.com\/it\/categoria-di-prodotto\/marchi-smart-drugs\/"},{"@type":"ListItem","position":4,"name":"Campioni gratuiti di Artvigil 150 mg Armodafinil"}]},{"@type":"WebSite","@id":"https:\/\/buymodafinilonline.com\/it\/#website","url":"https:\/\/buymodafinilonline.com\/it\/","name":"BuyModafinilOnline.com","description":"Modafinil Online Pharmacy","publisher":{"@id":"https:\/\/buymodafinilonline.com\/it\/#organization"},"potentialAction":[{"@type":"SearchAction","target":{"@type":"EntryPoint","urlTemplate":"https:\/\/buymodafinilonline.com\/it\/?s={search_term_string}"},"query-input":{"@type":"PropertyValueSpecification","valueRequired":true,"valueName":"search_term_string"}}],"inLanguage":"it-IT"},{"@type":"Organization","@id":"https:\/\/buymodafinilonline.com\/it\/#organization","name":"BuyModafinilOnline","url":"https:\/\/buymodafinilonline.com\/it\/","logo":{"@type":"ImageObject","inLanguage":"it-IT","@id":"https:\/\/buymodafinilonline.com\/it\/#\/schema\/logo\/image\/","url":"https:\/\/buymodafinilonline.com\/wp-content\/uploads\/2020\/04\/logo-buy-modafinil-online-yellow.png","contentUrl":"https:\/\/buymodafinilonline.com\/wp-content\/uploads\/2020\/04\/logo-buy-modafinil-online-yellow.png","width":200,"height":200,"caption":"BuyModafinilOnline"},"image":{"@id":"https:\/\/buymodafinilonline.com\/it\/#\/schema\/logo\/image\/"}}]}},"_links":{"self":[{"href":"https:\/\/buymodafinilonline.com\/it\/wp-json\/wp\/v2\/product\/399547","targetHints":{"allow":["GET"]}}],"collection":[{"href":"https:\/\/buymodafinilonline.com\/it\/wp-json\/wp\/v2\/product"}],"about":[{"href":"https:\/\/buymodafinilonline.com\/it\/wp-json\/wp\/v2\/types\/product"}],"replies":[{"embeddable":true,"href":"https:\/\/buymodafinilonline.com\/it\/wp-json\/wp\/v2\/comments?post=399547"}],"wp:featuredmedia":[{"embeddable":true,"href":"https:\/\/buymodafinilonline.com\/it\/wp-json\/wp\/v2\/media\/398134"}],"wp:attachment":[{"href":"https:\/\/buymodafinilonline.com\/it\/wp-json\/wp\/v2\/media?parent=399547"}],"wp:term":[{"taxonomy":"product_brand","embeddable":true,"href":"https:\/\/buymodafinilonline.com\/it\/wp-json\/wp\/v2\/product_brand?post=399547"},{"taxonomy":"product_cat","embeddable":true,"href":"https:\/\/buymodafinilonline.com\/it\/wp-json\/wp\/v2\/product_cat?post=399547"},{"taxonomy":"product_tag","embeddable":true,"href":"https:\/\/buymodafinilonline.com\/it\/wp-json\/wp\/v2\/product_tag?post=399547"}],"curies":[{"name":"wp","href":"https:\/\/api.w.org\/{rel}","templated":true}]}}