{"id":399578,"date":"2020-03-23T19:42:04","date_gmt":"2020-03-23T18:42:04","guid":{"rendered":"https:\/\/buymodafinilonline.com\/smart-drugs\/modvigil-200-mg\/"},"modified":"2026-01-28T19:08:56","modified_gmt":"2026-01-28T18:08:56","slug":"modvigil-200-mg","status":"publish","type":"product","link":"https:\/\/buymodafinilonline.com\/it\/smart-drug-it\/modvigil-200-mg\/","title":{"rendered":"Modvigil 200 mg"},"content":{"rendered":"[vc_column width=&#8221;1\/2&#8243;]\n<div class=\"su-divider su-divider-style-default\" style=\"margin:10px 0;border-width:3px;border-color:#ffffff00\"><a href=\"#\" style=\"color:#ffffff009\">.<\/a><\/div>\n<h2>Che cos&#8217;\u00e8 Modvigil 200 mg?<\/h2>\n<div class=\"su-divider su-divider-style-default\" style=\"margin:10px 0;border-width:3px;border-color:#ffffff00\"><a href=\"#\" style=\"color:#ffffff009\">.<\/a><\/div>\nIn parole povere, Modvigil \u00e8 una forma generica di Modafinil, prodotto da HAB Pharmaceuticals. Viene utilizzato principalmente per promuovere la veglia e l&#8217;attenzione nei pazienti che soffrono di sonnolenza diurna. <\/p>\n<p>In genere, i pazienti narcolettici o le persone che soffrono di apnea ostruttiva del sonno e di disturbi da lavoro a turni possono avere difficolt\u00e0 a rimanere vigili. Fortunatamente, questa pillola pu\u00f2 aiutarli a migliorare la veglia e a rimanere vigili sia fisicamente che mentalmente. Allo stesso modo, un gran numero di studenti utilizza Modvigil per migliorare le proprie abitudini di studio e le proprie prestazioni cognitive.  <\/p>\n<p>Nel corso degli anni, la popolarit\u00e0 di Modvigil \u00e8 aumentata grazie alla sua efficacia nel migliorare la vigilanza. Tuttavia, \u00e8 sempre consigliabile consultare il proprio medico prima di utilizzare questo farmaco. <\/p>\n<div class=\"su-divider su-divider-style-default\" style=\"margin:10px 0;border-width:3px;border-color:#ffffff00\"><a href=\"#\" style=\"color:#ffffff009\">.<\/a><\/div>\n<h2>Come funzionano queste pillole?<\/h2>\n<div class=\"su-divider su-divider-style-default\" style=\"margin:10px 0;border-width:3px;border-color:#ffffff00\"><a href=\"#\" style=\"color:#ffffff009\">.<\/a><\/div>\nCome per molte altre smart drugs, il meccanismo d&#8217;azione del Modvigil \u00e8 piuttosto vago e poco chiaro. Tuttavia, molti esperti ritengono che il suo componente attivo &#8211; il modafinil &#8211; aumenti i livelli di dopamina nel cervello riducendo la sua ricaptazione nel nervo. Si ritiene che la dopamina sia collegata alla motivazione, ai cicli sonno-veglia del corpo e alla capacit\u00e0 di concentrazione dell&#8217;uomo. In sostanza, Modvigil promuove la veglia e la vigilanza stimolando le aree cerebrali corrispondenti.   <\/p>\n<div class=\"su-divider su-divider-style-default\" style=\"margin:10px 0;border-width:3px;border-color:#ffffff00\"><a href=\"#\" style=\"color:#ffffff009\">.<\/a><\/div>\n<h2>Dosaggio sicuro e uso corretto<\/h2>\n<div class=\"su-divider su-divider-style-default\" style=\"margin:10px 0;border-width:3px;border-color:#ffffff00\"><a href=\"#\" style=\"color:#ffffff009\">.<\/a><\/div>\nIl dosaggio di Modvigil si basa sulle condizioni mediche dell&#8217;utente e sulla sua risposta al trattamento. Tuttavia, il dosaggio generale consigliato \u00e8 di 200 mg da assumere una volta al giorno. Se il paziente \u00e8 narcolettico, il farmaco deve essere assunto al mattino. Tuttavia, nel trattamento dei disturbi del sonno dovuti al lavoro a turni, il farmaco deve essere assunto un&#8217;ora prima dell&#8217;inizio del lavoro. Non assumere pi\u00f9 compresse in un giorno.    <\/p>\n<p>Modvigil 200 mg deve essere assunto per via orale con un bicchiere d&#8217;acqua. Pu\u00f2 essere assunto con o senza cibo, a seconda delle preferenze. <\/p>\n<p>Si raccomanda vivamente di consultare il medico prima di assumere Modvigil per verificare la propria salute e assicurarsi che sia sicuro per l&#8217;utente.<\/p>\n<div class=\"su-divider su-divider-style-default\" style=\"margin:10px 0;border-width:3px;border-color:#ffffff00\"><a href=\"#\" style=\"color:#ffffff009\">.<\/a><\/div>\n<h2>Possibili effetti collaterali<\/h2>\n<div class=\"su-divider su-divider-style-default\" style=\"margin:10px 0;border-width:3px;border-color:#ffffff00\"><a href=\"#\" style=\"color:#ffffff009\">.<\/a><\/div>\nQuando si usa Modvigil 200 mg (o i nootropi in generale), \u00e8 importante fare attenzione agli effetti collaterali. Modvigil pu\u00f2 causare effetti collaterali comuni come: <\/p>\n<div class=\"su-divider su-divider-style-default\" style=\"margin:10px 0;border-width:3px;border-color:#ffffff00\"><a href=\"#\" style=\"color:#ffffff009\">.<\/a><\/div>\n<ul>\n<li>ansia;<\/li>\n<li>nervosismo;<\/li>\n<li>mal di testa;<\/li>\n<li>nausea.<\/li>\n<\/ul>\n<div class=\"su-divider su-divider-style-default\" style=\"margin:10px 0;border-width:3px;border-color:#ffffff00\"><a href=\"#\" style=\"color:#ffffff009\">.<\/a><\/div>\nTuttavia, questi effetti collaterali sono del tutto normali e di solito non sono preoccupanti. In rari casi, si possono verificare altri effetti collaterali come: <\/p>\n<div class=\"su-divider su-divider-style-default\" style=\"margin:10px 0;border-width:3px;border-color:#ffffff00\"><a href=\"#\" style=\"color:#ffffff009\">.<\/a><\/div>\n<ul>\n<li>bocca secca;<\/li>\n<li>diarrea;<\/li>\n<li>costipazione;<\/li>\n<li>vomito;<\/li>\n<li>eruttazioni, ecc.<\/li>\n<\/ul>\n<div class=\"su-divider su-divider-style-default\" style=\"margin:10px 0;border-width:3px;border-color:#ffffff00\"><a href=\"#\" style=\"color:#ffffff009\">.<\/a><\/div>\nSe si verificano effetti collaterali gravi e duraturi, non esitare a contattare immediatamente un medico. In alcuni casi, Modvigil 200 mg pu\u00f2 anche causare vertigini. Per questo motivo, si consiglia alle persone che ne fanno uso di non guidare o utilizzare macchinari finch\u00e9 non conoscono la loro reazione al Modvigil.<\/p>\n[\/vc_column][vc_column width=&#8221;1\/2&#8243;]\n<div class=\"su-divider su-divider-style-default\" style=\"margin:10px 0;border-width:3px;border-color:#ffffff00\"><a href=\"#\" style=\"color:#ffffff009\">.<\/a><\/div>\n<h2>Controindicazioni e precauzioni<\/h2>\n<div class=\"su-divider su-divider-style-default\" style=\"margin:10px 0;border-width:3px;border-color:#ffffff00\"><a href=\"#\" style=\"color:#ffffff009\">.<\/a><\/div>\nQuando si utilizzano nootropi o qualsiasi altro farmaco, \u00e8 importante evitare le interazioni farmacologiche. Possono ridurre l&#8217;efficacia del farmaco o aumentare il rischio di effetti collaterali. Modvigil 200 mg interagisce con diversi farmaci, tra cui:  <\/p>\n<div class=\"su-divider su-divider-style-default\" style=\"margin:10px 0;border-width:3px;border-color:#ffffff00\"><a href=\"#\" style=\"color:#ffffff009\">.<\/a><\/div>\n<ul>\n<li>Eritromicina o ketoconazolo. L&#8217;assunzione di Modvigil con Eritromicina o Ketoconazolo pu\u00f2 aumentare il rischio di effetti collaterali; <\/li>\n<li>Rifampicina o Carbamazepina. Questi farmaci possono ridurre l&#8217;efficacia di Modvigil 200 mg in caso di co-somministrazione; <\/li>\n<li>Clomipramina. Secondo gli esperti, farmaci come la clomipramina o la desipramina possono avere effetti collaterali maggiori se assunti in combinazione con Modvigil; <\/li>\n<li>Prodotti ormonali. L&#8217;efficacia di prodotti ormonali come la pillola anticoncezionale pu\u00f2 essere ridotta se assunta in combinazione con Modvigil. <\/li>\n<\/ul>\n<div class=\"su-divider su-divider-style-default\" style=\"margin:10px 0;border-width:3px;border-color:#ffffff00\"><a href=\"#\" style=\"color:#ffffff009\">.<\/a><\/div>\nOltre ai farmaci gi\u00e0 citati, agli utilizzatori di Modvigil si consiglia di stare lontani da sostanze come l&#8217;alcol. Inoltre, questo farmaco pu\u00f2 interagire con alcuni tipi di alimenti e con il momento in cui li si consuma. <\/p>\n<p>Ad esempio, cibi grassi come il formaggio e la pizza nel tratto digestivo possono rallentare il tasso di assorbimento del farmaco. Ci\u00f2 pu\u00f2 essere evitato assumendo Modvigil un&#8217;ora prima di consumare tali pasti o due ore dopo aver mangiato.<br \/>\n<div class=\"su-divider su-divider-style-default\" style=\"margin:10px 0;border-width:3px;border-color:#ffffff00\"><a href=\"#\" style=\"color:#ffffff009\">.<\/a><\/div>\n<h2>Esperienza del consumatore<\/h2>\n<div class=\"su-divider su-divider-style-default\" style=\"margin:10px 0;border-width:3px;border-color:#ffffff00\"><a href=\"#\" style=\"color:#ffffff009\">.<\/a><\/div>\nFin dalla sua comparsa, Modvigil 200 mg ha conquistato i cuori di molti utenti, grazie alla sua efficienza e all&#8217;immenso numero di benefici che offre. Ecco alcuni dei benefici attestati da studi e consumatori: <\/p>\n<div class=\"su-divider su-divider-style-default\" style=\"margin:10px 0;border-width:3px;border-color:#ffffff00\"><a href=\"#\" style=\"color:#ffffff009\">.<\/a><\/div>\n<ul>\n<li>aumento della veglia;<\/li>\n<li>miglioramento della cognizione;<\/li>\n<li>aumento della produttivit\u00e0.<\/li>\n<\/ul>\n<div class=\"su-divider su-divider-style-default\" style=\"margin:10px 0;border-width:3px;border-color:#ffffff00\"><a href=\"#\" style=\"color:#ffffff009\">.<\/a><\/div>\nInoltre, gli studi dimostrano che le persone che fanno uso di questa droga possono godere di pi\u00f9 di dodici ore di concentrazione simile a quella di un laser.<\/p>\n<p>In conclusione, non \u00e8 pi\u00f9 una novit\u00e0 che Modvigil 200 mg offra un livello di vigilanza e produttivit\u00e0 completamente nuovo, se usato correttamente.<\/p>\n<div class=\"su-divider su-divider-style-default\" style=\"margin:10px 0;border-width:3px;border-color:#ffffff00\"><a href=\"#\" style=\"color:#ffffff009\">.<\/a><\/div>\n<h2>Comprare generico Modvigil 200 mg (Modafinil) in linea<\/h2>\n<div class=\"su-divider su-divider-style-default\" style=\"margin:10px 0;border-width:3px;border-color:#ffffff00\"><a href=\"#\" style=\"color:#ffffff009\">.<\/a><\/div>\nAcquistare Modvigil 200 mg da una farmacia online pu\u00f2 essere davvero complicato, soprattutto se non si pu\u00f2 garantire l&#8217;affidabilit\u00e0 o la genuinit\u00e0 della farmacia. Fortunatamente, esiste un fornitore che canceller\u00e0 tutte le vostre riserve sulle farmacie online. <\/p>\n<p>Su <a href=\"https:\/\/buymodafinilonline.com\/it\/\">BuyModafinilOnline<\/a> offriamo <a href=\"https:\/\/buymodafinilonline.com\/it\/negozio\/\">farmaci intelligenti generici<\/a> in vendita a prezzi incredibilmente bassi. Non \u00e8 pi\u00f9 necessario spendere una fortuna per acquistare il vostro stimolatore delle funzioni cerebrali preferito.<\/p>\n<p>I metodi di pagamento accettati sono flessibili. \u00c8 possibile pagare con carta di credito, PayPal o anche <a href=\"https:\/\/buymodafinilonline.com\/it\/paga-in-bitcoin\/\">Bitcoin<\/a> (-23% OFF). Spediamo in pochissimo tempo in diversi paesi, compresi gli Stati Uniti.  <\/p>\n<p>Contattateci e godetevi i farmaci originali (Artvigil, Modalert, Modafil MD, ecc.) con consegna rapida!<\/p>\n[\/vc_column]\n<div class=\"su-divider su-divider-style-default\" style=\"margin:10px 0;border-width:3px;border-color:#ffffff00\"><a href=\"#\" style=\"color:#ffffff009\">.<\/a><\/div>\n","protected":false},"excerpt":{"rendered":"<p>Modvigil \u00e8 un farmaco intelligente, specificamente progettato per il trattamento dei pazienti che sperimentano un&#8217;estrema sonnolenza durante il giorno. \u00c8 prodotto da un&#8217;azienda farmaceutica indiana nota come HAB Pharma e contiene modafinil come principio attivo. Gli utenti che desiderano ottenere questo farmaco possono ora acquistarlo dalla nostra farmacia online a prezzi economici senza alcun problema!  <\/p>\n[sc name=\"s1\"]\n","protected":false},"featured_media":398010,"comment_status":"closed","ping_status":"closed","template":"","meta":{"_acf_changed":false},"product_brand":[],"product_cat":[3787,4233],"product_tag":[4028],"class_list":{"0":"post-399578","1":"product","2":"type-product","3":"status-publish","4":"has-post-thumbnail","6":"product_cat-marchi-smart-drugs","7":"product_cat-smart-drugs-piu-venduti","8":"product_tag-modafinil-it","10":"first","11":"instock","12":"sale","13":"featured","14":"shipping-taxable","15":"purchasable","16":"product-type-variable","17":"has-default-attributes"},"acf":[],"yoast_head":"<!-- This site is optimized with the Yoast SEO Premium plugin v23.6 (Yoast SEO v27.3) - https:\/\/yoast.com\/product\/yoast-seo-premium-wordpress\/ -->\n<title>Comprare Modvigil 200 mg (Modafinil) Compresse dall&#039;India - BuyModafinilOnline<\/title>\n<meta name=\"description\" content=\"Ordinare Modvigil online dal produttore HAB Pharmaceuticals a un prezzo conveniente. Modvigil 200 mg (modafinil) generico in vendita presso la farmacia BuyModafinilOnline. Pagate con BTC, PayPal o carte di credito e ottenete grandi sconti!\" \/>\n<meta name=\"robots\" content=\"index, follow, max-snippet:-1, max-image-preview:large, max-video-preview:-1\" \/>\n<link rel=\"canonical\" href=\"https:\/\/buymodafinilonline.com\/it\/smart-drug-it\/modvigil-200-mg\/\" \/>\n<meta property=\"og:locale\" content=\"it_IT\" \/>\n<meta property=\"og:type\" content=\"article\" \/>\n<meta property=\"og:title\" content=\"Modvigil 200 mg\" \/>\n<meta property=\"og:description\" content=\"Ordinare Modvigil online dal produttore HAB Pharmaceuticals a un prezzo conveniente. Modvigil 200 mg (modafinil) generico in vendita presso la farmacia BuyModafinilOnline. Pagate con BTC, PayPal o carte di credito e ottenete grandi sconti!\" \/>\n<meta property=\"og:url\" content=\"https:\/\/buymodafinilonline.com\/it\/smart-drug-it\/modvigil-200-mg\/\" \/>\n<meta property=\"og:site_name\" content=\"BuyModafinilOnline.com\" \/>\n<meta property=\"article:modified_time\" content=\"2026-01-28T18:08:56+00:00\" \/>\n<meta property=\"og:image\" content=\"https:\/\/buymodafinilonline.com\/wp-content\/uploads\/2020\/04\/product-bmo-Modvigil-2.png\" \/>\n\t<meta property=\"og:image:width\" content=\"1280\" \/>\n\t<meta property=\"og:image:height\" content=\"1500\" \/>\n\t<meta property=\"og:image:type\" content=\"image\/png\" \/>\n<meta name=\"twitter:label1\" content=\"Tempo di lettura stimato\" \/>\n\t<meta name=\"twitter:data1\" content=\"5 minuti\" \/>\n<script type=\"application\/ld+json\" class=\"yoast-schema-graph\">{\"@context\":\"https:\\\/\\\/schema.org\",\"@graph\":[{\"@type\":\"WebPage\",\"@id\":\"https:\\\/\\\/buymodafinilonline.com\\\/it\\\/smart-drug-it\\\/modvigil-200-mg\\\/\",\"url\":\"https:\\\/\\\/buymodafinilonline.com\\\/it\\\/smart-drug-it\\\/modvigil-200-mg\\\/\",\"name\":\"Comprare Modvigil 200 mg (Modafinil) Compresse dall'India - BuyModafinilOnline\",\"isPartOf\":{\"@id\":\"https:\\\/\\\/buymodafinilonline.com\\\/it\\\/#website\"},\"primaryImageOfPage\":{\"@id\":\"https:\\\/\\\/buymodafinilonline.com\\\/it\\\/smart-drug-it\\\/modvigil-200-mg\\\/#primaryimage\"},\"image\":{\"@id\":\"https:\\\/\\\/buymodafinilonline.com\\\/it\\\/smart-drug-it\\\/modvigil-200-mg\\\/#primaryimage\"},\"thumbnailUrl\":\"https:\\\/\\\/buymodafinilonline.com\\\/wp-content\\\/uploads\\\/2020\\\/04\\\/product-bmo-Modvigil-2.png\",\"datePublished\":\"2020-03-23T18:42:04+00:00\",\"dateModified\":\"2026-01-28T18:08:56+00:00\",\"description\":\"Ordinare Modvigil online dal produttore HAB Pharmaceuticals a un prezzo conveniente. Modvigil 200 mg (modafinil) generico in vendita presso la farmacia BuyModafinilOnline. Pagate con BTC, PayPal o carte di credito e ottenete grandi sconti!\",\"breadcrumb\":{\"@id\":\"https:\\\/\\\/buymodafinilonline.com\\\/it\\\/smart-drug-it\\\/modvigil-200-mg\\\/#breadcrumb\"},\"inLanguage\":\"it-IT\",\"potentialAction\":[{\"@type\":\"ReadAction\",\"target\":[\"https:\\\/\\\/buymodafinilonline.com\\\/it\\\/smart-drug-it\\\/modvigil-200-mg\\\/\"]}]},{\"@type\":\"ImageObject\",\"inLanguage\":\"it-IT\",\"@id\":\"https:\\\/\\\/buymodafinilonline.com\\\/it\\\/smart-drug-it\\\/modvigil-200-mg\\\/#primaryimage\",\"url\":\"https:\\\/\\\/buymodafinilonline.com\\\/wp-content\\\/uploads\\\/2020\\\/04\\\/product-bmo-Modvigil-2.png\",\"contentUrl\":\"https:\\\/\\\/buymodafinilonline.com\\\/wp-content\\\/uploads\\\/2020\\\/04\\\/product-bmo-Modvigil-2.png\",\"width\":1280,\"height\":1500,\"caption\":\"Modvigil 200 mg\"},{\"@type\":\"BreadcrumbList\",\"@id\":\"https:\\\/\\\/buymodafinilonline.com\\\/it\\\/smart-drug-it\\\/modvigil-200-mg\\\/#breadcrumb\",\"itemListElement\":[{\"@type\":\"ListItem\",\"position\":1,\"name\":\"Buy Modafinil Online\",\"item\":\"https:\\\/\\\/buymodafinilonline.com\\\/it\\\/\"},{\"@type\":\"ListItem\",\"position\":2,\"name\":\"Negozio\",\"item\":\"https:\\\/\\\/buymodafinilonline.com\\\/it\\\/negozio\\\/\"},{\"@type\":\"ListItem\",\"position\":3,\"name\":\"Marchi Smart Drugs\",\"item\":\"https:\\\/\\\/buymodafinilonline.com\\\/it\\\/categoria-di-prodotto\\\/marchi-smart-drugs\\\/\"},{\"@type\":\"ListItem\",\"position\":4,\"name\":\"Modvigil 200 mg\"}]},{\"@type\":\"WebSite\",\"@id\":\"https:\\\/\\\/buymodafinilonline.com\\\/it\\\/#website\",\"url\":\"https:\\\/\\\/buymodafinilonline.com\\\/it\\\/\",\"name\":\"BuyModafinilOnline.com\",\"description\":\"Modafinil Online Pharmacy\",\"publisher\":{\"@id\":\"https:\\\/\\\/buymodafinilonline.com\\\/it\\\/#organization\"},\"potentialAction\":[{\"@type\":\"SearchAction\",\"target\":{\"@type\":\"EntryPoint\",\"urlTemplate\":\"https:\\\/\\\/buymodafinilonline.com\\\/it\\\/?s={search_term_string}\"},\"query-input\":{\"@type\":\"PropertyValueSpecification\",\"valueRequired\":true,\"valueName\":\"search_term_string\"}}],\"inLanguage\":\"it-IT\"},{\"@type\":\"Organization\",\"@id\":\"https:\\\/\\\/buymodafinilonline.com\\\/it\\\/#organization\",\"name\":\"BuyModafinilOnline\",\"url\":\"https:\\\/\\\/buymodafinilonline.com\\\/it\\\/\",\"logo\":{\"@type\":\"ImageObject\",\"inLanguage\":\"it-IT\",\"@id\":\"https:\\\/\\\/buymodafinilonline.com\\\/it\\\/#\\\/schema\\\/logo\\\/image\\\/\",\"url\":\"https:\\\/\\\/buymodafinilonline.com\\\/wp-content\\\/uploads\\\/2020\\\/04\\\/logo-buy-modafinil-online-yellow.png\",\"contentUrl\":\"https:\\\/\\\/buymodafinilonline.com\\\/wp-content\\\/uploads\\\/2020\\\/04\\\/logo-buy-modafinil-online-yellow.png\",\"width\":200,\"height\":200,\"caption\":\"BuyModafinilOnline\"},\"image\":{\"@id\":\"https:\\\/\\\/buymodafinilonline.com\\\/it\\\/#\\\/schema\\\/logo\\\/image\\\/\"}}]}<\/script>\n<!-- \/ Yoast SEO Premium plugin. -->","yoast_head_json":{"title":"Comprare Modvigil 200 mg (Modafinil) Compresse dall'India - BuyModafinilOnline","description":"Ordinare Modvigil online dal produttore HAB Pharmaceuticals a un prezzo conveniente. Modvigil 200 mg (modafinil) generico in vendita presso la farmacia BuyModafinilOnline. Pagate con BTC, PayPal o carte di credito e ottenete grandi sconti!","robots":{"index":"index","follow":"follow","max-snippet":"max-snippet:-1","max-image-preview":"max-image-preview:large","max-video-preview":"max-video-preview:-1"},"canonical":"https:\/\/buymodafinilonline.com\/it\/smart-drug-it\/modvigil-200-mg\/","og_locale":"it_IT","og_type":"article","og_title":"Modvigil 200 mg","og_description":"Ordinare Modvigil online dal produttore HAB Pharmaceuticals a un prezzo conveniente. Modvigil 200 mg (modafinil) generico in vendita presso la farmacia BuyModafinilOnline. Pagate con BTC, PayPal o carte di credito e ottenete grandi sconti!","og_url":"https:\/\/buymodafinilonline.com\/it\/smart-drug-it\/modvigil-200-mg\/","og_site_name":"BuyModafinilOnline.com","article_modified_time":"2026-01-28T18:08:56+00:00","og_image":[{"width":1280,"height":1500,"url":"https:\/\/buymodafinilonline.com\/wp-content\/uploads\/2020\/04\/product-bmo-Modvigil-2.png","type":"image\/png"}],"twitter_misc":{"Tempo di lettura stimato":"5 minuti"},"schema":{"@context":"https:\/\/schema.org","@graph":[{"@type":"WebPage","@id":"https:\/\/buymodafinilonline.com\/it\/smart-drug-it\/modvigil-200-mg\/","url":"https:\/\/buymodafinilonline.com\/it\/smart-drug-it\/modvigil-200-mg\/","name":"Comprare Modvigil 200 mg (Modafinil) Compresse dall'India - BuyModafinilOnline","isPartOf":{"@id":"https:\/\/buymodafinilonline.com\/it\/#website"},"primaryImageOfPage":{"@id":"https:\/\/buymodafinilonline.com\/it\/smart-drug-it\/modvigil-200-mg\/#primaryimage"},"image":{"@id":"https:\/\/buymodafinilonline.com\/it\/smart-drug-it\/modvigil-200-mg\/#primaryimage"},"thumbnailUrl":"https:\/\/buymodafinilonline.com\/wp-content\/uploads\/2020\/04\/product-bmo-Modvigil-2.png","datePublished":"2020-03-23T18:42:04+00:00","dateModified":"2026-01-28T18:08:56+00:00","description":"Ordinare Modvigil online dal produttore HAB Pharmaceuticals a un prezzo conveniente. Modvigil 200 mg (modafinil) generico in vendita presso la farmacia BuyModafinilOnline. Pagate con BTC, PayPal o carte di credito e ottenete grandi sconti!","breadcrumb":{"@id":"https:\/\/buymodafinilonline.com\/it\/smart-drug-it\/modvigil-200-mg\/#breadcrumb"},"inLanguage":"it-IT","potentialAction":[{"@type":"ReadAction","target":["https:\/\/buymodafinilonline.com\/it\/smart-drug-it\/modvigil-200-mg\/"]}]},{"@type":"ImageObject","inLanguage":"it-IT","@id":"https:\/\/buymodafinilonline.com\/it\/smart-drug-it\/modvigil-200-mg\/#primaryimage","url":"https:\/\/buymodafinilonline.com\/wp-content\/uploads\/2020\/04\/product-bmo-Modvigil-2.png","contentUrl":"https:\/\/buymodafinilonline.com\/wp-content\/uploads\/2020\/04\/product-bmo-Modvigil-2.png","width":1280,"height":1500,"caption":"Modvigil 200 mg"},{"@type":"BreadcrumbList","@id":"https:\/\/buymodafinilonline.com\/it\/smart-drug-it\/modvigil-200-mg\/#breadcrumb","itemListElement":[{"@type":"ListItem","position":1,"name":"Buy Modafinil Online","item":"https:\/\/buymodafinilonline.com\/it\/"},{"@type":"ListItem","position":2,"name":"Negozio","item":"https:\/\/buymodafinilonline.com\/it\/negozio\/"},{"@type":"ListItem","position":3,"name":"Marchi Smart Drugs","item":"https:\/\/buymodafinilonline.com\/it\/categoria-di-prodotto\/marchi-smart-drugs\/"},{"@type":"ListItem","position":4,"name":"Modvigil 200 mg"}]},{"@type":"WebSite","@id":"https:\/\/buymodafinilonline.com\/it\/#website","url":"https:\/\/buymodafinilonline.com\/it\/","name":"BuyModafinilOnline.com","description":"Modafinil Online Pharmacy","publisher":{"@id":"https:\/\/buymodafinilonline.com\/it\/#organization"},"potentialAction":[{"@type":"SearchAction","target":{"@type":"EntryPoint","urlTemplate":"https:\/\/buymodafinilonline.com\/it\/?s={search_term_string}"},"query-input":{"@type":"PropertyValueSpecification","valueRequired":true,"valueName":"search_term_string"}}],"inLanguage":"it-IT"},{"@type":"Organization","@id":"https:\/\/buymodafinilonline.com\/it\/#organization","name":"BuyModafinilOnline","url":"https:\/\/buymodafinilonline.com\/it\/","logo":{"@type":"ImageObject","inLanguage":"it-IT","@id":"https:\/\/buymodafinilonline.com\/it\/#\/schema\/logo\/image\/","url":"https:\/\/buymodafinilonline.com\/wp-content\/uploads\/2020\/04\/logo-buy-modafinil-online-yellow.png","contentUrl":"https:\/\/buymodafinilonline.com\/wp-content\/uploads\/2020\/04\/logo-buy-modafinil-online-yellow.png","width":200,"height":200,"caption":"BuyModafinilOnline"},"image":{"@id":"https:\/\/buymodafinilonline.com\/it\/#\/schema\/logo\/image\/"}}]}},"_links":{"self":[{"href":"https:\/\/buymodafinilonline.com\/it\/wp-json\/wp\/v2\/product\/399578","targetHints":{"allow":["GET"]}}],"collection":[{"href":"https:\/\/buymodafinilonline.com\/it\/wp-json\/wp\/v2\/product"}],"about":[{"href":"https:\/\/buymodafinilonline.com\/it\/wp-json\/wp\/v2\/types\/product"}],"replies":[{"embeddable":true,"href":"https:\/\/buymodafinilonline.com\/it\/wp-json\/wp\/v2\/comments?post=399578"}],"wp:featuredmedia":[{"embeddable":true,"href":"https:\/\/buymodafinilonline.com\/it\/wp-json\/wp\/v2\/media\/398010"}],"wp:attachment":[{"href":"https:\/\/buymodafinilonline.com\/it\/wp-json\/wp\/v2\/media?parent=399578"}],"wp:term":[{"taxonomy":"product_brand","embeddable":true,"href":"https:\/\/buymodafinilonline.com\/it\/wp-json\/wp\/v2\/product_brand?post=399578"},{"taxonomy":"product_cat","embeddable":true,"href":"https:\/\/buymodafinilonline.com\/it\/wp-json\/wp\/v2\/product_cat?post=399578"},{"taxonomy":"product_tag","embeddable":true,"href":"https:\/\/buymodafinilonline.com\/it\/wp-json\/wp\/v2\/product_tag?post=399578"}],"curies":[{"name":"wp","href":"https:\/\/api.w.org\/{rel}","templated":true}]}}