{"id":399592,"date":"2020-03-23T20:47:37","date_gmt":"2020-03-23T19:47:37","guid":{"rendered":"https:\/\/buymodafinilonline.com\/smart-drugs\/modalert-200-mg\/"},"modified":"2026-03-04T08:26:00","modified_gmt":"2026-03-04T07:26:00","slug":"modalert-200-mg","status":"publish","type":"product","link":"https:\/\/buymodafinilonline.com\/it\/smart-drug-it\/modalert-200-mg\/","title":{"rendered":"Modalert 200 mg"},"content":{"rendered":"[vc_column width=&#8221;1\/2&#8243;]\n<h2>Che cos&#8217;\u00e8 Modalert 200 mg?<\/h2>\n<p>Modalert 200 mg \u00e8 un farmaco molto potente prescritto dai medici per il trattamento di narcolessia, apnea ostruttiva del sonno, ipersonnia idiopatica, eccessiva sonnolenza diurna e disturbi del sonno da lavoro a turni. La sua approvazione \u00e8 dovuta al modafinil, il principio attivo approvato per queste condizioni di salute. Si tratta di una versione generica del farmaco di marca Provigil.  <\/p>\n<p>Tuttavia, essendo questo farmaco popolare come rimedio per il potenziamento cognitivo, molte persone, tra cui professionisti, militari, astronauti, lavoratori e studenti universitari, utilizzano questo farmaco off-label con l&#8217;intento di migliorare la loro attivit\u00e0 &#8211; potere cognitivo e aiutarli a rimanere svegli.<\/p>\n<h2>Come funzionano queste pillole?<\/h2>\n<p>I farmaci utilizzati per migliorare alcune condizioni di salute sono spesso scoperti per dare un ulteriore beneficio. Questo \u00e8 il caso dei farmaci che agiscono legandosi a specifici recettori dell&#8217;organismo. Il corpo utilizza diversi recettori per comunicare. Tuttavia, il modafinil agisce su una serie speciale di recettori, chiamati recettori di trasporto della dopamina.   <\/p>\n<p>Si tratta di un recettore molto importante che invia ai neuroni segnali che indicano la quantit\u00e0 di dopamina da riassorbire. Pi\u00f9 segnali vengono inviati per assorbire pi\u00f9 dopamina, pi\u00f9 bassa \u00e8 la concentrazione di dopamina. <\/p>\n<p>Questo non \u00e8 l&#8217;unico meccanismo del Modalert. Aumenta anche i livelli di istamina, orexina e noradrenalina nel cervello. Queste sono le sostanze chimiche pi\u00f9 importanti che regolano il ciclo sonno-veglia individuale e questa compressa lo fa in modo molto efficace.  <\/p>\n<p>Dosaggio sicuro e uso corretto<\/p>\n<p>Modalert 200 mg \u00e8 il dosaggio consigliato alla maggior parte delle persone. Alcuni possono considerare di ridurre la dose a 100 mg o di aumentarla a 400 mg, a seconda dell&#8217;efficacia e della tollerabilit\u00e0 del farmaco. La compressa da 400 mg \u00e8 pi\u00f9 indicata per le persone di corporatura pi\u00f9 grande, mentre quella da 100 mg \u00e8 pi\u00f9 indicata per i soggetti sensibili che rispondono molto bene al farmaco o per l&#8217;uso a lungo termine.  <\/p>\n<p>La modalit\u00e0 di assunzione di Modalert 200 mg pi\u00f9 efficace e sicura dipende dalle modalit\u00e0 di utilizzo, dall&#8217;et\u00e0 e dal peso dell&#8217;individuo. Pu\u00f2 essere assunto quotidianamente per il trattamento di patologie legate al sonno o per migliorare i modelli di sonno per una maggiore produttivit\u00e0. <\/p>\n<p>Modalert 200 mg \u00e8 sicuro. Si raccomanda di seguire le indicazioni riportate sulla confezione o i consigli del medico per evitare un sovradosaggio o condizioni di salute avverse. <\/p>\n<h2>Possibili effetti collaterali<\/h2>\n<p>Tieni presente che gli effetti collaterali sono rari e solitamente non gravi. Tuttavia, se alcuni individui manifestano effetti collaterali negativi durante l&#8217;uso di Modalert 200 mg, \u00e8 consigliabile rivolgersi a un medico. Gli effetti collaterali pi\u00f9 comuni includono disturbi o malesseri allo stomaco, insonnia, vertigini, mal di testa, nausea e ansia.  <\/p>\n<p>Questi segni scompaiono con l&#8217;uso continuativo del modafinil. Tuttavia, in rari casi, possono verificarsi effetti negativi pi\u00f9 gravi. Questi possono includere:  <\/p>\n<ul>\n<li>allucinazioni;<\/li>\n<li>lividi o sanguinamento facili;<\/li>\n<li>dolore al petto;<\/li>\n<li>depressione;<\/li>\n<li>battito cardiaco accelerato\/battito cardiaco irregolare;<\/li>\n<li>Sindrome di Steven Johnson (un disturbo raro ma pi\u00f9 grave delle membrane mucose).<\/li>\n<\/ul>\n<p>Sebbene questo non sia un elenco completo, \u00e8 necessario consultare un medico per avere maggiori informazioni sugli stessi e sul dosaggio sicuro.<\/p>\n[\/vc_column][vc_column width=&#8221;1\/2&#8243;]\n<h2>Controindicazioni e precauzioni<\/h2>\n<p>Il farmaco interagisce con altri farmaci. Verifica con il tuo medico gli altri farmaci che usi e che non devi assumere con Modalert 200 mg. Questo \u00e8 un elenco di condizioni controindicate con questo medicinale. Un medico pu\u00f2 valutare il tuo stato di salute per quanto riguarda le seguenti condizioni:   <\/p>\n<ul>\n<li>comportamento maniacale;<\/li>\n<li>Sindrome da prolasso della valvola mitrale;<\/li>\n<li>pensieri suicidi;<\/li>\n<li>pressione alta;<\/li>\n<li>comportamento aggressivo;<\/li>\n<li>Disturbo psicotico;<\/li>\n<li>un attacco di cuore;<\/li>\n<li>grave malattia epatica;<\/li>\n<li>depressione, ecc.<\/li>\n<\/ul>\n<p>Tra i farmaci controindicati ci sono i farmaci per la pressione alta, gli inibitori delle monoamino-ossidasi (MAO), gli antidepressivi, gli stimolanti del sistema nervoso, il propranololo (Inderal), la fenitoina, la carbamazepina, il fenobarbital, la rifampicina, il ketoconazolo, la ciclosporina, la teofillina, il warfarin, il diazepam e altri.<\/p>\n<p>Questo elenco non \u00e8 completo. Puoi assumere Modalert 200 mg con o senza la maggior parte degli alimenti. Tuttavia, il succo di pompelmo e il pompelmo possono aumentare le azioni o gli effetti collaterali di questo potente farmaco. Anche l&#8217;assunzione di alcolici \u00e8 sconsigliata perch\u00e9 pu\u00f2 provocare diverse reazioni.   <\/p>\n<h2>Esperienza del consumatore<\/h2>\n<p>Il Modafinil \u00e8 uno dei prodotti pi\u00f9 richiesti per il trattamento di condizioni di salute e, soprattutto, \u00e8 utilizzato da diverse persone per essere &#8220;intelligenti&#8221; e aumentare la produttivit\u00e0.<\/p>\n<p>Ora che questo farmaco \u00e8 altamente efficace, i consumatori lo hanno valutato in modo estremamente positivo, soprattutto quelli che hanno un fisico sano.<\/p>\n<p>La maggior parte delle persone si sente sveglia, vigile e pronta a migliorare la propria produttivit\u00e0. Un&#8217;esperienza positiva \u00e8 comune con Modalert. Aumenta la concentrazione, la concentrazione e la memoria e migliora la creativit\u00e0. \u00c8 molto apprezzato nelle competizioni e negli esami. \u00c8 fantastico.    <\/p>\n<p>E tu? Acquista questo farmaco e valuta la tua esperienza. <\/p>\n<h2>Acquista Generico Modalert 200mg (Modafinil) Online<\/h2>\n<p>Puoi acquistare Modalert 200mg online attraverso i rivenditori che operano nei luoghi in cui la vendita di modafinil \u00e8 aperta al pubblico &#8211; dall&#8217;India.<\/p>\n<p>Se stai cercando dove acquistare Modalert in una farmacia online, il posto migliore per comprare una pillola economica ma di qualit\u00e0 \u00e8 BuyModafinilOnline.<\/p>\n<p>Offriamo <a href=\"https:\/\/buymodafinilonline.com\/it\/negozio\/\">farmaci modafinil senza ricetta<\/a>. A differenza di alcune e-pharmacies che non offrono farmaci se l&#8217;acquirente non ha la prescrizione medica, noi abbiamo farmaci autentici disponibili per la vendita e puoi ordinarli a un prezzo inferiore. <\/p>\n<p>Puoi pagare con bitcoin e <a href=\"https:\/\/buymodafinilonline.com\/it\/paga-in-bitcoin\/\">ottenere uno sconto del 23%<\/a> su qualsiasi farmaco ordinato da <a href=\"https:\/\/buymodafinilonline.com\/it\/\">BuyModafinilOnline<\/a>. Altre opzioni di pagamento includono PayPal e una carta di credito.<\/p>\n<p>La <a href=\"https:\/\/buymodafinilonline.com\/it\/miglior-fornitore-modafinil-italia\/\">spedizione<\/a> \u00e8 ultraveloce &#8211; in tutto il mondo, ad eccezione di alcuni paesi. Anche in caso di mancata consegna, \u00e8 disponibile la rispedizione o il rimborso.<\/p>\n<p>Inoltre, nella nostra farmacia online, puoi acquistare nootropi popolari come <a href=\"https:\/\/buymodafinilonline.com\/it\/smart-drug-it\/modvigil-200-mg\/\">Modvigil<\/a>, <a href=\"https:\/\/buymodafinilonline.com\/it\/smart-drug-it\/vilafinil-200-mg\/\">Vilafinil<\/a>, <a href=\"https:\/\/buymodafinilonline.com\/it\/smart-drug-it\/modawake-200-mg\/\">Modawake<\/a>, <a href=\"https:\/\/buymodafinilonline.com\/it\/smart-drug-it\/artvigil-150-mg\/\">Artvigil<\/a>. E un grande bonus per tutti: <a href=\"https:\/\/buymodafinilonline.com\/it\/smart-drug-it\/campioni-gratuiti-di-modalert-200-mg\/\">10 campioni gratuiti di modafinil<\/a> per ogni ordine!<\/p>\n[\/vc_column]\n<div class=\"su-divider su-divider-style-default\" style=\"margin:10px 0;border-width:3px;border-color:#ffffff00\"><a href=\"#\" style=\"color:#ffffff009\">.<\/a><\/div>\n<h2>Modalert 200 Prezzo<\/h2>\n<table border=\"1\">\n<thead>\n<tr>\n<td><b>Modalert 200 (Quantit\u00e0) <\/b><\/td>\n<td><b>Costo<\/b><\/td>\n<td><b>Prezzo per pillola<\/b><\/td>\n<\/tr>\n<\/thead>\n<tbody>\n<tr>\n<td>10<\/td>\n<td>$29<\/td>\n<td>$2.99<\/td>\n<\/tr>\n<tr>\n<td>20<\/td>\n<td>$49<\/td>\n<td>$2.49<\/td>\n<\/tr>\n<tr>\n<td>30<\/td>\n<td>$69<\/td>\n<td>$2.29<\/td>\n<\/tr>\n<tr>\n<td>50<\/td>\n<td>$99<\/td>\n<td>$1.99<\/td>\n<\/tr>\n<tr>\n<td>100<\/td>\n<td>$169<\/td>\n<td>$1.69<\/td>\n<\/tr>\n<tr>\n<td>200<\/td>\n<td>$249<\/td>\n<td>$1.24<\/td>\n<\/tr>\n<tr>\n<td>300<\/td>\n<td>$359<\/td>\n<td>$1.29<\/td>\n<\/tr>\n<tr>\n<td>500<\/td>\n<td>$499<\/td>\n<td>$0.99<\/td>\n<\/tr>\n<tr>\n<td>1000<\/td>\n<td>$899<\/td>\n<td>$0.89<\/td>\n<\/tr>\n<\/tbody>\n<\/table>\n","protected":false},"excerpt":{"rendered":"[sc name=\"sun-suspended\"]\n<p>\u00c8 un farmaco progettato utilizzando il modafinil. \u00c8 emerso come il rimedio definitivo per i trattamenti legati al sonno, gli scopi off-label sono ampiamente utilizzati per aumentare la cognizione e altri benefici. Usa questo farmaco per rimanere concentrato e attivo nel pensare e portare a termine il lavoro in modo perfetto. Ha un prezzo molto pi\u00f9 basso rispetto alla versione di marca, Provigil, senza sacrificare la qualit\u00e0. \u00c8 prodotto da Sun Pharma e puoi acquistarlo online a un prezzo molto conveniente.    <\/p>\n[sc name=\"s1\"]\n","protected":false},"featured_media":398049,"comment_status":"closed","ping_status":"closed","template":"","meta":{"_acf_changed":false},"product_brand":[],"product_cat":[3787,4233],"product_tag":[4028],"class_list":{"0":"post-399592","1":"product","2":"type-product","3":"status-publish","4":"has-post-thumbnail","6":"product_cat-marchi-smart-drugs","7":"product_cat-smart-drugs-piu-venduti","8":"product_tag-modafinil-it","10":"first","11":"instock","12":"sale","13":"featured","14":"shipping-taxable","15":"purchasable","16":"product-type-variable","17":"has-default-attributes"},"acf":[],"yoast_head":"<!-- This site is optimized with the Yoast SEO Premium plugin v23.6 (Yoast SEO v27.4) - https:\/\/yoast.com\/product\/yoast-seo-premium-wordpress\/ -->\n<title>Compra Modalert 200 mg pillole (Modafinil) dall&#039;India - BuyModafinilOnline<\/title>\n<meta name=\"description\" content=\"Ordina Modalert 200 mg online senza ricetta in farmacia su BuyModafinilOnline. Garanzia di consegna al 100% dall&#039;India. Acquista Modalert (modafinil) a basso costo con Bitcoin o PayPal e ottieni grandi sconti!\" \/>\n<meta name=\"robots\" content=\"index, follow, max-snippet:-1, max-image-preview:large, max-video-preview:-1\" \/>\n<link rel=\"canonical\" href=\"https:\/\/buymodafinilonline.com\/it\/smart-drug-it\/modalert-200-mg\/\" \/>\n<meta property=\"og:locale\" content=\"it_IT\" \/>\n<meta property=\"og:type\" content=\"article\" \/>\n<meta property=\"og:title\" content=\"Modalert 200 mg\" \/>\n<meta property=\"og:description\" content=\"Ordina Modalert 200 mg online senza ricetta in farmacia su BuyModafinilOnline. Garanzia di consegna al 100% dall&#039;India. Acquista Modalert (modafinil) a basso costo con Bitcoin o PayPal e ottieni grandi sconti!\" \/>\n<meta property=\"og:url\" content=\"https:\/\/buymodafinilonline.com\/it\/smart-drug-it\/modalert-200-mg\/\" \/>\n<meta property=\"og:site_name\" content=\"BuyModafinilOnline.com\" \/>\n<meta property=\"article:modified_time\" content=\"2026-03-04T07:26:00+00:00\" \/>\n<meta property=\"og:image\" content=\"https:\/\/buymodafinilonline.com\/wp-content\/uploads\/2020\/04\/product-bmo-Modalert-1.png\" \/>\n\t<meta property=\"og:image:width\" content=\"1280\" \/>\n\t<meta property=\"og:image:height\" content=\"1500\" \/>\n\t<meta property=\"og:image:type\" content=\"image\/png\" \/>\n<meta name=\"twitter:label1\" content=\"Tempo di lettura stimato\" \/>\n\t<meta name=\"twitter:data1\" content=\"5 minuti\" \/>\n<script type=\"application\/ld+json\" class=\"yoast-schema-graph\">{\"@context\":\"https:\\\/\\\/schema.org\",\"@graph\":[{\"@type\":\"WebPage\",\"@id\":\"https:\\\/\\\/buymodafinilonline.com\\\/it\\\/smart-drug-it\\\/modalert-200-mg\\\/\",\"url\":\"https:\\\/\\\/buymodafinilonline.com\\\/it\\\/smart-drug-it\\\/modalert-200-mg\\\/\",\"name\":\"Compra Modalert 200 mg pillole (Modafinil) dall'India - BuyModafinilOnline\",\"isPartOf\":{\"@id\":\"https:\\\/\\\/buymodafinilonline.com\\\/it\\\/#website\"},\"primaryImageOfPage\":{\"@id\":\"https:\\\/\\\/buymodafinilonline.com\\\/it\\\/smart-drug-it\\\/modalert-200-mg\\\/#primaryimage\"},\"image\":{\"@id\":\"https:\\\/\\\/buymodafinilonline.com\\\/it\\\/smart-drug-it\\\/modalert-200-mg\\\/#primaryimage\"},\"thumbnailUrl\":\"https:\\\/\\\/buymodafinilonline.com\\\/wp-content\\\/uploads\\\/2020\\\/04\\\/product-bmo-Modalert-1.png\",\"datePublished\":\"2020-03-23T19:47:37+00:00\",\"dateModified\":\"2026-03-04T07:26:00+00:00\",\"description\":\"Ordina Modalert 200 mg online senza ricetta in farmacia su BuyModafinilOnline. Garanzia di consegna al 100% dall'India. Acquista Modalert (modafinil) a basso costo con Bitcoin o PayPal e ottieni grandi sconti!\",\"breadcrumb\":{\"@id\":\"https:\\\/\\\/buymodafinilonline.com\\\/it\\\/smart-drug-it\\\/modalert-200-mg\\\/#breadcrumb\"},\"inLanguage\":\"it-IT\",\"potentialAction\":[{\"@type\":\"ReadAction\",\"target\":[\"https:\\\/\\\/buymodafinilonline.com\\\/it\\\/smart-drug-it\\\/modalert-200-mg\\\/\"]}]},{\"@type\":\"ImageObject\",\"inLanguage\":\"it-IT\",\"@id\":\"https:\\\/\\\/buymodafinilonline.com\\\/it\\\/smart-drug-it\\\/modalert-200-mg\\\/#primaryimage\",\"url\":\"https:\\\/\\\/buymodafinilonline.com\\\/wp-content\\\/uploads\\\/2020\\\/04\\\/product-bmo-Modalert-1.png\",\"contentUrl\":\"https:\\\/\\\/buymodafinilonline.com\\\/wp-content\\\/uploads\\\/2020\\\/04\\\/product-bmo-Modalert-1.png\",\"width\":1280,\"height\":1500,\"caption\":\"Modalert 200 mg\"},{\"@type\":\"BreadcrumbList\",\"@id\":\"https:\\\/\\\/buymodafinilonline.com\\\/it\\\/smart-drug-it\\\/modalert-200-mg\\\/#breadcrumb\",\"itemListElement\":[{\"@type\":\"ListItem\",\"position\":1,\"name\":\"Buy Modafinil Online\",\"item\":\"https:\\\/\\\/buymodafinilonline.com\\\/it\\\/\"},{\"@type\":\"ListItem\",\"position\":2,\"name\":\"Negozio\",\"item\":\"https:\\\/\\\/buymodafinilonline.com\\\/it\\\/negozio\\\/\"},{\"@type\":\"ListItem\",\"position\":3,\"name\":\"Marchi Smart Drugs\",\"item\":\"https:\\\/\\\/buymodafinilonline.com\\\/it\\\/categoria-di-prodotto\\\/marchi-smart-drugs\\\/\"},{\"@type\":\"ListItem\",\"position\":4,\"name\":\"Modalert 200 mg\"}]},{\"@type\":\"WebSite\",\"@id\":\"https:\\\/\\\/buymodafinilonline.com\\\/it\\\/#website\",\"url\":\"https:\\\/\\\/buymodafinilonline.com\\\/it\\\/\",\"name\":\"BuyModafinilOnline.com\",\"description\":\"Modafinil Online Pharmacy\",\"publisher\":{\"@id\":\"https:\\\/\\\/buymodafinilonline.com\\\/it\\\/#organization\"},\"potentialAction\":[{\"@type\":\"SearchAction\",\"target\":{\"@type\":\"EntryPoint\",\"urlTemplate\":\"https:\\\/\\\/buymodafinilonline.com\\\/it\\\/?s={search_term_string}\"},\"query-input\":{\"@type\":\"PropertyValueSpecification\",\"valueRequired\":true,\"valueName\":\"search_term_string\"}}],\"inLanguage\":\"it-IT\"},{\"@type\":\"Organization\",\"@id\":\"https:\\\/\\\/buymodafinilonline.com\\\/it\\\/#organization\",\"name\":\"BuyModafinilOnline\",\"url\":\"https:\\\/\\\/buymodafinilonline.com\\\/it\\\/\",\"logo\":{\"@type\":\"ImageObject\",\"inLanguage\":\"it-IT\",\"@id\":\"https:\\\/\\\/buymodafinilonline.com\\\/it\\\/#\\\/schema\\\/logo\\\/image\\\/\",\"url\":\"https:\\\/\\\/buymodafinilonline.com\\\/wp-content\\\/uploads\\\/2020\\\/04\\\/logo-buy-modafinil-online-yellow.png\",\"contentUrl\":\"https:\\\/\\\/buymodafinilonline.com\\\/wp-content\\\/uploads\\\/2020\\\/04\\\/logo-buy-modafinil-online-yellow.png\",\"width\":200,\"height\":200,\"caption\":\"BuyModafinilOnline\"},\"image\":{\"@id\":\"https:\\\/\\\/buymodafinilonline.com\\\/it\\\/#\\\/schema\\\/logo\\\/image\\\/\"}}]}<\/script>\n<!-- \/ Yoast SEO Premium plugin. -->","yoast_head_json":{"title":"Compra Modalert 200 mg pillole (Modafinil) dall'India - BuyModafinilOnline","description":"Ordina Modalert 200 mg online senza ricetta in farmacia su BuyModafinilOnline. Garanzia di consegna al 100% dall'India. Acquista Modalert (modafinil) a basso costo con Bitcoin o PayPal e ottieni grandi sconti!","robots":{"index":"index","follow":"follow","max-snippet":"max-snippet:-1","max-image-preview":"max-image-preview:large","max-video-preview":"max-video-preview:-1"},"canonical":"https:\/\/buymodafinilonline.com\/it\/smart-drug-it\/modalert-200-mg\/","og_locale":"it_IT","og_type":"article","og_title":"Modalert 200 mg","og_description":"Ordina Modalert 200 mg online senza ricetta in farmacia su BuyModafinilOnline. Garanzia di consegna al 100% dall'India. Acquista Modalert (modafinil) a basso costo con Bitcoin o PayPal e ottieni grandi sconti!","og_url":"https:\/\/buymodafinilonline.com\/it\/smart-drug-it\/modalert-200-mg\/","og_site_name":"BuyModafinilOnline.com","article_modified_time":"2026-03-04T07:26:00+00:00","og_image":[{"width":1280,"height":1500,"url":"https:\/\/buymodafinilonline.com\/wp-content\/uploads\/2020\/04\/product-bmo-Modalert-1.png","type":"image\/png"}],"twitter_misc":{"Tempo di lettura stimato":"5 minuti"},"schema":{"@context":"https:\/\/schema.org","@graph":[{"@type":"WebPage","@id":"https:\/\/buymodafinilonline.com\/it\/smart-drug-it\/modalert-200-mg\/","url":"https:\/\/buymodafinilonline.com\/it\/smart-drug-it\/modalert-200-mg\/","name":"Compra Modalert 200 mg pillole (Modafinil) dall'India - BuyModafinilOnline","isPartOf":{"@id":"https:\/\/buymodafinilonline.com\/it\/#website"},"primaryImageOfPage":{"@id":"https:\/\/buymodafinilonline.com\/it\/smart-drug-it\/modalert-200-mg\/#primaryimage"},"image":{"@id":"https:\/\/buymodafinilonline.com\/it\/smart-drug-it\/modalert-200-mg\/#primaryimage"},"thumbnailUrl":"https:\/\/buymodafinilonline.com\/wp-content\/uploads\/2020\/04\/product-bmo-Modalert-1.png","datePublished":"2020-03-23T19:47:37+00:00","dateModified":"2026-03-04T07:26:00+00:00","description":"Ordina Modalert 200 mg online senza ricetta in farmacia su BuyModafinilOnline. Garanzia di consegna al 100% dall'India. Acquista Modalert (modafinil) a basso costo con Bitcoin o PayPal e ottieni grandi sconti!","breadcrumb":{"@id":"https:\/\/buymodafinilonline.com\/it\/smart-drug-it\/modalert-200-mg\/#breadcrumb"},"inLanguage":"it-IT","potentialAction":[{"@type":"ReadAction","target":["https:\/\/buymodafinilonline.com\/it\/smart-drug-it\/modalert-200-mg\/"]}]},{"@type":"ImageObject","inLanguage":"it-IT","@id":"https:\/\/buymodafinilonline.com\/it\/smart-drug-it\/modalert-200-mg\/#primaryimage","url":"https:\/\/buymodafinilonline.com\/wp-content\/uploads\/2020\/04\/product-bmo-Modalert-1.png","contentUrl":"https:\/\/buymodafinilonline.com\/wp-content\/uploads\/2020\/04\/product-bmo-Modalert-1.png","width":1280,"height":1500,"caption":"Modalert 200 mg"},{"@type":"BreadcrumbList","@id":"https:\/\/buymodafinilonline.com\/it\/smart-drug-it\/modalert-200-mg\/#breadcrumb","itemListElement":[{"@type":"ListItem","position":1,"name":"Buy Modafinil Online","item":"https:\/\/buymodafinilonline.com\/it\/"},{"@type":"ListItem","position":2,"name":"Negozio","item":"https:\/\/buymodafinilonline.com\/it\/negozio\/"},{"@type":"ListItem","position":3,"name":"Marchi Smart Drugs","item":"https:\/\/buymodafinilonline.com\/it\/categoria-di-prodotto\/marchi-smart-drugs\/"},{"@type":"ListItem","position":4,"name":"Modalert 200 mg"}]},{"@type":"WebSite","@id":"https:\/\/buymodafinilonline.com\/it\/#website","url":"https:\/\/buymodafinilonline.com\/it\/","name":"BuyModafinilOnline.com","description":"Modafinil Online Pharmacy","publisher":{"@id":"https:\/\/buymodafinilonline.com\/it\/#organization"},"potentialAction":[{"@type":"SearchAction","target":{"@type":"EntryPoint","urlTemplate":"https:\/\/buymodafinilonline.com\/it\/?s={search_term_string}"},"query-input":{"@type":"PropertyValueSpecification","valueRequired":true,"valueName":"search_term_string"}}],"inLanguage":"it-IT"},{"@type":"Organization","@id":"https:\/\/buymodafinilonline.com\/it\/#organization","name":"BuyModafinilOnline","url":"https:\/\/buymodafinilonline.com\/it\/","logo":{"@type":"ImageObject","inLanguage":"it-IT","@id":"https:\/\/buymodafinilonline.com\/it\/#\/schema\/logo\/image\/","url":"https:\/\/buymodafinilonline.com\/wp-content\/uploads\/2020\/04\/logo-buy-modafinil-online-yellow.png","contentUrl":"https:\/\/buymodafinilonline.com\/wp-content\/uploads\/2020\/04\/logo-buy-modafinil-online-yellow.png","width":200,"height":200,"caption":"BuyModafinilOnline"},"image":{"@id":"https:\/\/buymodafinilonline.com\/it\/#\/schema\/logo\/image\/"}}]}},"_links":{"self":[{"href":"https:\/\/buymodafinilonline.com\/it\/wp-json\/wp\/v2\/product\/399592","targetHints":{"allow":["GET"]}}],"collection":[{"href":"https:\/\/buymodafinilonline.com\/it\/wp-json\/wp\/v2\/product"}],"about":[{"href":"https:\/\/buymodafinilonline.com\/it\/wp-json\/wp\/v2\/types\/product"}],"replies":[{"embeddable":true,"href":"https:\/\/buymodafinilonline.com\/it\/wp-json\/wp\/v2\/comments?post=399592"}],"wp:featuredmedia":[{"embeddable":true,"href":"https:\/\/buymodafinilonline.com\/it\/wp-json\/wp\/v2\/media\/398049"}],"wp:attachment":[{"href":"https:\/\/buymodafinilonline.com\/it\/wp-json\/wp\/v2\/media?parent=399592"}],"wp:term":[{"taxonomy":"product_brand","embeddable":true,"href":"https:\/\/buymodafinilonline.com\/it\/wp-json\/wp\/v2\/product_brand?post=399592"},{"taxonomy":"product_cat","embeddable":true,"href":"https:\/\/buymodafinilonline.com\/it\/wp-json\/wp\/v2\/product_cat?post=399592"},{"taxonomy":"product_tag","embeddable":true,"href":"https:\/\/buymodafinilonline.com\/it\/wp-json\/wp\/v2\/product_tag?post=399592"}],"curies":[{"name":"wp","href":"https:\/\/api.w.org\/{rel}","templated":true}]}}