{"id":406959,"date":"2020-03-23T16:59:08","date_gmt":"2020-03-23T15:59:08","guid":{"rendered":"https:\/\/buymodafinilonline.com\/smart-drugs\/artvigil-150-mg-tablets\/"},"modified":"2025-04-22T09:38:45","modified_gmt":"2025-04-22T08:38:45","slug":"artvigil-150-mg","status":"publish","type":"product","link":"https:\/\/buymodafinilonline.com\/it\/smart-drug-it\/artvigil-150-mg\/","title":{"rendered":"Artvigil 150 mg"},"content":{"rendered":"[vc_column width=&#8221;1\/2&#8243;]\n<div class=\"su-divider su-divider-style-default\" style=\"margin:10px 0;border-width:3px;border-color:#ffffff00\"><a href=\"#\" style=\"color:#ffffff009\">.<\/a><\/div>\n<h2>Che cos&#8217;\u00e8 Artvigil 150 mg?<\/h2>\n<div class=\"su-divider su-divider-style-default\" style=\"margin:10px 0;border-width:3px;border-color:#ffffff00\"><a href=\"#\" style=\"color:#ffffff009\">.<\/a><\/div>\nArtvigil 150 mg \u00e8 un farmaco popolare utilizzato per combattere la sonnolenza diurna e l&#8217;estrema sonnolenza degli utenti. Contiene armodafinil come componente attivo e negli ultimi anni ha dimostrato di essere molto efficace nel limitare la sonnolenza estrema e la mancanza di motivazione. <\/p>\n<p>Se conosci farmaci come il Modafinil o il Modalert, probabilmente avrai sentito parlare di &#8220;nootropi&#8221;. Artvigil appartiene alla categoria dei farmaci noti come nootropi e aiuta gli utenti a rimanere concentrati e vigili durante la giornata, oltre che a godere di un periodo pi\u00f9 lungo di allerta mentale. <\/p>\n<p>Grazie alla sua elevata percentuale di successo, questo farmaco viene utilizzato da un gran numero di persone, tra cui studenti, artisti e persone che svolgono un lavoro regolare dalle 9 alle 5.<\/p>\n<div class=\"su-divider su-divider-style-default\" style=\"margin:10px 0;border-width:3px;border-color:#ffffff00\"><a href=\"#\" style=\"color:#ffffff009\">.<\/a><\/div>\n<h2>Come funzionano queste pillole?<\/h2>\n<div class=\"su-divider su-divider-style-default\" style=\"margin:10px 0;border-width:3px;border-color:#ffffff00\"><a href=\"#\" style=\"color:#ffffff009\">.<\/a><\/div>\nPer anni, il meccanismo d&#8217;azione di Artvigil \u00e8 rimasto un parziale mistero. Molti esperti non riescono a capire come funziona esattamente questo farmaco. Tuttavia, la maggior parte ritiene che agisca agendo sulle sostanze del cervello che controllano il ciclo sonno\/veglia.  <\/p>\n<p>Proprio come il modafinil, l&#8217;armodafinil (il componente attivo di Artvigil) blocca la ricaptazione della dopamina legandosi al trasportatore di dopamina e aumentando le concentrazioni di dopamina in alcune regioni del cervello.<\/p>\n<p>Questo aiuta a stimolare la produttivit\u00e0 e ad aumentare la vigilanza dell&#8217;utente a livelli mai visti prima.<\/p>\n<div class=\"su-divider su-divider-style-default\" style=\"margin:10px 0;border-width:3px;border-color:#ffffff00\"><a href=\"#\" style=\"color:#ffffff009\">.<\/a><\/div>\n<h2>Dosaggio sicuro e uso corretto<\/h2>\n<div class=\"su-divider su-divider-style-default\" style=\"margin:10px 0;border-width:3px;border-color:#ffffff00\"><a href=\"#\" style=\"color:#ffffff009\">.<\/a><\/div>\nSebbene Artvigil 150mg sia una pillola altamente &#8220;magica&#8221;, deve essere usata con assoluta cautela. Poich\u00e9 gli effetti di questo farmaco si mantengono per un lungo periodo di tempo, \u00e8 consigliabile assumerlo al mattino, un&#8217;ora prima del turno di lavoro. <\/p>\n<p>Gli effetti di una singola pillola durano per tutto il giorno, quindi non \u00e8 assolutamente necessario prenderne altre. Quando si usa questo farmaco, \u00e8 importante attenersi al dosaggio consigliato. <\/p>\n<p>Infine, evita di usare questo farmaco come alternativa al sonno, perch\u00e9 la naturale voglia di dormire del tuo corpo finir\u00e0 per raggiungerti.<\/p>\n<div class=\"su-divider su-divider-style-default\" style=\"margin:10px 0;border-width:3px;border-color:#ffffff00\"><a href=\"#\" style=\"color:#ffffff009\">.<\/a><\/div>\n<h2>Possibili effetti collaterali<\/h2>\n<div class=\"su-divider su-divider-style-default\" style=\"margin:10px 0;border-width:3px;border-color:#ffffff00\"><a href=\"#\" style=\"color:#ffffff009\">.<\/a><\/div>\nQuando si utilizza Artvigil 150 mg, \u00e8 abbastanza normale sperimentare alcuni effetti collaterali, il pi\u00f9 comune dei quali \u00e8 l&#8217;insonnia. Poich\u00e9 \u00e8 stato creato appositamente per combattere la sonnolenza, non sorprende che possa causare insonnia in alcuni utenti. <\/p>\n<p>Altri effetti collaterali comuni di questo farmaco sono mal di testa, nausea, vertigini e, in alcuni casi, secchezza delle fauci.<\/p>\n<p>Esistono reazioni negative pi\u00f9 gravi che possono derivare dall&#8217;uso di questo farmaco. Tuttavia, si verificano raramente, ma quando si verificano \u00e8 sempre consigliabile rivolgersi immediatamente a un medico. Alcuni di questi effetti collaterali includono tremori, allucinazioni, depressione, ecc.<\/p>\n[\/vc_column][vc_column width=&#8221;1\/2&#8243;]\n<div class=\"su-divider su-divider-style-default\" style=\"margin:10px 0;border-width:3px;border-color:#ffffff00\"><a href=\"#\" style=\"color:#ffffff009\">.<\/a><\/div>\nSecondo diversi utenti, Artvigil pu\u00f2 causare una perdita di appetito. Pertanto, le persone che intendono utilizzare questo farmaco per un periodo di tempo prolungato devono fare attenzione a una perdita di peso eccessiva. <\/p>\n<div class=\"su-divider su-divider-style-default\" style=\"margin:10px 0;border-width:3px;border-color:#ffffff00\"><a href=\"#\" style=\"color:#ffffff009\">.<\/a><\/div>\n<h2>Controindicazioni e precauzioni<\/h2>\n<div class=\"su-divider su-divider-style-default\" style=\"margin:10px 0;border-width:3px;border-color:#ffffff00\"><a href=\"#\" style=\"color:#ffffff009\">.<\/a><\/div>\nLe interazioni farmacologiche di solito modificano il funzionamento del farmaco o aumentano il rischio di gravi effetti collaterali. Artvigil pu\u00f2 interagire con droghe da strada come la metanfetamina e con alcuni farmaci da prescrizione e da banco che includono: <\/p>\n<div class=\"su-divider su-divider-style-default\" style=\"margin:10px 0;border-width:3px;border-color:#ffffff00\"><a href=\"#\" style=\"color:#ffffff009\">.<\/a><\/div>\n<ul>\n<li>Lisinopril;<\/li>\n<li>Clonazepam;<\/li>\n<li>Omeprazolo;<\/li>\n<li>Xanax;<\/li>\n<li>Trazodone;<\/li>\n<li>Percocet.<\/li>\n<\/ul>\n<div class=\"su-divider su-divider-style-default\" style=\"margin:10px 0;border-width:3px;border-color:#ffffff00\"><a href=\"#\" style=\"color:#ffffff009\">.<\/a><\/div>\nL&#8217;assunzione di caffeina potrebbe inoltre aumentare le reazioni avverse che si verificano in genere con l&#8217;uso di Artvigil. Anche l&#8217;alcol pu\u00f2 interagire con questo farmaco se consumato in modo eccessivo. Questa non \u00e8 una lista completa delle sostanze che possono interagire con Artvigil. Consulta il tuo medico per avere informazioni pi\u00f9 dettagliate sulle interazioni.   <\/p>\n<div class=\"su-divider su-divider-style-default\" style=\"margin:10px 0;border-width:3px;border-color:#ffffff00\"><a href=\"#\" style=\"color:#ffffff009\">.<\/a><\/div>\n<h2>Esperienza del consumatore<\/h2>\n<div class=\"su-divider su-divider-style-default\" style=\"margin:10px 0;border-width:3px;border-color:#ffffff00\"><a href=\"#\" style=\"color:#ffffff009\">.<\/a><\/div>\nPer molti farmaci pu\u00f2 essere difficile trovare recensioni positive autentiche da parte di clienti che hanno utilizzato il farmaco. Tuttavia, quando si tratta di Artvigil e di altri nootropi, i fatti parlano da soli. <\/p>\n<p>Molti individui che hanno usato Artvigil 150 mg hanno riferito di aver migliorato la vigilanza e la concentrazione. La maggior parte di loro ha dato il massimo in termini di efficacia, tollerabilit\u00e0 e facilit\u00e0 d&#8217;uso. <\/p>\n<p>Artvigil aiuta gli utenti a completare i compiti in modo rapido, senza sentirsi stanchi, assonnati o affaticati. Tuttavia, prima di utilizzare qualsiasi nootropico, \u00e8 bene consultare un medico. <\/p>\n<div class=\"su-divider su-divider-style-default\" style=\"margin:10px 0;border-width:3px;border-color:#ffffff00\"><a href=\"#\" style=\"color:#ffffff009\">.<\/a><\/div>\n<h2>Acquista Generico Artvigil 150 mg (Armodafinil) Online<\/h2>\n<div class=\"su-divider su-divider-style-default\" style=\"margin:10px 0;border-width:3px;border-color:#ffffff00\"><a href=\"#\" style=\"color:#ffffff009\">.<\/a><\/div>\nStai cercando il posto migliore per acquistare Artvigil 150 mg online? Non cercare oltre! Nella nostra farmacia online offriamo Artvigil e altri farmaci intelligenti in vendita ai prezzi pi\u00f9 bassi possibili. Inoltre, i clienti che acquistano da noi possono godere di un ottimo rapporto qualit\u00e0-prezzo.   <\/p>\n<p>Abbiamo un interessante sistema di sconti:<\/p>\n<div class=\"su-divider su-divider-style-default\" style=\"margin:10px 0;border-width:3px;border-color:#ffffff00\"><a href=\"#\" style=\"color:#ffffff009\">.<\/a><\/div>\n<ul>\n<li>25 dollari di clienti che ritornano;<\/li>\n<li>Sconto del 23% se <a href=\"https:\/\/buymodafinilonline.com\/it\/paga-in-bitcoin\/\">paghi con BTC<\/a>.<\/li>\n<\/ul>\n<div class=\"su-divider su-divider-style-default\" style=\"margin:10px 0;border-width:3px;border-color:#ffffff00\"><a href=\"#\" style=\"color:#ffffff009\">.<\/a><\/div>\nArtvigil \u00e8 10 volte pi\u00f9 economico della versione di marca Nuvigil, ma la qualit\u00e0 \u00e8 la stessa. Su <a href=\"https:\/\/buymodafinilonline.com\/it\/\">BuyModafinilOnline<\/a> offriamo solo farmaci generici originali, come Vilafinil 200mg, <a href=\"https:\/\/buymodafinilonline.com\/it\/smart-drug-it\/waklert-150-mg-tablets\/\">Waklert 150mg<\/a>, Modaheal 200 mg, ecc. Non devi quindi preoccuparti di acquistare <a href=\"https:\/\/buymodafinilonline.com\/it\/non-abbiamo-modafinil-contraffatto\/\">farmaci intelligenti falsi<\/a>.  <\/p>\n<p>Sei pronto a ordinare Artvigil 150 mg a un prezzo conveniente? Vivi un&#8217;esperienza di acquisto nuova e sicura con la nostra farmacia online.<\/p>\n[\/vc_column]\n<div class=\"su-divider su-divider-style-default\" style=\"margin:10px 0;border-width:3px;border-color:#ffffff00\"><a href=\"#\" style=\"color:#ffffff009\">.<\/a><\/div>\n","protected":false},"excerpt":{"rendered":"<p>Artvigil 150 mg di HAB Pharma \u00e8 una pillola utilizzata per stimolare la concentrazione e combattere la sonnolenza diurna. Contiene 150 mg di armodafinil e pu\u00f2 essere acquistata qui. Con la nostra farmacia, puoi essere sicuro di ottenere pillole genuine ai prezzi pi\u00f9 bassi possibili. Sono sempre disponibili grandi offerte e sconti tramite codici coupon e buoni sconto.   <\/p>\n[sc name=\"s1\"]\n","protected":false},"featured_media":399552,"comment_status":"closed","ping_status":"closed","template":"","meta":{"_acf_changed":false},"product_brand":[],"product_cat":[3787,4233],"product_tag":[4019],"class_list":{"0":"post-406959","1":"product","2":"type-product","3":"status-publish","4":"has-post-thumbnail","6":"product_cat-marchi-smart-drugs","7":"product_cat-smart-drugs-piu-venduti","8":"product_tag-armodafinil-it-2","10":"first","11":"instock","12":"sale","13":"featured","14":"shipping-taxable","15":"purchasable","16":"product-type-variable","17":"has-default-attributes"},"acf":[],"yoast_head":"<!-- This site is optimized with the Yoast SEO Premium plugin v23.6 (Yoast SEO v27.4) - https:\/\/yoast.com\/product\/yoast-seo-premium-wordpress\/ -->\n<title>Comprare a buon mercato Artvigil 150 mg (Armodafinil) dall&#039;India - BuyModafinilOnline<\/title>\n<meta name=\"description\" content=\"Ordina Artvigil 150 mg online e ottieni il 23% di sconto per i pagamenti in Bitcoin. Qui puoi acquistare Artvigil (armodafinil) con il 100% di garanzia di consegna. BuyModafinil Farmacia online - il posto migliore per acquistare nootropi sicuri.\" \/>\n<meta name=\"robots\" content=\"index, follow, max-snippet:-1, max-image-preview:large, max-video-preview:-1\" \/>\n<link rel=\"canonical\" href=\"https:\/\/buymodafinilonline.com\/it\/smart-drug-it\/artvigil-150-mg\/\" \/>\n<meta property=\"og:locale\" content=\"it_IT\" \/>\n<meta property=\"og:type\" content=\"article\" \/>\n<meta property=\"og:title\" content=\"Artvigil 150 mg\" \/>\n<meta property=\"og:description\" content=\"Ordina Artvigil 150 mg online e ottieni il 23% di sconto per i pagamenti in Bitcoin. Qui puoi acquistare Artvigil (armodafinil) con il 100% di garanzia di consegna. BuyModafinil Farmacia online - il posto migliore per acquistare nootropi sicuri.\" \/>\n<meta property=\"og:url\" content=\"https:\/\/buymodafinilonline.com\/it\/smart-drug-it\/artvigil-150-mg\/\" \/>\n<meta property=\"og:site_name\" content=\"BuyModafinilOnline.com\" \/>\n<meta property=\"article:modified_time\" content=\"2025-04-22T08:38:45+00:00\" \/>\n<meta property=\"og:image\" content=\"https:\/\/buymodafinilonline.com\/wp-content\/uploads\/2020\/04\/product-bmo-Artvigil-2.png\" \/>\n\t<meta property=\"og:image:width\" content=\"1280\" \/>\n\t<meta property=\"og:image:height\" content=\"1500\" \/>\n\t<meta property=\"og:image:type\" content=\"image\/png\" \/>\n<meta name=\"twitter:label1\" content=\"Tempo di lettura stimato\" \/>\n\t<meta name=\"twitter:data1\" content=\"4 minuti\" \/>\n<script type=\"application\/ld+json\" class=\"yoast-schema-graph\">{\"@context\":\"https:\\\/\\\/schema.org\",\"@graph\":[{\"@type\":\"WebPage\",\"@id\":\"https:\\\/\\\/buymodafinilonline.com\\\/it\\\/smart-drug-it\\\/artvigil-150-mg\\\/\",\"url\":\"https:\\\/\\\/buymodafinilonline.com\\\/it\\\/smart-drug-it\\\/artvigil-150-mg\\\/\",\"name\":\"Comprare a buon mercato Artvigil 150 mg (Armodafinil) dall'India - BuyModafinilOnline\",\"isPartOf\":{\"@id\":\"https:\\\/\\\/buymodafinilonline.com\\\/it\\\/#website\"},\"primaryImageOfPage\":{\"@id\":\"https:\\\/\\\/buymodafinilonline.com\\\/it\\\/smart-drug-it\\\/artvigil-150-mg\\\/#primaryimage\"},\"image\":{\"@id\":\"https:\\\/\\\/buymodafinilonline.com\\\/it\\\/smart-drug-it\\\/artvigil-150-mg\\\/#primaryimage\"},\"thumbnailUrl\":\"https:\\\/\\\/buymodafinilonline.com\\\/wp-content\\\/uploads\\\/2020\\\/04\\\/product-bmo-Artvigil-2.png\",\"datePublished\":\"2020-03-23T15:59:08+00:00\",\"dateModified\":\"2025-04-22T08:38:45+00:00\",\"description\":\"Ordina Artvigil 150 mg online e ottieni il 23% di sconto per i pagamenti in Bitcoin. Qui puoi acquistare Artvigil (armodafinil) con il 100% di garanzia di consegna. BuyModafinil Farmacia online - il posto migliore per acquistare nootropi sicuri.\",\"breadcrumb\":{\"@id\":\"https:\\\/\\\/buymodafinilonline.com\\\/it\\\/smart-drug-it\\\/artvigil-150-mg\\\/#breadcrumb\"},\"inLanguage\":\"it-IT\",\"potentialAction\":[{\"@type\":\"ReadAction\",\"target\":[\"https:\\\/\\\/buymodafinilonline.com\\\/it\\\/smart-drug-it\\\/artvigil-150-mg\\\/\"]}]},{\"@type\":\"ImageObject\",\"inLanguage\":\"it-IT\",\"@id\":\"https:\\\/\\\/buymodafinilonline.com\\\/it\\\/smart-drug-it\\\/artvigil-150-mg\\\/#primaryimage\",\"url\":\"https:\\\/\\\/buymodafinilonline.com\\\/wp-content\\\/uploads\\\/2020\\\/04\\\/product-bmo-Artvigil-2.png\",\"contentUrl\":\"https:\\\/\\\/buymodafinilonline.com\\\/wp-content\\\/uploads\\\/2020\\\/04\\\/product-bmo-Artvigil-2.png\",\"width\":1280,\"height\":1500,\"caption\":\"Artvigil 150 mg\"},{\"@type\":\"BreadcrumbList\",\"@id\":\"https:\\\/\\\/buymodafinilonline.com\\\/it\\\/smart-drug-it\\\/artvigil-150-mg\\\/#breadcrumb\",\"itemListElement\":[{\"@type\":\"ListItem\",\"position\":1,\"name\":\"Buy Modafinil Online\",\"item\":\"https:\\\/\\\/buymodafinilonline.com\\\/it\\\/\"},{\"@type\":\"ListItem\",\"position\":2,\"name\":\"Negozio\",\"item\":\"https:\\\/\\\/buymodafinilonline.com\\\/it\\\/negozio\\\/\"},{\"@type\":\"ListItem\",\"position\":3,\"name\":\"Marchi Smart Drugs\",\"item\":\"https:\\\/\\\/buymodafinilonline.com\\\/it\\\/categoria-di-prodotto\\\/marchi-smart-drugs\\\/\"},{\"@type\":\"ListItem\",\"position\":4,\"name\":\"Artvigil 150 mg\"}]},{\"@type\":\"WebSite\",\"@id\":\"https:\\\/\\\/buymodafinilonline.com\\\/it\\\/#website\",\"url\":\"https:\\\/\\\/buymodafinilonline.com\\\/it\\\/\",\"name\":\"BuyModafinilOnline.com\",\"description\":\"Modafinil Online Pharmacy\",\"publisher\":{\"@id\":\"https:\\\/\\\/buymodafinilonline.com\\\/it\\\/#organization\"},\"potentialAction\":[{\"@type\":\"SearchAction\",\"target\":{\"@type\":\"EntryPoint\",\"urlTemplate\":\"https:\\\/\\\/buymodafinilonline.com\\\/it\\\/?s={search_term_string}\"},\"query-input\":{\"@type\":\"PropertyValueSpecification\",\"valueRequired\":true,\"valueName\":\"search_term_string\"}}],\"inLanguage\":\"it-IT\"},{\"@type\":\"Organization\",\"@id\":\"https:\\\/\\\/buymodafinilonline.com\\\/it\\\/#organization\",\"name\":\"BuyModafinilOnline\",\"url\":\"https:\\\/\\\/buymodafinilonline.com\\\/it\\\/\",\"logo\":{\"@type\":\"ImageObject\",\"inLanguage\":\"it-IT\",\"@id\":\"https:\\\/\\\/buymodafinilonline.com\\\/it\\\/#\\\/schema\\\/logo\\\/image\\\/\",\"url\":\"https:\\\/\\\/buymodafinilonline.com\\\/wp-content\\\/uploads\\\/2020\\\/04\\\/logo-buy-modafinil-online-yellow.png\",\"contentUrl\":\"https:\\\/\\\/buymodafinilonline.com\\\/wp-content\\\/uploads\\\/2020\\\/04\\\/logo-buy-modafinil-online-yellow.png\",\"width\":200,\"height\":200,\"caption\":\"BuyModafinilOnline\"},\"image\":{\"@id\":\"https:\\\/\\\/buymodafinilonline.com\\\/it\\\/#\\\/schema\\\/logo\\\/image\\\/\"}}]}<\/script>\n<!-- \/ Yoast SEO Premium plugin. -->","yoast_head_json":{"title":"Comprare a buon mercato Artvigil 150 mg (Armodafinil) dall'India - BuyModafinilOnline","description":"Ordina Artvigil 150 mg online e ottieni il 23% di sconto per i pagamenti in Bitcoin. Qui puoi acquistare Artvigil (armodafinil) con il 100% di garanzia di consegna. BuyModafinil Farmacia online - il posto migliore per acquistare nootropi sicuri.","robots":{"index":"index","follow":"follow","max-snippet":"max-snippet:-1","max-image-preview":"max-image-preview:large","max-video-preview":"max-video-preview:-1"},"canonical":"https:\/\/buymodafinilonline.com\/it\/smart-drug-it\/artvigil-150-mg\/","og_locale":"it_IT","og_type":"article","og_title":"Artvigil 150 mg","og_description":"Ordina Artvigil 150 mg online e ottieni il 23% di sconto per i pagamenti in Bitcoin. Qui puoi acquistare Artvigil (armodafinil) con il 100% di garanzia di consegna. BuyModafinil Farmacia online - il posto migliore per acquistare nootropi sicuri.","og_url":"https:\/\/buymodafinilonline.com\/it\/smart-drug-it\/artvigil-150-mg\/","og_site_name":"BuyModafinilOnline.com","article_modified_time":"2025-04-22T08:38:45+00:00","og_image":[{"width":1280,"height":1500,"url":"https:\/\/buymodafinilonline.com\/wp-content\/uploads\/2020\/04\/product-bmo-Artvigil-2.png","type":"image\/png"}],"twitter_misc":{"Tempo di lettura stimato":"4 minuti"},"schema":{"@context":"https:\/\/schema.org","@graph":[{"@type":"WebPage","@id":"https:\/\/buymodafinilonline.com\/it\/smart-drug-it\/artvigil-150-mg\/","url":"https:\/\/buymodafinilonline.com\/it\/smart-drug-it\/artvigil-150-mg\/","name":"Comprare a buon mercato Artvigil 150 mg (Armodafinil) dall'India - BuyModafinilOnline","isPartOf":{"@id":"https:\/\/buymodafinilonline.com\/it\/#website"},"primaryImageOfPage":{"@id":"https:\/\/buymodafinilonline.com\/it\/smart-drug-it\/artvigil-150-mg\/#primaryimage"},"image":{"@id":"https:\/\/buymodafinilonline.com\/it\/smart-drug-it\/artvigil-150-mg\/#primaryimage"},"thumbnailUrl":"https:\/\/buymodafinilonline.com\/wp-content\/uploads\/2020\/04\/product-bmo-Artvigil-2.png","datePublished":"2020-03-23T15:59:08+00:00","dateModified":"2025-04-22T08:38:45+00:00","description":"Ordina Artvigil 150 mg online e ottieni il 23% di sconto per i pagamenti in Bitcoin. Qui puoi acquistare Artvigil (armodafinil) con il 100% di garanzia di consegna. BuyModafinil Farmacia online - il posto migliore per acquistare nootropi sicuri.","breadcrumb":{"@id":"https:\/\/buymodafinilonline.com\/it\/smart-drug-it\/artvigil-150-mg\/#breadcrumb"},"inLanguage":"it-IT","potentialAction":[{"@type":"ReadAction","target":["https:\/\/buymodafinilonline.com\/it\/smart-drug-it\/artvigil-150-mg\/"]}]},{"@type":"ImageObject","inLanguage":"it-IT","@id":"https:\/\/buymodafinilonline.com\/it\/smart-drug-it\/artvigil-150-mg\/#primaryimage","url":"https:\/\/buymodafinilonline.com\/wp-content\/uploads\/2020\/04\/product-bmo-Artvigil-2.png","contentUrl":"https:\/\/buymodafinilonline.com\/wp-content\/uploads\/2020\/04\/product-bmo-Artvigil-2.png","width":1280,"height":1500,"caption":"Artvigil 150 mg"},{"@type":"BreadcrumbList","@id":"https:\/\/buymodafinilonline.com\/it\/smart-drug-it\/artvigil-150-mg\/#breadcrumb","itemListElement":[{"@type":"ListItem","position":1,"name":"Buy Modafinil Online","item":"https:\/\/buymodafinilonline.com\/it\/"},{"@type":"ListItem","position":2,"name":"Negozio","item":"https:\/\/buymodafinilonline.com\/it\/negozio\/"},{"@type":"ListItem","position":3,"name":"Marchi Smart Drugs","item":"https:\/\/buymodafinilonline.com\/it\/categoria-di-prodotto\/marchi-smart-drugs\/"},{"@type":"ListItem","position":4,"name":"Artvigil 150 mg"}]},{"@type":"WebSite","@id":"https:\/\/buymodafinilonline.com\/it\/#website","url":"https:\/\/buymodafinilonline.com\/it\/","name":"BuyModafinilOnline.com","description":"Modafinil Online Pharmacy","publisher":{"@id":"https:\/\/buymodafinilonline.com\/it\/#organization"},"potentialAction":[{"@type":"SearchAction","target":{"@type":"EntryPoint","urlTemplate":"https:\/\/buymodafinilonline.com\/it\/?s={search_term_string}"},"query-input":{"@type":"PropertyValueSpecification","valueRequired":true,"valueName":"search_term_string"}}],"inLanguage":"it-IT"},{"@type":"Organization","@id":"https:\/\/buymodafinilonline.com\/it\/#organization","name":"BuyModafinilOnline","url":"https:\/\/buymodafinilonline.com\/it\/","logo":{"@type":"ImageObject","inLanguage":"it-IT","@id":"https:\/\/buymodafinilonline.com\/it\/#\/schema\/logo\/image\/","url":"https:\/\/buymodafinilonline.com\/wp-content\/uploads\/2020\/04\/logo-buy-modafinil-online-yellow.png","contentUrl":"https:\/\/buymodafinilonline.com\/wp-content\/uploads\/2020\/04\/logo-buy-modafinil-online-yellow.png","width":200,"height":200,"caption":"BuyModafinilOnline"},"image":{"@id":"https:\/\/buymodafinilonline.com\/it\/#\/schema\/logo\/image\/"}}]}},"_links":{"self":[{"href":"https:\/\/buymodafinilonline.com\/it\/wp-json\/wp\/v2\/product\/406959","targetHints":{"allow":["GET"]}}],"collection":[{"href":"https:\/\/buymodafinilonline.com\/it\/wp-json\/wp\/v2\/product"}],"about":[{"href":"https:\/\/buymodafinilonline.com\/it\/wp-json\/wp\/v2\/types\/product"}],"replies":[{"embeddable":true,"href":"https:\/\/buymodafinilonline.com\/it\/wp-json\/wp\/v2\/comments?post=406959"}],"wp:featuredmedia":[{"embeddable":true,"href":"https:\/\/buymodafinilonline.com\/it\/wp-json\/wp\/v2\/media\/399552"}],"wp:attachment":[{"href":"https:\/\/buymodafinilonline.com\/it\/wp-json\/wp\/v2\/media?parent=406959"}],"wp:term":[{"taxonomy":"product_brand","embeddable":true,"href":"https:\/\/buymodafinilonline.com\/it\/wp-json\/wp\/v2\/product_brand?post=406959"},{"taxonomy":"product_cat","embeddable":true,"href":"https:\/\/buymodafinilonline.com\/it\/wp-json\/wp\/v2\/product_cat?post=406959"},{"taxonomy":"product_tag","embeddable":true,"href":"https:\/\/buymodafinilonline.com\/it\/wp-json\/wp\/v2\/product_tag?post=406959"}],"curies":[{"name":"wp","href":"https:\/\/api.w.org\/{rel}","templated":true}]}}