{"id":408437,"date":"2020-03-23T20:21:55","date_gmt":"2020-11-08T16:09:44","guid":{"rendered":"https:\/\/buymodafinilonline.com\/smart-drugs\/vilafinil-200-mg\/"},"modified":"2025-04-22T09:42:59","modified_gmt":"2025-04-22T08:42:59","slug":"vilafinil-200-mg","status":"publish","type":"product","link":"https:\/\/buymodafinilonline.com\/it\/smart-drug-it\/vilafinil-200-mg\/","title":{"rendered":"Vilafinil 200 mg"},"content":{"rendered":"[vc_column width=&#8221;1\/2&#8243;]\n<div class=\"su-divider su-divider-style-default\" style=\"margin:10px 0;border-width:3px;border-color:#ffffff00\"><a href=\"#\" style=\"color:#ffffff009\">.<\/a><\/div>\n<h2>Che cos&#8217;\u00e8 Vilafinil 200mg?<\/h2>\n<div class=\"su-divider su-divider-style-default\" style=\"margin:10px 0;border-width:3px;border-color:#ffffff00\"><a href=\"#\" style=\"color:#ffffff009\">.<\/a><\/div>\nProvigil \u00e8 un&#8217;opzione farmacologica di prima scelta per il trattamento di problemi legati al sonno e il potenziamento della funzione cognitiva, che \u00e8 stata approvata per uso medico negli Stati Uniti nel 1998. Avanti veloce al 2010, il suo brevetto \u00e8 scaduto ed \u00e8 stato aperto alla produzione da altre aziende farmaceutiche.<\/p>\n<p>Centurion Laboratories, un grande produttore con sede in India, ha inventato la sua versione generica e l&#8217;ha chiamata Vilafinil. Contiene lo stesso ingrediente attivo del farmaco di marca e offre esattamente gli stessi benefici ed effetti collaterali. Tuttavia, \u00e8 molto pi\u00f9 economico. Ci\u00f2 \u00e8 dovuto al fatto che Centurion Labs non ha speso soldi per lo sviluppo e il marketing come ha fatto la societ\u00e0 del marchio.<\/p>\n<p>Vilafinil 200 mg \u00e8 solitamente prescritto per il trattamento della sonnolenza eccessiva causata da narcolessia, disturbi del sonno da lavoro a turni e apnea notturna. Viene utilizzato off-label per aumentare l&#8217;energia, la concentrazione e la motivazione, nonch\u00e9 per migliorare la memoria.<\/p>\n<div class=\"su-divider su-divider-style-default\" style=\"margin:10px 0;border-width:3px;border-color:#ffffff00\"><a href=\"#\" style=\"color:#ffffff009\">.<\/a><\/div>\n<h2>Come funzionano queste pillole?<\/h2>\n<div class=\"su-divider su-divider-style-default\" style=\"margin:10px 0;border-width:3px;border-color:#ffffff00\"><a href=\"#\" style=\"color:#ffffff009\">.<\/a><\/div>\nIl modo esatto in cui funzionano i tablet Vilafinil deve ancora essere stabilito. Tuttavia, si ritiene che agisca influenzando le sostanze chimiche nelle aree del cervello che controllano il ciclo veglia-sonno. In particolare aumenta i livelli di dopamina nel cervello. La dopamina \u00e8 un ormone associato al sentirsi motivati, alla capacit\u00e0 di concentrazione e anche a un ciclo sonno-veglia. Pertanto si ritiene che, influenzandone i livelli, il modafinil renda i suoi utenti vigili, concentrati e concentrati per periodi di tempo pi\u00f9 lunghi, ritardando la fatica.<\/p>\n<div class=\"su-divider su-divider-style-default\" style=\"margin:10px 0;border-width:3px;border-color:#ffffff00\"><a href=\"#\" style=\"color:#ffffff009\">.<\/a><\/div>\n<h2>Dosaggio sicuro e uso corretto<\/h2>\n<div class=\"su-divider su-divider-style-default\" style=\"margin:10px 0;border-width:3px;border-color:#ffffff00\"><a href=\"#\" style=\"color:#ffffff009\">.<\/a><\/div>\nIl dosaggio sicuro raccomandato per questo farmaco \u00e8 di 100-200 mg al giorno. Tuttavia, pu\u00f2 variare in base alle condizioni mediche attuali e alla risposta corrispondente al trattamento quando viene utilizzato per combattere l&#8217;apnea notturna, la narcolessia o altre condizioni legate al sonno. Vilafinil deve essere assunto regolarmente per ottenere i migliori risultati.<\/p>\n<p>Consultare il proprio medico prima di iniziare il trattamento con questo farmaco. Sulla base della tua storia medica, condizioni di salute e altri farmaci che potresti assumere, ti aiuteranno a determinare il giusto dosaggio che sar\u00e0 sicuro ed efficace per te.<\/p>\n<div class=\"su-divider su-divider-style-default\" style=\"margin:10px 0;border-width:3px;border-color:#ffffff00\"><a href=\"#\" style=\"color:#ffffff009\">.<\/a><\/div>\n<h2>Possibili effetti collaterali<\/h2>\n<div class=\"su-divider su-divider-style-default\" style=\"margin:10px 0;border-width:3px;border-color:#ffffff00\"><a href=\"#\" style=\"color:#ffffff009\">.<\/a><\/div>\nSebbene questo farmaco sia efficace, presenta alcuni effetti collaterali. Possono variare da lievi a gravi a seconda della dose somministrata, della composizione corporea, delle condizioni mediche di base o di altri farmaci con cui viene assunto.<\/p>\n<p>Gli effetti collaterali lievi \/ comuni sono i seguenti:<\/p>\n<div class=\"su-divider su-divider-style-default\" style=\"margin:10px 0;border-width:3px;border-color:#ffffff00\"><a href=\"#\" style=\"color:#ffffff009\">.<\/a><\/div>\n<ul>\n<li>nausea;<\/li>\n<li>mal di testa;<\/li>\n<li>difficolt\u00e0 a dormire;<\/li>\n<li>nervosismo.<\/li>\n<\/ul>\n<div class=\"su-divider su-divider-style-default\" style=\"margin:10px 0;border-width:3px;border-color:#ffffff00\"><a href=\"#\" style=\"color:#ffffff009\">.<\/a><\/div>\nGli effetti collaterali gravi \/ rari associati a questo farmaco includono allucinazioni, depressione, battito cardiaco irregolare.<\/p>\n[\/vc_column][vc_column width=&#8221;1\/2&#8243;]\n<div class=\"su-divider su-divider-style-default\" style=\"margin:10px 0;border-width:3px;border-color:#ffffff00\"><a href=\"#\" style=\"color:#ffffff009\">.<\/a><\/div>\n<p>Una reazione allergica e dolore al petto sono altri due effetti collaterali molto gravi che possono derivare dall&#8217;uso di questo farmaco. I sintomi possono includere difficolt\u00e0 di respirazione, eruzione cutanea, linfonodi ingrossati, graffi, ecc. Rivolgiti subito al medico se si verifica uno di questi segni. \u00c8 sempre meglio consultare un medico prima di iniziare il trattamento con questo farmaco.<\/p>\n<div class=\"su-divider su-divider-style-default\" style=\"margin:10px 0;border-width:3px;border-color:#ffffff00\"><a href=\"#\" style=\"color:#ffffff009\">.<\/a><\/div>\n<h2>Controindicazioni e precauzioni<\/h2>\n<div class=\"su-divider su-divider-style-default\" style=\"margin:10px 0;border-width:3px;border-color:#ffffff00\"><a href=\"#\" style=\"color:#ffffff009\">.<\/a><\/div>\nVilafinil pu\u00f2 interagire con determinati farmaci, cibo e alcol. Un&#8217;interazione pu\u00f2 ridurre l&#8217;efficacia di uno o entrambi i medicinali o aumentare il rischio di effetti collaterali. Alcuni dei farmaci che interagiscono con modafinil includono:<\/p>\n<div class=\"su-divider su-divider-style-default\" style=\"margin:10px 0;border-width:3px;border-color:#ffffff00\"><a href=\"#\" style=\"color:#ffffff009\">.<\/a><\/div>\n<ul>\n<li>farmaci per il trattamento dell&#8217;epatite C cronica, per esempio, Ombitasvir \/ Paritaprevir \/ Ritonavir, Asunaprevir;<\/li>\n<li>droghe da strada come ecstasy, metanfetamine, ecc .;<\/li>\n<li>codeina;<\/li>\n<li>Citalopram;<\/li>\n<li>buprenorfina.<\/li>\n<\/ul>\n<div class=\"su-divider su-divider-style-default\" style=\"margin:10px 0;border-width:3px;border-color:#ffffff00\"><a href=\"#\" style=\"color:#ffffff009\">.<\/a><\/div>\nPotrebbe non essere adatto a prendere Vilafinil con determinati tipi di cibo o durante i pasti. Inoltre, l&#8217;assunzione di alcol con questo farmaco, specialmente in quantit\u00e0 eccessive, pu\u00f2 causare interazioni. Consultare il proprio medico prima di combinare questo farmaco con qualsiasi medicinale, cibo e alcol.<\/p>\n<div class=\"su-divider su-divider-style-default\" style=\"margin:10px 0;border-width:3px;border-color:#ffffff00\"><a href=\"#\" style=\"color:#ffffff009\">.<\/a><\/div>\n<h2>Esperienza del consumatore<\/h2>\n<div class=\"su-divider su-divider-style-default\" style=\"margin:10px 0;border-width:3px;border-color:#ffffff00\"><a href=\"#\" style=\"color:#ffffff009\">.<\/a><\/div>\nSebbene Vilafinil stia ancora crescendo in popolarit\u00e0, molte persone hanno messo una buona parola per questo. La maggior parte di loro ha riferito di aver sperimentato un aumento di energia, maggiore concentrazione e vigilanza dal suo utilizzo. Molti utenti l&#8217;hanno posto sullo stesso piano del farmaco di marca, in termini di efficacia e tollerabilit\u00e0.<\/p>\n<p>Il rovescio della medaglia, ci sono anche coloro che hanno riferito di aver avuto reazioni avverse come vertigini e mal di testa dopo averlo assunto. Tuttavia, questo \u00e8 considerato normale, soprattutto per gli utenti alle prime armi. Questi effetti collaterali sono spesso di breve durata.<\/p>\n<p>Consultare un medico prima di assumere questo farmaco per ottenere il meglio da esso.<\/p>\n<div class=\"su-divider su-divider-style-default\" style=\"margin:10px 0;border-width:3px;border-color:#ffffff00\"><a href=\"#\" style=\"color:#ffffff009\">.<\/a><\/div>\n<h2>Acquista Vilafinil generico 200 mg (Modafinil) online<\/h2>\n<div class=\"su-divider su-divider-style-default\" style=\"margin:10px 0;border-width:3px;border-color:#ffffff00\"><a href=\"#\" style=\"color:#ffffff009\">.<\/a><\/div>\nSe hai deciso di acquistare Vilafinil 200mg online da uno dei venditori che lo vendono al banco a causa della convenienza e degli sconti ad esso associati, BuyModafinilOnline \u00e8 uno dei posti migliori in cui cercare.<\/p>\n<p>Qui puoi essere certo che otterrai il miglior rapporto qualit\u00e0-prezzo. I nostri prezzi sono semplicemente uno dei migliori sul mercato, e questo perch\u00e9 trattiamo direttamente con i produttori pi\u00f9 affidabili dall&#8217;India. Inoltre, puoi pagare con i bitcoin e ottenere uno <a href=\"https:\/\/buymodafinilonline.com\/it\/paga-in-bitcoin\/\">sconto del 23%<\/a>!<\/p>\n<p>A<a href=\"https:\/\/buymodafinilonline.com\/it\/\"> AcquistaModafinilOnline<\/a> , abbiamo una vasta gamma di<a href=\"https:\/\/buymodafinilonline.com\/it\/negozio\/\"> farmaci intelligenti in vendita<\/a> tra cui puoi scegliere<a href=\"https:\/\/buymodafinilonline.com\/it\/smart-drug-it\/modvigil-200-mg\/\"> Modvigil<\/a> , Modawake,<a href=\"https:\/\/buymodafinilonline.com\/it\/smart-drug-it\/waklert-150-mg-tablets\/\"> Waklert<\/a> , Modalert e altri.<\/p>\n<p>Non sei ancora sicuro di quale farmaco prendere? Puoi farti consegnare campioni gratuiti. E con l&#8217;aiuto del ns<a href=\"https:\/\/buymodafinilonline.com\/it\/miglior-fornitore-modafinil-italia\/\"> consegna veloce<\/a> , riceverai il tuo ordine entro pochi giorni. Acquista subito per approfittare delle migliori offerte.<\/p>\n[\/vc_column]\n<div class=\"su-divider su-divider-style-default\" style=\"margin:10px 0;border-width:3px;border-color:#ffffff00\"><a href=\"#\" style=\"color:#ffffff009\">.<\/a><\/div>\n","protected":false},"excerpt":{"rendered":"<p>Vilafinil di Centurion Laboratories \u00e8 una forma generica del farmaco di marca noto come Provigil. \u00c8 usato per combattere la sonnolenza diurna e favorire la concentrazione. Con ogni pillola contenente 200 mg di modafinil come ingrediente attivo, Vilafinil \u00e8 efficace al 100% come Provigil e 10 volte pi\u00f9 economico. Acquista da noi per godere di incredibili offerte e sconti.<\/p>\n[sc name=\"s1\"]\n","protected":false},"featured_media":426135,"comment_status":"closed","ping_status":"closed","template":"","meta":{"_acf_changed":false},"product_brand":[],"product_cat":[3787],"product_tag":[4028],"class_list":{"0":"post-408437","1":"product","2":"type-product","3":"status-publish","4":"has-post-thumbnail","6":"product_cat-marchi-smart-drugs","7":"product_tag-modafinil-it","9":"first","10":"instock","11":"sale","12":"shipping-taxable","13":"purchasable","14":"product-type-variable","15":"has-default-attributes"},"acf":[],"yoast_head":"<!-- This site is optimized with the Yoast SEO Premium plugin v23.6 (Yoast SEO v27.4) - https:\/\/yoast.com\/product\/yoast-seo-premium-wordpress\/ -->\n<title>Acquista Vilafinil 200mg (Modafinil) da banco - BuyModafinilOnline<\/title>\n<meta name=\"description\" content=\"Acquista a buon mercato Vilafinil 200mg compresse online dall&#039;India presso la farmacia BuyModafinilOnline. Ottieni 20 pillole GRATUITE (modafinil + armodafinil) con ogni ordine e $ 25 di sconto per i clienti abituali!\" \/>\n<meta name=\"robots\" content=\"index, follow, max-snippet:-1, max-image-preview:large, max-video-preview:-1\" \/>\n<link rel=\"canonical\" href=\"https:\/\/buymodafinilonline.com\/it\/smart-drug-it\/vilafinil-200-mg\/\" \/>\n<meta property=\"og:locale\" content=\"it_IT\" \/>\n<meta property=\"og:type\" content=\"article\" \/>\n<meta property=\"og:title\" content=\"Vilafinil 200 mg\" \/>\n<meta property=\"og:description\" content=\"Acquista a buon mercato Vilafinil 200mg compresse online dall&#039;India presso la farmacia BuyModafinilOnline. Ottieni 20 pillole GRATUITE (modafinil + armodafinil) con ogni ordine e $ 25 di sconto per i clienti abituali!\" \/>\n<meta property=\"og:url\" content=\"https:\/\/buymodafinilonline.com\/it\/smart-drug-it\/vilafinil-200-mg\/\" \/>\n<meta property=\"og:site_name\" content=\"BuyModafinilOnline.com\" \/>\n<meta property=\"article:modified_time\" content=\"2025-04-22T08:42:59+00:00\" \/>\n<meta property=\"og:image\" content=\"https:\/\/buymodafinilonline.com\/wp-content\/uploads\/2021\/09\/bmo-product-vilafinil-new.png\" \/>\n\t<meta property=\"og:image:width\" content=\"1280\" \/>\n\t<meta property=\"og:image:height\" content=\"1500\" \/>\n\t<meta property=\"og:image:type\" content=\"image\/png\" \/>\n<meta name=\"twitter:label1\" content=\"Tempo di lettura stimato\" \/>\n\t<meta name=\"twitter:data1\" content=\"4 minuti\" \/>\n<script type=\"application\/ld+json\" class=\"yoast-schema-graph\">{\"@context\":\"https:\\\/\\\/schema.org\",\"@graph\":[{\"@type\":\"WebPage\",\"@id\":\"https:\\\/\\\/buymodafinilonline.com\\\/it\\\/smart-drug-it\\\/vilafinil-200-mg\\\/\",\"url\":\"https:\\\/\\\/buymodafinilonline.com\\\/it\\\/smart-drug-it\\\/vilafinil-200-mg\\\/\",\"name\":\"Acquista Vilafinil 200mg (Modafinil) da banco - BuyModafinilOnline\",\"isPartOf\":{\"@id\":\"https:\\\/\\\/buymodafinilonline.com\\\/it\\\/#website\"},\"primaryImageOfPage\":{\"@id\":\"https:\\\/\\\/buymodafinilonline.com\\\/it\\\/smart-drug-it\\\/vilafinil-200-mg\\\/#primaryimage\"},\"image\":{\"@id\":\"https:\\\/\\\/buymodafinilonline.com\\\/it\\\/smart-drug-it\\\/vilafinil-200-mg\\\/#primaryimage\"},\"thumbnailUrl\":\"https:\\\/\\\/buymodafinilonline.com\\\/wp-content\\\/uploads\\\/2021\\\/09\\\/bmo-product-vilafinil-new.png\",\"datePublished\":\"2020-11-08T16:09:44+00:00\",\"dateModified\":\"2025-04-22T08:42:59+00:00\",\"description\":\"Acquista a buon mercato Vilafinil 200mg compresse online dall'India presso la farmacia BuyModafinilOnline. Ottieni 20 pillole GRATUITE (modafinil + armodafinil) con ogni ordine e $ 25 di sconto per i clienti abituali!\",\"breadcrumb\":{\"@id\":\"https:\\\/\\\/buymodafinilonline.com\\\/it\\\/smart-drug-it\\\/vilafinil-200-mg\\\/#breadcrumb\"},\"inLanguage\":\"it-IT\",\"potentialAction\":[{\"@type\":\"ReadAction\",\"target\":[\"https:\\\/\\\/buymodafinilonline.com\\\/it\\\/smart-drug-it\\\/vilafinil-200-mg\\\/\"]}]},{\"@type\":\"ImageObject\",\"inLanguage\":\"it-IT\",\"@id\":\"https:\\\/\\\/buymodafinilonline.com\\\/it\\\/smart-drug-it\\\/vilafinil-200-mg\\\/#primaryimage\",\"url\":\"https:\\\/\\\/buymodafinilonline.com\\\/wp-content\\\/uploads\\\/2021\\\/09\\\/bmo-product-vilafinil-new.png\",\"contentUrl\":\"https:\\\/\\\/buymodafinilonline.com\\\/wp-content\\\/uploads\\\/2021\\\/09\\\/bmo-product-vilafinil-new.png\",\"width\":1280,\"height\":1500,\"caption\":\"Vilafinil 200 mg\"},{\"@type\":\"BreadcrumbList\",\"@id\":\"https:\\\/\\\/buymodafinilonline.com\\\/it\\\/smart-drug-it\\\/vilafinil-200-mg\\\/#breadcrumb\",\"itemListElement\":[{\"@type\":\"ListItem\",\"position\":1,\"name\":\"Buy Modafinil Online\",\"item\":\"https:\\\/\\\/buymodafinilonline.com\\\/it\\\/\"},{\"@type\":\"ListItem\",\"position\":2,\"name\":\"Negozio\",\"item\":\"https:\\\/\\\/buymodafinilonline.com\\\/it\\\/negozio\\\/\"},{\"@type\":\"ListItem\",\"position\":3,\"name\":\"Marchi Smart Drugs\",\"item\":\"https:\\\/\\\/buymodafinilonline.com\\\/it\\\/categoria-di-prodotto\\\/marchi-smart-drugs\\\/\"},{\"@type\":\"ListItem\",\"position\":4,\"name\":\"Vilafinil 200 mg\"}]},{\"@type\":\"WebSite\",\"@id\":\"https:\\\/\\\/buymodafinilonline.com\\\/it\\\/#website\",\"url\":\"https:\\\/\\\/buymodafinilonline.com\\\/it\\\/\",\"name\":\"BuyModafinilOnline.com\",\"description\":\"Modafinil Online Pharmacy\",\"publisher\":{\"@id\":\"https:\\\/\\\/buymodafinilonline.com\\\/it\\\/#organization\"},\"potentialAction\":[{\"@type\":\"SearchAction\",\"target\":{\"@type\":\"EntryPoint\",\"urlTemplate\":\"https:\\\/\\\/buymodafinilonline.com\\\/it\\\/?s={search_term_string}\"},\"query-input\":{\"@type\":\"PropertyValueSpecification\",\"valueRequired\":true,\"valueName\":\"search_term_string\"}}],\"inLanguage\":\"it-IT\"},{\"@type\":\"Organization\",\"@id\":\"https:\\\/\\\/buymodafinilonline.com\\\/it\\\/#organization\",\"name\":\"BuyModafinilOnline\",\"url\":\"https:\\\/\\\/buymodafinilonline.com\\\/it\\\/\",\"logo\":{\"@type\":\"ImageObject\",\"inLanguage\":\"it-IT\",\"@id\":\"https:\\\/\\\/buymodafinilonline.com\\\/it\\\/#\\\/schema\\\/logo\\\/image\\\/\",\"url\":\"https:\\\/\\\/buymodafinilonline.com\\\/wp-content\\\/uploads\\\/2020\\\/04\\\/logo-buy-modafinil-online-yellow.png\",\"contentUrl\":\"https:\\\/\\\/buymodafinilonline.com\\\/wp-content\\\/uploads\\\/2020\\\/04\\\/logo-buy-modafinil-online-yellow.png\",\"width\":200,\"height\":200,\"caption\":\"BuyModafinilOnline\"},\"image\":{\"@id\":\"https:\\\/\\\/buymodafinilonline.com\\\/it\\\/#\\\/schema\\\/logo\\\/image\\\/\"}}]}<\/script>\n<!-- \/ Yoast SEO Premium plugin. -->","yoast_head_json":{"title":"Acquista Vilafinil 200mg (Modafinil) da banco - BuyModafinilOnline","description":"Acquista a buon mercato Vilafinil 200mg compresse online dall'India presso la farmacia BuyModafinilOnline. Ottieni 20 pillole GRATUITE (modafinil + armodafinil) con ogni ordine e $ 25 di sconto per i clienti abituali!","robots":{"index":"index","follow":"follow","max-snippet":"max-snippet:-1","max-image-preview":"max-image-preview:large","max-video-preview":"max-video-preview:-1"},"canonical":"https:\/\/buymodafinilonline.com\/it\/smart-drug-it\/vilafinil-200-mg\/","og_locale":"it_IT","og_type":"article","og_title":"Vilafinil 200 mg","og_description":"Acquista a buon mercato Vilafinil 200mg compresse online dall'India presso la farmacia BuyModafinilOnline. Ottieni 20 pillole GRATUITE (modafinil + armodafinil) con ogni ordine e $ 25 di sconto per i clienti abituali!","og_url":"https:\/\/buymodafinilonline.com\/it\/smart-drug-it\/vilafinil-200-mg\/","og_site_name":"BuyModafinilOnline.com","article_modified_time":"2025-04-22T08:42:59+00:00","og_image":[{"width":1280,"height":1500,"url":"https:\/\/buymodafinilonline.com\/wp-content\/uploads\/2021\/09\/bmo-product-vilafinil-new.png","type":"image\/png"}],"twitter_misc":{"Tempo di lettura stimato":"4 minuti"},"schema":{"@context":"https:\/\/schema.org","@graph":[{"@type":"WebPage","@id":"https:\/\/buymodafinilonline.com\/it\/smart-drug-it\/vilafinil-200-mg\/","url":"https:\/\/buymodafinilonline.com\/it\/smart-drug-it\/vilafinil-200-mg\/","name":"Acquista Vilafinil 200mg (Modafinil) da banco - BuyModafinilOnline","isPartOf":{"@id":"https:\/\/buymodafinilonline.com\/it\/#website"},"primaryImageOfPage":{"@id":"https:\/\/buymodafinilonline.com\/it\/smart-drug-it\/vilafinil-200-mg\/#primaryimage"},"image":{"@id":"https:\/\/buymodafinilonline.com\/it\/smart-drug-it\/vilafinil-200-mg\/#primaryimage"},"thumbnailUrl":"https:\/\/buymodafinilonline.com\/wp-content\/uploads\/2021\/09\/bmo-product-vilafinil-new.png","datePublished":"2020-11-08T16:09:44+00:00","dateModified":"2025-04-22T08:42:59+00:00","description":"Acquista a buon mercato Vilafinil 200mg compresse online dall'India presso la farmacia BuyModafinilOnline. Ottieni 20 pillole GRATUITE (modafinil + armodafinil) con ogni ordine e $ 25 di sconto per i clienti abituali!","breadcrumb":{"@id":"https:\/\/buymodafinilonline.com\/it\/smart-drug-it\/vilafinil-200-mg\/#breadcrumb"},"inLanguage":"it-IT","potentialAction":[{"@type":"ReadAction","target":["https:\/\/buymodafinilonline.com\/it\/smart-drug-it\/vilafinil-200-mg\/"]}]},{"@type":"ImageObject","inLanguage":"it-IT","@id":"https:\/\/buymodafinilonline.com\/it\/smart-drug-it\/vilafinil-200-mg\/#primaryimage","url":"https:\/\/buymodafinilonline.com\/wp-content\/uploads\/2021\/09\/bmo-product-vilafinil-new.png","contentUrl":"https:\/\/buymodafinilonline.com\/wp-content\/uploads\/2021\/09\/bmo-product-vilafinil-new.png","width":1280,"height":1500,"caption":"Vilafinil 200 mg"},{"@type":"BreadcrumbList","@id":"https:\/\/buymodafinilonline.com\/it\/smart-drug-it\/vilafinil-200-mg\/#breadcrumb","itemListElement":[{"@type":"ListItem","position":1,"name":"Buy Modafinil Online","item":"https:\/\/buymodafinilonline.com\/it\/"},{"@type":"ListItem","position":2,"name":"Negozio","item":"https:\/\/buymodafinilonline.com\/it\/negozio\/"},{"@type":"ListItem","position":3,"name":"Marchi Smart Drugs","item":"https:\/\/buymodafinilonline.com\/it\/categoria-di-prodotto\/marchi-smart-drugs\/"},{"@type":"ListItem","position":4,"name":"Vilafinil 200 mg"}]},{"@type":"WebSite","@id":"https:\/\/buymodafinilonline.com\/it\/#website","url":"https:\/\/buymodafinilonline.com\/it\/","name":"BuyModafinilOnline.com","description":"Modafinil Online Pharmacy","publisher":{"@id":"https:\/\/buymodafinilonline.com\/it\/#organization"},"potentialAction":[{"@type":"SearchAction","target":{"@type":"EntryPoint","urlTemplate":"https:\/\/buymodafinilonline.com\/it\/?s={search_term_string}"},"query-input":{"@type":"PropertyValueSpecification","valueRequired":true,"valueName":"search_term_string"}}],"inLanguage":"it-IT"},{"@type":"Organization","@id":"https:\/\/buymodafinilonline.com\/it\/#organization","name":"BuyModafinilOnline","url":"https:\/\/buymodafinilonline.com\/it\/","logo":{"@type":"ImageObject","inLanguage":"it-IT","@id":"https:\/\/buymodafinilonline.com\/it\/#\/schema\/logo\/image\/","url":"https:\/\/buymodafinilonline.com\/wp-content\/uploads\/2020\/04\/logo-buy-modafinil-online-yellow.png","contentUrl":"https:\/\/buymodafinilonline.com\/wp-content\/uploads\/2020\/04\/logo-buy-modafinil-online-yellow.png","width":200,"height":200,"caption":"BuyModafinilOnline"},"image":{"@id":"https:\/\/buymodafinilonline.com\/it\/#\/schema\/logo\/image\/"}}]}},"_links":{"self":[{"href":"https:\/\/buymodafinilonline.com\/it\/wp-json\/wp\/v2\/product\/408437","targetHints":{"allow":["GET"]}}],"collection":[{"href":"https:\/\/buymodafinilonline.com\/it\/wp-json\/wp\/v2\/product"}],"about":[{"href":"https:\/\/buymodafinilonline.com\/it\/wp-json\/wp\/v2\/types\/product"}],"replies":[{"embeddable":true,"href":"https:\/\/buymodafinilonline.com\/it\/wp-json\/wp\/v2\/comments?post=408437"}],"wp:featuredmedia":[{"embeddable":true,"href":"https:\/\/buymodafinilonline.com\/it\/wp-json\/wp\/v2\/media\/426135"}],"wp:attachment":[{"href":"https:\/\/buymodafinilonline.com\/it\/wp-json\/wp\/v2\/media?parent=408437"}],"wp:term":[{"taxonomy":"product_brand","embeddable":true,"href":"https:\/\/buymodafinilonline.com\/it\/wp-json\/wp\/v2\/product_brand?post=408437"},{"taxonomy":"product_cat","embeddable":true,"href":"https:\/\/buymodafinilonline.com\/it\/wp-json\/wp\/v2\/product_cat?post=408437"},{"taxonomy":"product_tag","embeddable":true,"href":"https:\/\/buymodafinilonline.com\/it\/wp-json\/wp\/v2\/product_tag?post=408437"}],"curies":[{"name":"wp","href":"https:\/\/api.w.org\/{rel}","templated":true}]}}