{"id":408512,"date":"2020-03-23T21:15:35","date_gmt":"2020-11-08T16:10:14","guid":{"rendered":"https:\/\/buymodafinilonline.com\/smart-drugs\/modawake-200-mg\/"},"modified":"2025-04-22T09:47:49","modified_gmt":"2025-04-22T08:47:49","slug":"modawake-200-mg","status":"publish","type":"product","link":"https:\/\/buymodafinilonline.com\/it\/smart-drug-it\/modawake-200-mg\/","title":{"rendered":"Modawake 200 mg"},"content":{"rendered":"[vc_column width=&#8221;1\/2&#8243;]\n<div class=\"su-divider su-divider-style-default\" style=\"margin:10px 0;border-width:3px;border-color:#ffffff00\"><a href=\"#\" style=\"color:#ffffff009\">.<\/a><\/div>\n<h2>Che cos&#8217;\u00e8 Modawake 200 mg?<\/h2>\n<div class=\"su-divider su-divider-style-default\" style=\"margin:10px 0;border-width:3px;border-color:#ffffff00\"><a href=\"#\" style=\"color:#ffffff009\">.<\/a><\/div>\nCome un farmaco molto potente di HAB Pharma, Modawake \u00e8 una versione generica di modafinil ed \u00e8 disponibile in un dosaggio di 200 mg. Contiene le stesse propriet\u00e0 della versione di marca &#8211; Provigil\u00ae.<\/p>\n<p>\u00c8 prescritto per trattare la narcolessia, l&#8217;apnea ostruttiva del sonno, l&#8217;ipersonnia idiopatica, l&#8217;eccessiva sonnolenza diurna, il disturbo del sonno da lavoro a turni e altre condizioni.<\/p>\n<p>Le persone usavano questo medicinale per scopi off-label, come per aumentare la funzione cognitiva in qualsiasi attivit\u00e0. Migliora la memoria, migliora la veglia, la chiarezza mentale e l&#8217;acutezza, ecc.<\/p>\n<p>\u00c8 popolare tra la maggior parte delle persone, inclusi amministratori delegati, studenti universitari, programmatori, dirigenti aziendali, militari, astronauti e molti altri. Funziona pi\u00f9 a lungo per completare un&#8217;attivit\u00e0 pianificata che richiede concentrazione mentale e produttivit\u00e0 creativa. I suoi effetti si estendono a circa 10-12 ore per dose di Modawake da 200 mg.<\/p>\n<div class=\"su-divider su-divider-style-default\" style=\"margin:10px 0;border-width:3px;border-color:#ffffff00\"><a href=\"#\" style=\"color:#ffffff009\">.<\/a><\/div>\n<h2>Come funzionano queste pillole?<\/h2>\n<div class=\"su-divider su-divider-style-default\" style=\"margin:10px 0;border-width:3px;border-color:#ffffff00\"><a href=\"#\" style=\"color:#ffffff009\">.<\/a><\/div>\nModafinil \u00e8 un medicinale altamente efficace che agisce stimolando il rilascio di alcune sostanze chimiche che promuovono la veglia. Di solito \u00e8 commercializzato come agente di promozione della veglia a causa della sua modalit\u00e0 di azione.<\/p>\n<p>Come le anfetamine, Modawake stimola il cervello. Tuttavia, l&#8217;esatta modalit\u00e0 di azione del modafinil non \u00e8 completamente compresa, ma i ricercatori ritengono che possa funzionare aumentando la quantit\u00e0 di dopamina (un neurotrasmettitore chimico che alcuni nervi usano per comunicare efficacemente tra loro) nel cervello umano diminuendo il ricaptazione della dopamina nei nervi.<\/p>\n<div class=\"su-divider su-divider-style-default\" style=\"margin:10px 0;border-width:3px;border-color:#ffffff00\"><a href=\"#\" style=\"color:#ffffff009\">.<\/a><\/div>\n<h2>Dosaggio sicuro e uso corretto<\/h2>\n<div class=\"su-divider su-divider-style-default\" style=\"margin:10px 0;border-width:3px;border-color:#ffffff00\"><a href=\"#\" style=\"color:#ffffff009\">.<\/a><\/div>\nPrima di utilizzare Modawake 200 mg, \u00e8 necessario informare il medico sul tuo attuale elenco di farmaci, nonch\u00e9 sulle tue malattie preesistenti, allergie e condizioni di salute attuali.<\/p>\n<p>Modawake deve essere ingerito con un bicchiere d&#8217;acqua. Puoi prenderlo con o senza cibo. Contro la narcolessia o l&#8217;apnea ostruttiva del sonno, assumere 1 pillola al mattino.<\/p>\n<p>Per il disturbo da lavoro a turni, prendere 1 pillola un&#8217;ora prima del turno.<\/p>\n<p>Per le propriet\u00e0 di potenziamento cognitivo, prendi 1 pillola un&#8217;ora prima del lavoro.<\/p>\n<div class=\"su-divider su-divider-style-default\" style=\"margin:10px 0;border-width:3px;border-color:#ffffff00\"><a href=\"#\" style=\"color:#ffffff009\">.<\/a><\/div>\n<h2>Possibili effetti collaterali<\/h2>\n<div class=\"su-divider su-divider-style-default\" style=\"margin:10px 0;border-width:3px;border-color:#ffffff00\"><a href=\"#\" style=\"color:#ffffff009\">.<\/a><\/div>\nCome tutti i farmaci modafinil, possono verificarsi effetti collaterali. Gli effetti negativi pi\u00f9 comuni di Modawake includono:<\/p>\n<div class=\"su-divider su-divider-style-default\" style=\"margin:10px 0;border-width:3px;border-color:#ffffff00\"><a href=\"#\" style=\"color:#ffffff009\">.<\/a><\/div>\n<ul>\n<li>mal di testa;<\/li>\n<li>ansia;<\/li>\n<li>bocca secca;<\/li>\n<li>nausea;<\/li>\n<li>nervosismo;<\/li>\n<li>diarrea;<\/li>\n<li>infezione del tratto respiratorio superiore;<\/li>\n<li>agitazione;<\/li>\n<li>vertigini;<\/li>\n<li>disturbi del sonno (insonnia).<\/li>\n<\/ul>\n<div class=\"su-divider su-divider-style-default\" style=\"margin:10px 0;border-width:3px;border-color:#ffffff00\"><a href=\"#\" style=\"color:#ffffff009\">.<\/a><\/div>\nSebbene possa essere raro, possono verificarsi i seguenti gravi effetti negativi in base alla salute individuale. Informi il medico se si verificano gravi effetti collaterali di Modawake, tra cui:<\/p>\n<div class=\"su-divider su-divider-style-default\" style=\"margin:10px 0;border-width:3px;border-color:#ffffff00\"><a href=\"#\" style=\"color:#ffffff009\">.<\/a><\/div>\n<ul>\n<li>allucinazioni;<\/li>\n<li>febbre;<\/li>\n<li>dolore al petto;<\/li>\n<li>lividi o sanguinamento facili;<\/li>\n<li>battito cardiaco martellante \/ veloce \/ irregolare;<\/li>\n<li>depressione;<\/li>\n<li>cambiamenti mentali \/ dell&#8217;umore.<\/li>\n<\/ul>\n<div class=\"su-divider su-divider-style-default\" style=\"margin:10px 0;border-width:3px;border-color:#ffffff00\"><a href=\"#\" style=\"color:#ffffff009\">.<\/a><\/div>\nNota che questo non \u00e8 un elenco completo. Alcuni degli effetti collaterali possono essere rari ma gravi. Dovresti consultare immediatamente il medico se osservi uno qualsiasi degli effetti collaterali di cui sopra, soprattutto se non scompaiono.<\/p>\n[\/vc_column][vc_column width=&#8221;1\/2&#8243;]\n<div class=\"su-divider su-divider-style-default\" style=\"margin:10px 0;border-width:3px;border-color:#ffffff00\"><a href=\"#\" style=\"color:#ffffff009\">.<\/a><\/div>\n<h2>Controindicazioni e precauzioni<\/h2>\n<div class=\"su-divider su-divider-style-default\" style=\"margin:10px 0;border-width:3px;border-color:#ffffff00\"><a href=\"#\" style=\"color:#ffffff009\">.<\/a><\/div>\nModafinil \u00e8 controindicato per i pazienti con alcune condizioni di salute. In particolare, le controindicazioni includono:<\/p>\n<div class=\"su-divider su-divider-style-default\" style=\"margin:10px 0;border-width:3px;border-color:#ffffff00\"><a href=\"#\" style=\"color:#ffffff009\">.<\/a><\/div>\n<ul>\n<li>angioedema, grave eruzione cutanea;<\/li>\n<li>cautela durante la guida o l&#8217;uso di macchinari;<\/li>\n<li>disturbo bipolare, depressione, mania, psicosi, schizofrenia, ideazione suicidaria;<\/li>\n<li>non prenda questo medicinale se ha o soffre di infarto miocardico acuto, angina, malattie cardiache, insufficienza cardiaca;<\/li>\n<li>ipertensione, infarto miocardico, malattie cardiache o malattie epatiche;<\/li>\n<li>non \u00e8 raccomandato per essere assunto durante la gravidanza &#8211; si deve prestare attenzione durante l&#8217;allattamento.<\/li>\n<\/ul>\n<div class=\"su-divider su-divider-style-default\" style=\"margin:10px 0;border-width:3px;border-color:#ffffff00\"><a href=\"#\" style=\"color:#ffffff009\">.<\/a><\/div>\nQuesta non \u00e8 una lista completa. Inoltre, consultare un medico specialista se si hanno segni di una reazione allergica.<\/p>\n<p>Come ogni farmaco modafinil, Modawake pu\u00f2 causare reazioni cutanee che possono essere abbastanza gravi da richiedere un trattamento urgente.<\/p>\n<p>L&#8217;interazione medica include:<\/p>\n<div class=\"su-divider su-divider-style-default\" style=\"margin:10px 0;border-width:3px;border-color:#ffffff00\"><a href=\"#\" style=\"color:#ffffff009\">.<\/a><\/div>\n<ul>\n<li>medicinali che possono avere un&#8217;efficacia ridotta se assunti con Modawake inclusi ciclosporina, teofillina e contraccettivi ormonali;<\/li>\n<li>medicinale che pu\u00f2 mostrare effetti o tossicit\u00e0 aumentati se assunto con Modawake 200 mg &#8211; include warfarin, diazepam, propranololo (Inderal), imipramina, desipramina, fenitoina e mefenitoina;<\/li>\n<li>alcuni altri farmaci che possono aumentare l&#8217;efficacia e \/ o la tossicit\u00e0 di Modawake come carbamazepina, fenobarbital e rifampicina (Rifadin);<\/li>\n<li>altri medicinali, come ketoconazolo e itraconazolo, che possono ridurre l&#8217;efficacia di Modawake. Il metilfenidato pu\u00f2 anche ritardare l&#8217;azione del medicinale modafinil.<\/li>\n<\/ul>\n<div class=\"su-divider su-divider-style-default\" style=\"margin:10px 0;border-width:3px;border-color:#ffffff00\"><a href=\"#\" style=\"color:#ffffff009\">.<\/a><\/div>\nAltri strani segni e sintomi durante l&#8217;assunzione di questo farmaco &#8211; una versione di modafinil, comporta alcuni consigli come:<\/p>\n<div class=\"su-divider su-divider-style-default\" style=\"margin:10px 0;border-width:3px;border-color:#ffffff00\"><a href=\"#\" style=\"color:#ffffff009\">.<\/a><\/div>\n<ul>\n<li>non bere alcolici durante l&#8217;utilizzo di questo medicinale;<\/li>\n<li>non guidare o utilizzare macchinari pesanti &#8211; pu\u00f2 causare visione offuscata o vertigini;<\/li>\n<li>non interrompere improvvisamente questo tipo di farmaci &#8211; pu\u00f2 causare sintomi di astinenza;<\/li>\n<li>si consiglia di non assumere Modawake se si \u00e8 allergici ad esso.<\/li>\n<\/ul>\n<div class=\"su-divider su-divider-style-default\" style=\"margin:10px 0;border-width:3px;border-color:#ffffff00\"><a href=\"#\" style=\"color:#ffffff009\">.<\/a><\/div>\nInoltre, per le donne che intendono prendere questo medicinale, \u00e8 necessario prima informare il medico prima di prendere qualsiasi medicinale se \u00e8 incinta o sta pianificando una gravidanza o allattando un bambino.<\/p>\n<div class=\"su-divider su-divider-style-default\" style=\"margin:10px 0;border-width:3px;border-color:#ffffff00\"><a href=\"#\" style=\"color:#ffffff009\">.<\/a><\/div>\n<h2>Esperienza del consumatore<\/h2>\n<div class=\"su-divider su-divider-style-default\" style=\"margin:10px 0;border-width:3px;border-color:#ffffff00\"><a href=\"#\" style=\"color:#ffffff009\">.<\/a><\/div>\nI risultati dell&#8217;assunzione di questo farmaco dipendono da quanto bene risponde alla salute e alle prestazioni individuali. Diverse persone lo hanno provato e hanno valutato questo farmaco come sicuro, ben tollerato ed efficace.<\/p>\n<p>Da fonti attendibili, coloro che hanno testato Modawake lo hanno utilizzato per svolgere lavori pi\u00f9 complessi. Anche gli studenti lo usano per ottenere il loro vantaggio competitivo ed eccellere. Le persone hanno recensito Modawake con effetti come maggiore concentrazione, concentrazione, aumento della memoria e acutezza mentale. Professionisti e dipendenti lo valutano meglio in quanto migliora la loro creativit\u00e0, mentre altri dicono che aumenta la loro produttivit\u00e0 sul lavoro facendoli sentire svegli e vigili. Possono esistere effetti collaterali minori ma scompaiono.<\/p>\n<p>La gente consiglia Modawake 200 mg. Anche tu puoi dare la tua esperienza. Fare piccole ricerche su questo farmaco online ti illumina in quanto \u00e8 valutato positivamente grazie ai suoi notevoli vantaggi per diversi individui di diversi ceti sociali. Tuttavia, \u00e8 necessario consultare un medico specialista prima di prendere questo medicinale.<\/p>\n<div class=\"su-divider su-divider-style-default\" style=\"margin:10px 0;border-width:3px;border-color:#ffffff00\"><a href=\"#\" style=\"color:#ffffff009\">.<\/a><\/div>\n<h2>Acquista online Modawake generico 200mg (Modafinil)<\/h2>\n<div class=\"su-divider su-divider-style-default\" style=\"margin:10px 0;border-width:3px;border-color:#ffffff00\"><a href=\"#\" style=\"color:#ffffff009\">.<\/a><\/div>\nIl posto migliore per acquistare compresse Modawake da 200 mg economiche ma di qualit\u00e0 \u00e8 acquistarle<a href=\"https:\/\/buymodafinilonline.com\/it\/\"> AcquistaModafinilOnline<\/a> . Offriamo farmaci modafinil (come<a href=\"https:\/\/buymodafinilonline.com\/it\/smart-drug-it\/modvigil-200-mg\/\"> Modvigil<\/a> ,<a href=\"https:\/\/buymodafinilonline.com\/it\/smart-drug-it\/modafresh-200-mg\/\"> Modafresh<\/a> ,<a href=\"https:\/\/buymodafinilonline.com\/it\/smart-drug-it\/modafil-md-200-mg-sublinguale\/\"> Modafil MD<\/a> ) senza ricetta e ad un prezzo estremamente contenuto.<\/p>\n<p>Puoi utilizzare diverse opzioni di pagamento, tra cui bitcoin<a href=\"https:\/\/buymodafinilonline.com\/it\/paga-in-bitcoin\/\">(sconto del 23%<\/a>), PayPal e carta di credito.<\/p>\n<p><a href=\"https:\/\/buymodafinilonline.com\/it\/miglior-fornitore-modafinil-italia\/\">spedizione<\/a> \u00e8 ultraveloce &#8211; in tutto il mondo ad eccezione di pochi paesi. Anche in caso di mancata consegna, non preoccuparti! \u00c8 disponibile la rispedizione o il rimborso. Risparmia di pi\u00f9 con questo fornitore e stai al sicuro con medicinali di qualit\u00e0 approvati.<\/p>\n[\/vc_column]\n<div class=\"su-divider su-divider-style-default\" style=\"margin:10px 0;border-width:3px;border-color:#ffffff00\"><a href=\"#\" style=\"color:#ffffff009\">.<\/a><\/div>\n","protected":false},"excerpt":{"rendered":"<p>Modawake \u00e8 il farmaco pi\u00f9 potente prodotto utilizzando il famoso e pi\u00f9 popolare ingrediente attivo &#8211; modafinil. \u00c8 un eugeroico, famoso per gli effetti di potenziamento cognitivo e di potenziamento del cervello. Questo prodotto \u00e8 prodotto da HAB Pharma. Acquista Modawake 200 mg genuino e di qualit\u00e0 qui ad un prezzo molto conveniente.<\/p>\n[sc name=\"s1\"]\n","protected":false},"featured_media":426121,"comment_status":"closed","ping_status":"closed","template":"","meta":{"_acf_changed":false},"product_brand":[],"product_cat":[3787],"product_tag":[4028],"class_list":{"0":"post-408512","1":"product","2":"type-product","3":"status-publish","4":"has-post-thumbnail","6":"product_cat-marchi-smart-drugs","7":"product_tag-modafinil-it","9":"first","10":"instock","11":"sale","12":"shipping-taxable","13":"purchasable","14":"product-type-variable","15":"has-default-attributes"},"acf":[],"yoast_head":"<!-- This site is optimized with the Yoast SEO Premium plugin v23.6 (Yoast SEO v27.3) - https:\/\/yoast.com\/product\/yoast-seo-premium-wordpress\/ -->\n<title>Acquista le pillole Modawake 200 mg (Modafinil) senza Rx - BuyModafinilOnline<\/title>\n<meta name=\"description\" content=\"Ordina online compresse Modawake 200 mg economiche dal produttore HAB Pharma. Acquista i farmaci generici Modawake (modafinil) con pagamento in Bitcoin - ottieni uno sconto del 23% sulla farmacia BuyModafinilOnline!\" \/>\n<meta name=\"robots\" content=\"index, follow, max-snippet:-1, max-image-preview:large, max-video-preview:-1\" \/>\n<link rel=\"canonical\" href=\"https:\/\/buymodafinilonline.com\/it\/smart-drug-it\/modawake-200-mg\/\" \/>\n<meta property=\"og:locale\" content=\"it_IT\" \/>\n<meta property=\"og:type\" content=\"article\" \/>\n<meta property=\"og:title\" content=\"Modawake 200 mg\" \/>\n<meta property=\"og:description\" content=\"Ordina online compresse Modawake 200 mg economiche dal produttore HAB Pharma. Acquista i farmaci generici Modawake (modafinil) con pagamento in Bitcoin - ottieni uno sconto del 23% sulla farmacia BuyModafinilOnline!\" \/>\n<meta property=\"og:url\" content=\"https:\/\/buymodafinilonline.com\/it\/smart-drug-it\/modawake-200-mg\/\" \/>\n<meta property=\"og:site_name\" content=\"BuyModafinilOnline.com\" \/>\n<meta property=\"article:modified_time\" content=\"2025-04-22T08:47:49+00:00\" \/>\n<meta property=\"og:image\" content=\"https:\/\/buymodafinilonline.com\/wp-content\/uploads\/2021\/09\/bmo-product-modawake-new.png\" \/>\n\t<meta property=\"og:image:width\" content=\"1280\" \/>\n\t<meta property=\"og:image:height\" content=\"1500\" \/>\n\t<meta property=\"og:image:type\" content=\"image\/png\" \/>\n<meta name=\"twitter:label1\" content=\"Tempo di lettura stimato\" \/>\n\t<meta name=\"twitter:data1\" content=\"5 minuti\" \/>\n<script type=\"application\/ld+json\" class=\"yoast-schema-graph\">{\"@context\":\"https:\\\/\\\/schema.org\",\"@graph\":[{\"@type\":\"WebPage\",\"@id\":\"https:\\\/\\\/buymodafinilonline.com\\\/it\\\/smart-drug-it\\\/modawake-200-mg\\\/\",\"url\":\"https:\\\/\\\/buymodafinilonline.com\\\/it\\\/smart-drug-it\\\/modawake-200-mg\\\/\",\"name\":\"Acquista le pillole Modawake 200 mg (Modafinil) senza Rx - BuyModafinilOnline\",\"isPartOf\":{\"@id\":\"https:\\\/\\\/buymodafinilonline.com\\\/it\\\/#website\"},\"primaryImageOfPage\":{\"@id\":\"https:\\\/\\\/buymodafinilonline.com\\\/it\\\/smart-drug-it\\\/modawake-200-mg\\\/#primaryimage\"},\"image\":{\"@id\":\"https:\\\/\\\/buymodafinilonline.com\\\/it\\\/smart-drug-it\\\/modawake-200-mg\\\/#primaryimage\"},\"thumbnailUrl\":\"https:\\\/\\\/buymodafinilonline.com\\\/wp-content\\\/uploads\\\/2021\\\/09\\\/bmo-product-modawake-new.png\",\"datePublished\":\"2020-11-08T16:10:14+00:00\",\"dateModified\":\"2025-04-22T08:47:49+00:00\",\"description\":\"Ordina online compresse Modawake 200 mg economiche dal produttore HAB Pharma. Acquista i farmaci generici Modawake (modafinil) con pagamento in Bitcoin - ottieni uno sconto del 23% sulla farmacia BuyModafinilOnline!\",\"breadcrumb\":{\"@id\":\"https:\\\/\\\/buymodafinilonline.com\\\/it\\\/smart-drug-it\\\/modawake-200-mg\\\/#breadcrumb\"},\"inLanguage\":\"it-IT\",\"potentialAction\":[{\"@type\":\"ReadAction\",\"target\":[\"https:\\\/\\\/buymodafinilonline.com\\\/it\\\/smart-drug-it\\\/modawake-200-mg\\\/\"]}]},{\"@type\":\"ImageObject\",\"inLanguage\":\"it-IT\",\"@id\":\"https:\\\/\\\/buymodafinilonline.com\\\/it\\\/smart-drug-it\\\/modawake-200-mg\\\/#primaryimage\",\"url\":\"https:\\\/\\\/buymodafinilonline.com\\\/wp-content\\\/uploads\\\/2021\\\/09\\\/bmo-product-modawake-new.png\",\"contentUrl\":\"https:\\\/\\\/buymodafinilonline.com\\\/wp-content\\\/uploads\\\/2021\\\/09\\\/bmo-product-modawake-new.png\",\"width\":1280,\"height\":1500,\"caption\":\"Modawake 200 mg\"},{\"@type\":\"BreadcrumbList\",\"@id\":\"https:\\\/\\\/buymodafinilonline.com\\\/it\\\/smart-drug-it\\\/modawake-200-mg\\\/#breadcrumb\",\"itemListElement\":[{\"@type\":\"ListItem\",\"position\":1,\"name\":\"Buy Modafinil Online\",\"item\":\"https:\\\/\\\/buymodafinilonline.com\\\/it\\\/\"},{\"@type\":\"ListItem\",\"position\":2,\"name\":\"Negozio\",\"item\":\"https:\\\/\\\/buymodafinilonline.com\\\/it\\\/negozio\\\/\"},{\"@type\":\"ListItem\",\"position\":3,\"name\":\"Marchi Smart Drugs\",\"item\":\"https:\\\/\\\/buymodafinilonline.com\\\/it\\\/categoria-di-prodotto\\\/marchi-smart-drugs\\\/\"},{\"@type\":\"ListItem\",\"position\":4,\"name\":\"Modawake 200 mg\"}]},{\"@type\":\"WebSite\",\"@id\":\"https:\\\/\\\/buymodafinilonline.com\\\/it\\\/#website\",\"url\":\"https:\\\/\\\/buymodafinilonline.com\\\/it\\\/\",\"name\":\"BuyModafinilOnline.com\",\"description\":\"Modafinil Online Pharmacy\",\"publisher\":{\"@id\":\"https:\\\/\\\/buymodafinilonline.com\\\/it\\\/#organization\"},\"potentialAction\":[{\"@type\":\"SearchAction\",\"target\":{\"@type\":\"EntryPoint\",\"urlTemplate\":\"https:\\\/\\\/buymodafinilonline.com\\\/it\\\/?s={search_term_string}\"},\"query-input\":{\"@type\":\"PropertyValueSpecification\",\"valueRequired\":true,\"valueName\":\"search_term_string\"}}],\"inLanguage\":\"it-IT\"},{\"@type\":\"Organization\",\"@id\":\"https:\\\/\\\/buymodafinilonline.com\\\/it\\\/#organization\",\"name\":\"BuyModafinilOnline\",\"url\":\"https:\\\/\\\/buymodafinilonline.com\\\/it\\\/\",\"logo\":{\"@type\":\"ImageObject\",\"inLanguage\":\"it-IT\",\"@id\":\"https:\\\/\\\/buymodafinilonline.com\\\/it\\\/#\\\/schema\\\/logo\\\/image\\\/\",\"url\":\"https:\\\/\\\/buymodafinilonline.com\\\/wp-content\\\/uploads\\\/2020\\\/04\\\/logo-buy-modafinil-online-yellow.png\",\"contentUrl\":\"https:\\\/\\\/buymodafinilonline.com\\\/wp-content\\\/uploads\\\/2020\\\/04\\\/logo-buy-modafinil-online-yellow.png\",\"width\":200,\"height\":200,\"caption\":\"BuyModafinilOnline\"},\"image\":{\"@id\":\"https:\\\/\\\/buymodafinilonline.com\\\/it\\\/#\\\/schema\\\/logo\\\/image\\\/\"}}]}<\/script>\n<!-- \/ Yoast SEO Premium plugin. -->","yoast_head_json":{"title":"Acquista le pillole Modawake 200 mg (Modafinil) senza Rx - BuyModafinilOnline","description":"Ordina online compresse Modawake 200 mg economiche dal produttore HAB Pharma. Acquista i farmaci generici Modawake (modafinil) con pagamento in Bitcoin - ottieni uno sconto del 23% sulla farmacia BuyModafinilOnline!","robots":{"index":"index","follow":"follow","max-snippet":"max-snippet:-1","max-image-preview":"max-image-preview:large","max-video-preview":"max-video-preview:-1"},"canonical":"https:\/\/buymodafinilonline.com\/it\/smart-drug-it\/modawake-200-mg\/","og_locale":"it_IT","og_type":"article","og_title":"Modawake 200 mg","og_description":"Ordina online compresse Modawake 200 mg economiche dal produttore HAB Pharma. Acquista i farmaci generici Modawake (modafinil) con pagamento in Bitcoin - ottieni uno sconto del 23% sulla farmacia BuyModafinilOnline!","og_url":"https:\/\/buymodafinilonline.com\/it\/smart-drug-it\/modawake-200-mg\/","og_site_name":"BuyModafinilOnline.com","article_modified_time":"2025-04-22T08:47:49+00:00","og_image":[{"width":1280,"height":1500,"url":"https:\/\/buymodafinilonline.com\/wp-content\/uploads\/2021\/09\/bmo-product-modawake-new.png","type":"image\/png"}],"twitter_misc":{"Tempo di lettura stimato":"5 minuti"},"schema":{"@context":"https:\/\/schema.org","@graph":[{"@type":"WebPage","@id":"https:\/\/buymodafinilonline.com\/it\/smart-drug-it\/modawake-200-mg\/","url":"https:\/\/buymodafinilonline.com\/it\/smart-drug-it\/modawake-200-mg\/","name":"Acquista le pillole Modawake 200 mg (Modafinil) senza Rx - BuyModafinilOnline","isPartOf":{"@id":"https:\/\/buymodafinilonline.com\/it\/#website"},"primaryImageOfPage":{"@id":"https:\/\/buymodafinilonline.com\/it\/smart-drug-it\/modawake-200-mg\/#primaryimage"},"image":{"@id":"https:\/\/buymodafinilonline.com\/it\/smart-drug-it\/modawake-200-mg\/#primaryimage"},"thumbnailUrl":"https:\/\/buymodafinilonline.com\/wp-content\/uploads\/2021\/09\/bmo-product-modawake-new.png","datePublished":"2020-11-08T16:10:14+00:00","dateModified":"2025-04-22T08:47:49+00:00","description":"Ordina online compresse Modawake 200 mg economiche dal produttore HAB Pharma. Acquista i farmaci generici Modawake (modafinil) con pagamento in Bitcoin - ottieni uno sconto del 23% sulla farmacia BuyModafinilOnline!","breadcrumb":{"@id":"https:\/\/buymodafinilonline.com\/it\/smart-drug-it\/modawake-200-mg\/#breadcrumb"},"inLanguage":"it-IT","potentialAction":[{"@type":"ReadAction","target":["https:\/\/buymodafinilonline.com\/it\/smart-drug-it\/modawake-200-mg\/"]}]},{"@type":"ImageObject","inLanguage":"it-IT","@id":"https:\/\/buymodafinilonline.com\/it\/smart-drug-it\/modawake-200-mg\/#primaryimage","url":"https:\/\/buymodafinilonline.com\/wp-content\/uploads\/2021\/09\/bmo-product-modawake-new.png","contentUrl":"https:\/\/buymodafinilonline.com\/wp-content\/uploads\/2021\/09\/bmo-product-modawake-new.png","width":1280,"height":1500,"caption":"Modawake 200 mg"},{"@type":"BreadcrumbList","@id":"https:\/\/buymodafinilonline.com\/it\/smart-drug-it\/modawake-200-mg\/#breadcrumb","itemListElement":[{"@type":"ListItem","position":1,"name":"Buy Modafinil Online","item":"https:\/\/buymodafinilonline.com\/it\/"},{"@type":"ListItem","position":2,"name":"Negozio","item":"https:\/\/buymodafinilonline.com\/it\/negozio\/"},{"@type":"ListItem","position":3,"name":"Marchi Smart Drugs","item":"https:\/\/buymodafinilonline.com\/it\/categoria-di-prodotto\/marchi-smart-drugs\/"},{"@type":"ListItem","position":4,"name":"Modawake 200 mg"}]},{"@type":"WebSite","@id":"https:\/\/buymodafinilonline.com\/it\/#website","url":"https:\/\/buymodafinilonline.com\/it\/","name":"BuyModafinilOnline.com","description":"Modafinil Online Pharmacy","publisher":{"@id":"https:\/\/buymodafinilonline.com\/it\/#organization"},"potentialAction":[{"@type":"SearchAction","target":{"@type":"EntryPoint","urlTemplate":"https:\/\/buymodafinilonline.com\/it\/?s={search_term_string}"},"query-input":{"@type":"PropertyValueSpecification","valueRequired":true,"valueName":"search_term_string"}}],"inLanguage":"it-IT"},{"@type":"Organization","@id":"https:\/\/buymodafinilonline.com\/it\/#organization","name":"BuyModafinilOnline","url":"https:\/\/buymodafinilonline.com\/it\/","logo":{"@type":"ImageObject","inLanguage":"it-IT","@id":"https:\/\/buymodafinilonline.com\/it\/#\/schema\/logo\/image\/","url":"https:\/\/buymodafinilonline.com\/wp-content\/uploads\/2020\/04\/logo-buy-modafinil-online-yellow.png","contentUrl":"https:\/\/buymodafinilonline.com\/wp-content\/uploads\/2020\/04\/logo-buy-modafinil-online-yellow.png","width":200,"height":200,"caption":"BuyModafinilOnline"},"image":{"@id":"https:\/\/buymodafinilonline.com\/it\/#\/schema\/logo\/image\/"}}]}},"_links":{"self":[{"href":"https:\/\/buymodafinilonline.com\/it\/wp-json\/wp\/v2\/product\/408512","targetHints":{"allow":["GET"]}}],"collection":[{"href":"https:\/\/buymodafinilonline.com\/it\/wp-json\/wp\/v2\/product"}],"about":[{"href":"https:\/\/buymodafinilonline.com\/it\/wp-json\/wp\/v2\/types\/product"}],"replies":[{"embeddable":true,"href":"https:\/\/buymodafinilonline.com\/it\/wp-json\/wp\/v2\/comments?post=408512"}],"wp:featuredmedia":[{"embeddable":true,"href":"https:\/\/buymodafinilonline.com\/it\/wp-json\/wp\/v2\/media\/426121"}],"wp:attachment":[{"href":"https:\/\/buymodafinilonline.com\/it\/wp-json\/wp\/v2\/media?parent=408512"}],"wp:term":[{"taxonomy":"product_brand","embeddable":true,"href":"https:\/\/buymodafinilonline.com\/it\/wp-json\/wp\/v2\/product_brand?post=408512"},{"taxonomy":"product_cat","embeddable":true,"href":"https:\/\/buymodafinilonline.com\/it\/wp-json\/wp\/v2\/product_cat?post=408512"},{"taxonomy":"product_tag","embeddable":true,"href":"https:\/\/buymodafinilonline.com\/it\/wp-json\/wp\/v2\/product_tag?post=408512"}],"curies":[{"name":"wp","href":"https:\/\/api.w.org\/{rel}","templated":true}]}}