{"id":408513,"date":"2020-03-23T22:29:33","date_gmt":"2020-11-08T16:10:14","guid":{"rendered":"https:\/\/buymodafinilonline.com\/smart-drugs\/modafresh-200-mg\/"},"modified":"2025-04-22T10:30:33","modified_gmt":"2025-04-22T09:30:33","slug":"modafresh-200-mg","status":"publish","type":"product","link":"https:\/\/buymodafinilonline.com\/it\/smart-drug-it\/modafresh-200-mg\/","title":{"rendered":"Modafresh 200 mg"},"content":{"rendered":"[vc_column width=&#8221;1\/2&#8243;]\n<div class=\"su-divider su-divider-style-default\" style=\"margin:10px 0;border-width:3px;border-color:#ffffff00\"><a href=\"#\" style=\"color:#ffffff009\">.<\/a><\/div>\n<h2>Che cos&#8217;\u00e8 Modafresh 200 mg?<\/h2>\n<div class=\"su-divider su-divider-style-default\" style=\"margin:10px 0;border-width:3px;border-color:#ffffff00\"><a href=\"#\" style=\"color:#ffffff009\">.<\/a><\/div>\nModafresh \u00e8 una delle ultime versioni generiche di modafinil introdotte sul mercato. Si presenta come una compressa contenente dosi da 100 o 200 mg dei costituenti attivi solitamente denominati S- e R- modafinil.<\/p>\n<p>\u00c8 un medicinale efficace con gli stessi effetti della versione di marca &#8211; Provigil\u00ae di Cephalon Inc.<\/p>\n<p>Questo farmaco \u00e8 prescritto per trattare condizioni di salute legate al sonno come narcolessia, apnea ostruttiva del sonno, eccessiva sonnolenza diurna, ipersonnia idiopatica, disturbo del sonno da lavoro a turni e altre condizioni.<\/p>\n<p>I medici possono anche prescrivere Modafresh 200 mg per le persone che soffrono di ADD \/ ADHD grazie alla sua capacit\u00e0 di migliorare la concentrazione, la concentrazione e ripristinare la veglia.<\/p>\n<div class=\"su-divider su-divider-style-default\" style=\"margin:10px 0;border-width:3px;border-color:#ffffff00\"><a href=\"#\" style=\"color:#ffffff009\">.<\/a><\/div>\n<h2>Come funzionano queste pillole?<\/h2>\n<div class=\"su-divider su-divider-style-default\" style=\"margin:10px 0;border-width:3px;border-color:#ffffff00\"><a href=\"#\" style=\"color:#ffffff009\">.<\/a><\/div>\nModafresh \u00e8 un medicinale altamente efficace che agisce stimolando il rilascio di sostanze chimiche nel cervello che promuovono la veglia. \u00c8 comunemente noto come agente che promuove la veglia. Il suo esatto meccanismo d&#8217;azione non \u00e8 completamente compreso.<\/p>\n<p>Tuttavia, gli scienziati ritengono che sia un potente medicinale che agisce aumentando la quantit\u00e0 di dopamina (un neurotrasmettitore chimico che i nervi cerebrali usano per comunicare tra loro). Inibisce altri nervi e sostanze responsabili dell&#8217;assorbimento di una maggiore quantit\u00e0 di dopamina nel corpo, portando a condizioni di sonno.<\/p>\n<p>Modafresh 200 mg agisce riducendo la ricaptazione della dopamina nei nervi, promuovendo quindi la funzione cerebrale per quanto riguarda la veglia e gli effetti di miglioramento della funzione cognitiva.<\/p>\n<p>L&#8217;obiettivo finale di questo farmaco \u00e8 promuovere la veglia nel cervello e altre funzioni cognitive come promuovere l&#8217;acutezza mentale e l&#8217;elaborazione, migliorare la concentrazione, la motivazione e l&#8217;energia.<\/p>\n<div class=\"su-divider su-divider-style-default\" style=\"margin:10px 0;border-width:3px;border-color:#ffffff00\"><a href=\"#\" style=\"color:#ffffff009\">.<\/a><\/div>\n<h2>Dosaggio sicuro e uso corretto<\/h2>\n<div class=\"su-divider su-divider-style-default\" style=\"margin:10px 0;border-width:3px;border-color:#ffffff00\"><a href=\"#\" style=\"color:#ffffff009\">.<\/a><\/div>\nModafresh come tutte le versioni generiche di modafinil di solito colpisce il mercato con vari dosaggi come Modafresh 100 mg e 200 mg. La dose massima giornaliera di Modafresh \u00e8 di 200 mg. Va assunto la mattina presto se prescritto come rimedio alle condizioni di salute legate al sonno.<\/p>\n<p>La variazione del dosaggio \u00e8 dovuta alla risposta individuale all&#8217;efficacia e alla tollerabilit\u00e0 del farmaco. Alcune persone sono stabili aumentando il dosaggio a 200 mg o riducendolo a 100 mg o meno.<\/p>\n<p>Se lo usi per scopi off-label, prendilo come raccomandato da un medico specialista. Tuttavia, il dosaggio sicuro non dovrebbe essere un auto-trattamento. Un consulto medico aiuta a valutare la salute individuale per prevenire possibili effetti collaterali di interazione con la malattia o effetti negativi di interazione farmacologica.<\/p>\n<p>La ricerca di consigli sul dosaggio sicuro \u00e8 necessaria consultando un medico prima dell&#8217;uso.<\/p>\n<div class=\"su-divider su-divider-style-default\" style=\"margin:10px 0;border-width:3px;border-color:#ffffff00\"><a href=\"#\" style=\"color:#ffffff009\">.<\/a><\/div>\n<h2>Possibili effetti collaterali<\/h2>\n<div class=\"su-divider su-divider-style-default\" style=\"margin:10px 0;border-width:3px;border-color:#ffffff00\"><a href=\"#\" style=\"color:#ffffff009\">.<\/a><\/div>\nModafinil \u00e8 sicuro per le persone che lo prendono con un corpo sano possono verificarsi alcuni effetti collaterali &#8220;minori&#8221; &#8211; che svaniscono con l&#8217;uso continuato di farmaci.<\/p>\n<p>Gli effetti negativi comuni di Modafresh includono mal di testa, difficolt\u00e0 a dormire, dolore toracico, nausea, secchezza delle fauci, perdita di appetito, disturbi di stomaco, sensazione di nervosismo, vertigini, sbalzi d&#8217;umore.<\/p>\n<p>Effetti collaterali pi\u00f9 gravi si verificano raramente, ma possono verificarsi in alcuni individui. Questi includono battito cardiaco irregolare, vomito, orticaria, prurito cutaneo, eruzioni cutanee, urine scure, febbre.<\/p>\n<p>Questa non \u00e8 una lista completa. Alcuni effetti collaterali possono essere gravi e dannosi per la salute. Ogni volta che si verificano segni strani, consultare immediatamente un medico. Alcune persone possono anche incontrare allucinazioni, aggressivit\u00e0, pensieri suicidi, tra gli altri.<\/p>\n[\/vc_column][vc_column width=&#8221;1\/2&#8243;]\n<div class=\"su-divider su-divider-style-default\" style=\"margin:10px 0;border-width:3px;border-color:#ffffff00\"><a href=\"#\" style=\"color:#ffffff009\">.<\/a><\/div>\n<h2>Controindicazioni e precauzioni<\/h2>\n<div class=\"su-divider su-divider-style-default\" style=\"margin:10px 0;border-width:3px;border-color:#ffffff00\"><a href=\"#\" style=\"color:#ffffff009\">.<\/a><\/div>\nCome ogni potente medicinale, \u00e8 necessario prendere le precauzioni fornite da un medico specialista o seguire le istruzioni riportate sul foglietto illustrativo.<\/p>\n<p>Alcune interazioni farmacologiche possono essere gravi ed \u00e8 necessaria una precauzione aggiuntiva. Modafresh interagisce con alcuni farmaci come:<\/p>\n<div class=\"su-divider su-divider-style-default\" style=\"margin:10px 0;border-width:3px;border-color:#ffffff00\"><a href=\"#\" style=\"color:#ffffff009\">.<\/a><\/div>\n<ul>\n<li>ciclosporina (Sandimmune);<\/li>\n<li>contraccettivi ormonali (es. Micronor);<\/li>\n<li>Ketoconazolo (Nizoral);<\/li>\n<li>teofillina (Theo-24);<\/li>\n<li>imipramina (Tofranil);<\/li>\n<li>e altri.<\/li>\n<\/ul>\n<div class=\"su-divider su-divider-style-default\" style=\"margin:10px 0;border-width:3px;border-color:#ffffff00\"><a href=\"#\" style=\"color:#ffffff009\">.<\/a><\/div>\nQuesta non \u00e8 una lista completa. Il tuo medico specialista dovrebbe valutare tutti i farmaci che stai utilizzando ed eseguire un&#8217;analisi approfondita per identificare alcune malattie che hai. Ad esempio, problemi cardiaci come:<\/p>\n<div class=\"su-divider su-divider-style-default\" style=\"margin:10px 0;border-width:3px;border-color:#ffffff00\"><a href=\"#\" style=\"color:#ffffff009\">.<\/a><\/div>\n<ul>\n<li>ritmo cardiaco irregolare.<\/li>\n<li>problema della valvola mitrale;<\/li>\n<li>dolore al petto;<\/li>\n<li>cuore ingrossato;<\/li>\n<li>attacco di cuore.<\/li>\n<\/ul>\n<div class=\"su-divider su-divider-style-default\" style=\"margin:10px 0;border-width:3px;border-color:#ffffff00\"><a href=\"#\" style=\"color:#ffffff009\">.<\/a><\/div>\nInoltre, questo farmaco non \u00e8 stato studiato a sufficienza nelle donne in gravidanza. E \u00e8 necessario consultare un medico specialista prima dell&#8217;allattamento al seno.<\/p>\n<p>Non bere alcolici durante l&#8217;utilizzo di questo medicinale. Inoltre, non interrompere il trattamento all&#8217;improvviso poich\u00e9 potresti manifestare sintomi di astinenza.<\/p>\n<p>Il cibo funziona bene con questo tipo di farmaci. Puoi prenderlo con il cibo oa stomaco vuoto.<\/p>\n<div class=\"su-divider su-divider-style-default\" style=\"margin:10px 0;border-width:3px;border-color:#ffffff00\"><a href=\"#\" style=\"color:#ffffff009\">.<\/a><\/div>\n<h2>Esperienza del consumatore<\/h2>\n<div class=\"su-divider su-divider-style-default\" style=\"margin:10px 0;border-width:3px;border-color:#ffffff00\"><a href=\"#\" style=\"color:#ffffff009\">.<\/a><\/div>\nLe persone consigliavano farmaci che funzionano bene e sicuri. Modafinil \u00e8 un popolare farmaco approvato per vari problemi di salute grazie alla sua efficacia e tollerabilit\u00e0. Il suo uso off-label \u00e8 anche vantaggioso e aiuta le persone a migliorare la loro cognizione con una migliore produttivit\u00e0 e portare a termine le attivit\u00e0 in tempo con un ottimo risultato.<\/p>\n<p>Ecco perch\u00e9 molte persone raccomandano Modafresh 200 mg. \u00c8 sicuro e ben tollerabile. \u00c8 meglio prenderne piccole quantit\u00e0 per un effetto benefico nell&#8217;uso a lungo termine. Sebbene non ci siano ricerche comprovate che descrivano che questo farmaco possa creare dipendenza, la sua possibilit\u00e0 \u00e8 alta. Soprattutto, le persone che cercano di utilizzare questo farmaco non dovrebbero mai prenderlo senza prima consultare un medico specialista.<\/p>\n<div class=\"su-divider su-divider-style-default\" style=\"margin:10px 0;border-width:3px;border-color:#ffffff00\"><a href=\"#\" style=\"color:#ffffff009\">.<\/a><\/div>\n<h2>Acquista Modafresh generico 200mg (Modafinil) online<\/h2>\n<div class=\"su-divider su-divider-style-default\" style=\"margin:10px 0;border-width:3px;border-color:#ffffff00\"><a href=\"#\" style=\"color:#ffffff009\">.<\/a><\/div>\nTieni presente che possono esistere venditori falsi che vendono modafinil di bassa qualit\u00e0 o falsi e altri farmaci da banco.<\/p>\n<p>Stai al sicuro usando<a href=\"https:\/\/buymodafinilonline.com\/it\/\"> AcquistaModafinilOnline<\/a> . \u00c8 l&#8217;ultima e-pharmacy che offre diverse esperienze di riduzione dei prezzi, tra cui coupon, sconti<a href=\"https:\/\/buymodafinilonline.com\/it\/paga-in-bitcoin\/\">(23% di sconto per chi paga con bitcoin<\/a>), coupon per chi scrive una recensione e un coupon di 25 dollari per chi ritorna.<\/p>\n<p>Inoltre, qui puoi acquistarlo<a href=\"https:\/\/buymodafinilonline.com\/it\/negozio\/\"> nootropi popolari<\/a> , come<a href=\"https:\/\/buymodafinilonline.com\/it\/smart-drug-it\/modvigil-200-mg\/\"> Modvigil 200 mg<\/a> ,<a href=\"https:\/\/buymodafinilonline.com\/it\/smart-drug-it\/vilafinil-200-mg\/\"> Vilafinil 200 mg<\/a> ,<a href=\"https:\/\/buymodafinilonline.com\/it\/smart-drug-it\/artvigil-150-mg\/\"> Artvigil 150 mg<\/a> ,<a href=\"https:\/\/buymodafinilonline.com\/it\/smart-drug-it\/modalert-200-mg\/\"> Modalert 200 mg<\/a> , eccetera. I prezzi di Modafresh di questa farmacia online sono estremamente bassi. Inoltre, acquista le sue medicine da produttori approvati che producono compresse modafinil di qualit\u00e0 e sicure.<\/p>\n<p>E non \u00e8 tutto!<a href=\"https:\/\/buymodafinilonline.com\/it\/miglior-fornitore-modafinil-italia\/\"> La spedizione \u00e8 in tutto il mondo<\/a> &#8211; alla maggior parte dei paesi ad eccezione di alcuni paesi elencati in cui non effettua spedizioni. Inoltre, la sua spedizione ultrarapida \u00e8 garantita. Tuttavia, in alcuni casi, se un pacco viene smarrito o bloccato in dogana, offre una rispedizione gratuita o una garanzia di rimborso del 100%.[\/vc_column]\n<div class=\"su-divider su-divider-style-default\" style=\"margin:10px 0;border-width:3px;border-color:#ffffff00\"><a href=\"#\" style=\"color:#ffffff009\">.<\/a><\/div>\n","protected":false},"excerpt":{"rendered":"<p>Modafresh 200 mg \u00e8 un medicinale molto potente prescritto per promuovere la veglia. Il suo uso off-label \u00e8 quello di potenziare la funzione cognitiva con effetti migliori sul cervello. Il suo principio attivo \u00e8 il modafinil ed \u00e8 un prodotto fabbricato da Sunrise Pharmaceuticals, un&#8217;azienda farmaceutica americana. L&#8217;acquisto di Modafresh 200 mg nella nostra farmacia ti costa meno con medicinali genuini e consegna garantita.<\/p>\n[sc name=\"s1\"]\n","protected":false},"featured_media":408518,"comment_status":"open","ping_status":"closed","template":"","meta":{"_acf_changed":false},"product_brand":[],"product_cat":[3787],"product_tag":[4028],"class_list":{"0":"post-408513","1":"product","2":"type-product","3":"status-publish","4":"has-post-thumbnail","6":"product_cat-marchi-smart-drugs","7":"product_tag-modafinil-it","9":"first","10":"instock","11":"sale","12":"shipping-taxable","13":"purchasable","14":"product-type-variable","15":"has-default-attributes"},"acf":[],"yoast_head":"<!-- This site is optimized with the Yoast SEO Premium plugin v23.6 (Yoast SEO v27.3) - https:\/\/yoast.com\/product\/yoast-seo-premium-wordpress\/ -->\n<title>Acquista Modafresh 200 mg (Modafinil) Farmaci OTC - BuyModafinilOnline<\/title>\n<meta name=\"description\" content=\"Acquista online le compresse Modafresh 200 mg senza Rx presso la farmacia BuyModafinilOnline. Paga con Bitcoin e ottieni uno sconto garantito del 23% sull&#039;acquisto di Modafresh 200mg!\" \/>\n<meta name=\"robots\" content=\"index, follow, max-snippet:-1, max-image-preview:large, max-video-preview:-1\" \/>\n<link rel=\"canonical\" href=\"https:\/\/buymodafinilonline.com\/it\/smart-drug-it\/modafresh-200-mg\/\" \/>\n<meta property=\"og:locale\" content=\"it_IT\" \/>\n<meta property=\"og:type\" content=\"article\" \/>\n<meta property=\"og:title\" content=\"Modafresh 200 mg\" \/>\n<meta property=\"og:description\" content=\"Acquista online le compresse Modafresh 200 mg senza Rx presso la farmacia BuyModafinilOnline. Paga con Bitcoin e ottieni uno sconto garantito del 23% sull&#039;acquisto di Modafresh 200mg!\" \/>\n<meta property=\"og:url\" content=\"https:\/\/buymodafinilonline.com\/it\/smart-drug-it\/modafresh-200-mg\/\" \/>\n<meta property=\"og:site_name\" content=\"BuyModafinilOnline.com\" \/>\n<meta property=\"article:modified_time\" content=\"2025-04-22T09:30:33+00:00\" \/>\n<meta property=\"og:image\" content=\"https:\/\/buymodafinilonline.com\/wp-content\/uploads\/2020\/04\/product-bmo-ModaFresh-1.png\" \/>\n\t<meta property=\"og:image:width\" content=\"1280\" \/>\n\t<meta property=\"og:image:height\" content=\"1500\" \/>\n\t<meta property=\"og:image:type\" content=\"image\/png\" \/>\n<meta name=\"twitter:label1\" content=\"Tempo di lettura stimato\" \/>\n\t<meta name=\"twitter:data1\" content=\"5 minuti\" \/>\n<script type=\"application\/ld+json\" class=\"yoast-schema-graph\">{\"@context\":\"https:\\\/\\\/schema.org\",\"@graph\":[{\"@type\":\"WebPage\",\"@id\":\"https:\\\/\\\/buymodafinilonline.com\\\/it\\\/smart-drug-it\\\/modafresh-200-mg\\\/\",\"url\":\"https:\\\/\\\/buymodafinilonline.com\\\/it\\\/smart-drug-it\\\/modafresh-200-mg\\\/\",\"name\":\"Acquista Modafresh 200 mg (Modafinil) Farmaci OTC - BuyModafinilOnline\",\"isPartOf\":{\"@id\":\"https:\\\/\\\/buymodafinilonline.com\\\/it\\\/#website\"},\"primaryImageOfPage\":{\"@id\":\"https:\\\/\\\/buymodafinilonline.com\\\/it\\\/smart-drug-it\\\/modafresh-200-mg\\\/#primaryimage\"},\"image\":{\"@id\":\"https:\\\/\\\/buymodafinilonline.com\\\/it\\\/smart-drug-it\\\/modafresh-200-mg\\\/#primaryimage\"},\"thumbnailUrl\":\"https:\\\/\\\/buymodafinilonline.com\\\/wp-content\\\/uploads\\\/2020\\\/04\\\/product-bmo-ModaFresh-1.png\",\"datePublished\":\"2020-11-08T16:10:14+00:00\",\"dateModified\":\"2025-04-22T09:30:33+00:00\",\"description\":\"Acquista online le compresse Modafresh 200 mg senza Rx presso la farmacia BuyModafinilOnline. Paga con Bitcoin e ottieni uno sconto garantito del 23% sull'acquisto di Modafresh 200mg!\",\"breadcrumb\":{\"@id\":\"https:\\\/\\\/buymodafinilonline.com\\\/it\\\/smart-drug-it\\\/modafresh-200-mg\\\/#breadcrumb\"},\"inLanguage\":\"it-IT\",\"potentialAction\":[{\"@type\":\"ReadAction\",\"target\":[\"https:\\\/\\\/buymodafinilonline.com\\\/it\\\/smart-drug-it\\\/modafresh-200-mg\\\/\"]}]},{\"@type\":\"ImageObject\",\"inLanguage\":\"it-IT\",\"@id\":\"https:\\\/\\\/buymodafinilonline.com\\\/it\\\/smart-drug-it\\\/modafresh-200-mg\\\/#primaryimage\",\"url\":\"https:\\\/\\\/buymodafinilonline.com\\\/wp-content\\\/uploads\\\/2020\\\/04\\\/product-bmo-ModaFresh-1.png\",\"contentUrl\":\"https:\\\/\\\/buymodafinilonline.com\\\/wp-content\\\/uploads\\\/2020\\\/04\\\/product-bmo-ModaFresh-1.png\",\"width\":1280,\"height\":1500,\"caption\":\"Modafresh 200 mg\"},{\"@type\":\"BreadcrumbList\",\"@id\":\"https:\\\/\\\/buymodafinilonline.com\\\/it\\\/smart-drug-it\\\/modafresh-200-mg\\\/#breadcrumb\",\"itemListElement\":[{\"@type\":\"ListItem\",\"position\":1,\"name\":\"Buy Modafinil Online\",\"item\":\"https:\\\/\\\/buymodafinilonline.com\\\/it\\\/\"},{\"@type\":\"ListItem\",\"position\":2,\"name\":\"Negozio\",\"item\":\"https:\\\/\\\/buymodafinilonline.com\\\/it\\\/negozio\\\/\"},{\"@type\":\"ListItem\",\"position\":3,\"name\":\"Marchi Smart Drugs\",\"item\":\"https:\\\/\\\/buymodafinilonline.com\\\/it\\\/categoria-di-prodotto\\\/marchi-smart-drugs\\\/\"},{\"@type\":\"ListItem\",\"position\":4,\"name\":\"Modafresh 200 mg\"}]},{\"@type\":\"WebSite\",\"@id\":\"https:\\\/\\\/buymodafinilonline.com\\\/it\\\/#website\",\"url\":\"https:\\\/\\\/buymodafinilonline.com\\\/it\\\/\",\"name\":\"BuyModafinilOnline.com\",\"description\":\"Modafinil Online Pharmacy\",\"publisher\":{\"@id\":\"https:\\\/\\\/buymodafinilonline.com\\\/it\\\/#organization\"},\"potentialAction\":[{\"@type\":\"SearchAction\",\"target\":{\"@type\":\"EntryPoint\",\"urlTemplate\":\"https:\\\/\\\/buymodafinilonline.com\\\/it\\\/?s={search_term_string}\"},\"query-input\":{\"@type\":\"PropertyValueSpecification\",\"valueRequired\":true,\"valueName\":\"search_term_string\"}}],\"inLanguage\":\"it-IT\"},{\"@type\":\"Organization\",\"@id\":\"https:\\\/\\\/buymodafinilonline.com\\\/it\\\/#organization\",\"name\":\"BuyModafinilOnline\",\"url\":\"https:\\\/\\\/buymodafinilonline.com\\\/it\\\/\",\"logo\":{\"@type\":\"ImageObject\",\"inLanguage\":\"it-IT\",\"@id\":\"https:\\\/\\\/buymodafinilonline.com\\\/it\\\/#\\\/schema\\\/logo\\\/image\\\/\",\"url\":\"https:\\\/\\\/buymodafinilonline.com\\\/wp-content\\\/uploads\\\/2020\\\/04\\\/logo-buy-modafinil-online-yellow.png\",\"contentUrl\":\"https:\\\/\\\/buymodafinilonline.com\\\/wp-content\\\/uploads\\\/2020\\\/04\\\/logo-buy-modafinil-online-yellow.png\",\"width\":200,\"height\":200,\"caption\":\"BuyModafinilOnline\"},\"image\":{\"@id\":\"https:\\\/\\\/buymodafinilonline.com\\\/it\\\/#\\\/schema\\\/logo\\\/image\\\/\"}}]}<\/script>\n<!-- \/ Yoast SEO Premium plugin. -->","yoast_head_json":{"title":"Acquista Modafresh 200 mg (Modafinil) Farmaci OTC - BuyModafinilOnline","description":"Acquista online le compresse Modafresh 200 mg senza Rx presso la farmacia BuyModafinilOnline. Paga con Bitcoin e ottieni uno sconto garantito del 23% sull'acquisto di Modafresh 200mg!","robots":{"index":"index","follow":"follow","max-snippet":"max-snippet:-1","max-image-preview":"max-image-preview:large","max-video-preview":"max-video-preview:-1"},"canonical":"https:\/\/buymodafinilonline.com\/it\/smart-drug-it\/modafresh-200-mg\/","og_locale":"it_IT","og_type":"article","og_title":"Modafresh 200 mg","og_description":"Acquista online le compresse Modafresh 200 mg senza Rx presso la farmacia BuyModafinilOnline. Paga con Bitcoin e ottieni uno sconto garantito del 23% sull'acquisto di Modafresh 200mg!","og_url":"https:\/\/buymodafinilonline.com\/it\/smart-drug-it\/modafresh-200-mg\/","og_site_name":"BuyModafinilOnline.com","article_modified_time":"2025-04-22T09:30:33+00:00","og_image":[{"width":1280,"height":1500,"url":"https:\/\/buymodafinilonline.com\/wp-content\/uploads\/2020\/04\/product-bmo-ModaFresh-1.png","type":"image\/png"}],"twitter_misc":{"Tempo di lettura stimato":"5 minuti"},"schema":{"@context":"https:\/\/schema.org","@graph":[{"@type":"WebPage","@id":"https:\/\/buymodafinilonline.com\/it\/smart-drug-it\/modafresh-200-mg\/","url":"https:\/\/buymodafinilonline.com\/it\/smart-drug-it\/modafresh-200-mg\/","name":"Acquista Modafresh 200 mg (Modafinil) Farmaci OTC - BuyModafinilOnline","isPartOf":{"@id":"https:\/\/buymodafinilonline.com\/it\/#website"},"primaryImageOfPage":{"@id":"https:\/\/buymodafinilonline.com\/it\/smart-drug-it\/modafresh-200-mg\/#primaryimage"},"image":{"@id":"https:\/\/buymodafinilonline.com\/it\/smart-drug-it\/modafresh-200-mg\/#primaryimage"},"thumbnailUrl":"https:\/\/buymodafinilonline.com\/wp-content\/uploads\/2020\/04\/product-bmo-ModaFresh-1.png","datePublished":"2020-11-08T16:10:14+00:00","dateModified":"2025-04-22T09:30:33+00:00","description":"Acquista online le compresse Modafresh 200 mg senza Rx presso la farmacia BuyModafinilOnline. Paga con Bitcoin e ottieni uno sconto garantito del 23% sull'acquisto di Modafresh 200mg!","breadcrumb":{"@id":"https:\/\/buymodafinilonline.com\/it\/smart-drug-it\/modafresh-200-mg\/#breadcrumb"},"inLanguage":"it-IT","potentialAction":[{"@type":"ReadAction","target":["https:\/\/buymodafinilonline.com\/it\/smart-drug-it\/modafresh-200-mg\/"]}]},{"@type":"ImageObject","inLanguage":"it-IT","@id":"https:\/\/buymodafinilonline.com\/it\/smart-drug-it\/modafresh-200-mg\/#primaryimage","url":"https:\/\/buymodafinilonline.com\/wp-content\/uploads\/2020\/04\/product-bmo-ModaFresh-1.png","contentUrl":"https:\/\/buymodafinilonline.com\/wp-content\/uploads\/2020\/04\/product-bmo-ModaFresh-1.png","width":1280,"height":1500,"caption":"Modafresh 200 mg"},{"@type":"BreadcrumbList","@id":"https:\/\/buymodafinilonline.com\/it\/smart-drug-it\/modafresh-200-mg\/#breadcrumb","itemListElement":[{"@type":"ListItem","position":1,"name":"Buy Modafinil Online","item":"https:\/\/buymodafinilonline.com\/it\/"},{"@type":"ListItem","position":2,"name":"Negozio","item":"https:\/\/buymodafinilonline.com\/it\/negozio\/"},{"@type":"ListItem","position":3,"name":"Marchi Smart Drugs","item":"https:\/\/buymodafinilonline.com\/it\/categoria-di-prodotto\/marchi-smart-drugs\/"},{"@type":"ListItem","position":4,"name":"Modafresh 200 mg"}]},{"@type":"WebSite","@id":"https:\/\/buymodafinilonline.com\/it\/#website","url":"https:\/\/buymodafinilonline.com\/it\/","name":"BuyModafinilOnline.com","description":"Modafinil Online Pharmacy","publisher":{"@id":"https:\/\/buymodafinilonline.com\/it\/#organization"},"potentialAction":[{"@type":"SearchAction","target":{"@type":"EntryPoint","urlTemplate":"https:\/\/buymodafinilonline.com\/it\/?s={search_term_string}"},"query-input":{"@type":"PropertyValueSpecification","valueRequired":true,"valueName":"search_term_string"}}],"inLanguage":"it-IT"},{"@type":"Organization","@id":"https:\/\/buymodafinilonline.com\/it\/#organization","name":"BuyModafinilOnline","url":"https:\/\/buymodafinilonline.com\/it\/","logo":{"@type":"ImageObject","inLanguage":"it-IT","@id":"https:\/\/buymodafinilonline.com\/it\/#\/schema\/logo\/image\/","url":"https:\/\/buymodafinilonline.com\/wp-content\/uploads\/2020\/04\/logo-buy-modafinil-online-yellow.png","contentUrl":"https:\/\/buymodafinilonline.com\/wp-content\/uploads\/2020\/04\/logo-buy-modafinil-online-yellow.png","width":200,"height":200,"caption":"BuyModafinilOnline"},"image":{"@id":"https:\/\/buymodafinilonline.com\/it\/#\/schema\/logo\/image\/"}}]}},"_links":{"self":[{"href":"https:\/\/buymodafinilonline.com\/it\/wp-json\/wp\/v2\/product\/408513","targetHints":{"allow":["GET"]}}],"collection":[{"href":"https:\/\/buymodafinilonline.com\/it\/wp-json\/wp\/v2\/product"}],"about":[{"href":"https:\/\/buymodafinilonline.com\/it\/wp-json\/wp\/v2\/types\/product"}],"replies":[{"embeddable":true,"href":"https:\/\/buymodafinilonline.com\/it\/wp-json\/wp\/v2\/comments?post=408513"}],"wp:featuredmedia":[{"embeddable":true,"href":"https:\/\/buymodafinilonline.com\/it\/wp-json\/wp\/v2\/media\/408518"}],"wp:attachment":[{"href":"https:\/\/buymodafinilonline.com\/it\/wp-json\/wp\/v2\/media?parent=408513"}],"wp:term":[{"taxonomy":"product_brand","embeddable":true,"href":"https:\/\/buymodafinilonline.com\/it\/wp-json\/wp\/v2\/product_brand?post=408513"},{"taxonomy":"product_cat","embeddable":true,"href":"https:\/\/buymodafinilonline.com\/it\/wp-json\/wp\/v2\/product_cat?post=408513"},{"taxonomy":"product_tag","embeddable":true,"href":"https:\/\/buymodafinilonline.com\/it\/wp-json\/wp\/v2\/product_tag?post=408513"}],"curies":[{"name":"wp","href":"https:\/\/api.w.org\/{rel}","templated":true}]}}