{"id":408578,"date":"2020-03-23T22:55:44","date_gmt":"2020-03-23T21:55:44","guid":{"rendered":"https:\/\/buymodafinilonline.com\/smart-drugs\/modafil-md-200-mg-sublinguale\/"},"modified":"2026-01-28T19:07:47","modified_gmt":"2026-01-28T18:07:47","slug":"modafil-md-200-mg-sublinguale","status":"publish","type":"product","link":"https:\/\/buymodafinilonline.com\/it\/smart-drug-it\/modafil-md-200-mg-sublinguale\/","title":{"rendered":"Modafil MD 200 mg sublinguale"},"content":{"rendered":"[vc_column width=&#8221;1\/2&#8243;]\n<div class=\"su-divider su-divider-style-default\" style=\"margin:10px 0;border-width:3px;border-color:#ffffff00\"><a href=\"#\" style=\"color:#ffffff009\">.<\/a><\/div>\n<h2>Che cos&#8217;\u00e8 Modafil MD 200 mg?<\/h2>\n<div class=\"su-divider su-divider-style-default\" style=\"margin:10px 0;border-width:3px;border-color:#ffffff00\"><a href=\"#\" style=\"color:#ffffff009\">.<\/a><\/div>\nModafil MD \u00e8 una potente versione generica di Provigil\u00ae. Uno dei farmaci pi\u00f9 potenti e popolari prescritti per trattare varie condizioni legate al sonno tra cui narcolessia, apnea ostruttiva del sonno, eccessiva sonnolenza diurna, ipersonnia idiopatica, disturbo del sonno a turni e altre condizioni.<\/p>\n<p>I medici specialisti possono anche prescrivere Modafil MD 200 mg a persone che soffrono di ADD \/ ADHD grazie alla sua capacit\u00e0 di migliorare la concentrazione, la concentrazione e ripristinare la veglia.<\/p>\n<p>Per molte persone, al di fuori di questo uso prescritto, il farmaco Modafil MD viene utilizzato per migliorare la produttivit\u00e0 al lavoro oa scuola. Ecco perch\u00e9 viene utilizzato da studenti e dirigenti, in particolare CEO e professionisti. \u00c8 un potente farmaco utile per periodi di lavoro lunghi e duraturi (ecco perch\u00e9 militari e astronauti lo usano per lunghe missioni) o durante l&#8217;esecuzione di compiti ripetitivi.<\/p>\n<div class=\"su-divider su-divider-style-default\" style=\"margin:10px 0;border-width:3px;border-color:#ffffff00\"><a href=\"#\" style=\"color:#ffffff009\">.<\/a><\/div>\n<h2>Come funzionano queste pillole?<\/h2>\n<div class=\"su-divider su-divider-style-default\" style=\"margin:10px 0;border-width:3px;border-color:#ffffff00\"><a href=\"#\" style=\"color:#ffffff009\">.<\/a><\/div>\nModafil MD agisce stimolando il rilascio di sostanze chimiche nel cervello che promuovono la veglia. Il suo esatto meccanismo d&#8217;azione non \u00e8 completamente compreso, gli scienziati descrivono che funziona aumentando la quantit\u00e0 di dopamina (un neurotrasmettitore chimico che i nervi cerebrali usano per comunicare tra loro) nel corpo.<\/p>\n<p>Modafil MD 200mg prende di mira i neuroni dopaminergici nell&#8217;ipotalamo. Inibendo i neuroni dopaminergici, aumenta i livelli di ipocretina e dopamina, promuovendo cos\u00ec sensazioni di vigilanza, insonnia nel cervello, pensiero potenziato, acutezza mentale e elaborazione migliorata dell&#8217;umore, della percezione, della concentrazione, della motivazione e dei livelli di energia.<\/p>\n<div class=\"su-divider su-divider-style-default\" style=\"margin:10px 0;border-width:3px;border-color:#ffffff00\"><a href=\"#\" style=\"color:#ffffff009\">.<\/a><\/div>\n<h2>Dosaggio sicuro e uso corretto<\/h2>\n<div class=\"su-divider su-divider-style-default\" style=\"margin:10px 0;border-width:3px;border-color:#ffffff00\"><a href=\"#\" style=\"color:#ffffff009\">.<\/a><\/div>\nQuesto farmaco \u00e8 sicuro per individui sani senza alcune malattie e seguendo il dosaggio corretto.<\/p>\n<p>Modafil MD \u00e8 disponibile in 2 dosi: 100 e 200 mg. Il 200 mg \u00e8 la forma pi\u00f9 comune per lo pi\u00f9 venduta dai venditori online e utilizzata dalla maggior parte delle persone come prescrizione o per scopi off-label.<\/p>\n<p>Non \u00e8 solo come qualsiasi compressa orale. Questo tipo di farmaco diventa rapidamente un popolare rimedio modafinil grazie al suo metodo di somministrazione unico, come modafinil sublinguale. Questo processo fa s\u00ec che Modafil MD venga assorbito pi\u00f9 velocemente dando i suoi effetti a una velocit\u00e0 maggiore.<\/p>\n<p>La maggior parte delle persone usa questo farmaco al di fuori dei suoi usi prescritti per promuovere la concentrazione, la vigilanza, la vigilanza, la concentrazione e la produttivit\u00e0. Funziona principalmente aumentando la veglia e la vigilanza per diverse ore, abbastanza per svolgere un compito produttivo.<\/p>\n<div class=\"su-divider su-divider-style-default\" style=\"margin:10px 0;border-width:3px;border-color:#ffffff00\"><a href=\"#\" style=\"color:#ffffff009\">.<\/a><\/div>\n<h2>Possibili effetti collaterali<\/h2>\n<div class=\"su-divider su-divider-style-default\" style=\"margin:10px 0;border-width:3px;border-color:#ffffff00\"><a href=\"#\" style=\"color:#ffffff009\">.<\/a><\/div>\nModafil MD \u00e8 sicuro per le persone con un corpo sano. Tuttavia, gli effetti negativi non possono essere completamente evitati. Tuttavia, alcuni sono minori, possono verificarsi e svanire con l&#8217;uso continuo di farmaci.<\/p>\n<p>Gli effetti negativi comuni di Modafil MD 200 mg includono:<\/p>\n<div class=\"su-divider su-divider-style-default\" style=\"margin:10px 0;border-width:3px;border-color:#ffffff00\"><a href=\"#\" style=\"color:#ffffff009\">.<\/a><\/div>\n<ul>\n<li>mal di testa;<\/li>\n<li>perdita di appetito;<\/li>\n<li>mal di stomaco;<\/li>\n<li>sentirsi nervoso;<\/li>\n<li>difficolt\u00e0 a dormire;<\/li>\n<li>eccetera.<\/li>\n<\/ul>\n<div class=\"su-divider su-divider-style-default\" style=\"margin:10px 0;border-width:3px;border-color:#ffffff00\"><a href=\"#\" style=\"color:#ffffff009\">.<\/a><\/div>\nQuesti effetti collaterali pi\u00f9 gravi si verificano raramente ma possono verificarsi in alcuni individui: battito cardiaco irregolare, vomito, eruzione cutanea, urine scure, orticaria, prurito cutaneo, febbre.<\/p>\n<p>Questa non \u00e8 una lista completa. Alcuni effetti negativi possono essere gravi e dannosi per la salute individuale. Ogni volta che si verificano segni strani, consultare immediatamente un medico.<\/p>\n[\/vc_column][vc_column width=&#8221;1\/2&#8243;]\n<div class=\"su-divider su-divider-style-default\" style=\"margin:10px 0;border-width:3px;border-color:#ffffff00\"><a href=\"#\" style=\"color:#ffffff009\">.<\/a><\/div>\n<h2>Controindicazioni e precauzioni<\/h2>\n<div class=\"su-divider su-divider-style-default\" style=\"margin:10px 0;border-width:3px;border-color:#ffffff00\"><a href=\"#\" style=\"color:#ffffff009\">.<\/a><\/div>\nCome ogni potente medicinale, \u00e8 necessario prendere le precauzioni fornite da un medico specialista e, soprattutto, si consiglia di seguire le istruzioni raffigurate sul foglio illustrativo del farmaco.<\/p>\n<p>Alcune interazioni farmacologiche possono essere gravi ed \u00e8 necessaria una precauzione aggiuntiva. Modafil MD interagisce con alcuni farmaci come:<\/p>\n<div class=\"su-divider su-divider-style-default\" style=\"margin:10px 0;border-width:3px;border-color:#ffffff00\"><a href=\"#\" style=\"color:#ffffff009\">.<\/a><\/div>\n<ul>\n<li>carbamazepina (Tegretol);<\/li>\n<li>desipramina (Norpramin);<\/li>\n<li>contraccettivi ormonali (es. Micronor);<\/li>\n<li>warfarin (Coumadin);<\/li>\n<li>propranololo (Inderal);<\/li>\n<li>fenitoina (Dilantin);<\/li>\n<li>eccetera.<\/li>\n<\/ul>\n<div class=\"su-divider su-divider-style-default\" style=\"margin:10px 0;border-width:3px;border-color:#ffffff00\"><a href=\"#\" style=\"color:#ffffff009\">.<\/a><\/div>\nQuesta non \u00e8 una lista completa. Il tuo medico specialista dovrebbe valutare tutti i farmaci che stai utilizzando ed eseguire un&#8217;analisi sanitaria approfondita per identificare alcune malattie che hai. Ad esempio, per problemi cardiaci.<\/p>\n<p>E anche se hai:<\/p>\n<div class=\"su-divider su-divider-style-default\" style=\"margin:10px 0;border-width:3px;border-color:#ffffff00\"><a href=\"#\" style=\"color:#ffffff009\">.<\/a><\/div>\n<ul>\n<li>problemi al fegato;<\/li>\n<li>ipertensione;<\/li>\n<li>psicosi;<\/li>\n<li>mania;<\/li>\n<li>depressione.<\/li>\n<\/ul>\n<div class=\"su-divider su-divider-style-default\" style=\"margin:10px 0;border-width:3px;border-color:#ffffff00\"><a href=\"#\" style=\"color:#ffffff009\">.<\/a><\/div>\nLa maggior parte degli alimenti funziona bene con Modafil MD. Si consiglia il consiglio di un medico se si intende prendere questo medicinale in caso di allattamento o gravidanza. Inoltre, alcol e modafinil non funzionano bene. I suoi meccanismi su come Modafil MD premia le sostanze chimiche del cervello e su come l&#8217;alcol funziona nel corpo mentre \u00e8 sotto modafinil pu\u00f2 causare effetti collaterali senza precedenti.<\/p>\n<p>Un&#8217;altra precauzione riguarda: non operare su macchinari pesanti o guidare sotto l&#8217;effetto di modafinil &#8211; pu\u00f2 causare vertigini o visione offuscata.<\/p>\n<div class=\"su-divider su-divider-style-default\" style=\"margin:10px 0;border-width:3px;border-color:#ffffff00\"><a href=\"#\" style=\"color:#ffffff009\">.<\/a><\/div>\n<h2>Esperienza del consumatore<\/h2>\n<div class=\"su-divider su-divider-style-default\" style=\"margin:10px 0;border-width:3px;border-color:#ffffff00\"><a href=\"#\" style=\"color:#ffffff009\">.<\/a><\/div>\nModafinil \u00e8 un potente farmaco con vari benefici per la salute. \u00c8 utile nel trattamento di varie condizioni di salute private del sonno, ma aiuta anche varie persone sane che hanno bisogno di aumentare la loro produttivit\u00e0 a causa degli effetti cognitivi di Modafil MD.<\/p>\n<p>Coloro che lo prendono rispondono positivamente con effetti collaterali minimi o nulli. Tuttavia, il modafinil \u00e8 un farmaco che viene utilizzato con precauzione extra.<\/p>\n<p>Sebbene sia sicuro, prenderlo senza &#8220;OK&#8221; da un medico pu\u00f2 causare seri problemi di salute, anche quelle condizioni che possono essere pericolose per la vita. \u00c8 necessario ottenere sempre consigli e prescrizione di farmaci da un medico.<\/p>\n<div class=\"su-divider su-divider-style-default\" style=\"margin:10px 0;border-width:3px;border-color:#ffffff00\"><a href=\"#\" style=\"color:#ffffff009\">.<\/a><\/div>\n<h2>Acquista online Modafil MD 200mg (Modafinil)<\/h2>\n<div class=\"su-divider su-divider-style-default\" style=\"margin:10px 0;border-width:3px;border-color:#ffffff00\"><a href=\"#\" style=\"color:#ffffff009\">.<\/a><\/div>\n\u00c8 necessario acquistare farmaci intelligenti da una farmacia online legittima. Possono esistere falsi venditori online che vendono modafinil di bassa qualit\u00e0 o contraffatti e altri farmaci da banco.<\/p>\n<p>Stai al sicuro usando<a href=\"https:\/\/buymodafinilonline.com\/it\/\"> AcquistaModafinilOnline<\/a> . \u00c8 l&#8217;e-pharmacy per eccellenza che offre diverse esperienze di riduzione dei prezzi, tra cui <a href=\"https:\/\/buymodafinilonline.com\/coupons-deals-promo-codes\/\">coupon e sconti<\/a> (23% di sconto per chi <a href=\"https:\/\/buymodafinilonline.com\/it\/paga-in-bitcoin\/\">paga con bitcoin<\/a>).<\/p>\n<p>I prezzi di Modafil MD sono economici nella nostra farmacia. Inoltre, offriamo<a href=\"https:\/\/buymodafinilonline.com\/free-trial\/\"> campioni di prova gratuiti di modafinil e armodafinil<\/a> (<a href=\"https:\/\/buymodafinilonline.com\/it\/smart-drug-it\/campioni-gratuiti-di-modalert-200-mg\/\"> Modalert 200 mg<\/a> e<a href=\"https:\/\/buymodafinilonline.com\/it\/smart-drug-it\/campioni-gratuiti-di-artvigil-150-mg\/\"> Artvigil 150 mg<\/a> ) &#8211; il modo migliore per testare la qualit\u00e0 dei suoi farmaci intelligenti.<\/p>\n<p>Offerte BuyModafinilOnline<a href=\"https:\/\/buymodafinilonline.com\/it\/miglior-fornitore-modafinil-italia\/\"> spedizione super veloce in tutto il mondo<\/a> (gratuito per ordini superiori a $ 150) ad eccezione di alcune destinazioni elencate in cui non viene spedito. Offriamo anche una rispedizione gratuita o un rimborso completo se il tuo pacco viene smarrito o bloccato in dogana.<\/p>\n[\/vc_column]\n<div class=\"su-divider su-divider-style-default\" style=\"margin:10px 0;border-width:3px;border-color:#ffffff00\"><a href=\"#\" style=\"color:#ffffff009\">.<\/a><\/div>\n","protected":false},"excerpt":{"rendered":"<p>Modafil MD \u00e8 una potenza quando si tratta di effetti modafinil. Pu\u00f2 essere assorbito attraverso la bocca per un&#8217;azione farmacologica pi\u00f9 rapida ed effetti pi\u00f9 intensi rispetto a qualsiasi altro farmaco di marca modafinil o generico sul mercato. Il suo ingrediente attivo \u00e8 il modafinil. \u00c8 popolare nel promuovere la veglia e gli effetti cognitivi. \u00c8 prodotto da INTAS Pharma, l&#8217;azienda biofarmaceutica indiana. Acquistandolo dalla nostra farmacia ti assicuri di ottenere medicinali genuini, di qualit\u00e0 e approvati a un costo inferiore con consegna garantita.<\/p>\n[sc name=\"s1\"]\n[sc name=\"s1\"]\n","protected":false},"featured_media":426114,"comment_status":"closed","ping_status":"closed","template":"","meta":{"_acf_changed":false},"product_brand":[],"product_cat":[3787,4233],"product_tag":[4028],"class_list":{"0":"post-408578","1":"product","2":"type-product","3":"status-publish","4":"has-post-thumbnail","6":"product_cat-marchi-smart-drugs","7":"product_cat-smart-drugs-piu-venduti","8":"product_tag-modafinil-it","10":"first","11":"instock","12":"sale","13":"shipping-taxable","14":"purchasable","15":"product-type-variable","16":"has-default-attributes"},"acf":[],"yoast_head":"<!-- This site is optimized with the Yoast SEO Premium plugin v23.6 (Yoast SEO v27.3) - https:\/\/yoast.com\/product\/yoast-seo-premium-wordpress\/ -->\n<title>Acquista Modafil MD 200 mg (Modafinil) Tabs dall&#039;India - BuyModafinilOnline<\/title>\n<meta name=\"description\" content=\"Ordina i farmaci Modafil MD 200 mg online senza prescrizione medica presso la farmacia BuyModafinilOnline. Compresse legali al 100% dal fornitore INTAS Pharma. Acquista Modafil MD generico (modafinil) 200mg in una confezione discreta!\" \/>\n<meta name=\"robots\" content=\"index, follow, max-snippet:-1, max-image-preview:large, max-video-preview:-1\" \/>\n<link rel=\"canonical\" href=\"https:\/\/buymodafinilonline.com\/it\/smart-drug-it\/modafil-md-200-mg-sublinguale\/\" \/>\n<meta property=\"og:locale\" content=\"it_IT\" \/>\n<meta property=\"og:type\" content=\"article\" \/>\n<meta property=\"og:title\" content=\"Modafil MD 200 mg sublinguale\" \/>\n<meta property=\"og:description\" content=\"Ordina i farmaci Modafil MD 200 mg online senza prescrizione medica presso la farmacia BuyModafinilOnline. Compresse legali al 100% dal fornitore INTAS Pharma. Acquista Modafil MD generico (modafinil) 200mg in una confezione discreta!\" \/>\n<meta property=\"og:url\" content=\"https:\/\/buymodafinilonline.com\/it\/smart-drug-it\/modafil-md-200-mg-sublinguale\/\" \/>\n<meta property=\"og:site_name\" content=\"BuyModafinilOnline.com\" \/>\n<meta property=\"article:modified_time\" content=\"2026-01-28T18:07:47+00:00\" \/>\n<meta property=\"og:image\" content=\"https:\/\/buymodafinilonline.com\/wp-content\/uploads\/2021\/09\/bmo-product-modafil-md-new.png\" \/>\n\t<meta property=\"og:image:width\" content=\"1280\" \/>\n\t<meta property=\"og:image:height\" content=\"1500\" \/>\n\t<meta property=\"og:image:type\" content=\"image\/png\" \/>\n<meta name=\"twitter:label1\" content=\"Tempo di lettura stimato\" \/>\n\t<meta name=\"twitter:data1\" content=\"5 minuti\" \/>\n<script type=\"application\/ld+json\" class=\"yoast-schema-graph\">{\"@context\":\"https:\\\/\\\/schema.org\",\"@graph\":[{\"@type\":\"WebPage\",\"@id\":\"https:\\\/\\\/buymodafinilonline.com\\\/it\\\/smart-drug-it\\\/modafil-md-200-mg-sublinguale\\\/\",\"url\":\"https:\\\/\\\/buymodafinilonline.com\\\/it\\\/smart-drug-it\\\/modafil-md-200-mg-sublinguale\\\/\",\"name\":\"Acquista Modafil MD 200 mg (Modafinil) Tabs dall'India - BuyModafinilOnline\",\"isPartOf\":{\"@id\":\"https:\\\/\\\/buymodafinilonline.com\\\/it\\\/#website\"},\"primaryImageOfPage\":{\"@id\":\"https:\\\/\\\/buymodafinilonline.com\\\/it\\\/smart-drug-it\\\/modafil-md-200-mg-sublinguale\\\/#primaryimage\"},\"image\":{\"@id\":\"https:\\\/\\\/buymodafinilonline.com\\\/it\\\/smart-drug-it\\\/modafil-md-200-mg-sublinguale\\\/#primaryimage\"},\"thumbnailUrl\":\"https:\\\/\\\/buymodafinilonline.com\\\/wp-content\\\/uploads\\\/2021\\\/09\\\/bmo-product-modafil-md-new.png\",\"datePublished\":\"2020-03-23T21:55:44+00:00\",\"dateModified\":\"2026-01-28T18:07:47+00:00\",\"description\":\"Ordina i farmaci Modafil MD 200 mg online senza prescrizione medica presso la farmacia BuyModafinilOnline. Compresse legali al 100% dal fornitore INTAS Pharma. Acquista Modafil MD generico (modafinil) 200mg in una confezione discreta!\",\"breadcrumb\":{\"@id\":\"https:\\\/\\\/buymodafinilonline.com\\\/it\\\/smart-drug-it\\\/modafil-md-200-mg-sublinguale\\\/#breadcrumb\"},\"inLanguage\":\"it-IT\",\"potentialAction\":[{\"@type\":\"ReadAction\",\"target\":[\"https:\\\/\\\/buymodafinilonline.com\\\/it\\\/smart-drug-it\\\/modafil-md-200-mg-sublinguale\\\/\"]}]},{\"@type\":\"ImageObject\",\"inLanguage\":\"it-IT\",\"@id\":\"https:\\\/\\\/buymodafinilonline.com\\\/it\\\/smart-drug-it\\\/modafil-md-200-mg-sublinguale\\\/#primaryimage\",\"url\":\"https:\\\/\\\/buymodafinilonline.com\\\/wp-content\\\/uploads\\\/2021\\\/09\\\/bmo-product-modafil-md-new.png\",\"contentUrl\":\"https:\\\/\\\/buymodafinilonline.com\\\/wp-content\\\/uploads\\\/2021\\\/09\\\/bmo-product-modafil-md-new.png\",\"width\":1280,\"height\":1500,\"caption\":\"Modafil MD 200 mg\"},{\"@type\":\"BreadcrumbList\",\"@id\":\"https:\\\/\\\/buymodafinilonline.com\\\/it\\\/smart-drug-it\\\/modafil-md-200-mg-sublinguale\\\/#breadcrumb\",\"itemListElement\":[{\"@type\":\"ListItem\",\"position\":1,\"name\":\"Buy Modafinil Online\",\"item\":\"https:\\\/\\\/buymodafinilonline.com\\\/it\\\/\"},{\"@type\":\"ListItem\",\"position\":2,\"name\":\"Negozio\",\"item\":\"https:\\\/\\\/buymodafinilonline.com\\\/it\\\/negozio\\\/\"},{\"@type\":\"ListItem\",\"position\":3,\"name\":\"Pi\u00f9 venduti\",\"item\":\"https:\\\/\\\/buymodafinilonline.com\\\/it\\\/categoria-di-prodotto\\\/smart-drugs-piu-venduti\\\/\"},{\"@type\":\"ListItem\",\"position\":4,\"name\":\"Modafil MD 200 mg sublinguale\"}]},{\"@type\":\"WebSite\",\"@id\":\"https:\\\/\\\/buymodafinilonline.com\\\/it\\\/#website\",\"url\":\"https:\\\/\\\/buymodafinilonline.com\\\/it\\\/\",\"name\":\"BuyModafinilOnline.com\",\"description\":\"Modafinil Online Pharmacy\",\"publisher\":{\"@id\":\"https:\\\/\\\/buymodafinilonline.com\\\/it\\\/#organization\"},\"potentialAction\":[{\"@type\":\"SearchAction\",\"target\":{\"@type\":\"EntryPoint\",\"urlTemplate\":\"https:\\\/\\\/buymodafinilonline.com\\\/it\\\/?s={search_term_string}\"},\"query-input\":{\"@type\":\"PropertyValueSpecification\",\"valueRequired\":true,\"valueName\":\"search_term_string\"}}],\"inLanguage\":\"it-IT\"},{\"@type\":\"Organization\",\"@id\":\"https:\\\/\\\/buymodafinilonline.com\\\/it\\\/#organization\",\"name\":\"BuyModafinilOnline\",\"url\":\"https:\\\/\\\/buymodafinilonline.com\\\/it\\\/\",\"logo\":{\"@type\":\"ImageObject\",\"inLanguage\":\"it-IT\",\"@id\":\"https:\\\/\\\/buymodafinilonline.com\\\/it\\\/#\\\/schema\\\/logo\\\/image\\\/\",\"url\":\"https:\\\/\\\/buymodafinilonline.com\\\/wp-content\\\/uploads\\\/2020\\\/04\\\/logo-buy-modafinil-online-yellow.png\",\"contentUrl\":\"https:\\\/\\\/buymodafinilonline.com\\\/wp-content\\\/uploads\\\/2020\\\/04\\\/logo-buy-modafinil-online-yellow.png\",\"width\":200,\"height\":200,\"caption\":\"BuyModafinilOnline\"},\"image\":{\"@id\":\"https:\\\/\\\/buymodafinilonline.com\\\/it\\\/#\\\/schema\\\/logo\\\/image\\\/\"}}]}<\/script>\n<!-- \/ Yoast SEO Premium plugin. -->","yoast_head_json":{"title":"Acquista Modafil MD 200 mg (Modafinil) Tabs dall'India - BuyModafinilOnline","description":"Ordina i farmaci Modafil MD 200 mg online senza prescrizione medica presso la farmacia BuyModafinilOnline. Compresse legali al 100% dal fornitore INTAS Pharma. Acquista Modafil MD generico (modafinil) 200mg in una confezione discreta!","robots":{"index":"index","follow":"follow","max-snippet":"max-snippet:-1","max-image-preview":"max-image-preview:large","max-video-preview":"max-video-preview:-1"},"canonical":"https:\/\/buymodafinilonline.com\/it\/smart-drug-it\/modafil-md-200-mg-sublinguale\/","og_locale":"it_IT","og_type":"article","og_title":"Modafil MD 200 mg sublinguale","og_description":"Ordina i farmaci Modafil MD 200 mg online senza prescrizione medica presso la farmacia BuyModafinilOnline. Compresse legali al 100% dal fornitore INTAS Pharma. Acquista Modafil MD generico (modafinil) 200mg in una confezione discreta!","og_url":"https:\/\/buymodafinilonline.com\/it\/smart-drug-it\/modafil-md-200-mg-sublinguale\/","og_site_name":"BuyModafinilOnline.com","article_modified_time":"2026-01-28T18:07:47+00:00","og_image":[{"width":1280,"height":1500,"url":"https:\/\/buymodafinilonline.com\/wp-content\/uploads\/2021\/09\/bmo-product-modafil-md-new.png","type":"image\/png"}],"twitter_misc":{"Tempo di lettura stimato":"5 minuti"},"schema":{"@context":"https:\/\/schema.org","@graph":[{"@type":"WebPage","@id":"https:\/\/buymodafinilonline.com\/it\/smart-drug-it\/modafil-md-200-mg-sublinguale\/","url":"https:\/\/buymodafinilonline.com\/it\/smart-drug-it\/modafil-md-200-mg-sublinguale\/","name":"Acquista Modafil MD 200 mg (Modafinil) Tabs dall'India - BuyModafinilOnline","isPartOf":{"@id":"https:\/\/buymodafinilonline.com\/it\/#website"},"primaryImageOfPage":{"@id":"https:\/\/buymodafinilonline.com\/it\/smart-drug-it\/modafil-md-200-mg-sublinguale\/#primaryimage"},"image":{"@id":"https:\/\/buymodafinilonline.com\/it\/smart-drug-it\/modafil-md-200-mg-sublinguale\/#primaryimage"},"thumbnailUrl":"https:\/\/buymodafinilonline.com\/wp-content\/uploads\/2021\/09\/bmo-product-modafil-md-new.png","datePublished":"2020-03-23T21:55:44+00:00","dateModified":"2026-01-28T18:07:47+00:00","description":"Ordina i farmaci Modafil MD 200 mg online senza prescrizione medica presso la farmacia BuyModafinilOnline. Compresse legali al 100% dal fornitore INTAS Pharma. Acquista Modafil MD generico (modafinil) 200mg in una confezione discreta!","breadcrumb":{"@id":"https:\/\/buymodafinilonline.com\/it\/smart-drug-it\/modafil-md-200-mg-sublinguale\/#breadcrumb"},"inLanguage":"it-IT","potentialAction":[{"@type":"ReadAction","target":["https:\/\/buymodafinilonline.com\/it\/smart-drug-it\/modafil-md-200-mg-sublinguale\/"]}]},{"@type":"ImageObject","inLanguage":"it-IT","@id":"https:\/\/buymodafinilonline.com\/it\/smart-drug-it\/modafil-md-200-mg-sublinguale\/#primaryimage","url":"https:\/\/buymodafinilonline.com\/wp-content\/uploads\/2021\/09\/bmo-product-modafil-md-new.png","contentUrl":"https:\/\/buymodafinilonline.com\/wp-content\/uploads\/2021\/09\/bmo-product-modafil-md-new.png","width":1280,"height":1500,"caption":"Modafil MD 200 mg"},{"@type":"BreadcrumbList","@id":"https:\/\/buymodafinilonline.com\/it\/smart-drug-it\/modafil-md-200-mg-sublinguale\/#breadcrumb","itemListElement":[{"@type":"ListItem","position":1,"name":"Buy Modafinil Online","item":"https:\/\/buymodafinilonline.com\/it\/"},{"@type":"ListItem","position":2,"name":"Negozio","item":"https:\/\/buymodafinilonline.com\/it\/negozio\/"},{"@type":"ListItem","position":3,"name":"Pi\u00f9 venduti","item":"https:\/\/buymodafinilonline.com\/it\/categoria-di-prodotto\/smart-drugs-piu-venduti\/"},{"@type":"ListItem","position":4,"name":"Modafil MD 200 mg sublinguale"}]},{"@type":"WebSite","@id":"https:\/\/buymodafinilonline.com\/it\/#website","url":"https:\/\/buymodafinilonline.com\/it\/","name":"BuyModafinilOnline.com","description":"Modafinil Online Pharmacy","publisher":{"@id":"https:\/\/buymodafinilonline.com\/it\/#organization"},"potentialAction":[{"@type":"SearchAction","target":{"@type":"EntryPoint","urlTemplate":"https:\/\/buymodafinilonline.com\/it\/?s={search_term_string}"},"query-input":{"@type":"PropertyValueSpecification","valueRequired":true,"valueName":"search_term_string"}}],"inLanguage":"it-IT"},{"@type":"Organization","@id":"https:\/\/buymodafinilonline.com\/it\/#organization","name":"BuyModafinilOnline","url":"https:\/\/buymodafinilonline.com\/it\/","logo":{"@type":"ImageObject","inLanguage":"it-IT","@id":"https:\/\/buymodafinilonline.com\/it\/#\/schema\/logo\/image\/","url":"https:\/\/buymodafinilonline.com\/wp-content\/uploads\/2020\/04\/logo-buy-modafinil-online-yellow.png","contentUrl":"https:\/\/buymodafinilonline.com\/wp-content\/uploads\/2020\/04\/logo-buy-modafinil-online-yellow.png","width":200,"height":200,"caption":"BuyModafinilOnline"},"image":{"@id":"https:\/\/buymodafinilonline.com\/it\/#\/schema\/logo\/image\/"}}]}},"_links":{"self":[{"href":"https:\/\/buymodafinilonline.com\/it\/wp-json\/wp\/v2\/product\/408578","targetHints":{"allow":["GET"]}}],"collection":[{"href":"https:\/\/buymodafinilonline.com\/it\/wp-json\/wp\/v2\/product"}],"about":[{"href":"https:\/\/buymodafinilonline.com\/it\/wp-json\/wp\/v2\/types\/product"}],"replies":[{"embeddable":true,"href":"https:\/\/buymodafinilonline.com\/it\/wp-json\/wp\/v2\/comments?post=408578"}],"wp:featuredmedia":[{"embeddable":true,"href":"https:\/\/buymodafinilonline.com\/it\/wp-json\/wp\/v2\/media\/426114"}],"wp:attachment":[{"href":"https:\/\/buymodafinilonline.com\/it\/wp-json\/wp\/v2\/media?parent=408578"}],"wp:term":[{"taxonomy":"product_brand","embeddable":true,"href":"https:\/\/buymodafinilonline.com\/it\/wp-json\/wp\/v2\/product_brand?post=408578"},{"taxonomy":"product_cat","embeddable":true,"href":"https:\/\/buymodafinilonline.com\/it\/wp-json\/wp\/v2\/product_cat?post=408578"},{"taxonomy":"product_tag","embeddable":true,"href":"https:\/\/buymodafinilonline.com\/it\/wp-json\/wp\/v2\/product_tag?post=408578"}],"curies":[{"name":"wp","href":"https:\/\/api.w.org\/{rel}","templated":true}]}}