{"id":408601,"date":"2020-03-23T21:52:14","date_gmt":"2020-11-08T16:10:53","guid":{"rendered":"https:\/\/buymodafinilonline.com\/smart-drugs\/modaheal-200-mg\/"},"modified":"2025-04-22T10:02:36","modified_gmt":"2025-04-22T09:02:36","slug":"modaheal-200-mg","status":"publish","type":"product","link":"https:\/\/buymodafinilonline.com\/it\/smart-drug-it\/modaheal-200-mg\/","title":{"rendered":"Modaheal 200 mg"},"content":{"rendered":"[vc_column width=\u201d1\/2\u2033]\n<div class=\"su-divider su-divider-style-default\" style=\"margin:10px 0;border-width:3px;border-color:#ffffff00\"><a href=\"#\" style=\"color:#ffffff009\">.<\/a><\/div>\n<h2>Che cos\u2019\u00e8 Modaheal 200 mg?<\/h2>\n<div class=\"su-divider su-divider-style-default\" style=\"margin:10px 0;border-width:3px;border-color:#ffffff00\"><a href=\"#\" style=\"color:#ffffff009\">.<\/a><\/div>\nModaheal \u00e8 una versione generica di modafinil. \u00c8 prodotto nelle stesse dosi da 200 mg di molti altri marchi di modafinil e prodotti generici. \u00c8 disponibile anche in dose da 100 mg. Modaheal \u00e8 spesso commercializzato principalmente per i suoi impressionanti effetti eugeroici (promozione della veglia).<\/p>\n<p>\u00c8 un farmaco molto potente prescritto dai medici per trattare la narcolessia, l\u2019apnea ostruttiva del sonno, l\u2019eccessiva sonnolenza diurna, l\u2019ipersonnia idiopatica, il disturbo del sonno a turni e altre condizioni.<\/p>\n<div class=\"su-divider su-divider-style-default\" style=\"margin:10px 0;border-width:3px;border-color:#ffffff00\"><a href=\"#\" style=\"color:#ffffff009\">.<\/a><\/div>\n<h2>Come funzionano queste pillole?<\/h2>\n<div class=\"su-divider su-divider-style-default\" style=\"margin:10px 0;border-width:3px;border-color:#ffffff00\"><a href=\"#\" style=\"color:#ffffff009\">.<\/a><\/div>\nModafinil \u00e8 un medicinale altamente efficace che agisce stimolando il rilascio di sostanze chimiche che promuovono la veglia. \u00c8 comunemente noto come agente che promuove la veglia.<\/p>\n<p>Modaheal agisce riducendo la ricaptazione della dopamina nei nervi, promuovendo quindi la funzione cerebrale aumentando l\u2019attivit\u00e0 mentale e gli effetti di potenziamento cognitivo.<\/p>\n<div class=\"su-divider su-divider-style-default\" style=\"margin:10px 0;border-width:3px;border-color:#ffffff00\"><a href=\"#\" style=\"color:#ffffff009\">.<\/a><\/div>\n<h2>Dosaggio sicuro e uso corretto<\/h2>\n<div class=\"su-divider su-divider-style-default\" style=\"margin:10px 0;border-width:3px;border-color:#ffffff00\"><a href=\"#\" style=\"color:#ffffff009\">.<\/a><\/div>\nSe prescritto per curare la narcolessia o l\u2019apnea notturna, 200 mg di questo farmaco devono essere assunti una volta al giorno al mattino. Per quelli prescritti per il trattamento del disturbo del sonno da lavoro a turni, dovrebbe essere assunto 1 ora prima dell\u2019inizio del turno di lavoro. Questo funziona per migliorare la veglia nei pazienti con eccessiva sonnolenza.<\/p>\n<p>Gli individui che assumono questo medicinale per le funzioni cognitive dovrebbero prenderlo una volta al giorno, se necessario. Tuttavia, \u00e8 necessario consultare un medico prima di somministrare Modaheal per evitare l\u2019insorgenza di gravi effetti collaterali e interazioni farmacologiche. La tua salute dovrebbe essere valutata prima di prenderlo.<\/p>\n<div class=\"su-divider su-divider-style-default\" style=\"margin:10px 0;border-width:3px;border-color:#ffffff00\"><a href=\"#\" style=\"color:#ffffff009\">.<\/a><\/div>\n<h2>Possibili effetti collaterali<\/h2>\n<div class=\"su-divider su-divider-style-default\" style=\"margin:10px 0;border-width:3px;border-color:#ffffff00\"><a href=\"#\" style=\"color:#ffffff009\">.<\/a><\/div>\nCome ogni medicina efficace, possono verificarsi effetti collaterali a seconda della salute individuale, delle reazioni e dell\u2019aderenza al dosaggio.<\/p>\n<p>Gli effetti negativi comuni possono includere:<\/p>\n<div class=\"su-divider su-divider-style-default\" style=\"margin:10px 0;border-width:3px;border-color:#ffffff00\"><a href=\"#\" style=\"color:#ffffff009\">.<\/a><\/div>\n<ul>\n<li>mal di testa;<\/li>\n<li>sensazione di nervosismo o ansia;<\/li>\n<li>mal di schiena;<\/li>\n<li>problemi di sonno (insonnia);<\/li>\n<li>vertigini;<\/li>\n<li>nausea, disturbi di stomaco, diarrea;<\/li>\n<li>naso chiuso.<\/li>\n<\/ul>\n<div class=\"su-divider su-divider-style-default\" style=\"margin:10px 0;border-width:3px;border-color:#ffffff00\"><a href=\"#\" style=\"color:#ffffff009\">.<\/a><\/div>\nTuttavia, possono verificarsi gravi effetti collaterali tra cui:<\/p>\n<div class=\"su-divider su-divider-style-default\" style=\"margin:10px 0;border-width:3px;border-color:#ffffff00\"><a href=\"#\" style=\"color:#ffffff009\">.<\/a><\/div>\n<ul>\n<li>febbre;<\/li>\n<li>sonnolenza persistente;<\/li>\n<li>reazioni di angioedema e anafilassi;<\/li>\n<li>dolore al petto;<\/li>\n<li>lividi o sanguinamento facili;<\/li>\n<li>allucinazioni;<\/li>\n<li>battito cardiaco veloce \/ martellante \/ irregolare;<\/li>\n<li>depressione;<\/li>\n<li>reazioni di ipersensibilit\u00e0 multiorgano;<\/li>\n<li>cambiamenti mentali \/ dell\u2019umore (come allucinazioni, confusione, rari pensieri di suicidio).<\/li>\n<\/ul>\n<div class=\"su-divider su-divider-style-default\" style=\"margin:10px 0;border-width:3px;border-color:#ffffff00\"><a href=\"#\" style=\"color:#ffffff009\">.<\/a><\/div>\nQuesto non \u00e8 un elenco completo di possibili effetti negativi avversi, rari o comuni \u2013 altri possono verificarsi. Chiedi consiglio a un medico prima di prendere questo farmaco.<\/p>\n[\/vc_column][vc_column width=\u201d1\/2\u2033]\n<div class=\"su-divider su-divider-style-default\" style=\"margin:10px 0;border-width:3px;border-color:#ffffff00\"><a href=\"#\" style=\"color:#ffffff009\">.<\/a><\/div>\n<h2>Controindicazioni e precauzioni<\/h2>\n<div class=\"su-divider su-divider-style-default\" style=\"margin:10px 0;border-width:3px;border-color:#ffffff00\"><a href=\"#\" style=\"color:#ffffff009\">.<\/a><\/div>\nCome tutti i medicinali, pu\u00f2 verificarsi una possibile interazione farmacologica con modafinil. Questo farmaco \u00e8 controindicato per non essere miscelato con alcuni medicinali.<\/p>\n<p>Per esempio:<\/p>\n<div class=\"su-divider su-divider-style-default\" style=\"margin:10px 0;border-width:3px;border-color:#ffffff00\"><a href=\"#\" style=\"color:#ffffff009\">.<\/a><\/div>\n<ul>\n<li>ciclosporina (Sandimmune);<\/li>\n<li>contraccettivi ormonali (es. Micronor);<\/li>\n<li>Ketoconazolo (Nizoral);<\/li>\n<li>teofillina (Theo-24);<\/li>\n<li>warfarin (Coumadin);<\/li>\n<li>propranololo (Inderal);<\/li>\n<li>rifampicina (Rifadin);<\/li>\n<li>diazepam (Valium);<\/li>\n<li>itraconazolo (Sporanox).<\/li>\n<\/ul>\n<div class=\"su-divider su-divider-style-default\" style=\"margin:10px 0;border-width:3px;border-color:#ffffff00\"><a href=\"#\" style=\"color:#ffffff009\">.<\/a><\/div>\nQuesta non \u00e8 una lista completa. Il tuo medico specialista dovrebbe valutare il medicinale che stai usando e la malattia che hai. Consulta il tuo medico specialista prima dell\u2019allattamento.<\/p>\n<p>Inoltre, non bere alcolici durante l\u2019utilizzo di questo medicinale. Questo farmaco \u00e8 raccomandato per essere utilizzato da persone di et\u00e0 superiore ai 18 anni e, se lo assumono, non interrompere il farmaco all\u2019improvviso poich\u00e9 potresti avere sintomi di astinenza. Si consiglia di non prendere Modaheal 200 mg se si \u00e8 allergici ad esso.<\/p>\n<p>Il cibo funziona bene con questo tipo di farmaci. Puoi prenderlo a stomaco vuoto o con il cibo.<\/p>\n<div class=\"su-divider su-divider-style-default\" style=\"margin:10px 0;border-width:3px;border-color:#ffffff00\"><a href=\"#\" style=\"color:#ffffff009\">.<\/a><\/div>\n<h2>Esperienza del consumatore<\/h2>\n<div class=\"su-divider su-divider-style-default\" style=\"margin:10px 0;border-width:3px;border-color:#ffffff00\"><a href=\"#\" style=\"color:#ffffff009\">.<\/a><\/div>\nLe domande e le ricerche sul modafinil sono state ampiamente studiate e le persone che lo utilizzano riferiscono di sperimentare una maggiore efficacia. \u00c8 l\u2019ultimo farmaco per migliorare la veglia e promuovere la funzione cognitiva con una migliore produttivit\u00e0.<\/p>\n<p>Modafinil \u00e8 un farmaco cognitivo altamente valutato online come sicuro senza dipendenza sebbene siano necessari il monitoraggio e il controllo dei farmaci. Consultare sempre il proprio medico specialista prima dell\u2019uso. Diverse persone con una vita sana sperimentano effetti negativi minimi o nulli e la disponibilit\u00e0 di farmaci generici rende questo medicinale molto richiesto e facilmente accessibile da varie persone a livello globale a causa del fatto che il modafinil \u00e8 generico.<\/p>\n<div class=\"su-divider su-divider-style-default\" style=\"margin:10px 0;border-width:3px;border-color:#ffffff00\"><a href=\"#\" style=\"color:#ffffff009\">.<\/a><\/div>\n<h2>Acquista online Modaheal generico 200mg (Modafinil)<\/h2>\n<div class=\"su-divider su-divider-style-default\" style=\"margin:10px 0;border-width:3px;border-color:#ffffff00\"><a href=\"#\" style=\"color:#ffffff009\">.<\/a><\/div>\nLa precauzione dovrebbe tornare utile quando si acquistano farmaci con prescrizione o uso off-label. Ottenere droghe ad alto fabbisogno online pu\u00f2 comportare alcune esperienze indesiderate. Farmaci falsi o contraffatti vengono venduti online da siti illegittimi che agiscono come truffe.<\/p>\n<p>Se stai cercando il posto migliore per acquistare compresse Modaheal generiche a buon mercato ma di qualit\u00e0, \u00e8 sicuro acquistarlo da BuyModafinilOnline, la migliore farmacia online che offre medicinali modafinil genuini provenienti da produttori approvati senza prescrizione medica.<\/p>\n<p>Inoltre, puoi acquistare nootropi cos\u00ec popolari, come<a href=\"https:\/\/buymodafinilonline.com\/it\/smart-drug-it\/waklert-150-mg-tablets\/\"> Waklert<\/a> ,<a href=\"https:\/\/buymodafinilonline.com\/it\/smart-drug-it\/vilafinil-200-mg\/\"> Vilafinil<\/a> ,<a href=\"https:\/\/buymodafinilonline.com\/it\/smart-drug-it\/modafresh-200-mg\/\"> Modafresh<\/a> , e altri.<\/p>\n<p><a href=\"https:\/\/buymodafinilonline.com\/it\/\">AcquistaModafinilOnline<\/a> \u2013 offre farmaci modafinil senza ricetta. Il prezzo dei medicinali di questo negozio \u00e8 estremamente economico, vendendo al costo di produzione. Offre inoltre diverse opzioni di pagamento, tra cui il <a href=\"https:\/\/buymodafinilonline.com\/it\/paga-in-bitcoin\/\">bitcoin<\/a> (23% di sconto). Altre opzioni di pagamento includono PayPal e una carta di credito.<\/p>\n<p>Il<a href=\"https:\/\/buymodafinilonline.com\/it\/miglior-fornitore-modafinil-italia\/\"> spedizione<\/a> del pacco dell\u2019acquirente \u00e8 ultra veloce \u2013 in tutto il mondo \u2013 inclusi Stati Uniti, Regno Unito, Australia e Nuova Zelanda, ad eccezione di alcuni pochissimi paesi elencati. Anche in caso di mancata consegna, \u00e8 disponibile la rispedizione o il rimborso.<\/p>\n<p>Ordina Modaheal 200 mg e utilizza sconti e coupon disponibili per risparmiare pi\u00f9 soldi!<\/p>\n[\/vc_column]\n<div class=\"su-divider su-divider-style-default\" style=\"margin:10px 0;border-width:3px;border-color:#ffffff00\"><a href=\"#\" style=\"color:#ffffff009\">.<\/a><\/div>\n","protected":false},"excerpt":{"rendered":"<p>Acquista questo medicinale per promuovere la veglia e potenziare le tue funzioni cognitive. Modaheal 200 mg \u00e8 prodotto utilizzando il principio attivo &#8211; modafinil, uno dei farmaci pi\u00f9 famosi e popolari. Modaheal \u00e8 prodotto da Healing Pharma, India. Acquistarlo dal nostro negozio ti garantisce di ottenere l&#8217;approvazione medica di qualit\u00e0 per il trattamento di varie condizioni di privazione della veglia. Acquistalo a un costo molto contenuto con consegna garantita.<\/p>\n[sc name=\"s1\"]\n","protected":false},"featured_media":426128,"comment_status":"open","ping_status":"closed","template":"","meta":{"_acf_changed":false},"product_brand":[],"product_cat":[3787],"product_tag":[4028],"class_list":{"0":"post-408601","1":"product","2":"type-product","3":"status-publish","4":"has-post-thumbnail","6":"product_cat-marchi-smart-drugs","7":"product_tag-modafinil-it","9":"first","10":"instock","11":"sale","12":"shipping-taxable","13":"purchasable","14":"product-type-variable","15":"has-default-attributes"},"acf":[],"yoast_head":"<!-- This site is optimized with the Yoast SEO Premium plugin v23.6 (Yoast SEO v27.5) - https:\/\/yoast.com\/product\/yoast-seo-premium-wordpress\/ -->\n<title>Acquista Modaheal 200 mg (Modafinil) Farmaci OTC - BuyModafinilOnline<\/title>\n<meta name=\"description\" content=\"Acquista online Modaheal 200 mg compresse senza Rx presso la farmacia BuyModafinilOnline. Paga con Bitcoin e ottieni uno sconto garantito del 23% sull&#039;acquisto di farmaci Modaheal 200mg!\" \/>\n<meta name=\"robots\" content=\"index, follow, max-snippet:-1, max-image-preview:large, max-video-preview:-1\" \/>\n<link rel=\"canonical\" href=\"https:\/\/buymodafinilonline.com\/it\/smart-drug-it\/modaheal-200-mg\/\" \/>\n<meta property=\"og:locale\" content=\"it_IT\" \/>\n<meta property=\"og:type\" content=\"article\" \/>\n<meta property=\"og:title\" content=\"Modaheal 200 mg\" \/>\n<meta property=\"og:description\" content=\"Acquista online Modaheal 200 mg compresse senza Rx presso la farmacia BuyModafinilOnline. Paga con Bitcoin e ottieni uno sconto garantito del 23% sull&#039;acquisto di farmaci Modaheal 200mg!\" \/>\n<meta property=\"og:url\" content=\"https:\/\/buymodafinilonline.com\/it\/smart-drug-it\/modaheal-200-mg\/\" \/>\n<meta property=\"og:site_name\" content=\"BuyModafinilOnline.com\" \/>\n<meta property=\"article:modified_time\" content=\"2025-04-22T09:02:36+00:00\" \/>\n<meta property=\"og:image\" content=\"https:\/\/buymodafinilonline.com\/wp-content\/uploads\/2021\/09\/bmo-product-modaheal-new.png\" \/>\n\t<meta property=\"og:image:width\" content=\"1280\" \/>\n\t<meta property=\"og:image:height\" content=\"1500\" \/>\n\t<meta property=\"og:image:type\" content=\"image\/png\" \/>\n<meta name=\"twitter:label1\" content=\"Tempo di lettura stimato\" \/>\n\t<meta name=\"twitter:data1\" content=\"4 minuti\" \/>\n<script type=\"application\/ld+json\" class=\"yoast-schema-graph\">{\"@context\":\"https:\\\/\\\/schema.org\",\"@graph\":[{\"@type\":\"WebPage\",\"@id\":\"https:\\\/\\\/buymodafinilonline.com\\\/it\\\/smart-drug-it\\\/modaheal-200-mg\\\/\",\"url\":\"https:\\\/\\\/buymodafinilonline.com\\\/it\\\/smart-drug-it\\\/modaheal-200-mg\\\/\",\"name\":\"Acquista Modaheal 200 mg (Modafinil) Farmaci OTC - BuyModafinilOnline\",\"isPartOf\":{\"@id\":\"https:\\\/\\\/buymodafinilonline.com\\\/it\\\/#website\"},\"primaryImageOfPage\":{\"@id\":\"https:\\\/\\\/buymodafinilonline.com\\\/it\\\/smart-drug-it\\\/modaheal-200-mg\\\/#primaryimage\"},\"image\":{\"@id\":\"https:\\\/\\\/buymodafinilonline.com\\\/it\\\/smart-drug-it\\\/modaheal-200-mg\\\/#primaryimage\"},\"thumbnailUrl\":\"https:\\\/\\\/buymodafinilonline.com\\\/wp-content\\\/uploads\\\/2021\\\/09\\\/bmo-product-modaheal-new.png\",\"datePublished\":\"2020-11-08T16:10:53+00:00\",\"dateModified\":\"2025-04-22T09:02:36+00:00\",\"description\":\"Acquista online Modaheal 200 mg compresse senza Rx presso la farmacia BuyModafinilOnline. Paga con Bitcoin e ottieni uno sconto garantito del 23% sull'acquisto di farmaci Modaheal 200mg!\",\"breadcrumb\":{\"@id\":\"https:\\\/\\\/buymodafinilonline.com\\\/it\\\/smart-drug-it\\\/modaheal-200-mg\\\/#breadcrumb\"},\"inLanguage\":\"it-IT\",\"potentialAction\":[{\"@type\":\"ReadAction\",\"target\":[\"https:\\\/\\\/buymodafinilonline.com\\\/it\\\/smart-drug-it\\\/modaheal-200-mg\\\/\"]}]},{\"@type\":\"ImageObject\",\"inLanguage\":\"it-IT\",\"@id\":\"https:\\\/\\\/buymodafinilonline.com\\\/it\\\/smart-drug-it\\\/modaheal-200-mg\\\/#primaryimage\",\"url\":\"https:\\\/\\\/buymodafinilonline.com\\\/wp-content\\\/uploads\\\/2021\\\/09\\\/bmo-product-modaheal-new.png\",\"contentUrl\":\"https:\\\/\\\/buymodafinilonline.com\\\/wp-content\\\/uploads\\\/2021\\\/09\\\/bmo-product-modaheal-new.png\",\"width\":1280,\"height\":1500,\"caption\":\"Modaheal 200 mg\"},{\"@type\":\"BreadcrumbList\",\"@id\":\"https:\\\/\\\/buymodafinilonline.com\\\/it\\\/smart-drug-it\\\/modaheal-200-mg\\\/#breadcrumb\",\"itemListElement\":[{\"@type\":\"ListItem\",\"position\":1,\"name\":\"Buy Modafinil Online\",\"item\":\"https:\\\/\\\/buymodafinilonline.com\\\/it\\\/\"},{\"@type\":\"ListItem\",\"position\":2,\"name\":\"Negozio\",\"item\":\"https:\\\/\\\/buymodafinilonline.com\\\/it\\\/negozio\\\/\"},{\"@type\":\"ListItem\",\"position\":3,\"name\":\"Marchi Smart Drugs\",\"item\":\"https:\\\/\\\/buymodafinilonline.com\\\/it\\\/categoria-di-prodotto\\\/marchi-smart-drugs\\\/\"},{\"@type\":\"ListItem\",\"position\":4,\"name\":\"Modaheal 200 mg\"}]},{\"@type\":\"WebSite\",\"@id\":\"https:\\\/\\\/buymodafinilonline.com\\\/it\\\/#website\",\"url\":\"https:\\\/\\\/buymodafinilonline.com\\\/it\\\/\",\"name\":\"BuyModafinilOnline.com\",\"description\":\"Modafinil Online Pharmacy\",\"publisher\":{\"@id\":\"https:\\\/\\\/buymodafinilonline.com\\\/it\\\/#organization\"},\"potentialAction\":[{\"@type\":\"SearchAction\",\"target\":{\"@type\":\"EntryPoint\",\"urlTemplate\":\"https:\\\/\\\/buymodafinilonline.com\\\/it\\\/?s={search_term_string}\"},\"query-input\":{\"@type\":\"PropertyValueSpecification\",\"valueRequired\":true,\"valueName\":\"search_term_string\"}}],\"inLanguage\":\"it-IT\"},{\"@type\":\"Organization\",\"@id\":\"https:\\\/\\\/buymodafinilonline.com\\\/it\\\/#organization\",\"name\":\"BuyModafinilOnline\",\"url\":\"https:\\\/\\\/buymodafinilonline.com\\\/it\\\/\",\"logo\":{\"@type\":\"ImageObject\",\"inLanguage\":\"it-IT\",\"@id\":\"https:\\\/\\\/buymodafinilonline.com\\\/it\\\/#\\\/schema\\\/logo\\\/image\\\/\",\"url\":\"https:\\\/\\\/buymodafinilonline.com\\\/wp-content\\\/uploads\\\/2020\\\/04\\\/logo-buy-modafinil-online-yellow.png\",\"contentUrl\":\"https:\\\/\\\/buymodafinilonline.com\\\/wp-content\\\/uploads\\\/2020\\\/04\\\/logo-buy-modafinil-online-yellow.png\",\"width\":200,\"height\":200,\"caption\":\"BuyModafinilOnline\"},\"image\":{\"@id\":\"https:\\\/\\\/buymodafinilonline.com\\\/it\\\/#\\\/schema\\\/logo\\\/image\\\/\"}}]}<\/script>\n<!-- \/ Yoast SEO Premium plugin. -->","yoast_head_json":{"title":"Acquista Modaheal 200 mg (Modafinil) Farmaci OTC - BuyModafinilOnline","description":"Acquista online Modaheal 200 mg compresse senza Rx presso la farmacia BuyModafinilOnline. Paga con Bitcoin e ottieni uno sconto garantito del 23% sull'acquisto di farmaci Modaheal 200mg!","robots":{"index":"index","follow":"follow","max-snippet":"max-snippet:-1","max-image-preview":"max-image-preview:large","max-video-preview":"max-video-preview:-1"},"canonical":"https:\/\/buymodafinilonline.com\/it\/smart-drug-it\/modaheal-200-mg\/","og_locale":"it_IT","og_type":"article","og_title":"Modaheal 200 mg","og_description":"Acquista online Modaheal 200 mg compresse senza Rx presso la farmacia BuyModafinilOnline. Paga con Bitcoin e ottieni uno sconto garantito del 23% sull'acquisto di farmaci Modaheal 200mg!","og_url":"https:\/\/buymodafinilonline.com\/it\/smart-drug-it\/modaheal-200-mg\/","og_site_name":"BuyModafinilOnline.com","article_modified_time":"2025-04-22T09:02:36+00:00","og_image":[{"width":1280,"height":1500,"url":"https:\/\/buymodafinilonline.com\/wp-content\/uploads\/2021\/09\/bmo-product-modaheal-new.png","type":"image\/png"}],"twitter_misc":{"Tempo di lettura stimato":"4 minuti"},"schema":{"@context":"https:\/\/schema.org","@graph":[{"@type":"WebPage","@id":"https:\/\/buymodafinilonline.com\/it\/smart-drug-it\/modaheal-200-mg\/","url":"https:\/\/buymodafinilonline.com\/it\/smart-drug-it\/modaheal-200-mg\/","name":"Acquista Modaheal 200 mg (Modafinil) Farmaci OTC - BuyModafinilOnline","isPartOf":{"@id":"https:\/\/buymodafinilonline.com\/it\/#website"},"primaryImageOfPage":{"@id":"https:\/\/buymodafinilonline.com\/it\/smart-drug-it\/modaheal-200-mg\/#primaryimage"},"image":{"@id":"https:\/\/buymodafinilonline.com\/it\/smart-drug-it\/modaheal-200-mg\/#primaryimage"},"thumbnailUrl":"https:\/\/buymodafinilonline.com\/wp-content\/uploads\/2021\/09\/bmo-product-modaheal-new.png","datePublished":"2020-11-08T16:10:53+00:00","dateModified":"2025-04-22T09:02:36+00:00","description":"Acquista online Modaheal 200 mg compresse senza Rx presso la farmacia BuyModafinilOnline. Paga con Bitcoin e ottieni uno sconto garantito del 23% sull'acquisto di farmaci Modaheal 200mg!","breadcrumb":{"@id":"https:\/\/buymodafinilonline.com\/it\/smart-drug-it\/modaheal-200-mg\/#breadcrumb"},"inLanguage":"it-IT","potentialAction":[{"@type":"ReadAction","target":["https:\/\/buymodafinilonline.com\/it\/smart-drug-it\/modaheal-200-mg\/"]}]},{"@type":"ImageObject","inLanguage":"it-IT","@id":"https:\/\/buymodafinilonline.com\/it\/smart-drug-it\/modaheal-200-mg\/#primaryimage","url":"https:\/\/buymodafinilonline.com\/wp-content\/uploads\/2021\/09\/bmo-product-modaheal-new.png","contentUrl":"https:\/\/buymodafinilonline.com\/wp-content\/uploads\/2021\/09\/bmo-product-modaheal-new.png","width":1280,"height":1500,"caption":"Modaheal 200 mg"},{"@type":"BreadcrumbList","@id":"https:\/\/buymodafinilonline.com\/it\/smart-drug-it\/modaheal-200-mg\/#breadcrumb","itemListElement":[{"@type":"ListItem","position":1,"name":"Buy Modafinil Online","item":"https:\/\/buymodafinilonline.com\/it\/"},{"@type":"ListItem","position":2,"name":"Negozio","item":"https:\/\/buymodafinilonline.com\/it\/negozio\/"},{"@type":"ListItem","position":3,"name":"Marchi Smart Drugs","item":"https:\/\/buymodafinilonline.com\/it\/categoria-di-prodotto\/marchi-smart-drugs\/"},{"@type":"ListItem","position":4,"name":"Modaheal 200 mg"}]},{"@type":"WebSite","@id":"https:\/\/buymodafinilonline.com\/it\/#website","url":"https:\/\/buymodafinilonline.com\/it\/","name":"BuyModafinilOnline.com","description":"Modafinil Online Pharmacy","publisher":{"@id":"https:\/\/buymodafinilonline.com\/it\/#organization"},"potentialAction":[{"@type":"SearchAction","target":{"@type":"EntryPoint","urlTemplate":"https:\/\/buymodafinilonline.com\/it\/?s={search_term_string}"},"query-input":{"@type":"PropertyValueSpecification","valueRequired":true,"valueName":"search_term_string"}}],"inLanguage":"it-IT"},{"@type":"Organization","@id":"https:\/\/buymodafinilonline.com\/it\/#organization","name":"BuyModafinilOnline","url":"https:\/\/buymodafinilonline.com\/it\/","logo":{"@type":"ImageObject","inLanguage":"it-IT","@id":"https:\/\/buymodafinilonline.com\/it\/#\/schema\/logo\/image\/","url":"https:\/\/buymodafinilonline.com\/wp-content\/uploads\/2020\/04\/logo-buy-modafinil-online-yellow.png","contentUrl":"https:\/\/buymodafinilonline.com\/wp-content\/uploads\/2020\/04\/logo-buy-modafinil-online-yellow.png","width":200,"height":200,"caption":"BuyModafinilOnline"},"image":{"@id":"https:\/\/buymodafinilonline.com\/it\/#\/schema\/logo\/image\/"}}]}},"_links":{"self":[{"href":"https:\/\/buymodafinilonline.com\/it\/wp-json\/wp\/v2\/product\/408601","targetHints":{"allow":["GET"]}}],"collection":[{"href":"https:\/\/buymodafinilonline.com\/it\/wp-json\/wp\/v2\/product"}],"about":[{"href":"https:\/\/buymodafinilonline.com\/it\/wp-json\/wp\/v2\/types\/product"}],"replies":[{"embeddable":true,"href":"https:\/\/buymodafinilonline.com\/it\/wp-json\/wp\/v2\/comments?post=408601"}],"wp:featuredmedia":[{"embeddable":true,"href":"https:\/\/buymodafinilonline.com\/it\/wp-json\/wp\/v2\/media\/426128"}],"wp:attachment":[{"href":"https:\/\/buymodafinilonline.com\/it\/wp-json\/wp\/v2\/media?parent=408601"}],"wp:term":[{"taxonomy":"product_brand","embeddable":true,"href":"https:\/\/buymodafinilonline.com\/it\/wp-json\/wp\/v2\/product_brand?post=408601"},{"taxonomy":"product_cat","embeddable":true,"href":"https:\/\/buymodafinilonline.com\/it\/wp-json\/wp\/v2\/product_cat?post=408601"},{"taxonomy":"product_tag","embeddable":true,"href":"https:\/\/buymodafinilonline.com\/it\/wp-json\/wp\/v2\/product_tag?post=408601"}],"curies":[{"name":"wp","href":"https:\/\/api.w.org\/{rel}","templated":true}]}}